{"id":3268,"date":"2023-09-25T02:03:50","date_gmt":"2023-09-25T02:03:50","guid":{"rendered":"https:\/\/bonprix-dz.com\/?post_type=product&#038;p=3268"},"modified":"2025-09-25T08:57:06","modified_gmt":"2025-09-25T08:57:06","slug":"p9-casque-bluetooth","status":"publish","type":"product","link":"https:\/\/bonprix-dz.com\/?product=p9-casque-bluetooth","title":{"rendered":"P9-Casque Bluetooth"},"content":{"rendered":"<header class=\"-pvs -bb\">\n<h2 class=\"-fs20 -m -phm -pvxs\"><span style=\"vertical-align: inherit;\"><span style=\"vertical-align: inherit;\">\u062a\u0641\u0627\u0635\u064a\u0644<\/span><\/span><\/h2>\n<\/header>\n<div class=\"markup -mhm -pvl -oxa -sc\"><span style=\"vertical-align: inherit;\"><span style=\"vertical-align: inherit;\">\u0627\u0633\u062a\u0645\u062a\u0639 \u0628\u062c\u0648\u062f\u0629 \u0635\u0648\u062a \u0645\u0639 \u0633\u0645\u0627\u0639\u0629 \u0627\u0644\u0623\u0630\u0646 P9 \u062f\u0648\u0646 \u0627\u0644\u0642\u0644\u0642 \u0648\u0643\u0630\u0644\u0643 \u0627\u0644\u0627\u062a\u0635\u0627\u0644 \u0623\u0648 \u0627\u0644\u0636\u0648\u0636\u0627\u0621. <\/span><span style=\"vertical-align: inherit;\">\u0647\u0644 \u062a\u0631\u063a\u0628 \u0641\u064a \u062a\u0630\u0648\u0642 \u0623\u063a\u0627\u0646\u064a\u0643 \u0628\u0634\u0643\u0644 \u0623\u0641\u0636\u0644 \u0623\u062b\u0646\u0627\u0621 \u0627\u0644\u0627\u0633\u062a\u0645\u0627\u0639 \u0625\u0644\u0649 \u0627\u0644\u0646\u063a\u0645\u0627\u062a\u061b <\/span><span style=\"vertical-align: inherit;\">\u0644\u0630\u0644\u0643 \u0636\u0639 \u0627\u0644\u0637\u0644\u0628 \u0628\u0633\u0631\u0639\u0629. <\/span><\/span><br \/>\n<b><span style=\"vertical-align: inherit;\"><span style=\"vertical-align: inherit;\">\u062a\u0641\u0627\u0635\u064a\u0644 \u0627\u0644\u0645\u0646\u062a\u062c:<\/span><\/span><\/b><b><br \/>\n<\/b><\/p>\n<ul>\n<li><span style=\"vertical-align: inherit;\"><span style=\"vertical-align: inherit;\">\u0628\u0635\u0648\u062a \u0644\u0627 \u064a\u0635\u062f\u0642.<\/span><\/span><\/li>\n<li><span style=\"vertical-align: inherit;\"><span style=\"vertical-align: inherit;\">\u0645\u0639 \u0633\u0645\u0627\u0639\u0629 \u0627\u0644\u0631\u0623\u0633 P9 Bluetooth\u060c \u0623\u0635\u0628\u062d \u0627\u0644\u0639\u0628\u062b \u0628\u0627\u0644\u0623\u0633\u0644\u0627\u0643 \u063a\u064a\u0631 \u0648\u0627\u0631\u062f.<\/span><\/span><\/li>\n<li><span style=\"vertical-align: inherit;\"><span style=\"vertical-align: inherit;\">\u062a\u062a\u064a\u062d \u0644\u0643 \u0635\u0648\u062a aptX \u0628\u062b \u0627\u0644\u0645\u0648\u0633\u064a\u0642\u0649 \u0628\u062c\u0648\u062f\u0629 \u0635\u0648\u062a \u0645\u0633\u062a\u0648\u062d\u0627\u0629 \u0645\u0646 \u0623\u0635\u0648\u0644 \u063a\u0631\u0628\u064a\u0629<\/span><\/span><\/li>\n<li><span style=\"vertical-align: inherit;\"><span style=\"vertical-align: inherit;\">\u0645\u0633\u0627\u062d\u0629 \u0635\u0648\u062a\u064a\u0629 \u0648\u0627\u0633\u0639\u0629 \u0628\u062f\u0642\u0629 \u0648\u0648\u0636\u0648\u062d \u062b\u0627\u0628\u062a\u064a\u0646 \u0639\u0628\u0631 \u0646\u0637\u0627\u0642 \u0648\u0627\u0633\u0639 \u0648\u064a\u0645\u0643\u0646. <\/span><span style=\"vertical-align: inherit;\">\u062a\u0639\u0645\u0644 \u062a\u0642\u0646\u064a\u0627\u062a BassUp \u0627\u0644\u062d\u0635\u0631\u064a\u0629\u060c \u0627\u0644\u062a\u064a \u062a\u0639\u0645\u0644 \u0639\u0644\u0649 \u062a\u062c\u0645\u064a\u062f \u0627\u0644\u062a\u0631\u062f\u062f\u0627\u062a \u0627\u0644\u0645\u0646\u062e\u0641\u0636\u0629 \u0641\u064a \u0627\u0644\u0648\u0642\u062a \u0627\u0644\u0641\u0639\u0644\u064a \u0648\u062a\u0639\u0632\u0632\u0647\u0627 \u0639\u0644\u0649 \u0627\u0644\u0641\u0648\u0631\u060c \u0639\u0644\u0649 \u0627\u0644\u0635\u0648\u062a \u0627\u0644\u062c\u0647\u064a\u0631 \u0628\u0646\u0633\u0628\u0629 \u062a\u0635\u0644 \u0625\u0644\u0649 43%<\/span><\/span><\/li>\n<li><span style=\"vertical-align: inherit;\"><span style=\"vertical-align: inherit;\">\u0633\u0645\u0627\u0639\u0629 \u0628\u0644\u0648\u062a\u0648\u062b \u0644\u0627\u0633\u0644\u0643\u064a\u0629 P9<\/span><\/span><\/li>\n<\/ul>\n<\/div>\n","protected":false},"excerpt":{"rendered":"<p>\u062a\u0641\u0627\u0635\u064a\u0644 \u0627\u0633\u062a\u0645\u062a\u0639 \u0628\u062c\u0648\u062f\u0629 \u0635\u0648\u062a \u0645\u0639 \u0633\u0645\u0627\u0639\u0629 \u0627\u0644\u0623\u0630\u0646 P9 \u062f\u0648\u0646 \u0627\u0644\u0642\u0644\u0642 \u0648\u0643\u0630\u0644\u0643 \u0627\u0644\u0627\u062a\u0635\u0627\u0644 \u0623\u0648 \u0627\u0644\u0636\u0648\u0636\u0627\u0621. \u0647\u0644 \u062a\u0631\u063a\u0628 \u0641\u064a \u062a\u0630\u0648\u0642 \u0623\u063a\u0627\u0646\u064a\u0643 \u0628\u0634\u0643\u0644<\/p>\n","protected":false},"featured_media":3303,"comment_status":"open","ping_status":"closed","template":"","meta":{"om_disable_all_campaigns":false,"_monsterinsights_skip_tracking":false,"_monsterinsights_sitenote_active":false,"_monsterinsights_sitenote_note":"","_monsterinsights_sitenote_category":0,"iawp_total_views":113},"product_cat":[39],"product_tag":[],"class_list":{"0":"post-3268","1":"product","2":"type-product","3":"status-publish","4":"has-post-thumbnail","6":"product_cat-headphone","8":"first","9":"instock","10":"taxable","11":"shipping-taxable","12":"purchasable","13":"product-type-simple"},"aioseo_notices":[],"jetpack-related-posts":[{"id":3419,"url":"https:\/\/bonprix-dz.com\/?product=lenovo-lp80-5-0","url_meta":{"origin":3268,"position":0},"title":"LENOVO LP80 5.0","author":"bonprix-dz.com","date":"\u0623\u0643\u062a\u0648\u0628\u0631 22, 2023","format":false,"excerpt":"\u0647\u064a \u0633\u0645\u0627\u0639\u0629 \u0623\u0630\u0646 \u0628\u0644\u0648\u062a\u0648\u062b \u0644\u0627\u0633\u0644\u0643\u064a\u0629 \u0645\u0639 \u0627\u0644\u0639\u062f\u064a\u062f \u0645\u0646 \u0627\u0644\u0645\u064a\u0632\u0627\u062a \u0627\u0644\u0631\u0627\u0626\u0639\u0629 \u0645\u062b\u0644 \u0627\u0646\u062e\u0641\u0627\u0636 \u0627\u0633\u062a\u0647\u0644\u0627\u0643 \u0627\u0644\u0637\u0627\u0642\u0629 \u060c \u0648\u0627\u0644\u0627\u062a\u0635\u0627\u0644 \u0627\u0644\u0633\u0631\u064a\u0639 \u060c \u0648\u062a\u0623\u062e\u064a\u0631 \u0627\u0644\u0644\u0639\u0628\u0629 \u0627\u0644\u0645\u0646\u062e\u0641\u0636 \u060c \u0648\u0643\u0641\u0627\u0621\u0629 \u0627\u0644\u0646\u0642\u0644 \u0639\u0627\u0644\u064a \u0627\u0644\u0633\u0631\u0639\u0629 \u060c \u0648\u0645\u0632\u0627\u0645\u0646\u0629 \u0627\u0644\u0635\u0648\u0631 \u0648\u0627\u0644\u0635\u0648\u062a \u0627\u0644\u0648\u0627\u0636\u062d \u060c \u0628\u0627\u0644\u0625\u0636\u0627\u0641\u0629 \u0625\u0644\u0649 \u0634\u0631\u064a\u062d\u0629 Bluetooth 5.0. \u064a\u062d\u062a\u0648\u064a \u0639\u0644\u0649 \u0645\u0643\u0628\u0631 \u0635\u0648\u062a \u062f\u064a\u0646\u0627\u0645\u064a\u0643\u064a 13 \u0645\u0644\u0645 \u0644\u062a\u0633\u062a\u0645\u062a\u0639 \u0628\u0627\u0644\u0645\u0648\u0633\u064a\u0642\u0649 \u062b\u0644\u0627\u062b\u064a\u0629 \u0627\u0644\u0623\u0628\u0639\u0627\u062f \u0627\u0644\u0645\u062d\u064a\u0637\u0629. \u0639\u0644\u0627\u0648\u0629\u2026","rel":"","context":"\u062a\u062f\u0648\u064a\u0646\u0629 \u0645\u0634\u0627\u0628\u0647\u0629","block_context":{"text":"\u062a\u062f\u0648\u064a\u0646\u0629 \u0645\u0634\u0627\u0628\u0647\u0629","link":""},"img":{"alt_text":"","src":"https:\/\/i0.wp.com\/bonprix-dz.com\/wp-content\/uploads\/2023\/10\/11950411401342134565.jpg?fit=800%2C800&ssl=1&resize=350%2C200","width":350,"height":200,"srcset":"https:\/\/i0.wp.com\/bonprix-dz.com\/wp-content\/uploads\/2023\/10\/11950411401342134565.jpg?fit=800%2C800&ssl=1&resize=350%2C200 1x, https:\/\/i0.wp.com\/bonprix-dz.com\/wp-content\/uploads\/2023\/10\/11950411401342134565.jpg?fit=800%2C800&ssl=1&resize=525%2C300 1.5x, https:\/\/i0.wp.com\/bonprix-dz.com\/wp-content\/uploads\/2023\/10\/11950411401342134565.jpg?fit=800%2C800&ssl=1&resize=700%2C400 2x"},"classes":[]},{"id":3094,"url":"https:\/\/bonprix-dz.com\/?product=m28-led-%d8%b3%d9%85%d8%a7%d8%b9%d8%a9","url_meta":{"origin":3268,"position":1},"title":"M28 LED \u0633\u0645\u0627\u0639\u0629","author":"bonprix-dz.com","date":"\u0633\u0628\u062a\u0645\u0628\u0631 14, 2023","format":false,"excerpt":"\u0645\u064a\u0632\u0629: 1. \u0634\u0631\u064a\u062d\u0629 \u0644\u0627\u0633\u0644\u0643\u064a\u0629: \u062a\u0639\u062a\u0645\u062f \u0633\u0645\u0627\u0639\u0629 \u0627\u0644\u0631\u0623\u0633 \u0631\u0642\u0627\u0642\u0629 v5.1 \u0645\u062a\u0648\u0627\u0641\u0642\u0629 \u0645\u0639 \u0628\u0644\u0648\u062a\u0648\u062b \u060c \u0648\u0627\u0644\u062a\u064a \u0644\u062f\u064a\u0647\u0627 \u0627\u0644\u0643\u0645\u0648\u0646 \u0627\u0644\u0645\u0646\u062e\u0641\u0636 \u0648\u0627\u0644\u0627\u0633\u062a\u0631\u064a\u0648 \u0627\u0644\u062d\u0633\u0627\u0633\u0629 \u060c \u0645\u0645\u0627 \u064a\u062a\u064a\u062d \u0644\u0643 \u062a\u062c\u0631\u0628\u0629 \u0623\u0644\u0639\u0627\u0628 \u062c\u064a\u062f\u0629. 2. \u0627\u0644\u062d\u062f \u0645\u0646 \u0627\u0644\u0636\u0648\u0636\u0627\u0621 \u0648\u0639\u062f\u0645 \u0627\u0644\u0627\u0646\u0632\u0644\u0627\u0642: \u0633\u0645\u0627\u0639\u0627\u062a \u0627\u0644\u0623\u0630\u0646 \u064a\u0645\u0643\u0646 \u0623\u0646 \u062a\u0642\u0644\u0644 \u0628\u0634\u0643\u0644 \u0641\u0639\u0627\u0644 \u0645\u0646 \u0627\u0644\u0636\u0648\u0636\u0627\u0621 \u060c \u0648\u0644\u0627 \u062f\u0627\u0639\u064a \u0644\u0644\u0642\u0644\u0642 \u062d\u0648\u0644 \u0627\u0644\u0627\u0646\u0632\u0644\u0627\u0642 \u0623\u0648 \u0627\u0644\u0633\u0642\u0648\u0637 \u0639\u0646\u062f\u2026","rel":"","context":"\u062a\u062f\u0648\u064a\u0646\u0629 \u0645\u0634\u0627\u0628\u0647\u0629","block_context":{"text":"\u062a\u062f\u0648\u064a\u0646\u0629 \u0645\u0634\u0627\u0628\u0647\u0629","link":""},"img":{"alt_text":"","src":"https:\/\/i0.wp.com\/bonprix-dz.com\/wp-content\/uploads\/2023\/09\/m2888888.jpg?fit=1000%2C1000&ssl=1&resize=350%2C200","width":350,"height":200,"srcset":"https:\/\/i0.wp.com\/bonprix-dz.com\/wp-content\/uploads\/2023\/09\/m2888888.jpg?fit=1000%2C1000&ssl=1&resize=350%2C200 1x, https:\/\/i0.wp.com\/bonprix-dz.com\/wp-content\/uploads\/2023\/09\/m2888888.jpg?fit=1000%2C1000&ssl=1&resize=525%2C300 1.5x, https:\/\/i0.wp.com\/bonprix-dz.com\/wp-content\/uploads\/2023\/09\/m2888888.jpg?fit=1000%2C1000&ssl=1&resize=700%2C400 2x"},"classes":[]},{"id":3314,"url":"https:\/\/bonprix-dz.com\/?product=x15-gaming-earphone","url_meta":{"origin":3268,"position":2},"title":"X15 Gaming Earphone","author":"bonprix-dz.com","date":"\u0633\u0628\u062a\u0645\u0628\u0631 26, 2023","format":false,"excerpt":"\u0646\u0638\u0631\u0629 \u0639\u0627\u0645\u0629 \u2022 \u0632\u0645\u0646 \u0627\u0633\u062a\u062c\u0627\u0628\u0629 \u0645\u0646\u062e\u0641\u0636 \u0645\u0646 65Ms :\u0627\u0633\u062a\u0645\u062a\u0639 \u0628\u0635\u0648\u062a \u0633\u0644\u0633 \u0645\u0639 \u0632\u0645\u0646 \u0627\u0633\u062a\u062c\u0627\u0628\u0629 \u0645\u0646\u062e\u0641\u0636 65 \u0645\u0644\u0644\u064a \u062b\u0627\u0646\u064a\u0629 \u060c \u0645\u0645\u0627 \u064a\u0636\u0645\u0646 \u0639\u062f\u0645 \u062a\u0641\u0648\u064a\u062a \u0623\u064a \u0636\u0631\u0628\u0627\u062a. \u2022 \u0627\u062a\u0635\u0627\u0644 \u0644\u0627\u0633\u0644\u0643\u064a \u0628\u0644\u0648\u062a\u0648\u062b :\u0642\u0644 \u0648\u062f\u0627\u0639\u064b\u0627 \u0644\u0644\u0623\u0633\u0644\u0627\u0643 \u0627\u0644\u0634\u0627\u0626\u0643\u0629 \u0648\u0627\u0633\u062a\u0645\u062a\u0639 \u0628\u062d\u0631\u064a\u0629 \u0627\u0644\u0627\u062a\u0635\u0627\u0644 \u0627\u0644\u0644\u0627\u0633\u0644\u0643\u064a \u0645\u0639 \u0627\u0644\u0628\u0644\u0648\u062a\u0648\u062b. \u2022 \u062a\u0635\u0645\u064a\u0645 \u062f\u0627\u062e\u0644 \u0627\u0644\u0623\u0630\u0646 :\u0627\u062d\u0635\u0644 \u0639\u0644\u0649 \u062a\u0646\u0627\u0633\u0628 \u0645\u0631\u064a\u062d \u0648\u0622\u0645\u0646 \u0645\u0639 \u062a\u0635\u0645\u064a\u0645\u2026","rel":"","context":"\u062a\u062f\u0648\u064a\u0646\u0629 \u0645\u0634\u0627\u0628\u0647\u0629","block_context":{"text":"\u062a\u062f\u0648\u064a\u0646\u0629 \u0645\u0634\u0627\u0628\u0647\u0629","link":""},"img":{"alt_text":"","src":"https:\/\/i0.wp.com\/bonprix-dz.com\/wp-content\/uploads\/2023\/09\/28513606236144618.jpg?fit=800%2C800&ssl=1&resize=350%2C200","width":350,"height":200,"srcset":"https:\/\/i0.wp.com\/bonprix-dz.com\/wp-content\/uploads\/2023\/09\/28513606236144618.jpg?fit=800%2C800&ssl=1&resize=350%2C200 1x, https:\/\/i0.wp.com\/bonprix-dz.com\/wp-content\/uploads\/2023\/09\/28513606236144618.jpg?fit=800%2C800&ssl=1&resize=525%2C300 1.5x, https:\/\/i0.wp.com\/bonprix-dz.com\/wp-content\/uploads\/2023\/09\/28513606236144618.jpg?fit=800%2C800&ssl=1&resize=700%2C400 2x"},"classes":[]},{"id":370,"url":"https:\/\/bonprix-dz.com\/?product=eames-plastic-side-chair","url_meta":{"origin":3268,"position":3},"title":"M10 TWS \u0633\u0645\u0627\u0639\u0627\u062a \u0628\u0644\u0648\u062a\u0648\u062b \u0644\u0627\u0633\u0644\u0643\u064a\u0629","author":"bonprix-dz.com","date":"\u064a\u0648\u0646\u064a\u0648 22, 2017","format":false,"excerpt":"\u0633\u0645\u0627\u0639\u0627\u062a \u0628\u0644\u0648\u062a\u0648\u062b \u0644\u0627\u0633\u0644\u0643\u064a\u0629 V5.1 M10 TWS \u0648 POWER BANK \u0641\u064a \u0646\u0641\u0633 \u0627\u0644\u0648\u0642\u062a \u0644\u0644\u0647\u0648\u0627\u062a\u0641 \u0627\u0644\u0630\u0643\u064a\u0629 \u0648\u0633\u0645\u0627\u0639\u0627\u062a \u0627\u0644\u0623\u0630\u0646 \u062c\u0648\u062f\u0629 \u0635\u0648\u062a M10 PRO HD: \u0645\u0639 \u062a\u0642\u0646\u064a\u0629 CVC8.0 \u0648 DSP \u0644\u062a\u0642\u0644\u064a\u0644 \u0627\u0644\u0636\u0648\u0636\u0627\u0621 \u0627\u0644\u0645\u0632\u062f\u0648\u062c\u0629 \u060c \u062a\u0643\u0648\u0646 \u0627\u0644\u0645\u0643\u0627\u0644\u0645\u0627\u062a \u0628\u0643\u0644\u062a\u0627 \u0627\u0644\u0623\u0630\u0646\u064a\u0646 \u0648\u0627\u0636\u062d\u0629 \u0645\u062b\u0644 \u0627\u0644\u0645\u062d\u0627\u062f\u062b\u0627\u062a \u0648\u062c\u0647\u064b\u0627 \u0644\u0648\u062c\u0647. \u062a\u062c\u0631\u0628\u0629 \u0627\u0644\u0627\u0633\u062a\u0645\u0627\u0639. SIRI Voice Assistant: \u0627\u0636\u063a\u0637 \u0644\u0641\u062a\u0631\u0629 \u0637\u0648\u064a\u0644\u0629 \u0644\u0645\u062f\u0629 \u062b\u0627\u0646\u064a\u062a\u064a\u0646 \u0644\u0644\u0627\u062a\u0635\u0627\u0644\u2026","rel":"","context":"\u062a\u062a\u0636\u0645\u0646 1 \u0645\u0646 \u0627\u0644\u062a\u0639\u0644\u064a\u0642\u0627\u062a","block_context":{"text":"\u062a\u062a\u0636\u0645\u0646 1 \u0645\u0646 \u0627\u0644\u062a\u0639\u0644\u064a\u0642\u0627\u062a","link":"https:\/\/bonprix-dz.com\/?product=eames-plastic-side-chair#comments"},"img":{"alt_text":"","src":"https:\/\/i0.wp.com\/bonprix-dz.com\/wp-content\/uploads\/2017\/06\/S625b9cd5c0774297a113d14cbc01fcc8h.jpg?fit=800%2C800&ssl=1&resize=350%2C200","width":350,"height":200,"srcset":"https:\/\/i0.wp.com\/bonprix-dz.com\/wp-content\/uploads\/2017\/06\/S625b9cd5c0774297a113d14cbc01fcc8h.jpg?fit=800%2C800&ssl=1&resize=350%2C200 1x, https:\/\/i0.wp.com\/bonprix-dz.com\/wp-content\/uploads\/2017\/06\/S625b9cd5c0774297a113d14cbc01fcc8h.jpg?fit=800%2C800&ssl=1&resize=525%2C300 1.5x, https:\/\/i0.wp.com\/bonprix-dz.com\/wp-content\/uploads\/2017\/06\/S625b9cd5c0774297a113d14cbc01fcc8h.jpg?fit=800%2C800&ssl=1&resize=700%2C400 2x"},"classes":[]},{"id":3106,"url":"https:\/\/bonprix-dz.com\/?product=m20-tws-%d8%b3%d9%85%d8%a7%d8%b9%d8%a7%d8%aa-%d9%84%d8%a7%d8%b3%d9%84%d9%83%d9%8a%d8%a9","url_meta":{"origin":3268,"position":4},"title":"M20 TWS \u0633\u0645\u0627\u0639\u0627\u062a \u0644\u0627\u0633\u0644\u0643\u064a\u0629","author":"bonprix-dz.com","date":"\u0633\u0628\u062a\u0645\u0628\u0631 15, 2023","format":false,"excerpt":"\u0627\u0633\u0645 \u0627\u0644\u0639\u0646\u0635\u0631: \u0633\u0645\u0627\u0639\u0629 \u0644\u0627\u0633\u0644\u0643\u064a\u0629 . \u0627\u0644\u0645\u0648\u0627\u062f : ABS \u060c \u0645\u0639\u062f\u0646 \u060c \u0643\u0645\u0628\u064a\u0648\u062a\u0631 . \u0627\u0644\u0625\u0635\u062f\u0627\u0631 \u0627\u0644\u0645\u062a\u0648\u0627\u0641\u0642 \u0645\u0639 \u0627\u0644\u0628\u0644\u0648\u062a\u0648\u062b : 5.3 . \u0633\u0639\u0629 \u0628\u0637\u0627\u0631\u064a\u0629 \u0633\u0645\u0627\u0639\u0629 \u0627\u0644\u0631\u0623\u0633 : 50 \u0645\u0644\u0644\u064a \u0623\u0645\u0628\u064a\u0631 . \u0633\u0639\u0629 \u0628\u0637\u0627\u0631\u064a\u0629 \u0635\u0646\u062f\u0648\u0642 \u0627\u0644\u0633\u0645\u0627\u0639\u0629 : 1200 \u0645\u0644\u0644\u064a \u0623\u0645\u0628\u064a\u0631 . \u0648\u0642\u062a \u0627\u0644\u0627\u0646\u062a\u0638\u0627\u0631 : \u062d\u0648\u0627\u0644\u064a 220 \u0633\u0627\u0639\u0629 . \u0645\u062f\u0629 \u0627\u0644\u062d\u064a\u0627\u0629 : \u062d\u0648\u0627\u0644\u064a 180\u2026","rel":"","context":"\u062a\u062f\u0648\u064a\u0646\u0629 \u0645\u0634\u0627\u0628\u0647\u0629","block_context":{"text":"\u062a\u062f\u0648\u064a\u0646\u0629 \u0645\u0634\u0627\u0628\u0647\u0629","link":""},"img":{"alt_text":"","src":"https:\/\/i0.wp.com\/bonprix-dz.com\/wp-content\/uploads\/2023\/09\/M20MM.jpg?fit=500%2C500&ssl=1&resize=350%2C200","width":350,"height":200},"classes":[]},{"id":4569,"url":"https:\/\/bonprix-dz.com\/?product=soundcore-by-anker-a20i","url_meta":{"origin":3268,"position":5},"title":"Soundcore by Anker A20i","author":"bonprix-dz.com","date":"\u0623\u0643\u062a\u0648\u0628\u0631 5, 2024","format":false,"excerpt":"Bluetooth 5.3, application, son personnalis\u00e9, autonomie de 28 heures, r\u00e9sistant \u00e0 l'eau \u0635\u0648\u062a \u0645\u062e\u0635\u0635: \u0627\u062e\u062a\u0631 \u0645\u0646 \u0628\u064a\u0646 22 \u0645\u064f\u0639\u0627\u062f\u0644 \u0635\u0648\u062a \u0645\u064f\u0639\u062f \u0645\u0633\u0628\u0642\u064b\u0627 \u0641\u064a \u062a\u0637\u0628\u064a\u0642 soundcore \u0648\u0642\u0645 \u0628\u062a\u062e\u0635\u064a\u0635 \u0639\u0646\u0627\u0635\u0631 \u0627\u0644\u062a\u062d\u0643\u0645 \u0641\u064a \u0627\u0644\u0646\u0642\u0631. \u0627\u0633\u062a\u062e\u062f\u0645 \u0625\u0639\u062f\u0627\u062f BassUp \u0627\u0644\u0645\u0645\u064a\u0632 \u0627\u0644\u062e\u0627\u0635 \u0628\u0640 soundcore \u0644\u062a\u0639\u0632\u064a\u0632 \u0635\u0648\u062a \u0627\u0644\u062c\u0647\u064a\u0631. \u0648\u0642\u062a \u062a\u0634\u063a\u064a\u0644 \u0637\u0648\u064a\u0644 \u0648\u0634\u062d\u0646 \u0633\u0631\u064a\u0639: \u0627\u062d\u0635\u0644 \u0639\u0644\u0649 9 \u0633\u0627\u0639\u0627\u062a\u2026","rel":"","context":"\u062a\u062f\u0648\u064a\u0646\u0629 \u0645\u0634\u0627\u0628\u0647\u0629","block_context":{"text":"\u062a\u062f\u0648\u064a\u0646\u0629 \u0645\u0634\u0627\u0628\u0647\u0629","link":""},"img":{"alt_text":"","src":"https:\/\/i0.wp.com\/bonprix-dz.com\/wp-content\/uploads\/2024\/10\/1.webp?fit=1200%2C1200&ssl=1&resize=350%2C200","width":350,"height":200,"srcset":"https:\/\/i0.wp.com\/bonprix-dz.com\/wp-content\/uploads\/2024\/10\/1.webp?fit=1200%2C1200&ssl=1&resize=350%2C200 1x, https:\/\/i0.wp.com\/bonprix-dz.com\/wp-content\/uploads\/2024\/10\/1.webp?fit=1200%2C1200&ssl=1&resize=525%2C300 1.5x, https:\/\/i0.wp.com\/bonprix-dz.com\/wp-content\/uploads\/2024\/10\/1.webp?fit=1200%2C1200&ssl=1&resize=700%2C400 2x, https:\/\/i0.wp.com\/bonprix-dz.com\/wp-content\/uploads\/2024\/10\/1.webp?fit=1200%2C1200&ssl=1&resize=1050%2C600 3x"},"classes":[]}],"_links":{"self":[{"href":"https:\/\/bonprix-dz.com\/index.php?rest_route=\/wp\/v2\/product\/3268","targetHints":{"allow":["GET"]}}],"collection":[{"href":"https:\/\/bonprix-dz.com\/index.php?rest_route=\/wp\/v2\/product"}],"about":[{"href":"https:\/\/bonprix-dz.com\/index.php?rest_route=\/wp\/v2\/types\/product"}],"replies":[{"embeddable":true,"href":"https:\/\/bonprix-dz.com\/index.php?rest_route=%2Fwp%2Fv2%2Fcomments&post=3268"}],"version-history":[{"count":2,"href":"https:\/\/bonprix-dz.com\/index.php?rest_route=\/wp\/v2\/product\/3268\/revisions"}],"predecessor-version":[{"id":3308,"href":"https:\/\/bonprix-dz.com\/index.php?rest_route=\/wp\/v2\/product\/3268\/revisions\/3308"}],"wp:featuredmedia":[{"embeddable":true,"href":"https:\/\/bonprix-dz.com\/index.php?rest_route=\/wp\/v2\/media\/3303"}],"wp:attachment":[{"href":"https:\/\/bonprix-dz.com\/index.php?rest_route=%2Fwp%2Fv2%2Fmedia&parent=3268"}],"wp:term":[{"taxonomy":"product_cat","embeddable":true,"href":"https:\/\/bonprix-dz.com\/index.php?rest_route=%2Fwp%2Fv2%2Fproduct_cat&post=3268"},{"taxonomy":"product_tag","embeddable":true,"href":"https:\/\/bonprix-dz.com\/index.php?rest_route=%2Fwp%2Fv2%2Fproduct_tag&post=3268"}],"curies":[{"name":"wp","href":"https:\/\/api.w.org\/{rel}","templated":true}]}}