{"id":3323,"date":"2023-09-26T23:45:26","date_gmt":"2023-09-26T23:45:26","guid":{"rendered":"https:\/\/bonprix-dz.com\/?post_type=product&#038;p=3323"},"modified":"2024-05-24T11:22:12","modified_gmt":"2024-05-24T11:22:12","slug":"speaker-nb","status":"publish","type":"product","link":"https:\/\/bonprix-dz.com\/?product=speaker-nb","title":{"rendered":"Speaker NB"},"content":{"rendered":"<article class=\"col8 -pvs\">\n<div class=\"card-b -fh\">\n<h2 class=\"hdr -upp -fs14 -m -pam\">\u0627\u0644\u0645\u0648\u0627\u0635\u0641\u0627\u062a \u0627\u0644\u0631\u0626\u064a\u0633\u064a\u0629<\/h2>\n<div class=\"markup -pam\">\n<ul>\n<li>Marque: NB<\/li>\n<li>Fabriqu\u00e9 en mati\u00e8re plastique ABS.<\/li>\n<li>Ports d&#8217;entr\u00e9e USB et Micro SD.<\/li>\n<li>Haute qualit\u00e9 sonore.<\/li>\n<li>Il se fixe assez bien sur des surfaces planes.<\/li>\n<li>Comprend un c\u00e2ble V8 pour recharger la batterie.<\/li>\n<li>Mat\u00e9riau plastique.<\/li>\n<li>Avec des basses puissantes<\/li>\n<\/ul>\n<\/div>\n<\/div>\n<\/article>\n","protected":false},"excerpt":{"rendered":"<p>\u0627\u0644\u0645\u0648\u0627\u0635\u0641\u0627\u062a \u0627\u0644\u0631\u0626\u064a\u0633\u064a\u0629 Marque: NB Fabriqu\u00e9 en mati\u00e8re plastique ABS. Ports d&#8217;entr\u00e9e USB et Micro SD. Haute qualit\u00e9 sonore. Il se<\/p>\n","protected":false},"featured_media":3324,"comment_status":"open","ping_status":"closed","template":"","meta":{"om_disable_all_campaigns":false,"_monsterinsights_skip_tracking":false,"_monsterinsights_sitenote_active":false,"_monsterinsights_sitenote_note":"","_monsterinsights_sitenote_category":0,"iawp_total_views":105},"product_cat":[39],"product_tag":[71],"class_list":{"0":"post-3323","1":"product","2":"type-product","3":"status-publish","4":"has-post-thumbnail","6":"product_cat-headphone","7":"product_tag-nb","9":"first","10":"instock","11":"sale","12":"taxable","13":"shipping-taxable","14":"purchasable","15":"product-type-simple"},"aioseo_notices":[],"jetpack-related-posts":[{"id":4607,"url":"https:\/\/bonprix-dz.com\/?product=haino-teko-germany-sq9","url_meta":{"origin":3323,"position":0},"title":"Haino Teko Germany SQ9","author":"bonprix-dz.com","date":"\u0623\u0643\u062a\u0648\u0628\u0631 11, 2024","format":false,"excerpt":"Montre intelligente SQ9 compatible avec les appareils Android et iOS L'\u00e9cran AMOLED plein \u00e9cran produit des couleurs plus riches, des niveaux de luminosit\u00e9 plus \u00e9lev\u00e9s et un contraste sup\u00e9rieur aux \u00e9crans LCD traditionnels. Comme ils ont des niveaux de noir plus profonds, le texte et les images sont plus lisibles\u2026","rel":"","context":"\u062a\u062f\u0648\u064a\u0646\u0629 \u0645\u0634\u0627\u0628\u0647\u0629","block_context":{"text":"\u062a\u062f\u0648\u064a\u0646\u0629 \u0645\u0634\u0627\u0628\u0647\u0629","link":""},"img":{"alt_text":"","src":"https:\/\/i0.wp.com\/bonprix-dz.com\/wp-content\/uploads\/2024\/10\/312472_9ab08aaf190e4f7b92722ff1595f7f1amv2.jpeg?fit=1200%2C1200&ssl=1&resize=350%2C200","width":350,"height":200,"srcset":"https:\/\/i0.wp.com\/bonprix-dz.com\/wp-content\/uploads\/2024\/10\/312472_9ab08aaf190e4f7b92722ff1595f7f1amv2.jpeg?fit=1200%2C1200&ssl=1&resize=350%2C200 1x, https:\/\/i0.wp.com\/bonprix-dz.com\/wp-content\/uploads\/2024\/10\/312472_9ab08aaf190e4f7b92722ff1595f7f1amv2.jpeg?fit=1200%2C1200&ssl=1&resize=525%2C300 1.5x, https:\/\/i0.wp.com\/bonprix-dz.com\/wp-content\/uploads\/2024\/10\/312472_9ab08aaf190e4f7b92722ff1595f7f1amv2.jpeg?fit=1200%2C1200&ssl=1&resize=700%2C400 2x, https:\/\/i0.wp.com\/bonprix-dz.com\/wp-content\/uploads\/2024\/10\/312472_9ab08aaf190e4f7b92722ff1595f7f1amv2.jpeg?fit=1200%2C1200&ssl=1&resize=1050%2C600 3x"},"classes":[]},{"id":5050,"url":"https:\/\/bonprix-dz.com\/?product=modio-st11","url_meta":{"origin":3323,"position":1},"title":"Modio ST11","author":"bonprix-dz.com","date":"\u0623\u0628\u0631\u064a\u0644 10, 2025","format":false,"excerpt":"D\u00e9couvrez la\u00a0Modio ST11, une montre connect\u00e9e alliant technologie avanc\u00e9e et design \u00e9l\u00e9gant. Avec ses 4 Go de RAM et 64 Go de stockage interne, elle offre des performances fluides et une capacit\u00e9 de stockage g\u00e9n\u00e9reuse pour toutes vos applications et fichiers. Son \u00e9cran de 2,2 pouces assure une visibilit\u00e9 claire\u2026","rel":"","context":"\u062a\u062f\u0648\u064a\u0646\u0629 \u0645\u0634\u0627\u0628\u0647\u0629","block_context":{"text":"\u062a\u062f\u0648\u064a\u0646\u0629 \u0645\u0634\u0627\u0628\u0647\u0629","link":""},"img":{"alt_text":"","src":"https:\/\/i0.wp.com\/bonprix-dz.com\/wp-content\/uploads\/2025\/04\/ABUIABACGAAgh4P_tAYo2N2ViwcwoAY4oAY.jpg?fit=800%2C800&ssl=1&resize=350%2C200","width":350,"height":200,"srcset":"https:\/\/i0.wp.com\/bonprix-dz.com\/wp-content\/uploads\/2025\/04\/ABUIABACGAAgh4P_tAYo2N2ViwcwoAY4oAY.jpg?fit=800%2C800&ssl=1&resize=350%2C200 1x, https:\/\/i0.wp.com\/bonprix-dz.com\/wp-content\/uploads\/2025\/04\/ABUIABACGAAgh4P_tAYo2N2ViwcwoAY4oAY.jpg?fit=800%2C800&ssl=1&resize=525%2C300 1.5x, https:\/\/i0.wp.com\/bonprix-dz.com\/wp-content\/uploads\/2025\/04\/ABUIABACGAAgh4P_tAYo2N2ViwcwoAY4oAY.jpg?fit=800%2C800&ssl=1&resize=700%2C400 2x"},"classes":[]},{"id":3437,"url":"https:\/\/bonprix-dz.com\/?product=xiaomi-redmi-airdots-2","url_meta":{"origin":3323,"position":2},"title":"Xiaomi Redmi Airdots 2","author":"bonprix-dz.com","date":"\u0623\u0643\u062a\u0648\u0628\u0631 25, 2023","format":false,"excerpt":"Xiaomi Redmi Airdots 2 TWS \u00c9couteurs Bluetooth 5.0 Sp\u00e9cifications: Marque: Xiaomi Mod\u00e8le de Produit:\u00a0Xiaomi Redmi Airdots 2 Connexion sans fil: Bluetooth 5.0 Poids net Des \u00c9couteurs Simples:\u00a0Environ 4.1g Distance de Communication: 10 m\u00e8tres (Environnement Accessible) Double Casque Temps D'\u00e9coute en Continu: Environ 4 heures Dur\u00e9e de Veille des \u00c9couteurs: Environ\u2026","rel":"","context":"\u062a\u062f\u0648\u064a\u0646\u0629 \u0645\u0634\u0627\u0628\u0647\u0629","block_context":{"text":"\u062a\u062f\u0648\u064a\u0646\u0629 \u0645\u0634\u0627\u0628\u0647\u0629","link":""},"img":{"alt_text":"","src":"https:\/\/i0.wp.com\/bonprix-dz.com\/wp-content\/uploads\/2023\/10\/17753965561049214553.jpg?fit=960%2C960&ssl=1&resize=350%2C200","width":350,"height":200,"srcset":"https:\/\/i0.wp.com\/bonprix-dz.com\/wp-content\/uploads\/2023\/10\/17753965561049214553.jpg?fit=960%2C960&ssl=1&resize=350%2C200 1x, https:\/\/i0.wp.com\/bonprix-dz.com\/wp-content\/uploads\/2023\/10\/17753965561049214553.jpg?fit=960%2C960&ssl=1&resize=525%2C300 1.5x, https:\/\/i0.wp.com\/bonprix-dz.com\/wp-content\/uploads\/2023\/10\/17753965561049214553.jpg?fit=960%2C960&ssl=1&resize=700%2C400 2x"},"classes":[]},{"id":4932,"url":"https:\/\/bonprix-dz.com\/?product=smart-watch-jr-fc1-joyroom","url_meta":{"origin":3323,"position":3},"title":"Smart Watch JR-FC1 Joyroom","author":"bonprix-dz.com","date":"\u0641\u0628\u0631\u0627\u064a\u0631 10, 2025","format":false,"excerpt":"Smart Watch JR-FC1 Joyroom Classic Series (Passer\/R\u00e9pondre \u00e0 un appel) Gris Fonc\u00e9 La\u00a0Smart Watch JR-FC1 Joyroom Classic Series\u00a0en gris fonc\u00e9 est l\u2019accessoire parfait pour ceux qui cherchent \u00e0 allier l\u2019\u00e9l\u00e9gance et la technologie. Avec des fonctionnalit\u00e9s avanc\u00e9es comme la fonction d\u2019appel intelligent, une r\u00e9sistance \u00e0 l\u2019eau IP68 et une autonomie\u2026","rel":"","context":"\u062a\u062f\u0648\u064a\u0646\u0629 \u0645\u0634\u0627\u0628\u0647\u0629","block_context":{"text":"\u062a\u062f\u0648\u064a\u0646\u0629 \u0645\u0634\u0627\u0628\u0647\u0629","link":""},"img":{"alt_text":"","src":"https:\/\/i0.wp.com\/bonprix-dz.com\/wp-content\/uploads\/2025\/02\/1-5.jpg?fit=700%2C700&ssl=1&resize=350%2C200","width":350,"height":200,"srcset":"https:\/\/i0.wp.com\/bonprix-dz.com\/wp-content\/uploads\/2025\/02\/1-5.jpg?fit=700%2C700&ssl=1&resize=350%2C200 1x, https:\/\/i0.wp.com\/bonprix-dz.com\/wp-content\/uploads\/2025\/02\/1-5.jpg?fit=700%2C700&ssl=1&resize=525%2C300 1.5x, https:\/\/i0.wp.com\/bonprix-dz.com\/wp-content\/uploads\/2025\/02\/1-5.jpg?fit=700%2C700&ssl=1&resize=700%2C400 2x"},"classes":[]},{"id":3595,"url":"https:\/\/bonprix-dz.com\/?product=3595","url_meta":{"origin":3323,"position":4},"title":"HAINO TEKO RW-35","author":"bonprix-dz.com","date":"\u0646\u0648\u0641\u0645\u0628\u0631 28, 2023","format":false,"excerpt":"Montre connect\u00e9e HAINO TEKO RW-35 + 3 bracelet de rechange gratuitFait et con\u00e7u pour les amateurs de plein air, le classique RW35 hybride Smartwatch fournit toutes les choses dont vous avez besoin pour adapter le s\u00e9jour. \u00c9quip\u00e9 d'un moniteur de fr\u00e9quence cardiaque, d'un tensiom\u00e8tre, d'un moniteur de sommeil, d'un moniteur\u2026","rel":"","context":"\u062a\u062f\u0648\u064a\u0646\u0629 \u0645\u0634\u0627\u0628\u0647\u0629","block_context":{"text":"\u062a\u062f\u0648\u064a\u0646\u0629 \u0645\u0634\u0627\u0628\u0647\u0629","link":""},"img":{"alt_text":"","src":"https:\/\/i0.wp.com\/bonprix-dz.com\/wp-content\/uploads\/2023\/11\/312472_41556245da9e461dac1a00cda426860cmv2.jpeg?fit=342%2C342&ssl=1&resize=350%2C200","width":350,"height":200},"classes":[]},{"id":5083,"url":"https:\/\/bonprix-dz.com\/?product=sony-2000gb","url_meta":{"origin":3323,"position":5},"title":"SONY 2000GB","author":"bonprix-dz.com","date":"\u0645\u0627\u064a\u0648 6, 2025","format":false,"excerpt":"Sp\u00e9cifications : 1.Interface : USB 3.0; 2. Connexion USB, prise en charge plug and play ; 3. Tension de service USB : 4,5 v-5,5 v ; 4.Aucune alimentation externe requise ; 5.Prend en charge plusieurs syst\u00e8mes d'exploitation ; Win98\/ME\/2000\/xp\/visa\/win7\/win8.Mac OS 9.x\/Linux 2.4 ou sup\u00e9rieur ; 7.Stockage \u00e0 semi-conducteurs, antichoc, anti-\u00e9lectromagn\u00e9tique\u2026","rel":"","context":"\u062a\u062f\u0648\u064a\u0646\u0629 \u0645\u0634\u0627\u0628\u0647\u0629","block_context":{"text":"\u062a\u062f\u0648\u064a\u0646\u0629 \u0645\u0634\u0627\u0628\u0647\u0629","link":""},"img":{"alt_text":"","src":"https:\/\/i0.wp.com\/bonprix-dz.com\/wp-content\/uploads\/2025\/05\/1.avif?resize=350%2C200&ssl=1","width":350,"height":200,"srcset":"https:\/\/i0.wp.com\/bonprix-dz.com\/wp-content\/uploads\/2025\/05\/1.avif?resize=350%2C200&ssl=1 1x, https:\/\/i0.wp.com\/bonprix-dz.com\/wp-content\/uploads\/2025\/05\/1.avif?resize=525%2C300&ssl=1 1.5x, https:\/\/i0.wp.com\/bonprix-dz.com\/wp-content\/uploads\/2025\/05\/1.avif?resize=700%2C400&ssl=1 2x"},"classes":[]}],"_links":{"self":[{"href":"https:\/\/bonprix-dz.com\/index.php?rest_route=\/wp\/v2\/product\/3323","targetHints":{"allow":["GET"]}}],"collection":[{"href":"https:\/\/bonprix-dz.com\/index.php?rest_route=\/wp\/v2\/product"}],"about":[{"href":"https:\/\/bonprix-dz.com\/index.php?rest_route=\/wp\/v2\/types\/product"}],"replies":[{"embeddable":true,"href":"https:\/\/bonprix-dz.com\/index.php?rest_route=%2Fwp%2Fv2%2Fcomments&post=3323"}],"version-history":[{"count":1,"href":"https:\/\/bonprix-dz.com\/index.php?rest_route=\/wp\/v2\/product\/3323\/revisions"}],"predecessor-version":[{"id":3328,"href":"https:\/\/bonprix-dz.com\/index.php?rest_route=\/wp\/v2\/product\/3323\/revisions\/3328"}],"wp:featuredmedia":[{"embeddable":true,"href":"https:\/\/bonprix-dz.com\/index.php?rest_route=\/wp\/v2\/media\/3324"}],"wp:attachment":[{"href":"https:\/\/bonprix-dz.com\/index.php?rest_route=%2Fwp%2Fv2%2Fmedia&parent=3323"}],"wp:term":[{"taxonomy":"product_cat","embeddable":true,"href":"https:\/\/bonprix-dz.com\/index.php?rest_route=%2Fwp%2Fv2%2Fproduct_cat&post=3323"},{"taxonomy":"product_tag","embeddable":true,"href":"https:\/\/bonprix-dz.com\/index.php?rest_route=%2Fwp%2Fv2%2Fproduct_tag&post=3323"}],"curies":[{"name":"wp","href":"https:\/\/api.w.org\/{rel}","templated":true}]}}