{"id":3356,"date":"2023-10-06T22:50:50","date_gmt":"2023-10-06T22:50:50","guid":{"rendered":"https:\/\/bonprix-dz.com\/?post_type=product&#038;p=3356"},"modified":"2023-11-09T09:49:04","modified_gmt":"2023-11-09T09:49:04","slug":"lenovo-lp40-tws","status":"publish","type":"product","link":"https:\/\/bonprix-dz.com\/?product=lenovo-lp40-tws","title":{"rendered":"Lenovo LP40 TWS"},"content":{"rendered":"<div>\n<h3><strong>Caract\u00e9ristiques techniques :<\/strong><\/h3>\n<\/div>\n<div>\n<table class=\"font-2\" width=\"719\">\n<tbody>\n<tr class=\"odd\">\n<th scope=\"row\">TYPE<\/th>\n<td class=\"font-2-b\">\u00c9couteurs Sans Fil<\/td>\n<\/tr>\n<tr>\n<th scope=\"row\">MARQUE<\/th>\n<td class=\"font-2-b\">Lenovo<\/td>\n<\/tr>\n<tr class=\"odd\">\n<th scope=\"row\">R\u00c9F\u00c9RENCE<\/th>\n<td class=\"font-2-b\">LP40<\/td>\n<\/tr>\n<tr>\n<th scope=\"row\">COULEUR<\/th>\n<td class=\"font-2-b\">Blanc<\/td>\n<\/tr>\n<tr class=\"odd\">\n<th scope=\"row\">TEMPS DE TRAVAIL<\/th>\n<td class=\"font-2-b\">4-6 heures<\/td>\n<\/tr>\n<tr>\n<th scope=\"row\">PORT\u00c9E BLUETOOTH<\/th>\n<td class=\"font-2-b\">10 m\u00e8tres<\/td>\n<\/tr>\n<tr class=\"odd\">\n<th scope=\"row\">MANI\u00c8RE DE CHARGE<\/th>\n<td class=\"font-2-b\">Type C<\/td>\n<\/tr>\n<tr>\n<th scope=\"row\">CAPACIT\u00c9 DE LA BATTERIE<\/th>\n<td class=\"font-2-b\">Bo\u00eetier 300 mAh \/ Oreillettes 40 mAh<\/td>\n<\/tr>\n<tr class=\"odd\">\n<th scope=\"row\">DIMENSIONS<\/th>\n<td class=\"font-2-b\">Bo\u00eetier 10 x 8 x 4 cm \/ Oreillettes 8 x 3 cm<\/td>\n<\/tr>\n<tr>\n<th scope=\"row\">POIDS<\/th>\n<td class=\"font-2-b\">Bo\u00eetier 110 g \/ Oreillettes 25 g<\/td>\n<\/tr>\n<\/tbody>\n<\/table>\n<\/div>\n","protected":false},"excerpt":{"rendered":"<p>Caract\u00e9ristiques techniques : TYPE \u00c9couteurs Sans Fil MARQUE Lenovo R\u00c9F\u00c9RENCE LP40 COULEUR Blanc TEMPS DE TRAVAIL 4-6 heures PORT\u00c9E BLUETOOTH<\/p>\n","protected":false},"featured_media":3357,"comment_status":"open","ping_status":"closed","template":"","meta":{"om_disable_all_campaigns":false,"_monsterinsights_skip_tracking":false,"_monsterinsights_sitenote_active":false,"_monsterinsights_sitenote_note":"","_monsterinsights_sitenote_category":0,"iawp_total_views":9},"product_cat":[39],"product_tag":[],"class_list":{"0":"post-3356","1":"product","2":"type-product","3":"status-publish","4":"has-post-thumbnail","6":"product_cat-headphone","8":"first","9":"instock","10":"taxable","11":"shipping-taxable","12":"purchasable","13":"product-type-simple"},"aioseo_notices":[],"jetpack-related-posts":[{"id":3503,"url":"https:\/\/bonprix-dz.com\/?product=airpods-hoco-ew-43","url_meta":{"origin":3356,"position":0},"title":"Airpods HOCO EW 43","author":"bonprix-dz.com","date":"\u0646\u0648\u0641\u0645\u0628\u0631 11, 2023","format":false,"excerpt":"\u00c9couteurs sans fil EW42, TWS, BT v5.3, batterie d\u2019\u00e9couteurs 40 mAh pour 7 heures d\u2019utilisation, 200 heures en veille, avec \u00e9tui de charge 300 mAh. \u00a0 Description \u00a0 Temps d\u2019utilisation: 7 heures Temps de veille: 200 heures \u00c9couteurs st\u00e9r\u00e9o sans fil Bluetooth 5.3; Capacit\u00e9 de la batterie, compartiment de charge\u2026","rel":"","context":"\u062a\u062f\u0648\u064a\u0646\u0629 \u0645\u0634\u0627\u0628\u0647\u0629","block_context":{"text":"\u062a\u062f\u0648\u064a\u0646\u0629 \u0645\u0634\u0627\u0628\u0647\u0629","link":""},"img":{"alt_text":"","src":"https:\/\/i0.wp.com\/bonprix-dz.com\/wp-content\/uploads\/2023\/11\/3661208493.jpg?fit=800%2C800&ssl=1&resize=350%2C200","width":350,"height":200,"srcset":"https:\/\/i0.wp.com\/bonprix-dz.com\/wp-content\/uploads\/2023\/11\/3661208493.jpg?fit=800%2C800&ssl=1&resize=350%2C200 1x, https:\/\/i0.wp.com\/bonprix-dz.com\/wp-content\/uploads\/2023\/11\/3661208493.jpg?fit=800%2C800&ssl=1&resize=525%2C300 1.5x, https:\/\/i0.wp.com\/bonprix-dz.com\/wp-content\/uploads\/2023\/11\/3661208493.jpg?fit=800%2C800&ssl=1&resize=700%2C400 2x"},"classes":[]},{"id":5073,"url":"https:\/\/bonprix-dz.com\/?product=monster-xkt16","url_meta":{"origin":3356,"position":1},"title":"Monster XKT16","author":"bonprix-dz.com","date":"\u0623\u0628\u0631\u064a\u0644 11, 2025","format":false,"excerpt":"Sp\u00e9cification Mod\u00e8le: Monster XKT16 Version Bluetooth: V5.3 Parler unit\u00e9: 10 MM Capacit\u00e9 de la batterie: 30mAh Temps de musique: environ 4 heures (\u00e9couteurs) Temps de charge: Environ 1.5 heures (\u00e9couteurs) Distance de transmission: jusqu'\u00e0 10 m\u00e8tres\/33 pieds Capacit\u00e9 de la batterie du compartiment de charge: 300mAh\/3.7v Ce qu'il y a\u2026","rel":"","context":"\u062a\u062f\u0648\u064a\u0646\u0629 \u0645\u0634\u0627\u0628\u0647\u0629","block_context":{"text":"\u062a\u062f\u0648\u064a\u0646\u0629 \u0645\u0634\u0627\u0628\u0647\u0629","link":""},"img":{"alt_text":"","src":"https:\/\/i0.wp.com\/bonprix-dz.com\/wp-content\/uploads\/2025\/04\/Sdc6e975da75b4a66b59f3552be0fe0eaN.avif?resize=350%2C200&ssl=1","width":350,"height":200,"srcset":"https:\/\/i0.wp.com\/bonprix-dz.com\/wp-content\/uploads\/2025\/04\/Sdc6e975da75b4a66b59f3552be0fe0eaN.avif?resize=350%2C200&ssl=1 1x, https:\/\/i0.wp.com\/bonprix-dz.com\/wp-content\/uploads\/2025\/04\/Sdc6e975da75b4a66b59f3552be0fe0eaN.avif?resize=525%2C300&ssl=1 1.5x, https:\/\/i0.wp.com\/bonprix-dz.com\/wp-content\/uploads\/2025\/04\/Sdc6e975da75b4a66b59f3552be0fe0eaN.avif?resize=700%2C400&ssl=1 2x"},"classes":[]},{"id":4556,"url":"https:\/\/bonprix-dz.com\/?product=lenovo-xt83-ii-tws","url_meta":{"origin":3356,"position":2},"title":"Lenovo-XT83 II TWS","author":"bonprix-dz.com","date":"\u0623\u0643\u062a\u0648\u0628\u0631 5, 2024","format":false,"excerpt":"\u064a\u0648\u0641\u0631 Lenovo Thinkplus XT83 II \u0639\u0644\u0628\u0629 \u0634\u062d\u0646 \u0623\u0646\u064a\u0642\u0629 \u0648\u0639\u0645\u0644\u064a\u0629 \u0644\u062a\u0643\u0645\u0644 \u0633\u0645\u0627\u0639\u0627\u062a TWS \u0627\u0644\u0631\u0627\u0626\u0639\u0629. \u062a\u062a\u0645\u064a\u0632 \u0647\u0630\u0647 \u0627\u0644\u062d\u0627\u0641\u0638\u0629 \u0628\u0627\u0644\u0634\u0643\u0644 \u0627\u0644\u0628\u064a\u0636\u0627\u0648\u064a \u0627\u0644\u0630\u064a \u0631\u0623\u064a\u0646\u0627\u0647 \u0633\u0627\u0628\u0642\u064b\u0627 \u0641\u064a Lenovo XT88\u060c \u0648\u062a\u062a\u0645\u064a\u0632 \u0628\u0646\u0641\u0633 \u0627\u0644\u0645\u0648\u0627\u062f \u0627\u0644\u0645\u062a\u064a\u0646\u0629 \u0648\u0627\u0644\u0644\u0645\u0633\u0629 \u0627\u0644\u0646\u0647\u0627\u0626\u064a\u0629 \u0627\u0644\u0644\u0627\u0645\u0639\u0629 \u0627\u0644\u062a\u064a \u062a\u0646\u0636\u062d \u0628\u0634\u0639\u0648\u0631 \u0628\u0627\u0644\u0623\u0646\u0627\u0642\u0629. \u062a\u0636\u064a\u0641 \u0625\u0636\u0627\u0641\u0629 \u0636\u0648\u0621 LED \u0627\u0644\u062f\u0627\u0626\u0631\u064a \u0641\u064a \u0627\u0644\u0645\u0646\u062a\u0635\u0641 \u0644\u0645\u0633\u0629 \u0645\u0646 \u0627\u0644\u0631\u0642\u064a \u0625\u0644\u0649 \u0627\u0644\u062a\u0635\u0645\u064a\u0645 \u0627\u0644\u0639\u0627\u0645. \u062a\u062a\u0645\u064a\u0632 \u062d\u0642\u064a\u0628\u0629\u2026","rel":"","context":"\u062a\u062f\u0648\u064a\u0646\u0629 \u0645\u0634\u0627\u0628\u0647\u0629","block_context":{"text":"\u062a\u062f\u0648\u064a\u0646\u0629 \u0645\u0634\u0627\u0628\u0647\u0629","link":""},"img":{"alt_text":"","src":"https:\/\/i0.wp.com\/bonprix-dz.com\/wp-content\/uploads\/2024\/10\/S41aad97b725e40c3ac5a20941189d9e7m.avif?resize=350%2C200&ssl=1","width":350,"height":200,"srcset":"https:\/\/i0.wp.com\/bonprix-dz.com\/wp-content\/uploads\/2024\/10\/S41aad97b725e40c3ac5a20941189d9e7m.avif?resize=350%2C200&ssl=1 1x, https:\/\/i0.wp.com\/bonprix-dz.com\/wp-content\/uploads\/2024\/10\/S41aad97b725e40c3ac5a20941189d9e7m.avif?resize=525%2C300&ssl=1 1.5x, https:\/\/i0.wp.com\/bonprix-dz.com\/wp-content\/uploads\/2024\/10\/S41aad97b725e40c3ac5a20941189d9e7m.avif?resize=700%2C400&ssl=1 2x"},"classes":[]},{"id":3429,"url":"https:\/\/bonprix-dz.com\/?product=lenovo-xt96","url_meta":{"origin":3356,"position":3},"title":"Lenovo XT96","author":"bonprix-dz.com","date":"\u0623\u0643\u062a\u0648\u0628\u0631 22, 2023","format":false,"excerpt":"\u0627\u0644\u0648\u0635\u0641 \u0627\u0633\u0645 \u0627\u0644\u0639\u0644\u0627\u0645\u0629 \u0627\u0644\u062a\u062c\u0627\u0631\u064a\u0629: Lenovo \u0631\u0642\u0645 \u0627\u0644\u0645\u0648\u062f\u064a\u0644: XT96 \u0625\u0635\u062f\u0627\u0631 BT: 5.1.1 \u0645\u0633\u0627\u0641\u0629 \u0627\u0644\u0625\u0631\u0633\u0627\u0644: \u0645\u0627 \u064a\u0635\u0644 \u0625\u0644\u0649 10 \u0623\u0645\u062a\u0627\u0631 (\u0628\u062f\u0648\u0646 \u0639\u0627\u0626\u0642) \u0642\u0637\u0631 \u0627\u0644\u0642\u064a\u0627\u062f\u0629: 13 \u0645\u0644\u0644\u064a \u0645\u062a\u0631 \u0645\u062f\u0649 \u0627\u0644\u062a\u0631\u062f\u062f: 20-20 \u0643\u064a\u0644\u0648 \u0647\u0631\u062a\u0632 \u0627\u0644\u062d\u0633\u0627\u0633\u064a\u0629: 109dB \u00b1 3dB \u0645\u0642\u0627\u0648\u0645\u0629: 32\u03a9 \u0633\u0639\u0629 \u0628\u0637\u0627\u0631\u064a\u0629 \u0635\u0646\u062f\u0648\u0642 \u0627\u0644\u0634\u062d\u0646: 3.7 \u0641\u0648\u0644\u062a 300 \u0645\u0644\u0644\u064a \u0623\u0645\u0628\u064a\u0631 \u0633\u0639\u0629 \u0628\u0637\u0627\u0631\u064a\u0629 \u0627\u0644\u0633\u0645\u0627\u0639\u0629 (\u0644\u0643\u0644 \u0645\u0646\u0647\u0645\u0627):\u2026","rel":"","context":"\u062a\u062f\u0648\u064a\u0646\u0629 \u0645\u0634\u0627\u0628\u0647\u0629","block_context":{"text":"\u062a\u062f\u0648\u064a\u0646\u0629 \u0645\u0634\u0627\u0628\u0647\u0629","link":""},"img":{"alt_text":"","src":"https:\/\/i0.wp.com\/bonprix-dz.com\/wp-content\/uploads\/2023\/10\/825797354-785004141.jpg?fit=800%2C800&ssl=1&resize=350%2C200","width":350,"height":200,"srcset":"https:\/\/i0.wp.com\/bonprix-dz.com\/wp-content\/uploads\/2023\/10\/825797354-785004141.jpg?fit=800%2C800&ssl=1&resize=350%2C200 1x, https:\/\/i0.wp.com\/bonprix-dz.com\/wp-content\/uploads\/2023\/10\/825797354-785004141.jpg?fit=800%2C800&ssl=1&resize=525%2C300 1.5x, https:\/\/i0.wp.com\/bonprix-dz.com\/wp-content\/uploads\/2023\/10\/825797354-785004141.jpg?fit=800%2C800&ssl=1&resize=700%2C400 2x"},"classes":[]},{"id":4645,"url":"https:\/\/bonprix-dz.com\/?product=megir-montres-de-sport-militaires","url_meta":{"origin":3356,"position":4},"title":"MEGIR-Montres de sport militaires","author":"bonprix-dz.com","date":"\u062f\u064a\u0633\u0645\u0628\u0631 2, 2024","format":false,"excerpt":"D\u00e9tails \u00c9paisseur du bo\u00eetier 13.5 Largeur de bande 24 Type de mat\u00e9riel de bande Gel de la silice Forme de mallettes Ronde Type de mat\u00e9riau de fen\u00eatre de cadran Hardlex Mat\u00e9riel des bo\u00eetes et mallettes Papier Num\u00e9ro de Mod\u00e8le MN2144GS-BE-1 Diam\u00e8tre du cadran 46.5 Caract\u00e9ristique chronom\u00e8tre,Chronographe,Calendrier complet,R\u00e9sistant \u00e0 l'eau,luminous hands\u2026","rel":"","context":"\u062a\u062f\u0648\u064a\u0646\u0629 \u0645\u0634\u0627\u0628\u0647\u0629","block_context":{"text":"\u062a\u062f\u0648\u064a\u0646\u0629 \u0645\u0634\u0627\u0628\u0647\u0629","link":""},"img":{"alt_text":"","src":"https:\/\/i0.wp.com\/bonprix-dz.com\/wp-content\/uploads\/2024\/12\/MEGIR.avif?resize=350%2C200&ssl=1","width":350,"height":200,"srcset":"https:\/\/i0.wp.com\/bonprix-dz.com\/wp-content\/uploads\/2024\/12\/MEGIR.avif?resize=350%2C200&ssl=1 1x, https:\/\/i0.wp.com\/bonprix-dz.com\/wp-content\/uploads\/2024\/12\/MEGIR.avif?resize=525%2C300&ssl=1 1.5x, https:\/\/i0.wp.com\/bonprix-dz.com\/wp-content\/uploads\/2024\/12\/MEGIR.avif?resize=700%2C400&ssl=1 2x"},"classes":[]},{"id":3419,"url":"https:\/\/bonprix-dz.com\/?product=lenovo-lp80-5-0","url_meta":{"origin":3356,"position":5},"title":"LENOVO LP80 5.0","author":"bonprix-dz.com","date":"\u0623\u0643\u062a\u0648\u0628\u0631 22, 2023","format":false,"excerpt":"\u0647\u064a \u0633\u0645\u0627\u0639\u0629 \u0623\u0630\u0646 \u0628\u0644\u0648\u062a\u0648\u062b \u0644\u0627\u0633\u0644\u0643\u064a\u0629 \u0645\u0639 \u0627\u0644\u0639\u062f\u064a\u062f \u0645\u0646 \u0627\u0644\u0645\u064a\u0632\u0627\u062a \u0627\u0644\u0631\u0627\u0626\u0639\u0629 \u0645\u062b\u0644 \u0627\u0646\u062e\u0641\u0627\u0636 \u0627\u0633\u062a\u0647\u0644\u0627\u0643 \u0627\u0644\u0637\u0627\u0642\u0629 \u060c \u0648\u0627\u0644\u0627\u062a\u0635\u0627\u0644 \u0627\u0644\u0633\u0631\u064a\u0639 \u060c \u0648\u062a\u0623\u062e\u064a\u0631 \u0627\u0644\u0644\u0639\u0628\u0629 \u0627\u0644\u0645\u0646\u062e\u0641\u0636 \u060c \u0648\u0643\u0641\u0627\u0621\u0629 \u0627\u0644\u0646\u0642\u0644 \u0639\u0627\u0644\u064a \u0627\u0644\u0633\u0631\u0639\u0629 \u060c \u0648\u0645\u0632\u0627\u0645\u0646\u0629 \u0627\u0644\u0635\u0648\u0631 \u0648\u0627\u0644\u0635\u0648\u062a \u0627\u0644\u0648\u0627\u0636\u062d \u060c \u0628\u0627\u0644\u0625\u0636\u0627\u0641\u0629 \u0625\u0644\u0649 \u0634\u0631\u064a\u062d\u0629 Bluetooth 5.0. \u064a\u062d\u062a\u0648\u064a \u0639\u0644\u0649 \u0645\u0643\u0628\u0631 \u0635\u0648\u062a \u062f\u064a\u0646\u0627\u0645\u064a\u0643\u064a 13 \u0645\u0644\u0645 \u0644\u062a\u0633\u062a\u0645\u062a\u0639 \u0628\u0627\u0644\u0645\u0648\u0633\u064a\u0642\u0649 \u062b\u0644\u0627\u062b\u064a\u0629 \u0627\u0644\u0623\u0628\u0639\u0627\u062f \u0627\u0644\u0645\u062d\u064a\u0637\u0629. \u0639\u0644\u0627\u0648\u0629\u2026","rel":"","context":"\u062a\u062f\u0648\u064a\u0646\u0629 \u0645\u0634\u0627\u0628\u0647\u0629","block_context":{"text":"\u062a\u062f\u0648\u064a\u0646\u0629 \u0645\u0634\u0627\u0628\u0647\u0629","link":""},"img":{"alt_text":"","src":"https:\/\/i0.wp.com\/bonprix-dz.com\/wp-content\/uploads\/2023\/10\/11950411401342134565.jpg?fit=800%2C800&ssl=1&resize=350%2C200","width":350,"height":200,"srcset":"https:\/\/i0.wp.com\/bonprix-dz.com\/wp-content\/uploads\/2023\/10\/11950411401342134565.jpg?fit=800%2C800&ssl=1&resize=350%2C200 1x, https:\/\/i0.wp.com\/bonprix-dz.com\/wp-content\/uploads\/2023\/10\/11950411401342134565.jpg?fit=800%2C800&ssl=1&resize=525%2C300 1.5x, https:\/\/i0.wp.com\/bonprix-dz.com\/wp-content\/uploads\/2023\/10\/11950411401342134565.jpg?fit=800%2C800&ssl=1&resize=700%2C400 2x"},"classes":[]}],"_links":{"self":[{"href":"https:\/\/bonprix-dz.com\/index.php?rest_route=\/wp\/v2\/product\/3356","targetHints":{"allow":["GET"]}}],"collection":[{"href":"https:\/\/bonprix-dz.com\/index.php?rest_route=\/wp\/v2\/product"}],"about":[{"href":"https:\/\/bonprix-dz.com\/index.php?rest_route=\/wp\/v2\/types\/product"}],"replies":[{"embeddable":true,"href":"https:\/\/bonprix-dz.com\/index.php?rest_route=%2Fwp%2Fv2%2Fcomments&post=3356"}],"version-history":[{"count":2,"href":"https:\/\/bonprix-dz.com\/index.php?rest_route=\/wp\/v2\/product\/3356\/revisions"}],"predecessor-version":[{"id":3481,"href":"https:\/\/bonprix-dz.com\/index.php?rest_route=\/wp\/v2\/product\/3356\/revisions\/3481"}],"wp:featuredmedia":[{"embeddable":true,"href":"https:\/\/bonprix-dz.com\/index.php?rest_route=\/wp\/v2\/media\/3357"}],"wp:attachment":[{"href":"https:\/\/bonprix-dz.com\/index.php?rest_route=%2Fwp%2Fv2%2Fmedia&parent=3356"}],"wp:term":[{"taxonomy":"product_cat","embeddable":true,"href":"https:\/\/bonprix-dz.com\/index.php?rest_route=%2Fwp%2Fv2%2Fproduct_cat&post=3356"},{"taxonomy":"product_tag","embeddable":true,"href":"https:\/\/bonprix-dz.com\/index.php?rest_route=%2Fwp%2Fv2%2Fproduct_tag&post=3356"}],"curies":[{"name":"wp","href":"https:\/\/api.w.org\/{rel}","templated":true}]}}