{"id":3366,"date":"2023-10-06T23:26:09","date_gmt":"2023-10-06T23:26:09","guid":{"rendered":"https:\/\/bonprix-dz.com\/?post_type=product&#038;p=3366"},"modified":"2023-10-06T23:26:09","modified_gmt":"2023-10-06T23:26:09","slug":"haino-teko-t90","status":"publish","type":"product","link":"https:\/\/bonprix-dz.com\/?product=haino-teko-t90","title":{"rendered":"Haino Teko T90"},"content":{"rendered":"<p><span class=\"sc-966c8510-3 iJKhnI\">Specifications<\/span><\/p>\n<div class=\"sc-966c8510-1 eJhlja\">\n<div class=\"sc-966c8510-2 dROUvm\">\n<table>\n<tbody>\n<tr>\n<td>Material<\/td>\n<td>Silicone<\/td>\n<\/tr>\n<tr>\n<td>Connection Type<\/td>\n<td>Bluetooth\/Wireless<\/td>\n<\/tr>\n<tr>\n<td>Colour Name<\/td>\n<td>Orange And Black<\/td>\n<\/tr>\n<tr>\n<td>Brand Compatibility<\/td>\n<td>Haino Teko<\/td>\n<\/tr>\n<tr>\n<td>What&#8217;s In The Box<\/td>\n<td>Smart Watch With Two Strap, Wireless Magnetic Charger, User Manual And Warranty Card<\/td>\n<\/tr>\n<tr>\n<td>Band Size<\/td>\n<td>Medium\/Large<\/td>\n<\/tr>\n<tr>\n<td>Dial Material<\/td>\n<td>Stainless Steel<\/td>\n<\/tr>\n<tr>\n<td>Smartwatch Dial Size<\/td>\n<td>49 Mm<\/td>\n<\/tr>\n<tr>\n<td>Features<\/td>\n<td>Bluetooth, Voice Assistant, Volume Control, Touchscreen, Touch<\/td>\n<\/tr>\n<tr>\n<td>Model Number<\/td>\n<td>T90 Ultra<\/td>\n<\/tr>\n<tr>\n<td>Model Name<\/td>\n<td>T90 Ultra Mini<\/td>\n<\/tr>\n<\/tbody>\n<\/table>\n<\/div>\n<\/div>\n","protected":false},"excerpt":{"rendered":"<p>Specifications Material Silicone Connection Type Bluetooth\/Wireless Colour Name Orange And Black Brand Compatibility Haino Teko What&#8217;s In The Box Smart<\/p>\n","protected":false},"featured_media":3367,"comment_status":"open","ping_status":"closed","template":"","meta":{"om_disable_all_campaigns":false,"_monsterinsights_skip_tracking":false,"_monsterinsights_sitenote_active":false,"_monsterinsights_sitenote_note":"","_monsterinsights_sitenote_category":0,"iawp_total_views":48},"product_cat":[41],"product_tag":[72],"class_list":{"0":"post-3366","1":"product","2":"type-product","3":"status-publish","4":"has-post-thumbnail","6":"product_cat-smartwatch","7":"product_tag-haino-teko","9":"first","10":"instock","11":"taxable","12":"shipping-taxable","13":"purchasable","14":"product-type-simple"},"aioseo_notices":[],"jetpack-related-posts":[{"id":4545,"url":"https:\/\/bonprix-dz.com\/?product=haino-teko-germany-rw-51","url_meta":{"origin":3366,"position":0},"title":"Haino Teko Germany RW-51","author":"bonprix-dz.com","date":"\u0633\u0628\u062a\u0645\u0628\u0631 25, 2024","format":false,"excerpt":"Specifications Product Weight 75 g Color Name Silver Department Women Display Type AMOLED Face\/Dial Shape Round Band Size One Size (Adjustable Band) Product Length 20 cm Product Height 10 cm Product Width\/Depth 5 cm Features Bluetooth, Blood Pressure Monitor, Heart Rate Monitor, Lightweight Model Number Haino Teko RW51_Silver Model Name\u2026","rel":"","context":"\u062a\u062f\u0648\u064a\u0646\u0629 \u0645\u0634\u0627\u0628\u0647\u0629","block_context":{"text":"\u062a\u062f\u0648\u064a\u0646\u0629 \u0645\u0634\u0627\u0628\u0647\u0629","link":""},"img":{"alt_text":"","src":"https:\/\/i0.wp.com\/bonprix-dz.com\/wp-content\/uploads\/2024\/09\/312472_2a3c06b2800746c9a2c7c0fcc5458990mv2.jpeg?fit=1200%2C1200&ssl=1&resize=350%2C200","width":350,"height":200,"srcset":"https:\/\/i0.wp.com\/bonprix-dz.com\/wp-content\/uploads\/2024\/09\/312472_2a3c06b2800746c9a2c7c0fcc5458990mv2.jpeg?fit=1200%2C1200&ssl=1&resize=350%2C200 1x, https:\/\/i0.wp.com\/bonprix-dz.com\/wp-content\/uploads\/2024\/09\/312472_2a3c06b2800746c9a2c7c0fcc5458990mv2.jpeg?fit=1200%2C1200&ssl=1&resize=525%2C300 1.5x, https:\/\/i0.wp.com\/bonprix-dz.com\/wp-content\/uploads\/2024\/09\/312472_2a3c06b2800746c9a2c7c0fcc5458990mv2.jpeg?fit=1200%2C1200&ssl=1&resize=700%2C400 2x, https:\/\/i0.wp.com\/bonprix-dz.com\/wp-content\/uploads\/2024\/09\/312472_2a3c06b2800746c9a2c7c0fcc5458990mv2.jpeg?fit=1200%2C1200&ssl=1&resize=1050%2C600 3x"},"classes":[]},{"id":3371,"url":"https:\/\/bonprix-dz.com\/?product=haino-teko-t85-max","url_meta":{"origin":3366,"position":1},"title":"Haino teko T85 Max","author":"bonprix-dz.com","date":"\u0623\u0643\u062a\u0648\u0628\u0631 6, 2023","format":false,"excerpt":"\u0646\u0638\u0631\u0629 \u0639\u0627\u0645\u0629 \u0627\u0644\u0645\u064a\u0632\u0627\u062a \u0627\u0644\u0623\u0633\u0627\u0633\u064a\u0629 HainoTeko T85 max smartwatch Monitor sleep 1.75 inch screen Communications: Bluetooth Operating system: Android, iOS Wireless charging Compatibility: Android 4.4 and above, IOS 8.4 (5S and above) Include: Smart Watch, Band, Charging Cable, and Manual \u0627\u0644\u0645\u0648\u0627\u0635\u0641\u0627\u062a \u0646\u0648\u0639 \u0627\u0644\u0634\u062d\u0646 Airpods With Wireless Charging Case \u0627\u0644\u0645\u0627\u062f\u0629 Silicone \u0646\u0648\u0639\u2026","rel":"","context":"\u062a\u062f\u0648\u064a\u0646\u0629 \u0645\u0634\u0627\u0628\u0647\u0629","block_context":{"text":"\u062a\u062f\u0648\u064a\u0646\u0629 \u0645\u0634\u0627\u0628\u0647\u0629","link":""},"img":{"alt_text":"","src":"https:\/\/i0.wp.com\/bonprix-dz.com\/wp-content\/uploads\/2023\/10\/312472_44598fd819a84dc895fe5a7fc81c59ca_mv2.jpg?fit=666%2C666&ssl=1&resize=350%2C200","width":350,"height":200,"srcset":"https:\/\/i0.wp.com\/bonprix-dz.com\/wp-content\/uploads\/2023\/10\/312472_44598fd819a84dc895fe5a7fc81c59ca_mv2.jpg?fit=666%2C666&ssl=1&resize=350%2C200 1x, https:\/\/i0.wp.com\/bonprix-dz.com\/wp-content\/uploads\/2023\/10\/312472_44598fd819a84dc895fe5a7fc81c59ca_mv2.jpg?fit=666%2C666&ssl=1&resize=525%2C300 1.5x"},"classes":[]},{"id":3958,"url":"https:\/\/bonprix-dz.com\/?product=haino-teko-rw-43","url_meta":{"origin":3366,"position":2},"title":"HAINO TEKO RW-43","author":"bonprix-dz.com","date":"\u0645\u0627\u064a\u0648 6, 2024","format":false,"excerpt":"Montre Connect\u00e9e Haino Teko RW43 - \u00c9cran : Amoled - Syst\u00e8me d'exploitation : Android, IOS - Connectivit\u00e9 : Bluetooth 5.0, GPS - Capacit\u00e9 de la batterie : 300-400mAh - Suivi du sommeil - Vibration - Mesure du rythme cardiaque - Capteur de pas - R\u00e9sistante \u00e0 l'eau et \u00e0 la\u2026","rel":"","context":"\u062a\u062f\u0648\u064a\u0646\u0629 \u0645\u0634\u0627\u0628\u0647\u0629","block_context":{"text":"\u062a\u062f\u0648\u064a\u0646\u0629 \u0645\u0634\u0627\u0628\u0647\u0629","link":""},"img":{"alt_text":"","src":"https:\/\/i0.wp.com\/bonprix-dz.com\/wp-content\/uploads\/2024\/05\/1.jpg?fit=1200%2C1200&ssl=1&resize=350%2C200","width":350,"height":200,"srcset":"https:\/\/i0.wp.com\/bonprix-dz.com\/wp-content\/uploads\/2024\/05\/1.jpg?fit=1200%2C1200&ssl=1&resize=350%2C200 1x, https:\/\/i0.wp.com\/bonprix-dz.com\/wp-content\/uploads\/2024\/05\/1.jpg?fit=1200%2C1200&ssl=1&resize=525%2C300 1.5x, https:\/\/i0.wp.com\/bonprix-dz.com\/wp-content\/uploads\/2024\/05\/1.jpg?fit=1200%2C1200&ssl=1&resize=700%2C400 2x, https:\/\/i0.wp.com\/bonprix-dz.com\/wp-content\/uploads\/2024\/05\/1.jpg?fit=1200%2C1200&ssl=1&resize=1050%2C600 3x"},"classes":[]},{"id":3795,"url":"https:\/\/bonprix-dz.com\/?product=haino-teko-rw-37","url_meta":{"origin":3366,"position":3},"title":"Haino Teko RW-37","author":"bonprix-dz.com","date":"\u0645\u0627\u0631\u0633 16, 2024","format":false,"excerpt":"\u231a\ufe0f\ud835\udde6\ud835\uddfa\ud835\uddee\ud835\uddff\ud835\ude01\ud835\ude04\ud835\uddee\ud835\ude01\ud835\uddf0\ud835\uddf5 + Airpods int\u00e9gr\u00e9s + 2 \ud835\uddf0\ud835\uddf2\ud835\uddf6\ud835\uddfb\ud835\ude01\ud835\ude02\ud835\uddff\ud835\uddf2\ud835\ude00 \u231a\ufe0fDesign \u00e9l\u00e9gant et ergonomique \u231a\ufe0f\u00c9cran : AMOLED tactile \u231a\ufe0fMicrophone et haut-parleur int\u00e9gr\u00e9s \u231a\ufe0fAppel Bluetooth \u231a\ufe0f Surveillance du sommeil \u231a\ufe0fFr\u00e9quence cardiaque \u231a\ufe0fTension art\u00e9rielle et niveaux d\u2019oxyg\u00e8ne \u231a\ufe0fPlusieurs modes sportifs \u231a\ufe0fContr\u00f4le de la musique \u231a\ufe0fConnectivit\u00e9: Bluetooth + 2 Ceintures: Cuir marron et silicone noir","rel":"","context":"\u062a\u062f\u0648\u064a\u0646\u0629 \u0645\u0634\u0627\u0628\u0647\u0629","block_context":{"text":"\u062a\u062f\u0648\u064a\u0646\u0629 \u0645\u0634\u0627\u0628\u0647\u0629","link":""},"img":{"alt_text":"","src":"https:\/\/i0.wp.com\/bonprix-dz.com\/wp-content\/uploads\/2024\/03\/1-10.jpg?fit=1200%2C1200&ssl=1&resize=350%2C200","width":350,"height":200,"srcset":"https:\/\/i0.wp.com\/bonprix-dz.com\/wp-content\/uploads\/2024\/03\/1-10.jpg?fit=1200%2C1200&ssl=1&resize=350%2C200 1x, https:\/\/i0.wp.com\/bonprix-dz.com\/wp-content\/uploads\/2024\/03\/1-10.jpg?fit=1200%2C1200&ssl=1&resize=525%2C300 1.5x, https:\/\/i0.wp.com\/bonprix-dz.com\/wp-content\/uploads\/2024\/03\/1-10.jpg?fit=1200%2C1200&ssl=1&resize=700%2C400 2x, https:\/\/i0.wp.com\/bonprix-dz.com\/wp-content\/uploads\/2024\/03\/1-10.jpg?fit=1200%2C1200&ssl=1&resize=1050%2C600 3x"},"classes":[]},{"id":3571,"url":"https:\/\/bonprix-dz.com\/?product=haino-teko-g8-mini","url_meta":{"origin":3366,"position":4},"title":"Haino Teko G8 Mini","author":"bonprix-dz.com","date":"\u0646\u0648\u0641\u0645\u0628\u0631 22, 2023","format":false,"excerpt":"Marque:\u00a0HainoTeko Nom du mod\u00e8le:\u00a0G8 mini Syst\u00e8me d\u2019exploitation\u00a0: Android 4.4 ou iOS 8.5 et versions sup\u00e9rieures. Ecran:\u00a01.7 Amoled Affichage:\u00a0Analogique \u2013 Digital Batterie:\u00a0290mAh Autonomie: 3 jours en mode d\u2019utilisation typique, 45 jours en mode veille Bracelet:\u00a022 mm Couleur:\u00a0rose et gold Connectivit\u00e9: Bluetooth 5.1 Forme: Rectangulaire Ecran Tactile: oui","rel":"","context":"\u062a\u062f\u0648\u064a\u0646\u0629 \u0645\u0634\u0627\u0628\u0647\u0629","block_context":{"text":"\u062a\u062f\u0648\u064a\u0646\u0629 \u0645\u0634\u0627\u0628\u0647\u0629","link":""},"img":{"alt_text":"","src":"https:\/\/i0.wp.com\/bonprix-dz.com\/wp-content\/uploads\/2023\/11\/312472_32ecb49649da4aad99dc9e82a6d44178_mv2.jpeg?fit=720%2C720&ssl=1&resize=350%2C200","width":350,"height":200,"srcset":"https:\/\/i0.wp.com\/bonprix-dz.com\/wp-content\/uploads\/2023\/11\/312472_32ecb49649da4aad99dc9e82a6d44178_mv2.jpeg?fit=720%2C720&ssl=1&resize=350%2C200 1x, https:\/\/i0.wp.com\/bonprix-dz.com\/wp-content\/uploads\/2023\/11\/312472_32ecb49649da4aad99dc9e82a6d44178_mv2.jpeg?fit=720%2C720&ssl=1&resize=525%2C300 1.5x, https:\/\/i0.wp.com\/bonprix-dz.com\/wp-content\/uploads\/2023\/11\/312472_32ecb49649da4aad99dc9e82a6d44178_mv2.jpeg?fit=720%2C720&ssl=1&resize=700%2C400 2x"},"classes":[]},{"id":4601,"url":"https:\/\/bonprix-dz.com\/?product=hainoteko-richard-m9","url_meta":{"origin":3366,"position":5},"title":"HainoTeko Richard M9","author":"bonprix-dz.com","date":"\u0623\u0643\u062a\u0648\u0628\u0631 11, 2024","format":false,"excerpt":"Marque Haino Teko Support waterproof \u00c9tat de l'article\u00a0 Nouveau Serie 9 Couleur Orange Noir Connectivit\u00e9 Bluetooth Taille de l'\u00e9cran 49 mm \u00c9toile Bracelet en acier Capacit\u00e9 de la batterie 45 jours en veille Appel Bluetooth Oui","rel":"","context":"\u062a\u062f\u0648\u064a\u0646\u0629 \u0645\u0634\u0627\u0628\u0647\u0629","block_context":{"text":"\u062a\u062f\u0648\u064a\u0646\u0629 \u0645\u0634\u0627\u0628\u0647\u0629","link":""},"img":{"alt_text":"","src":"https:\/\/i0.wp.com\/bonprix-dz.com\/wp-content\/uploads\/2024\/10\/312472_49aa577bd36741778333f151ed57e920mv2.jpeg?fit=1200%2C1200&ssl=1&resize=350%2C200","width":350,"height":200,"srcset":"https:\/\/i0.wp.com\/bonprix-dz.com\/wp-content\/uploads\/2024\/10\/312472_49aa577bd36741778333f151ed57e920mv2.jpeg?fit=1200%2C1200&ssl=1&resize=350%2C200 1x, https:\/\/i0.wp.com\/bonprix-dz.com\/wp-content\/uploads\/2024\/10\/312472_49aa577bd36741778333f151ed57e920mv2.jpeg?fit=1200%2C1200&ssl=1&resize=525%2C300 1.5x, https:\/\/i0.wp.com\/bonprix-dz.com\/wp-content\/uploads\/2024\/10\/312472_49aa577bd36741778333f151ed57e920mv2.jpeg?fit=1200%2C1200&ssl=1&resize=700%2C400 2x, https:\/\/i0.wp.com\/bonprix-dz.com\/wp-content\/uploads\/2024\/10\/312472_49aa577bd36741778333f151ed57e920mv2.jpeg?fit=1200%2C1200&ssl=1&resize=1050%2C600 3x"},"classes":[]}],"_links":{"self":[{"href":"https:\/\/bonprix-dz.com\/index.php?rest_route=\/wp\/v2\/product\/3366","targetHints":{"allow":["GET"]}}],"collection":[{"href":"https:\/\/bonprix-dz.com\/index.php?rest_route=\/wp\/v2\/product"}],"about":[{"href":"https:\/\/bonprix-dz.com\/index.php?rest_route=\/wp\/v2\/types\/product"}],"replies":[{"embeddable":true,"href":"https:\/\/bonprix-dz.com\/index.php?rest_route=%2Fwp%2Fv2%2Fcomments&post=3366"}],"version-history":[{"count":1,"href":"https:\/\/bonprix-dz.com\/index.php?rest_route=\/wp\/v2\/product\/3366\/revisions"}],"predecessor-version":[{"id":3370,"href":"https:\/\/bonprix-dz.com\/index.php?rest_route=\/wp\/v2\/product\/3366\/revisions\/3370"}],"wp:featuredmedia":[{"embeddable":true,"href":"https:\/\/bonprix-dz.com\/index.php?rest_route=\/wp\/v2\/media\/3367"}],"wp:attachment":[{"href":"https:\/\/bonprix-dz.com\/index.php?rest_route=%2Fwp%2Fv2%2Fmedia&parent=3366"}],"wp:term":[{"taxonomy":"product_cat","embeddable":true,"href":"https:\/\/bonprix-dz.com\/index.php?rest_route=%2Fwp%2Fv2%2Fproduct_cat&post=3366"},{"taxonomy":"product_tag","embeddable":true,"href":"https:\/\/bonprix-dz.com\/index.php?rest_route=%2Fwp%2Fv2%2Fproduct_tag&post=3366"}],"curies":[{"name":"wp","href":"https:\/\/api.w.org\/{rel}","templated":true}]}}