{"id":3471,"date":"2023-11-04T03:29:39","date_gmt":"2023-11-04T03:29:39","guid":{"rendered":"https:\/\/bonprix-dz.com\/?post_type=product&#038;p=3471"},"modified":"2025-10-22T09:58:19","modified_gmt":"2025-10-22T09:58:19","slug":"kieslect-calling-watch-ks-pro","status":"publish","type":"product","link":"https:\/\/bonprix-dz.com\/?product=kieslect-calling-watch-ks-pro","title":{"rendered":"KIESLECT CALLING WATCH KS PRO"},"content":{"rendered":"<h1 class=\"product-title\">KIESLECT SMART CALLING WATCH KS PRO AVEC DEUXI\u00c8ME BRACELET GRATUIT<\/h1>\n<pre class=\"tw-data-text tw-text-large JgzqYd RES9jf tw-ta\" dir=\"ltr\" data-placeholder=\"Traduction\"><span class=\"Y2IQFc\" lang=\"fr\">\ud83c\udf88Appels Bluetooth clairs et stables\r\n\ud83c\udf882.01\" Super Large AMOLED Screen\r\n\ud83c\udf88Avertissement de fr\u00e9quence cardiaque anormale\r\n\ud83c\udf88Toujours affich\u00e9\r\n\ud83c\udf88Powered by KIES OS 2.0\r\n\ud83c\udf88Deuxi\u00e8me Bracelet offert gratuitement<\/span><\/pre>\n","protected":false},"excerpt":{"rendered":"<p>KIESLECT SMART CALLING WATCH KS PRO AVEC DEUXI\u00c8ME BRACELET GRATUIT \ud83c\udf88Appels Bluetooth clairs et stables \ud83c\udf882.01&#8243; Super Large AMOLED Screen<\/p>\n","protected":false},"featured_media":3473,"comment_status":"open","ping_status":"closed","template":"","meta":{"om_disable_all_campaigns":false,"_monsterinsights_skip_tracking":false,"_monsterinsights_sitenote_active":false,"_monsterinsights_sitenote_note":"","_monsterinsights_sitenote_category":0,"iawp_total_views":420},"product_cat":[15,41],"product_tag":[79],"class_list":{"0":"post-3471","1":"product","2":"type-product","3":"status-publish","4":"has-post-thumbnail","6":"product_cat-promotion","7":"product_cat-smartwatch","8":"product_tag-kieslect","10":"first","11":"outofstock","12":"sale","13":"taxable","14":"shipping-taxable","15":"purchasable","16":"product-type-simple"},"aioseo_notices":[],"jetpack-related-posts":[{"id":3561,"url":"https:\/\/bonprix-dz.com\/?product=kieslect-smart-calling-watch-kr","url_meta":{"origin":3471,"position":0},"title":"Kieslect Smart Calling Watch Kr","author":"bonprix-dz.com","date":"\u0646\u0648\u0641\u0645\u0628\u0631 19, 2023","format":false,"excerpt":"\u0645\u0648\u0627\u0635\u0641\u0627\u062a \u0633\u0627\u0639\u0629 : Kieslect Smart Calling Watch Kr \u0627\u0644\u0634\u0627\u0634\u0629 \u0634\u0627\u0634\u0629 Retina \u0645\u0642\u0627\u0633 1.32 \u0628\u0648\u0635\u0629 \u0645\u0646 \u0646\u0648\u0639 Semi-AMOLED \u0628\u062f\u0642\u0629 360x360 \u0628\u0643\u0633\u0644 \u0627\u0644\u0628\u0637\u0627\u0631\u064a\u0629 \u0633\u0639\u0629 \u0627\u0644\u0628\u0637\u0627\u0631\u064a\u0629: 280 \u0645\u0644\u0644\u064a \u0623\u0645\u0628\u064a\u0631 \u0637\u0631\u064a\u0642\u0629 \u0627\u0644\u0634\u062d\u0646: \u0627\u0644\u0634\u062d\u0646 \u0627\u0644\u0645\u063a\u0646\u0627\u0637\u064a\u0633\u064a \u0645\u062f\u0629 \u0627\u0644\u0634\u062d\u0646 \u0627\u0644\u0646\u0638\u0631\u064a: \u0633\u0627\u0639\u062a\u0627\u0646 \u062a\u0642\u0631\u064a\u0628\u064b\u0627 \u0639\u0645\u0631 \u0627\u0644\u0628\u0637\u0627\u0631\u064a\u0629 \u0641\u064a \u0633\u064a\u0646\u0627\u0631\u064a\u0648 \u0627\u0644\u0627\u0633\u062a\u062e\u062f\u0627\u0645 \u0627\u0644\u0646\u0645\u0648\u0630\u062c\u064a: \u064a\u0635\u0644 \u0625\u0644\u0649 3 \u0623\u064a\u0627\u0645 \u0639\u0645\u0631 \u0628\u0637\u0627\u0631\u064a\u0629 \u0633\u064a\u0646\u0627\u0631\u064a\u0648 \u0627\u0644\u0627\u0633\u062a\u062e\u062f\u0627\u0645 \u0627\u0644\u0643\u062b\u064a\u0641:\u2026","rel":"","context":"\u062a\u062f\u0648\u064a\u0646\u0629 \u0645\u0634\u0627\u0628\u0647\u0629","block_context":{"text":"\u062a\u062f\u0648\u064a\u0646\u0629 \u0645\u0634\u0627\u0628\u0647\u0629","link":""},"img":{"alt_text":"","src":"https:\/\/i0.wp.com\/bonprix-dz.com\/wp-content\/uploads\/2023\/11\/20231120_080949.jpg?fit=1200%2C1200&ssl=1&resize=350%2C200","width":350,"height":200,"srcset":"https:\/\/i0.wp.com\/bonprix-dz.com\/wp-content\/uploads\/2023\/11\/20231120_080949.jpg?fit=1200%2C1200&ssl=1&resize=350%2C200 1x, https:\/\/i0.wp.com\/bonprix-dz.com\/wp-content\/uploads\/2023\/11\/20231120_080949.jpg?fit=1200%2C1200&ssl=1&resize=525%2C300 1.5x, https:\/\/i0.wp.com\/bonprix-dz.com\/wp-content\/uploads\/2023\/11\/20231120_080949.jpg?fit=1200%2C1200&ssl=1&resize=700%2C400 2x, https:\/\/i0.wp.com\/bonprix-dz.com\/wp-content\/uploads\/2023\/11\/20231120_080949.jpg?fit=1200%2C1200&ssl=1&resize=1050%2C600 3x"},"classes":[]},{"id":4722,"url":"https:\/\/bonprix-dz.com\/?product=colmi-p76-1-96-outdoor-military-smartwatch-men-bluetooth-call-smart-watch-3atm-ip68-waterproof-sports-fitness-watches","url_meta":{"origin":3471,"position":1},"title":"COLMI P76 1.96&#8243; Outdoor Military Smartwatch","author":"bonprix-dz.com","date":"\u062f\u064a\u0633\u0645\u0628\u0631 12, 2024","format":false,"excerpt":"COLMi P76 - Outdoor Smartwatch Gear up for the great outdoors with the COLMI P76 Smartwatch, engineered for the wilderness and beyond. Perfect for anyone passionate about open-air activities, it's designed to be by your side whether you're scaling peaks or riding the trails. Rugged Reliability: Ready for any challenge,\u2026","rel":"","context":"\u062a\u062f\u0648\u064a\u0646\u0629 \u0645\u0634\u0627\u0628\u0647\u0629","block_context":{"text":"\u062a\u062f\u0648\u064a\u0646\u0629 \u0645\u0634\u0627\u0628\u0647\u0629","link":""},"img":{"alt_text":"COLMI P76 1.96\" Outdoor Military Smartwatch Men Bluetooth Call Smart Watch 3ATM IP68 Waterproof Sports Fitness Watches 1","src":"https:\/\/i0.wp.com\/ae01.alicdn.com\/kf\/S8a61228b65ff4aed8175e7b0388cd402B\/COLMI-P76-1-96-Outdoor-Military-Smartwatch-Men-Bluetooth-Call-Smart-Watch-3ATM-IP68-Waterproof-Sports.jpg?fit=800%2C800&ssl=1&resize=350%2C200","width":350,"height":200,"srcset":"https:\/\/i0.wp.com\/ae01.alicdn.com\/kf\/S8a61228b65ff4aed8175e7b0388cd402B\/COLMI-P76-1-96-Outdoor-Military-Smartwatch-Men-Bluetooth-Call-Smart-Watch-3ATM-IP68-Waterproof-Sports.jpg?fit=800%2C800&ssl=1&resize=350%2C200 1x, https:\/\/i0.wp.com\/ae01.alicdn.com\/kf\/S8a61228b65ff4aed8175e7b0388cd402B\/COLMI-P76-1-96-Outdoor-Military-Smartwatch-Men-Bluetooth-Call-Smart-Watch-3ATM-IP68-Waterproof-Sports.jpg?fit=800%2C800&ssl=1&resize=525%2C300 1.5x, https:\/\/i0.wp.com\/ae01.alicdn.com\/kf\/S8a61228b65ff4aed8175e7b0388cd402B\/COLMI-P76-1-96-Outdoor-Military-Smartwatch-Men-Bluetooth-Call-Smart-Watch-3ATM-IP68-Waterproof-Sports.jpg?fit=800%2C800&ssl=1&resize=700%2C400 2x"},"classes":[]},{"id":4898,"url":"https:\/\/bonprix-dz.com\/?product=amoled-smart-watch-men-2024-bluetooth-call-smartwatch-sport-waterproof-outdoor-1-53-inch-360360-hd-screen-30-days-standby","url_meta":{"origin":3471,"position":2},"title":"AMOLED Smart Watch Men 2024 Bluetooth Call","author":"bonprix-dz.com","date":"\u064a\u0646\u0627\u064a\u0631 16, 2025","format":false,"excerpt":"Hardware System Requirements\uff1aandroid5.0+ \/ ios9.0+ Master chip\uff1aJL6958 Bracelet memory\uff1a128M Bluetooth for calls\uff1aAB5376A2 Bluetooth version\uff1a5.2 Heart rate chip\uff1aSC7R30 Screen display\uff1a1.53\"-360*360 Battery capacity\uff1a200mAH Standby time\uff1a65 days Usage time\uff1aAbout 15 days Button method\uff1aFull screen touch Motor\uff1aPie Motor Charging port\uff1aMagnetic charging Waterproof level\uff1aIP67 Sensor\uff1aG-sensor 3 axis Local dial\uff1a5 Dial market\uff1a300+ Menu style\uff1a4 APP\uff1aNewWear Basic\u2026","rel":"","context":"\u062a\u062f\u0648\u064a\u0646\u0629 \u0645\u0634\u0627\u0628\u0647\u0629","block_context":{"text":"\u062a\u062f\u0648\u064a\u0646\u0629 \u0645\u0634\u0627\u0628\u0647\u0629","link":""},"img":{"alt_text":"AMOLED Smart Watch Men 2024 Bluetooth Call Smartwatch Sport Waterproof Outdoor 1.53 Inch 360*360 HD Screen 30 Days Standby 1","src":"https:\/\/i0.wp.com\/ae01.alicdn.com\/kf\/S005e70d750ce4d74885315751643cc44z\/AMOLED-Smart-Watch-Men-2024-Bluetooth-Call-Smartwatch-Sport-Waterproof-Outdoor-1-53-Inch-360-360.jpg?fit=800%2C800&ssl=1&resize=350%2C200","width":350,"height":200,"srcset":"https:\/\/i0.wp.com\/ae01.alicdn.com\/kf\/S005e70d750ce4d74885315751643cc44z\/AMOLED-Smart-Watch-Men-2024-Bluetooth-Call-Smartwatch-Sport-Waterproof-Outdoor-1-53-Inch-360-360.jpg?fit=800%2C800&ssl=1&resize=350%2C200 1x, https:\/\/i0.wp.com\/ae01.alicdn.com\/kf\/S005e70d750ce4d74885315751643cc44z\/AMOLED-Smart-Watch-Men-2024-Bluetooth-Call-Smartwatch-Sport-Waterproof-Outdoor-1-53-Inch-360-360.jpg?fit=800%2C800&ssl=1&resize=525%2C300 1.5x, https:\/\/i0.wp.com\/ae01.alicdn.com\/kf\/S005e70d750ce4d74885315751643cc44z\/AMOLED-Smart-Watch-Men-2024-Bluetooth-Call-Smartwatch-Sport-Waterproof-Outdoor-1-53-Inch-360-360.jpg?fit=800%2C800&ssl=1&resize=700%2C400 2x"},"classes":[]},{"id":4944,"url":"https:\/\/bonprix-dz.com\/?product=joyroom-jr-fc2","url_meta":{"origin":3471,"position":3},"title":"JOYROOM JR-FC2","author":"bonprix-dz.com","date":"\u0641\u0628\u0631\u0627\u064a\u0631 10, 2025","format":false,"excerpt":"The JR-FC2 Classic Series Smart Watch boasts a 1.32\" high-resolution IPS screen,360x360 HD resolution, and rotatable metal crown for easy dial switching. It also features smart calling, 107+ sports modes, and health monitoring for a comprehensive smartwatch experience.Equipped with IP68 water resistance, 100+ customizable dial styles, and real-time notifications, the\u2026","rel":"","context":"\u062a\u062f\u0648\u064a\u0646\u0629 \u0645\u0634\u0627\u0628\u0647\u0629","block_context":{"text":"\u062a\u062f\u0648\u064a\u0646\u0629 \u0645\u0634\u0627\u0628\u0647\u0629","link":""},"img":{"alt_text":"","src":"https:\/\/i0.wp.com\/bonprix-dz.com\/wp-content\/uploads\/2025\/02\/3034a1133efe01daba919094b70c6310_16a7360f-8958-41cd-874b-35ecb6ea1990.jpg?fit=1200%2C1200&ssl=1&resize=350%2C200","width":350,"height":200,"srcset":"https:\/\/i0.wp.com\/bonprix-dz.com\/wp-content\/uploads\/2025\/02\/3034a1133efe01daba919094b70c6310_16a7360f-8958-41cd-874b-35ecb6ea1990.jpg?fit=1200%2C1200&ssl=1&resize=350%2C200 1x, https:\/\/i0.wp.com\/bonprix-dz.com\/wp-content\/uploads\/2025\/02\/3034a1133efe01daba919094b70c6310_16a7360f-8958-41cd-874b-35ecb6ea1990.jpg?fit=1200%2C1200&ssl=1&resize=525%2C300 1.5x, https:\/\/i0.wp.com\/bonprix-dz.com\/wp-content\/uploads\/2025\/02\/3034a1133efe01daba919094b70c6310_16a7360f-8958-41cd-874b-35ecb6ea1990.jpg?fit=1200%2C1200&ssl=1&resize=700%2C400 2x, https:\/\/i0.wp.com\/bonprix-dz.com\/wp-content\/uploads\/2025\/02\/3034a1133efe01daba919094b70c6310_16a7360f-8958-41cd-874b-35ecb6ea1990.jpg?fit=1200%2C1200&ssl=1&resize=1050%2C600 3x"},"classes":[]},{"id":3595,"url":"https:\/\/bonprix-dz.com\/?product=3595","url_meta":{"origin":3471,"position":4},"title":"HAINO TEKO RW-35","author":"bonprix-dz.com","date":"\u0646\u0648\u0641\u0645\u0628\u0631 28, 2023","format":false,"excerpt":"Montre connect\u00e9e HAINO TEKO RW-35 + 3 bracelet de rechange gratuitFait et con\u00e7u pour les amateurs de plein air, le classique RW35 hybride Smartwatch fournit toutes les choses dont vous avez besoin pour adapter le s\u00e9jour. \u00c9quip\u00e9 d'un moniteur de fr\u00e9quence cardiaque, d'un tensiom\u00e8tre, d'un moniteur de sommeil, d'un moniteur\u2026","rel":"","context":"\u062a\u062f\u0648\u064a\u0646\u0629 \u0645\u0634\u0627\u0628\u0647\u0629","block_context":{"text":"\u062a\u062f\u0648\u064a\u0646\u0629 \u0645\u0634\u0627\u0628\u0647\u0629","link":""},"img":{"alt_text":"","src":"https:\/\/i0.wp.com\/bonprix-dz.com\/wp-content\/uploads\/2023\/11\/312472_41556245da9e461dac1a00cda426860cmv2.jpeg?fit=342%2C342&ssl=1&resize=350%2C200","width":350,"height":200},"classes":[]},{"id":3512,"url":"https:\/\/bonprix-dz.com\/?product=ws-v9-ultra-smart-watch","url_meta":{"origin":3471,"position":5},"title":"WS-V9 ULTRA SMART WATCH","author":"bonprix-dz.com","date":"\u0646\u0648\u0641\u0645\u0628\u0631 12, 2023","format":false,"excerpt":"General Sales Package 1-Smartwatch, 4 type Strap, 2 charger Model Number WS-V9 Ultra-A(4 Strap and Two Charger) Model Name WS-V9 Bluetooth calling, Phone Book,Music Control,Voice assis. App Notifications Dial Color Gold Dial Shape Rectangle Strap Color Orange Strap Material Silicone Size 2.19 Inch HD Display Touchscreen Yes Water Resistant Yes\u2026","rel":"","context":"\u062a\u062f\u0648\u064a\u0646\u0629 \u0645\u0634\u0627\u0628\u0647\u0629","block_context":{"text":"\u062a\u062f\u0648\u064a\u0646\u0629 \u0645\u0634\u0627\u0628\u0647\u0629","link":""},"img":{"alt_text":"","src":"https:\/\/i0.wp.com\/bonprix-dz.com\/wp-content\/uploads\/2023\/11\/20231112_210542.jpg?fit=800%2C800&ssl=1&resize=350%2C200","width":350,"height":200,"srcset":"https:\/\/i0.wp.com\/bonprix-dz.com\/wp-content\/uploads\/2023\/11\/20231112_210542.jpg?fit=800%2C800&ssl=1&resize=350%2C200 1x, https:\/\/i0.wp.com\/bonprix-dz.com\/wp-content\/uploads\/2023\/11\/20231112_210542.jpg?fit=800%2C800&ssl=1&resize=525%2C300 1.5x, https:\/\/i0.wp.com\/bonprix-dz.com\/wp-content\/uploads\/2023\/11\/20231112_210542.jpg?fit=800%2C800&ssl=1&resize=700%2C400 2x"},"classes":[]}],"_links":{"self":[{"href":"https:\/\/bonprix-dz.com\/index.php?rest_route=\/wp\/v2\/product\/3471","targetHints":{"allow":["GET"]}}],"collection":[{"href":"https:\/\/bonprix-dz.com\/index.php?rest_route=\/wp\/v2\/product"}],"about":[{"href":"https:\/\/bonprix-dz.com\/index.php?rest_route=\/wp\/v2\/types\/product"}],"replies":[{"embeddable":true,"href":"https:\/\/bonprix-dz.com\/index.php?rest_route=%2Fwp%2Fv2%2Fcomments&post=3471"}],"version-history":[{"count":1,"href":"https:\/\/bonprix-dz.com\/index.php?rest_route=\/wp\/v2\/product\/3471\/revisions"}],"predecessor-version":[{"id":3479,"href":"https:\/\/bonprix-dz.com\/index.php?rest_route=\/wp\/v2\/product\/3471\/revisions\/3479"}],"wp:featuredmedia":[{"embeddable":true,"href":"https:\/\/bonprix-dz.com\/index.php?rest_route=\/wp\/v2\/media\/3473"}],"wp:attachment":[{"href":"https:\/\/bonprix-dz.com\/index.php?rest_route=%2Fwp%2Fv2%2Fmedia&parent=3471"}],"wp:term":[{"taxonomy":"product_cat","embeddable":true,"href":"https:\/\/bonprix-dz.com\/index.php?rest_route=%2Fwp%2Fv2%2Fproduct_cat&post=3471"},{"taxonomy":"product_tag","embeddable":true,"href":"https:\/\/bonprix-dz.com\/index.php?rest_route=%2Fwp%2Fv2%2Fproduct_tag&post=3471"}],"curies":[{"name":"wp","href":"https:\/\/api.w.org\/{rel}","templated":true}]}}