{"id":3485,"date":"2023-11-09T17:22:55","date_gmt":"2023-11-09T17:22:55","guid":{"rendered":"https:\/\/bonprix-dz.com\/?post_type=product&#038;p=3485"},"modified":"2024-11-02T11:57:16","modified_gmt":"2024-11-02T11:57:16","slug":"casque-bluetooth-p47","status":"publish","type":"product","link":"https:\/\/bonprix-dz.com\/?product=casque-bluetooth-p47","title":{"rendered":"Casque Bluetooth P47"},"content":{"rendered":"<ul>\n<li>Casque P47 \u2013 Bluetooth \u2013 Sans Fil &amp; Flexible &amp; Pliable.<\/li>\n<li>Supporte La carte m\u00e9moire et la Radio.<\/li>\n<li>Peut \u00eatre Utilis\u00e9 avec un cable Jack (Auxiliaire) en cas de d\u00e9chargement.<\/li>\n<li>Profils de soutien: HSP, HFP, A2DP, AVRCP.<\/li>\n<li>Gamme de fr\u00e9quences: 2.4026 GHz-2.480 GHz<\/li>\n<li>Temps de lecture de musique: 8-10 heures<\/li>\n<li>Autonomie en veille: 120 heures<\/li>\n<li>Temps de charge: 2-3 heures<\/li>\n<li>\n<h3>Type de fiche: 3,5 mm<\/h3>\n<\/li>\n<\/ul>\n","protected":false},"excerpt":{"rendered":"<p>Casque P47 \u2013 Bluetooth \u2013 Sans Fil &amp; Flexible &amp; Pliable. Supporte La carte m\u00e9moire et la Radio. Peut \u00eatre<\/p>\n","protected":false},"featured_media":3490,"comment_status":"open","ping_status":"closed","template":"","meta":{"om_disable_all_campaigns":false,"_monsterinsights_skip_tracking":false,"_monsterinsights_sitenote_active":false,"_monsterinsights_sitenote_note":"","_monsterinsights_sitenote_category":0,"iawp_total_views":29},"product_cat":[39],"product_tag":[],"class_list":{"0":"post-3485","1":"product","2":"type-product","3":"status-publish","4":"has-post-thumbnail","6":"product_cat-headphone","8":"first","9":"instock","10":"sale","11":"taxable","12":"shipping-taxable","13":"purchasable","14":"product-type-simple"},"aioseo_notices":[],"jetpack-related-posts":[{"id":3437,"url":"https:\/\/bonprix-dz.com\/?product=xiaomi-redmi-airdots-2","url_meta":{"origin":3485,"position":0},"title":"Xiaomi Redmi Airdots 2","author":"bonprix-dz.com","date":"\u0623\u0643\u062a\u0648\u0628\u0631 25, 2023","format":false,"excerpt":"Xiaomi Redmi Airdots 2 TWS \u00c9couteurs Bluetooth 5.0 Sp\u00e9cifications: Marque: Xiaomi Mod\u00e8le de Produit:\u00a0Xiaomi Redmi Airdots 2 Connexion sans fil: Bluetooth 5.0 Poids net Des \u00c9couteurs Simples:\u00a0Environ 4.1g Distance de Communication: 10 m\u00e8tres (Environnement Accessible) Double Casque Temps D'\u00e9coute en Continu: Environ 4 heures Dur\u00e9e de Veille des \u00c9couteurs: Environ\u2026","rel":"","context":"\u062a\u062f\u0648\u064a\u0646\u0629 \u0645\u0634\u0627\u0628\u0647\u0629","block_context":{"text":"\u062a\u062f\u0648\u064a\u0646\u0629 \u0645\u0634\u0627\u0628\u0647\u0629","link":""},"img":{"alt_text":"","src":"https:\/\/i0.wp.com\/bonprix-dz.com\/wp-content\/uploads\/2023\/10\/17753965561049214553.jpg?fit=960%2C960&ssl=1&resize=350%2C200","width":350,"height":200,"srcset":"https:\/\/i0.wp.com\/bonprix-dz.com\/wp-content\/uploads\/2023\/10\/17753965561049214553.jpg?fit=960%2C960&ssl=1&resize=350%2C200 1x, https:\/\/i0.wp.com\/bonprix-dz.com\/wp-content\/uploads\/2023\/10\/17753965561049214553.jpg?fit=960%2C960&ssl=1&resize=525%2C300 1.5x, https:\/\/i0.wp.com\/bonprix-dz.com\/wp-content\/uploads\/2023\/10\/17753965561049214553.jpg?fit=960%2C960&ssl=1&resize=700%2C400 2x"},"classes":[]},{"id":3503,"url":"https:\/\/bonprix-dz.com\/?product=airpods-hoco-ew-43","url_meta":{"origin":3485,"position":1},"title":"Airpods HOCO EW 43","author":"bonprix-dz.com","date":"\u0646\u0648\u0641\u0645\u0628\u0631 11, 2023","format":false,"excerpt":"\u00c9couteurs sans fil EW42, TWS, BT v5.3, batterie d\u2019\u00e9couteurs 40 mAh pour 7 heures d\u2019utilisation, 200 heures en veille, avec \u00e9tui de charge 300 mAh. \u00a0 Description \u00a0 Temps d\u2019utilisation: 7 heures Temps de veille: 200 heures \u00c9couteurs st\u00e9r\u00e9o sans fil Bluetooth 5.3; Capacit\u00e9 de la batterie, compartiment de charge\u2026","rel":"","context":"\u062a\u062f\u0648\u064a\u0646\u0629 \u0645\u0634\u0627\u0628\u0647\u0629","block_context":{"text":"\u062a\u062f\u0648\u064a\u0646\u0629 \u0645\u0634\u0627\u0628\u0647\u0629","link":""},"img":{"alt_text":"","src":"https:\/\/i0.wp.com\/bonprix-dz.com\/wp-content\/uploads\/2023\/11\/3661208493.jpg?fit=800%2C800&ssl=1&resize=350%2C200","width":350,"height":200,"srcset":"https:\/\/i0.wp.com\/bonprix-dz.com\/wp-content\/uploads\/2023\/11\/3661208493.jpg?fit=800%2C800&ssl=1&resize=350%2C200 1x, https:\/\/i0.wp.com\/bonprix-dz.com\/wp-content\/uploads\/2023\/11\/3661208493.jpg?fit=800%2C800&ssl=1&resize=525%2C300 1.5x, https:\/\/i0.wp.com\/bonprix-dz.com\/wp-content\/uploads\/2023\/11\/3661208493.jpg?fit=800%2C800&ssl=1&resize=700%2C400 2x"},"classes":[]},{"id":3194,"url":"https:\/\/bonprix-dz.com\/?product=%d8%b3%d9%85%d8%a7%d8%b9%d8%a7%d8%aa-%d8%b1%d8%a3%d8%b3-%d9%84%d8%a7%d8%b3%d9%84%d9%83%d9%8a%d8%a9-p47","url_meta":{"origin":3485,"position":2},"title":"\u0633\u0645\u0627\u0639\u0627\u062a \u0631\u0623\u0633 \u0644\u0627\u0633\u0644\u0643\u064a\u0629 P47","author":"bonprix-dz.com","date":"\u0633\u0628\u062a\u0645\u0628\u0631 23, 2023","format":false,"excerpt":"\u0633\u0645\u0627\u0639\u0627\u062a \u0631\u0623\u0633 \u0644\u0627\u0633\u0644\u0643\u064a\u0629 P47 1. \u0627\u0644\u0645\u064a\u0632\u0627\u062a: \u0645\u062d\u0645\u0648\u0644\u0629. 2. Function: \u0627\u0644\u0631\u062f \u0639\u0644\u0649 \u0627\u0644\u0647\u0627\u062a\u0641 \u060c \u0648\u0638\u064a\u0641\u0629 \u060c \u0645\u064a\u0643\u0631\u0648\u0641\u0648\u0646 \u060c \u0625\u0644\u063a\u0627\u0621 \u0627\u0644\u0636\u0648\u0636\u0627\u0621 \u060c \u0623\u063a\u0646\u064a\u0629 \u0627\u0644\u062a\u0628\u062f\u064a\u0644 \u060c Sweatproof \u060c \u0627\u0644\u062a\u062d\u0643\u0645 \u0627\u0644\u0635\u0648\u062a\u064a \u060c \u0645\u0648\u062c\u0647 \u0627\u0644\u0635\u0648\u062a \u060c \u0645\u0642\u0627\u0648\u0645 \u0644\u0644\u0645\u0627\u0621. 3. \u0627\u0644\u0645\u0648\u0627\u062f: \u0627\u0644\u0645\u0639\u062f\u0646 \u060c \u0627\u0644\u0643\u0645\u0628\u064a\u0648\u062a\u0631. 4-\u0627\u0644\u0645\u0648\u062f\u064a\u0644: P47. 5. \u0627\u0644\u0646\u0648\u0639: \u0641\u0648\u0642 \u0627\u0644\u0623\u0630\u0646. 6. \u0646\u0648\u0639 \u0627\u0631\u062a\u062f\u0627\u0621: \u0639\u0642\u0627\u0644","rel":"","context":"\u062a\u062f\u0648\u064a\u0646\u0629 \u0645\u0634\u0627\u0628\u0647\u0629","block_context":{"text":"\u062a\u062f\u0648\u064a\u0646\u0629 \u0645\u0634\u0627\u0628\u0647\u0629","link":""},"img":{"alt_text":"","src":"https:\/\/i0.wp.com\/bonprix-dz.com\/wp-content\/uploads\/2023\/09\/550x586.jpg?fit=550%2C586&ssl=1&resize=350%2C200","width":350,"height":200,"srcset":"https:\/\/i0.wp.com\/bonprix-dz.com\/wp-content\/uploads\/2023\/09\/550x586.jpg?fit=550%2C586&ssl=1&resize=350%2C200 1x, https:\/\/i0.wp.com\/bonprix-dz.com\/wp-content\/uploads\/2023\/09\/550x586.jpg?fit=550%2C586&ssl=1&resize=525%2C300 1.5x"},"classes":[]},{"id":4014,"url":"https:\/\/bonprix-dz.com\/?product=hoco-eq1","url_meta":{"origin":3485,"position":3},"title":"HOCO-EQ1","author":"bonprix-dz.com","date":"\u0645\u0627\u064a\u0648 24, 2024","format":false,"excerpt":"Bluetooth 5.3: B\u00e9n\u00e9ficiez d\u2019une connectivit\u00e9 sans fil rapide et stable pour une exp\u00e9rience audio in\u00e9gal\u00e9e. Autonomie Impressionnante: La batterie int\u00e9gr\u00e9e de 40mAh dans chaque \u00e9couteur garantit jusqu\u2019\u00e0 7 heures d\u2019utilisation continue.\u00a0 Le bo\u00eetier de charge compact de 400mAh prolonge cette autonomie, offrant une dur\u00e9e totale de lecture de 180 heures.\u2026","rel":"","context":"\u062a\u062f\u0648\u064a\u0646\u0629 \u0645\u0634\u0627\u0628\u0647\u0629","block_context":{"text":"\u062a\u062f\u0648\u064a\u0646\u0629 \u0645\u0634\u0627\u0628\u0647\u0629","link":""},"img":{"alt_text":"","src":"https:\/\/i0.wp.com\/bonprix-dz.com\/wp-content\/uploads\/2024\/05\/8291009501624525956.jpg?fit=960%2C960&ssl=1&resize=350%2C200","width":350,"height":200,"srcset":"https:\/\/i0.wp.com\/bonprix-dz.com\/wp-content\/uploads\/2024\/05\/8291009501624525956.jpg?fit=960%2C960&ssl=1&resize=350%2C200 1x, https:\/\/i0.wp.com\/bonprix-dz.com\/wp-content\/uploads\/2024\/05\/8291009501624525956.jpg?fit=960%2C960&ssl=1&resize=525%2C300 1.5x, https:\/\/i0.wp.com\/bonprix-dz.com\/wp-content\/uploads\/2024\/05\/8291009501624525956.jpg?fit=960%2C960&ssl=1&resize=700%2C400 2x"},"classes":[]},{"id":5073,"url":"https:\/\/bonprix-dz.com\/?product=monster-xkt16","url_meta":{"origin":3485,"position":4},"title":"Monster XKT16","author":"bonprix-dz.com","date":"\u0623\u0628\u0631\u064a\u0644 11, 2025","format":false,"excerpt":"Sp\u00e9cification Mod\u00e8le: Monster XKT16 Version Bluetooth: V5.3 Parler unit\u00e9: 10 MM Capacit\u00e9 de la batterie: 30mAh Temps de musique: environ 4 heures (\u00e9couteurs) Temps de charge: Environ 1.5 heures (\u00e9couteurs) Distance de transmission: jusqu'\u00e0 10 m\u00e8tres\/33 pieds Capacit\u00e9 de la batterie du compartiment de charge: 300mAh\/3.7v Ce qu'il y a\u2026","rel":"","context":"\u062a\u062f\u0648\u064a\u0646\u0629 \u0645\u0634\u0627\u0628\u0647\u0629","block_context":{"text":"\u062a\u062f\u0648\u064a\u0646\u0629 \u0645\u0634\u0627\u0628\u0647\u0629","link":""},"img":{"alt_text":"","src":"https:\/\/i0.wp.com\/bonprix-dz.com\/wp-content\/uploads\/2025\/04\/Sdc6e975da75b4a66b59f3552be0fe0eaN.avif?resize=350%2C200&ssl=1","width":350,"height":200,"srcset":"https:\/\/i0.wp.com\/bonprix-dz.com\/wp-content\/uploads\/2025\/04\/Sdc6e975da75b4a66b59f3552be0fe0eaN.avif?resize=350%2C200&ssl=1 1x, https:\/\/i0.wp.com\/bonprix-dz.com\/wp-content\/uploads\/2025\/04\/Sdc6e975da75b4a66b59f3552be0fe0eaN.avif?resize=525%2C300&ssl=1 1.5x, https:\/\/i0.wp.com\/bonprix-dz.com\/wp-content\/uploads\/2025\/04\/Sdc6e975da75b4a66b59f3552be0fe0eaN.avif?resize=700%2C400&ssl=1 2x"},"classes":[]},{"id":3268,"url":"https:\/\/bonprix-dz.com\/?product=p9-casque-bluetooth","url_meta":{"origin":3485,"position":5},"title":"P9-Casque Bluetooth","author":"bonprix-dz.com","date":"\u0633\u0628\u062a\u0645\u0628\u0631 25, 2023","format":false,"excerpt":"\u062a\u0641\u0627\u0635\u064a\u0644 \u0627\u0633\u062a\u0645\u062a\u0639 \u0628\u062c\u0648\u062f\u0629 \u0635\u0648\u062a \u0645\u0639 \u0633\u0645\u0627\u0639\u0629 \u0627\u0644\u0623\u0630\u0646 P9 \u062f\u0648\u0646 \u0627\u0644\u0642\u0644\u0642 \u0648\u0643\u0630\u0644\u0643 \u0627\u0644\u0627\u062a\u0635\u0627\u0644 \u0623\u0648 \u0627\u0644\u0636\u0648\u0636\u0627\u0621. \u0647\u0644 \u062a\u0631\u063a\u0628 \u0641\u064a \u062a\u0630\u0648\u0642 \u0623\u063a\u0627\u0646\u064a\u0643 \u0628\u0634\u0643\u0644 \u0623\u0641\u0636\u0644 \u0623\u062b\u0646\u0627\u0621 \u0627\u0644\u0627\u0633\u062a\u0645\u0627\u0639 \u0625\u0644\u0649 \u0627\u0644\u0646\u063a\u0645\u0627\u062a\u061b \u0644\u0630\u0644\u0643 \u0636\u0639 \u0627\u0644\u0637\u0644\u0628 \u0628\u0633\u0631\u0639\u0629. \u062a\u0641\u0627\u0635\u064a\u0644 \u0627\u0644\u0645\u0646\u062a\u062c: \u0628\u0635\u0648\u062a \u0644\u0627 \u064a\u0635\u062f\u0642. \u0645\u0639 \u0633\u0645\u0627\u0639\u0629 \u0627\u0644\u0631\u0623\u0633 P9 Bluetooth\u060c \u0623\u0635\u0628\u062d \u0627\u0644\u0639\u0628\u062b \u0628\u0627\u0644\u0623\u0633\u0644\u0627\u0643 \u063a\u064a\u0631 \u0648\u0627\u0631\u062f. \u062a\u062a\u064a\u062d \u0644\u0643 \u0635\u0648\u062a aptX \u0628\u062b \u0627\u0644\u0645\u0648\u0633\u064a\u0642\u0649\u2026","rel":"","context":"\u062a\u062f\u0648\u064a\u0646\u0629 \u0645\u0634\u0627\u0628\u0647\u0629","block_context":{"text":"\u062a\u062f\u0648\u064a\u0646\u0629 \u0645\u0634\u0627\u0628\u0647\u0629","link":""},"img":{"alt_text":"","src":"https:\/\/i0.wp.com\/bonprix-dz.com\/wp-content\/uploads\/2023\/09\/CASQUE_APPLE_P9-4.jpg?fit=1024%2C1024&ssl=1&resize=350%2C200","width":350,"height":200,"srcset":"https:\/\/i0.wp.com\/bonprix-dz.com\/wp-content\/uploads\/2023\/09\/CASQUE_APPLE_P9-4.jpg?fit=1024%2C1024&ssl=1&resize=350%2C200 1x, https:\/\/i0.wp.com\/bonprix-dz.com\/wp-content\/uploads\/2023\/09\/CASQUE_APPLE_P9-4.jpg?fit=1024%2C1024&ssl=1&resize=525%2C300 1.5x, https:\/\/i0.wp.com\/bonprix-dz.com\/wp-content\/uploads\/2023\/09\/CASQUE_APPLE_P9-4.jpg?fit=1024%2C1024&ssl=1&resize=700%2C400 2x"},"classes":[]}],"_links":{"self":[{"href":"https:\/\/bonprix-dz.com\/index.php?rest_route=\/wp\/v2\/product\/3485","targetHints":{"allow":["GET"]}}],"collection":[{"href":"https:\/\/bonprix-dz.com\/index.php?rest_route=\/wp\/v2\/product"}],"about":[{"href":"https:\/\/bonprix-dz.com\/index.php?rest_route=\/wp\/v2\/types\/product"}],"replies":[{"embeddable":true,"href":"https:\/\/bonprix-dz.com\/index.php?rest_route=%2Fwp%2Fv2%2Fcomments&post=3485"}],"version-history":[{"count":1,"href":"https:\/\/bonprix-dz.com\/index.php?rest_route=\/wp\/v2\/product\/3485\/revisions"}],"predecessor-version":[{"id":3496,"href":"https:\/\/bonprix-dz.com\/index.php?rest_route=\/wp\/v2\/product\/3485\/revisions\/3496"}],"wp:featuredmedia":[{"embeddable":true,"href":"https:\/\/bonprix-dz.com\/index.php?rest_route=\/wp\/v2\/media\/3490"}],"wp:attachment":[{"href":"https:\/\/bonprix-dz.com\/index.php?rest_route=%2Fwp%2Fv2%2Fmedia&parent=3485"}],"wp:term":[{"taxonomy":"product_cat","embeddable":true,"href":"https:\/\/bonprix-dz.com\/index.php?rest_route=%2Fwp%2Fv2%2Fproduct_cat&post=3485"},{"taxonomy":"product_tag","embeddable":true,"href":"https:\/\/bonprix-dz.com\/index.php?rest_route=%2Fwp%2Fv2%2Fproduct_tag&post=3485"}],"curies":[{"name":"wp","href":"https:\/\/api.w.org\/{rel}","templated":true}]}}