{"id":3497,"date":"2023-11-10T23:47:01","date_gmt":"2023-11-10T23:47:01","guid":{"rendered":"https:\/\/bonprix-dz.com\/?post_type=product&#038;p=3497"},"modified":"2023-11-12T23:02:36","modified_gmt":"2023-11-12T23:02:36","slug":"hoco-power-bank-10000","status":"publish","type":"product","link":"https:\/\/bonprix-dz.com\/?product=hoco-power-bank-10000","title":{"rendered":"Hoco Power Bank 10000"},"content":{"rendered":"<p><strong>Principales caract\u00e9ristiques<\/strong><\/p>\n<p><strong>capacit\u00e9 : 10 000 mAh 37 Wh ; Capacit\u00e9 nominale 5500mAh<\/strong><\/p>\n<p><strong>entr\u00e9e : Type-C\/Micro : 5 V\/2 A.<\/strong><\/p>\n<p><strong>sortie : USB-A 1\/2 : 5 V\/2 A ; Sortie totale : 5 V\/2A<\/strong><\/p>\n<p><strong>affichage : la lumi\u00e8re LED indique le niveau de puissance<\/strong><\/p>\n<p><strong>mat\u00e9riel: coque ignifuge ABS + PC + batterie au lithium polym\u00e8re<\/strong><\/p>\n<p><strong>taille : 150*68*16 mm ; Poids <\/strong><strong>: 222g<\/strong><\/p>\n","protected":false},"excerpt":{"rendered":"<p>Principales caract\u00e9ristiques capacit\u00e9 : 10 000 mAh 37 Wh ; Capacit\u00e9 nominale 5500mAh entr\u00e9e : Type-C\/Micro : 5 V\/2 A.<\/p>\n","protected":false},"featured_media":3529,"comment_status":"open","ping_status":"closed","template":"","meta":{"om_disable_all_campaigns":false,"_monsterinsights_skip_tracking":false,"_monsterinsights_sitenote_active":false,"_monsterinsights_sitenote_note":"","_monsterinsights_sitenote_category":0,"iawp_total_views":50},"product_cat":[42],"product_tag":[70],"class_list":{"0":"post-3497","1":"product","2":"type-product","3":"status-publish","4":"has-post-thumbnail","6":"product_cat-toys","7":"product_tag-hoco","9":"first","10":"instock","11":"taxable","12":"shipping-taxable","13":"purchasable","14":"product-type-simple"},"aioseo_notices":[],"jetpack-related-posts":[{"id":5073,"url":"https:\/\/bonprix-dz.com\/?product=monster-xkt16","url_meta":{"origin":3497,"position":0},"title":"Monster XKT16","author":"bonprix-dz.com","date":"\u0623\u0628\u0631\u064a\u0644 11, 2025","format":false,"excerpt":"Sp\u00e9cification Mod\u00e8le: Monster XKT16 Version Bluetooth: V5.3 Parler unit\u00e9: 10 MM Capacit\u00e9 de la batterie: 30mAh Temps de musique: environ 4 heures (\u00e9couteurs) Temps de charge: Environ 1.5 heures (\u00e9couteurs) Distance de transmission: jusqu'\u00e0 10 m\u00e8tres\/33 pieds Capacit\u00e9 de la batterie du compartiment de charge: 300mAh\/3.7v Ce qu'il y a\u2026","rel":"","context":"\u062a\u062f\u0648\u064a\u0646\u0629 \u0645\u0634\u0627\u0628\u0647\u0629","block_context":{"text":"\u062a\u062f\u0648\u064a\u0646\u0629 \u0645\u0634\u0627\u0628\u0647\u0629","link":""},"img":{"alt_text":"","src":"https:\/\/i0.wp.com\/bonprix-dz.com\/wp-content\/uploads\/2025\/04\/Sdc6e975da75b4a66b59f3552be0fe0eaN.avif?resize=350%2C200&ssl=1","width":350,"height":200,"srcset":"https:\/\/i0.wp.com\/bonprix-dz.com\/wp-content\/uploads\/2025\/04\/Sdc6e975da75b4a66b59f3552be0fe0eaN.avif?resize=350%2C200&ssl=1 1x, https:\/\/i0.wp.com\/bonprix-dz.com\/wp-content\/uploads\/2025\/04\/Sdc6e975da75b4a66b59f3552be0fe0eaN.avif?resize=525%2C300&ssl=1 1.5x, https:\/\/i0.wp.com\/bonprix-dz.com\/wp-content\/uploads\/2025\/04\/Sdc6e975da75b4a66b59f3552be0fe0eaN.avif?resize=700%2C400&ssl=1 2x"},"classes":[]},{"id":4601,"url":"https:\/\/bonprix-dz.com\/?product=hainoteko-richard-m9","url_meta":{"origin":3497,"position":1},"title":"HainoTeko Richard M9","author":"bonprix-dz.com","date":"\u0623\u0643\u062a\u0648\u0628\u0631 11, 2024","format":false,"excerpt":"Marque Haino Teko Support waterproof \u00c9tat de l'article\u00a0 Nouveau Serie 9 Couleur Orange Noir Connectivit\u00e9 Bluetooth Taille de l'\u00e9cran 49 mm \u00c9toile Bracelet en acier Capacit\u00e9 de la batterie 45 jours en veille Appel Bluetooth Oui","rel":"","context":"\u062a\u062f\u0648\u064a\u0646\u0629 \u0645\u0634\u0627\u0628\u0647\u0629","block_context":{"text":"\u062a\u062f\u0648\u064a\u0646\u0629 \u0645\u0634\u0627\u0628\u0647\u0629","link":""},"img":{"alt_text":"","src":"https:\/\/i0.wp.com\/bonprix-dz.com\/wp-content\/uploads\/2024\/10\/312472_49aa577bd36741778333f151ed57e920mv2.jpeg?fit=1200%2C1200&ssl=1&resize=350%2C200","width":350,"height":200,"srcset":"https:\/\/i0.wp.com\/bonprix-dz.com\/wp-content\/uploads\/2024\/10\/312472_49aa577bd36741778333f151ed57e920mv2.jpeg?fit=1200%2C1200&ssl=1&resize=350%2C200 1x, https:\/\/i0.wp.com\/bonprix-dz.com\/wp-content\/uploads\/2024\/10\/312472_49aa577bd36741778333f151ed57e920mv2.jpeg?fit=1200%2C1200&ssl=1&resize=525%2C300 1.5x, https:\/\/i0.wp.com\/bonprix-dz.com\/wp-content\/uploads\/2024\/10\/312472_49aa577bd36741778333f151ed57e920mv2.jpeg?fit=1200%2C1200&ssl=1&resize=700%2C400 2x, https:\/\/i0.wp.com\/bonprix-dz.com\/wp-content\/uploads\/2024\/10\/312472_49aa577bd36741778333f151ed57e920mv2.jpeg?fit=1200%2C1200&ssl=1&resize=1050%2C600 3x"},"classes":[]},{"id":3630,"url":"https:\/\/bonprix-dz.com\/?product=hoco-ew46","url_meta":{"origin":3497,"position":2},"title":"Hoco EW46","author":"bonprix-dz.com","date":"\u0641\u0628\u0631\u0627\u064a\u0631 17, 2024","format":false,"excerpt":"\u00c9couteurs Sans Fil EW46 TWS Bluetooth 5.3 forme de Chat. Les \u00e9couteurs Bluetooth TWS\u00a0 de hoco offrent un son net et tenace. Capacit\u00e9 de la batterie : \u00e9tui de charge 350 mAh, casque 35 mAh. Prise en charge de la fen\u00eatre contextuelle POP-UP.","rel":"","context":"\u062a\u062f\u0648\u064a\u0646\u0629 \u0645\u0634\u0627\u0628\u0647\u0629","block_context":{"text":"\u062a\u062f\u0648\u064a\u0646\u0629 \u0645\u0634\u0627\u0628\u0647\u0629","link":""},"img":{"alt_text":"","src":"https:\/\/i0.wp.com\/bonprix-dz.com\/wp-content\/uploads\/2024\/02\/bonp.png?fit=497%2C493&ssl=1&resize=350%2C200","width":350,"height":200},"classes":[]},{"id":3356,"url":"https:\/\/bonprix-dz.com\/?product=lenovo-lp40-tws","url_meta":{"origin":3497,"position":3},"title":"Lenovo LP40 TWS","author":"bonprix-dz.com","date":"\u0623\u0643\u062a\u0648\u0628\u0631 6, 2023","format":false,"excerpt":"Caract\u00e9ristiques techniques : TYPE \u00c9couteurs Sans Fil MARQUE Lenovo R\u00c9F\u00c9RENCE LP40 COULEUR Blanc TEMPS DE TRAVAIL 4-6 heures PORT\u00c9E BLUETOOTH 10 m\u00e8tres MANI\u00c8RE DE CHARGE Type C CAPACIT\u00c9 DE LA BATTERIE Bo\u00eetier 300 mAh \/ Oreillettes 40 mAh DIMENSIONS Bo\u00eetier 10 x 8 x 4 cm \/ Oreillettes 8 x\u2026","rel":"","context":"\u062a\u062f\u0648\u064a\u0646\u0629 \u0645\u0634\u0627\u0628\u0647\u0629","block_context":{"text":"\u062a\u062f\u0648\u064a\u0646\u0629 \u0645\u0634\u0627\u0628\u0647\u0629","link":""},"img":{"alt_text":"","src":"https:\/\/i0.wp.com\/bonprix-dz.com\/wp-content\/uploads\/2023\/10\/2878012202028739447.jpg?fit=800%2C800&ssl=1&resize=350%2C200","width":350,"height":200,"srcset":"https:\/\/i0.wp.com\/bonprix-dz.com\/wp-content\/uploads\/2023\/10\/2878012202028739447.jpg?fit=800%2C800&ssl=1&resize=350%2C200 1x, https:\/\/i0.wp.com\/bonprix-dz.com\/wp-content\/uploads\/2023\/10\/2878012202028739447.jpg?fit=800%2C800&ssl=1&resize=525%2C300 1.5x, https:\/\/i0.wp.com\/bonprix-dz.com\/wp-content\/uploads\/2023\/10\/2878012202028739447.jpg?fit=800%2C800&ssl=1&resize=700%2C400 2x"},"classes":[]},{"id":3958,"url":"https:\/\/bonprix-dz.com\/?product=haino-teko-rw-43","url_meta":{"origin":3497,"position":4},"title":"HAINO TEKO RW-43","author":"bonprix-dz.com","date":"\u0645\u0627\u064a\u0648 6, 2024","format":false,"excerpt":"Montre Connect\u00e9e Haino Teko RW43 - \u00c9cran : Amoled - Syst\u00e8me d'exploitation : Android, IOS - Connectivit\u00e9 : Bluetooth 5.0, GPS - Capacit\u00e9 de la batterie : 300-400mAh - Suivi du sommeil - Vibration - Mesure du rythme cardiaque - Capteur de pas - R\u00e9sistante \u00e0 l'eau et \u00e0 la\u2026","rel":"","context":"\u062a\u062f\u0648\u064a\u0646\u0629 \u0645\u0634\u0627\u0628\u0647\u0629","block_context":{"text":"\u062a\u062f\u0648\u064a\u0646\u0629 \u0645\u0634\u0627\u0628\u0647\u0629","link":""},"img":{"alt_text":"","src":"https:\/\/i0.wp.com\/bonprix-dz.com\/wp-content\/uploads\/2024\/05\/1.jpg?fit=1200%2C1200&ssl=1&resize=350%2C200","width":350,"height":200,"srcset":"https:\/\/i0.wp.com\/bonprix-dz.com\/wp-content\/uploads\/2024\/05\/1.jpg?fit=1200%2C1200&ssl=1&resize=350%2C200 1x, https:\/\/i0.wp.com\/bonprix-dz.com\/wp-content\/uploads\/2024\/05\/1.jpg?fit=1200%2C1200&ssl=1&resize=525%2C300 1.5x, https:\/\/i0.wp.com\/bonprix-dz.com\/wp-content\/uploads\/2024\/05\/1.jpg?fit=1200%2C1200&ssl=1&resize=700%2C400 2x, https:\/\/i0.wp.com\/bonprix-dz.com\/wp-content\/uploads\/2024\/05\/1.jpg?fit=1200%2C1200&ssl=1&resize=1050%2C600 3x"},"classes":[]},{"id":3503,"url":"https:\/\/bonprix-dz.com\/?product=airpods-hoco-ew-43","url_meta":{"origin":3497,"position":5},"title":"Airpods HOCO EW 43","author":"bonprix-dz.com","date":"\u0646\u0648\u0641\u0645\u0628\u0631 11, 2023","format":false,"excerpt":"\u00c9couteurs sans fil EW42, TWS, BT v5.3, batterie d\u2019\u00e9couteurs 40 mAh pour 7 heures d\u2019utilisation, 200 heures en veille, avec \u00e9tui de charge 300 mAh. \u00a0 Description \u00a0 Temps d\u2019utilisation: 7 heures Temps de veille: 200 heures \u00c9couteurs st\u00e9r\u00e9o sans fil Bluetooth 5.3; Capacit\u00e9 de la batterie, compartiment de charge\u2026","rel":"","context":"\u062a\u062f\u0648\u064a\u0646\u0629 \u0645\u0634\u0627\u0628\u0647\u0629","block_context":{"text":"\u062a\u062f\u0648\u064a\u0646\u0629 \u0645\u0634\u0627\u0628\u0647\u0629","link":""},"img":{"alt_text":"","src":"https:\/\/i0.wp.com\/bonprix-dz.com\/wp-content\/uploads\/2023\/11\/3661208493.jpg?fit=800%2C800&ssl=1&resize=350%2C200","width":350,"height":200,"srcset":"https:\/\/i0.wp.com\/bonprix-dz.com\/wp-content\/uploads\/2023\/11\/3661208493.jpg?fit=800%2C800&ssl=1&resize=350%2C200 1x, https:\/\/i0.wp.com\/bonprix-dz.com\/wp-content\/uploads\/2023\/11\/3661208493.jpg?fit=800%2C800&ssl=1&resize=525%2C300 1.5x, https:\/\/i0.wp.com\/bonprix-dz.com\/wp-content\/uploads\/2023\/11\/3661208493.jpg?fit=800%2C800&ssl=1&resize=700%2C400 2x"},"classes":[]}],"_links":{"self":[{"href":"https:\/\/bonprix-dz.com\/index.php?rest_route=\/wp\/v2\/product\/3497","targetHints":{"allow":["GET"]}}],"collection":[{"href":"https:\/\/bonprix-dz.com\/index.php?rest_route=\/wp\/v2\/product"}],"about":[{"href":"https:\/\/bonprix-dz.com\/index.php?rest_route=\/wp\/v2\/types\/product"}],"replies":[{"embeddable":true,"href":"https:\/\/bonprix-dz.com\/index.php?rest_route=%2Fwp%2Fv2%2Fcomments&post=3497"}],"version-history":[{"count":1,"href":"https:\/\/bonprix-dz.com\/index.php?rest_route=\/wp\/v2\/product\/3497\/revisions"}],"predecessor-version":[{"id":3502,"href":"https:\/\/bonprix-dz.com\/index.php?rest_route=\/wp\/v2\/product\/3497\/revisions\/3502"}],"wp:featuredmedia":[{"embeddable":true,"href":"https:\/\/bonprix-dz.com\/index.php?rest_route=\/wp\/v2\/media\/3529"}],"wp:attachment":[{"href":"https:\/\/bonprix-dz.com\/index.php?rest_route=%2Fwp%2Fv2%2Fmedia&parent=3497"}],"wp:term":[{"taxonomy":"product_cat","embeddable":true,"href":"https:\/\/bonprix-dz.com\/index.php?rest_route=%2Fwp%2Fv2%2Fproduct_cat&post=3497"},{"taxonomy":"product_tag","embeddable":true,"href":"https:\/\/bonprix-dz.com\/index.php?rest_route=%2Fwp%2Fv2%2Fproduct_tag&post=3497"}],"curies":[{"name":"wp","href":"https:\/\/api.w.org\/{rel}","templated":true}]}}