{"id":3503,"date":"2023-11-11T00:57:44","date_gmt":"2023-11-11T00:57:44","guid":{"rendered":"https:\/\/bonprix-dz.com\/?post_type=product&#038;p=3503"},"modified":"2025-10-22T09:45:46","modified_gmt":"2025-10-22T09:45:46","slug":"airpods-hoco-ew-43","status":"publish","type":"product","link":"https:\/\/bonprix-dz.com\/?product=airpods-hoco-ew-43","title":{"rendered":"Airpods HOCO EW 43"},"content":{"rendered":"<p><strong>\u00c9couteurs sans fil EW42, TWS, BT v5.3, batterie d\u2019\u00e9couteurs 40 mAh pour 7 heures d\u2019utilisation, 200 heures en veille, avec \u00e9tui de charge 300 mAh.<\/strong><\/p>\n<p>&nbsp;<\/p>\n<p><strong>Description<\/strong><\/p>\n<p>&nbsp;<\/p>\n<p><strong>Temps d\u2019utilisation: 7 heures<\/strong><\/p>\n<p><strong>Temps de veille: 200 heures<\/strong><\/p>\n<p><strong>\u00c9couteurs st\u00e9r\u00e9o sans fil Bluetooth 5.3;<\/strong><\/p>\n<p><strong>Capacit\u00e9 de la batterie, compartiment de charge 300mAh;<\/strong><\/p>\n<p><strong>\u00c9couteurs 40mAh<\/strong><\/p>\n<p><strong>Taille: 60.6*45.2*21.7mm;<\/strong><\/p>\n<p><strong>Poids total: 57g<\/strong><\/p>\n<p><strong>Prise en charge de la fen\u00eatre pop-up pour t\u00e9l\u00e9phone Apple lors de l\u2019ouverture du couvercle du bo\u00eetier de chargement,<\/strong><\/p>\n<p><strong>trois indicateurs de niveau de charge: \u00e9tui\/casque gauche\/droit, changement de nom d\u2019appairage sans fil,<\/strong><\/p>\n<p><strong>affichage de la page de r\u00e9duction du bruit, appuyez longuement sur le r\u00e9glage de fonctionnement sur le casque gauche et droit, recherchez le positionnement,<\/strong><\/p>\n<p><strong>appelez Siri, sensible au contr\u00f4le de la pression<\/strong><\/p>\n","protected":false},"excerpt":{"rendered":"<p>\u00c9couteurs sans fil EW42, TWS, BT v5.3, batterie d\u2019\u00e9couteurs 40 mAh pour 7 heures d\u2019utilisation, 200 heures en veille, avec<\/p>\n","protected":false},"featured_media":3504,"comment_status":"open","ping_status":"closed","template":"","meta":{"om_disable_all_campaigns":false,"_monsterinsights_skip_tracking":false,"_monsterinsights_sitenote_active":false,"_monsterinsights_sitenote_note":"","_monsterinsights_sitenote_category":0,"iawp_total_views":158},"product_cat":[39],"product_tag":[70],"class_list":{"0":"post-3503","1":"product","2":"type-product","3":"status-publish","4":"has-post-thumbnail","6":"product_cat-headphone","7":"product_tag-hoco","9":"first","10":"outofstock","11":"taxable","12":"shipping-taxable","13":"purchasable","14":"product-type-simple"},"aioseo_notices":[],"jetpack-related-posts":[{"id":3630,"url":"https:\/\/bonprix-dz.com\/?product=hoco-ew46","url_meta":{"origin":3503,"position":0},"title":"Hoco EW46","author":"bonprix-dz.com","date":"\u0641\u0628\u0631\u0627\u064a\u0631 17, 2024","format":false,"excerpt":"\u00c9couteurs Sans Fil EW46 TWS Bluetooth 5.3 forme de Chat. Les \u00e9couteurs Bluetooth TWS\u00a0 de hoco offrent un son net et tenace. Capacit\u00e9 de la batterie : \u00e9tui de charge 350 mAh, casque 35 mAh. Prise en charge de la fen\u00eatre contextuelle POP-UP.","rel":"","context":"\u062a\u062f\u0648\u064a\u0646\u0629 \u0645\u0634\u0627\u0628\u0647\u0629","block_context":{"text":"\u062a\u062f\u0648\u064a\u0646\u0629 \u0645\u0634\u0627\u0628\u0647\u0629","link":""},"img":{"alt_text":"","src":"https:\/\/i0.wp.com\/bonprix-dz.com\/wp-content\/uploads\/2024\/02\/bonp.png?fit=497%2C493&ssl=1&resize=350%2C200","width":350,"height":200},"classes":[]},{"id":3437,"url":"https:\/\/bonprix-dz.com\/?product=xiaomi-redmi-airdots-2","url_meta":{"origin":3503,"position":1},"title":"Xiaomi Redmi Airdots 2","author":"bonprix-dz.com","date":"\u0623\u0643\u062a\u0648\u0628\u0631 25, 2023","format":false,"excerpt":"Xiaomi Redmi Airdots 2 TWS \u00c9couteurs Bluetooth 5.0 Sp\u00e9cifications: Marque: Xiaomi Mod\u00e8le de Produit:\u00a0Xiaomi Redmi Airdots 2 Connexion sans fil: Bluetooth 5.0 Poids net Des \u00c9couteurs Simples:\u00a0Environ 4.1g Distance de Communication: 10 m\u00e8tres (Environnement Accessible) Double Casque Temps D'\u00e9coute en Continu: Environ 4 heures Dur\u00e9e de Veille des \u00c9couteurs: Environ\u2026","rel":"","context":"\u062a\u062f\u0648\u064a\u0646\u0629 \u0645\u0634\u0627\u0628\u0647\u0629","block_context":{"text":"\u062a\u062f\u0648\u064a\u0646\u0629 \u0645\u0634\u0627\u0628\u0647\u0629","link":""},"img":{"alt_text":"","src":"https:\/\/i0.wp.com\/bonprix-dz.com\/wp-content\/uploads\/2023\/10\/17753965561049214553.jpg?fit=960%2C960&ssl=1&resize=350%2C200","width":350,"height":200,"srcset":"https:\/\/i0.wp.com\/bonprix-dz.com\/wp-content\/uploads\/2023\/10\/17753965561049214553.jpg?fit=960%2C960&ssl=1&resize=350%2C200 1x, https:\/\/i0.wp.com\/bonprix-dz.com\/wp-content\/uploads\/2023\/10\/17753965561049214553.jpg?fit=960%2C960&ssl=1&resize=525%2C300 1.5x, https:\/\/i0.wp.com\/bonprix-dz.com\/wp-content\/uploads\/2023\/10\/17753965561049214553.jpg?fit=960%2C960&ssl=1&resize=700%2C400 2x"},"classes":[]},{"id":4014,"url":"https:\/\/bonprix-dz.com\/?product=hoco-eq1","url_meta":{"origin":3503,"position":2},"title":"HOCO-EQ1","author":"bonprix-dz.com","date":"\u0645\u0627\u064a\u0648 24, 2024","format":false,"excerpt":"Bluetooth 5.3: B\u00e9n\u00e9ficiez d\u2019une connectivit\u00e9 sans fil rapide et stable pour une exp\u00e9rience audio in\u00e9gal\u00e9e. Autonomie Impressionnante: La batterie int\u00e9gr\u00e9e de 40mAh dans chaque \u00e9couteur garantit jusqu\u2019\u00e0 7 heures d\u2019utilisation continue.\u00a0 Le bo\u00eetier de charge compact de 400mAh prolonge cette autonomie, offrant une dur\u00e9e totale de lecture de 180 heures.\u2026","rel":"","context":"\u062a\u062f\u0648\u064a\u0646\u0629 \u0645\u0634\u0627\u0628\u0647\u0629","block_context":{"text":"\u062a\u062f\u0648\u064a\u0646\u0629 \u0645\u0634\u0627\u0628\u0647\u0629","link":""},"img":{"alt_text":"","src":"https:\/\/i0.wp.com\/bonprix-dz.com\/wp-content\/uploads\/2024\/05\/8291009501624525956.jpg?fit=960%2C960&ssl=1&resize=350%2C200","width":350,"height":200,"srcset":"https:\/\/i0.wp.com\/bonprix-dz.com\/wp-content\/uploads\/2024\/05\/8291009501624525956.jpg?fit=960%2C960&ssl=1&resize=350%2C200 1x, https:\/\/i0.wp.com\/bonprix-dz.com\/wp-content\/uploads\/2024\/05\/8291009501624525956.jpg?fit=960%2C960&ssl=1&resize=525%2C300 1.5x, https:\/\/i0.wp.com\/bonprix-dz.com\/wp-content\/uploads\/2024\/05\/8291009501624525956.jpg?fit=960%2C960&ssl=1&resize=700%2C400 2x"},"classes":[]},{"id":3356,"url":"https:\/\/bonprix-dz.com\/?product=lenovo-lp40-tws","url_meta":{"origin":3503,"position":3},"title":"Lenovo LP40 TWS","author":"bonprix-dz.com","date":"\u0623\u0643\u062a\u0648\u0628\u0631 6, 2023","format":false,"excerpt":"Caract\u00e9ristiques techniques : TYPE \u00c9couteurs Sans Fil MARQUE Lenovo R\u00c9F\u00c9RENCE LP40 COULEUR Blanc TEMPS DE TRAVAIL 4-6 heures PORT\u00c9E BLUETOOTH 10 m\u00e8tres MANI\u00c8RE DE CHARGE Type C CAPACIT\u00c9 DE LA BATTERIE Bo\u00eetier 300 mAh \/ Oreillettes 40 mAh DIMENSIONS Bo\u00eetier 10 x 8 x 4 cm \/ Oreillettes 8 x\u2026","rel":"","context":"\u062a\u062f\u0648\u064a\u0646\u0629 \u0645\u0634\u0627\u0628\u0647\u0629","block_context":{"text":"\u062a\u062f\u0648\u064a\u0646\u0629 \u0645\u0634\u0627\u0628\u0647\u0629","link":""},"img":{"alt_text":"","src":"https:\/\/i0.wp.com\/bonprix-dz.com\/wp-content\/uploads\/2023\/10\/2878012202028739447.jpg?fit=800%2C800&ssl=1&resize=350%2C200","width":350,"height":200,"srcset":"https:\/\/i0.wp.com\/bonprix-dz.com\/wp-content\/uploads\/2023\/10\/2878012202028739447.jpg?fit=800%2C800&ssl=1&resize=350%2C200 1x, https:\/\/i0.wp.com\/bonprix-dz.com\/wp-content\/uploads\/2023\/10\/2878012202028739447.jpg?fit=800%2C800&ssl=1&resize=525%2C300 1.5x, https:\/\/i0.wp.com\/bonprix-dz.com\/wp-content\/uploads\/2023\/10\/2878012202028739447.jpg?fit=800%2C800&ssl=1&resize=700%2C400 2x"},"classes":[]},{"id":5073,"url":"https:\/\/bonprix-dz.com\/?product=monster-xkt16","url_meta":{"origin":3503,"position":4},"title":"Monster XKT16","author":"bonprix-dz.com","date":"\u0623\u0628\u0631\u064a\u0644 11, 2025","format":false,"excerpt":"Sp\u00e9cification Mod\u00e8le: Monster XKT16 Version Bluetooth: V5.3 Parler unit\u00e9: 10 MM Capacit\u00e9 de la batterie: 30mAh Temps de musique: environ 4 heures (\u00e9couteurs) Temps de charge: Environ 1.5 heures (\u00e9couteurs) Distance de transmission: jusqu'\u00e0 10 m\u00e8tres\/33 pieds Capacit\u00e9 de la batterie du compartiment de charge: 300mAh\/3.7v Ce qu'il y a\u2026","rel":"","context":"\u062a\u062f\u0648\u064a\u0646\u0629 \u0645\u0634\u0627\u0628\u0647\u0629","block_context":{"text":"\u062a\u062f\u0648\u064a\u0646\u0629 \u0645\u0634\u0627\u0628\u0647\u0629","link":""},"img":{"alt_text":"","src":"https:\/\/i0.wp.com\/bonprix-dz.com\/wp-content\/uploads\/2025\/04\/Sdc6e975da75b4a66b59f3552be0fe0eaN.avif?resize=350%2C200&ssl=1","width":350,"height":200,"srcset":"https:\/\/i0.wp.com\/bonprix-dz.com\/wp-content\/uploads\/2025\/04\/Sdc6e975da75b4a66b59f3552be0fe0eaN.avif?resize=350%2C200&ssl=1 1x, https:\/\/i0.wp.com\/bonprix-dz.com\/wp-content\/uploads\/2025\/04\/Sdc6e975da75b4a66b59f3552be0fe0eaN.avif?resize=525%2C300&ssl=1 1.5x, https:\/\/i0.wp.com\/bonprix-dz.com\/wp-content\/uploads\/2025\/04\/Sdc6e975da75b4a66b59f3552be0fe0eaN.avif?resize=700%2C400&ssl=1 2x"},"classes":[]},{"id":3485,"url":"https:\/\/bonprix-dz.com\/?product=casque-bluetooth-p47","url_meta":{"origin":3503,"position":5},"title":"Casque Bluetooth P47","author":"bonprix-dz.com","date":"\u0646\u0648\u0641\u0645\u0628\u0631 9, 2023","format":false,"excerpt":"Casque P47 \u2013 Bluetooth \u2013 Sans Fil & Flexible & Pliable. Supporte La carte m\u00e9moire et la Radio. Peut \u00eatre Utilis\u00e9 avec un cable Jack (Auxiliaire) en cas de d\u00e9chargement. Profils de soutien: HSP, HFP, A2DP, AVRCP. Gamme de fr\u00e9quences: 2.4026 GHz-2.480 GHz Temps de lecture de musique: 8-10 heures\u2026","rel":"","context":"\u062a\u062f\u0648\u064a\u0646\u0629 \u0645\u0634\u0627\u0628\u0647\u0629","block_context":{"text":"\u062a\u062f\u0648\u064a\u0646\u0629 \u0645\u0634\u0627\u0628\u0647\u0629","link":""},"img":{"alt_text":"","src":"https:\/\/i0.wp.com\/bonprix-dz.com\/wp-content\/uploads\/2023\/11\/17598883141037599854.jpg?fit=600%2C600&ssl=1&resize=350%2C200","width":350,"height":200,"srcset":"https:\/\/i0.wp.com\/bonprix-dz.com\/wp-content\/uploads\/2023\/11\/17598883141037599854.jpg?fit=600%2C600&ssl=1&resize=350%2C200 1x, https:\/\/i0.wp.com\/bonprix-dz.com\/wp-content\/uploads\/2023\/11\/17598883141037599854.jpg?fit=600%2C600&ssl=1&resize=525%2C300 1.5x"},"classes":[]}],"_links":{"self":[{"href":"https:\/\/bonprix-dz.com\/index.php?rest_route=\/wp\/v2\/product\/3503","targetHints":{"allow":["GET"]}}],"collection":[{"href":"https:\/\/bonprix-dz.com\/index.php?rest_route=\/wp\/v2\/product"}],"about":[{"href":"https:\/\/bonprix-dz.com\/index.php?rest_route=\/wp\/v2\/types\/product"}],"replies":[{"embeddable":true,"href":"https:\/\/bonprix-dz.com\/index.php?rest_route=%2Fwp%2Fv2%2Fcomments&post=3503"}],"version-history":[{"count":1,"href":"https:\/\/bonprix-dz.com\/index.php?rest_route=\/wp\/v2\/product\/3503\/revisions"}],"predecessor-version":[{"id":3510,"href":"https:\/\/bonprix-dz.com\/index.php?rest_route=\/wp\/v2\/product\/3503\/revisions\/3510"}],"wp:featuredmedia":[{"embeddable":true,"href":"https:\/\/bonprix-dz.com\/index.php?rest_route=\/wp\/v2\/media\/3504"}],"wp:attachment":[{"href":"https:\/\/bonprix-dz.com\/index.php?rest_route=%2Fwp%2Fv2%2Fmedia&parent=3503"}],"wp:term":[{"taxonomy":"product_cat","embeddable":true,"href":"https:\/\/bonprix-dz.com\/index.php?rest_route=%2Fwp%2Fv2%2Fproduct_cat&post=3503"},{"taxonomy":"product_tag","embeddable":true,"href":"https:\/\/bonprix-dz.com\/index.php?rest_route=%2Fwp%2Fv2%2Fproduct_tag&post=3503"}],"curies":[{"name":"wp","href":"https:\/\/api.w.org\/{rel}","templated":true}]}}