{"id":3520,"date":"2023-11-12T22:15:52","date_gmt":"2023-11-12T22:15:52","guid":{"rendered":"https:\/\/bonprix-dz.com\/?post_type=product&#038;p=3520"},"modified":"2023-11-12T23:10:59","modified_gmt":"2023-11-12T23:10:59","slug":"haino-teko-t87-max","status":"publish","type":"product","link":"https:\/\/bonprix-dz.com\/?product=haino-teko-t87-max","title":{"rendered":"Haino Teko T87 Max"},"content":{"rendered":"<p><strong>\u0647\u0627\u064a\u0646\u0648 \u062a\u064a\u0643\u0648 9 (\u0645\u0648\u062f\u064a\u0644 T87 \u0645\u0627\u0643\u0633)<\/strong><\/p>\n<p><strong>\u0634\u0627\u0634\u0629 \u0643\u0627\u0645\u0644\u0629 \u0639\u0627\u0644\u064a\u0629 \u0627\u0644\u062f\u0642\u0629 \u0645\u0639 4 \u0645\u062c\u0645\u0648\u0639\u0629 \u062d\u0632\u0627\u0645 \u0648\u0634\u0627\u062d\u0646 \u0644\u0627\u0633\u0644\u0643\u064a \u0644\u0644\u0631\u062c\u0627\u0644 \u0648\u0627\u0644\u0635\u0628\u064a\u0627\u0646<\/strong><\/p>\n<p>&nbsp;<\/p>\n<p><strong>Montre connect\u00e9e Haino Teko T87 Max Une montre bracelet \u00e9l\u00e9gante qui convient \u00e0 toutes vos pouvez changer les bracelets au gr\u00e9 de vos envies ou de votre contient 4 montre intelligente qui contient plusieurs fonctionnalit\u00e9s.<\/strong><\/p>\n","protected":false},"excerpt":{"rendered":"<p>\u0647\u0627\u064a\u0646\u0648 \u062a\u064a\u0643\u0648 9 (\u0645\u0648\u062f\u064a\u0644 T87 \u0645\u0627\u0643\u0633) \u0634\u0627\u0634\u0629 \u0643\u0627\u0645\u0644\u0629 \u0639\u0627\u0644\u064a\u0629 \u0627\u0644\u062f\u0642\u0629 \u0645\u0639 4 \u0645\u062c\u0645\u0648\u0639\u0629 \u062d\u0632\u0627\u0645 \u0648\u0634\u0627\u062d\u0646 \u0644\u0627\u0633\u0644\u0643\u064a \u0644\u0644\u0631\u062c\u0627\u0644 \u0648\u0627\u0644\u0635\u0628\u064a\u0627\u0646 &nbsp; Montre<\/p>\n","protected":false},"featured_media":3521,"comment_status":"open","ping_status":"closed","template":"","meta":{"om_disable_all_campaigns":false,"_monsterinsights_skip_tracking":false,"_monsterinsights_sitenote_active":false,"_monsterinsights_sitenote_note":"","_monsterinsights_sitenote_category":0,"iawp_total_views":63},"product_cat":[41],"product_tag":[],"class_list":{"0":"post-3520","1":"product","2":"type-product","3":"status-publish","4":"has-post-thumbnail","6":"product_cat-smartwatch","8":"first","9":"instock","10":"taxable","11":"shipping-taxable","12":"purchasable","13":"product-type-simple"},"aioseo_notices":[],"jetpack-related-posts":[{"id":3958,"url":"https:\/\/bonprix-dz.com\/?product=haino-teko-rw-43","url_meta":{"origin":3520,"position":0},"title":"HAINO TEKO RW-43","author":"bonprix-dz.com","date":"\u0645\u0627\u064a\u0648 6, 2024","format":false,"excerpt":"Montre Connect\u00e9e Haino Teko RW43 - \u00c9cran : Amoled - Syst\u00e8me d'exploitation : Android, IOS - Connectivit\u00e9 : Bluetooth 5.0, GPS - Capacit\u00e9 de la batterie : 300-400mAh - Suivi du sommeil - Vibration - Mesure du rythme cardiaque - Capteur de pas - R\u00e9sistante \u00e0 l'eau et \u00e0 la\u2026","rel":"","context":"\u062a\u062f\u0648\u064a\u0646\u0629 \u0645\u0634\u0627\u0628\u0647\u0629","block_context":{"text":"\u062a\u062f\u0648\u064a\u0646\u0629 \u0645\u0634\u0627\u0628\u0647\u0629","link":""},"img":{"alt_text":"","src":"https:\/\/i0.wp.com\/bonprix-dz.com\/wp-content\/uploads\/2024\/05\/1.jpg?fit=1200%2C1200&ssl=1&resize=350%2C200","width":350,"height":200,"srcset":"https:\/\/i0.wp.com\/bonprix-dz.com\/wp-content\/uploads\/2024\/05\/1.jpg?fit=1200%2C1200&ssl=1&resize=350%2C200 1x, https:\/\/i0.wp.com\/bonprix-dz.com\/wp-content\/uploads\/2024\/05\/1.jpg?fit=1200%2C1200&ssl=1&resize=525%2C300 1.5x, https:\/\/i0.wp.com\/bonprix-dz.com\/wp-content\/uploads\/2024\/05\/1.jpg?fit=1200%2C1200&ssl=1&resize=700%2C400 2x, https:\/\/i0.wp.com\/bonprix-dz.com\/wp-content\/uploads\/2024\/05\/1.jpg?fit=1200%2C1200&ssl=1&resize=1050%2C600 3x"},"classes":[]},{"id":4607,"url":"https:\/\/bonprix-dz.com\/?product=haino-teko-germany-sq9","url_meta":{"origin":3520,"position":1},"title":"Haino Teko Germany SQ9","author":"bonprix-dz.com","date":"\u0623\u0643\u062a\u0648\u0628\u0631 11, 2024","format":false,"excerpt":"Montre intelligente SQ9 compatible avec les appareils Android et iOS L'\u00e9cran AMOLED plein \u00e9cran produit des couleurs plus riches, des niveaux de luminosit\u00e9 plus \u00e9lev\u00e9s et un contraste sup\u00e9rieur aux \u00e9crans LCD traditionnels. Comme ils ont des niveaux de noir plus profonds, le texte et les images sont plus lisibles\u2026","rel":"","context":"\u062a\u062f\u0648\u064a\u0646\u0629 \u0645\u0634\u0627\u0628\u0647\u0629","block_context":{"text":"\u062a\u062f\u0648\u064a\u0646\u0629 \u0645\u0634\u0627\u0628\u0647\u0629","link":""},"img":{"alt_text":"","src":"https:\/\/i0.wp.com\/bonprix-dz.com\/wp-content\/uploads\/2024\/10\/312472_9ab08aaf190e4f7b92722ff1595f7f1amv2.jpeg?fit=1200%2C1200&ssl=1&resize=350%2C200","width":350,"height":200,"srcset":"https:\/\/i0.wp.com\/bonprix-dz.com\/wp-content\/uploads\/2024\/10\/312472_9ab08aaf190e4f7b92722ff1595f7f1amv2.jpeg?fit=1200%2C1200&ssl=1&resize=350%2C200 1x, https:\/\/i0.wp.com\/bonprix-dz.com\/wp-content\/uploads\/2024\/10\/312472_9ab08aaf190e4f7b92722ff1595f7f1amv2.jpeg?fit=1200%2C1200&ssl=1&resize=525%2C300 1.5x, https:\/\/i0.wp.com\/bonprix-dz.com\/wp-content\/uploads\/2024\/10\/312472_9ab08aaf190e4f7b92722ff1595f7f1amv2.jpeg?fit=1200%2C1200&ssl=1&resize=700%2C400 2x, https:\/\/i0.wp.com\/bonprix-dz.com\/wp-content\/uploads\/2024\/10\/312472_9ab08aaf190e4f7b92722ff1595f7f1amv2.jpeg?fit=1200%2C1200&ssl=1&resize=1050%2C600 3x"},"classes":[]},{"id":3371,"url":"https:\/\/bonprix-dz.com\/?product=haino-teko-t85-max","url_meta":{"origin":3520,"position":2},"title":"Haino teko T85 Max","author":"bonprix-dz.com","date":"\u0623\u0643\u062a\u0648\u0628\u0631 6, 2023","format":false,"excerpt":"\u0646\u0638\u0631\u0629 \u0639\u0627\u0645\u0629 \u0627\u0644\u0645\u064a\u0632\u0627\u062a \u0627\u0644\u0623\u0633\u0627\u0633\u064a\u0629 HainoTeko T85 max smartwatch Monitor sleep 1.75 inch screen Communications: Bluetooth Operating system: Android, iOS Wireless charging Compatibility: Android 4.4 and above, IOS 8.4 (5S and above) Include: Smart Watch, Band, Charging Cable, and Manual \u0627\u0644\u0645\u0648\u0627\u0635\u0641\u0627\u062a \u0646\u0648\u0639 \u0627\u0644\u0634\u062d\u0646 Airpods With Wireless Charging Case \u0627\u0644\u0645\u0627\u062f\u0629 Silicone \u0646\u0648\u0639\u2026","rel":"","context":"\u062a\u062f\u0648\u064a\u0646\u0629 \u0645\u0634\u0627\u0628\u0647\u0629","block_context":{"text":"\u062a\u062f\u0648\u064a\u0646\u0629 \u0645\u0634\u0627\u0628\u0647\u0629","link":""},"img":{"alt_text":"","src":"https:\/\/i0.wp.com\/bonprix-dz.com\/wp-content\/uploads\/2023\/10\/312472_44598fd819a84dc895fe5a7fc81c59ca_mv2.jpg?fit=666%2C666&ssl=1&resize=350%2C200","width":350,"height":200,"srcset":"https:\/\/i0.wp.com\/bonprix-dz.com\/wp-content\/uploads\/2023\/10\/312472_44598fd819a84dc895fe5a7fc81c59ca_mv2.jpg?fit=666%2C666&ssl=1&resize=350%2C200 1x, https:\/\/i0.wp.com\/bonprix-dz.com\/wp-content\/uploads\/2023\/10\/312472_44598fd819a84dc895fe5a7fc81c59ca_mv2.jpg?fit=666%2C666&ssl=1&resize=525%2C300 1.5x"},"classes":[]},{"id":3595,"url":"https:\/\/bonprix-dz.com\/?product=3595","url_meta":{"origin":3520,"position":3},"title":"HAINO TEKO RW-35","author":"bonprix-dz.com","date":"\u0646\u0648\u0641\u0645\u0628\u0631 28, 2023","format":false,"excerpt":"Montre connect\u00e9e HAINO TEKO RW-35 + 3 bracelet de rechange gratuitFait et con\u00e7u pour les amateurs de plein air, le classique RW35 hybride Smartwatch fournit toutes les choses dont vous avez besoin pour adapter le s\u00e9jour. \u00c9quip\u00e9 d'un moniteur de fr\u00e9quence cardiaque, d'un tensiom\u00e8tre, d'un moniteur de sommeil, d'un moniteur\u2026","rel":"","context":"\u062a\u062f\u0648\u064a\u0646\u0629 \u0645\u0634\u0627\u0628\u0647\u0629","block_context":{"text":"\u062a\u062f\u0648\u064a\u0646\u0629 \u0645\u0634\u0627\u0628\u0647\u0629","link":""},"img":{"alt_text":"","src":"https:\/\/i0.wp.com\/bonprix-dz.com\/wp-content\/uploads\/2023\/11\/312472_41556245da9e461dac1a00cda426860cmv2.jpeg?fit=342%2C342&ssl=1&resize=350%2C200","width":350,"height":200},"classes":[]},{"id":3399,"url":"https:\/\/bonprix-dz.com\/?product=haino-teko-c8","url_meta":{"origin":3520,"position":4},"title":"Haino Teko C8","author":"bonprix-dz.com","date":"\u0623\u0643\u062a\u0648\u0628\u0631 12, 2023","format":false,"excerpt":"\u0627\u0644\u0645\u064a\u0632\u0627\u062a \u0648\u0627\u0644\u0645\u0648\u0627\u0635\u0641\u0627\u062a: - \u0634\u0643\u0644 \u062f\u0627\u0626\u0631\u064a - \u0627\u0644\u0644\u0648\u0646 \u0627\u0644\u0623\u0633\u0648\u062f - \u0627\u062a\u0635\u0627\u0644 \u0628\u0644\u0648\u062a\u0648\u062b - 3 \u0623\u0632\u0648\u0627\u062c \u0645\u0646 \u0627\u0644\u0634\u0631\u064a\u0637 - \u062a\u0635\u0645\u064a\u0645 \u0645\u0642\u0627\u0648\u0645 \u0644\u0644\u0645\u0627\u0621 - \u0633\u0639\u0629 \u0627\u0644\u0628\u0637\u0627\u0631\u064a\u0629 45 \u064a\u0648\u0645\u064b\u0627 \u0641\u064a \u0648\u0636\u0639 \u0627\u0644\u0627\u0633\u062a\u0639\u062f\u0627\u062f - \u0627\u062a\u0635\u0627\u0644 \u0628\u0644\u0648\u062a\u0648\u062b - \u062d\u0632\u0627\u0645 \u0645\u0646 \u0627\u0644\u0641\u0648\u0644\u0627\u0630 \u0627\u0644\u0645\u0642\u0627\u0648\u0645 \u0644\u0644\u0635\u062f\u0623 + \u062d\u0632\u0627\u0645 \u0633\u064a\u0644\u064a\u0643\u0648\u0646 + \u062d\u0632\u0627\u0645 \u062c\u0644\u062f\u064a - \u0627\u0644\u0645\u0627\u0631\u0643\u0629: Haino Teko - \u0627\u0644\u0645\u0648\u062f\u064a\u0644: Haino\u2026","rel":"","context":"\u062a\u062f\u0648\u064a\u0646\u0629 \u0645\u0634\u0627\u0628\u0647\u0629","block_context":{"text":"\u062a\u062f\u0648\u064a\u0646\u0629 \u0645\u0634\u0627\u0628\u0647\u0629","link":""},"img":{"alt_text":"","src":"https:\/\/i0.wp.com\/bonprix-dz.com\/wp-content\/uploads\/2023\/10\/20231012_082134-scaled.jpg?fit=1200%2C1200&ssl=1&resize=350%2C200","width":350,"height":200,"srcset":"https:\/\/i0.wp.com\/bonprix-dz.com\/wp-content\/uploads\/2023\/10\/20231012_082134-scaled.jpg?fit=1200%2C1200&ssl=1&resize=350%2C200 1x, https:\/\/i0.wp.com\/bonprix-dz.com\/wp-content\/uploads\/2023\/10\/20231012_082134-scaled.jpg?fit=1200%2C1200&ssl=1&resize=525%2C300 1.5x, https:\/\/i0.wp.com\/bonprix-dz.com\/wp-content\/uploads\/2023\/10\/20231012_082134-scaled.jpg?fit=1200%2C1200&ssl=1&resize=700%2C400 2x, https:\/\/i0.wp.com\/bonprix-dz.com\/wp-content\/uploads\/2023\/10\/20231012_082134-scaled.jpg?fit=1200%2C1200&ssl=1&resize=1050%2C600 3x"},"classes":[]},{"id":4545,"url":"https:\/\/bonprix-dz.com\/?product=haino-teko-germany-rw-51","url_meta":{"origin":3520,"position":5},"title":"Haino Teko Germany RW-51","author":"bonprix-dz.com","date":"\u0633\u0628\u062a\u0645\u0628\u0631 25, 2024","format":false,"excerpt":"Specifications Product Weight 75 g Color Name Silver Department Women Display Type AMOLED Face\/Dial Shape Round Band Size One Size (Adjustable Band) Product Length 20 cm Product Height 10 cm Product Width\/Depth 5 cm Features Bluetooth, Blood Pressure Monitor, Heart Rate Monitor, Lightweight Model Number Haino Teko RW51_Silver Model Name\u2026","rel":"","context":"\u062a\u062f\u0648\u064a\u0646\u0629 \u0645\u0634\u0627\u0628\u0647\u0629","block_context":{"text":"\u062a\u062f\u0648\u064a\u0646\u0629 \u0645\u0634\u0627\u0628\u0647\u0629","link":""},"img":{"alt_text":"","src":"https:\/\/i0.wp.com\/bonprix-dz.com\/wp-content\/uploads\/2024\/09\/312472_2a3c06b2800746c9a2c7c0fcc5458990mv2.jpeg?fit=1200%2C1200&ssl=1&resize=350%2C200","width":350,"height":200,"srcset":"https:\/\/i0.wp.com\/bonprix-dz.com\/wp-content\/uploads\/2024\/09\/312472_2a3c06b2800746c9a2c7c0fcc5458990mv2.jpeg?fit=1200%2C1200&ssl=1&resize=350%2C200 1x, https:\/\/i0.wp.com\/bonprix-dz.com\/wp-content\/uploads\/2024\/09\/312472_2a3c06b2800746c9a2c7c0fcc5458990mv2.jpeg?fit=1200%2C1200&ssl=1&resize=525%2C300 1.5x, https:\/\/i0.wp.com\/bonprix-dz.com\/wp-content\/uploads\/2024\/09\/312472_2a3c06b2800746c9a2c7c0fcc5458990mv2.jpeg?fit=1200%2C1200&ssl=1&resize=700%2C400 2x, https:\/\/i0.wp.com\/bonprix-dz.com\/wp-content\/uploads\/2024\/09\/312472_2a3c06b2800746c9a2c7c0fcc5458990mv2.jpeg?fit=1200%2C1200&ssl=1&resize=1050%2C600 3x"},"classes":[]}],"_links":{"self":[{"href":"https:\/\/bonprix-dz.com\/index.php?rest_route=\/wp\/v2\/product\/3520","targetHints":{"allow":["GET"]}}],"collection":[{"href":"https:\/\/bonprix-dz.com\/index.php?rest_route=\/wp\/v2\/product"}],"about":[{"href":"https:\/\/bonprix-dz.com\/index.php?rest_route=\/wp\/v2\/types\/product"}],"replies":[{"embeddable":true,"href":"https:\/\/bonprix-dz.com\/index.php?rest_route=%2Fwp%2Fv2%2Fcomments&post=3520"}],"version-history":[{"count":1,"href":"https:\/\/bonprix-dz.com\/index.php?rest_route=\/wp\/v2\/product\/3520\/revisions"}],"predecessor-version":[{"id":3528,"href":"https:\/\/bonprix-dz.com\/index.php?rest_route=\/wp\/v2\/product\/3520\/revisions\/3528"}],"wp:featuredmedia":[{"embeddable":true,"href":"https:\/\/bonprix-dz.com\/index.php?rest_route=\/wp\/v2\/media\/3521"}],"wp:attachment":[{"href":"https:\/\/bonprix-dz.com\/index.php?rest_route=%2Fwp%2Fv2%2Fmedia&parent=3520"}],"wp:term":[{"taxonomy":"product_cat","embeddable":true,"href":"https:\/\/bonprix-dz.com\/index.php?rest_route=%2Fwp%2Fv2%2Fproduct_cat&post=3520"},{"taxonomy":"product_tag","embeddable":true,"href":"https:\/\/bonprix-dz.com\/index.php?rest_route=%2Fwp%2Fv2%2Fproduct_tag&post=3520"}],"curies":[{"name":"wp","href":"https:\/\/api.w.org\/{rel}","templated":true}]}}