{"id":3549,"date":"2023-11-19T16:15:21","date_gmt":"2023-11-19T16:15:21","guid":{"rendered":"https:\/\/bonprix-dz.com\/?post_type=product&#038;p=3549"},"modified":"2024-05-24T11:23:51","modified_gmt":"2024-05-24T11:23:51","slug":"haylou-rs4-plus","status":"publish","type":"product","link":"https:\/\/bonprix-dz.com\/?product=haylou-rs4-plus","title":{"rendered":"Haylou RS4 Plus"},"content":{"rendered":"<div class=\"rs4plus-s2-title-div\">\n<div class=\"specification-block\">\n<ul>\n<li class=\"spec-txt-20-30\"><strong>Product name<\/strong><\/li>\n<li class=\"spec-txt-80-70\"><strong>Haylou RS4 Plus<\/strong><\/li>\n<\/ul>\n<\/div>\n<div class=\"specification-block\">\n<div class=\"spec-txt-20-30\"><strong>Bluetooth version<\/strong><\/div>\n<div class=\"spec-txt-80-70\"><strong>Bluetooth 5.1<\/strong><\/div>\n<\/div>\n<div class=\"specification-block\">\n<div class=\"spec-txt-20-30\"><strong>Supported devices<\/strong><\/div>\n<div class=\"spec-txt-80-70\"><strong>Android 6.0 or iOS 11.0 and above<\/strong><\/div>\n<\/div>\n<div class=\"specification-block\">\n<div class=\"spec-txt-20-30\"><strong>Dimensions<\/strong><\/div>\n<div class=\"spec-txt-80-70\"><strong>45.2*37.2*10.4mm<\/strong><\/div>\n<\/div>\n<div class=\"specification-block\">\n<div class=\"spec-txt-20-30\"><strong>Strap width<\/strong><\/div>\n<div class=\"spec-txt-80-70\"><strong>20mm<\/strong><\/div>\n<\/div>\n<div class=\"specification-block\">\n<div class=\"spec-txt-20-30\"><strong>Weight<\/strong><\/div>\n<div class=\"spec-txt-80-70\"><strong>57.6g (with strap)<\/strong><\/div>\n<\/div>\n<div class=\"specification-block\">\n<div class=\"spec-txt-20-30\"><strong>Display<\/strong><\/div>\n<div class=\"spec-txt-80-70\"><strong>1.78&#8243; AMOLED display<\/strong><\/div>\n<\/div>\n<div class=\"specification-block\">\n<div class=\"spec-txt-20-30\"><strong>Resolution<\/strong><\/div>\n<div class=\"spec-txt-80-70\"><strong>368x448px<\/strong><\/div>\n<\/div>\n<div class=\"specification-block\">\n<div class=\"spec-txt-20-30\"><strong>Sensors<\/strong><\/div>\n<div class=\"spec-txt-80-70\"><strong>Heart rate sensor, motion sensor, SpO2 sensor<\/strong><\/div>\n<\/div>\n<div class=\"specification-block\">\n<div class=\"spec-txt-20-30\"><strong>Battery capacity<\/strong><\/div>\n<div class=\"spec-txt-80-70\"><strong>230mAh<\/strong><\/div>\n<\/div>\n<div class=\"specification-block\">\n<div class=\"spec-txt-20-30\"><strong>Battery life<\/strong><\/div>\n<div class=\"spec-txt-80-70\"><strong>About 10 days (Turn on heart rate monitoring for 24 hours)<\/strong><\/div>\n<\/div>\n<div class=\"specification-block\">\n<div class=\"spec-txt-20-30\"><strong>Water-resistance grade<\/strong><\/div>\n<div class=\"spec-txt-80-70\" style=\"text-align: left;\"><strong>IP68<\/strong><\/div>\n<\/div>\n<div class=\"specification-block\">\n<div class=\"spec-txt-20-30\"><strong>Operating temperature<\/strong><\/div>\n<div class=\"spec-txt-80-70\"><strong>0\u00b0C~45\u00b0C<\/strong><\/div>\n<\/div>\n<div class=\"specification-block\">\n<div class=\"spec-txt-20-30\"><strong>Sync data platform<\/strong><\/div>\n<div class=\"spec-txt-80-70\"><strong>Haylou Fun<\/strong><\/div>\n<\/div>\n<div class=\"specification-block\">\n<div class=\"spec-txt-20-30\"><strong>Workout modes<\/strong><\/div>\n<div class=\"spec-txt-80-70\"><strong>105 modes<\/strong><\/div>\n<\/div>\n<\/div>\n","protected":false},"excerpt":{"rendered":"<p>Product name Haylou RS4 Plus Bluetooth version Bluetooth 5.1 Supported devices Android 6.0 or iOS 11.0 and above Dimensions 45.2*37.2*10.4mm<\/p>\n","protected":false},"featured_media":3552,"comment_status":"open","ping_status":"closed","template":"","meta":{"om_disable_all_campaigns":false,"_monsterinsights_skip_tracking":false,"_monsterinsights_sitenote_active":false,"_monsterinsights_sitenote_note":"","_monsterinsights_sitenote_category":0,"iawp_total_views":11},"product_cat":[41],"product_tag":[68],"class_list":{"0":"post-3549","1":"product","2":"type-product","3":"status-publish","4":"has-post-thumbnail","6":"product_cat-smartwatch","7":"product_tag-haylou","9":"first","10":"outofstock","11":"taxable","12":"shipping-taxable","13":"purchasable","14":"product-type-simple"},"aioseo_notices":[],"jetpack-related-posts":[{"id":3236,"url":"https:\/\/bonprix-dz.com\/?product=haylou-solar-lite","url_meta":{"origin":3549,"position":0},"title":"HAYLOU Solar Lite","author":"bonprix-dz.com","date":"\u0633\u0628\u062a\u0645\u0628\u0631 24, 2023","format":false,"excerpt":"\u0633\u0627\u0639\u0629 \u0630\u0643\u064a\u0629 HAYLOU \u0627\u0644\u0634\u0645\u0633\u064a\u0629 \u0644\u0627\u064a\u062a 1.38 \"\u0644\u0648\u0646 \u0634\u0627\u0634\u0629 \u0643\u0628\u064a\u0631\u0629 | 100 + \u0633\u0627\u0639\u0629 \u0648\u062c\u0648\u0647\/\u0627\u0644\u062a\u062e\u0635\u064a\u0635 \u0648\u0638\u0627\u0626\u0641 \u0635\u062d\u064a\u0629 \u0634\u0627\u0645\u0644\u0629 | \u0627\u0644\u0635\u062d\u0629 \u0627\u0644\u0628\u062f\u0646\u064a\u0629 \u0644\u0644\u0625\u0646\u0627\u062b 100 \u0648\u0633\u0627\u0626\u0637 \u062a\u062c\u0631\u064a\u0628 | \u0639\u0645\u0631 \u0627\u0644\u0628\u0637\u0627\u0631\u064a\u0629 20 \u064a\u0648\u0645\u0627 | IP68 \u0645\u0642\u0627\u0648\u0645 \u0644\u0644\u0645\u0627\u0621","rel":"","context":"\u062a\u062f\u0648\u064a\u0646\u0629 \u0645\u0634\u0627\u0628\u0647\u0629","block_context":{"text":"\u062a\u062f\u0648\u064a\u0646\u0629 \u0645\u0634\u0627\u0628\u0647\u0629","link":""},"img":{"alt_text":"","src":"https:\/\/i0.wp.com\/bonprix-dz.com\/wp-content\/uploads\/2023\/09\/4464908641235824302.jpg?fit=960%2C960&ssl=1&resize=350%2C200","width":350,"height":200,"srcset":"https:\/\/i0.wp.com\/bonprix-dz.com\/wp-content\/uploads\/2023\/09\/4464908641235824302.jpg?fit=960%2C960&ssl=1&resize=350%2C200 1x, https:\/\/i0.wp.com\/bonprix-dz.com\/wp-content\/uploads\/2023\/09\/4464908641235824302.jpg?fit=960%2C960&ssl=1&resize=525%2C300 1.5x, https:\/\/i0.wp.com\/bonprix-dz.com\/wp-content\/uploads\/2023\/09\/4464908641235824302.jpg?fit=960%2C960&ssl=1&resize=700%2C400 2x"},"classes":[]},{"id":4619,"url":"https:\/\/bonprix-dz.com\/?product=haylou-ls02","url_meta":{"origin":3549,"position":1},"title":"Haylou LS02","author":"bonprix-dz.com","date":"\u0623\u0643\u062a\u0648\u0628\u0631 22, 2024","format":false,"excerpt":"\u0639\u0645\u0631 \u0628\u0637\u0627\u0631\u064a\u0629 \u0637\u0648\u064a\u0644 \u062d\u062a\u0649 20 \u064a\u0648\u0645\u064b\u0627 \u0641\u064a \u0627\u0644\u0648\u0636\u0639 \u0627\u0644\u0627\u0642\u062a\u0635\u0627\u062f\u064a \u0648 15 \u064a\u0648\u0645\u064b\u0627 \u0628\u0634\u062d\u0646\u0629 \u0648\u0627\u062d\u062f\u0629 \u0641\u064a \u0648\u0636\u0639 \u0645\u0631\u0627\u0642\u0628\u0629 \u0645\u0639\u062f\u0644 \u0636\u0631\u0628\u0627\u062a \u0627\u0644\u0642\u0644\u0628. \u0647\u064a\u0643\u0644 \u0627\u0644\u0633\u0627\u0639\u0629 \u0645\u0646\u062d\u0646\u064a \u0639\u0644\u0649 \u0634\u0643\u0644 \u0627\u0644\u0645\u0639\u0635\u0645 \u060c \u0648\u0628\u0627\u0644\u062a\u0627\u0644\u064a \u062a\u062a\u0646\u0627\u0633\u0628 \u0628\u0634\u0643\u0644 \u0645\u0631\u064a\u062d \u0645\u0639 \u0627\u0644\u0645\u0639\u0635\u0645. \u0634\u0627\u0634\u0629 \u062f\u0627\u0626\u0631\u064a\u0629 \u0645\u0642\u0627\u0633 1.28 \u0628\u0648\u0635\u0629 \u0648 240 \u00d7 240 \u0628\u0643\u0633\u0644 \u0628\u0632\u0648\u0627\u064a\u0627 \u0645\u0634\u0627\u0647\u062f\u0629 \u0645\u0645\u062a\u0627\u0632\u0629. \u062d\u0632\u0627\u0645 \u0627\u0644\u0633\u064a\u0644\u064a\u0643\u0648\u0646 \u0627\u0644\u0642\u0627\u0628\u0644 \u0644\u0644\u062a\u0646\u0641\u0633\u2026","rel":"","context":"\u062a\u062f\u0648\u064a\u0646\u0629 \u0645\u0634\u0627\u0628\u0647\u0629","block_context":{"text":"\u062a\u062f\u0648\u064a\u0646\u0629 \u0645\u0634\u0627\u0628\u0647\u0629","link":""},"img":{"alt_text":"","src":"https:\/\/i0.wp.com\/bonprix-dz.com\/wp-content\/uploads\/2024\/10\/1_84d46c9f-7947-47d6-ba98-cbd0eed59829.webp?fit=1200%2C1200&ssl=1&resize=350%2C200","width":350,"height":200,"srcset":"https:\/\/i0.wp.com\/bonprix-dz.com\/wp-content\/uploads\/2024\/10\/1_84d46c9f-7947-47d6-ba98-cbd0eed59829.webp?fit=1200%2C1200&ssl=1&resize=350%2C200 1x, https:\/\/i0.wp.com\/bonprix-dz.com\/wp-content\/uploads\/2024\/10\/1_84d46c9f-7947-47d6-ba98-cbd0eed59829.webp?fit=1200%2C1200&ssl=1&resize=525%2C300 1.5x, https:\/\/i0.wp.com\/bonprix-dz.com\/wp-content\/uploads\/2024\/10\/1_84d46c9f-7947-47d6-ba98-cbd0eed59829.webp?fit=1200%2C1200&ssl=1&resize=700%2C400 2x, https:\/\/i0.wp.com\/bonprix-dz.com\/wp-content\/uploads\/2024\/10\/1_84d46c9f-7947-47d6-ba98-cbd0eed59829.webp?fit=1200%2C1200&ssl=1&resize=1050%2C600 3x"},"classes":[]},{"id":3234,"url":"https:\/\/bonprix-dz.com\/?product=haylou-x1-neo-bt5-3","url_meta":{"origin":3549,"position":2},"title":"HAYLOU X1 Neo BT5.3","author":"bonprix-dz.com","date":"\u0633\u0628\u062a\u0645\u0628\u0631 24, 2023","format":false,"excerpt":"\u0627\u0644\u0645\u0648\u0627\u0635\u0641\u0627\u062a: \u0627\u0644\u0645\u0648\u062f\u064a\u0644: HAYLOU X1 Neo \u0648\u0627\u062d\u062f \u064a\u0627\u0631\u0628\u0648\u062f \u0627\u0644\u0648\u0632\u0646: 3.87g \u0628\u062a \u0627\u0644\u0625\u0635\u062f\u0627\u0631: bt5.3 \u0646\u0637\u0627\u0642 \u0627\u0644\u062a\u0634\u063a\u064a\u0644: \u062d\u0648\u0627\u0644\u064a 10 \u0645 (\u062f\u0648\u0646 \u0623\u064a \u0639\u0642\u0628\u0629) \u0648\u0642\u062a \u0634\u062d\u0646 \u064a\u0627\u0631\u0628\u0648\u062f: \u062d\u0648\u0627\u0644\u064a 1.5 \u0633\u0627\u0639\u0629 \u0639\u0645\u0631 \u0627\u0644\u0628\u0637\u0627\u0631\u064a\u0629: \u062a\u0634\u063a\u064a\u0644 5hours \u0646\u0648\u0639 \u0627\u0644\u0628\u0637\u0627\u0631\u064a\u0629: \u0644\u064a\u062b\u064a\u0648\u0645 \u0628\u0648\u0644\u064a\u0645\u0631 \u0643\u0644 \u0628\u0637\u0627\u0631\u064a\u0629 \u064a\u0627\u0631\u0628\u0648\u062f: 30mah \u0648\u0642\u062a \u0634\u062d\u0646 \u064a\u0627\u0631\u0628\u0648\u062f: \u062d\u0648\u0627\u0644\u064a 1.5 \u0633\u0627\u0639\u0629 \u0634\u062d\u0646 \u0627\u0644\u0628\u0637\u0627\u0631\u064a\u0629: 310mah \u0634\u062d\u0646 \u0648\u0642\u062a \u0627\u0644\u0634\u062d\u0646:\u2026","rel":"","context":"\u062a\u062f\u0648\u064a\u0646\u0629 \u0645\u0634\u0627\u0628\u0647\u0629","block_context":{"text":"\u062a\u062f\u0648\u064a\u0646\u0629 \u0645\u0634\u0627\u0628\u0647\u0629","link":""},"img":{"alt_text":"","src":"https:\/\/i0.wp.com\/bonprix-dz.com\/wp-content\/uploads\/2023\/09\/148608763-1758300879.jpg?fit=960%2C960&ssl=1&resize=350%2C200","width":350,"height":200,"srcset":"https:\/\/i0.wp.com\/bonprix-dz.com\/wp-content\/uploads\/2023\/09\/148608763-1758300879.jpg?fit=960%2C960&ssl=1&resize=350%2C200 1x, https:\/\/i0.wp.com\/bonprix-dz.com\/wp-content\/uploads\/2023\/09\/148608763-1758300879.jpg?fit=960%2C960&ssl=1&resize=525%2C300 1.5x, https:\/\/i0.wp.com\/bonprix-dz.com\/wp-content\/uploads\/2023\/09\/148608763-1758300879.jpg?fit=960%2C960&ssl=1&resize=700%2C400 2x"},"classes":[]},{"id":4486,"url":"https:\/\/bonprix-dz.com\/?product=haylou-watch-s8","url_meta":{"origin":3549,"position":3},"title":"HAYLOU WATCH S8","author":"bonprix-dz.com","date":"\u0633\u0628\u062a\u0645\u0628\u0631 6, 2024","format":false,"excerpt":"HAYLOU WATCH S8 \u0628\u0634\u0627\u0634\u0629 \u0645\u0646\u062d\u0646\u064a\u0629 \u060c \u0623\u0632\u0631\u0627\u0631 \u062f\u0648\u0631\u0627\u0646 \u0628\u0634\u0627\u0634\u0629 \u0645\u0646\u062d\u0646\u064a\u0629 \u0645\u0643\u0627\u0644\u0645\u0629 \u0647\u0627\u062a\u0641\u064a\u0629 \u0628\u0644\u0648\u062a\u0648\u062b \u060c \u0645\u0633\u0627\u0639\u062f \u0635\u0648\u062a \u0623\u0648\u0636\u0627\u0639 \u0627\u0644\u062a\u0645\u0627\u0631\u064a\u0646 \u060c \u060c \u060c + + \u0623\u0648\u0636\u0627\u0639 \u0627\u0644\u062a\u0645\u0627\u0631\u064a\u0646 \u0628\u0644\u0648\u062a\u0648\u062b \u0645\u0646 \u0645\u0646 \u0645\u0646 \u0645\u0646 \u0645\u0646 \u0623\u062c\u0644 \u0627\u0644\u0625\u062f\u0627\u0631\u0629 \u0627\u0644\u0635\u062d\u064a\u0629 20 \u064a\u0648\u0645\u064b\u0627 \u0645\u0646 \u0639\u0645\u0631 \u0627\u0644\u0628\u0637\u0627\u0631\u064a\u0629 \u2502 3ATM \u0645\u0642\u0627\u0648\u0645 \u0644\u0644\u0645\u0627\u0621 *\u0627\u0644\u0645\u064a\u0632\u0627\u062a \u0634\u0627\u0634\u0629 \u0639\u0631\u0636: \u0634\u0627\u0634\u0629 \u0645\u0646\u062d\u0646\u064a\u0629 \u0643\u0628\u064a\u0631\u0629 \u0628\u0634\u0627\u0634\u0629\u2026","rel":"","context":"\u062a\u062f\u0648\u064a\u0646\u0629 \u0645\u0634\u0627\u0628\u0647\u0629","block_context":{"text":"\u062a\u062f\u0648\u064a\u0646\u0629 \u0645\u0634\u0627\u0628\u0647\u0629","link":""},"img":{"alt_text":"","src":"https:\/\/i0.wp.com\/bonprix-dz.com\/wp-content\/uploads\/2024\/09\/S949c3e3f0b8649e2aff603e199ab3ebeF.avif?resize=350%2C200&ssl=1","width":350,"height":200,"srcset":"https:\/\/i0.wp.com\/bonprix-dz.com\/wp-content\/uploads\/2024\/09\/S949c3e3f0b8649e2aff603e199ab3ebeF.avif?resize=350%2C200&ssl=1 1x, https:\/\/i0.wp.com\/bonprix-dz.com\/wp-content\/uploads\/2024\/09\/S949c3e3f0b8649e2aff603e199ab3ebeF.avif?resize=525%2C300&ssl=1 1.5x, https:\/\/i0.wp.com\/bonprix-dz.com\/wp-content\/uploads\/2024\/09\/S949c3e3f0b8649e2aff603e199ab3ebeF.avif?resize=700%2C400&ssl=1 2x, https:\/\/i0.wp.com\/bonprix-dz.com\/wp-content\/uploads\/2024\/09\/S949c3e3f0b8649e2aff603e199ab3ebeF.avif?resize=1050%2C600&ssl=1 3x"},"classes":[]},{"id":4257,"url":"https:\/\/bonprix-dz.com\/?product=haylou-rs5","url_meta":{"origin":3549,"position":4},"title":"Haylou RS5","author":"bonprix-dz.com","date":"\u0623\u063a\u0633\u0637\u0633 4, 2024","format":false,"excerpt":"\u0646\u0638\u0631\u0629 \u0639\u0627\u0645\u0629 \u0633\u0627\u0639\u0629 \u0647\u0627\u064a\u0644\u0648 RS5 \u0628\u0627\u0644\u062f\u0642\u0629 * \u0645\u0646 \u0645\u0646 \u0645\u0646 \u0645\u0646 \u0645\u0646 \u0645\u0646 \u0645\u0643\u0627\u0644\u0645\u0629 \u0647\u0627\u062a\u0641\u064a\u0629 \u0628\u0644\u0648\u062a\u0648\u062b \u060c \u0645\u0633\u0627\u0639\u062f \u0635\u0648\u062a \u0623\u0648\u0636\u0627\u0639 \u0627\u0644\u062a\u0645\u0627\u0631\u064a\u0646 \u0645\u0646 \u060c \u060c \u060c + + \u0623\u0648\u0636\u0627\u0639 \u0627\u0644\u062a\u0645\u0627\u0631\u064a\u0646 \u0628\u0644\u0648\u062a\u0648\u062b \u0645\u0646 \u0645\u0646 \u0645\u0646 \u0645\u0646 \u0645\u0646 \u0623\u062c\u0644 \u0627\u0644\u0625\u062f\u0627\u0631\u0629 \u0627\u0644\u0635\u062d\u064a\u0629 20 \u064a\u0648\u0645\u064b\u0627 \u0645\u0646 \u0639\u0645\u0631 \u0627\u0644\u0628\u0637\u0627\u0631\u064a\u0629 \u0645\u0642\u0627\u0648\u0645 \u0644\u0644\u0645\u0627\u0621 IP68 \u0627\u0644\u0645\u064a\u0632\u0627\u062a \u0634\u0627\u0634\u0629 \u0639\u0631\u0636: \u0634\u0627\u0634\u0629\u2026","rel":"","context":"\u062a\u062f\u0648\u064a\u0646\u0629 \u0645\u0634\u0627\u0628\u0647\u0629","block_context":{"text":"\u062a\u062f\u0648\u064a\u0646\u0629 \u0645\u0634\u0627\u0628\u0647\u0629","link":""},"img":{"alt_text":"","src":"https:\/\/i0.wp.com\/bonprix-dz.com\/wp-content\/uploads\/2024\/08\/1000026297.jpg?fit=960%2C960&ssl=1&resize=350%2C200","width":350,"height":200,"srcset":"https:\/\/i0.wp.com\/bonprix-dz.com\/wp-content\/uploads\/2024\/08\/1000026297.jpg?fit=960%2C960&ssl=1&resize=350%2C200 1x, https:\/\/i0.wp.com\/bonprix-dz.com\/wp-content\/uploads\/2024\/08\/1000026297.jpg?fit=960%2C960&ssl=1&resize=525%2C300 1.5x, https:\/\/i0.wp.com\/bonprix-dz.com\/wp-content\/uploads\/2024\/08\/1000026297.jpg?fit=960%2C960&ssl=1&resize=700%2C400 2x"},"classes":[]},{"id":3485,"url":"https:\/\/bonprix-dz.com\/?product=casque-bluetooth-p47","url_meta":{"origin":3549,"position":5},"title":"Casque Bluetooth P47","author":"bonprix-dz.com","date":"\u0646\u0648\u0641\u0645\u0628\u0631 9, 2023","format":false,"excerpt":"Casque P47 \u2013 Bluetooth \u2013 Sans Fil & Flexible & Pliable. Supporte La carte m\u00e9moire et la Radio. Peut \u00eatre Utilis\u00e9 avec un cable Jack (Auxiliaire) en cas de d\u00e9chargement. Profils de soutien: HSP, HFP, A2DP, AVRCP. Gamme de fr\u00e9quences: 2.4026 GHz-2.480 GHz Temps de lecture de musique: 8-10 heures\u2026","rel":"","context":"\u062a\u062f\u0648\u064a\u0646\u0629 \u0645\u0634\u0627\u0628\u0647\u0629","block_context":{"text":"\u062a\u062f\u0648\u064a\u0646\u0629 \u0645\u0634\u0627\u0628\u0647\u0629","link":""},"img":{"alt_text":"","src":"https:\/\/i0.wp.com\/bonprix-dz.com\/wp-content\/uploads\/2023\/11\/17598883141037599854.jpg?fit=600%2C600&ssl=1&resize=350%2C200","width":350,"height":200,"srcset":"https:\/\/i0.wp.com\/bonprix-dz.com\/wp-content\/uploads\/2023\/11\/17598883141037599854.jpg?fit=600%2C600&ssl=1&resize=350%2C200 1x, https:\/\/i0.wp.com\/bonprix-dz.com\/wp-content\/uploads\/2023\/11\/17598883141037599854.jpg?fit=600%2C600&ssl=1&resize=525%2C300 1.5x"},"classes":[]}],"_links":{"self":[{"href":"https:\/\/bonprix-dz.com\/index.php?rest_route=\/wp\/v2\/product\/3549","targetHints":{"allow":["GET"]}}],"collection":[{"href":"https:\/\/bonprix-dz.com\/index.php?rest_route=\/wp\/v2\/product"}],"about":[{"href":"https:\/\/bonprix-dz.com\/index.php?rest_route=\/wp\/v2\/types\/product"}],"replies":[{"embeddable":true,"href":"https:\/\/bonprix-dz.com\/index.php?rest_route=%2Fwp%2Fv2%2Fcomments&post=3549"}],"version-history":[{"count":1,"href":"https:\/\/bonprix-dz.com\/index.php?rest_route=\/wp\/v2\/product\/3549\/revisions"}],"predecessor-version":[{"id":3559,"href":"https:\/\/bonprix-dz.com\/index.php?rest_route=\/wp\/v2\/product\/3549\/revisions\/3559"}],"wp:featuredmedia":[{"embeddable":true,"href":"https:\/\/bonprix-dz.com\/index.php?rest_route=\/wp\/v2\/media\/3552"}],"wp:attachment":[{"href":"https:\/\/bonprix-dz.com\/index.php?rest_route=%2Fwp%2Fv2%2Fmedia&parent=3549"}],"wp:term":[{"taxonomy":"product_cat","embeddable":true,"href":"https:\/\/bonprix-dz.com\/index.php?rest_route=%2Fwp%2Fv2%2Fproduct_cat&post=3549"},{"taxonomy":"product_tag","embeddable":true,"href":"https:\/\/bonprix-dz.com\/index.php?rest_route=%2Fwp%2Fv2%2Fproduct_tag&post=3549"}],"curies":[{"name":"wp","href":"https:\/\/api.w.org\/{rel}","templated":true}]}}