{"id":3571,"date":"2023-11-22T22:33:03","date_gmt":"2023-11-22T22:33:03","guid":{"rendered":"https:\/\/bonprix-dz.com\/?post_type=product&#038;p=3571"},"modified":"2024-05-24T11:56:05","modified_gmt":"2024-05-24T11:56:05","slug":"haino-teko-g8-mini","status":"publish","type":"product","link":"https:\/\/bonprix-dz.com\/?product=haino-teko-g8-mini","title":{"rendered":"Haino Teko G8 Mini"},"content":{"rendered":"<p><strong>Marque:<\/strong>\u00a0HainoTeko<\/p>\n<p><strong>Nom du mod\u00e8le:<\/strong>\u00a0G8 mini<\/p>\n<p><strong>Syst\u00e8me d\u2019exploitation\u00a0<\/strong>: Android 4.4 ou iOS 8.5 et versions sup\u00e9rieures.<\/p>\n<p><strong>Ecran:<\/strong>\u00a01.7 Amoled<\/p>\n<p><strong>Affichage:<\/strong>\u00a0Analogique \u2013 Digital<\/p>\n<p><strong>Batterie:<\/strong>\u00a0290mAh<\/p>\n<p><strong>Autonomie<\/strong>: 3 jours en mode d\u2019utilisation typique, 45 jours en mode veille<\/p>\n<p><strong>Bracelet:<\/strong>\u00a022 mm<\/p>\n<p><strong>Couleur:<\/strong>\u00a0rose et gold<\/p>\n<p><strong>Connectivit\u00e9<\/strong>: Bluetooth 5.1<\/p>\n<p><strong>Forme<\/strong>: Rectangulaire<\/p>\n<p><strong>Ecran Tactile<\/strong>: oui<\/p>\n","protected":false},"excerpt":{"rendered":"<p>Marque:\u00a0HainoTeko Nom du mod\u00e8le:\u00a0G8 mini Syst\u00e8me d\u2019exploitation\u00a0: Android 4.4 ou iOS 8.5 et versions sup\u00e9rieures. Ecran:\u00a01.7 Amoled Affichage:\u00a0Analogique \u2013 Digital<\/p>\n","protected":false},"featured_media":3572,"comment_status":"open","ping_status":"closed","template":"","meta":{"om_disable_all_campaigns":false,"_monsterinsights_skip_tracking":false,"_monsterinsights_sitenote_active":false,"_monsterinsights_sitenote_note":"","_monsterinsights_sitenote_category":0,"iawp_total_views":27},"product_cat":[41],"product_tag":[72],"class_list":{"0":"post-3571","1":"product","2":"type-product","3":"status-publish","4":"has-post-thumbnail","6":"product_cat-smartwatch","7":"product_tag-haino-teko","9":"first","10":"outofstock","11":"taxable","12":"shipping-taxable","13":"purchasable","14":"product-type-simple"},"aioseo_notices":[],"jetpack-related-posts":[{"id":4932,"url":"https:\/\/bonprix-dz.com\/?product=smart-watch-jr-fc1-joyroom","url_meta":{"origin":3571,"position":0},"title":"Smart Watch JR-FC1 Joyroom","author":"bonprix-dz.com","date":"\u0641\u0628\u0631\u0627\u064a\u0631 10, 2025","format":false,"excerpt":"Smart Watch JR-FC1 Joyroom Classic Series (Passer\/R\u00e9pondre \u00e0 un appel) Gris Fonc\u00e9 La\u00a0Smart Watch JR-FC1 Joyroom Classic Series\u00a0en gris fonc\u00e9 est l\u2019accessoire parfait pour ceux qui cherchent \u00e0 allier l\u2019\u00e9l\u00e9gance et la technologie. Avec des fonctionnalit\u00e9s avanc\u00e9es comme la fonction d\u2019appel intelligent, une r\u00e9sistance \u00e0 l\u2019eau IP68 et une autonomie\u2026","rel":"","context":"\u062a\u062f\u0648\u064a\u0646\u0629 \u0645\u0634\u0627\u0628\u0647\u0629","block_context":{"text":"\u062a\u062f\u0648\u064a\u0646\u0629 \u0645\u0634\u0627\u0628\u0647\u0629","link":""},"img":{"alt_text":"","src":"https:\/\/i0.wp.com\/bonprix-dz.com\/wp-content\/uploads\/2025\/02\/1-5.jpg?fit=700%2C700&ssl=1&resize=350%2C200","width":350,"height":200,"srcset":"https:\/\/i0.wp.com\/bonprix-dz.com\/wp-content\/uploads\/2025\/02\/1-5.jpg?fit=700%2C700&ssl=1&resize=350%2C200 1x, https:\/\/i0.wp.com\/bonprix-dz.com\/wp-content\/uploads\/2025\/02\/1-5.jpg?fit=700%2C700&ssl=1&resize=525%2C300 1.5x, https:\/\/i0.wp.com\/bonprix-dz.com\/wp-content\/uploads\/2025\/02\/1-5.jpg?fit=700%2C700&ssl=1&resize=700%2C400 2x"},"classes":[]},{"id":3795,"url":"https:\/\/bonprix-dz.com\/?product=haino-teko-rw-37","url_meta":{"origin":3571,"position":1},"title":"Haino Teko RW-37","author":"bonprix-dz.com","date":"\u0645\u0627\u0631\u0633 16, 2024","format":false,"excerpt":"\u231a\ufe0f\ud835\udde6\ud835\uddfa\ud835\uddee\ud835\uddff\ud835\ude01\ud835\ude04\ud835\uddee\ud835\ude01\ud835\uddf0\ud835\uddf5 + Airpods int\u00e9gr\u00e9s + 2 \ud835\uddf0\ud835\uddf2\ud835\uddf6\ud835\uddfb\ud835\ude01\ud835\ude02\ud835\uddff\ud835\uddf2\ud835\ude00 \u231a\ufe0fDesign \u00e9l\u00e9gant et ergonomique \u231a\ufe0f\u00c9cran : AMOLED tactile \u231a\ufe0fMicrophone et haut-parleur int\u00e9gr\u00e9s \u231a\ufe0fAppel Bluetooth \u231a\ufe0f Surveillance du sommeil \u231a\ufe0fFr\u00e9quence cardiaque \u231a\ufe0fTension art\u00e9rielle et niveaux d\u2019oxyg\u00e8ne \u231a\ufe0fPlusieurs modes sportifs \u231a\ufe0fContr\u00f4le de la musique \u231a\ufe0fConnectivit\u00e9: Bluetooth + 2 Ceintures: Cuir marron et silicone noir","rel":"","context":"\u062a\u062f\u0648\u064a\u0646\u0629 \u0645\u0634\u0627\u0628\u0647\u0629","block_context":{"text":"\u062a\u062f\u0648\u064a\u0646\u0629 \u0645\u0634\u0627\u0628\u0647\u0629","link":""},"img":{"alt_text":"","src":"https:\/\/i0.wp.com\/bonprix-dz.com\/wp-content\/uploads\/2024\/03\/1-10.jpg?fit=1200%2C1200&ssl=1&resize=350%2C200","width":350,"height":200,"srcset":"https:\/\/i0.wp.com\/bonprix-dz.com\/wp-content\/uploads\/2024\/03\/1-10.jpg?fit=1200%2C1200&ssl=1&resize=350%2C200 1x, https:\/\/i0.wp.com\/bonprix-dz.com\/wp-content\/uploads\/2024\/03\/1-10.jpg?fit=1200%2C1200&ssl=1&resize=525%2C300 1.5x, https:\/\/i0.wp.com\/bonprix-dz.com\/wp-content\/uploads\/2024\/03\/1-10.jpg?fit=1200%2C1200&ssl=1&resize=700%2C400 2x, https:\/\/i0.wp.com\/bonprix-dz.com\/wp-content\/uploads\/2024\/03\/1-10.jpg?fit=1200%2C1200&ssl=1&resize=1050%2C600 3x"},"classes":[]},{"id":3958,"url":"https:\/\/bonprix-dz.com\/?product=haino-teko-rw-43","url_meta":{"origin":3571,"position":2},"title":"HAINO TEKO RW-43","author":"bonprix-dz.com","date":"\u0645\u0627\u064a\u0648 6, 2024","format":false,"excerpt":"Montre Connect\u00e9e Haino Teko RW43 - \u00c9cran : Amoled - Syst\u00e8me d'exploitation : Android, IOS - Connectivit\u00e9 : Bluetooth 5.0, GPS - Capacit\u00e9 de la batterie : 300-400mAh - Suivi du sommeil - Vibration - Mesure du rythme cardiaque - Capteur de pas - R\u00e9sistante \u00e0 l'eau et \u00e0 la\u2026","rel":"","context":"\u062a\u062f\u0648\u064a\u0646\u0629 \u0645\u0634\u0627\u0628\u0647\u0629","block_context":{"text":"\u062a\u062f\u0648\u064a\u0646\u0629 \u0645\u0634\u0627\u0628\u0647\u0629","link":""},"img":{"alt_text":"","src":"https:\/\/i0.wp.com\/bonprix-dz.com\/wp-content\/uploads\/2024\/05\/1.jpg?fit=1200%2C1200&ssl=1&resize=350%2C200","width":350,"height":200,"srcset":"https:\/\/i0.wp.com\/bonprix-dz.com\/wp-content\/uploads\/2024\/05\/1.jpg?fit=1200%2C1200&ssl=1&resize=350%2C200 1x, https:\/\/i0.wp.com\/bonprix-dz.com\/wp-content\/uploads\/2024\/05\/1.jpg?fit=1200%2C1200&ssl=1&resize=525%2C300 1.5x, https:\/\/i0.wp.com\/bonprix-dz.com\/wp-content\/uploads\/2024\/05\/1.jpg?fit=1200%2C1200&ssl=1&resize=700%2C400 2x, https:\/\/i0.wp.com\/bonprix-dz.com\/wp-content\/uploads\/2024\/05\/1.jpg?fit=1200%2C1200&ssl=1&resize=1050%2C600 3x"},"classes":[]},{"id":3590,"url":"https:\/\/bonprix-dz.com\/?product=3590","url_meta":{"origin":3571,"position":3},"title":"HAINO TEKO RW-34","author":"bonprix-dz.com","date":"\u0646\u0648\u0641\u0645\u0628\u0631 28, 2023","format":false,"excerpt":"Largement utilis\u00e9 pour surveiller diverses fonctions, y compris les rappels d'\u00e9v\u00e9nements, les rappels d'appels, les notifications d'applications, etc. \u00c9cran couleur AMOLED de 1,3 pouces qui prend en charge l'affichage permanent, rendant les informations importantes disponibles simplement en levant votre poignet Surveille efficacement les statistiques de fr\u00e9quence cardiaque et de dur\u00e9e\u2026","rel":"","context":"\u062a\u062f\u0648\u064a\u0646\u0629 \u0645\u0634\u0627\u0628\u0647\u0629","block_context":{"text":"\u062a\u062f\u0648\u064a\u0646\u0629 \u0645\u0634\u0627\u0628\u0647\u0629","link":""},"img":{"alt_text":"","src":"https:\/\/i0.wp.com\/bonprix-dz.com\/wp-content\/uploads\/2023\/11\/312472_eac1b07074fc401ba95a026074abfa05mv2.jpeg?fit=342%2C342&ssl=1&resize=350%2C200","width":350,"height":200},"classes":[]},{"id":5050,"url":"https:\/\/bonprix-dz.com\/?product=modio-st11","url_meta":{"origin":3571,"position":4},"title":"Modio ST11","author":"bonprix-dz.com","date":"\u0623\u0628\u0631\u064a\u0644 10, 2025","format":false,"excerpt":"D\u00e9couvrez la\u00a0Modio ST11, une montre connect\u00e9e alliant technologie avanc\u00e9e et design \u00e9l\u00e9gant. Avec ses 4 Go de RAM et 64 Go de stockage interne, elle offre des performances fluides et une capacit\u00e9 de stockage g\u00e9n\u00e9reuse pour toutes vos applications et fichiers. Son \u00e9cran de 2,2 pouces assure une visibilit\u00e9 claire\u2026","rel":"","context":"\u062a\u062f\u0648\u064a\u0646\u0629 \u0645\u0634\u0627\u0628\u0647\u0629","block_context":{"text":"\u062a\u062f\u0648\u064a\u0646\u0629 \u0645\u0634\u0627\u0628\u0647\u0629","link":""},"img":{"alt_text":"","src":"https:\/\/i0.wp.com\/bonprix-dz.com\/wp-content\/uploads\/2025\/04\/ABUIABACGAAgh4P_tAYo2N2ViwcwoAY4oAY.jpg?fit=800%2C800&ssl=1&resize=350%2C200","width":350,"height":200,"srcset":"https:\/\/i0.wp.com\/bonprix-dz.com\/wp-content\/uploads\/2025\/04\/ABUIABACGAAgh4P_tAYo2N2ViwcwoAY4oAY.jpg?fit=800%2C800&ssl=1&resize=350%2C200 1x, https:\/\/i0.wp.com\/bonprix-dz.com\/wp-content\/uploads\/2025\/04\/ABUIABACGAAgh4P_tAYo2N2ViwcwoAY4oAY.jpg?fit=800%2C800&ssl=1&resize=525%2C300 1.5x, https:\/\/i0.wp.com\/bonprix-dz.com\/wp-content\/uploads\/2025\/04\/ABUIABACGAAgh4P_tAYo2N2ViwcwoAY4oAY.jpg?fit=800%2C800&ssl=1&resize=700%2C400 2x"},"classes":[]},{"id":4607,"url":"https:\/\/bonprix-dz.com\/?product=haino-teko-germany-sq9","url_meta":{"origin":3571,"position":5},"title":"Haino Teko Germany SQ9","author":"bonprix-dz.com","date":"\u0623\u0643\u062a\u0648\u0628\u0631 11, 2024","format":false,"excerpt":"Montre intelligente SQ9 compatible avec les appareils Android et iOS L'\u00e9cran AMOLED plein \u00e9cran produit des couleurs plus riches, des niveaux de luminosit\u00e9 plus \u00e9lev\u00e9s et un contraste sup\u00e9rieur aux \u00e9crans LCD traditionnels. Comme ils ont des niveaux de noir plus profonds, le texte et les images sont plus lisibles\u2026","rel":"","context":"\u062a\u062f\u0648\u064a\u0646\u0629 \u0645\u0634\u0627\u0628\u0647\u0629","block_context":{"text":"\u062a\u062f\u0648\u064a\u0646\u0629 \u0645\u0634\u0627\u0628\u0647\u0629","link":""},"img":{"alt_text":"","src":"https:\/\/i0.wp.com\/bonprix-dz.com\/wp-content\/uploads\/2024\/10\/312472_9ab08aaf190e4f7b92722ff1595f7f1amv2.jpeg?fit=1200%2C1200&ssl=1&resize=350%2C200","width":350,"height":200,"srcset":"https:\/\/i0.wp.com\/bonprix-dz.com\/wp-content\/uploads\/2024\/10\/312472_9ab08aaf190e4f7b92722ff1595f7f1amv2.jpeg?fit=1200%2C1200&ssl=1&resize=350%2C200 1x, https:\/\/i0.wp.com\/bonprix-dz.com\/wp-content\/uploads\/2024\/10\/312472_9ab08aaf190e4f7b92722ff1595f7f1amv2.jpeg?fit=1200%2C1200&ssl=1&resize=525%2C300 1.5x, https:\/\/i0.wp.com\/bonprix-dz.com\/wp-content\/uploads\/2024\/10\/312472_9ab08aaf190e4f7b92722ff1595f7f1amv2.jpeg?fit=1200%2C1200&ssl=1&resize=700%2C400 2x, https:\/\/i0.wp.com\/bonprix-dz.com\/wp-content\/uploads\/2024\/10\/312472_9ab08aaf190e4f7b92722ff1595f7f1amv2.jpeg?fit=1200%2C1200&ssl=1&resize=1050%2C600 3x"},"classes":[]}],"_links":{"self":[{"href":"https:\/\/bonprix-dz.com\/index.php?rest_route=\/wp\/v2\/product\/3571","targetHints":{"allow":["GET"]}}],"collection":[{"href":"https:\/\/bonprix-dz.com\/index.php?rest_route=\/wp\/v2\/product"}],"about":[{"href":"https:\/\/bonprix-dz.com\/index.php?rest_route=\/wp\/v2\/types\/product"}],"replies":[{"embeddable":true,"href":"https:\/\/bonprix-dz.com\/index.php?rest_route=%2Fwp%2Fv2%2Fcomments&post=3571"}],"version-history":[{"count":1,"href":"https:\/\/bonprix-dz.com\/index.php?rest_route=\/wp\/v2\/product\/3571\/revisions"}],"predecessor-version":[{"id":3576,"href":"https:\/\/bonprix-dz.com\/index.php?rest_route=\/wp\/v2\/product\/3571\/revisions\/3576"}],"wp:featuredmedia":[{"embeddable":true,"href":"https:\/\/bonprix-dz.com\/index.php?rest_route=\/wp\/v2\/media\/3572"}],"wp:attachment":[{"href":"https:\/\/bonprix-dz.com\/index.php?rest_route=%2Fwp%2Fv2%2Fmedia&parent=3571"}],"wp:term":[{"taxonomy":"product_cat","embeddable":true,"href":"https:\/\/bonprix-dz.com\/index.php?rest_route=%2Fwp%2Fv2%2Fproduct_cat&post=3571"},{"taxonomy":"product_tag","embeddable":true,"href":"https:\/\/bonprix-dz.com\/index.php?rest_route=%2Fwp%2Fv2%2Fproduct_tag&post=3571"}],"curies":[{"name":"wp","href":"https:\/\/api.w.org\/{rel}","templated":true}]}}