{"id":3590,"date":"2023-11-28T23:38:05","date_gmt":"2023-11-28T23:38:05","guid":{"rendered":"https:\/\/bonprix-dz.com\/?post_type=product&#038;p=3590"},"modified":"2024-12-07T18:38:16","modified_gmt":"2024-12-07T18:38:16","slug":"3590","status":"publish","type":"product","link":"https:\/\/bonprix-dz.com\/?product=3590","title":{"rendered":"HAINO TEKO RW-34"},"content":{"rendered":"<p>Largement utilis\u00e9 pour surveiller diverses fonctions, y compris les rappels d&#8217;\u00e9v\u00e9nements, les rappels d&#8217;appels, les notifications d&#8217;applications, etc. \u00c9cran couleur AMOLED de 1,3 pouces qui prend en charge l&#8217;affichage permanent, rendant les informations importantes disponibles simplement en levant votre poignet Surveille efficacement les statistiques de fr\u00e9quence cardiaque et de dur\u00e9e d&#8217;exercice, rendant vos entra\u00eenements plus s\u00fbrs et plus efficaces Trouver le t\u00e9l\u00e9phone : lorsque le bracelet est connect\u00e9 \u00e0 l&#8217;application, cliquez pour aller chercher le t\u00e9l\u00e9phone et le t\u00e9l\u00e9phone sonnera plus tard Prise en charge d&#8217;Android 4.4, iOS 8.5 et Bluetooth 5.1 avec t\u00e9l\u00e9phone. w w w . dktique . c o m * Tu es un \u00e9tudiant ! De nombreuses surprises pour des \u00e9tudiants sur notre site. &#8211; MAPS: ouvrir Google Maps et rechercher DKTIQUE COMPUTER. &#8211; Veuillez nous contacter selon les heures d&#8217;ouverture de 8: 00 \u00e0 19: 00. &#8211; Facebook \/ instagram : dktiquecomputer \/ dktique_computer. &#8211; une grande vari\u00e9t\u00e9 de produits pour les entreprises, les revendeurs et les particuliers.<\/p>\n","protected":false},"excerpt":{"rendered":"<p>Largement utilis\u00e9 pour surveiller diverses fonctions, y compris les rappels d&#8217;\u00e9v\u00e9nements, les rappels d&#8217;appels, les notifications d&#8217;applications, etc. \u00c9cran couleur<\/p>\n","protected":false},"featured_media":3591,"comment_status":"open","ping_status":"closed","template":"","meta":{"om_disable_all_campaigns":false,"_monsterinsights_skip_tracking":false,"_monsterinsights_sitenote_active":false,"_monsterinsights_sitenote_note":"","_monsterinsights_sitenote_category":0,"iawp_total_views":131},"product_cat":[41],"product_tag":[72],"class_list":{"0":"post-3590","1":"product","2":"type-product","3":"status-publish","4":"has-post-thumbnail","6":"product_cat-smartwatch","7":"product_tag-haino-teko","9":"first","10":"outofstock","11":"taxable","12":"shipping-taxable","13":"purchasable","14":"product-type-simple"},"aioseo_notices":[],"jetpack-related-posts":[{"id":3595,"url":"https:\/\/bonprix-dz.com\/?product=3595","url_meta":{"origin":3590,"position":0},"title":"HAINO TEKO RW-35","author":"bonprix-dz.com","date":"\u0646\u0648\u0641\u0645\u0628\u0631 28, 2023","format":false,"excerpt":"Montre connect\u00e9e HAINO TEKO RW-35 + 3 bracelet de rechange gratuitFait et con\u00e7u pour les amateurs de plein air, le classique RW35 hybride Smartwatch fournit toutes les choses dont vous avez besoin pour adapter le s\u00e9jour. \u00c9quip\u00e9 d'un moniteur de fr\u00e9quence cardiaque, d'un tensiom\u00e8tre, d'un moniteur de sommeil, d'un moniteur\u2026","rel":"","context":"\u062a\u062f\u0648\u064a\u0646\u0629 \u0645\u0634\u0627\u0628\u0647\u0629","block_context":{"text":"\u062a\u062f\u0648\u064a\u0646\u0629 \u0645\u0634\u0627\u0628\u0647\u0629","link":""},"img":{"alt_text":"","src":"https:\/\/i0.wp.com\/bonprix-dz.com\/wp-content\/uploads\/2023\/11\/312472_41556245da9e461dac1a00cda426860cmv2.jpeg?fit=342%2C342&ssl=1&resize=350%2C200","width":350,"height":200},"classes":[]},{"id":4607,"url":"https:\/\/bonprix-dz.com\/?product=haino-teko-germany-sq9","url_meta":{"origin":3590,"position":1},"title":"Haino Teko Germany SQ9","author":"bonprix-dz.com","date":"\u0623\u0643\u062a\u0648\u0628\u0631 11, 2024","format":false,"excerpt":"Montre intelligente SQ9 compatible avec les appareils Android et iOS L'\u00e9cran AMOLED plein \u00e9cran produit des couleurs plus riches, des niveaux de luminosit\u00e9 plus \u00e9lev\u00e9s et un contraste sup\u00e9rieur aux \u00e9crans LCD traditionnels. Comme ils ont des niveaux de noir plus profonds, le texte et les images sont plus lisibles\u2026","rel":"","context":"\u062a\u062f\u0648\u064a\u0646\u0629 \u0645\u0634\u0627\u0628\u0647\u0629","block_context":{"text":"\u062a\u062f\u0648\u064a\u0646\u0629 \u0645\u0634\u0627\u0628\u0647\u0629","link":""},"img":{"alt_text":"","src":"https:\/\/i0.wp.com\/bonprix-dz.com\/wp-content\/uploads\/2024\/10\/312472_9ab08aaf190e4f7b92722ff1595f7f1amv2.jpeg?fit=1200%2C1200&ssl=1&resize=350%2C200","width":350,"height":200,"srcset":"https:\/\/i0.wp.com\/bonprix-dz.com\/wp-content\/uploads\/2024\/10\/312472_9ab08aaf190e4f7b92722ff1595f7f1amv2.jpeg?fit=1200%2C1200&ssl=1&resize=350%2C200 1x, https:\/\/i0.wp.com\/bonprix-dz.com\/wp-content\/uploads\/2024\/10\/312472_9ab08aaf190e4f7b92722ff1595f7f1amv2.jpeg?fit=1200%2C1200&ssl=1&resize=525%2C300 1.5x, https:\/\/i0.wp.com\/bonprix-dz.com\/wp-content\/uploads\/2024\/10\/312472_9ab08aaf190e4f7b92722ff1595f7f1amv2.jpeg?fit=1200%2C1200&ssl=1&resize=700%2C400 2x, https:\/\/i0.wp.com\/bonprix-dz.com\/wp-content\/uploads\/2024\/10\/312472_9ab08aaf190e4f7b92722ff1595f7f1amv2.jpeg?fit=1200%2C1200&ssl=1&resize=1050%2C600 3x"},"classes":[]},{"id":4932,"url":"https:\/\/bonprix-dz.com\/?product=smart-watch-jr-fc1-joyroom","url_meta":{"origin":3590,"position":2},"title":"Smart Watch JR-FC1 Joyroom","author":"bonprix-dz.com","date":"\u0641\u0628\u0631\u0627\u064a\u0631 10, 2025","format":false,"excerpt":"Smart Watch JR-FC1 Joyroom Classic Series (Passer\/R\u00e9pondre \u00e0 un appel) Gris Fonc\u00e9 La\u00a0Smart Watch JR-FC1 Joyroom Classic Series\u00a0en gris fonc\u00e9 est l\u2019accessoire parfait pour ceux qui cherchent \u00e0 allier l\u2019\u00e9l\u00e9gance et la technologie. Avec des fonctionnalit\u00e9s avanc\u00e9es comme la fonction d\u2019appel intelligent, une r\u00e9sistance \u00e0 l\u2019eau IP68 et une autonomie\u2026","rel":"","context":"\u062a\u062f\u0648\u064a\u0646\u0629 \u0645\u0634\u0627\u0628\u0647\u0629","block_context":{"text":"\u062a\u062f\u0648\u064a\u0646\u0629 \u0645\u0634\u0627\u0628\u0647\u0629","link":""},"img":{"alt_text":"","src":"https:\/\/i0.wp.com\/bonprix-dz.com\/wp-content\/uploads\/2025\/02\/1-5.jpg?fit=700%2C700&ssl=1&resize=350%2C200","width":350,"height":200,"srcset":"https:\/\/i0.wp.com\/bonprix-dz.com\/wp-content\/uploads\/2025\/02\/1-5.jpg?fit=700%2C700&ssl=1&resize=350%2C200 1x, https:\/\/i0.wp.com\/bonprix-dz.com\/wp-content\/uploads\/2025\/02\/1-5.jpg?fit=700%2C700&ssl=1&resize=525%2C300 1.5x, https:\/\/i0.wp.com\/bonprix-dz.com\/wp-content\/uploads\/2025\/02\/1-5.jpg?fit=700%2C700&ssl=1&resize=700%2C400 2x"},"classes":[]},{"id":4014,"url":"https:\/\/bonprix-dz.com\/?product=hoco-eq1","url_meta":{"origin":3590,"position":3},"title":"HOCO-EQ1","author":"bonprix-dz.com","date":"\u0645\u0627\u064a\u0648 24, 2024","format":false,"excerpt":"Bluetooth 5.3: B\u00e9n\u00e9ficiez d\u2019une connectivit\u00e9 sans fil rapide et stable pour une exp\u00e9rience audio in\u00e9gal\u00e9e. Autonomie Impressionnante: La batterie int\u00e9gr\u00e9e de 40mAh dans chaque \u00e9couteur garantit jusqu\u2019\u00e0 7 heures d\u2019utilisation continue.\u00a0 Le bo\u00eetier de charge compact de 400mAh prolonge cette autonomie, offrant une dur\u00e9e totale de lecture de 180 heures.\u2026","rel":"","context":"\u062a\u062f\u0648\u064a\u0646\u0629 \u0645\u0634\u0627\u0628\u0647\u0629","block_context":{"text":"\u062a\u062f\u0648\u064a\u0646\u0629 \u0645\u0634\u0627\u0628\u0647\u0629","link":""},"img":{"alt_text":"","src":"https:\/\/i0.wp.com\/bonprix-dz.com\/wp-content\/uploads\/2024\/05\/8291009501624525956.jpg?fit=960%2C960&ssl=1&resize=350%2C200","width":350,"height":200,"srcset":"https:\/\/i0.wp.com\/bonprix-dz.com\/wp-content\/uploads\/2024\/05\/8291009501624525956.jpg?fit=960%2C960&ssl=1&resize=350%2C200 1x, https:\/\/i0.wp.com\/bonprix-dz.com\/wp-content\/uploads\/2024\/05\/8291009501624525956.jpg?fit=960%2C960&ssl=1&resize=525%2C300 1.5x, https:\/\/i0.wp.com\/bonprix-dz.com\/wp-content\/uploads\/2024\/05\/8291009501624525956.jpg?fit=960%2C960&ssl=1&resize=700%2C400 2x"},"classes":[]},{"id":3503,"url":"https:\/\/bonprix-dz.com\/?product=airpods-hoco-ew-43","url_meta":{"origin":3590,"position":4},"title":"Airpods HOCO EW 43","author":"bonprix-dz.com","date":"\u0646\u0648\u0641\u0645\u0628\u0631 11, 2023","format":false,"excerpt":"\u00c9couteurs sans fil EW42, TWS, BT v5.3, batterie d\u2019\u00e9couteurs 40 mAh pour 7 heures d\u2019utilisation, 200 heures en veille, avec \u00e9tui de charge 300 mAh. \u00a0 Description \u00a0 Temps d\u2019utilisation: 7 heures Temps de veille: 200 heures \u00c9couteurs st\u00e9r\u00e9o sans fil Bluetooth 5.3; Capacit\u00e9 de la batterie, compartiment de charge\u2026","rel":"","context":"\u062a\u062f\u0648\u064a\u0646\u0629 \u0645\u0634\u0627\u0628\u0647\u0629","block_context":{"text":"\u062a\u062f\u0648\u064a\u0646\u0629 \u0645\u0634\u0627\u0628\u0647\u0629","link":""},"img":{"alt_text":"","src":"https:\/\/i0.wp.com\/bonprix-dz.com\/wp-content\/uploads\/2023\/11\/3661208493.jpg?fit=800%2C800&ssl=1&resize=350%2C200","width":350,"height":200,"srcset":"https:\/\/i0.wp.com\/bonprix-dz.com\/wp-content\/uploads\/2023\/11\/3661208493.jpg?fit=800%2C800&ssl=1&resize=350%2C200 1x, https:\/\/i0.wp.com\/bonprix-dz.com\/wp-content\/uploads\/2023\/11\/3661208493.jpg?fit=800%2C800&ssl=1&resize=525%2C300 1.5x, https:\/\/i0.wp.com\/bonprix-dz.com\/wp-content\/uploads\/2023\/11\/3661208493.jpg?fit=800%2C800&ssl=1&resize=700%2C400 2x"},"classes":[]},{"id":3984,"url":"https:\/\/bonprix-dz.com\/?product=hoco-u129-60w","url_meta":{"origin":3590,"position":5},"title":"Hoco U129 60w","author":"bonprix-dz.com","date":"\u0645\u0627\u064a\u0648 16, 2024","format":false,"excerpt":"1. Longueur : 1,2 m ; poids : 30g \u00a02. Mat\u00e9riau ext\u00e9rieur : tresse. \u00a03. Mat\u00e9riau du joint : moulage par injection transparent. \u00a04. Noyau : (34\/0,1)*2+(16\/0,08)*3 OD3,8 mm 5. Prise en charge de la charge de l'ordinateur portable 60 W (20 V\/3 A), prise en charge du t\u00e9l\u00e9phone portable\u2026","rel":"","context":"\u062a\u062f\u0648\u064a\u0646\u0629 \u0645\u0634\u0627\u0628\u0647\u0629","block_context":{"text":"\u062a\u062f\u0648\u064a\u0646\u0629 \u0645\u0634\u0627\u0628\u0647\u0629","link":""},"img":{"alt_text":"","src":"https:\/\/i0.wp.com\/bonprix-dz.com\/wp-content\/uploads\/2024\/05\/1.png?fit=585%2C589&ssl=1&resize=350%2C200","width":350,"height":200,"srcset":"https:\/\/i0.wp.com\/bonprix-dz.com\/wp-content\/uploads\/2024\/05\/1.png?fit=585%2C589&ssl=1&resize=350%2C200 1x, https:\/\/i0.wp.com\/bonprix-dz.com\/wp-content\/uploads\/2024\/05\/1.png?fit=585%2C589&ssl=1&resize=525%2C300 1.5x"},"classes":[]}],"_links":{"self":[{"href":"https:\/\/bonprix-dz.com\/index.php?rest_route=\/wp\/v2\/product\/3590","targetHints":{"allow":["GET"]}}],"collection":[{"href":"https:\/\/bonprix-dz.com\/index.php?rest_route=\/wp\/v2\/product"}],"about":[{"href":"https:\/\/bonprix-dz.com\/index.php?rest_route=\/wp\/v2\/types\/product"}],"replies":[{"embeddable":true,"href":"https:\/\/bonprix-dz.com\/index.php?rest_route=%2Fwp%2Fv2%2Fcomments&post=3590"}],"version-history":[{"count":2,"href":"https:\/\/bonprix-dz.com\/index.php?rest_route=\/wp\/v2\/product\/3590\/revisions"}],"predecessor-version":[{"id":3620,"href":"https:\/\/bonprix-dz.com\/index.php?rest_route=\/wp\/v2\/product\/3590\/revisions\/3620"}],"wp:featuredmedia":[{"embeddable":true,"href":"https:\/\/bonprix-dz.com\/index.php?rest_route=\/wp\/v2\/media\/3591"}],"wp:attachment":[{"href":"https:\/\/bonprix-dz.com\/index.php?rest_route=%2Fwp%2Fv2%2Fmedia&parent=3590"}],"wp:term":[{"taxonomy":"product_cat","embeddable":true,"href":"https:\/\/bonprix-dz.com\/index.php?rest_route=%2Fwp%2Fv2%2Fproduct_cat&post=3590"},{"taxonomy":"product_tag","embeddable":true,"href":"https:\/\/bonprix-dz.com\/index.php?rest_route=%2Fwp%2Fv2%2Fproduct_tag&post=3590"}],"curies":[{"name":"wp","href":"https:\/\/api.w.org\/{rel}","templated":true}]}}