{"id":3595,"date":"2023-11-28T23:47:20","date_gmt":"2023-11-28T23:47:20","guid":{"rendered":"https:\/\/bonprix-dz.com\/?post_type=product&#038;p=3595"},"modified":"2024-10-19T23:25:37","modified_gmt":"2024-10-19T23:25:37","slug":"3595","status":"publish","type":"product","link":"https:\/\/bonprix-dz.com\/?product=3595","title":{"rendered":"HAINO TEKO RW-35"},"content":{"rendered":"<p>Montre connect\u00e9e HAINO TEKO RW-35 + 3 bracelet de rechange gratuitFait et con\u00e7u pour les amateurs de plein air, le classique RW35 hybride Smartwatch fournit toutes les choses dont vous avez besoin pour adapter le s\u00e9jour. \u00c9quip\u00e9 d&#8217;un moniteur de fr\u00e9quence cardiaque, d&#8217;un tensiom\u00e8tre, d&#8217;un moniteur de sommeil, d&#8217;un moniteur d&#8217;oxyg\u00e8ne dans le sang et d&#8217;un chronom\u00e8tre, vous disposerez de toutes les donn\u00e9es dont vous avez besoin pour suivre vos progr\u00e8s et votre statut pendant votre entra\u00eenement.Les autres fonctions \u00e0 utiliser au quotidien incluent les rappels de notification t\u00e9l\u00e9phonique, la recherche de t\u00e9l\u00e9phone, les alarmes, le contr\u00f4le de la musique et une cam\u00e9ra \u00e0 distance qui rendra votre vie quotidienne un peu plus pratique, le tout via Bluetooth . Nouveaut\u00e9s Montre intelligente Caract\u00e9ristiques et d\u00e9tails Surveillance de la fr\u00e9quence cardiaque, surveillance de la pression art\u00e9rielle. Podom\u00e8tre, collecte de donn\u00e9es en mode sport. Surveillance du sommeil. Rappel s\u00e9dentaire B luetooth 4.0. R\u00e9veil, chronom\u00e8tre. Fonction d&#8217;appel Bluetooth, pouss\u00e9e des informations de connexion de l&#8217;application smartphone Bluetooth. Match sans bracelet bicolore. Prise en charge de l&#8217;application au-dessus d&#8217;Android 4.4 et IOS8 . Prend en charge plusieurs langues.Aspect des cadrans personnalisablesPeut suivre les donn\u00e9es de la progression et de l&#8217;\u00e9tat de votre entra\u00eenementSuivi du mode multisportMat\u00e9riau du bracelet confortable<\/p>\n","protected":false},"excerpt":{"rendered":"<p>Montre connect\u00e9e HAINO TEKO RW-35 + 3 bracelet de rechange gratuitFait et con\u00e7u pour les amateurs de plein air, le<\/p>\n","protected":false},"featured_media":3596,"comment_status":"open","ping_status":"closed","template":"","meta":{"om_disable_all_campaigns":false,"_monsterinsights_skip_tracking":false,"_monsterinsights_sitenote_active":false,"_monsterinsights_sitenote_note":"","_monsterinsights_sitenote_category":0,"iawp_total_views":89},"product_cat":[41],"product_tag":[72],"class_list":{"0":"post-3595","1":"product","2":"type-product","3":"status-publish","4":"has-post-thumbnail","6":"product_cat-smartwatch","7":"product_tag-haino-teko","9":"first","10":"outofstock","11":"taxable","12":"shipping-taxable","13":"purchasable","14":"product-type-simple"},"aioseo_notices":[],"jetpack-related-posts":[{"id":3795,"url":"https:\/\/bonprix-dz.com\/?product=haino-teko-rw-37","url_meta":{"origin":3595,"position":0},"title":"Haino Teko RW-37","author":"bonprix-dz.com","date":"\u0645\u0627\u0631\u0633 16, 2024","format":false,"excerpt":"\u231a\ufe0f\ud835\udde6\ud835\uddfa\ud835\uddee\ud835\uddff\ud835\ude01\ud835\ude04\ud835\uddee\ud835\ude01\ud835\uddf0\ud835\uddf5 + Airpods int\u00e9gr\u00e9s + 2 \ud835\uddf0\ud835\uddf2\ud835\uddf6\ud835\uddfb\ud835\ude01\ud835\ude02\ud835\uddff\ud835\uddf2\ud835\ude00 \u231a\ufe0fDesign \u00e9l\u00e9gant et ergonomique \u231a\ufe0f\u00c9cran : AMOLED tactile \u231a\ufe0fMicrophone et haut-parleur int\u00e9gr\u00e9s \u231a\ufe0fAppel Bluetooth \u231a\ufe0f Surveillance du sommeil \u231a\ufe0fFr\u00e9quence cardiaque \u231a\ufe0fTension art\u00e9rielle et niveaux d\u2019oxyg\u00e8ne \u231a\ufe0fPlusieurs modes sportifs \u231a\ufe0fContr\u00f4le de la musique \u231a\ufe0fConnectivit\u00e9: Bluetooth + 2 Ceintures: Cuir marron et silicone noir","rel":"","context":"\u062a\u062f\u0648\u064a\u0646\u0629 \u0645\u0634\u0627\u0628\u0647\u0629","block_context":{"text":"\u062a\u062f\u0648\u064a\u0646\u0629 \u0645\u0634\u0627\u0628\u0647\u0629","link":""},"img":{"alt_text":"","src":"https:\/\/i0.wp.com\/bonprix-dz.com\/wp-content\/uploads\/2024\/03\/1-10.jpg?fit=1200%2C1200&ssl=1&resize=350%2C200","width":350,"height":200,"srcset":"https:\/\/i0.wp.com\/bonprix-dz.com\/wp-content\/uploads\/2024\/03\/1-10.jpg?fit=1200%2C1200&ssl=1&resize=350%2C200 1x, https:\/\/i0.wp.com\/bonprix-dz.com\/wp-content\/uploads\/2024\/03\/1-10.jpg?fit=1200%2C1200&ssl=1&resize=525%2C300 1.5x, https:\/\/i0.wp.com\/bonprix-dz.com\/wp-content\/uploads\/2024\/03\/1-10.jpg?fit=1200%2C1200&ssl=1&resize=700%2C400 2x, https:\/\/i0.wp.com\/bonprix-dz.com\/wp-content\/uploads\/2024\/03\/1-10.jpg?fit=1200%2C1200&ssl=1&resize=1050%2C600 3x"},"classes":[]},{"id":3958,"url":"https:\/\/bonprix-dz.com\/?product=haino-teko-rw-43","url_meta":{"origin":3595,"position":1},"title":"HAINO TEKO RW-43","author":"bonprix-dz.com","date":"\u0645\u0627\u064a\u0648 6, 2024","format":false,"excerpt":"Montre Connect\u00e9e Haino Teko RW43 - \u00c9cran : Amoled - Syst\u00e8me d'exploitation : Android, IOS - Connectivit\u00e9 : Bluetooth 5.0, GPS - Capacit\u00e9 de la batterie : 300-400mAh - Suivi du sommeil - Vibration - Mesure du rythme cardiaque - Capteur de pas - R\u00e9sistante \u00e0 l'eau et \u00e0 la\u2026","rel":"","context":"\u062a\u062f\u0648\u064a\u0646\u0629 \u0645\u0634\u0627\u0628\u0647\u0629","block_context":{"text":"\u062a\u062f\u0648\u064a\u0646\u0629 \u0645\u0634\u0627\u0628\u0647\u0629","link":""},"img":{"alt_text":"","src":"https:\/\/i0.wp.com\/bonprix-dz.com\/wp-content\/uploads\/2024\/05\/1.jpg?fit=1200%2C1200&ssl=1&resize=350%2C200","width":350,"height":200,"srcset":"https:\/\/i0.wp.com\/bonprix-dz.com\/wp-content\/uploads\/2024\/05\/1.jpg?fit=1200%2C1200&ssl=1&resize=350%2C200 1x, https:\/\/i0.wp.com\/bonprix-dz.com\/wp-content\/uploads\/2024\/05\/1.jpg?fit=1200%2C1200&ssl=1&resize=525%2C300 1.5x, https:\/\/i0.wp.com\/bonprix-dz.com\/wp-content\/uploads\/2024\/05\/1.jpg?fit=1200%2C1200&ssl=1&resize=700%2C400 2x, https:\/\/i0.wp.com\/bonprix-dz.com\/wp-content\/uploads\/2024\/05\/1.jpg?fit=1200%2C1200&ssl=1&resize=1050%2C600 3x"},"classes":[]},{"id":3590,"url":"https:\/\/bonprix-dz.com\/?product=3590","url_meta":{"origin":3595,"position":2},"title":"HAINO TEKO RW-34","author":"bonprix-dz.com","date":"\u0646\u0648\u0641\u0645\u0628\u0631 28, 2023","format":false,"excerpt":"Largement utilis\u00e9 pour surveiller diverses fonctions, y compris les rappels d'\u00e9v\u00e9nements, les rappels d'appels, les notifications d'applications, etc. \u00c9cran couleur AMOLED de 1,3 pouces qui prend en charge l'affichage permanent, rendant les informations importantes disponibles simplement en levant votre poignet Surveille efficacement les statistiques de fr\u00e9quence cardiaque et de dur\u00e9e\u2026","rel":"","context":"\u062a\u062f\u0648\u064a\u0646\u0629 \u0645\u0634\u0627\u0628\u0647\u0629","block_context":{"text":"\u062a\u062f\u0648\u064a\u0646\u0629 \u0645\u0634\u0627\u0628\u0647\u0629","link":""},"img":{"alt_text":"","src":"https:\/\/i0.wp.com\/bonprix-dz.com\/wp-content\/uploads\/2023\/11\/312472_eac1b07074fc401ba95a026074abfa05mv2.jpeg?fit=342%2C342&ssl=1&resize=350%2C200","width":350,"height":200},"classes":[]},{"id":4607,"url":"https:\/\/bonprix-dz.com\/?product=haino-teko-germany-sq9","url_meta":{"origin":3595,"position":3},"title":"Haino Teko Germany SQ9","author":"bonprix-dz.com","date":"\u0623\u0643\u062a\u0648\u0628\u0631 11, 2024","format":false,"excerpt":"Montre intelligente SQ9 compatible avec les appareils Android et iOS L'\u00e9cran AMOLED plein \u00e9cran produit des couleurs plus riches, des niveaux de luminosit\u00e9 plus \u00e9lev\u00e9s et un contraste sup\u00e9rieur aux \u00e9crans LCD traditionnels. Comme ils ont des niveaux de noir plus profonds, le texte et les images sont plus lisibles\u2026","rel":"","context":"\u062a\u062f\u0648\u064a\u0646\u0629 \u0645\u0634\u0627\u0628\u0647\u0629","block_context":{"text":"\u062a\u062f\u0648\u064a\u0646\u0629 \u0645\u0634\u0627\u0628\u0647\u0629","link":""},"img":{"alt_text":"","src":"https:\/\/i0.wp.com\/bonprix-dz.com\/wp-content\/uploads\/2024\/10\/312472_9ab08aaf190e4f7b92722ff1595f7f1amv2.jpeg?fit=1200%2C1200&ssl=1&resize=350%2C200","width":350,"height":200,"srcset":"https:\/\/i0.wp.com\/bonprix-dz.com\/wp-content\/uploads\/2024\/10\/312472_9ab08aaf190e4f7b92722ff1595f7f1amv2.jpeg?fit=1200%2C1200&ssl=1&resize=350%2C200 1x, https:\/\/i0.wp.com\/bonprix-dz.com\/wp-content\/uploads\/2024\/10\/312472_9ab08aaf190e4f7b92722ff1595f7f1amv2.jpeg?fit=1200%2C1200&ssl=1&resize=525%2C300 1.5x, https:\/\/i0.wp.com\/bonprix-dz.com\/wp-content\/uploads\/2024\/10\/312472_9ab08aaf190e4f7b92722ff1595f7f1amv2.jpeg?fit=1200%2C1200&ssl=1&resize=700%2C400 2x, https:\/\/i0.wp.com\/bonprix-dz.com\/wp-content\/uploads\/2024\/10\/312472_9ab08aaf190e4f7b92722ff1595f7f1amv2.jpeg?fit=1200%2C1200&ssl=1&resize=1050%2C600 3x"},"classes":[]},{"id":3520,"url":"https:\/\/bonprix-dz.com\/?product=haino-teko-t87-max","url_meta":{"origin":3595,"position":4},"title":"Haino Teko T87 Max","author":"bonprix-dz.com","date":"\u0646\u0648\u0641\u0645\u0628\u0631 12, 2023","format":false,"excerpt":"\u0647\u0627\u064a\u0646\u0648 \u062a\u064a\u0643\u0648 9 (\u0645\u0648\u062f\u064a\u0644 T87 \u0645\u0627\u0643\u0633) \u0634\u0627\u0634\u0629 \u0643\u0627\u0645\u0644\u0629 \u0639\u0627\u0644\u064a\u0629 \u0627\u0644\u062f\u0642\u0629 \u0645\u0639 4 \u0645\u062c\u0645\u0648\u0639\u0629 \u062d\u0632\u0627\u0645 \u0648\u0634\u0627\u062d\u0646 \u0644\u0627\u0633\u0644\u0643\u064a \u0644\u0644\u0631\u062c\u0627\u0644 \u0648\u0627\u0644\u0635\u0628\u064a\u0627\u0646 \u00a0 Montre connect\u00e9e Haino Teko T87 Max Une montre bracelet \u00e9l\u00e9gante qui convient \u00e0 toutes vos pouvez changer les bracelets au gr\u00e9 de vos envies ou de votre contient 4 montre intelligente\u2026","rel":"","context":"\u062a\u062f\u0648\u064a\u0646\u0629 \u0645\u0634\u0627\u0628\u0647\u0629","block_context":{"text":"\u062a\u062f\u0648\u064a\u0646\u0629 \u0645\u0634\u0627\u0628\u0647\u0629","link":""},"img":{"alt_text":"","src":"https:\/\/i0.wp.com\/bonprix-dz.com\/wp-content\/uploads\/2023\/11\/20231113_051130.jpg?fit=800%2C800&ssl=1&resize=350%2C200","width":350,"height":200,"srcset":"https:\/\/i0.wp.com\/bonprix-dz.com\/wp-content\/uploads\/2023\/11\/20231113_051130.jpg?fit=800%2C800&ssl=1&resize=350%2C200 1x, https:\/\/i0.wp.com\/bonprix-dz.com\/wp-content\/uploads\/2023\/11\/20231113_051130.jpg?fit=800%2C800&ssl=1&resize=525%2C300 1.5x, https:\/\/i0.wp.com\/bonprix-dz.com\/wp-content\/uploads\/2023\/11\/20231113_051130.jpg?fit=800%2C800&ssl=1&resize=700%2C400 2x"},"classes":[]},{"id":3859,"url":"https:\/\/bonprix-dz.com\/?product=haino-teko-rw-32","url_meta":{"origin":3595,"position":5},"title":"Haino Teko RW-32","author":"bonprix-dz.com","date":"\u0645\u0627\u0631\u0633 31, 2024","format":false,"excerpt":"","rel":"","context":"\u062a\u062f\u0648\u064a\u0646\u0629 \u0645\u0634\u0627\u0628\u0647\u0629","block_context":{"text":"\u062a\u062f\u0648\u064a\u0646\u0629 \u0645\u0634\u0627\u0628\u0647\u0629","link":""},"img":{"alt_text":"","src":"https:\/\/i0.wp.com\/bonprix-dz.com\/wp-content\/uploads\/2024\/03\/312472_a593d79fb3ac4296a4a2c3685d782ea7mv2.jpeg?fit=500%2C500&ssl=1&resize=350%2C200","width":350,"height":200},"classes":[]}],"_links":{"self":[{"href":"https:\/\/bonprix-dz.com\/index.php?rest_route=\/wp\/v2\/product\/3595","targetHints":{"allow":["GET"]}}],"collection":[{"href":"https:\/\/bonprix-dz.com\/index.php?rest_route=\/wp\/v2\/product"}],"about":[{"href":"https:\/\/bonprix-dz.com\/index.php?rest_route=\/wp\/v2\/types\/product"}],"replies":[{"embeddable":true,"href":"https:\/\/bonprix-dz.com\/index.php?rest_route=%2Fwp%2Fv2%2Fcomments&post=3595"}],"version-history":[{"count":3,"href":"https:\/\/bonprix-dz.com\/index.php?rest_route=\/wp\/v2\/product\/3595\/revisions"}],"predecessor-version":[{"id":3619,"href":"https:\/\/bonprix-dz.com\/index.php?rest_route=\/wp\/v2\/product\/3595\/revisions\/3619"}],"wp:featuredmedia":[{"embeddable":true,"href":"https:\/\/bonprix-dz.com\/index.php?rest_route=\/wp\/v2\/media\/3596"}],"wp:attachment":[{"href":"https:\/\/bonprix-dz.com\/index.php?rest_route=%2Fwp%2Fv2%2Fmedia&parent=3595"}],"wp:term":[{"taxonomy":"product_cat","embeddable":true,"href":"https:\/\/bonprix-dz.com\/index.php?rest_route=%2Fwp%2Fv2%2Fproduct_cat&post=3595"},{"taxonomy":"product_tag","embeddable":true,"href":"https:\/\/bonprix-dz.com\/index.php?rest_route=%2Fwp%2Fv2%2Fproduct_tag&post=3595"}],"curies":[{"name":"wp","href":"https:\/\/api.w.org\/{rel}","templated":true}]}}