{"id":3745,"date":"2024-03-02T21:16:37","date_gmt":"2024-03-02T21:16:37","guid":{"rendered":"https:\/\/bonprix-dz.com\/?post_type=product&#038;p=3745"},"modified":"2025-12-17T00:17:56","modified_gmt":"2025-12-17T00:17:56","slug":"cable-de-charge-hoco-x37-micro-usb-iphone-ios-blanc","status":"publish","type":"product","link":"https:\/\/bonprix-dz.com\/?product=cable-de-charge-hoco-x37-micro-usb-iphone-ios-blanc","title":{"rendered":"C\u00e2ble de charge Hoco X37 Micro USB, Iphone IOS, Blanc"},"content":{"rendered":"<div class=\"woocommerce-product-details__short-description\">\n<ul>\n<li class=\"slightly transparent regular\" data-test-id=\"item__product-short-info\">Conception anti-courbure<\/li>\n<li class=\"slightly transparent regular\" data-test-id=\"item__product-short-info\">Prend en charge la charge rapide avec une alimentation puissante<\/li>\n<li class=\"slightly transparent regular\" data-test-id=\"item__product-short-info\">C\u00e2bles sont en blanc<\/li>\n<li class=\"slightly transparent regular\" data-test-id=\"item__product-short-info\">Produits Hoco<\/li>\n<li class=\"slightly transparent regular\" data-test-id=\"item__product-short-info\">Connecteur d\u2019entr\u00e9e : Micro USB, Iphone<\/li>\n<li class=\"slightly transparent regular\" data-test-id=\"item__product-short-info\">Courant : jusqu\u2019\u00e0 2,4 A (Micro USB, Iphone- IOS)<\/li>\n<li class=\"slightly transparent regular\" data-test-id=\"item__product-short-info\">Courant : jusqu\u2019\u00e0 3,0 A (Pour Iphone)<\/li>\n<li class=\"slightly transparent regular\" data-test-id=\"item__product-short-info\">Longueur du c\u00e2ble : 1 m<\/li>\n<\/ul>\n<\/div>\n","protected":false},"excerpt":{"rendered":"<p>Conception anti-courbure Prend en charge la charge rapide avec une alimentation puissante C\u00e2bles sont en blanc Produits Hoco Connecteur d\u2019entr\u00e9e<\/p>\n","protected":false},"featured_media":3746,"comment_status":"open","ping_status":"closed","template":"","meta":{"om_disable_all_campaigns":false,"_monsterinsights_skip_tracking":false,"_monsterinsights_sitenote_active":false,"_monsterinsights_sitenote_note":"","_monsterinsights_sitenote_category":0,"iawp_total_views":17},"product_cat":[42],"product_tag":[70],"class_list":{"0":"post-3745","1":"product","2":"type-product","3":"status-publish","4":"has-post-thumbnail","6":"product_cat-toys","7":"product_tag-hoco","9":"first","10":"instock","11":"taxable","12":"shipping-taxable","13":"purchasable","14":"product-type-simple"},"aioseo_notices":[],"jetpack-related-posts":[{"id":3820,"url":"https:\/\/bonprix-dz.com\/?product=hoco-x86","url_meta":{"origin":3745,"position":0},"title":"Hoco X86","author":"bonprix-dz.com","date":"\u0645\u0627\u0631\u0633 21, 2024","format":false,"excerpt":"X86 Spear, c\u00e2ble de donn\u00e9es de charge USB vers Type-C, alliage de silicone et d\u2019aluminium, courant jusqu\u2019\u00e0 3 A 1. Longueur : 1 m.\u00a0Poids : 24g. 2. Mat\u00e9riau ext\u00e9rieur : silicone. 3. Mat\u00e9riau du joint : alliage d\u2019aluminium. 4. Noyau : (43\/0.08)*2+(13\/0.08)*2 OD3.5mm. 5. Courant jusqu\u2019\u00e0 3A.","rel":"","context":"\u062a\u062f\u0648\u064a\u0646\u0629 \u0645\u0634\u0627\u0628\u0647\u0629","block_context":{"text":"\u062a\u062f\u0648\u064a\u0646\u0629 \u0645\u0634\u0627\u0628\u0647\u0629","link":""},"img":{"alt_text":"","src":"https:\/\/i0.wp.com\/bonprix-dz.com\/wp-content\/uploads\/2024\/03\/1-13.jpg?fit=800%2C800&ssl=1&resize=350%2C200","width":350,"height":200,"srcset":"https:\/\/i0.wp.com\/bonprix-dz.com\/wp-content\/uploads\/2024\/03\/1-13.jpg?fit=800%2C800&ssl=1&resize=350%2C200 1x, https:\/\/i0.wp.com\/bonprix-dz.com\/wp-content\/uploads\/2024\/03\/1-13.jpg?fit=800%2C800&ssl=1&resize=525%2C300 1.5x, https:\/\/i0.wp.com\/bonprix-dz.com\/wp-content\/uploads\/2024\/03\/1-13.jpg?fit=800%2C800&ssl=1&resize=700%2C400 2x"},"classes":[]},{"id":3894,"url":"https:\/\/bonprix-dz.com\/?product=hoco-c81a","url_meta":{"origin":3745,"position":1},"title":"hoco C81A","author":"bonprix-dz.com","date":"\u0623\u0628\u0631\u064a\u0644 22, 2024","format":false,"excerpt":"1. Input: AC100-240V, 50\/60Hz, 0.4A. 2. Output: USB: 5V-2.1A. Total output: 5V-2.1A. 3. EU plug. 4. Single USB output, flame retardant PC material, durable. 5. Sizes: 83*42*25mm. 6. Set with X37 charging data cable for Lightning \/ Micro-USB \/ Type-C devices, cable length: 1m.","rel":"","context":"\u062a\u062f\u0648\u064a\u0646\u0629 \u0645\u0634\u0627\u0628\u0647\u0629","block_context":{"text":"\u062a\u062f\u0648\u064a\u0646\u0629 \u0645\u0634\u0627\u0628\u0647\u0629","link":""},"img":{"alt_text":"","src":"https:\/\/i0.wp.com\/bonprix-dz.com\/wp-content\/uploads\/2024\/04\/137800729726903565.jpg?fit=800%2C800&ssl=1&resize=350%2C200","width":350,"height":200,"srcset":"https:\/\/i0.wp.com\/bonprix-dz.com\/wp-content\/uploads\/2024\/04\/137800729726903565.jpg?fit=800%2C800&ssl=1&resize=350%2C200 1x, https:\/\/i0.wp.com\/bonprix-dz.com\/wp-content\/uploads\/2024\/04\/137800729726903565.jpg?fit=800%2C800&ssl=1&resize=525%2C300 1.5x, https:\/\/i0.wp.com\/bonprix-dz.com\/wp-content\/uploads\/2024\/04\/137800729726903565.jpg?fit=800%2C800&ssl=1&resize=700%2C400 2x"},"classes":[]},{"id":3707,"url":"https:\/\/bonprix-dz.com\/?product=hoco-z40","url_meta":{"origin":3745,"position":2},"title":"Car charger \u201cZ40 Superior\u201d dual port set with cable","author":"bonprix-dz.com","date":"\u0645\u0627\u0631\u0633 2, 2024","format":false,"excerpt":"Z40 Superior dual USB port car charger, set with 1m cable for Lightning \/ Micro-USB \/ Type-C 1. Material: ABS + PC flame retardant material. 2. Sizes: 69*31mm. Single charger weight: 21g, set with cable weight: 40g. 3. Output: total output 5V \/ 2.4A, single port 5V \/ 2.4A. 4.\u2026","rel":"","context":"\u062a\u062f\u0648\u064a\u0646\u0629 \u0645\u0634\u0627\u0628\u0647\u0629","block_context":{"text":"\u062a\u062f\u0648\u064a\u0646\u0629 \u0645\u0634\u0627\u0628\u0647\u0629","link":""},"img":{"alt_text":"","src":"https:\/\/i0.wp.com\/bonprix-dz.com\/wp-content\/uploads\/2024\/03\/9-1000x1000-2.jpg?fit=800%2C800&ssl=1&resize=350%2C200","width":350,"height":200,"srcset":"https:\/\/i0.wp.com\/bonprix-dz.com\/wp-content\/uploads\/2024\/03\/9-1000x1000-2.jpg?fit=800%2C800&ssl=1&resize=350%2C200 1x, https:\/\/i0.wp.com\/bonprix-dz.com\/wp-content\/uploads\/2024\/03\/9-1000x1000-2.jpg?fit=800%2C800&ssl=1&resize=525%2C300 1.5x, https:\/\/i0.wp.com\/bonprix-dz.com\/wp-content\/uploads\/2024\/03\/9-1000x1000-2.jpg?fit=800%2C800&ssl=1&resize=700%2C400 2x"},"classes":[]},{"id":4528,"url":"https:\/\/bonprix-dz.com\/?product=hoco-x14","url_meta":{"origin":3745,"position":3},"title":"Hoco X14","author":"bonprix-dz.com","date":"\u0633\u0628\u062a\u0645\u0628\u0631 11, 2024","format":false,"excerpt":"Cable type C to type C double speed 60 W Marque : Hoco Longueur : 1 m Poids : 20 g Tresse ext\u00e9rieure : fil tress\u00e9 en nylon Connecteur : alliage d\u2019aluminium 4, 134 fil de cuivre \u00e9tam\u00e9 \u00e0 5 conducteurs, passage de courant de c\u00e2ble 3A ; En utilisant\u2026","rel":"","context":"\u062a\u062f\u0648\u064a\u0646\u0629 \u0645\u0634\u0627\u0628\u0647\u0629","block_context":{"text":"\u062a\u062f\u0648\u064a\u0646\u0629 \u0645\u0634\u0627\u0628\u0647\u0629","link":""},"img":{"alt_text":"","src":"https:\/\/i0.wp.com\/bonprix-dz.com\/wp-content\/uploads\/2024\/09\/E2C795AC-263E-4E9A-A3E9-3BF9AB0D0860.webp?fit=800%2C800&ssl=1&resize=350%2C200","width":350,"height":200,"srcset":"https:\/\/i0.wp.com\/bonprix-dz.com\/wp-content\/uploads\/2024\/09\/E2C795AC-263E-4E9A-A3E9-3BF9AB0D0860.webp?fit=800%2C800&ssl=1&resize=350%2C200 1x, https:\/\/i0.wp.com\/bonprix-dz.com\/wp-content\/uploads\/2024\/09\/E2C795AC-263E-4E9A-A3E9-3BF9AB0D0860.webp?fit=800%2C800&ssl=1&resize=525%2C300 1.5x, https:\/\/i0.wp.com\/bonprix-dz.com\/wp-content\/uploads\/2024\/09\/E2C795AC-263E-4E9A-A3E9-3BF9AB0D0860.webp?fit=800%2C800&ssl=1&resize=700%2C400 2x"},"classes":[]},{"id":3758,"url":"https:\/\/bonprix-dz.com\/?product=wall-charger-c86a-illustrious-dual-port-eu-set-with-cable","url_meta":{"origin":3745,"position":4},"title":"Wall charger \u201cC86A Illustrious\u201d dual port EU set with cable","author":"bonprix-dz.com","date":"\u0645\u0627\u0631\u0633 3, 2024","format":false,"excerpt":"C86A Illustrious, wall charger, dual USB 2.4A output, EU plug, set with cable for Lightning \/ Type-C \/ Micro-USB 1. Material: ABS + PC flame retardant. 2. Sizes: 83*41*25mm. Single charger weight: 40g. Set with cable weight: 54g. 3. Output: USB-A 1 \/ 2 \u2013 5V \/ 2.4A. Total output\u2026","rel":"","context":"\u062a\u062f\u0648\u064a\u0646\u0629 \u0645\u0634\u0627\u0628\u0647\u0629","block_context":{"text":"\u062a\u062f\u0648\u064a\u0646\u0629 \u0645\u0634\u0627\u0628\u0647\u0629","link":""},"img":{"alt_text":"","src":"https:\/\/i0.wp.com\/bonprix-dz.com\/wp-content\/uploads\/2024\/03\/1-5.jpg?fit=800%2C800&ssl=1&resize=350%2C200","width":350,"height":200,"srcset":"https:\/\/i0.wp.com\/bonprix-dz.com\/wp-content\/uploads\/2024\/03\/1-5.jpg?fit=800%2C800&ssl=1&resize=350%2C200 1x, https:\/\/i0.wp.com\/bonprix-dz.com\/wp-content\/uploads\/2024\/03\/1-5.jpg?fit=800%2C800&ssl=1&resize=525%2C300 1.5x, https:\/\/i0.wp.com\/bonprix-dz.com\/wp-content\/uploads\/2024\/03\/1-5.jpg?fit=800%2C800&ssl=1&resize=700%2C400 2x"},"classes":[]},{"id":4131,"url":"https:\/\/bonprix-dz.com\/?product=hoco-cs12a","url_meta":{"origin":3745,"position":5},"title":"Hoco CS12A","author":"bonprix-dz.com","date":"\u064a\u0648\u0646\u064a\u0648 7, 2024","format":false,"excerpt":"CS12A Ocean\u060c \u0634\u0627\u062d\u0646 \u062d\u0627\u0626\u0637 \u0628\u0645\u0646\u0641\u0630 USB-A \u0641\u0631\u062f\u064a \u0628\u0642\u062f\u0631\u0629 18 \u0648\u0627\u062a\u060c \u0642\u0627\u0628\u0633 \u0627\u0644\u0627\u062a\u062d\u0627\u062f \u0627\u0644\u0623\u0648\u0631\u0648\u0628\u064a\u060c \u0645\u062c\u0645\u0648\u0639\u0627\u062a \u0645\u0632\u0648\u062f\u0629 \u0628\u0643\u0627\u0628\u0644 \u0628\u0637\u0648\u0644 1 \u0645\u062a\u0631 USB-A \u0625\u0644\u0649 Micro-USB \u0623\u0648 USB-A \u0625\u0644\u0649 Type-C 1. \u0627\u0644\u0625\u062f\u062e\u0627\u0644: \u062a\u064a\u0627\u0631 \u0645\u062a\u0631\u062f\u062f 100-240 \u0641\u0648\u0644\u062a\u060c 50 \/ 60 \u0647\u0631\u062a\u0632\u060c 0.5 \u0623\u0645\u0628\u064a\u0631. 2. \u0627\u0644\u0625\u062e\u0631\u0627\u062c: 1 \u00d7 USB-A - 5V \/ 3A\u060c 9V \/ 2A\u060c\u2026","rel":"","context":"\u062a\u062f\u0648\u064a\u0646\u0629 \u0645\u0634\u0627\u0628\u0647\u0629","block_context":{"text":"\u062a\u062f\u0648\u064a\u0646\u0629 \u0645\u0634\u0627\u0628\u0647\u0629","link":""},"img":{"alt_text":"","src":"https:\/\/i0.wp.com\/bonprix-dz.com\/wp-content\/uploads\/2024\/06\/hoco-c101a-single-port-pd20w-wall-charger-eu-set-tc-to-ltn-packaging-2.jpg?fit=800%2C800&ssl=1&resize=350%2C200","width":350,"height":200,"srcset":"https:\/\/i0.wp.com\/bonprix-dz.com\/wp-content\/uploads\/2024\/06\/hoco-c101a-single-port-pd20w-wall-charger-eu-set-tc-to-ltn-packaging-2.jpg?fit=800%2C800&ssl=1&resize=350%2C200 1x, https:\/\/i0.wp.com\/bonprix-dz.com\/wp-content\/uploads\/2024\/06\/hoco-c101a-single-port-pd20w-wall-charger-eu-set-tc-to-ltn-packaging-2.jpg?fit=800%2C800&ssl=1&resize=525%2C300 1.5x, https:\/\/i0.wp.com\/bonprix-dz.com\/wp-content\/uploads\/2024\/06\/hoco-c101a-single-port-pd20w-wall-charger-eu-set-tc-to-ltn-packaging-2.jpg?fit=800%2C800&ssl=1&resize=700%2C400 2x"},"classes":[]}],"_links":{"self":[{"href":"https:\/\/bonprix-dz.com\/index.php?rest_route=\/wp\/v2\/product\/3745","targetHints":{"allow":["GET"]}}],"collection":[{"href":"https:\/\/bonprix-dz.com\/index.php?rest_route=\/wp\/v2\/product"}],"about":[{"href":"https:\/\/bonprix-dz.com\/index.php?rest_route=\/wp\/v2\/types\/product"}],"replies":[{"embeddable":true,"href":"https:\/\/bonprix-dz.com\/index.php?rest_route=%2Fwp%2Fv2%2Fcomments&post=3745"}],"version-history":[{"count":1,"href":"https:\/\/bonprix-dz.com\/index.php?rest_route=\/wp\/v2\/product\/3745\/revisions"}],"predecessor-version":[{"id":3749,"href":"https:\/\/bonprix-dz.com\/index.php?rest_route=\/wp\/v2\/product\/3745\/revisions\/3749"}],"wp:featuredmedia":[{"embeddable":true,"href":"https:\/\/bonprix-dz.com\/index.php?rest_route=\/wp\/v2\/media\/3746"}],"wp:attachment":[{"href":"https:\/\/bonprix-dz.com\/index.php?rest_route=%2Fwp%2Fv2%2Fmedia&parent=3745"}],"wp:term":[{"taxonomy":"product_cat","embeddable":true,"href":"https:\/\/bonprix-dz.com\/index.php?rest_route=%2Fwp%2Fv2%2Fproduct_cat&post=3745"},{"taxonomy":"product_tag","embeddable":true,"href":"https:\/\/bonprix-dz.com\/index.php?rest_route=%2Fwp%2Fv2%2Fproduct_tag&post=3745"}],"curies":[{"name":"wp","href":"https:\/\/api.w.org\/{rel}","templated":true}]}}