{"id":3813,"date":"2024-03-20T00:46:15","date_gmt":"2024-03-20T00:46:15","guid":{"rendered":"https:\/\/bonprix-dz.com\/?post_type=product&#038;p=3813"},"modified":"2025-10-22T09:48:04","modified_gmt":"2025-10-22T09:48:04","slug":"cable-hoco-x40-fast-3a","status":"publish","type":"product","link":"https:\/\/bonprix-dz.com\/?product=cable-hoco-x40-fast-3a","title":{"rendered":"Cable Hoco X40 fast 3A"},"content":{"rendered":"<div class=\"short-description\">\n<ul class=\"ul-style check\">\n<li>FAST 3A<\/li>\n<li>CABLE HOCO X40<\/li>\n<li>USB VERS TYPE C<\/li>\n<\/ul>\n<\/div>\n","protected":false},"excerpt":{"rendered":"<p>FAST 3A CABLE HOCO X40 USB VERS TYPE C<\/p>\n","protected":false},"featured_media":3814,"comment_status":"open","ping_status":"closed","template":"","meta":{"om_disable_all_campaigns":false,"_monsterinsights_skip_tracking":false,"_monsterinsights_sitenote_active":false,"_monsterinsights_sitenote_note":"","_monsterinsights_sitenote_category":0,"iawp_total_views":13},"product_cat":[42],"product_tag":[70],"class_list":{"0":"post-3813","1":"product","2":"type-product","3":"status-publish","4":"has-post-thumbnail","6":"product_cat-toys","7":"product_tag-hoco","9":"first","10":"instock","11":"taxable","12":"shipping-taxable","13":"purchasable","14":"product-type-simple"},"aioseo_notices":[],"jetpack-related-posts":[{"id":3820,"url":"https:\/\/bonprix-dz.com\/?product=hoco-x86","url_meta":{"origin":3813,"position":0},"title":"Hoco X86","author":"bonprix-dz.com","date":"\u0645\u0627\u0631\u0633 21, 2024","format":false,"excerpt":"X86 Spear, c\u00e2ble de donn\u00e9es de charge USB vers Type-C, alliage de silicone et d\u2019aluminium, courant jusqu\u2019\u00e0 3 A 1. Longueur : 1 m.\u00a0Poids : 24g. 2. Mat\u00e9riau ext\u00e9rieur : silicone. 3. Mat\u00e9riau du joint : alliage d\u2019aluminium. 4. Noyau : (43\/0.08)*2+(13\/0.08)*2 OD3.5mm. 5. Courant jusqu\u2019\u00e0 3A.","rel":"","context":"\u062a\u062f\u0648\u064a\u0646\u0629 \u0645\u0634\u0627\u0628\u0647\u0629","block_context":{"text":"\u062a\u062f\u0648\u064a\u0646\u0629 \u0645\u0634\u0627\u0628\u0647\u0629","link":""},"img":{"alt_text":"","src":"https:\/\/i0.wp.com\/bonprix-dz.com\/wp-content\/uploads\/2024\/03\/1-13.jpg?fit=800%2C800&ssl=1&resize=350%2C200","width":350,"height":200,"srcset":"https:\/\/i0.wp.com\/bonprix-dz.com\/wp-content\/uploads\/2024\/03\/1-13.jpg?fit=800%2C800&ssl=1&resize=350%2C200 1x, https:\/\/i0.wp.com\/bonprix-dz.com\/wp-content\/uploads\/2024\/03\/1-13.jpg?fit=800%2C800&ssl=1&resize=525%2C300 1.5x, https:\/\/i0.wp.com\/bonprix-dz.com\/wp-content\/uploads\/2024\/03\/1-13.jpg?fit=800%2C800&ssl=1&resize=700%2C400 2x"},"classes":[]},{"id":4528,"url":"https:\/\/bonprix-dz.com\/?product=hoco-x14","url_meta":{"origin":3813,"position":1},"title":"Hoco X14","author":"bonprix-dz.com","date":"\u0633\u0628\u062a\u0645\u0628\u0631 11, 2024","format":false,"excerpt":"Cable type C to type C double speed 60 W Marque : Hoco Longueur : 1 m Poids : 20 g Tresse ext\u00e9rieure : fil tress\u00e9 en nylon Connecteur : alliage d\u2019aluminium 4, 134 fil de cuivre \u00e9tam\u00e9 \u00e0 5 conducteurs, passage de courant de c\u00e2ble 3A ; En utilisant\u2026","rel":"","context":"\u062a\u062f\u0648\u064a\u0646\u0629 \u0645\u0634\u0627\u0628\u0647\u0629","block_context":{"text":"\u062a\u062f\u0648\u064a\u0646\u0629 \u0645\u0634\u0627\u0628\u0647\u0629","link":""},"img":{"alt_text":"","src":"https:\/\/i0.wp.com\/bonprix-dz.com\/wp-content\/uploads\/2024\/09\/E2C795AC-263E-4E9A-A3E9-3BF9AB0D0860.webp?fit=800%2C800&ssl=1&resize=350%2C200","width":350,"height":200,"srcset":"https:\/\/i0.wp.com\/bonprix-dz.com\/wp-content\/uploads\/2024\/09\/E2C795AC-263E-4E9A-A3E9-3BF9AB0D0860.webp?fit=800%2C800&ssl=1&resize=350%2C200 1x, https:\/\/i0.wp.com\/bonprix-dz.com\/wp-content\/uploads\/2024\/09\/E2C795AC-263E-4E9A-A3E9-3BF9AB0D0860.webp?fit=800%2C800&ssl=1&resize=525%2C300 1.5x, https:\/\/i0.wp.com\/bonprix-dz.com\/wp-content\/uploads\/2024\/09\/E2C795AC-263E-4E9A-A3E9-3BF9AB0D0860.webp?fit=800%2C800&ssl=1&resize=700%2C400 2x"},"classes":[]},{"id":3994,"url":"https:\/\/bonprix-dz.com\/?product=hoco-u109-100w","url_meta":{"origin":3813,"position":2},"title":"hOCO u109 100W","author":"bonprix-dz.com","date":"\u0645\u0627\u064a\u0648 16, 2024","format":false,"excerpt":"U109, Type-C to Type-C 100W charging data cable, 1.2m, zinc alloy + TPE, current up to 3A for mobile phones, 100W power for laptops.","rel":"","context":"\u062a\u062f\u0648\u064a\u0646\u0629 \u0645\u0634\u0627\u0628\u0647\u0629","block_context":{"text":"\u062a\u062f\u0648\u064a\u0646\u0629 \u0645\u0634\u0627\u0628\u0647\u0629","link":""},"img":{"alt_text":"","src":"https:\/\/i0.wp.com\/bonprix-dz.com\/wp-content\/uploads\/2024\/05\/hoco-c101a-single-port-pd20w-wall-charger-eu-set-tc-to-ltn-wire-2.jpg?fit=800%2C800&ssl=1&resize=350%2C200","width":350,"height":200,"srcset":"https:\/\/i0.wp.com\/bonprix-dz.com\/wp-content\/uploads\/2024\/05\/hoco-c101a-single-port-pd20w-wall-charger-eu-set-tc-to-ltn-wire-2.jpg?fit=800%2C800&ssl=1&resize=350%2C200 1x, https:\/\/i0.wp.com\/bonprix-dz.com\/wp-content\/uploads\/2024\/05\/hoco-c101a-single-port-pd20w-wall-charger-eu-set-tc-to-ltn-wire-2.jpg?fit=800%2C800&ssl=1&resize=525%2C300 1.5x, https:\/\/i0.wp.com\/bonprix-dz.com\/wp-content\/uploads\/2024\/05\/hoco-c101a-single-port-pd20w-wall-charger-eu-set-tc-to-ltn-wire-2.jpg?fit=800%2C800&ssl=1&resize=700%2C400 2x"},"classes":[]},{"id":3739,"url":"https:\/\/bonprix-dz.com\/?product=cable-type-c-to-type-c-x83-victory-60w-charging-data-sync","url_meta":{"origin":3813,"position":3},"title":"Cable Type-C to Type-C  X83 60W","author":"bonprix-dz.com","date":"\u0645\u0627\u0631\u0633 2, 2024","format":false,"excerpt":"X83 Victory, Type-C to Type-C 60W charging data cable, 1m, PVC material, support up to 60W (20V \/ 3A) charging for laptop and 3A current for mobile phones 1. Length: 1m. Weight: 24g. 2. Outer material: PVC. 3. Joint material: PVC. 4. Core: (43\/0.08)*2+(16\/0.08)*3 OD3.5mm. 5. Supports up to 60W\u2026","rel":"","context":"\u062a\u062f\u0648\u064a\u0646\u0629 \u0645\u0634\u0627\u0628\u0647\u0629","block_context":{"text":"\u062a\u062f\u0648\u064a\u0646\u0629 \u0645\u0634\u0627\u0628\u0647\u0629","link":""},"img":{"alt_text":"","src":"https:\/\/i0.wp.com\/bonprix-dz.com\/wp-content\/uploads\/2024\/03\/1-2.jpg?fit=800%2C800&ssl=1&resize=350%2C200","width":350,"height":200,"srcset":"https:\/\/i0.wp.com\/bonprix-dz.com\/wp-content\/uploads\/2024\/03\/1-2.jpg?fit=800%2C800&ssl=1&resize=350%2C200 1x, https:\/\/i0.wp.com\/bonprix-dz.com\/wp-content\/uploads\/2024\/03\/1-2.jpg?fit=800%2C800&ssl=1&resize=525%2C300 1.5x, https:\/\/i0.wp.com\/bonprix-dz.com\/wp-content\/uploads\/2024\/03\/1-2.jpg?fit=800%2C800&ssl=1&resize=700%2C400 2x"},"classes":[]},{"id":5003,"url":"https:\/\/bonprix-dz.com\/?product=usams-usb-gan-charger-35w-type-c-pd-fast-phone-charger-built-in-quick-charge-cable-eu-plug-for-iphone-15-pro-max-xiaomi-samsung","url_meta":{"origin":3813,"position":4},"title":"USAMS USB GaN Charger 35W Type C PD Fast Phone Charger Built in Quick Charge Cable EU Plug for iPhone 15  Pro Max Xiaomi Samsung","author":"bonprix-dz.com","date":"\u0641\u0628\u0631\u0627\u064a\u0631 25, 2025","format":false,"excerpt":"This video is from youtube blogger TechnoMishka Input 100-240V 50\/60Hz 2A(Max) Output Type C Cable Output: 5V\/3A; 9V\/3A; 12V\/2.9A; 15V\/2.33A; 20V\/1.75A; Type C Port Output: 5V\/3A; 9V\/3A; 12V\/2.9A; 15V\/2.33A; 20V\/1.75A; PPS: 3.3V-11A\/3A; Type C Cable +Type C Port Output: 17.5W+17.5W Size Size: 51*51*94mm; Weight: About 134g; Cable Length: About 80cm;","rel":"","context":"\u062a\u062f\u0648\u064a\u0646\u0629 \u0645\u0634\u0627\u0628\u0647\u0629","block_context":{"text":"\u062a\u062f\u0648\u064a\u0646\u0629 \u0645\u0634\u0627\u0628\u0647\u0629","link":""},"img":{"alt_text":"USAMS USB GaN Charger 35W Type C PD Fast Phone Charger Built in Quick Charge Cable EU Plug for iPhone 15  Pro Max Xiaomi Samsung 1","src":"https:\/\/i0.wp.com\/ae01.alicdn.com\/kf\/S59ae32456a004e689095ae982e0a68b2e\/USAMS-USB-GaN-Charger-35W-Type-C-PD-Fast-Phone-Charger-Built-in-Quick-Charge-Cable.jpg?fit=800%2C800&ssl=1&resize=350%2C200","width":350,"height":200,"srcset":"https:\/\/i0.wp.com\/ae01.alicdn.com\/kf\/S59ae32456a004e689095ae982e0a68b2e\/USAMS-USB-GaN-Charger-35W-Type-C-PD-Fast-Phone-Charger-Built-in-Quick-Charge-Cable.jpg?fit=800%2C800&ssl=1&resize=350%2C200 1x, https:\/\/i0.wp.com\/ae01.alicdn.com\/kf\/S59ae32456a004e689095ae982e0a68b2e\/USAMS-USB-GaN-Charger-35W-Type-C-PD-Fast-Phone-Charger-Built-in-Quick-Charge-Cable.jpg?fit=800%2C800&ssl=1&resize=525%2C300 1.5x, https:\/\/i0.wp.com\/ae01.alicdn.com\/kf\/S59ae32456a004e689095ae982e0a68b2e\/USAMS-USB-GaN-Charger-35W-Type-C-PD-Fast-Phone-Charger-Built-in-Quick-Charge-Cable.jpg?fit=800%2C800&ssl=1&resize=700%2C400 2x"},"classes":[]},{"id":3765,"url":"https:\/\/bonprix-dz.com\/?product=wall-charger-c101a-pd20w-eu-set-with-cable","url_meta":{"origin":3813,"position":5},"title":"Wall charger \u201cC101A\u201d PD20W EU set with cable","author":"bonprix-dz.com","date":"\u0645\u0627\u0631\u0633 3, 2024","format":false,"excerpt":"C101A, wall charger, Type-C PD 20W output, EU plug, support fast charging protocols, set with cable Type-C to Lightning or Type-C to Type-C 1. Material: flame retardant PC + ABS. 2. Output: Type-C \u2013 20W (for PD, for QC, for AFC, for FCP). 3. EU plug. 4. Sizes: 68*34*34mm. Single\u2026","rel":"","context":"\u062a\u062f\u0648\u064a\u0646\u0629 \u0645\u0634\u0627\u0628\u0647\u0629","block_context":{"text":"\u062a\u062f\u0648\u064a\u0646\u0629 \u0645\u0634\u0627\u0628\u0647\u0629","link":""},"img":{"alt_text":"","src":"https:\/\/i0.wp.com\/bonprix-dz.com\/wp-content\/uploads\/2024\/03\/1-6.jpg?fit=800%2C800&ssl=1&resize=350%2C200","width":350,"height":200,"srcset":"https:\/\/i0.wp.com\/bonprix-dz.com\/wp-content\/uploads\/2024\/03\/1-6.jpg?fit=800%2C800&ssl=1&resize=350%2C200 1x, https:\/\/i0.wp.com\/bonprix-dz.com\/wp-content\/uploads\/2024\/03\/1-6.jpg?fit=800%2C800&ssl=1&resize=525%2C300 1.5x, https:\/\/i0.wp.com\/bonprix-dz.com\/wp-content\/uploads\/2024\/03\/1-6.jpg?fit=800%2C800&ssl=1&resize=700%2C400 2x"},"classes":[]}],"_links":{"self":[{"href":"https:\/\/bonprix-dz.com\/index.php?rest_route=\/wp\/v2\/product\/3813","targetHints":{"allow":["GET"]}}],"collection":[{"href":"https:\/\/bonprix-dz.com\/index.php?rest_route=\/wp\/v2\/product"}],"about":[{"href":"https:\/\/bonprix-dz.com\/index.php?rest_route=\/wp\/v2\/types\/product"}],"replies":[{"embeddable":true,"href":"https:\/\/bonprix-dz.com\/index.php?rest_route=%2Fwp%2Fv2%2Fcomments&post=3813"}],"version-history":[{"count":1,"href":"https:\/\/bonprix-dz.com\/index.php?rest_route=\/wp\/v2\/product\/3813\/revisions"}],"predecessor-version":[{"id":3817,"href":"https:\/\/bonprix-dz.com\/index.php?rest_route=\/wp\/v2\/product\/3813\/revisions\/3817"}],"wp:featuredmedia":[{"embeddable":true,"href":"https:\/\/bonprix-dz.com\/index.php?rest_route=\/wp\/v2\/media\/3814"}],"wp:attachment":[{"href":"https:\/\/bonprix-dz.com\/index.php?rest_route=%2Fwp%2Fv2%2Fmedia&parent=3813"}],"wp:term":[{"taxonomy":"product_cat","embeddable":true,"href":"https:\/\/bonprix-dz.com\/index.php?rest_route=%2Fwp%2Fv2%2Fproduct_cat&post=3813"},{"taxonomy":"product_tag","embeddable":true,"href":"https:\/\/bonprix-dz.com\/index.php?rest_route=%2Fwp%2Fv2%2Fproduct_tag&post=3813"}],"curies":[{"name":"wp","href":"https:\/\/api.w.org\/{rel}","templated":true}]}}