{"id":3820,"date":"2024-03-21T23:13:10","date_gmt":"2024-03-21T23:13:10","guid":{"rendered":"https:\/\/bonprix-dz.com\/?post_type=product&#038;p=3820"},"modified":"2025-10-08T14:47:53","modified_gmt":"2025-10-08T14:47:53","slug":"hoco-x86","status":"publish","type":"product","link":"https:\/\/bonprix-dz.com\/?product=hoco-x86","title":{"rendered":"Hoco X86"},"content":{"rendered":"<h6>X86 Spear, c\u00e2ble de donn\u00e9es de charge USB vers Type-C, alliage de silicone et d\u2019aluminium, courant jusqu\u2019\u00e0 3 A<\/h6>\n<p>1. Longueur : 1 m.\u00a0Poids : 24g.<br \/>\n2. Mat\u00e9riau ext\u00e9rieur : silicone.<br \/>\n3. Mat\u00e9riau du joint : alliage d\u2019aluminium.<br \/>\n4. Noyau : (43\/0.08)*2+(13\/0.08)*2 OD3.5mm.<br \/>\n5. Courant jusqu\u2019\u00e0 3A.<\/p>\n","protected":false},"excerpt":{"rendered":"<p>X86 Spear, c\u00e2ble de donn\u00e9es de charge USB vers Type-C, alliage de silicone et d\u2019aluminium, courant jusqu\u2019\u00e0 3 A 1.<\/p>\n","protected":false},"featured_media":3821,"comment_status":"open","ping_status":"closed","template":"","meta":{"om_disable_all_campaigns":false,"_monsterinsights_skip_tracking":false,"_monsterinsights_sitenote_active":false,"_monsterinsights_sitenote_note":"","_monsterinsights_sitenote_category":0,"iawp_total_views":6},"product_cat":[42],"product_tag":[70],"class_list":{"0":"post-3820","1":"product","2":"type-product","3":"status-publish","4":"has-post-thumbnail","6":"product_cat-toys","7":"product_tag-hoco","9":"first","10":"instock","11":"taxable","12":"shipping-taxable","13":"purchasable","14":"product-type-simple"},"aioseo_notices":[],"jetpack-related-posts":[{"id":4528,"url":"https:\/\/bonprix-dz.com\/?product=hoco-x14","url_meta":{"origin":3820,"position":0},"title":"Hoco X14","author":"bonprix-dz.com","date":"\u0633\u0628\u062a\u0645\u0628\u0631 11, 2024","format":false,"excerpt":"Cable type C to type C double speed 60 W Marque : Hoco Longueur : 1 m Poids : 20 g Tresse ext\u00e9rieure : fil tress\u00e9 en nylon Connecteur : alliage d\u2019aluminium 4, 134 fil de cuivre \u00e9tam\u00e9 \u00e0 5 conducteurs, passage de courant de c\u00e2ble 3A ; En utilisant\u2026","rel":"","context":"\u062a\u062f\u0648\u064a\u0646\u0629 \u0645\u0634\u0627\u0628\u0647\u0629","block_context":{"text":"\u062a\u062f\u0648\u064a\u0646\u0629 \u0645\u0634\u0627\u0628\u0647\u0629","link":""},"img":{"alt_text":"","src":"https:\/\/i0.wp.com\/bonprix-dz.com\/wp-content\/uploads\/2024\/09\/E2C795AC-263E-4E9A-A3E9-3BF9AB0D0860.webp?fit=800%2C800&ssl=1&resize=350%2C200","width":350,"height":200,"srcset":"https:\/\/i0.wp.com\/bonprix-dz.com\/wp-content\/uploads\/2024\/09\/E2C795AC-263E-4E9A-A3E9-3BF9AB0D0860.webp?fit=800%2C800&ssl=1&resize=350%2C200 1x, https:\/\/i0.wp.com\/bonprix-dz.com\/wp-content\/uploads\/2024\/09\/E2C795AC-263E-4E9A-A3E9-3BF9AB0D0860.webp?fit=800%2C800&ssl=1&resize=525%2C300 1.5x, https:\/\/i0.wp.com\/bonprix-dz.com\/wp-content\/uploads\/2024\/09\/E2C795AC-263E-4E9A-A3E9-3BF9AB0D0860.webp?fit=800%2C800&ssl=1&resize=700%2C400 2x"},"classes":[]},{"id":4645,"url":"https:\/\/bonprix-dz.com\/?product=megir-montres-de-sport-militaires","url_meta":{"origin":3820,"position":1},"title":"MEGIR-Montres de sport militaires","author":"bonprix-dz.com","date":"\u062f\u064a\u0633\u0645\u0628\u0631 2, 2024","format":false,"excerpt":"D\u00e9tails \u00c9paisseur du bo\u00eetier 13.5 Largeur de bande 24 Type de mat\u00e9riel de bande Gel de la silice Forme de mallettes Ronde Type de mat\u00e9riau de fen\u00eatre de cadran Hardlex Mat\u00e9riel des bo\u00eetes et mallettes Papier Num\u00e9ro de Mod\u00e8le MN2144GS-BE-1 Diam\u00e8tre du cadran 46.5 Caract\u00e9ristique chronom\u00e8tre,Chronographe,Calendrier complet,R\u00e9sistant \u00e0 l'eau,luminous hands\u2026","rel":"","context":"\u062a\u062f\u0648\u064a\u0646\u0629 \u0645\u0634\u0627\u0628\u0647\u0629","block_context":{"text":"\u062a\u062f\u0648\u064a\u0646\u0629 \u0645\u0634\u0627\u0628\u0647\u0629","link":""},"img":{"alt_text":"","src":"https:\/\/i0.wp.com\/bonprix-dz.com\/wp-content\/uploads\/2024\/12\/MEGIR.avif?resize=350%2C200&ssl=1","width":350,"height":200,"srcset":"https:\/\/i0.wp.com\/bonprix-dz.com\/wp-content\/uploads\/2024\/12\/MEGIR.avif?resize=350%2C200&ssl=1 1x, https:\/\/i0.wp.com\/bonprix-dz.com\/wp-content\/uploads\/2024\/12\/MEGIR.avif?resize=525%2C300&ssl=1 1.5x, https:\/\/i0.wp.com\/bonprix-dz.com\/wp-content\/uploads\/2024\/12\/MEGIR.avif?resize=700%2C400&ssl=1 2x"},"classes":[]},{"id":3979,"url":"https:\/\/bonprix-dz.com\/?product=hoco-u95","url_meta":{"origin":3820,"position":2},"title":"HOCO U95","author":"bonprix-dz.com","date":"\u0645\u0627\u064a\u0648 16, 2024","format":false,"excerpt":"60W pour charger un ordinateur portable, un iPad pro ou smartphone \u00e9ligible durabilit\u00e9 suppl\u00e9mentaire anti-flexion coque en alliage de zinc","rel":"","context":"\u062a\u062f\u0648\u064a\u0646\u0629 \u0645\u0634\u0627\u0628\u0647\u0629","block_context":{"text":"\u062a\u062f\u0648\u064a\u0646\u0629 \u0645\u0634\u0627\u0628\u0647\u0629","link":""},"img":{"alt_text":"","src":"https:\/\/i0.wp.com\/bonprix-dz.com\/wp-content\/uploads\/2024\/05\/hoco-c101a-single-port-pd20w-wall-charger-eu-set-tc-to-ltn-packaging-2.jpg?fit=800%2C800&ssl=1&resize=350%2C200","width":350,"height":200,"srcset":"https:\/\/i0.wp.com\/bonprix-dz.com\/wp-content\/uploads\/2024\/05\/hoco-c101a-single-port-pd20w-wall-charger-eu-set-tc-to-ltn-packaging-2.jpg?fit=800%2C800&ssl=1&resize=350%2C200 1x, https:\/\/i0.wp.com\/bonprix-dz.com\/wp-content\/uploads\/2024\/05\/hoco-c101a-single-port-pd20w-wall-charger-eu-set-tc-to-ltn-packaging-2.jpg?fit=800%2C800&ssl=1&resize=525%2C300 1.5x, https:\/\/i0.wp.com\/bonprix-dz.com\/wp-content\/uploads\/2024\/05\/hoco-c101a-single-port-pd20w-wall-charger-eu-set-tc-to-ltn-packaging-2.jpg?fit=800%2C800&ssl=1&resize=700%2C400 2x"},"classes":[]},{"id":3739,"url":"https:\/\/bonprix-dz.com\/?product=cable-type-c-to-type-c-x83-victory-60w-charging-data-sync","url_meta":{"origin":3820,"position":3},"title":"Cable Type-C to Type-C  X83 60W","author":"bonprix-dz.com","date":"\u0645\u0627\u0631\u0633 2, 2024","format":false,"excerpt":"X83 Victory, Type-C to Type-C 60W charging data cable, 1m, PVC material, support up to 60W (20V \/ 3A) charging for laptop and 3A current for mobile phones 1. Length: 1m. Weight: 24g. 2. Outer material: PVC. 3. Joint material: PVC. 4. Core: (43\/0.08)*2+(16\/0.08)*3 OD3.5mm. 5. Supports up to 60W\u2026","rel":"","context":"\u062a\u062f\u0648\u064a\u0646\u0629 \u0645\u0634\u0627\u0628\u0647\u0629","block_context":{"text":"\u062a\u062f\u0648\u064a\u0646\u0629 \u0645\u0634\u0627\u0628\u0647\u0629","link":""},"img":{"alt_text":"","src":"https:\/\/i0.wp.com\/bonprix-dz.com\/wp-content\/uploads\/2024\/03\/1-2.jpg?fit=800%2C800&ssl=1&resize=350%2C200","width":350,"height":200,"srcset":"https:\/\/i0.wp.com\/bonprix-dz.com\/wp-content\/uploads\/2024\/03\/1-2.jpg?fit=800%2C800&ssl=1&resize=350%2C200 1x, https:\/\/i0.wp.com\/bonprix-dz.com\/wp-content\/uploads\/2024\/03\/1-2.jpg?fit=800%2C800&ssl=1&resize=525%2C300 1.5x, https:\/\/i0.wp.com\/bonprix-dz.com\/wp-content\/uploads\/2024\/03\/1-2.jpg?fit=800%2C800&ssl=1&resize=700%2C400 2x"},"classes":[]},{"id":4112,"url":"https:\/\/bonprix-dz.com\/?product=hoco-83-type-c-to-type-c","url_meta":{"origin":3820,"position":4},"title":"Hoco 83 Type c- To Type-c","author":"bonprix-dz.com","date":"\u064a\u0648\u0646\u064a\u0648 7, 2024","format":false,"excerpt":"X83 Victory\u060c \u0643\u0627\u0628\u0644 \u0634\u062d\u0646 \u0645\u0646 \u0627\u0644\u0646\u0648\u0639 C \u0625\u0644\u0649 \u0627\u0644\u0646\u0648\u0639 C 60 \u0648\u0627\u0637\u060c 1 \u0645\u062a\u0631\u060c \u0645\u0627\u062f\u0629 PVC\u060c \u064a\u062f\u0639\u0645 \u062d\u062a\u0649 60 \u0648\u0627\u0637 (20 \u0641\u0648\u0644\u062a \/ 3 \u0623\u0645\u0628\u064a\u0631) \u0644\u0634\u062d\u0646 \u0627\u0644\u0643\u0645\u0628\u064a\u0648\u062a\u0631 \u0627\u0644\u0645\u062d\u0645\u0648\u0644 \u0648\u062a\u064a\u0627\u0631 3 \u0623\u0645\u0628\u064a\u0631 \u0644\u0644\u0647\u0648\u0627\u062a\u0641 \u0627\u0644\u0645\u062d\u0645\u0648\u0644\u0629 1. \u0627\u0644\u0637\u0648\u0644: 1 \u0645. \u0627\u0644\u0648\u0632\u0646: 24 \u062c\u0631\u0627\u0645. 2. \u0627\u0644\u0645\u0627\u062f\u0629 \u0627\u0644\u062e\u0627\u0631\u062c\u064a\u0629: PVC. 3. \u0627\u0644\u0645\u0648\u0627\u062f \u0627\u0644\u0645\u0634\u062a\u0631\u0643\u0629: PVC. 4. \u0627\u0644\u0646\u0648\u0627\u0629:\u2026","rel":"","context":"\u062a\u062f\u0648\u064a\u0646\u0629 \u0645\u0634\u0627\u0628\u0647\u0629","block_context":{"text":"\u062a\u062f\u0648\u064a\u0646\u0629 \u0645\u0634\u0627\u0628\u0647\u0629","link":""},"img":{"alt_text":"","src":"https:\/\/i0.wp.com\/bonprix-dz.com\/wp-content\/uploads\/2024\/06\/ABUIABACGAAg4vrVqgYorMjnogUwgB443hI-1.jpg?fit=800%2C800&ssl=1&resize=350%2C200","width":350,"height":200,"srcset":"https:\/\/i0.wp.com\/bonprix-dz.com\/wp-content\/uploads\/2024\/06\/ABUIABACGAAg4vrVqgYorMjnogUwgB443hI-1.jpg?fit=800%2C800&ssl=1&resize=350%2C200 1x, https:\/\/i0.wp.com\/bonprix-dz.com\/wp-content\/uploads\/2024\/06\/ABUIABACGAAg4vrVqgYorMjnogUwgB443hI-1.jpg?fit=800%2C800&ssl=1&resize=525%2C300 1.5x, https:\/\/i0.wp.com\/bonprix-dz.com\/wp-content\/uploads\/2024\/06\/ABUIABACGAAg4vrVqgYorMjnogUwgB443hI-1.jpg?fit=800%2C800&ssl=1&resize=700%2C400 2x"},"classes":[]},{"id":3745,"url":"https:\/\/bonprix-dz.com\/?product=cable-de-charge-hoco-x37-micro-usb-iphone-ios-blanc","url_meta":{"origin":3820,"position":5},"title":"C\u00e2ble de charge Hoco X37 Micro USB, Iphone IOS, Blanc","author":"bonprix-dz.com","date":"\u0645\u0627\u0631\u0633 2, 2024","format":false,"excerpt":"Conception anti-courbure Prend en charge la charge rapide avec une alimentation puissante C\u00e2bles sont en blanc Produits Hoco Connecteur d\u2019entr\u00e9e : Micro USB, Iphone Courant : jusqu\u2019\u00e0 2,4 A (Micro USB, Iphone- IOS) Courant : jusqu\u2019\u00e0 3,0 A (Pour Iphone) Longueur du c\u00e2ble : 1 m","rel":"","context":"\u062a\u062f\u0648\u064a\u0646\u0629 \u0645\u0634\u0627\u0628\u0647\u0629","block_context":{"text":"\u062a\u062f\u0648\u064a\u0646\u0629 \u0645\u0634\u0627\u0628\u0647\u0629","link":""},"img":{"alt_text":"","src":"https:\/\/i0.wp.com\/bonprix-dz.com\/wp-content\/uploads\/2024\/03\/hoco-ns2-power-strip-with-extension-cable-3-socket-eu-ger-packaging-black-3.jpg?fit=800%2C800&ssl=1&resize=350%2C200","width":350,"height":200,"srcset":"https:\/\/i0.wp.com\/bonprix-dz.com\/wp-content\/uploads\/2024\/03\/hoco-ns2-power-strip-with-extension-cable-3-socket-eu-ger-packaging-black-3.jpg?fit=800%2C800&ssl=1&resize=350%2C200 1x, https:\/\/i0.wp.com\/bonprix-dz.com\/wp-content\/uploads\/2024\/03\/hoco-ns2-power-strip-with-extension-cable-3-socket-eu-ger-packaging-black-3.jpg?fit=800%2C800&ssl=1&resize=525%2C300 1.5x, https:\/\/i0.wp.com\/bonprix-dz.com\/wp-content\/uploads\/2024\/03\/hoco-ns2-power-strip-with-extension-cable-3-socket-eu-ger-packaging-black-3.jpg?fit=800%2C800&ssl=1&resize=700%2C400 2x"},"classes":[]}],"_links":{"self":[{"href":"https:\/\/bonprix-dz.com\/index.php?rest_route=\/wp\/v2\/product\/3820","targetHints":{"allow":["GET"]}}],"collection":[{"href":"https:\/\/bonprix-dz.com\/index.php?rest_route=\/wp\/v2\/product"}],"about":[{"href":"https:\/\/bonprix-dz.com\/index.php?rest_route=\/wp\/v2\/types\/product"}],"replies":[{"embeddable":true,"href":"https:\/\/bonprix-dz.com\/index.php?rest_route=%2Fwp%2Fv2%2Fcomments&post=3820"}],"version-history":[{"count":1,"href":"https:\/\/bonprix-dz.com\/index.php?rest_route=\/wp\/v2\/product\/3820\/revisions"}],"predecessor-version":[{"id":3824,"href":"https:\/\/bonprix-dz.com\/index.php?rest_route=\/wp\/v2\/product\/3820\/revisions\/3824"}],"wp:featuredmedia":[{"embeddable":true,"href":"https:\/\/bonprix-dz.com\/index.php?rest_route=\/wp\/v2\/media\/3821"}],"wp:attachment":[{"href":"https:\/\/bonprix-dz.com\/index.php?rest_route=%2Fwp%2Fv2%2Fmedia&parent=3820"}],"wp:term":[{"taxonomy":"product_cat","embeddable":true,"href":"https:\/\/bonprix-dz.com\/index.php?rest_route=%2Fwp%2Fv2%2Fproduct_cat&post=3820"},{"taxonomy":"product_tag","embeddable":true,"href":"https:\/\/bonprix-dz.com\/index.php?rest_route=%2Fwp%2Fv2%2Fproduct_tag&post=3820"}],"curies":[{"name":"wp","href":"https:\/\/api.w.org\/{rel}","templated":true}]}}