{"id":3843,"date":"2024-03-29T19:53:18","date_gmt":"2024-03-29T19:53:18","guid":{"rendered":"https:\/\/bonprix-dz.com\/?post_type=product&#038;p=3843"},"modified":"2024-03-29T19:53:18","modified_gmt":"2024-03-29T19:53:18","slug":"tws-m25","status":"publish","type":"product","link":"https:\/\/bonprix-dz.com\/?product=tws-m25","title":{"rendered":"TWS M25"},"content":{"rendered":"","protected":false},"excerpt":{"rendered":"","protected":false},"featured_media":3844,"comment_status":"open","ping_status":"closed","template":"","meta":{"om_disable_all_campaigns":false,"_monsterinsights_skip_tracking":false,"_monsterinsights_sitenote_active":false,"_monsterinsights_sitenote_note":"","_monsterinsights_sitenote_category":0,"iawp_total_views":24},"product_cat":[39],"product_tag":[],"class_list":{"0":"post-3843","1":"product","2":"type-product","3":"status-publish","4":"has-post-thumbnail","6":"product_cat-headphone","8":"first","9":"instock","10":"taxable","11":"shipping-taxable","12":"purchasable","13":"product-type-simple"},"aioseo_notices":[],"jetpack-related-posts":[{"id":4035,"url":"https:\/\/bonprix-dz.com\/?product=tws-s03","url_meta":{"origin":3843,"position":0},"title":"TWS S03","author":"bonprix-dz.com","date":"\u0645\u0627\u064a\u0648 24, 2024","format":false,"excerpt":"","rel":"","context":"\u062a\u062f\u0648\u064a\u0646\u0629 \u0645\u0634\u0627\u0628\u0647\u0629","block_context":{"text":"\u062a\u062f\u0648\u064a\u0646\u0629 \u0645\u0634\u0627\u0628\u0647\u0629","link":""},"img":{"alt_text":"","src":"https:\/\/i0.wp.com\/bonprix-dz.com\/wp-content\/uploads\/2024\/05\/736487898-1959601606.jpg?fit=800%2C800&ssl=1&resize=350%2C200","width":350,"height":200,"srcset":"https:\/\/i0.wp.com\/bonprix-dz.com\/wp-content\/uploads\/2024\/05\/736487898-1959601606.jpg?fit=800%2C800&ssl=1&resize=350%2C200 1x, https:\/\/i0.wp.com\/bonprix-dz.com\/wp-content\/uploads\/2024\/05\/736487898-1959601606.jpg?fit=800%2C800&ssl=1&resize=525%2C300 1.5x, https:\/\/i0.wp.com\/bonprix-dz.com\/wp-content\/uploads\/2024\/05\/736487898-1959601606.jpg?fit=800%2C800&ssl=1&resize=700%2C400 2x"},"classes":[]},{"id":3134,"url":"https:\/\/bonprix-dz.com\/?product=m88-plus-tws-%d8%b3%d9%85%d8%a7%d8%b9%d8%a7%d8%aa","url_meta":{"origin":3843,"position":1},"title":"M88 PLUS TWS \u0633\u0645\u0627\u0639\u0627\u062a","author":"bonprix-dz.com","date":"\u0633\u0628\u062a\u0645\u0628\u0631 16, 2023","format":false,"excerpt":"\u0646\u0638\u0631\u0629 \u0639\u0627\u0645\u0629 \u0627\u0644\u0623\u0635\u0644\u064a TWS M88 \u0632\u0627\u0626\u062f \u0633\u0645\u0627\u0639\u0627\u062a \u0644\u0627\u0633\u0644\u0643\u064a\u0629 \u0627\u0644\u0623\u0644\u0639\u0627\u0628 \u0633\u0645\u0627\u0639\u0629 \u0645\u0639 \u0645\u0627\u064a\u0643\u0631\u0648\u0641\u0648\u0646 \u0628\u0644\u0648\u062a\u0648\u062b 5.1 \u0627\u0644\u0631\u064a\u0627\u0636\u0629 \u0633\u0645\u0627\u0639\u0627\u062a \u0627\u0644\u0645\u0648\u0633\u064a\u0642\u0649 \u0633\u0645\u0627\u0639\u0627\u062a \u0622\u064a\u0641\u0648\u0646 \u0634\u0627\u0648\u0645\u064a \u0646\u0633\u062e\u0629 \u0628\u0644\u0648\u062a\u0648\u062b: \u0628\u0644\u0648\u062a\u0648\u062b V5.3 \u0628\u0644\u0648\u062a\u0648\u062b \u062a\u0631\u062f\u062f \u0627\u0644\u0641\u0631\u0642\u0629: 2.4GHz \u0645\u0648\u0627\u0635\u0641\u0627\u062a \u0645\u0643\u0628\u0631 \u0627\u0644\u0635\u0648\u062a: \u03a68mm 16\u03a9 \u0639\u0644\u0627\u0645\u0629 \u062d\u0633\u0627\u0633\u064a\u0629 \u0627\u0644\u0631\u064a\u0627\u062d: -42dB\/\u00b1 3dB \u0645\u0633\u0627\u0641\u0629 \u0627\u0644\u0625\u0631\u0633\u0627\u0644: \u2264 10 \u0645\u062a\u0631 (\u0644\u0627 \u062a\u0648\u062c\u062f \u0639\u0642\u0628\u0627\u062a) \u0633\u0639\u0629 \u0628\u0637\u0627\u0631\u064a\u0629 \u0627\u0644\u0633\u0645\u0627\u0639\u0629: 40mAh\u2026","rel":"","context":"\u062a\u062f\u0648\u064a\u0646\u0629 \u0645\u0634\u0627\u0628\u0647\u0629","block_context":{"text":"\u062a\u062f\u0648\u064a\u0646\u0629 \u0645\u0634\u0627\u0628\u0647\u0629","link":""},"img":{"alt_text":"","src":"https:\/\/i0.wp.com\/bonprix-dz.com\/wp-content\/uploads\/2023\/09\/07c967ec-bab4-4906-83e9-605495dbb2cf.jpg?fit=800%2C800&ssl=1&resize=350%2C200","width":350,"height":200,"srcset":"https:\/\/i0.wp.com\/bonprix-dz.com\/wp-content\/uploads\/2023\/09\/07c967ec-bab4-4906-83e9-605495dbb2cf.jpg?fit=800%2C800&ssl=1&resize=350%2C200 1x, https:\/\/i0.wp.com\/bonprix-dz.com\/wp-content\/uploads\/2023\/09\/07c967ec-bab4-4906-83e9-605495dbb2cf.jpg?fit=800%2C800&ssl=1&resize=525%2C300 1.5x, https:\/\/i0.wp.com\/bonprix-dz.com\/wp-content\/uploads\/2023\/09\/07c967ec-bab4-4906-83e9-605495dbb2cf.jpg?fit=800%2C800&ssl=1&resize=700%2C400 2x"},"classes":[]},{"id":3825,"url":"https:\/\/bonprix-dz.com\/?product=smart-watch-x7-tws-2","url_meta":{"origin":3843,"position":2},"title":"SMART WATCH X7","author":"bonprix-dz.com","date":"\u0645\u0627\u0631\u0633 22, 2024","format":false,"excerpt":"","rel":"","context":"\u062a\u062f\u0648\u064a\u0646\u0629 \u0645\u0634\u0627\u0628\u0647\u0629","block_context":{"text":"\u062a\u062f\u0648\u064a\u0646\u0629 \u0645\u0634\u0627\u0628\u0647\u0629","link":""},"img":{"alt_text":"","src":"https:\/\/i0.wp.com\/bonprix-dz.com\/wp-content\/uploads\/2024\/03\/352058082-2019553266.jpg?fit=960%2C960&ssl=1&resize=350%2C200","width":350,"height":200,"srcset":"https:\/\/i0.wp.com\/bonprix-dz.com\/wp-content\/uploads\/2024\/03\/352058082-2019553266.jpg?fit=960%2C960&ssl=1&resize=350%2C200 1x, https:\/\/i0.wp.com\/bonprix-dz.com\/wp-content\/uploads\/2024\/03\/352058082-2019553266.jpg?fit=960%2C960&ssl=1&resize=525%2C300 1.5x, https:\/\/i0.wp.com\/bonprix-dz.com\/wp-content\/uploads\/2024\/03\/352058082-2019553266.jpg?fit=960%2C960&ssl=1&resize=700%2C400 2x"},"classes":[]},{"id":3111,"url":"https:\/\/bonprix-dz.com\/?product=m29-%d8%a8%d8%b1%d9%88-tws-%d8%a8%d9%84%d9%88%d8%aa%d9%88%d8%ab-%d8%b3%d9%85%d8%a7%d8%b9%d8%a9","url_meta":{"origin":3843,"position":3},"title":"M29 \u0628\u0631\u0648 TWS \u0628\u0644\u0648\u062a\u0648\u062b \u0633\u0645\u0627\u0639\u0629","author":"bonprix-dz.com","date":"\u0633\u0628\u062a\u0645\u0628\u0631 15, 2023","format":false,"excerpt":"\u0644\u0648\u0646 \u0627\u0633\u0648\u062f \u0635\u0646\u0639 \u0641\u064a \u0627\u0644\u0635\u064a\u0646 \u0633\u0639\u0629 \u0627\u0644\u0628\u0637\u0627\u0631\u064a\u0629 1200 \u0645\u0644\u0644\u064a \u0623\u0645\u0628\u064a\u0631 \u062c\u0627\u0644\u0627\u0643\u0633\u064a \u0628\u0631\u0627\u0646\u062f \u0646\u0648\u0639 \u0627\u0644\u0639\u0646\u0635\u0631 \u0633\u0645\u0627\u0639\u0629 \u0628\u0644\u0648\u062a\u0648\u062b \u0631\u0642\u0645 \u0627\u0644\u0645\u0648\u062f\u064a\u0644 M29 \u0625\u0644\u063a\u0627\u0621 \u0627\u0644\u0636\u0648\u0636\u0627\u0621 \u0627\u0644\u0646\u0634\u0637: \u0646\u0639\u0645 \u0645\u0633\u0627\u0641\u0629 \u0627\u0644\u0625\u0631\u0633\u0627\u0644 10 \u0623\u0645\u062a\u0627\u0631 \u0645\u0642\u0627\u0648\u0645\u0629 \u0627\u0644\u0645\u0627\u0621 IPX5 \u0646\u0637\u0627\u0642 \u0627\u0644\u062a\u0631\u062f\u062f 20 \u0647\u0631\u062a\u0632 -20 \u0643\u064a\u0644\u0648 \u0647\u0631\u062a\u0632 \u0648\u0642\u062a \u0627\u0644\u0634\u062d\u0646 12 \u0633\u0627\u0639\u0629 \u0627\u0644\u0625\u0635\u062f\u0627\u0631: \u0628\u0644\u0648\u062a\u0648\u062b V5.2 \u0648\u0642\u062a \u0627\u0644\u0645\u0648\u0633\u064a\u0642\u0649 3-4 \u0633\u0627\u0639\u0627\u062a","rel":"","context":"\u062a\u062a\u0636\u0645\u0646 1 \u0645\u0646 \u0627\u0644\u062a\u0639\u0644\u064a\u0642\u0627\u062a","block_context":{"text":"\u062a\u062a\u0636\u0645\u0646 1 \u0645\u0646 \u0627\u0644\u062a\u0639\u0644\u064a\u0642\u0627\u062a","link":"https:\/\/bonprix-dz.com\/?product=m29-%d8%a8%d8%b1%d9%88-tws-%d8%a8%d9%84%d9%88%d8%aa%d9%88%d8%ab-%d8%b3%d9%85%d8%a7%d8%b9%d8%a9#comments"},"img":{"alt_text":"","src":"https:\/\/i0.wp.com\/bonprix-dz.com\/wp-content\/uploads\/2023\/09\/WhatsApp-Image-2023-02-11-at-2.51.31-PM.jpg?fit=960%2C960&ssl=1&resize=350%2C200","width":350,"height":200,"srcset":"https:\/\/i0.wp.com\/bonprix-dz.com\/wp-content\/uploads\/2023\/09\/WhatsApp-Image-2023-02-11-at-2.51.31-PM.jpg?fit=960%2C960&ssl=1&resize=350%2C200 1x, https:\/\/i0.wp.com\/bonprix-dz.com\/wp-content\/uploads\/2023\/09\/WhatsApp-Image-2023-02-11-at-2.51.31-PM.jpg?fit=960%2C960&ssl=1&resize=525%2C300 1.5x, https:\/\/i0.wp.com\/bonprix-dz.com\/wp-content\/uploads\/2023\/09\/WhatsApp-Image-2023-02-11-at-2.51.31-PM.jpg?fit=960%2C960&ssl=1&resize=700%2C400 2x"},"classes":[]},{"id":3630,"url":"https:\/\/bonprix-dz.com\/?product=hoco-ew46","url_meta":{"origin":3843,"position":4},"title":"Hoco EW46","author":"bonprix-dz.com","date":"\u0641\u0628\u0631\u0627\u064a\u0631 17, 2024","format":false,"excerpt":"\u00c9couteurs Sans Fil EW46 TWS Bluetooth 5.3 forme de Chat. Les \u00e9couteurs Bluetooth TWS\u00a0 de hoco offrent un son net et tenace. Capacit\u00e9 de la batterie : \u00e9tui de charge 350 mAh, casque 35 mAh. Prise en charge de la fen\u00eatre contextuelle POP-UP.","rel":"","context":"\u062a\u062f\u0648\u064a\u0646\u0629 \u0645\u0634\u0627\u0628\u0647\u0629","block_context":{"text":"\u062a\u062f\u0648\u064a\u0646\u0629 \u0645\u0634\u0627\u0628\u0647\u0629","link":""},"img":{"alt_text":"","src":"https:\/\/i0.wp.com\/bonprix-dz.com\/wp-content\/uploads\/2024\/02\/bonp.png?fit=497%2C493&ssl=1&resize=350%2C200","width":350,"height":200},"classes":[]},{"id":3106,"url":"https:\/\/bonprix-dz.com\/?product=m20-tws-%d8%b3%d9%85%d8%a7%d8%b9%d8%a7%d8%aa-%d9%84%d8%a7%d8%b3%d9%84%d9%83%d9%8a%d8%a9","url_meta":{"origin":3843,"position":5},"title":"M20 TWS \u0633\u0645\u0627\u0639\u0627\u062a \u0644\u0627\u0633\u0644\u0643\u064a\u0629","author":"bonprix-dz.com","date":"\u0633\u0628\u062a\u0645\u0628\u0631 15, 2023","format":false,"excerpt":"\u0627\u0633\u0645 \u0627\u0644\u0639\u0646\u0635\u0631: \u0633\u0645\u0627\u0639\u0629 \u0644\u0627\u0633\u0644\u0643\u064a\u0629 . \u0627\u0644\u0645\u0648\u0627\u062f : ABS \u060c \u0645\u0639\u062f\u0646 \u060c \u0643\u0645\u0628\u064a\u0648\u062a\u0631 . \u0627\u0644\u0625\u0635\u062f\u0627\u0631 \u0627\u0644\u0645\u062a\u0648\u0627\u0641\u0642 \u0645\u0639 \u0627\u0644\u0628\u0644\u0648\u062a\u0648\u062b : 5.3 . \u0633\u0639\u0629 \u0628\u0637\u0627\u0631\u064a\u0629 \u0633\u0645\u0627\u0639\u0629 \u0627\u0644\u0631\u0623\u0633 : 50 \u0645\u0644\u0644\u064a \u0623\u0645\u0628\u064a\u0631 . \u0633\u0639\u0629 \u0628\u0637\u0627\u0631\u064a\u0629 \u0635\u0646\u062f\u0648\u0642 \u0627\u0644\u0633\u0645\u0627\u0639\u0629 : 1200 \u0645\u0644\u0644\u064a \u0623\u0645\u0628\u064a\u0631 . \u0648\u0642\u062a \u0627\u0644\u0627\u0646\u062a\u0638\u0627\u0631 : \u062d\u0648\u0627\u0644\u064a 220 \u0633\u0627\u0639\u0629 . \u0645\u062f\u0629 \u0627\u0644\u062d\u064a\u0627\u0629 : \u062d\u0648\u0627\u0644\u064a 180\u2026","rel":"","context":"\u062a\u062f\u0648\u064a\u0646\u0629 \u0645\u0634\u0627\u0628\u0647\u0629","block_context":{"text":"\u062a\u062f\u0648\u064a\u0646\u0629 \u0645\u0634\u0627\u0628\u0647\u0629","link":""},"img":{"alt_text":"","src":"https:\/\/i0.wp.com\/bonprix-dz.com\/wp-content\/uploads\/2023\/09\/M20MM.jpg?fit=500%2C500&ssl=1&resize=350%2C200","width":350,"height":200},"classes":[]}],"_links":{"self":[{"href":"https:\/\/bonprix-dz.com\/index.php?rest_route=\/wp\/v2\/product\/3843","targetHints":{"allow":["GET"]}}],"collection":[{"href":"https:\/\/bonprix-dz.com\/index.php?rest_route=\/wp\/v2\/product"}],"about":[{"href":"https:\/\/bonprix-dz.com\/index.php?rest_route=\/wp\/v2\/types\/product"}],"replies":[{"embeddable":true,"href":"https:\/\/bonprix-dz.com\/index.php?rest_route=%2Fwp%2Fv2%2Fcomments&post=3843"}],"version-history":[{"count":1,"href":"https:\/\/bonprix-dz.com\/index.php?rest_route=\/wp\/v2\/product\/3843\/revisions"}],"predecessor-version":[{"id":3848,"href":"https:\/\/bonprix-dz.com\/index.php?rest_route=\/wp\/v2\/product\/3843\/revisions\/3848"}],"wp:featuredmedia":[{"embeddable":true,"href":"https:\/\/bonprix-dz.com\/index.php?rest_route=\/wp\/v2\/media\/3844"}],"wp:attachment":[{"href":"https:\/\/bonprix-dz.com\/index.php?rest_route=%2Fwp%2Fv2%2Fmedia&parent=3843"}],"wp:term":[{"taxonomy":"product_cat","embeddable":true,"href":"https:\/\/bonprix-dz.com\/index.php?rest_route=%2Fwp%2Fv2%2Fproduct_cat&post=3843"},{"taxonomy":"product_tag","embeddable":true,"href":"https:\/\/bonprix-dz.com\/index.php?rest_route=%2Fwp%2Fv2%2Fproduct_tag&post=3843"}],"curies":[{"name":"wp","href":"https:\/\/api.w.org\/{rel}","templated":true}]}}