{"id":3859,"date":"2024-03-31T15:05:02","date_gmt":"2024-03-31T15:05:02","guid":{"rendered":"https:\/\/bonprix-dz.com\/?post_type=product&#038;p=3859"},"modified":"2024-12-07T18:37:59","modified_gmt":"2024-12-07T18:37:59","slug":"haino-teko-rw-32","status":"publish","type":"product","link":"https:\/\/bonprix-dz.com\/?product=haino-teko-rw-32","title":{"rendered":"Haino Teko RW-32"},"content":{"rendered":"","protected":false},"excerpt":{"rendered":"","protected":false},"featured_media":3860,"comment_status":"open","ping_status":"closed","template":"","meta":{"om_disable_all_campaigns":false,"_monsterinsights_skip_tracking":false,"_monsterinsights_sitenote_active":false,"_monsterinsights_sitenote_note":"","_monsterinsights_sitenote_category":0,"iawp_total_views":28},"product_cat":[41],"product_tag":[72],"class_list":{"0":"post-3859","1":"product","2":"type-product","3":"status-publish","4":"has-post-thumbnail","6":"product_cat-smartwatch","7":"product_tag-haino-teko","9":"first","10":"outofstock","11":"taxable","12":"shipping-taxable","13":"purchasable","14":"product-type-simple"},"aioseo_notices":[],"jetpack-related-posts":[{"id":4077,"url":"https:\/\/bonprix-dz.com\/?product=haino-teko-rw-50","url_meta":{"origin":3859,"position":0},"title":"Haino teko RW-50","author":"bonprix-dz.com","date":"\u064a\u0648\u0646\u064a\u0648 6, 2024","format":false,"excerpt":"","rel":"","context":"\u062a\u062f\u0648\u064a\u0646\u0629 \u0645\u0634\u0627\u0628\u0647\u0629","block_context":{"text":"\u062a\u062f\u0648\u064a\u0646\u0629 \u0645\u0634\u0627\u0628\u0647\u0629","link":""},"img":{"alt_text":"","src":"https:\/\/i0.wp.com\/bonprix-dz.com\/wp-content\/uploads\/2024\/06\/312472_3b86e3c2652c421392f0db402999530bmv2-1.jpeg?fit=1200%2C1200&ssl=1&resize=350%2C200","width":350,"height":200,"srcset":"https:\/\/i0.wp.com\/bonprix-dz.com\/wp-content\/uploads\/2024\/06\/312472_3b86e3c2652c421392f0db402999530bmv2-1.jpeg?fit=1200%2C1200&ssl=1&resize=350%2C200 1x, https:\/\/i0.wp.com\/bonprix-dz.com\/wp-content\/uploads\/2024\/06\/312472_3b86e3c2652c421392f0db402999530bmv2-1.jpeg?fit=1200%2C1200&ssl=1&resize=525%2C300 1.5x, https:\/\/i0.wp.com\/bonprix-dz.com\/wp-content\/uploads\/2024\/06\/312472_3b86e3c2652c421392f0db402999530bmv2-1.jpeg?fit=1200%2C1200&ssl=1&resize=700%2C400 2x, https:\/\/i0.wp.com\/bonprix-dz.com\/wp-content\/uploads\/2024\/06\/312472_3b86e3c2652c421392f0db402999530bmv2-1.jpeg?fit=1200%2C1200&ssl=1&resize=1050%2C600 3x"},"classes":[]},{"id":4161,"url":"https:\/\/bonprix-dz.com\/?product=haino-teko-rw-47","url_meta":{"origin":3859,"position":1},"title":"Haino teko RW-47","author":"bonprix-dz.com","date":"\u064a\u0648\u0646\u064a\u0648 10, 2024","format":false,"excerpt":"","rel":"","context":"\u062a\u062f\u0648\u064a\u0646\u0629 \u0645\u0634\u0627\u0628\u0647\u0629","block_context":{"text":"\u062a\u062f\u0648\u064a\u0646\u0629 \u0645\u0634\u0627\u0628\u0647\u0629","link":""},"img":{"alt_text":"","src":"https:\/\/i0.wp.com\/bonprix-dz.com\/wp-content\/uploads\/2024\/06\/312472_29bc416693e24628919330b2ac175249mv2.jpeg?fit=500%2C500&ssl=1&resize=350%2C200","width":350,"height":200},"classes":[]},{"id":3650,"url":"https:\/\/bonprix-dz.com\/?product=haino-teko-rw-41","url_meta":{"origin":3859,"position":2},"title":"Haino Teko RW-41","author":"bonprix-dz.com","date":"\u0641\u0628\u0631\u0627\u064a\u0631 18, 2024","format":false,"excerpt":"\u0623\u062e\u0631 \u0627\u0635\u062f\u0627\u0631\u0627\u062a \u0634\u0631\u0643\u0629 \u2705 Haino Teko Rw 41 \u2705 \u0634\u0627\u0634\u0629 \u0630\u0627\u062a \u062f\u0642\u0629 \u0639\u0627\u0644\u064a\u0629 \u0648\u0633\u0637\u0648\u0639 \u0639\u0627\u0644\u064a \u0628\u0623\u0644\u0648\u0627\u0646 \u062e\u0631\u0627\u0641\u064a\u0629 (AMOLED) \u2705 \u062a\u062f\u0639\u0645 \u062e\u0627\u0635\u064a\u0629 \u0627\u0644\u0631\u062f \u0639\u0644\u0649 \u0627\u0644\u0645\u0643\u0627\u0644\u0645\u0627\u062a Blutooth \u2705 \u062a\u062a\u0648\u0641\u0631 \u0639\u0644\u0649 \u062b\u0644\u0627\u062b \u0633\u0648\u0627\u0631\u0627\u062a \u0645\u062e\u062a\u0644\u0641\u0629 Bracelet cuire\/m\u00e9tal\/silicone \u2705 \u062a\u062a\u0648\u0641\u0631 \u0639\u0644\u0649 \u0623\u063a\u0644\u0628\u064a\u0629 \u0627\u0644\u0642\u064a\u0627\u0633\u0627\u062a \u0648\u0627\u0644\u062a\u0645\u0627\u0631\u064a\u0646 \u0627\u0644\u0631\u064a\u0627\u0636\u064a\u0629. \u2705 \u062a\u062f\u0639\u0645 \u062e\u0627\u0635\u064a\u0629 \u0627\u0644\u0642\u064a\u0627\u0633\u0627\u062a \u0627\u0644\u0637\u0628\u064a\u0629 \u0627\u0644\u062a\u0642\u0631\u064a\u0628\u064a\u0629 ( \u0642\u064a\u0627\u0633 \u0646\u0628\u0636\u0627\u062a \u0627\u0644\u0642\u0644\u0628\u060c\u2026","rel":"","context":"\u062a\u062f\u0648\u064a\u0646\u0629 \u0645\u0634\u0627\u0628\u0647\u0629","block_context":{"text":"\u062a\u062f\u0648\u064a\u0646\u0629 \u0645\u0634\u0627\u0628\u0647\u0629","link":""},"img":{"alt_text":"","src":"https:\/\/i0.wp.com\/bonprix-dz.com\/wp-content\/uploads\/2024\/02\/1-2.jpg?fit=1200%2C1200&ssl=1&resize=350%2C200","width":350,"height":200,"srcset":"https:\/\/i0.wp.com\/bonprix-dz.com\/wp-content\/uploads\/2024\/02\/1-2.jpg?fit=1200%2C1200&ssl=1&resize=350%2C200 1x, https:\/\/i0.wp.com\/bonprix-dz.com\/wp-content\/uploads\/2024\/02\/1-2.jpg?fit=1200%2C1200&ssl=1&resize=525%2C300 1.5x, https:\/\/i0.wp.com\/bonprix-dz.com\/wp-content\/uploads\/2024\/02\/1-2.jpg?fit=1200%2C1200&ssl=1&resize=700%2C400 2x, https:\/\/i0.wp.com\/bonprix-dz.com\/wp-content\/uploads\/2024\/02\/1-2.jpg?fit=1200%2C1200&ssl=1&resize=1050%2C600 3x"},"classes":[]},{"id":4545,"url":"https:\/\/bonprix-dz.com\/?product=haino-teko-germany-rw-51","url_meta":{"origin":3859,"position":3},"title":"Haino Teko Germany RW-51","author":"bonprix-dz.com","date":"\u0633\u0628\u062a\u0645\u0628\u0631 25, 2024","format":false,"excerpt":"Specifications Product Weight 75 g Color Name Silver Department Women Display Type AMOLED Face\/Dial Shape Round Band Size One Size (Adjustable Band) Product Length 20 cm Product Height 10 cm Product Width\/Depth 5 cm Features Bluetooth, Blood Pressure Monitor, Heart Rate Monitor, Lightweight Model Number Haino Teko RW51_Silver Model Name\u2026","rel":"","context":"\u062a\u062f\u0648\u064a\u0646\u0629 \u0645\u0634\u0627\u0628\u0647\u0629","block_context":{"text":"\u062a\u062f\u0648\u064a\u0646\u0629 \u0645\u0634\u0627\u0628\u0647\u0629","link":""},"img":{"alt_text":"","src":"https:\/\/i0.wp.com\/bonprix-dz.com\/wp-content\/uploads\/2024\/09\/312472_2a3c06b2800746c9a2c7c0fcc5458990mv2.jpeg?fit=1200%2C1200&ssl=1&resize=350%2C200","width":350,"height":200,"srcset":"https:\/\/i0.wp.com\/bonprix-dz.com\/wp-content\/uploads\/2024\/09\/312472_2a3c06b2800746c9a2c7c0fcc5458990mv2.jpeg?fit=1200%2C1200&ssl=1&resize=350%2C200 1x, https:\/\/i0.wp.com\/bonprix-dz.com\/wp-content\/uploads\/2024\/09\/312472_2a3c06b2800746c9a2c7c0fcc5458990mv2.jpeg?fit=1200%2C1200&ssl=1&resize=525%2C300 1.5x, https:\/\/i0.wp.com\/bonprix-dz.com\/wp-content\/uploads\/2024\/09\/312472_2a3c06b2800746c9a2c7c0fcc5458990mv2.jpeg?fit=1200%2C1200&ssl=1&resize=700%2C400 2x, https:\/\/i0.wp.com\/bonprix-dz.com\/wp-content\/uploads\/2024\/09\/312472_2a3c06b2800746c9a2c7c0fcc5458990mv2.jpeg?fit=1200%2C1200&ssl=1&resize=1050%2C600 3x"},"classes":[]},{"id":3958,"url":"https:\/\/bonprix-dz.com\/?product=haino-teko-rw-43","url_meta":{"origin":3859,"position":4},"title":"HAINO TEKO RW-43","author":"bonprix-dz.com","date":"\u0645\u0627\u064a\u0648 6, 2024","format":false,"excerpt":"Montre Connect\u00e9e Haino Teko RW43 - \u00c9cran : Amoled - Syst\u00e8me d'exploitation : Android, IOS - Connectivit\u00e9 : Bluetooth 5.0, GPS - Capacit\u00e9 de la batterie : 300-400mAh - Suivi du sommeil - Vibration - Mesure du rythme cardiaque - Capteur de pas - R\u00e9sistante \u00e0 l'eau et \u00e0 la\u2026","rel":"","context":"\u062a\u062f\u0648\u064a\u0646\u0629 \u0645\u0634\u0627\u0628\u0647\u0629","block_context":{"text":"\u062a\u062f\u0648\u064a\u0646\u0629 \u0645\u0634\u0627\u0628\u0647\u0629","link":""},"img":{"alt_text":"","src":"https:\/\/i0.wp.com\/bonprix-dz.com\/wp-content\/uploads\/2024\/05\/1.jpg?fit=1200%2C1200&ssl=1&resize=350%2C200","width":350,"height":200,"srcset":"https:\/\/i0.wp.com\/bonprix-dz.com\/wp-content\/uploads\/2024\/05\/1.jpg?fit=1200%2C1200&ssl=1&resize=350%2C200 1x, https:\/\/i0.wp.com\/bonprix-dz.com\/wp-content\/uploads\/2024\/05\/1.jpg?fit=1200%2C1200&ssl=1&resize=525%2C300 1.5x, https:\/\/i0.wp.com\/bonprix-dz.com\/wp-content\/uploads\/2024\/05\/1.jpg?fit=1200%2C1200&ssl=1&resize=700%2C400 2x, https:\/\/i0.wp.com\/bonprix-dz.com\/wp-content\/uploads\/2024\/05\/1.jpg?fit=1200%2C1200&ssl=1&resize=1050%2C600 3x"},"classes":[]},{"id":3968,"url":"https:\/\/bonprix-dz.com\/?product=haino-teko-rw-46","url_meta":{"origin":3859,"position":5},"title":"Haino teko RW-46","author":"bonprix-dz.com","date":"\u0645\u0627\u064a\u0648 10, 2024","format":false,"excerpt":"\u0627\u0644\u0645\u0645\u064a\u0632\u0627\u062a: \u0633\u0627\u0639\u0629 \u0627\u0644\u0634\u0627\u062d\u0646 \u0627\u0644\u0645\u063a\u0646\u0627\u0637\u064a\u0633\u064a \u0634\u0627\u0634\u0629 \u0643\u0627\u0645\u0644\u0629 \u0645\u0639 \u062e\u0627\u0635\u064a\u0629 \u0627\u0644\u0627\u062a\u0635\u0627\u0644 \u0645\u0633\u062a\u0634\u0639\u0631 \u0645\u0639\u062f\u0644 \u0636\u0631\u0628\u0627\u062a \u0627\u0644\u0642\u0644\u0628 \u0639\u062f\u0627\u062f \u0627\u0644\u062e\u0637\u0649 \u0645\u0631\u0627\u0642\u0628 \u0627\u0644\u0646\u0648\u0645 ECG \/ \u0627\u0644\u0645\u0633\u062a\u0642\u0631\u0629 2.5 \u0632\u062c\u0627\u062c \u0645\u0646\u062d\u0646\u0649 \u0639\u0644\u0649 \u0627\u0644\u0634\u0627\u0634\u0629 \u0644\u0644\u062d\u0635\u0648\u0644 \u0639\u0644\u0649 \u0645\u0638\u0647\u0631 \u0645\u0645\u062a\u0627\u0632 \u062a\u0646\u0628\u064a\u0647 \u0627\u0644\u0627\u0647\u062a\u0632\u0627\u0632 \u0645\u0633\u062a\u0634\u0639\u0631 \u0627\u0644\u062d\u0631\u0643\u0629 \u0627\u062a\u0635\u0627\u0644 \u0628\u0644\u0648\u062a\u0648\u062b \/ \u0645\u0648\u0633\u064a\u0642\u0649 \u0628\u0644\u0648\u062a\u0648\u062b \u0633\u062c\u0644\u0627\u062a \u0627\u0644\u0645\u0643\u0627\u0644\u0645\u0627\u062a \/ \u062f\u0644\u064a\u0644 \u0627\u0644\u0647\u0627\u062a\u0641 \/ \u0627\u0644\u0631\u0633\u0627\u0626\u0644 \u0625\u062e\u0637\u0627\u0631\u0627\u062a \u0648\u0633\u0627\u0626\u0644 \u0627\u0644\u062a\u0648\u0627\u0635\u0644 \u0627\u0644\u0627\u062c\u062a\u0645\u0627\u0639\u064a \u0627\u0644\u0628\u0637\u0627\u0631\u064a\u0629\u2026","rel":"","context":"\u062a\u062f\u0648\u064a\u0646\u0629 \u0645\u0634\u0627\u0628\u0647\u0629","block_context":{"text":"\u062a\u062f\u0648\u064a\u0646\u0629 \u0645\u0634\u0627\u0628\u0647\u0629","link":""},"img":{"alt_text":"","src":"https:\/\/i0.wp.com\/bonprix-dz.com\/wp-content\/uploads\/2024\/05\/1-1.jpg?fit=1200%2C1200&ssl=1&resize=350%2C200","width":350,"height":200,"srcset":"https:\/\/i0.wp.com\/bonprix-dz.com\/wp-content\/uploads\/2024\/05\/1-1.jpg?fit=1200%2C1200&ssl=1&resize=350%2C200 1x, https:\/\/i0.wp.com\/bonprix-dz.com\/wp-content\/uploads\/2024\/05\/1-1.jpg?fit=1200%2C1200&ssl=1&resize=525%2C300 1.5x, https:\/\/i0.wp.com\/bonprix-dz.com\/wp-content\/uploads\/2024\/05\/1-1.jpg?fit=1200%2C1200&ssl=1&resize=700%2C400 2x, https:\/\/i0.wp.com\/bonprix-dz.com\/wp-content\/uploads\/2024\/05\/1-1.jpg?fit=1200%2C1200&ssl=1&resize=1050%2C600 3x"},"classes":[]}],"_links":{"self":[{"href":"https:\/\/bonprix-dz.com\/index.php?rest_route=\/wp\/v2\/product\/3859","targetHints":{"allow":["GET"]}}],"collection":[{"href":"https:\/\/bonprix-dz.com\/index.php?rest_route=\/wp\/v2\/product"}],"about":[{"href":"https:\/\/bonprix-dz.com\/index.php?rest_route=\/wp\/v2\/types\/product"}],"replies":[{"embeddable":true,"href":"https:\/\/bonprix-dz.com\/index.php?rest_route=%2Fwp%2Fv2%2Fcomments&post=3859"}],"version-history":[{"count":1,"href":"https:\/\/bonprix-dz.com\/index.php?rest_route=\/wp\/v2\/product\/3859\/revisions"}],"predecessor-version":[{"id":3863,"href":"https:\/\/bonprix-dz.com\/index.php?rest_route=\/wp\/v2\/product\/3859\/revisions\/3863"}],"wp:featuredmedia":[{"embeddable":true,"href":"https:\/\/bonprix-dz.com\/index.php?rest_route=\/wp\/v2\/media\/3860"}],"wp:attachment":[{"href":"https:\/\/bonprix-dz.com\/index.php?rest_route=%2Fwp%2Fv2%2Fmedia&parent=3859"}],"wp:term":[{"taxonomy":"product_cat","embeddable":true,"href":"https:\/\/bonprix-dz.com\/index.php?rest_route=%2Fwp%2Fv2%2Fproduct_cat&post=3859"},{"taxonomy":"product_tag","embeddable":true,"href":"https:\/\/bonprix-dz.com\/index.php?rest_route=%2Fwp%2Fv2%2Fproduct_tag&post=3859"}],"curies":[{"name":"wp","href":"https:\/\/api.w.org\/{rel}","templated":true}]}}