{"id":3958,"date":"2024-05-06T23:02:20","date_gmt":"2024-05-06T23:02:20","guid":{"rendered":"https:\/\/bonprix-dz.com\/?post_type=product&#038;p=3958"},"modified":"2025-09-25T08:51:23","modified_gmt":"2025-09-25T08:51:23","slug":"haino-teko-rw-43","status":"publish","type":"product","link":"https:\/\/bonprix-dz.com\/?product=haino-teko-rw-43","title":{"rendered":"HAINO TEKO RW-43"},"content":{"rendered":"<p><b>Montre Connect\u00e9e Haino Teko RW43 <\/b>&#8211; <strong>\u00c9cran <\/strong>: Amoled &#8211; <strong>Syst\u00e8me d&#8217;exploitation <\/strong>: Android, IOS &#8211; <strong>Connectivit\u00e9 <\/strong>: Bluetooth 5.0, GPS &#8211; <strong>Capacit\u00e9 de la batterie<\/strong> : 300-400mAh &#8211; Suivi du sommeil &#8211; Vibration &#8211; Mesure du rythme cardiaque &#8211; Capteur de pas &#8211; <strong>R\u00e9sistante \u00e0 l&#8217;eau et \u00e0 la poussi\u00e8re<\/strong> &#8211; Appel vocal &#8211; 3 Ceintures : 1 en m\u00e9tal, 1 en Silicone Violet et 1 en Cuir Noir + Bracelet en m\u00e9tal Rose Gold &#8211; R\u00e9sistante \u00e0 l&#8217;eau\/\u00e0 la poussi\u00e8re &#8211; <strong>Couleur <\/strong>: Violet, Noir et Rose Gold<\/p>\n","protected":false},"excerpt":{"rendered":"<p>Montre Connect\u00e9e Haino Teko RW43 &#8211; \u00c9cran : Amoled &#8211; Syst\u00e8me d&#8217;exploitation : Android, IOS &#8211; Connectivit\u00e9 : Bluetooth 5.0,<\/p>\n","protected":false},"featured_media":3959,"comment_status":"open","ping_status":"closed","template":"","meta":{"om_disable_all_campaigns":false,"_monsterinsights_skip_tracking":false,"_monsterinsights_sitenote_active":false,"_monsterinsights_sitenote_note":"","_monsterinsights_sitenote_category":0,"iawp_total_views":397},"product_cat":[41],"product_tag":[72],"class_list":{"0":"post-3958","1":"product","2":"type-product","3":"status-publish","4":"has-post-thumbnail","6":"product_cat-smartwatch","7":"product_tag-haino-teko","9":"first","10":"instock","11":"sale","12":"taxable","13":"shipping-taxable","14":"purchasable","15":"product-type-variable"},"aioseo_notices":[],"jetpack-related-posts":[{"id":3571,"url":"https:\/\/bonprix-dz.com\/?product=haino-teko-g8-mini","url_meta":{"origin":3958,"position":0},"title":"Haino Teko G8 Mini","author":"bonprix-dz.com","date":"\u0646\u0648\u0641\u0645\u0628\u0631 22, 2023","format":false,"excerpt":"Marque:\u00a0HainoTeko Nom du mod\u00e8le:\u00a0G8 mini Syst\u00e8me d\u2019exploitation\u00a0: Android 4.4 ou iOS 8.5 et versions sup\u00e9rieures. Ecran:\u00a01.7 Amoled Affichage:\u00a0Analogique \u2013 Digital Batterie:\u00a0290mAh Autonomie: 3 jours en mode d\u2019utilisation typique, 45 jours en mode veille Bracelet:\u00a022 mm Couleur:\u00a0rose et gold Connectivit\u00e9: Bluetooth 5.1 Forme: Rectangulaire Ecran Tactile: oui","rel":"","context":"\u062a\u062f\u0648\u064a\u0646\u0629 \u0645\u0634\u0627\u0628\u0647\u0629","block_context":{"text":"\u062a\u062f\u0648\u064a\u0646\u0629 \u0645\u0634\u0627\u0628\u0647\u0629","link":""},"img":{"alt_text":"","src":"https:\/\/i0.wp.com\/bonprix-dz.com\/wp-content\/uploads\/2023\/11\/312472_32ecb49649da4aad99dc9e82a6d44178_mv2.jpeg?fit=720%2C720&ssl=1&resize=350%2C200","width":350,"height":200,"srcset":"https:\/\/i0.wp.com\/bonprix-dz.com\/wp-content\/uploads\/2023\/11\/312472_32ecb49649da4aad99dc9e82a6d44178_mv2.jpeg?fit=720%2C720&ssl=1&resize=350%2C200 1x, https:\/\/i0.wp.com\/bonprix-dz.com\/wp-content\/uploads\/2023\/11\/312472_32ecb49649da4aad99dc9e82a6d44178_mv2.jpeg?fit=720%2C720&ssl=1&resize=525%2C300 1.5x, https:\/\/i0.wp.com\/bonprix-dz.com\/wp-content\/uploads\/2023\/11\/312472_32ecb49649da4aad99dc9e82a6d44178_mv2.jpeg?fit=720%2C720&ssl=1&resize=700%2C400 2x"},"classes":[]},{"id":3795,"url":"https:\/\/bonprix-dz.com\/?product=haino-teko-rw-37","url_meta":{"origin":3958,"position":1},"title":"Haino Teko RW-37","author":"bonprix-dz.com","date":"\u0645\u0627\u0631\u0633 16, 2024","format":false,"excerpt":"\u231a\ufe0f\ud835\udde6\ud835\uddfa\ud835\uddee\ud835\uddff\ud835\ude01\ud835\ude04\ud835\uddee\ud835\ude01\ud835\uddf0\ud835\uddf5 + Airpods int\u00e9gr\u00e9s + 2 \ud835\uddf0\ud835\uddf2\ud835\uddf6\ud835\uddfb\ud835\ude01\ud835\ude02\ud835\uddff\ud835\uddf2\ud835\ude00 \u231a\ufe0fDesign \u00e9l\u00e9gant et ergonomique \u231a\ufe0f\u00c9cran : AMOLED tactile \u231a\ufe0fMicrophone et haut-parleur int\u00e9gr\u00e9s \u231a\ufe0fAppel Bluetooth \u231a\ufe0f Surveillance du sommeil \u231a\ufe0fFr\u00e9quence cardiaque \u231a\ufe0fTension art\u00e9rielle et niveaux d\u2019oxyg\u00e8ne \u231a\ufe0fPlusieurs modes sportifs \u231a\ufe0fContr\u00f4le de la musique \u231a\ufe0fConnectivit\u00e9: Bluetooth + 2 Ceintures: Cuir marron et silicone noir","rel":"","context":"\u062a\u062f\u0648\u064a\u0646\u0629 \u0645\u0634\u0627\u0628\u0647\u0629","block_context":{"text":"\u062a\u062f\u0648\u064a\u0646\u0629 \u0645\u0634\u0627\u0628\u0647\u0629","link":""},"img":{"alt_text":"","src":"https:\/\/i0.wp.com\/bonprix-dz.com\/wp-content\/uploads\/2024\/03\/1-10.jpg?fit=1200%2C1200&ssl=1&resize=350%2C200","width":350,"height":200,"srcset":"https:\/\/i0.wp.com\/bonprix-dz.com\/wp-content\/uploads\/2024\/03\/1-10.jpg?fit=1200%2C1200&ssl=1&resize=350%2C200 1x, https:\/\/i0.wp.com\/bonprix-dz.com\/wp-content\/uploads\/2024\/03\/1-10.jpg?fit=1200%2C1200&ssl=1&resize=525%2C300 1.5x, https:\/\/i0.wp.com\/bonprix-dz.com\/wp-content\/uploads\/2024\/03\/1-10.jpg?fit=1200%2C1200&ssl=1&resize=700%2C400 2x, https:\/\/i0.wp.com\/bonprix-dz.com\/wp-content\/uploads\/2024\/03\/1-10.jpg?fit=1200%2C1200&ssl=1&resize=1050%2C600 3x"},"classes":[]},{"id":3650,"url":"https:\/\/bonprix-dz.com\/?product=haino-teko-rw-41","url_meta":{"origin":3958,"position":2},"title":"Haino Teko RW-41","author":"bonprix-dz.com","date":"\u0641\u0628\u0631\u0627\u064a\u0631 18, 2024","format":false,"excerpt":"\u0623\u062e\u0631 \u0627\u0635\u062f\u0627\u0631\u0627\u062a \u0634\u0631\u0643\u0629 \u2705 Haino Teko Rw 41 \u2705 \u0634\u0627\u0634\u0629 \u0630\u0627\u062a \u062f\u0642\u0629 \u0639\u0627\u0644\u064a\u0629 \u0648\u0633\u0637\u0648\u0639 \u0639\u0627\u0644\u064a \u0628\u0623\u0644\u0648\u0627\u0646 \u062e\u0631\u0627\u0641\u064a\u0629 (AMOLED) \u2705 \u062a\u062f\u0639\u0645 \u062e\u0627\u0635\u064a\u0629 \u0627\u0644\u0631\u062f \u0639\u0644\u0649 \u0627\u0644\u0645\u0643\u0627\u0644\u0645\u0627\u062a Blutooth \u2705 \u062a\u062a\u0648\u0641\u0631 \u0639\u0644\u0649 \u062b\u0644\u0627\u062b \u0633\u0648\u0627\u0631\u0627\u062a \u0645\u062e\u062a\u0644\u0641\u0629 Bracelet cuire\/m\u00e9tal\/silicone \u2705 \u062a\u062a\u0648\u0641\u0631 \u0639\u0644\u0649 \u0623\u063a\u0644\u0628\u064a\u0629 \u0627\u0644\u0642\u064a\u0627\u0633\u0627\u062a \u0648\u0627\u0644\u062a\u0645\u0627\u0631\u064a\u0646 \u0627\u0644\u0631\u064a\u0627\u0636\u064a\u0629. \u2705 \u062a\u062f\u0639\u0645 \u062e\u0627\u0635\u064a\u0629 \u0627\u0644\u0642\u064a\u0627\u0633\u0627\u062a \u0627\u0644\u0637\u0628\u064a\u0629 \u0627\u0644\u062a\u0642\u0631\u064a\u0628\u064a\u0629 ( \u0642\u064a\u0627\u0633 \u0646\u0628\u0636\u0627\u062a \u0627\u0644\u0642\u0644\u0628\u060c\u2026","rel":"","context":"\u062a\u062f\u0648\u064a\u0646\u0629 \u0645\u0634\u0627\u0628\u0647\u0629","block_context":{"text":"\u062a\u062f\u0648\u064a\u0646\u0629 \u0645\u0634\u0627\u0628\u0647\u0629","link":""},"img":{"alt_text":"","src":"https:\/\/i0.wp.com\/bonprix-dz.com\/wp-content\/uploads\/2024\/02\/1-2.jpg?fit=1200%2C1200&ssl=1&resize=350%2C200","width":350,"height":200,"srcset":"https:\/\/i0.wp.com\/bonprix-dz.com\/wp-content\/uploads\/2024\/02\/1-2.jpg?fit=1200%2C1200&ssl=1&resize=350%2C200 1x, https:\/\/i0.wp.com\/bonprix-dz.com\/wp-content\/uploads\/2024\/02\/1-2.jpg?fit=1200%2C1200&ssl=1&resize=525%2C300 1.5x, https:\/\/i0.wp.com\/bonprix-dz.com\/wp-content\/uploads\/2024\/02\/1-2.jpg?fit=1200%2C1200&ssl=1&resize=700%2C400 2x, https:\/\/i0.wp.com\/bonprix-dz.com\/wp-content\/uploads\/2024\/02\/1-2.jpg?fit=1200%2C1200&ssl=1&resize=1050%2C600 3x"},"classes":[]},{"id":3399,"url":"https:\/\/bonprix-dz.com\/?product=haino-teko-c8","url_meta":{"origin":3958,"position":3},"title":"Haino Teko C8","author":"bonprix-dz.com","date":"\u0623\u0643\u062a\u0648\u0628\u0631 12, 2023","format":false,"excerpt":"\u0627\u0644\u0645\u064a\u0632\u0627\u062a \u0648\u0627\u0644\u0645\u0648\u0627\u0635\u0641\u0627\u062a: - \u0634\u0643\u0644 \u062f\u0627\u0626\u0631\u064a - \u0627\u0644\u0644\u0648\u0646 \u0627\u0644\u0623\u0633\u0648\u062f - \u0627\u062a\u0635\u0627\u0644 \u0628\u0644\u0648\u062a\u0648\u062b - 3 \u0623\u0632\u0648\u0627\u062c \u0645\u0646 \u0627\u0644\u0634\u0631\u064a\u0637 - \u062a\u0635\u0645\u064a\u0645 \u0645\u0642\u0627\u0648\u0645 \u0644\u0644\u0645\u0627\u0621 - \u0633\u0639\u0629 \u0627\u0644\u0628\u0637\u0627\u0631\u064a\u0629 45 \u064a\u0648\u0645\u064b\u0627 \u0641\u064a \u0648\u0636\u0639 \u0627\u0644\u0627\u0633\u062a\u0639\u062f\u0627\u062f - \u0627\u062a\u0635\u0627\u0644 \u0628\u0644\u0648\u062a\u0648\u062b - \u062d\u0632\u0627\u0645 \u0645\u0646 \u0627\u0644\u0641\u0648\u0644\u0627\u0630 \u0627\u0644\u0645\u0642\u0627\u0648\u0645 \u0644\u0644\u0635\u062f\u0623 + \u062d\u0632\u0627\u0645 \u0633\u064a\u0644\u064a\u0643\u0648\u0646 + \u062d\u0632\u0627\u0645 \u062c\u0644\u062f\u064a - \u0627\u0644\u0645\u0627\u0631\u0643\u0629: Haino Teko - \u0627\u0644\u0645\u0648\u062f\u064a\u0644: Haino\u2026","rel":"","context":"\u062a\u062f\u0648\u064a\u0646\u0629 \u0645\u0634\u0627\u0628\u0647\u0629","block_context":{"text":"\u062a\u062f\u0648\u064a\u0646\u0629 \u0645\u0634\u0627\u0628\u0647\u0629","link":""},"img":{"alt_text":"","src":"https:\/\/i0.wp.com\/bonprix-dz.com\/wp-content\/uploads\/2023\/10\/20231012_082134-scaled.jpg?fit=1200%2C1200&ssl=1&resize=350%2C200","width":350,"height":200,"srcset":"https:\/\/i0.wp.com\/bonprix-dz.com\/wp-content\/uploads\/2023\/10\/20231012_082134-scaled.jpg?fit=1200%2C1200&ssl=1&resize=350%2C200 1x, https:\/\/i0.wp.com\/bonprix-dz.com\/wp-content\/uploads\/2023\/10\/20231012_082134-scaled.jpg?fit=1200%2C1200&ssl=1&resize=525%2C300 1.5x, https:\/\/i0.wp.com\/bonprix-dz.com\/wp-content\/uploads\/2023\/10\/20231012_082134-scaled.jpg?fit=1200%2C1200&ssl=1&resize=700%2C400 2x, https:\/\/i0.wp.com\/bonprix-dz.com\/wp-content\/uploads\/2023\/10\/20231012_082134-scaled.jpg?fit=1200%2C1200&ssl=1&resize=1050%2C600 3x"},"classes":[]},{"id":4601,"url":"https:\/\/bonprix-dz.com\/?product=hainoteko-richard-m9","url_meta":{"origin":3958,"position":4},"title":"HainoTeko Richard M9","author":"bonprix-dz.com","date":"\u0623\u0643\u062a\u0648\u0628\u0631 11, 2024","format":false,"excerpt":"Marque Haino Teko Support waterproof \u00c9tat de l'article\u00a0 Nouveau Serie 9 Couleur Orange Noir Connectivit\u00e9 Bluetooth Taille de l'\u00e9cran 49 mm \u00c9toile Bracelet en acier Capacit\u00e9 de la batterie 45 jours en veille Appel Bluetooth Oui","rel":"","context":"\u062a\u062f\u0648\u064a\u0646\u0629 \u0645\u0634\u0627\u0628\u0647\u0629","block_context":{"text":"\u062a\u062f\u0648\u064a\u0646\u0629 \u0645\u0634\u0627\u0628\u0647\u0629","link":""},"img":{"alt_text":"","src":"https:\/\/i0.wp.com\/bonprix-dz.com\/wp-content\/uploads\/2024\/10\/312472_49aa577bd36741778333f151ed57e920mv2.jpeg?fit=1200%2C1200&ssl=1&resize=350%2C200","width":350,"height":200,"srcset":"https:\/\/i0.wp.com\/bonprix-dz.com\/wp-content\/uploads\/2024\/10\/312472_49aa577bd36741778333f151ed57e920mv2.jpeg?fit=1200%2C1200&ssl=1&resize=350%2C200 1x, https:\/\/i0.wp.com\/bonprix-dz.com\/wp-content\/uploads\/2024\/10\/312472_49aa577bd36741778333f151ed57e920mv2.jpeg?fit=1200%2C1200&ssl=1&resize=525%2C300 1.5x, https:\/\/i0.wp.com\/bonprix-dz.com\/wp-content\/uploads\/2024\/10\/312472_49aa577bd36741778333f151ed57e920mv2.jpeg?fit=1200%2C1200&ssl=1&resize=700%2C400 2x, https:\/\/i0.wp.com\/bonprix-dz.com\/wp-content\/uploads\/2024\/10\/312472_49aa577bd36741778333f151ed57e920mv2.jpeg?fit=1200%2C1200&ssl=1&resize=1050%2C600 3x"},"classes":[]},{"id":3371,"url":"https:\/\/bonprix-dz.com\/?product=haino-teko-t85-max","url_meta":{"origin":3958,"position":5},"title":"Haino teko T85 Max","author":"bonprix-dz.com","date":"\u0623\u0643\u062a\u0648\u0628\u0631 6, 2023","format":false,"excerpt":"\u0646\u0638\u0631\u0629 \u0639\u0627\u0645\u0629 \u0627\u0644\u0645\u064a\u0632\u0627\u062a \u0627\u0644\u0623\u0633\u0627\u0633\u064a\u0629 HainoTeko T85 max smartwatch Monitor sleep 1.75 inch screen Communications: Bluetooth Operating system: Android, iOS Wireless charging Compatibility: Android 4.4 and above, IOS 8.4 (5S and above) Include: Smart Watch, Band, Charging Cable, and Manual \u0627\u0644\u0645\u0648\u0627\u0635\u0641\u0627\u062a \u0646\u0648\u0639 \u0627\u0644\u0634\u062d\u0646 Airpods With Wireless Charging Case \u0627\u0644\u0645\u0627\u062f\u0629 Silicone \u0646\u0648\u0639\u2026","rel":"","context":"\u062a\u062f\u0648\u064a\u0646\u0629 \u0645\u0634\u0627\u0628\u0647\u0629","block_context":{"text":"\u062a\u062f\u0648\u064a\u0646\u0629 \u0645\u0634\u0627\u0628\u0647\u0629","link":""},"img":{"alt_text":"","src":"https:\/\/i0.wp.com\/bonprix-dz.com\/wp-content\/uploads\/2023\/10\/312472_44598fd819a84dc895fe5a7fc81c59ca_mv2.jpg?fit=666%2C666&ssl=1&resize=350%2C200","width":350,"height":200,"srcset":"https:\/\/i0.wp.com\/bonprix-dz.com\/wp-content\/uploads\/2023\/10\/312472_44598fd819a84dc895fe5a7fc81c59ca_mv2.jpg?fit=666%2C666&ssl=1&resize=350%2C200 1x, https:\/\/i0.wp.com\/bonprix-dz.com\/wp-content\/uploads\/2023\/10\/312472_44598fd819a84dc895fe5a7fc81c59ca_mv2.jpg?fit=666%2C666&ssl=1&resize=525%2C300 1.5x"},"classes":[]}],"_links":{"self":[{"href":"https:\/\/bonprix-dz.com\/index.php?rest_route=\/wp\/v2\/product\/3958","targetHints":{"allow":["GET"]}}],"collection":[{"href":"https:\/\/bonprix-dz.com\/index.php?rest_route=\/wp\/v2\/product"}],"about":[{"href":"https:\/\/bonprix-dz.com\/index.php?rest_route=\/wp\/v2\/types\/product"}],"replies":[{"embeddable":true,"href":"https:\/\/bonprix-dz.com\/index.php?rest_route=%2Fwp%2Fv2%2Fcomments&post=3958"}],"version-history":[{"count":1,"href":"https:\/\/bonprix-dz.com\/index.php?rest_route=\/wp\/v2\/product\/3958\/revisions"}],"predecessor-version":[{"id":3965,"href":"https:\/\/bonprix-dz.com\/index.php?rest_route=\/wp\/v2\/product\/3958\/revisions\/3965"}],"wp:featuredmedia":[{"embeddable":true,"href":"https:\/\/bonprix-dz.com\/index.php?rest_route=\/wp\/v2\/media\/3959"}],"wp:attachment":[{"href":"https:\/\/bonprix-dz.com\/index.php?rest_route=%2Fwp%2Fv2%2Fmedia&parent=3958"}],"wp:term":[{"taxonomy":"product_cat","embeddable":true,"href":"https:\/\/bonprix-dz.com\/index.php?rest_route=%2Fwp%2Fv2%2Fproduct_cat&post=3958"},{"taxonomy":"product_tag","embeddable":true,"href":"https:\/\/bonprix-dz.com\/index.php?rest_route=%2Fwp%2Fv2%2Fproduct_tag&post=3958"}],"curies":[{"name":"wp","href":"https:\/\/api.w.org\/{rel}","templated":true}]}}