{"id":3979,"date":"2024-05-16T00:59:10","date_gmt":"2024-05-16T00:59:10","guid":{"rendered":"https:\/\/bonprix-dz.com\/?post_type=product&#038;p=3979"},"modified":"2025-10-24T12:28:02","modified_gmt":"2025-10-24T12:28:02","slug":"hoco-u95","status":"publish","type":"product","link":"https:\/\/bonprix-dz.com\/?product=hoco-u95","title":{"rendered":"HOCO U95"},"content":{"rendered":"<ul>\n<li>60W pour charger un ordinateur portable, un iPad pro ou smartphone \u00e9ligible<\/li>\n<li>durabilit\u00e9 suppl\u00e9mentaire<\/li>\n<li>anti-flexion<\/li>\n<li>coque en alliage de zinc<\/li>\n<\/ul>\n","protected":false},"excerpt":{"rendered":"<p>60W pour charger un ordinateur portable, un iPad pro ou smartphone \u00e9ligible durabilit\u00e9 suppl\u00e9mentaire anti-flexion coque en alliage de zinc<\/p>\n","protected":false},"featured_media":3980,"comment_status":"open","ping_status":"closed","template":"","meta":{"om_disable_all_campaigns":false,"_monsterinsights_skip_tracking":false,"_monsterinsights_sitenote_active":false,"_monsterinsights_sitenote_note":"","_monsterinsights_sitenote_category":0,"iawp_total_views":6},"product_cat":[42],"product_tag":[70],"class_list":{"0":"post-3979","1":"product","2":"type-product","3":"status-publish","4":"has-post-thumbnail","6":"product_cat-toys","7":"product_tag-hoco","9":"first","10":"instock","11":"sale","12":"taxable","13":"shipping-taxable","14":"purchasable","15":"product-type-simple"},"aioseo_notices":[],"jetpack-related-posts":[],"_links":{"self":[{"href":"https:\/\/bonprix-dz.com\/index.php?rest_route=\/wp\/v2\/product\/3979","targetHints":{"allow":["GET"]}}],"collection":[{"href":"https:\/\/bonprix-dz.com\/index.php?rest_route=\/wp\/v2\/product"}],"about":[{"href":"https:\/\/bonprix-dz.com\/index.php?rest_route=\/wp\/v2\/types\/product"}],"replies":[{"embeddable":true,"href":"https:\/\/bonprix-dz.com\/index.php?rest_route=%2Fwp%2Fv2%2Fcomments&post=3979"}],"version-history":[{"count":1,"href":"https:\/\/bonprix-dz.com\/index.php?rest_route=\/wp\/v2\/product\/3979\/revisions"}],"predecessor-version":[{"id":3983,"href":"https:\/\/bonprix-dz.com\/index.php?rest_route=\/wp\/v2\/product\/3979\/revisions\/3983"}],"wp:featuredmedia":[{"embeddable":true,"href":"https:\/\/bonprix-dz.com\/index.php?rest_route=\/wp\/v2\/media\/3980"}],"wp:attachment":[{"href":"https:\/\/bonprix-dz.com\/index.php?rest_route=%2Fwp%2Fv2%2Fmedia&parent=3979"}],"wp:term":[{"taxonomy":"product_cat","embeddable":true,"href":"https:\/\/bonprix-dz.com\/index.php?rest_route=%2Fwp%2Fv2%2Fproduct_cat&post=3979"},{"taxonomy":"product_tag","embeddable":true,"href":"https:\/\/bonprix-dz.com\/index.php?rest_route=%2Fwp%2Fv2%2Fproduct_tag&post=3979"}],"curies":[{"name":"wp","href":"https:\/\/api.w.org\/{rel}","templated":true}]}}