{"id":3984,"date":"2024-05-16T02:05:43","date_gmt":"2024-05-16T02:05:43","guid":{"rendered":"https:\/\/bonprix-dz.com\/?post_type=product&#038;p=3984"},"modified":"2025-10-22T09:56:05","modified_gmt":"2025-10-22T09:56:05","slug":"hoco-u129-60w","status":"publish","type":"product","link":"https:\/\/bonprix-dz.com\/?product=hoco-u129-60w","title":{"rendered":"Hoco U129 60w"},"content":{"rendered":"<p><span class=\"HwtZe\" lang=\"fr\"><span class=\"jCAhz ChMk0b\"><span class=\"ryNqvb\">1. Longueur : 1,2 m ;<\/span><\/span> <span class=\"jCAhz ChMk0b\"><span class=\"ryNqvb\">poids : 30g<\/span><\/span> <\/span><\/p>\n<p><span class=\"HwtZe\" lang=\"fr\"><span class=\"jCAhz ChMk0b\"><span class=\"ryNqvb\">\u00a02. Mat\u00e9riau ext\u00e9rieur : tresse.<\/span><\/span><\/span><\/p>\n<p><span class=\"HwtZe\" lang=\"fr\">\u00a0<span class=\"jCAhz ChMk0b\"><span class=\"ryNqvb\">3. Mat\u00e9riau du joint : moulage par injection transparent.<\/span><\/span> <\/span><\/p>\n<p><span class=\"HwtZe\" lang=\"fr\"><span class=\"jCAhz ChMk0b\"><span class=\"ryNqvb\">\u00a04. Noyau : (34\/0,1)*2+(16\/0,08)*3 OD3,8 mm<\/span><\/span><\/span><\/p>\n<p><span class=\"HwtZe\" lang=\"fr\"> <span class=\"jCAhz ChMk0b\"><span class=\"ryNqvb\">5. Prise en charge de la charge de l&#8217;ordinateur portable 60 W (20 V\/3 A), <\/span><\/span><\/span><\/p>\n<p><span class=\"HwtZe\" lang=\"fr\"><span class=\"jCAhz ChMk0b\"><span class=\"ryNqvb\">prise en charge du t\u00e9l\u00e9phone portable 3 A.<\/span><\/span><\/span><\/p>\n","protected":false},"excerpt":{"rendered":"<p>1. Longueur : 1,2 m ; poids : 30g \u00a02. Mat\u00e9riau ext\u00e9rieur : tresse. \u00a03. Mat\u00e9riau du joint : moulage<\/p>\n","protected":false},"featured_media":3985,"comment_status":"open","ping_status":"closed","template":"","meta":{"om_disable_all_campaigns":false,"_monsterinsights_skip_tracking":false,"_monsterinsights_sitenote_active":false,"_monsterinsights_sitenote_note":"","_monsterinsights_sitenote_category":0,"iawp_total_views":20},"product_cat":[42],"product_tag":[70],"class_list":{"0":"post-3984","1":"product","2":"type-product","3":"status-publish","4":"has-post-thumbnail","6":"product_cat-toys","7":"product_tag-hoco","9":"first","10":"instock","11":"taxable","12":"shipping-taxable","13":"purchasable","14":"product-type-simple"},"aioseo_notices":[],"jetpack-related-posts":[{"id":4528,"url":"https:\/\/bonprix-dz.com\/?product=hoco-x14","url_meta":{"origin":3984,"position":0},"title":"Hoco X14","author":"bonprix-dz.com","date":"\u0633\u0628\u062a\u0645\u0628\u0631 11, 2024","format":false,"excerpt":"Cable type C to type C double speed 60 W Marque : Hoco Longueur : 1 m Poids : 20 g Tresse ext\u00e9rieure : fil tress\u00e9 en nylon Connecteur : alliage d\u2019aluminium 4, 134 fil de cuivre \u00e9tam\u00e9 \u00e0 5 conducteurs, passage de courant de c\u00e2ble 3A ; En utilisant\u2026","rel":"","context":"\u062a\u062f\u0648\u064a\u0646\u0629 \u0645\u0634\u0627\u0628\u0647\u0629","block_context":{"text":"\u062a\u062f\u0648\u064a\u0646\u0629 \u0645\u0634\u0627\u0628\u0647\u0629","link":""},"img":{"alt_text":"","src":"https:\/\/i0.wp.com\/bonprix-dz.com\/wp-content\/uploads\/2024\/09\/E2C795AC-263E-4E9A-A3E9-3BF9AB0D0860.webp?fit=800%2C800&ssl=1&resize=350%2C200","width":350,"height":200,"srcset":"https:\/\/i0.wp.com\/bonprix-dz.com\/wp-content\/uploads\/2024\/09\/E2C795AC-263E-4E9A-A3E9-3BF9AB0D0860.webp?fit=800%2C800&ssl=1&resize=350%2C200 1x, https:\/\/i0.wp.com\/bonprix-dz.com\/wp-content\/uploads\/2024\/09\/E2C795AC-263E-4E9A-A3E9-3BF9AB0D0860.webp?fit=800%2C800&ssl=1&resize=525%2C300 1.5x, https:\/\/i0.wp.com\/bonprix-dz.com\/wp-content\/uploads\/2024\/09\/E2C795AC-263E-4E9A-A3E9-3BF9AB0D0860.webp?fit=800%2C800&ssl=1&resize=700%2C400 2x"},"classes":[]},{"id":3820,"url":"https:\/\/bonprix-dz.com\/?product=hoco-x86","url_meta":{"origin":3984,"position":1},"title":"Hoco X86","author":"bonprix-dz.com","date":"\u0645\u0627\u0631\u0633 21, 2024","format":false,"excerpt":"X86 Spear, c\u00e2ble de donn\u00e9es de charge USB vers Type-C, alliage de silicone et d\u2019aluminium, courant jusqu\u2019\u00e0 3 A 1. Longueur : 1 m.\u00a0Poids : 24g. 2. Mat\u00e9riau ext\u00e9rieur : silicone. 3. Mat\u00e9riau du joint : alliage d\u2019aluminium. 4. Noyau : (43\/0.08)*2+(13\/0.08)*2 OD3.5mm. 5. Courant jusqu\u2019\u00e0 3A.","rel":"","context":"\u062a\u062f\u0648\u064a\u0646\u0629 \u0645\u0634\u0627\u0628\u0647\u0629","block_context":{"text":"\u062a\u062f\u0648\u064a\u0646\u0629 \u0645\u0634\u0627\u0628\u0647\u0629","link":""},"img":{"alt_text":"","src":"https:\/\/i0.wp.com\/bonprix-dz.com\/wp-content\/uploads\/2024\/03\/1-13.jpg?fit=800%2C800&ssl=1&resize=350%2C200","width":350,"height":200,"srcset":"https:\/\/i0.wp.com\/bonprix-dz.com\/wp-content\/uploads\/2024\/03\/1-13.jpg?fit=800%2C800&ssl=1&resize=350%2C200 1x, https:\/\/i0.wp.com\/bonprix-dz.com\/wp-content\/uploads\/2024\/03\/1-13.jpg?fit=800%2C800&ssl=1&resize=525%2C300 1.5x, https:\/\/i0.wp.com\/bonprix-dz.com\/wp-content\/uploads\/2024\/03\/1-13.jpg?fit=800%2C800&ssl=1&resize=700%2C400 2x"},"classes":[]},{"id":4636,"url":"https:\/\/bonprix-dz.com\/?product=mecha-cable-67w","url_meta":{"origin":3984,"position":2},"title":"Mecha C\u00e2ble 67W","author":"bonprix-dz.com","date":"\u0646\u0648\u0641\u0645\u0628\u0631 7, 2024","format":false,"excerpt":"Nom:C\u00e2ble de donn\u00e9es \u00e0 charge rapide 65W 4 en 1 Longueur: 120cm Couleur: noir jaune Noyau: 40*2, 10*3 (140 pi\u00e8ces) Mat\u00e9riau: Nylon tiss\u00e9 Fonction: prend en charge l'iPhone 15\/transfert de donn\u00e9es Type d'interface: USB\/TYPE-C 65W\/foudre 27W","rel":"","context":"\u062a\u062f\u0648\u064a\u0646\u0629 \u0645\u0634\u0627\u0628\u0647\u0629","block_context":{"text":"\u062a\u062f\u0648\u064a\u0646\u0629 \u0645\u0634\u0627\u0628\u0647\u0629","link":""},"img":{"alt_text":"","src":"https:\/\/i0.wp.com\/bonprix-dz.com\/wp-content\/uploads\/2024\/11\/Sce2c809fe2b049c992d8e4094e81941a7.avif?resize=350%2C200&ssl=1","width":350,"height":200,"srcset":"https:\/\/i0.wp.com\/bonprix-dz.com\/wp-content\/uploads\/2024\/11\/Sce2c809fe2b049c992d8e4094e81941a7.avif?resize=350%2C200&ssl=1 1x, https:\/\/i0.wp.com\/bonprix-dz.com\/wp-content\/uploads\/2024\/11\/Sce2c809fe2b049c992d8e4094e81941a7.avif?resize=525%2C300&ssl=1 1.5x, https:\/\/i0.wp.com\/bonprix-dz.com\/wp-content\/uploads\/2024\/11\/Sce2c809fe2b049c992d8e4094e81941a7.avif?resize=700%2C400&ssl=1 2x"},"classes":[]},{"id":3503,"url":"https:\/\/bonprix-dz.com\/?product=airpods-hoco-ew-43","url_meta":{"origin":3984,"position":3},"title":"Airpods HOCO EW 43","author":"bonprix-dz.com","date":"\u0646\u0648\u0641\u0645\u0628\u0631 11, 2023","format":false,"excerpt":"\u00c9couteurs sans fil EW42, TWS, BT v5.3, batterie d\u2019\u00e9couteurs 40 mAh pour 7 heures d\u2019utilisation, 200 heures en veille, avec \u00e9tui de charge 300 mAh. \u00a0 Description \u00a0 Temps d\u2019utilisation: 7 heures Temps de veille: 200 heures \u00c9couteurs st\u00e9r\u00e9o sans fil Bluetooth 5.3; Capacit\u00e9 de la batterie, compartiment de charge\u2026","rel":"","context":"\u062a\u062f\u0648\u064a\u0646\u0629 \u0645\u0634\u0627\u0628\u0647\u0629","block_context":{"text":"\u062a\u062f\u0648\u064a\u0646\u0629 \u0645\u0634\u0627\u0628\u0647\u0629","link":""},"img":{"alt_text":"","src":"https:\/\/i0.wp.com\/bonprix-dz.com\/wp-content\/uploads\/2023\/11\/3661208493.jpg?fit=800%2C800&ssl=1&resize=350%2C200","width":350,"height":200,"srcset":"https:\/\/i0.wp.com\/bonprix-dz.com\/wp-content\/uploads\/2023\/11\/3661208493.jpg?fit=800%2C800&ssl=1&resize=350%2C200 1x, https:\/\/i0.wp.com\/bonprix-dz.com\/wp-content\/uploads\/2023\/11\/3661208493.jpg?fit=800%2C800&ssl=1&resize=525%2C300 1.5x, https:\/\/i0.wp.com\/bonprix-dz.com\/wp-content\/uploads\/2023\/11\/3661208493.jpg?fit=800%2C800&ssl=1&resize=700%2C400 2x"},"classes":[]},{"id":5083,"url":"https:\/\/bonprix-dz.com\/?product=sony-2000gb","url_meta":{"origin":3984,"position":4},"title":"SONY 2000GB","author":"bonprix-dz.com","date":"\u0645\u0627\u064a\u0648 6, 2025","format":false,"excerpt":"Sp\u00e9cifications : 1.Interface : USB 3.0; 2. Connexion USB, prise en charge plug and play ; 3. Tension de service USB : 4,5 v-5,5 v ; 4.Aucune alimentation externe requise ; 5.Prend en charge plusieurs syst\u00e8mes d'exploitation ; Win98\/ME\/2000\/xp\/visa\/win7\/win8.Mac OS 9.x\/Linux 2.4 ou sup\u00e9rieur ; 7.Stockage \u00e0 semi-conducteurs, antichoc, anti-\u00e9lectromagn\u00e9tique\u2026","rel":"","context":"\u062a\u062f\u0648\u064a\u0646\u0629 \u0645\u0634\u0627\u0628\u0647\u0629","block_context":{"text":"\u062a\u062f\u0648\u064a\u0646\u0629 \u0645\u0634\u0627\u0628\u0647\u0629","link":""},"img":{"alt_text":"","src":"https:\/\/i0.wp.com\/bonprix-dz.com\/wp-content\/uploads\/2025\/05\/1.avif?resize=350%2C200&ssl=1","width":350,"height":200,"srcset":"https:\/\/i0.wp.com\/bonprix-dz.com\/wp-content\/uploads\/2025\/05\/1.avif?resize=350%2C200&ssl=1 1x, https:\/\/i0.wp.com\/bonprix-dz.com\/wp-content\/uploads\/2025\/05\/1.avif?resize=525%2C300&ssl=1 1.5x, https:\/\/i0.wp.com\/bonprix-dz.com\/wp-content\/uploads\/2025\/05\/1.avif?resize=700%2C400&ssl=1 2x"},"classes":[]},{"id":3630,"url":"https:\/\/bonprix-dz.com\/?product=hoco-ew46","url_meta":{"origin":3984,"position":5},"title":"Hoco EW46","author":"bonprix-dz.com","date":"\u0641\u0628\u0631\u0627\u064a\u0631 17, 2024","format":false,"excerpt":"\u00c9couteurs Sans Fil EW46 TWS Bluetooth 5.3 forme de Chat. Les \u00e9couteurs Bluetooth TWS\u00a0 de hoco offrent un son net et tenace. Capacit\u00e9 de la batterie : \u00e9tui de charge 350 mAh, casque 35 mAh. Prise en charge de la fen\u00eatre contextuelle POP-UP.","rel":"","context":"\u062a\u062f\u0648\u064a\u0646\u0629 \u0645\u0634\u0627\u0628\u0647\u0629","block_context":{"text":"\u062a\u062f\u0648\u064a\u0646\u0629 \u0645\u0634\u0627\u0628\u0647\u0629","link":""},"img":{"alt_text":"","src":"https:\/\/i0.wp.com\/bonprix-dz.com\/wp-content\/uploads\/2024\/02\/bonp.png?fit=497%2C493&ssl=1&resize=350%2C200","width":350,"height":200},"classes":[]}],"_links":{"self":[{"href":"https:\/\/bonprix-dz.com\/index.php?rest_route=\/wp\/v2\/product\/3984","targetHints":{"allow":["GET"]}}],"collection":[{"href":"https:\/\/bonprix-dz.com\/index.php?rest_route=\/wp\/v2\/product"}],"about":[{"href":"https:\/\/bonprix-dz.com\/index.php?rest_route=\/wp\/v2\/types\/product"}],"replies":[{"embeddable":true,"href":"https:\/\/bonprix-dz.com\/index.php?rest_route=%2Fwp%2Fv2%2Fcomments&post=3984"}],"version-history":[{"count":2,"href":"https:\/\/bonprix-dz.com\/index.php?rest_route=\/wp\/v2\/product\/3984\/revisions"}],"predecessor-version":[{"id":3992,"href":"https:\/\/bonprix-dz.com\/index.php?rest_route=\/wp\/v2\/product\/3984\/revisions\/3992"}],"wp:featuredmedia":[{"embeddable":true,"href":"https:\/\/bonprix-dz.com\/index.php?rest_route=\/wp\/v2\/media\/3985"}],"wp:attachment":[{"href":"https:\/\/bonprix-dz.com\/index.php?rest_route=%2Fwp%2Fv2%2Fmedia&parent=3984"}],"wp:term":[{"taxonomy":"product_cat","embeddable":true,"href":"https:\/\/bonprix-dz.com\/index.php?rest_route=%2Fwp%2Fv2%2Fproduct_cat&post=3984"},{"taxonomy":"product_tag","embeddable":true,"href":"https:\/\/bonprix-dz.com\/index.php?rest_route=%2Fwp%2Fv2%2Fproduct_tag&post=3984"}],"curies":[{"name":"wp","href":"https:\/\/api.w.org\/{rel}","templated":true}]}}