{"id":3994,"date":"2024-05-16T12:21:36","date_gmt":"2024-05-16T12:21:36","guid":{"rendered":"https:\/\/bonprix-dz.com\/?post_type=product&#038;p=3994"},"modified":"2025-09-25T08:53:56","modified_gmt":"2025-09-25T08:53:56","slug":"hoco-u109-100w","status":"publish","type":"product","link":"https:\/\/bonprix-dz.com\/?product=hoco-u109-100w","title":{"rendered":"hOCO u109 100W"},"content":{"rendered":"<p>U109,<\/p>\n<p>Type-C to Type-C 100W charging data cable,<\/p>\n<p>1.2m, zinc alloy + TPE,<\/p>\n<p>current up to 3A for mobile phones,<\/p>\n<p>100W power for laptops.<\/p>\n","protected":false},"excerpt":{"rendered":"<p>U109, Type-C to Type-C 100W charging data cable, 1.2m, zinc alloy + TPE, current up to 3A for mobile phones,<\/p>\n","protected":false},"featured_media":3995,"comment_status":"open","ping_status":"closed","template":"","meta":{"om_disable_all_campaigns":false,"_monsterinsights_skip_tracking":false,"_monsterinsights_sitenote_active":false,"_monsterinsights_sitenote_note":"","_monsterinsights_sitenote_category":0,"iawp_total_views":6},"product_cat":[42],"product_tag":[70],"class_list":{"0":"post-3994","1":"product","2":"type-product","3":"status-publish","4":"has-post-thumbnail","6":"product_cat-toys","7":"product_tag-hoco","9":"first","10":"instock","11":"taxable","12":"shipping-taxable","13":"purchasable","14":"product-type-simple"},"aioseo_notices":[],"jetpack-related-posts":[{"id":4953,"url":"https:\/\/bonprix-dz.com\/?product=type-c-to-type-c-100w","url_meta":{"origin":3994,"position":0},"title":"Type-C to Type-C 100W","author":"bonprix-dz.com","date":"\u0641\u0628\u0631\u0627\u064a\u0631 10, 2025","format":false,"excerpt":"Name: Extraordinary Series Fast Charging Data Cable Connector type: Type-C to Type-C Function: charging\/transmission Power: 100W Transmission speed: 480Mbps Material: aluminum alloy + nylon braided cable","rel":"","context":"\u062a\u062f\u0648\u064a\u0646\u0629 \u0645\u0634\u0627\u0628\u0647\u0629","block_context":{"text":"\u062a\u062f\u0648\u064a\u0646\u0629 \u0645\u0634\u0627\u0628\u0647\u0629","link":""},"img":{"alt_text":"","src":"https:\/\/i0.wp.com\/bonprix-dz.com\/wp-content\/uploads\/2025\/02\/CTC_0f68d6f9-505d-4448-bba8-cc8a96ccbe85_540x1.jpg?fit=540%2C540&ssl=1&resize=350%2C200","width":350,"height":200,"srcset":"https:\/\/i0.wp.com\/bonprix-dz.com\/wp-content\/uploads\/2025\/02\/CTC_0f68d6f9-505d-4448-bba8-cc8a96ccbe85_540x1.jpg?fit=540%2C540&ssl=1&resize=350%2C200 1x, https:\/\/i0.wp.com\/bonprix-dz.com\/wp-content\/uploads\/2025\/02\/CTC_0f68d6f9-505d-4448-bba8-cc8a96ccbe85_540x1.jpg?fit=540%2C540&ssl=1&resize=525%2C300 1.5x"},"classes":[]},{"id":3739,"url":"https:\/\/bonprix-dz.com\/?product=cable-type-c-to-type-c-x83-victory-60w-charging-data-sync","url_meta":{"origin":3994,"position":1},"title":"Cable Type-C to Type-C  X83 60W","author":"bonprix-dz.com","date":"\u0645\u0627\u0631\u0633 2, 2024","format":false,"excerpt":"X83 Victory, Type-C to Type-C 60W charging data cable, 1m, PVC material, support up to 60W (20V \/ 3A) charging for laptop and 3A current for mobile phones 1. Length: 1m. Weight: 24g. 2. Outer material: PVC. 3. Joint material: PVC. 4. Core: (43\/0.08)*2+(16\/0.08)*3 OD3.5mm. 5. Supports up to 60W\u2026","rel":"","context":"\u062a\u062f\u0648\u064a\u0646\u0629 \u0645\u0634\u0627\u0628\u0647\u0629","block_context":{"text":"\u062a\u062f\u0648\u064a\u0646\u0629 \u0645\u0634\u0627\u0628\u0647\u0629","link":""},"img":{"alt_text":"","src":"https:\/\/i0.wp.com\/bonprix-dz.com\/wp-content\/uploads\/2024\/03\/1-2.jpg?fit=800%2C800&ssl=1&resize=350%2C200","width":350,"height":200,"srcset":"https:\/\/i0.wp.com\/bonprix-dz.com\/wp-content\/uploads\/2024\/03\/1-2.jpg?fit=800%2C800&ssl=1&resize=350%2C200 1x, https:\/\/i0.wp.com\/bonprix-dz.com\/wp-content\/uploads\/2024\/03\/1-2.jpg?fit=800%2C800&ssl=1&resize=525%2C300 1.5x, https:\/\/i0.wp.com\/bonprix-dz.com\/wp-content\/uploads\/2024\/03\/1-2.jpg?fit=800%2C800&ssl=1&resize=700%2C400 2x"},"classes":[]},{"id":4528,"url":"https:\/\/bonprix-dz.com\/?product=hoco-x14","url_meta":{"origin":3994,"position":2},"title":"Hoco X14","author":"bonprix-dz.com","date":"\u0633\u0628\u062a\u0645\u0628\u0631 11, 2024","format":false,"excerpt":"Cable type C to type C double speed 60 W Marque : Hoco Longueur : 1 m Poids : 20 g Tresse ext\u00e9rieure : fil tress\u00e9 en nylon Connecteur : alliage d\u2019aluminium 4, 134 fil de cuivre \u00e9tam\u00e9 \u00e0 5 conducteurs, passage de courant de c\u00e2ble 3A ; En utilisant\u2026","rel":"","context":"\u062a\u062f\u0648\u064a\u0646\u0629 \u0645\u0634\u0627\u0628\u0647\u0629","block_context":{"text":"\u062a\u062f\u0648\u064a\u0646\u0629 \u0645\u0634\u0627\u0628\u0647\u0629","link":""},"img":{"alt_text":"","src":"https:\/\/i0.wp.com\/bonprix-dz.com\/wp-content\/uploads\/2024\/09\/E2C795AC-263E-4E9A-A3E9-3BF9AB0D0860.webp?fit=800%2C800&ssl=1&resize=350%2C200","width":350,"height":200,"srcset":"https:\/\/i0.wp.com\/bonprix-dz.com\/wp-content\/uploads\/2024\/09\/E2C795AC-263E-4E9A-A3E9-3BF9AB0D0860.webp?fit=800%2C800&ssl=1&resize=350%2C200 1x, https:\/\/i0.wp.com\/bonprix-dz.com\/wp-content\/uploads\/2024\/09\/E2C795AC-263E-4E9A-A3E9-3BF9AB0D0860.webp?fit=800%2C800&ssl=1&resize=525%2C300 1.5x, https:\/\/i0.wp.com\/bonprix-dz.com\/wp-content\/uploads\/2024\/09\/E2C795AC-263E-4E9A-A3E9-3BF9AB0D0860.webp?fit=800%2C800&ssl=1&resize=700%2C400 2x"},"classes":[]},{"id":3813,"url":"https:\/\/bonprix-dz.com\/?product=cable-hoco-x40-fast-3a","url_meta":{"origin":3994,"position":3},"title":"Cable Hoco X40 fast 3A","author":"bonprix-dz.com","date":"\u0645\u0627\u0631\u0633 20, 2024","format":false,"excerpt":"FAST 3A CABLE HOCO X40 USB VERS TYPE C","rel":"","context":"\u062a\u062f\u0648\u064a\u0646\u0629 \u0645\u0634\u0627\u0628\u0647\u0629","block_context":{"text":"\u062a\u062f\u0648\u064a\u0646\u0629 \u0645\u0634\u0627\u0628\u0647\u0629","link":""},"img":{"alt_text":"","src":"https:\/\/i0.wp.com\/bonprix-dz.com\/wp-content\/uploads\/2024\/03\/1-12.jpg?fit=760%2C760&ssl=1&resize=350%2C200","width":350,"height":200,"srcset":"https:\/\/i0.wp.com\/bonprix-dz.com\/wp-content\/uploads\/2024\/03\/1-12.jpg?fit=760%2C760&ssl=1&resize=350%2C200 1x, https:\/\/i0.wp.com\/bonprix-dz.com\/wp-content\/uploads\/2024\/03\/1-12.jpg?fit=760%2C760&ssl=1&resize=525%2C300 1.5x, https:\/\/i0.wp.com\/bonprix-dz.com\/wp-content\/uploads\/2024\/03\/1-12.jpg?fit=760%2C760&ssl=1&resize=700%2C400 2x"},"classes":[]},{"id":3765,"url":"https:\/\/bonprix-dz.com\/?product=wall-charger-c101a-pd20w-eu-set-with-cable","url_meta":{"origin":3994,"position":4},"title":"Wall charger \u201cC101A\u201d PD20W EU set with cable","author":"bonprix-dz.com","date":"\u0645\u0627\u0631\u0633 3, 2024","format":false,"excerpt":"C101A, wall charger, Type-C PD 20W output, EU plug, support fast charging protocols, set with cable Type-C to Lightning or Type-C to Type-C 1. Material: flame retardant PC + ABS. 2. Output: Type-C \u2013 20W (for PD, for QC, for AFC, for FCP). 3. EU plug. 4. Sizes: 68*34*34mm. Single\u2026","rel":"","context":"\u062a\u062f\u0648\u064a\u0646\u0629 \u0645\u0634\u0627\u0628\u0647\u0629","block_context":{"text":"\u062a\u062f\u0648\u064a\u0646\u0629 \u0645\u0634\u0627\u0628\u0647\u0629","link":""},"img":{"alt_text":"","src":"https:\/\/i0.wp.com\/bonprix-dz.com\/wp-content\/uploads\/2024\/03\/1-6.jpg?fit=800%2C800&ssl=1&resize=350%2C200","width":350,"height":200,"srcset":"https:\/\/i0.wp.com\/bonprix-dz.com\/wp-content\/uploads\/2024\/03\/1-6.jpg?fit=800%2C800&ssl=1&resize=350%2C200 1x, https:\/\/i0.wp.com\/bonprix-dz.com\/wp-content\/uploads\/2024\/03\/1-6.jpg?fit=800%2C800&ssl=1&resize=525%2C300 1.5x, https:\/\/i0.wp.com\/bonprix-dz.com\/wp-content\/uploads\/2024\/03\/1-6.jpg?fit=800%2C800&ssl=1&resize=700%2C400 2x"},"classes":[]},{"id":3894,"url":"https:\/\/bonprix-dz.com\/?product=hoco-c81a","url_meta":{"origin":3994,"position":5},"title":"hoco C81A","author":"bonprix-dz.com","date":"\u0623\u0628\u0631\u064a\u0644 22, 2024","format":false,"excerpt":"1. Input: AC100-240V, 50\/60Hz, 0.4A. 2. Output: USB: 5V-2.1A. Total output: 5V-2.1A. 3. EU plug. 4. Single USB output, flame retardant PC material, durable. 5. Sizes: 83*42*25mm. 6. Set with X37 charging data cable for Lightning \/ Micro-USB \/ Type-C devices, cable length: 1m.","rel":"","context":"\u062a\u062f\u0648\u064a\u0646\u0629 \u0645\u0634\u0627\u0628\u0647\u0629","block_context":{"text":"\u062a\u062f\u0648\u064a\u0646\u0629 \u0645\u0634\u0627\u0628\u0647\u0629","link":""},"img":{"alt_text":"","src":"https:\/\/i0.wp.com\/bonprix-dz.com\/wp-content\/uploads\/2024\/04\/137800729726903565.jpg?fit=800%2C800&ssl=1&resize=350%2C200","width":350,"height":200,"srcset":"https:\/\/i0.wp.com\/bonprix-dz.com\/wp-content\/uploads\/2024\/04\/137800729726903565.jpg?fit=800%2C800&ssl=1&resize=350%2C200 1x, https:\/\/i0.wp.com\/bonprix-dz.com\/wp-content\/uploads\/2024\/04\/137800729726903565.jpg?fit=800%2C800&ssl=1&resize=525%2C300 1.5x, https:\/\/i0.wp.com\/bonprix-dz.com\/wp-content\/uploads\/2024\/04\/137800729726903565.jpg?fit=800%2C800&ssl=1&resize=700%2C400 2x"},"classes":[]}],"_links":{"self":[{"href":"https:\/\/bonprix-dz.com\/index.php?rest_route=\/wp\/v2\/product\/3994","targetHints":{"allow":["GET"]}}],"collection":[{"href":"https:\/\/bonprix-dz.com\/index.php?rest_route=\/wp\/v2\/product"}],"about":[{"href":"https:\/\/bonprix-dz.com\/index.php?rest_route=\/wp\/v2\/types\/product"}],"replies":[{"embeddable":true,"href":"https:\/\/bonprix-dz.com\/index.php?rest_route=%2Fwp%2Fv2%2Fcomments&post=3994"}],"version-history":[{"count":1,"href":"https:\/\/bonprix-dz.com\/index.php?rest_route=\/wp\/v2\/product\/3994\/revisions"}],"predecessor-version":[{"id":3998,"href":"https:\/\/bonprix-dz.com\/index.php?rest_route=\/wp\/v2\/product\/3994\/revisions\/3998"}],"wp:featuredmedia":[{"embeddable":true,"href":"https:\/\/bonprix-dz.com\/index.php?rest_route=\/wp\/v2\/media\/3995"}],"wp:attachment":[{"href":"https:\/\/bonprix-dz.com\/index.php?rest_route=%2Fwp%2Fv2%2Fmedia&parent=3994"}],"wp:term":[{"taxonomy":"product_cat","embeddable":true,"href":"https:\/\/bonprix-dz.com\/index.php?rest_route=%2Fwp%2Fv2%2Fproduct_cat&post=3994"},{"taxonomy":"product_tag","embeddable":true,"href":"https:\/\/bonprix-dz.com\/index.php?rest_route=%2Fwp%2Fv2%2Fproduct_tag&post=3994"}],"curies":[{"name":"wp","href":"https:\/\/api.w.org\/{rel}","templated":true}]}}