{"id":4001,"date":"2024-05-16T15:44:34","date_gmt":"2024-05-16T15:44:34","guid":{"rendered":"https:\/\/bonprix-dz.com\/?post_type=product&#038;p=4001"},"modified":"2025-10-24T12:23:44","modified_gmt":"2025-10-24T12:23:44","slug":"hifi-b-127","status":"publish","type":"product","link":"https:\/\/bonprix-dz.com\/?product=hifi-b-127","title":{"rendered":"HIFI B-127"},"content":{"rendered":"","protected":false},"excerpt":{"rendered":"","protected":false},"featured_media":4002,"comment_status":"open","ping_status":"closed","template":"","meta":{"om_disable_all_campaigns":false,"_monsterinsights_skip_tracking":false,"_monsterinsights_sitenote_active":false,"_monsterinsights_sitenote_note":"","_monsterinsights_sitenote_category":0,"iawp_total_views":18},"product_cat":[39],"product_tag":[92],"class_list":{"0":"post-4001","1":"product","2":"type-product","3":"status-publish","4":"has-post-thumbnail","6":"product_cat-headphone","7":"product_tag-hifi","9":"first","10":"outofstock","11":"sale","12":"taxable","13":"shipping-taxable","14":"purchasable","15":"product-type-simple"},"aioseo_notices":[],"jetpack-related-posts":[{"id":3116,"url":"https:\/\/bonprix-dz.com\/?product=m90-pro-tws","url_meta":{"origin":4001,"position":0},"title":"M90 Pro TWS","author":"bonprix-dz.com","date":"\u0633\u0628\u062a\u0645\u0628\u0631 15, 2023","format":false,"excerpt":"\u0645\u0645\u064a\u0632\u0627\u062a \u0645\u0646\u062a\u062c M90 Pro: 1. \u064a\u0645\u0643\u0646 \u0641\u062a\u062d \u062d\u062c\u0631\u0629 \u0627\u0644\u0623\u0645\u062a\u0639\u0629 \u0627\u0644\u0645\u0646\u0632\u0644\u0642\u0629 \u0627\u0644\u062a\u064a \u062a\u0645\u062a \u062a\u0631\u0642\u064a\u062a\u0647\u0627 \u062d\u062f\u064a\u062b\u064b\u0627 \u0628\u0636\u063a\u0637\u0629 \u0644\u0637\u064a\u0641\u0629\u060c \u0648\u0641\u0643 \u0627\u0644\u0636\u063a\u0637 \u0639\u0644\u064a\u0647\u0627\u060c \u062b\u0645 \u062a\u062d\u0631\u064a\u0643\u0647\u0627 \u0644\u0644\u0639\u0645\u0644\u060c \u0648\u0627\u0644\u0627\u0633\u062a\u0645\u0627\u0639 \u0625\u0644\u0649 \u0627\u0644\u0623\u063a\u0627\u0646\u064a \u0644\u062a\u0647\u062f\u0626\u0629 \u0627\u0644\u062d\u0627\u0644\u0629 \u0627\u0644\u0645\u0632\u0627\u062c\u064a\u0629. 2. \u062d\u062c\u0631\u0629 \u0627\u0644\u0634\u062d\u0646 \u0630\u0627\u062a \u0627\u0644\u0633\u0639\u0629 \u0627\u0644\u0643\u0628\u064a\u0631\u0629 \u0645\u0632\u0648\u062f\u0629 \u0628\u0634\u0631\u064a\u062d\u0629 \u0628\u0644\u0648\u062a\u0648\u062b \u0645\u0646\u062e\u0641\u0636\u0629 \u0627\u0644\u0637\u0627\u0642\u0629\u060c \u0648\u0639\u0645\u0631 \u0627\u0644\u0628\u0637\u0627\u0631\u064a\u0629 \u0645\u0631\u062a\u0641\u0639 \u0643\u0645\u0627 \u0647\u0648 \u0627\u0644\u062d\u0627\u0644 \u062f\u0627\u0626\u0645\u064b\u0627\u060c \u0648\u0633\u0648\u0641 \u064a\u0631\u0627\u0641\u0642\u0643 \u0623\u0643\u062b\u0631 \u0645\u0646\u2026","rel":"","context":"\u062a\u062f\u0648\u064a\u0646\u0629 \u0645\u0634\u0627\u0628\u0647\u0629","block_context":{"text":"\u062a\u062f\u0648\u064a\u0646\u0629 \u0645\u0634\u0627\u0628\u0647\u0629","link":""},"img":{"alt_text":"","src":"https:\/\/i0.wp.com\/bonprix-dz.com\/wp-content\/uploads\/2023\/09\/mmmmmmmmmmm90.jpg?fit=800%2C800&ssl=1&resize=350%2C200","width":350,"height":200,"srcset":"https:\/\/i0.wp.com\/bonprix-dz.com\/wp-content\/uploads\/2023\/09\/mmmmmmmmmmm90.jpg?fit=800%2C800&ssl=1&resize=350%2C200 1x, https:\/\/i0.wp.com\/bonprix-dz.com\/wp-content\/uploads\/2023\/09\/mmmmmmmmmmm90.jpg?fit=800%2C800&ssl=1&resize=525%2C300 1.5x, https:\/\/i0.wp.com\/bonprix-dz.com\/wp-content\/uploads\/2023\/09\/mmmmmmmmmmm90.jpg?fit=800%2C800&ssl=1&resize=700%2C400 2x"},"classes":[]},{"id":4681,"url":"https:\/\/bonprix-dz.com\/?product=magcubic-projector-android-11-4k-1280720p-hy300-dual-wifi-260ansi-180flexible-bt5-0-cinema-outdoor-portable-projetor-hy300-pro","url_meta":{"origin":4001,"position":1},"title":"Projetor HY300 Pro","author":"bonprix-dz.com","date":"\u062f\u064a\u0633\u0645\u0628\u0631 6, 2024","format":false,"excerpt":"Product Description OS: Android 11.0 CPU: Allwinner H713 Quad-core ARM Cortex-A53 GPU:Mali-G31supports OpenGL ES3.2,and OpenCL2.0 Product Features \u23e9Native1280*720P support 4K 260 ANSI \u23e9180\u00b0flexible projection angle. projecting where you want \u23e9Support:Wifi6 2.4G\/5.8G Dual Wifi IEEE802. a\/b\/g\/n\/ac \/ax Wifi6 stronger signal) support BT 5.0 \u23e9Android 11 system,app store projector is the combination\u2026","rel":"","context":"\u062a\u062f\u0648\u064a\u0646\u0629 \u0645\u0634\u0627\u0628\u0647\u0629","block_context":{"text":"\u062a\u062f\u0648\u064a\u0646\u0629 \u0645\u0634\u0627\u0628\u0647\u0629","link":""},"img":{"alt_text":"Magcubic Projector Android 11 4K 1280*720P HY300 Dual Wifi 260ANSI 180\u00b0flexible BT5.0 Cinema Outdoor Portable Projetor HY300 Pro 1","src":"https:\/\/i0.wp.com\/ae01.alicdn.com\/kf\/S2cffc9b8885145d3b17944b5958c1152J\/Magcubic-Projector-Android-11-4K-1280-720P-HY300-Dual-Wifi-260ANSI-180-flexible-BT5-0-Cinema.jpg?fit=800%2C800&ssl=1&resize=350%2C200","width":350,"height":200,"srcset":"https:\/\/i0.wp.com\/ae01.alicdn.com\/kf\/S2cffc9b8885145d3b17944b5958c1152J\/Magcubic-Projector-Android-11-4K-1280-720P-HY300-Dual-Wifi-260ANSI-180-flexible-BT5-0-Cinema.jpg?fit=800%2C800&ssl=1&resize=350%2C200 1x, https:\/\/i0.wp.com\/ae01.alicdn.com\/kf\/S2cffc9b8885145d3b17944b5958c1152J\/Magcubic-Projector-Android-11-4K-1280-720P-HY300-Dual-Wifi-260ANSI-180-flexible-BT5-0-Cinema.jpg?fit=800%2C800&ssl=1&resize=525%2C300 1.5x, https:\/\/i0.wp.com\/ae01.alicdn.com\/kf\/S2cffc9b8885145d3b17944b5958c1152J\/Magcubic-Projector-Android-11-4K-1280-720P-HY300-Dual-Wifi-260ANSI-180-flexible-BT5-0-Cinema.jpg?fit=800%2C800&ssl=1&resize=700%2C400 2x"},"classes":[]},{"id":3099,"url":"https:\/\/bonprix-dz.com\/?product=%d8%b3%d9%85%d8%a7%d8%b9%d8%a9-%d8%a8%d9%84%d9%88%d8%aa%d9%88%d8%ab-m19","url_meta":{"origin":4001,"position":2},"title":"\u0633\u0645\u0627\u0639\u0629 \u0628\u0644\u0648\u062a\u0648\u062b M19","author":"bonprix-dz.com","date":"\u0633\u0628\u062a\u0645\u0628\u0631 15, 2023","format":false,"excerpt":"\u0627\u0644\u0648\u0635\u0641: 1. \u0627\u0644\u0645\u0648\u062f\u064a\u0644: M19 2. \u0645\u0648\u0627\u0635\u0641\u0627\u062a \u0628\u0644\u0648\u062a\u0648\u062b: V5.1 3-\u0645\u0644\u0641 \u062a\u0639\u0631\u064a\u0641 \u0628\u0644\u0648\u062a\u0648\u062b: A2DP \u060c AVRCP \u060c HFP \u061b HSP 4. \u0627\u0644\u0639\u0645\u0644 \u0627\u0644\u062c\u0647\u062f: 3.1 \u0641\u0648\u0644\u062a ~ 4.2 \u0641\u0648\u0644\u062a 5. \u0634\u062d\u0646 \u0627\u0644\u062c\u0647\u062f: 5V-1A 6. \u0633\u0639\u0629 \u0627\u0644\u0628\u0637\u0627\u0631\u064a\u0629 \u0644\u0644\u0633\u0645\u0627\u0639\u0629: 50MAH 7. \u0633\u0639\u0629 \u0627\u0644\u0628\u0637\u0627\u0631\u064a\u0629 \u0644\u0635\u0646\u062f\u0648\u0642 \u0627\u0644\u062a\u062e\u0632\u064a\u0646: 2000MAH 8. \u0645\u0633\u0627\u0641\u0629 \u0627\u0644\u0625\u0631\u0633\u0627\u0644:>10 \u0645 \u0627\u0644\u0645\u0648\u0627\u0635\u0641\u0627\u062a: \u0639\u0644\u0627\u0645\u0629 \u062a\u062c\u0627\u0631\u064a\u0629 \u062c\u062f\u064a\u062f\u0629 \u0644\u0639\u0627\u0645\u2026","rel":"","context":"\u062a\u062f\u0648\u064a\u0646\u0629 \u0645\u0634\u0627\u0628\u0647\u0629","block_context":{"text":"\u062a\u062f\u0648\u064a\u0646\u0629 \u0645\u0634\u0627\u0628\u0647\u0629","link":""},"img":{"alt_text":"","src":"https:\/\/i0.wp.com\/bonprix-dz.com\/wp-content\/uploads\/2023\/09\/MM19.jpg?fit=500%2C500&ssl=1&resize=350%2C200","width":350,"height":200},"classes":[]},{"id":3445,"url":"https:\/\/bonprix-dz.com\/?product=s8-ultra-smart-watch","url_meta":{"origin":4001,"position":3},"title":"S8 Ultra Smart Watch","author":"bonprix-dz.com","date":"\u0623\u0643\u062a\u0648\u0628\u0631 26, 2023","format":false,"excerpt":"Description S8 Ultra Smart Watch for Android & IPhone Smart Watch for Apple IPhone IOS Android. It is the most loved smart watches in the market. Package Includes: a. 1 x A1 Smart Watch b. 1 x USB charge cable c. 1 x User Manual","rel":"","context":"\u062a\u062f\u0648\u064a\u0646\u0629 \u0645\u0634\u0627\u0628\u0647\u0629","block_context":{"text":"\u062a\u062f\u0648\u064a\u0646\u0629 \u0645\u0634\u0627\u0628\u0647\u0629","link":""},"img":{"alt_text":"","src":"https:\/\/i0.wp.com\/bonprix-dz.com\/wp-content\/uploads\/2023\/10\/16745733751572308290_850x.jpg?fit=800%2C800&ssl=1&resize=350%2C200","width":350,"height":200,"srcset":"https:\/\/i0.wp.com\/bonprix-dz.com\/wp-content\/uploads\/2023\/10\/16745733751572308290_850x.jpg?fit=800%2C800&ssl=1&resize=350%2C200 1x, https:\/\/i0.wp.com\/bonprix-dz.com\/wp-content\/uploads\/2023\/10\/16745733751572308290_850x.jpg?fit=800%2C800&ssl=1&resize=525%2C300 1.5x, https:\/\/i0.wp.com\/bonprix-dz.com\/wp-content\/uploads\/2023\/10\/16745733751572308290_850x.jpg?fit=800%2C800&ssl=1&resize=700%2C400 2x"},"classes":[]},{"id":3595,"url":"https:\/\/bonprix-dz.com\/?product=3595","url_meta":{"origin":4001,"position":4},"title":"HAINO TEKO RW-35","author":"bonprix-dz.com","date":"\u0646\u0648\u0641\u0645\u0628\u0631 28, 2023","format":false,"excerpt":"Montre connect\u00e9e HAINO TEKO RW-35 + 3 bracelet de rechange gratuitFait et con\u00e7u pour les amateurs de plein air, le classique RW35 hybride Smartwatch fournit toutes les choses dont vous avez besoin pour adapter le s\u00e9jour. \u00c9quip\u00e9 d'un moniteur de fr\u00e9quence cardiaque, d'un tensiom\u00e8tre, d'un moniteur de sommeil, d'un moniteur\u2026","rel":"","context":"\u062a\u062f\u0648\u064a\u0646\u0629 \u0645\u0634\u0627\u0628\u0647\u0629","block_context":{"text":"\u062a\u062f\u0648\u064a\u0646\u0629 \u0645\u0634\u0627\u0628\u0647\u0629","link":""},"img":{"alt_text":"","src":"https:\/\/i0.wp.com\/bonprix-dz.com\/wp-content\/uploads\/2023\/11\/312472_41556245da9e461dac1a00cda426860cmv2.jpeg?fit=342%2C342&ssl=1&resize=350%2C200","width":350,"height":200},"classes":[]}],"_links":{"self":[{"href":"https:\/\/bonprix-dz.com\/index.php?rest_route=\/wp\/v2\/product\/4001","targetHints":{"allow":["GET"]}}],"collection":[{"href":"https:\/\/bonprix-dz.com\/index.php?rest_route=\/wp\/v2\/product"}],"about":[{"href":"https:\/\/bonprix-dz.com\/index.php?rest_route=\/wp\/v2\/types\/product"}],"replies":[{"embeddable":true,"href":"https:\/\/bonprix-dz.com\/index.php?rest_route=%2Fwp%2Fv2%2Fcomments&post=4001"}],"version-history":[{"count":1,"href":"https:\/\/bonprix-dz.com\/index.php?rest_route=\/wp\/v2\/product\/4001\/revisions"}],"predecessor-version":[{"id":4007,"href":"https:\/\/bonprix-dz.com\/index.php?rest_route=\/wp\/v2\/product\/4001\/revisions\/4007"}],"wp:featuredmedia":[{"embeddable":true,"href":"https:\/\/bonprix-dz.com\/index.php?rest_route=\/wp\/v2\/media\/4002"}],"wp:attachment":[{"href":"https:\/\/bonprix-dz.com\/index.php?rest_route=%2Fwp%2Fv2%2Fmedia&parent=4001"}],"wp:term":[{"taxonomy":"product_cat","embeddable":true,"href":"https:\/\/bonprix-dz.com\/index.php?rest_route=%2Fwp%2Fv2%2Fproduct_cat&post=4001"},{"taxonomy":"product_tag","embeddable":true,"href":"https:\/\/bonprix-dz.com\/index.php?rest_route=%2Fwp%2Fv2%2Fproduct_tag&post=4001"}],"curies":[{"name":"wp","href":"https:\/\/api.w.org\/{rel}","templated":true}]}}