{"id":4014,"date":"2024-05-24T03:32:09","date_gmt":"2024-05-24T03:32:09","guid":{"rendered":"https:\/\/bonprix-dz.com\/?post_type=product&#038;p=4014"},"modified":"2025-12-17T00:24:24","modified_gmt":"2025-12-17T00:24:24","slug":"hoco-eq1","status":"publish","type":"product","link":"https:\/\/bonprix-dz.com\/?product=hoco-eq1","title":{"rendered":"HOCO-EQ1"},"content":{"rendered":"<ol>\n<li><strong>Bluetooth 5.3:<\/strong> B\u00e9n\u00e9ficiez d\u2019une connectivit\u00e9 sans fil rapide et stable pour une exp\u00e9rience audio in\u00e9gal\u00e9e.<\/li>\n<li><strong>Autonomie Impressionnante:<\/strong> La batterie int\u00e9gr\u00e9e de 40mAh dans chaque \u00e9couteur garantit jusqu\u2019\u00e0 7 heures d\u2019utilisation continue.\u00a0 Le bo\u00eetier de charge compact de 400mAh prolonge cette autonomie, offrant une dur\u00e9e totale de lecture de 180 heures.<\/li>\n<li><strong>Affichage LED Num\u00e9rique:<\/strong> Le bo\u00eetier de charge est \u00e9quip\u00e9 d\u2019un affichage LED num\u00e9rique qui indique clairement la puissance restante, vous permettant de garder un \u0153il sur l\u2019autonomie de vos \u00e9couteurs.<\/li>\n<li><strong>Contr\u00f4le Tactile Intuitif:<\/strong> Contr\u00f4lez facilement la lecture audio, les appels t\u00e9l\u00e9phoniques et d\u2019autres fonctionnalit\u00e9s gr\u00e2ce au contr\u00f4le tactile intuitif.<\/li>\n<li><strong>Design L\u00e9ger et Compact:<\/strong> Avec une taille de seulement 50<em>50<\/em>25mm et un poids total de 37g, ces \u00e9couteurs sont l\u00e9gers et compacts, parfaits pour une utilisation quotidienne et les activit\u00e9s sportives.<\/li>\n<li><strong>Compatibilit\u00e9 Universelle:<\/strong> Ces \u00e9couteurs True Wireless sont compatibles avec divers appareils tels que les t\u00e9l\u00e9phones mobiles, les ordinateurs de bureau, et tablettes.<\/li>\n<li><strong>Mat\u00e9riaux de Qualit\u00e9:<\/strong> Fabriqu\u00e9s en ABS de haute qualit\u00e9, ces \u00e9couteurs offrent une durabilit\u00e9 exceptionnelle pour une utilisation \u00e0 long terme.<\/li>\n<li><strong>Caract\u00e9ristiques Techniques:<\/strong>\n<ul>\n<li>Poids: 37g<\/li>\n<li>Port\u00e9e maximale sans fil: &lt;10m<\/li>\n<li>Diam\u00e8tre d\u2019attaque pour casque audio: 13mm<\/li>\n<li>Version Bluetooth: 5.3<\/li>\n<\/ul>\n<\/li>\n<li><strong>Marque de Confiance:<\/strong> Ces \u00e9couteurs True Wireless sont de la marque r\u00e9put\u00e9e HOCO, garantissant une qualit\u00e9 sup\u00e9rieure et une exp\u00e9rience audio exceptionnelle.<\/li>\n<\/ol>\n","protected":false},"excerpt":{"rendered":"<p>Bluetooth 5.3: B\u00e9n\u00e9ficiez d\u2019une connectivit\u00e9 sans fil rapide et stable pour une exp\u00e9rience audio in\u00e9gal\u00e9e. Autonomie Impressionnante: La batterie int\u00e9gr\u00e9e<\/p>\n","protected":false},"featured_media":4022,"comment_status":"open","ping_status":"closed","template":"","meta":{"om_disable_all_campaigns":false,"_monsterinsights_skip_tracking":false,"_monsterinsights_sitenote_active":false,"_monsterinsights_sitenote_note":"","_monsterinsights_sitenote_category":0,"iawp_total_views":334},"product_cat":[39],"product_tag":[70],"class_list":{"0":"post-4014","1":"product","2":"type-product","3":"status-publish","4":"has-post-thumbnail","6":"product_cat-headphone","7":"product_tag-hoco","9":"first","10":"instock","11":"sale","12":"taxable","13":"shipping-taxable","14":"purchasable","15":"product-type-variable"},"aioseo_notices":[],"jetpack-related-posts":[{"id":3503,"url":"https:\/\/bonprix-dz.com\/?product=airpods-hoco-ew-43","url_meta":{"origin":4014,"position":0},"title":"Airpods HOCO EW 43","author":"bonprix-dz.com","date":"\u0646\u0648\u0641\u0645\u0628\u0631 11, 2023","format":false,"excerpt":"\u00c9couteurs sans fil EW42, TWS, BT v5.3, batterie d\u2019\u00e9couteurs 40 mAh pour 7 heures d\u2019utilisation, 200 heures en veille, avec \u00e9tui de charge 300 mAh. \u00a0 Description \u00a0 Temps d\u2019utilisation: 7 heures Temps de veille: 200 heures \u00c9couteurs st\u00e9r\u00e9o sans fil Bluetooth 5.3; Capacit\u00e9 de la batterie, compartiment de charge\u2026","rel":"","context":"\u062a\u062f\u0648\u064a\u0646\u0629 \u0645\u0634\u0627\u0628\u0647\u0629","block_context":{"text":"\u062a\u062f\u0648\u064a\u0646\u0629 \u0645\u0634\u0627\u0628\u0647\u0629","link":""},"img":{"alt_text":"","src":"https:\/\/i0.wp.com\/bonprix-dz.com\/wp-content\/uploads\/2023\/11\/3661208493.jpg?fit=800%2C800&ssl=1&resize=350%2C200","width":350,"height":200,"srcset":"https:\/\/i0.wp.com\/bonprix-dz.com\/wp-content\/uploads\/2023\/11\/3661208493.jpg?fit=800%2C800&ssl=1&resize=350%2C200 1x, https:\/\/i0.wp.com\/bonprix-dz.com\/wp-content\/uploads\/2023\/11\/3661208493.jpg?fit=800%2C800&ssl=1&resize=525%2C300 1.5x, https:\/\/i0.wp.com\/bonprix-dz.com\/wp-content\/uploads\/2023\/11\/3661208493.jpg?fit=800%2C800&ssl=1&resize=700%2C400 2x"},"classes":[]},{"id":5073,"url":"https:\/\/bonprix-dz.com\/?product=monster-xkt16","url_meta":{"origin":4014,"position":1},"title":"Monster XKT16","author":"bonprix-dz.com","date":"\u0623\u0628\u0631\u064a\u0644 11, 2025","format":false,"excerpt":"Sp\u00e9cification Mod\u00e8le: Monster XKT16 Version Bluetooth: V5.3 Parler unit\u00e9: 10 MM Capacit\u00e9 de la batterie: 30mAh Temps de musique: environ 4 heures (\u00e9couteurs) Temps de charge: Environ 1.5 heures (\u00e9couteurs) Distance de transmission: jusqu'\u00e0 10 m\u00e8tres\/33 pieds Capacit\u00e9 de la batterie du compartiment de charge: 300mAh\/3.7v Ce qu'il y a\u2026","rel":"","context":"\u062a\u062f\u0648\u064a\u0646\u0629 \u0645\u0634\u0627\u0628\u0647\u0629","block_context":{"text":"\u062a\u062f\u0648\u064a\u0646\u0629 \u0645\u0634\u0627\u0628\u0647\u0629","link":""},"img":{"alt_text":"","src":"https:\/\/i0.wp.com\/bonprix-dz.com\/wp-content\/uploads\/2025\/04\/Sdc6e975da75b4a66b59f3552be0fe0eaN.avif?resize=350%2C200&ssl=1","width":350,"height":200,"srcset":"https:\/\/i0.wp.com\/bonprix-dz.com\/wp-content\/uploads\/2025\/04\/Sdc6e975da75b4a66b59f3552be0fe0eaN.avif?resize=350%2C200&ssl=1 1x, https:\/\/i0.wp.com\/bonprix-dz.com\/wp-content\/uploads\/2025\/04\/Sdc6e975da75b4a66b59f3552be0fe0eaN.avif?resize=525%2C300&ssl=1 1.5x, https:\/\/i0.wp.com\/bonprix-dz.com\/wp-content\/uploads\/2025\/04\/Sdc6e975da75b4a66b59f3552be0fe0eaN.avif?resize=700%2C400&ssl=1 2x"},"classes":[]},{"id":3571,"url":"https:\/\/bonprix-dz.com\/?product=haino-teko-g8-mini","url_meta":{"origin":4014,"position":2},"title":"Haino Teko G8 Mini","author":"bonprix-dz.com","date":"\u0646\u0648\u0641\u0645\u0628\u0631 22, 2023","format":false,"excerpt":"Marque:\u00a0HainoTeko Nom du mod\u00e8le:\u00a0G8 mini Syst\u00e8me d\u2019exploitation\u00a0: Android 4.4 ou iOS 8.5 et versions sup\u00e9rieures. Ecran:\u00a01.7 Amoled Affichage:\u00a0Analogique \u2013 Digital Batterie:\u00a0290mAh Autonomie: 3 jours en mode d\u2019utilisation typique, 45 jours en mode veille Bracelet:\u00a022 mm Couleur:\u00a0rose et gold Connectivit\u00e9: Bluetooth 5.1 Forme: Rectangulaire Ecran Tactile: oui","rel":"","context":"\u062a\u062f\u0648\u064a\u0646\u0629 \u0645\u0634\u0627\u0628\u0647\u0629","block_context":{"text":"\u062a\u062f\u0648\u064a\u0646\u0629 \u0645\u0634\u0627\u0628\u0647\u0629","link":""},"img":{"alt_text":"","src":"https:\/\/i0.wp.com\/bonprix-dz.com\/wp-content\/uploads\/2023\/11\/312472_32ecb49649da4aad99dc9e82a6d44178_mv2.jpeg?fit=720%2C720&ssl=1&resize=350%2C200","width":350,"height":200,"srcset":"https:\/\/i0.wp.com\/bonprix-dz.com\/wp-content\/uploads\/2023\/11\/312472_32ecb49649da4aad99dc9e82a6d44178_mv2.jpeg?fit=720%2C720&ssl=1&resize=350%2C200 1x, https:\/\/i0.wp.com\/bonprix-dz.com\/wp-content\/uploads\/2023\/11\/312472_32ecb49649da4aad99dc9e82a6d44178_mv2.jpeg?fit=720%2C720&ssl=1&resize=525%2C300 1.5x, https:\/\/i0.wp.com\/bonprix-dz.com\/wp-content\/uploads\/2023\/11\/312472_32ecb49649da4aad99dc9e82a6d44178_mv2.jpeg?fit=720%2C720&ssl=1&resize=700%2C400 2x"},"classes":[]},{"id":3356,"url":"https:\/\/bonprix-dz.com\/?product=lenovo-lp40-tws","url_meta":{"origin":4014,"position":3},"title":"Lenovo LP40 TWS","author":"bonprix-dz.com","date":"\u0623\u0643\u062a\u0648\u0628\u0631 6, 2023","format":false,"excerpt":"Caract\u00e9ristiques techniques : TYPE \u00c9couteurs Sans Fil MARQUE Lenovo R\u00c9F\u00c9RENCE LP40 COULEUR Blanc TEMPS DE TRAVAIL 4-6 heures PORT\u00c9E BLUETOOTH 10 m\u00e8tres MANI\u00c8RE DE CHARGE Type C CAPACIT\u00c9 DE LA BATTERIE Bo\u00eetier 300 mAh \/ Oreillettes 40 mAh DIMENSIONS Bo\u00eetier 10 x 8 x 4 cm \/ Oreillettes 8 x\u2026","rel":"","context":"\u062a\u062f\u0648\u064a\u0646\u0629 \u0645\u0634\u0627\u0628\u0647\u0629","block_context":{"text":"\u062a\u062f\u0648\u064a\u0646\u0629 \u0645\u0634\u0627\u0628\u0647\u0629","link":""},"img":{"alt_text":"","src":"https:\/\/i0.wp.com\/bonprix-dz.com\/wp-content\/uploads\/2023\/10\/2878012202028739447.jpg?fit=800%2C800&ssl=1&resize=350%2C200","width":350,"height":200,"srcset":"https:\/\/i0.wp.com\/bonprix-dz.com\/wp-content\/uploads\/2023\/10\/2878012202028739447.jpg?fit=800%2C800&ssl=1&resize=350%2C200 1x, https:\/\/i0.wp.com\/bonprix-dz.com\/wp-content\/uploads\/2023\/10\/2878012202028739447.jpg?fit=800%2C800&ssl=1&resize=525%2C300 1.5x, https:\/\/i0.wp.com\/bonprix-dz.com\/wp-content\/uploads\/2023\/10\/2878012202028739447.jpg?fit=800%2C800&ssl=1&resize=700%2C400 2x"},"classes":[]},{"id":5050,"url":"https:\/\/bonprix-dz.com\/?product=modio-st11","url_meta":{"origin":4014,"position":4},"title":"Modio ST11","author":"bonprix-dz.com","date":"\u0623\u0628\u0631\u064a\u0644 10, 2025","format":false,"excerpt":"D\u00e9couvrez la\u00a0Modio ST11, une montre connect\u00e9e alliant technologie avanc\u00e9e et design \u00e9l\u00e9gant. Avec ses 4 Go de RAM et 64 Go de stockage interne, elle offre des performances fluides et une capacit\u00e9 de stockage g\u00e9n\u00e9reuse pour toutes vos applications et fichiers. Son \u00e9cran de 2,2 pouces assure une visibilit\u00e9 claire\u2026","rel":"","context":"\u062a\u062f\u0648\u064a\u0646\u0629 \u0645\u0634\u0627\u0628\u0647\u0629","block_context":{"text":"\u062a\u062f\u0648\u064a\u0646\u0629 \u0645\u0634\u0627\u0628\u0647\u0629","link":""},"img":{"alt_text":"","src":"https:\/\/i0.wp.com\/bonprix-dz.com\/wp-content\/uploads\/2025\/04\/ABUIABACGAAgh4P_tAYo2N2ViwcwoAY4oAY.jpg?fit=800%2C800&ssl=1&resize=350%2C200","width":350,"height":200,"srcset":"https:\/\/i0.wp.com\/bonprix-dz.com\/wp-content\/uploads\/2025\/04\/ABUIABACGAAgh4P_tAYo2N2ViwcwoAY4oAY.jpg?fit=800%2C800&ssl=1&resize=350%2C200 1x, https:\/\/i0.wp.com\/bonprix-dz.com\/wp-content\/uploads\/2025\/04\/ABUIABACGAAgh4P_tAYo2N2ViwcwoAY4oAY.jpg?fit=800%2C800&ssl=1&resize=525%2C300 1.5x, https:\/\/i0.wp.com\/bonprix-dz.com\/wp-content\/uploads\/2025\/04\/ABUIABACGAAgh4P_tAYo2N2ViwcwoAY4oAY.jpg?fit=800%2C800&ssl=1&resize=700%2C400 2x"},"classes":[]},{"id":3485,"url":"https:\/\/bonprix-dz.com\/?product=casque-bluetooth-p47","url_meta":{"origin":4014,"position":5},"title":"Casque Bluetooth P47","author":"bonprix-dz.com","date":"\u0646\u0648\u0641\u0645\u0628\u0631 9, 2023","format":false,"excerpt":"Casque P47 \u2013 Bluetooth \u2013 Sans Fil & Flexible & Pliable. Supporte La carte m\u00e9moire et la Radio. Peut \u00eatre Utilis\u00e9 avec un cable Jack (Auxiliaire) en cas de d\u00e9chargement. Profils de soutien: HSP, HFP, A2DP, AVRCP. Gamme de fr\u00e9quences: 2.4026 GHz-2.480 GHz Temps de lecture de musique: 8-10 heures\u2026","rel":"","context":"\u062a\u062f\u0648\u064a\u0646\u0629 \u0645\u0634\u0627\u0628\u0647\u0629","block_context":{"text":"\u062a\u062f\u0648\u064a\u0646\u0629 \u0645\u0634\u0627\u0628\u0647\u0629","link":""},"img":{"alt_text":"","src":"https:\/\/i0.wp.com\/bonprix-dz.com\/wp-content\/uploads\/2023\/11\/17598883141037599854.jpg?fit=600%2C600&ssl=1&resize=350%2C200","width":350,"height":200,"srcset":"https:\/\/i0.wp.com\/bonprix-dz.com\/wp-content\/uploads\/2023\/11\/17598883141037599854.jpg?fit=600%2C600&ssl=1&resize=350%2C200 1x, https:\/\/i0.wp.com\/bonprix-dz.com\/wp-content\/uploads\/2023\/11\/17598883141037599854.jpg?fit=600%2C600&ssl=1&resize=525%2C300 1.5x"},"classes":[]}],"_links":{"self":[{"href":"https:\/\/bonprix-dz.com\/index.php?rest_route=\/wp\/v2\/product\/4014","targetHints":{"allow":["GET"]}}],"collection":[{"href":"https:\/\/bonprix-dz.com\/index.php?rest_route=\/wp\/v2\/product"}],"about":[{"href":"https:\/\/bonprix-dz.com\/index.php?rest_route=\/wp\/v2\/types\/product"}],"replies":[{"embeddable":true,"href":"https:\/\/bonprix-dz.com\/index.php?rest_route=%2Fwp%2Fv2%2Fcomments&post=4014"}],"version-history":[{"count":1,"href":"https:\/\/bonprix-dz.com\/index.php?rest_route=\/wp\/v2\/product\/4014\/revisions"}],"predecessor-version":[{"id":4021,"href":"https:\/\/bonprix-dz.com\/index.php?rest_route=\/wp\/v2\/product\/4014\/revisions\/4021"}],"wp:featuredmedia":[{"embeddable":true,"href":"https:\/\/bonprix-dz.com\/index.php?rest_route=\/wp\/v2\/media\/4022"}],"wp:attachment":[{"href":"https:\/\/bonprix-dz.com\/index.php?rest_route=%2Fwp%2Fv2%2Fmedia&parent=4014"}],"wp:term":[{"taxonomy":"product_cat","embeddable":true,"href":"https:\/\/bonprix-dz.com\/index.php?rest_route=%2Fwp%2Fv2%2Fproduct_cat&post=4014"},{"taxonomy":"product_tag","embeddable":true,"href":"https:\/\/bonprix-dz.com\/index.php?rest_route=%2Fwp%2Fv2%2Fproduct_tag&post=4014"}],"curies":[{"name":"wp","href":"https:\/\/api.w.org\/{rel}","templated":true}]}}