{"id":4100,"date":"2024-06-06T23:27:32","date_gmt":"2024-06-06T23:27:32","guid":{"rendered":"https:\/\/bonprix-dz.com\/?post_type=product&#038;p=4100"},"modified":"2025-12-17T00:26:50","modified_gmt":"2025-12-17T00:26:50","slug":"hoco-x89","status":"publish","type":"product","link":"https:\/\/bonprix-dz.com\/?product=hoco-x89","title":{"rendered":"Hoco x89"},"content":{"rendered":"<h3>1. USB \u0625\u0644\u0649 \u0643\u0627\u0628\u0644 \u0628\u064a\u0627\u0646\u0627\u062a \u0627\u0644\u0634\u062d\u0646 \u0645\u0646 \u0627\u0644\u0646\u0648\u0639 C.<br \/>\n2. \u0627\u0644\u062a\u064a\u0627\u0631 \u064a\u0635\u0644 \u0625\u0644\u0649 3A.<br \/>\n3. \u0645\u0646\u0627\u0633\u0628\u0629 \u0644\u0634\u062d\u0646 \u0627\u0644\u0623\u062c\u0647\u0632\u0629 \u0627\u0644\u0644\u0648\u062d\u064a\u0629 \u0648\u0627\u0644\u0647\u0648\u0627\u062a\u0641.<br \/>\n4. \u063a\u0645\u062f \u0627\u0644\u0633\u0644\u0643 \u0627\u0644\u062e\u0627\u0631\u062c\u064a: \u062c\u062f\u064a\u0644\u0629 \u0645\u0646 \u0627\u0644\u0646\u0627\u064a\u0644\u0648\u0646.<br \/>\n5. \u0627\u0644\u0633\u0643\u0646 \u0645\u0648\u0635\u0644: \u0633\u0628\u0627\u0626\u0643 \u0627\u0644\u0623\u0644\u0648\u0645\u0646\u064a\u0648\u0645.<br \/>\n6.\u0627\u0644\u0637\u0648\u0644: 1 \u0645. \u0627\u0644\u0648\u0632\u0646: 26 \u062c\u0631\u0627\u0645.<\/h3>\n","protected":false},"excerpt":{"rendered":"<p>1. USB \u0625\u0644\u0649 \u0643\u0627\u0628\u0644 \u0628\u064a\u0627\u0646\u0627\u062a \u0627\u0644\u0634\u062d\u0646 \u0645\u0646 \u0627\u0644\u0646\u0648\u0639 C. 2. \u0627\u0644\u062a\u064a\u0627\u0631 \u064a\u0635\u0644 \u0625\u0644\u0649 3A. 3. \u0645\u0646\u0627\u0633\u0628\u0629 \u0644\u0634\u062d\u0646 \u0627\u0644\u0623\u062c\u0647\u0632\u0629 \u0627\u0644\u0644\u0648\u062d\u064a\u0629 \u0648\u0627\u0644\u0647\u0648\u0627\u062a\u0641.<\/p>\n","protected":false},"featured_media":4101,"comment_status":"open","ping_status":"closed","template":"","meta":{"om_disable_all_campaigns":false,"_monsterinsights_skip_tracking":false,"_monsterinsights_sitenote_active":false,"_monsterinsights_sitenote_note":"","_monsterinsights_sitenote_category":0,"iawp_total_views":88},"product_cat":[42],"product_tag":[70],"class_list":{"0":"post-4100","1":"product","2":"type-product","3":"status-publish","4":"has-post-thumbnail","6":"product_cat-toys","7":"product_tag-hoco","9":"first","10":"instock","11":"sale","12":"taxable","13":"shipping-taxable","14":"purchasable","15":"product-type-variable"},"aioseo_notices":[],"jetpack-related-posts":[{"id":3727,"url":"https:\/\/bonprix-dz.com\/?product=hoco-silicone-charging-data-cable-x90","url_meta":{"origin":4100,"position":0},"title":"Hoco Silicone Charging Data Cable  X90","author":"bonprix-dz.com","date":"\u0645\u0627\u0631\u0633 2, 2024","format":false,"excerpt":"\u0643\u0627\u0628\u0644 X90 USB-A \u064a\u0639\u062f \u0643\u0627\u0628\u0644 X90 USB-A \u0625\u0644\u0649 Type-C \u0645\u0646\u062a\u062c\u064b\u0627 \u0639\u0627\u0644\u064a \u0627\u0644\u062c\u0648\u062f\u0629 \u064a\u0648\u0641\u0631 \u0623\u062f\u0627\u0621\u064b \u0627\u0633\u062a\u062b\u0646\u0627\u0626\u064a\u064b\u0627 \u0644\u062a\u0648\u0635\u064a\u0644 \u0623\u062c\u0647\u0632\u0629 USB-C \u0628\u0623\u062c\u0647\u0632\u0629 \u0627\u0644\u0643\u0645\u0628\u064a\u0648\u062a\u0631 \u0648\u0627\u0644\u0623\u062c\u0647\u0632\u0629 \u0627\u0644\u0637\u0631\u0641\u064a\u0629 \u0627\u0644\u0623\u062e\u0631\u0649 \u0627\u0644\u0645\u0632\u0648\u062f\u0629 \u0628\u0645\u0646\u0641\u0630 USB-A. \u0648\u0635\u0641 : 1- \u0645\u0635\u0646\u0648\u0639 \u0645\u0646 \u0645\u0648\u0627\u062f \u0639\u0627\u0644\u064a\u0629 \u0627\u0644\u062c\u0648\u062f\u0629 \u062a\u0636\u0645\u0646 \u0627\u0644\u0645\u062a\u0627\u0646\u0629 \u0648\u0637\u0648\u0644 \u0627\u0644\u0639\u0645\u0631. 2- \u0645\u0639 \u0633\u0631\u0639\u0629 \u0646\u0642\u0644 \u0628\u064a\u0627\u0646\u0627\u062a \u062a\u0635\u0644 \u0625\u0644\u0649 480 \u0645\u064a\u062c\u0627\u0628\u062a \u0641\u064a \u0627\u0644\u062b\u0627\u0646\u064a\u0629 \u060c\u2026","rel":"","context":"\u062a\u062f\u0648\u064a\u0646\u0629 \u0645\u0634\u0627\u0628\u0647\u0629","block_context":{"text":"\u062a\u062f\u0648\u064a\u0646\u0629 \u0645\u0634\u0627\u0628\u0647\u0629","link":""},"img":{"alt_text":"","src":"https:\/\/i0.wp.com\/bonprix-dz.com\/wp-content\/uploads\/2024\/03\/1-1.jpg?fit=1200%2C1200&ssl=1&resize=350%2C200","width":350,"height":200,"srcset":"https:\/\/i0.wp.com\/bonprix-dz.com\/wp-content\/uploads\/2024\/03\/1-1.jpg?fit=1200%2C1200&ssl=1&resize=350%2C200 1x, https:\/\/i0.wp.com\/bonprix-dz.com\/wp-content\/uploads\/2024\/03\/1-1.jpg?fit=1200%2C1200&ssl=1&resize=525%2C300 1.5x, https:\/\/i0.wp.com\/bonprix-dz.com\/wp-content\/uploads\/2024\/03\/1-1.jpg?fit=1200%2C1200&ssl=1&resize=700%2C400 2x, https:\/\/i0.wp.com\/bonprix-dz.com\/wp-content\/uploads\/2024\/03\/1-1.jpg?fit=1200%2C1200&ssl=1&resize=1050%2C600 3x"},"classes":[]},{"id":4112,"url":"https:\/\/bonprix-dz.com\/?product=hoco-83-type-c-to-type-c","url_meta":{"origin":4100,"position":1},"title":"Hoco 83 Type c- To Type-c","author":"bonprix-dz.com","date":"\u064a\u0648\u0646\u064a\u0648 7, 2024","format":false,"excerpt":"X83 Victory\u060c \u0643\u0627\u0628\u0644 \u0634\u062d\u0646 \u0645\u0646 \u0627\u0644\u0646\u0648\u0639 C \u0625\u0644\u0649 \u0627\u0644\u0646\u0648\u0639 C 60 \u0648\u0627\u0637\u060c 1 \u0645\u062a\u0631\u060c \u0645\u0627\u062f\u0629 PVC\u060c \u064a\u062f\u0639\u0645 \u062d\u062a\u0649 60 \u0648\u0627\u0637 (20 \u0641\u0648\u0644\u062a \/ 3 \u0623\u0645\u0628\u064a\u0631) \u0644\u0634\u062d\u0646 \u0627\u0644\u0643\u0645\u0628\u064a\u0648\u062a\u0631 \u0627\u0644\u0645\u062d\u0645\u0648\u0644 \u0648\u062a\u064a\u0627\u0631 3 \u0623\u0645\u0628\u064a\u0631 \u0644\u0644\u0647\u0648\u0627\u062a\u0641 \u0627\u0644\u0645\u062d\u0645\u0648\u0644\u0629 1. \u0627\u0644\u0637\u0648\u0644: 1 \u0645. \u0627\u0644\u0648\u0632\u0646: 24 \u062c\u0631\u0627\u0645. 2. \u0627\u0644\u0645\u0627\u062f\u0629 \u0627\u0644\u062e\u0627\u0631\u062c\u064a\u0629: PVC. 3. \u0627\u0644\u0645\u0648\u0627\u062f \u0627\u0644\u0645\u0634\u062a\u0631\u0643\u0629: PVC. 4. \u0627\u0644\u0646\u0648\u0627\u0629:\u2026","rel":"","context":"\u062a\u062f\u0648\u064a\u0646\u0629 \u0645\u0634\u0627\u0628\u0647\u0629","block_context":{"text":"\u062a\u062f\u0648\u064a\u0646\u0629 \u0645\u0634\u0627\u0628\u0647\u0629","link":""},"img":{"alt_text":"","src":"https:\/\/i0.wp.com\/bonprix-dz.com\/wp-content\/uploads\/2024\/06\/ABUIABACGAAg4vrVqgYorMjnogUwgB443hI-1.jpg?fit=800%2C800&ssl=1&resize=350%2C200","width":350,"height":200,"srcset":"https:\/\/i0.wp.com\/bonprix-dz.com\/wp-content\/uploads\/2024\/06\/ABUIABACGAAg4vrVqgYorMjnogUwgB443hI-1.jpg?fit=800%2C800&ssl=1&resize=350%2C200 1x, https:\/\/i0.wp.com\/bonprix-dz.com\/wp-content\/uploads\/2024\/06\/ABUIABACGAAg4vrVqgYorMjnogUwgB443hI-1.jpg?fit=800%2C800&ssl=1&resize=525%2C300 1.5x, https:\/\/i0.wp.com\/bonprix-dz.com\/wp-content\/uploads\/2024\/06\/ABUIABACGAAg4vrVqgYorMjnogUwgB443hI-1.jpg?fit=800%2C800&ssl=1&resize=700%2C400 2x"},"classes":[]},{"id":3185,"url":"https:\/\/bonprix-dz.com\/?product=apple-airpods-pro","url_meta":{"origin":4100,"position":2},"title":"Apple AirPods Pro","author":"bonprix-dz.com","date":"\u0633\u0628\u062a\u0645\u0628\u0631 23, 2023","format":false,"excerpt":"\u064a\u0639\u0645\u0644 \u0625\u0644\u063a\u0627\u0621 \u0627\u0644\u0636\u0648\u0636\u0627\u0621 \u0627\u0644\u0646\u0634\u0637 \u0639\u0644\u0649 \u0645\u0646\u0639 \u0627\u0644\u0636\u0648\u0636\u0627\u0621 \u0627\u0644\u062e\u0627\u0631\u062c\u064a\u0629 \u063a\u064a\u0631 \u0627\u0644\u0645\u0631\u063a\u0648\u0628 \u0641\u064a\u0647\u0627 \u062a\u062a\u064a\u062d \u0627\u0644\u0634\u0641\u0627\u0641\u064a\u0629 \u0627\u0644\u062a\u0643\u064a\u0641\u064a\u0629 \u0645\u0631\u0648\u0631 \u0627\u0644\u0623\u0635\u0648\u0627\u062a \u0627\u0644\u062e\u0627\u0631\u062c\u064a\u0629 \u0645\u0639 \u062a\u0642\u0644\u064a\u0644 \u0627\u0644\u0636\u0648\u0636\u0627\u0621 \u0627\u0644\u062a\u064a \u062a\u0635\u0645 \u0627\u0644\u0622\u0630\u0627\u0646 \u0627\u0644\u0635\u0648\u062a \u0627\u0644\u0645\u0643\u0627\u0646\u064a \u0627\u0644\u0645\u062e\u0635\u0635 \u0645\u0639 \u062a\u062a\u0628\u0639 \u0627\u0644\u0631\u0623\u0633 \u0627\u0644\u062f\u064a\u0646\u0627\u0645\u064a\u0643\u064a \u064a\u063a\u0645\u0631\u0643 \u0628\u0635\u0648\u062a 360 \u062f\u0631\u062c\u0629 \u0646\u0635\u0627\u0626\u062d \u0628\u0639\u062f\u0629 \u0645\u0642\u0627\u0633\u0627\u062a (XS\u060c S\u060c M\u060c L) \u064a\u062a\u064a\u062d \u0644\u0643 \u0627\u0644\u062a\u062d\u0643\u0645 \u0628\u0627\u0644\u0644\u0645\u0633 \u0627\u0644\u062a\u0645\u0631\u064a\u0631 \u0644\u0636\u0628\u0637 \u0645\u0633\u062a\u0648\u0649 \u0627\u0644\u0635\u0648\u062a\u060c \u0648\u0627\u0644\u0646\u0642\u0631\u2026","rel":"","context":"\u062a\u062f\u0648\u064a\u0646\u0629 \u0645\u0634\u0627\u0628\u0647\u0629","block_context":{"text":"\u062a\u062f\u0648\u064a\u0646\u0629 \u0645\u0634\u0627\u0628\u0647\u0629","link":""},"img":{"alt_text":"","src":"https:\/\/i0.wp.com\/bonprix-dz.com\/wp-content\/uploads\/2023\/09\/Sans-titre4.png?fit=800%2C800&ssl=1&resize=350%2C200","width":350,"height":200,"srcset":"https:\/\/i0.wp.com\/bonprix-dz.com\/wp-content\/uploads\/2023\/09\/Sans-titre4.png?fit=800%2C800&ssl=1&resize=350%2C200 1x, https:\/\/i0.wp.com\/bonprix-dz.com\/wp-content\/uploads\/2023\/09\/Sans-titre4.png?fit=800%2C800&ssl=1&resize=525%2C300 1.5x, https:\/\/i0.wp.com\/bonprix-dz.com\/wp-content\/uploads\/2023\/09\/Sans-titre4.png?fit=800%2C800&ssl=1&resize=700%2C400 2x"},"classes":[]},{"id":51,"url":"https:\/\/bonprix-dz.com\/?product=classic-wooden-chair","url_meta":{"origin":4100,"position":3},"title":"FD68S \u0633\u0627\u0639\u0629 \u0630\u0643\u064a\u0629","author":"bonprix-dz.com","date":"\u064a\u0648\u0646\u064a\u0648 14, 2017","format":false,"excerpt":"\u062d\u0648\u0644 \u0647\u0630\u0627 \u0627\u0644\u0628\u0646\u062f: \u0623\u0646\u0638\u0645\u0629 \u0645\u062a\u0648\u0627\u0641\u0642\u0629: \u0623\u0646\u062f\u0631\u0648\u064a\u062f (\u0623\u0639\u0644\u0627\u0647) \u060c IOS8.0 (\u0634\u0627\u0645\u0644) \u0648\u0645\u0627 \u0641\u0648\u0642 \u0627\u0644\u0628\u0644\u0648\u062a\u0648\u062b: \u0628\u0644\u0648\u062a\u0648\u062b + \u0645\u0646 \u0645\u0646 \u0645\u0646 \u0645\u0646 \u061f \u0627\u0644\u0633\u0639\u0629: mAh \u060c \u0637\u0631\u064a\u0642\u0629 \u0627\u0644\u0634\u062d\u0646: \u0634\u062d\u0646 USB \u0648\u0642\u062a \u0627\u0644\u0634\u062d\u0646: \u062d\u0648\u0627\u0644\u064a 2 \u0633\u0627\u0639\u0629 \u0648\u0642\u062a \u0627\u0644\u062d\u064a\u0627\u0629: \u0627\u0633\u062a\u062e\u062f\u0627\u0645 3-5 \u0623\u064a\u0627\u0645 \u060c \u0627\u0644\u0627\u0633\u062a\u0639\u062f\u0627\u062f 7 \u0623\u064a\u0627\u0645 \u0644\u063a\u0627\u062a \u062f\u0639\u0645 \u0627\u0644\u062a\u0637\u0628\u064a\u0642: \u0627\u0644\u0625\u0646\u062c\u0644\u064a\u0632\u064a\u0629 \u060c \u0627\u0644\u0635\u064a\u0646\u064a\u0629 \u0627\u0644\u0645\u0628\u0633\u0637\u0629 \u060c \u0627\u0644\u0635\u064a\u0646\u064a\u0629\u2026","rel":"","context":"\u062a\u062f\u0648\u064a\u0646\u0629 \u0645\u0634\u0627\u0628\u0647\u0629","block_context":{"text":"\u062a\u062f\u0648\u064a\u0646\u0629 \u0645\u0634\u0627\u0628\u0647\u0629","link":""},"img":{"alt_text":"","src":"https:\/\/i0.wp.com\/bonprix-dz.com\/wp-content\/uploads\/2017\/06\/e569f3b74bd691d9d9f2971a4a3a.jpg?fit=640%2C640&ssl=1&resize=350%2C200","width":350,"height":200,"srcset":"https:\/\/i0.wp.com\/bonprix-dz.com\/wp-content\/uploads\/2017\/06\/e569f3b74bd691d9d9f2971a4a3a.jpg?fit=640%2C640&ssl=1&resize=350%2C200 1x, https:\/\/i0.wp.com\/bonprix-dz.com\/wp-content\/uploads\/2017\/06\/e569f3b74bd691d9d9f2971a4a3a.jpg?fit=640%2C640&ssl=1&resize=525%2C300 1.5x"},"classes":[]},{"id":3925,"url":"https:\/\/bonprix-dz.com\/?product=telzeal-perfect-mini","url_meta":{"origin":4100,"position":4},"title":"Telzeal Perfect Mini","author":"bonprix-dz.com","date":"\u0623\u0628\u0631\u064a\u0644 24, 2024","format":false,"excerpt":"\u0627\u0644\u0645\u0648\u0627\u0635\u0641\u0627\u062a \u0627\u0644\u0623\u0633\u0627\u0633\u064a\u0629 : Telzeal Ultra Mini 3Strap \u0634\u0627\u0634\u0629 \u0639\u0631\u0636 \u0643\u0627\u0645\u0644\u0629 42 \u0645\u0644\u0645. \u0625\u0634\u0639\u0627\u0631\u0627\u062a \u0627\u0644\u062a\u0637\u0628\u064a\u0642\u0627\u062a. \u0625\u062c\u0631\u0627\u0621 \u0648\u0627\u0644\u0631\u062f \u0639\u0644\u0649 \u0645\u0643\u0627\u0644\u0645\u0627\u062a. \u0645\u062a\u0648\u0627\u0641\u0642 \u0645\u0639 \u0623\u062c\u0647\u0632\u0629 \u0623\u0646\u062f\u0631\u0648\u064a\u062f \u0648iOS. \u0633\u062a\u0631\u0627\u0628 \u0644\u0648\u0643 \u0641\u0639\u0644\u064a \u0648 \u0641\u0639\u0627\u0644 100%. \u0627\u0644\u0642\u064a\u0627\u0633\u0627\u062a \u0627\u0644\u062d\u064a\u0648\u064a\u0629 \u0648\u0627\u0644\u0631\u064a\u0627\u0636\u064a\u0629. \u0645\u0642\u0627\u0648\u0645 \u0644\u0644\u0645\u0627\u0621 \u0628\u0645\u0639\u064a\u0627\u0631 IP 68. \u0633\u0644\u0627\u0633\u0629 \u0631\u0647\u064a\u0628\u0629 \u0641\u064a \u0627\u0644\u062a\u0646\u0642\u0644 \u0628\u064a\u0646 \u0627\u0644\u0642\u0648\u0627\u0626\u0645. \u0633\u0648\u0641\u062a \u0648\u064a\u0631 \u0633\u0631\u064a\u0639 \u062c\u062f\u0627. \u0627\u0644\u062a\u0637\u0628\u064a\u0642 Wearfit Pro.\u2026","rel":"","context":"\u062a\u062f\u0648\u064a\u0646\u0629 \u0645\u0634\u0627\u0628\u0647\u0629","block_context":{"text":"\u062a\u062f\u0648\u064a\u0646\u0629 \u0645\u0634\u0627\u0628\u0647\u0629","link":""},"img":{"alt_text":"","src":"https:\/\/i0.wp.com\/bonprix-dz.com\/wp-content\/uploads\/2024\/04\/hoco-ns2-power-strip-with-extension-cable-3-socket-eu-ger-charging.jpg?fit=1000%2C1000&ssl=1&resize=350%2C200","width":350,"height":200,"srcset":"https:\/\/i0.wp.com\/bonprix-dz.com\/wp-content\/uploads\/2024\/04\/hoco-ns2-power-strip-with-extension-cable-3-socket-eu-ger-charging.jpg?fit=1000%2C1000&ssl=1&resize=350%2C200 1x, https:\/\/i0.wp.com\/bonprix-dz.com\/wp-content\/uploads\/2024\/04\/hoco-ns2-power-strip-with-extension-cable-3-socket-eu-ger-charging.jpg?fit=1000%2C1000&ssl=1&resize=525%2C300 1.5x, https:\/\/i0.wp.com\/bonprix-dz.com\/wp-content\/uploads\/2024\/04\/hoco-ns2-power-strip-with-extension-cable-3-socket-eu-ger-charging.jpg?fit=1000%2C1000&ssl=1&resize=700%2C400 2x"},"classes":[]},{"id":4612,"url":"https:\/\/bonprix-dz.com\/?product=gamepad-v13","url_meta":{"origin":4100,"position":5},"title":"GamePad V13","author":"bonprix-dz.com","date":"\u0623\u0643\u062a\u0648\u0628\u0631 12, 2024","format":false,"excerpt":"\u0648\u062d\u062f\u0629 \u062a\u062d\u0643\u0645 \u0627\u0644\u0623\u0644\u0639\u0627\u0628 \u0627\u0644\u0644\u0627\u0633\u0644\u0643\u064a\u0629 V13 \u0644\u0643\u0644 \u0627\u0644\u0623\u062c\u0647\u0632\u0629 Contr\u00f4leur de jeu sans fil V13 pour Windows, PC, IOS, Mfi, Android, PS3, t\u00e9l\u00e9phone portable \u00a0 \u0645\u062a\u0648\u0627\u0641\u0642 \u0645\u0639: \u062a\u062f\u0639\u0645 \u0644\u0648\u062d\u0629 \u0627\u0644\u0623\u0644\u0639\u0627\u0628 \u062a\u0634\u063a\u064a\u0644 \u0627\u0644\u0623\u0644\u0639\u0627\u0628 \u0639\u0644\u0649 \u0627\u0644\u0647\u0648\u0627\u062a\u0641 \u0627\u0644\u0645\u062d\u0645\u0648\u0644\u0629 \u0627\u0644\u062a\u064a \u062a\u0639\u0645\u0644 \u0628\u0646\u0638\u0627\u0645 Android\/Windows\/PC \u0648\u0648\u062d\u062f\u0629 \u0627\u0644\u062a\u062d\u0643\u0645 PS3 \u0627\u0644\u062a\u064a \u062a\u062f\u0639\u0645 \u062a\u0642\u0646\u064a\u0629 Bluetooth. \u0644\u0627 \u062d\u0627\u062c\u0629 \u0625\u0644\u0649 \u0628\u0631\u0646\u0627\u0645\u062c \u062a\u0634\u063a\u064a\u0644. \u064a\u0645\u0643\u0646\u2026","rel":"","context":"\u062a\u062f\u0648\u064a\u0646\u0629 \u0645\u0634\u0627\u0628\u0647\u0629","block_context":{"text":"\u062a\u062f\u0648\u064a\u0646\u0629 \u0645\u0634\u0627\u0628\u0647\u0629","link":""},"img":{"alt_text":"","src":"https:\/\/i0.wp.com\/bonprix-dz.com\/wp-content\/uploads\/2024\/10\/H9f92a23150714eed9560f030ba0ae3fdQ.jpg_720x720q50.avif?resize=350%2C200&ssl=1","width":350,"height":200,"srcset":"https:\/\/i0.wp.com\/bonprix-dz.com\/wp-content\/uploads\/2024\/10\/H9f92a23150714eed9560f030ba0ae3fdQ.jpg_720x720q50.avif?resize=350%2C200&ssl=1 1x, https:\/\/i0.wp.com\/bonprix-dz.com\/wp-content\/uploads\/2024\/10\/H9f92a23150714eed9560f030ba0ae3fdQ.jpg_720x720q50.avif?resize=525%2C300&ssl=1 1.5x, https:\/\/i0.wp.com\/bonprix-dz.com\/wp-content\/uploads\/2024\/10\/H9f92a23150714eed9560f030ba0ae3fdQ.jpg_720x720q50.avif?resize=700%2C400&ssl=1 2x"},"classes":[]}],"_links":{"self":[{"href":"https:\/\/bonprix-dz.com\/index.php?rest_route=\/wp\/v2\/product\/4100","targetHints":{"allow":["GET"]}}],"collection":[{"href":"https:\/\/bonprix-dz.com\/index.php?rest_route=\/wp\/v2\/product"}],"about":[{"href":"https:\/\/bonprix-dz.com\/index.php?rest_route=\/wp\/v2\/types\/product"}],"replies":[{"embeddable":true,"href":"https:\/\/bonprix-dz.com\/index.php?rest_route=%2Fwp%2Fv2%2Fcomments&post=4100"}],"version-history":[{"count":1,"href":"https:\/\/bonprix-dz.com\/index.php?rest_route=\/wp\/v2\/product\/4100\/revisions"}],"predecessor-version":[{"id":4110,"href":"https:\/\/bonprix-dz.com\/index.php?rest_route=\/wp\/v2\/product\/4100\/revisions\/4110"}],"wp:featuredmedia":[{"embeddable":true,"href":"https:\/\/bonprix-dz.com\/index.php?rest_route=\/wp\/v2\/media\/4101"}],"wp:attachment":[{"href":"https:\/\/bonprix-dz.com\/index.php?rest_route=%2Fwp%2Fv2%2Fmedia&parent=4100"}],"wp:term":[{"taxonomy":"product_cat","embeddable":true,"href":"https:\/\/bonprix-dz.com\/index.php?rest_route=%2Fwp%2Fv2%2Fproduct_cat&post=4100"},{"taxonomy":"product_tag","embeddable":true,"href":"https:\/\/bonprix-dz.com\/index.php?rest_route=%2Fwp%2Fv2%2Fproduct_tag&post=4100"}],"curies":[{"name":"wp","href":"https:\/\/api.w.org\/{rel}","templated":true}]}}