{"id":4130,"date":"2024-06-07T14:26:30","date_gmt":"2024-06-07T14:26:30","guid":{"rendered":"https:\/\/bonprix-dz.com\/?post_type=product&#038;p=4130"},"modified":"2025-10-24T12:24:57","modified_gmt":"2025-10-24T12:24:57","slug":"hoco-c80a","status":"publish","type":"product","link":"https:\/\/bonprix-dz.com\/?product=hoco-c80a","title":{"rendered":"Hoco C80A"},"content":{"rendered":"","protected":false},"excerpt":{"rendered":"","protected":false},"featured_media":4132,"comment_status":"open","ping_status":"closed","template":"","meta":{"om_disable_all_campaigns":false,"_monsterinsights_skip_tracking":false,"_monsterinsights_sitenote_active":false,"_monsterinsights_sitenote_note":"","_monsterinsights_sitenote_category":0,"iawp_total_views":15},"product_cat":[42],"product_tag":[70],"class_list":{"0":"post-4130","1":"product","2":"type-product","3":"status-publish","4":"has-post-thumbnail","6":"product_cat-toys","7":"product_tag-hoco","9":"first","10":"instock","11":"sale","12":"taxable","13":"shipping-taxable","14":"purchasable","15":"product-type-simple"},"aioseo_notices":[],"jetpack-related-posts":[{"id":3813,"url":"https:\/\/bonprix-dz.com\/?product=cable-hoco-x40-fast-3a","url_meta":{"origin":4130,"position":0},"title":"Cable Hoco X40 fast 3A","author":"bonprix-dz.com","date":"\u0645\u0627\u0631\u0633 20, 2024","format":false,"excerpt":"FAST 3A CABLE HOCO X40 USB VERS TYPE C","rel":"","context":"\u062a\u062f\u0648\u064a\u0646\u0629 \u0645\u0634\u0627\u0628\u0647\u0629","block_context":{"text":"\u062a\u062f\u0648\u064a\u0646\u0629 \u0645\u0634\u0627\u0628\u0647\u0629","link":""},"img":{"alt_text":"","src":"https:\/\/i0.wp.com\/bonprix-dz.com\/wp-content\/uploads\/2024\/03\/1-12.jpg?fit=760%2C760&ssl=1&resize=350%2C200","width":350,"height":200,"srcset":"https:\/\/i0.wp.com\/bonprix-dz.com\/wp-content\/uploads\/2024\/03\/1-12.jpg?fit=760%2C760&ssl=1&resize=350%2C200 1x, https:\/\/i0.wp.com\/bonprix-dz.com\/wp-content\/uploads\/2024\/03\/1-12.jpg?fit=760%2C760&ssl=1&resize=525%2C300 1.5x, https:\/\/i0.wp.com\/bonprix-dz.com\/wp-content\/uploads\/2024\/03\/1-12.jpg?fit=760%2C760&ssl=1&resize=700%2C400 2x"},"classes":[]},{"id":4178,"url":"https:\/\/bonprix-dz.com\/?product=hoco-eq9","url_meta":{"origin":4130,"position":1},"title":"Hoco EQ9","author":"bonprix-dz.com","date":"\u064a\u0648\u0646\u064a\u0648 10, 2024","format":false,"excerpt":"\u0633\u0645\u0627\u0639\u0627\u062a \u0623\u062f\u0646 \u0644\u0627\u0633\u0644\u0643\u064a\u0629 hoco \u0623\u0635\u0644\u064a\u0629 \u0628\u0644\u0648\u062a\u0648\u062a . \u0633\u0645\u0627\u0639\u0627\u062a \u0623\u062f\u0646 \u0631\u064a\u0627\u0636\u064a\u0629 \u0645\u0636\u0627\u062f\u0629 \u0644\u0644\u0645\u0627\u0621 \u0644\u0647\u0627\u062a\u0641 iphone \u0648 ChlQ9 . \u0648 swarsa \u0648\u0633\u062a\u064a\u0631\u064a\u0648 \u062f\u0627\u062e\u0644 \u0623\u062f\u0646 .","rel":"","context":"\u062a\u062f\u0648\u064a\u0646\u0629 \u0645\u0634\u0627\u0628\u0647\u0629","block_context":{"text":"\u062a\u062f\u0648\u064a\u0646\u0629 \u0645\u0634\u0627\u0628\u0647\u0629","link":""},"img":{"alt_text":"","src":"https:\/\/i0.wp.com\/bonprix-dz.com\/wp-content\/uploads\/2024\/06\/7752975561781590134.jpg?fit=800%2C800&ssl=1&resize=350%2C200","width":350,"height":200,"srcset":"https:\/\/i0.wp.com\/bonprix-dz.com\/wp-content\/uploads\/2024\/06\/7752975561781590134.jpg?fit=800%2C800&ssl=1&resize=350%2C200 1x, https:\/\/i0.wp.com\/bonprix-dz.com\/wp-content\/uploads\/2024\/06\/7752975561781590134.jpg?fit=800%2C800&ssl=1&resize=525%2C300 1.5x, https:\/\/i0.wp.com\/bonprix-dz.com\/wp-content\/uploads\/2024\/06\/7752975561781590134.jpg?fit=800%2C800&ssl=1&resize=700%2C400 2x"},"classes":[]},{"id":4087,"url":"https:\/\/bonprix-dz.com\/?product=hoco-ew60","url_meta":{"origin":4130,"position":2},"title":"Hoco EW60","author":"bonprix-dz.com","date":"\u064a\u0648\u0646\u064a\u0648 6, 2024","format":false,"excerpt":"","rel":"","context":"\u062a\u062f\u0648\u064a\u0646\u0629 \u0645\u0634\u0627\u0628\u0647\u0629","block_context":{"text":"\u062a\u062f\u0648\u064a\u0646\u0629 \u0645\u0634\u0627\u0628\u0647\u0629","link":""},"img":{"alt_text":"","src":"https:\/\/i0.wp.com\/bonprix-dz.com\/wp-content\/uploads\/2024\/06\/10884033181300517569.jpg?fit=800%2C800&ssl=1&resize=350%2C200","width":350,"height":200,"srcset":"https:\/\/i0.wp.com\/bonprix-dz.com\/wp-content\/uploads\/2024\/06\/10884033181300517569.jpg?fit=800%2C800&ssl=1&resize=350%2C200 1x, https:\/\/i0.wp.com\/bonprix-dz.com\/wp-content\/uploads\/2024\/06\/10884033181300517569.jpg?fit=800%2C800&ssl=1&resize=525%2C300 1.5x, https:\/\/i0.wp.com\/bonprix-dz.com\/wp-content\/uploads\/2024\/06\/10884033181300517569.jpg?fit=800%2C800&ssl=1&resize=700%2C400 2x"},"classes":[]},{"id":4093,"url":"https:\/\/bonprix-dz.com\/?product=hoco-ew60-plus","url_meta":{"origin":4130,"position":3},"title":"Hoco EW60 Plus","author":"bonprix-dz.com","date":"\u064a\u0648\u0646\u064a\u0648 6, 2024","format":false,"excerpt":"","rel":"","context":"\u062a\u062f\u0648\u064a\u0646\u0629 \u0645\u0634\u0627\u0628\u0647\u0629","block_context":{"text":"\u062a\u062f\u0648\u064a\u0646\u0629 \u0645\u0634\u0627\u0628\u0647\u0629","link":""},"img":{"alt_text":"","src":"https:\/\/i0.wp.com\/bonprix-dz.com\/wp-content\/uploads\/2024\/06\/1253979428465310933.jpg?fit=800%2C800&ssl=1&resize=350%2C200","width":350,"height":200,"srcset":"https:\/\/i0.wp.com\/bonprix-dz.com\/wp-content\/uploads\/2024\/06\/1253979428465310933.jpg?fit=800%2C800&ssl=1&resize=350%2C200 1x, https:\/\/i0.wp.com\/bonprix-dz.com\/wp-content\/uploads\/2024\/06\/1253979428465310933.jpg?fit=800%2C800&ssl=1&resize=525%2C300 1.5x, https:\/\/i0.wp.com\/bonprix-dz.com\/wp-content\/uploads\/2024\/06\/1253979428465310933.jpg?fit=800%2C800&ssl=1&resize=700%2C400 2x"},"classes":[]},{"id":3979,"url":"https:\/\/bonprix-dz.com\/?product=hoco-u95","url_meta":{"origin":4130,"position":4},"title":"HOCO U95","author":"bonprix-dz.com","date":"\u0645\u0627\u064a\u0648 16, 2024","format":false,"excerpt":"60W pour charger un ordinateur portable, un iPad pro ou smartphone \u00e9ligible durabilit\u00e9 suppl\u00e9mentaire anti-flexion coque en alliage de zinc","rel":"","context":"\u062a\u062f\u0648\u064a\u0646\u0629 \u0645\u0634\u0627\u0628\u0647\u0629","block_context":{"text":"\u062a\u062f\u0648\u064a\u0646\u0629 \u0645\u0634\u0627\u0628\u0647\u0629","link":""},"img":{"alt_text":"","src":"https:\/\/i0.wp.com\/bonprix-dz.com\/wp-content\/uploads\/2024\/05\/hoco-c101a-single-port-pd20w-wall-charger-eu-set-tc-to-ltn-packaging-2.jpg?fit=800%2C800&ssl=1&resize=350%2C200","width":350,"height":200,"srcset":"https:\/\/i0.wp.com\/bonprix-dz.com\/wp-content\/uploads\/2024\/05\/hoco-c101a-single-port-pd20w-wall-charger-eu-set-tc-to-ltn-packaging-2.jpg?fit=800%2C800&ssl=1&resize=350%2C200 1x, https:\/\/i0.wp.com\/bonprix-dz.com\/wp-content\/uploads\/2024\/05\/hoco-c101a-single-port-pd20w-wall-charger-eu-set-tc-to-ltn-packaging-2.jpg?fit=800%2C800&ssl=1&resize=525%2C300 1.5x, https:\/\/i0.wp.com\/bonprix-dz.com\/wp-content\/uploads\/2024\/05\/hoco-c101a-single-port-pd20w-wall-charger-eu-set-tc-to-ltn-packaging-2.jpg?fit=800%2C800&ssl=1&resize=700%2C400 2x"},"classes":[]},{"id":3745,"url":"https:\/\/bonprix-dz.com\/?product=cable-de-charge-hoco-x37-micro-usb-iphone-ios-blanc","url_meta":{"origin":4130,"position":5},"title":"C\u00e2ble de charge Hoco X37 Micro USB, Iphone IOS, Blanc","author":"bonprix-dz.com","date":"\u0645\u0627\u0631\u0633 2, 2024","format":false,"excerpt":"Conception anti-courbure Prend en charge la charge rapide avec une alimentation puissante C\u00e2bles sont en blanc Produits Hoco Connecteur d\u2019entr\u00e9e : Micro USB, Iphone Courant : jusqu\u2019\u00e0 2,4 A (Micro USB, Iphone- IOS) Courant : jusqu\u2019\u00e0 3,0 A (Pour Iphone) Longueur du c\u00e2ble : 1 m","rel":"","context":"\u062a\u062f\u0648\u064a\u0646\u0629 \u0645\u0634\u0627\u0628\u0647\u0629","block_context":{"text":"\u062a\u062f\u0648\u064a\u0646\u0629 \u0645\u0634\u0627\u0628\u0647\u0629","link":""},"img":{"alt_text":"","src":"https:\/\/i0.wp.com\/bonprix-dz.com\/wp-content\/uploads\/2024\/03\/hoco-ns2-power-strip-with-extension-cable-3-socket-eu-ger-packaging-black-3.jpg?fit=800%2C800&ssl=1&resize=350%2C200","width":350,"height":200,"srcset":"https:\/\/i0.wp.com\/bonprix-dz.com\/wp-content\/uploads\/2024\/03\/hoco-ns2-power-strip-with-extension-cable-3-socket-eu-ger-packaging-black-3.jpg?fit=800%2C800&ssl=1&resize=350%2C200 1x, https:\/\/i0.wp.com\/bonprix-dz.com\/wp-content\/uploads\/2024\/03\/hoco-ns2-power-strip-with-extension-cable-3-socket-eu-ger-packaging-black-3.jpg?fit=800%2C800&ssl=1&resize=525%2C300 1.5x, https:\/\/i0.wp.com\/bonprix-dz.com\/wp-content\/uploads\/2024\/03\/hoco-ns2-power-strip-with-extension-cable-3-socket-eu-ger-packaging-black-3.jpg?fit=800%2C800&ssl=1&resize=700%2C400 2x"},"classes":[]}],"_links":{"self":[{"href":"https:\/\/bonprix-dz.com\/index.php?rest_route=\/wp\/v2\/product\/4130","targetHints":{"allow":["GET"]}}],"collection":[{"href":"https:\/\/bonprix-dz.com\/index.php?rest_route=\/wp\/v2\/product"}],"about":[{"href":"https:\/\/bonprix-dz.com\/index.php?rest_route=\/wp\/v2\/types\/product"}],"replies":[{"embeddable":true,"href":"https:\/\/bonprix-dz.com\/index.php?rest_route=%2Fwp%2Fv2%2Fcomments&post=4130"}],"version-history":[{"count":1,"href":"https:\/\/bonprix-dz.com\/index.php?rest_route=\/wp\/v2\/product\/4130\/revisions"}],"predecessor-version":[{"id":4137,"href":"https:\/\/bonprix-dz.com\/index.php?rest_route=\/wp\/v2\/product\/4130\/revisions\/4137"}],"wp:featuredmedia":[{"embeddable":true,"href":"https:\/\/bonprix-dz.com\/index.php?rest_route=\/wp\/v2\/media\/4132"}],"wp:attachment":[{"href":"https:\/\/bonprix-dz.com\/index.php?rest_route=%2Fwp%2Fv2%2Fmedia&parent=4130"}],"wp:term":[{"taxonomy":"product_cat","embeddable":true,"href":"https:\/\/bonprix-dz.com\/index.php?rest_route=%2Fwp%2Fv2%2Fproduct_cat&post=4130"},{"taxonomy":"product_tag","embeddable":true,"href":"https:\/\/bonprix-dz.com\/index.php?rest_route=%2Fwp%2Fv2%2Fproduct_tag&post=4130"}],"curies":[{"name":"wp","href":"https:\/\/api.w.org\/{rel}","templated":true}]}}