{"id":4178,"date":"2024-06-10T11:59:23","date_gmt":"2024-06-10T11:59:23","guid":{"rendered":"https:\/\/bonprix-dz.com\/?post_type=product&#038;p=4178"},"modified":"2025-10-24T12:26:09","modified_gmt":"2025-10-24T12:26:09","slug":"hoco-eq9","status":"publish","type":"product","link":"https:\/\/bonprix-dz.com\/?product=hoco-eq9","title":{"rendered":"Hoco EQ9"},"content":{"rendered":"<p>\u0633\u0645\u0627\u0639\u0627\u062a \u0623\u062f\u0646 \u0644\u0627\u0633\u0644\u0643\u064a\u0629 hoco \u0623\u0635\u0644\u064a\u0629 \u0628\u0644\u0648\u062a\u0648\u062a . \u0633\u0645\u0627\u0639\u0627\u062a \u0623\u062f\u0646 \u0631\u064a\u0627\u0636\u064a\u0629 \u0645\u0636\u0627\u062f\u0629 \u0644\u0644\u0645\u0627\u0621 \u0644\u0647\u0627\u062a\u0641 iphone \u0648 ChlQ9 . \u0648 swarsa \u0648\u0633\u062a\u064a\u0631\u064a\u0648 \u062f\u0627\u062e\u0644 \u0623\u062f\u0646 .<\/p>\n","protected":false},"excerpt":{"rendered":"<p>\u0633\u0645\u0627\u0639\u0627\u062a \u0623\u062f\u0646 \u0644\u0627\u0633\u0644\u0643\u064a\u0629 hoco \u0623\u0635\u0644\u064a\u0629 \u0628\u0644\u0648\u062a\u0648\u062a . \u0633\u0645\u0627\u0639\u0627\u062a \u0623\u062f\u0646 \u0631\u064a\u0627\u0636\u064a\u0629 \u0645\u0636\u0627\u062f\u0629 \u0644\u0644\u0645\u0627\u0621 \u0644\u0647\u0627\u062a\u0641 iphone \u0648 ChlQ9 . \u0648 swarsa \u0648\u0633\u062a\u064a\u0631\u064a\u0648<\/p>\n","protected":false},"featured_media":4179,"comment_status":"open","ping_status":"closed","template":"","meta":{"om_disable_all_campaigns":false,"_monsterinsights_skip_tracking":false,"_monsterinsights_sitenote_active":false,"_monsterinsights_sitenote_note":"","_monsterinsights_sitenote_category":0,"iawp_total_views":289},"product_cat":[39],"product_tag":[70],"class_list":{"0":"post-4178","1":"product","2":"type-product","3":"status-publish","4":"has-post-thumbnail","6":"product_cat-headphone","7":"product_tag-hoco","9":"first","10":"instock","11":"sale","12":"taxable","13":"shipping-taxable","14":"purchasable","15":"product-type-variable"},"aioseo_notices":[],"jetpack-related-posts":[{"id":4225,"url":"https:\/\/bonprix-dz.com\/?product=hoco-m101-pro","url_meta":{"origin":4178,"position":0},"title":"Hoco M101 Pro","author":"bonprix-dz.com","date":"\u064a\u0648\u0644\u064a\u0648 11, 2024","format":false,"excerpt":"\u0645\u0639\u0644\u0648\u0645\u0627\u062a : \u0645\u0643\u0628\u0631 \u0627\u0644\u0635\u0648\u062a: 10 \u0645\u0644\u0645 \u0627\u0644\u0637\u0648\u0644: 1.2 \u0645\u061b \u0627\u0644\u0648\u0632\u0646: 29 \u062c\u0631\u0627\u0645 \u0646\u0648\u0639 \u0627\u0644\u0645\u0643\u0648\u0646\u0627\u062a: \u0627\u0644\u0646\u0648\u0639 C \u062f\u0639\u0645 \u0627\u0644\u062a\u062d\u0643\u0645 \u0641\u064a \u0627\u0644\u0623\u0633\u0644\u0627\u0643\u060c \u0648\u0632\u064a\u0627\u062f\u0629 \u0648\u062e\u0641\u0636 \u0645\u0633\u062a\u0648\u0649 \u0627\u0644\u0635\u0648\u062a\u060c \u0648\u0627\u0644\u0645\u0643\u0627\u0644\u0645\u0627\u062a \u062f\u0639\u0645 Huawei \u0648Xiaomi \u0648OnePlus \u0648iPad Pro\/iPad Air \u0645\u0639 \u0648\u0627\u062c\u0647\u0629 Type-C","rel":"","context":"\u062a\u062f\u0648\u064a\u0646\u0629 \u0645\u0634\u0627\u0628\u0647\u0629","block_context":{"text":"\u062a\u062f\u0648\u064a\u0646\u0629 \u0645\u0634\u0627\u0628\u0647\u0629","link":""},"img":{"alt_text":"","src":"https:\/\/i0.wp.com\/bonprix-dz.com\/wp-content\/uploads\/2024\/07\/41ErCp-rlSL._AC_SL1024_.jpg?fit=969%2C567&ssl=1&resize=350%2C200","width":350,"height":200,"srcset":"https:\/\/i0.wp.com\/bonprix-dz.com\/wp-content\/uploads\/2024\/07\/41ErCp-rlSL._AC_SL1024_.jpg?fit=969%2C567&ssl=1&resize=350%2C200 1x, https:\/\/i0.wp.com\/bonprix-dz.com\/wp-content\/uploads\/2024\/07\/41ErCp-rlSL._AC_SL1024_.jpg?fit=969%2C567&ssl=1&resize=525%2C300 1.5x, https:\/\/i0.wp.com\/bonprix-dz.com\/wp-content\/uploads\/2024\/07\/41ErCp-rlSL._AC_SL1024_.jpg?fit=969%2C567&ssl=1&resize=700%2C400 2x"},"classes":[]},{"id":4087,"url":"https:\/\/bonprix-dz.com\/?product=hoco-ew60","url_meta":{"origin":4178,"position":1},"title":"Hoco EW60","author":"bonprix-dz.com","date":"\u064a\u0648\u0646\u064a\u0648 6, 2024","format":false,"excerpt":"","rel":"","context":"\u062a\u062f\u0648\u064a\u0646\u0629 \u0645\u0634\u0627\u0628\u0647\u0629","block_context":{"text":"\u062a\u062f\u0648\u064a\u0646\u0629 \u0645\u0634\u0627\u0628\u0647\u0629","link":""},"img":{"alt_text":"","src":"https:\/\/i0.wp.com\/bonprix-dz.com\/wp-content\/uploads\/2024\/06\/10884033181300517569.jpg?fit=800%2C800&ssl=1&resize=350%2C200","width":350,"height":200,"srcset":"https:\/\/i0.wp.com\/bonprix-dz.com\/wp-content\/uploads\/2024\/06\/10884033181300517569.jpg?fit=800%2C800&ssl=1&resize=350%2C200 1x, https:\/\/i0.wp.com\/bonprix-dz.com\/wp-content\/uploads\/2024\/06\/10884033181300517569.jpg?fit=800%2C800&ssl=1&resize=525%2C300 1.5x, https:\/\/i0.wp.com\/bonprix-dz.com\/wp-content\/uploads\/2024\/06\/10884033181300517569.jpg?fit=800%2C800&ssl=1&resize=700%2C400 2x"},"classes":[]},{"id":3270,"url":"https:\/\/bonprix-dz.com\/?product=hoco-casque-decoute-stereo-w41","url_meta":{"origin":4178,"position":2},"title":"HOCO \u2013  W41","author":"bonprix-dz.com","date":"\u0633\u0628\u062a\u0645\u0628\u0631 25, 2023","format":false,"excerpt":"\u00a0HOCO W41 \u0633\u0645\u0627\u0639\u0627\u062a \u0645\u064a\u0632\u0629 1. \u0628\u0644\u0648\u062a\u0648\u062b 5.3 \u061b \u0631\u0642\u0627\u0642\u0629: JL AC6955F 2. \u0633\u0639\u0629 \u0627\u0644\u0628\u0637\u0627\u0631\u064a\u0629: 200mAh \u061b \u0648\u0642\u062a \u0627\u0644\u0634\u062d\u0646: \u062d\u0648\u0627\u0644\u064a 2 \u0633\u0627\u0639\u0629 3. \u0648\u0642\u062a \u0627\u0644\u062e\u062f\u0645\u0629: 7 \u0633\u0627\u0639\u0627\u062a \u061b \u0648\u0642\u062a \u0627\u0644\u0627\u0646\u062a\u0638\u0627\u0631: 120 \u0633\u0627\u0639\u0629 4. Size: 182*170*71 \u0645\u0644\u0644\u064a \u0645\u062a\u0631 \u061b \u0627\u0644\u0648\u0632\u0646: 157g 5. Support \u0628\u0644\u0648\u062a\u0648\u062b \u060c \u0628\u0637\u0627\u0642\u0629 \u062a\u0641 \u0648\u0648\u0636\u0639 \u0623\u0648\u0643\u0633 6. Support \u0644\u0647\u062c\u0629\u2026","rel":"","context":"\u062a\u062f\u0648\u064a\u0646\u0629 \u0645\u0634\u0627\u0628\u0647\u0629","block_context":{"text":"\u062a\u062f\u0648\u064a\u0646\u0629 \u0645\u0634\u0627\u0628\u0647\u0629","link":""},"img":{"alt_text":"","src":"https:\/\/i0.wp.com\/bonprix-dz.com\/wp-content\/uploads\/2023\/09\/303572236-462566177.jpg?fit=800%2C800&ssl=1&resize=350%2C200","width":350,"height":200,"srcset":"https:\/\/i0.wp.com\/bonprix-dz.com\/wp-content\/uploads\/2023\/09\/303572236-462566177.jpg?fit=800%2C800&ssl=1&resize=350%2C200 1x, https:\/\/i0.wp.com\/bonprix-dz.com\/wp-content\/uploads\/2023\/09\/303572236-462566177.jpg?fit=800%2C800&ssl=1&resize=525%2C300 1.5x, https:\/\/i0.wp.com\/bonprix-dz.com\/wp-content\/uploads\/2023\/09\/303572236-462566177.jpg?fit=800%2C800&ssl=1&resize=700%2C400 2x"},"classes":[]},{"id":4093,"url":"https:\/\/bonprix-dz.com\/?product=hoco-ew60-plus","url_meta":{"origin":4178,"position":3},"title":"Hoco EW60 Plus","author":"bonprix-dz.com","date":"\u064a\u0648\u0646\u064a\u0648 6, 2024","format":false,"excerpt":"","rel":"","context":"\u062a\u062f\u0648\u064a\u0646\u0629 \u0645\u0634\u0627\u0628\u0647\u0629","block_context":{"text":"\u062a\u062f\u0648\u064a\u0646\u0629 \u0645\u0634\u0627\u0628\u0647\u0629","link":""},"img":{"alt_text":"","src":"https:\/\/i0.wp.com\/bonprix-dz.com\/wp-content\/uploads\/2024\/06\/1253979428465310933.jpg?fit=800%2C800&ssl=1&resize=350%2C200","width":350,"height":200,"srcset":"https:\/\/i0.wp.com\/bonprix-dz.com\/wp-content\/uploads\/2024\/06\/1253979428465310933.jpg?fit=800%2C800&ssl=1&resize=350%2C200 1x, https:\/\/i0.wp.com\/bonprix-dz.com\/wp-content\/uploads\/2024\/06\/1253979428465310933.jpg?fit=800%2C800&ssl=1&resize=525%2C300 1.5x, https:\/\/i0.wp.com\/bonprix-dz.com\/wp-content\/uploads\/2024\/06\/1253979428465310933.jpg?fit=800%2C800&ssl=1&resize=700%2C400 2x"},"classes":[]},{"id":4588,"url":"https:\/\/bonprix-dz.com\/?product=hoco-eq11","url_meta":{"origin":4178,"position":4},"title":"HOCO EQ11","author":"bonprix-dz.com","date":"\u0623\u0643\u062a\u0648\u0628\u0631 7, 2024","format":false,"excerpt":"\u0646\u0638\u0631\u0629 \u0639\u0627\u0645\u0629 \u00a0 HOCO EQ11 \u0635\u062d\u064a\u062d \u0627\u0644\u0644\u0627\u0633\u0644\u0643\u064a\u0629 ANC \u0627\u0644\u062d\u062f \u0645\u0646 \u0627\u0644\u0636\u0648\u0636\u0627\u0621 \u0633\u0645\u0627\u0639\u0629 \u0628\u0644\u0648\u062a\u0648\u062b \u0627\u0644\u0645\u062f\u0645\u062c \u0641\u064a \u0645\u064a\u0643\u0631\u0648\u0641\u0648\u0646 \u0627\u0644\u062a\u062d\u0643\u0645 \u0628\u0627\u0644\u0644\u0645\u0633 \u0633\u0645\u0627\u0639\u0627\u062a \u0623\u0630\u0646 \u0633\u062a\u064a\u0631\u064a\u0648 \u062f\u0627\u062e\u0644 \u0627\u0644\u0623\u0630\u0646 \u0627\u0644\u0645\u0645\u064a\u0632\u0627\u062a : 1. \u0645\u0648\u0627\u0635\u0641\u0627\u062a \u0627\u0644\u0628\u0644\u0648\u062a\u0648\u062b: \u0628\u0644\u0648\u062a\u0648\u062b V5.3\u060c \u062c\u064a\u0644\u064a AC6973D4 \u0628\u0631\u0648\u062a\u0648\u0643\u0648\u0644 \u0627\u0644\u062f\u0639\u0645: \u0633\u0645\u0627\u0639\u0629 \u0627\u0644\u0631\u0623\u0633 \u0628\u062f\u0648\u0646 \u0627\u0633\u062a\u062e\u062f\u0627\u0645 \u0627\u0644\u064a\u062f\u064a\u0646 A2DPAvrcp 2. \u0646\u0637\u0627\u0642 \u0627\u0644\u0625\u0631\u0633\u0627\u0644 10 \u0623\u0645\u062a\u0627\u0631 \u0645\u0639\u062f\u0644 \u0627\u0644\u0625\u0631\u0633\u0627\u0644 24 \u062c\u064a\u062c\u0627 \u0647\u0631\u062a\u0632\u2026","rel":"","context":"\u062a\u062f\u0648\u064a\u0646\u0629 \u0645\u0634\u0627\u0628\u0647\u0629","block_context":{"text":"\u062a\u062f\u0648\u064a\u0646\u0629 \u0645\u0634\u0627\u0628\u0647\u0629","link":""},"img":{"alt_text":"","src":"https:\/\/i0.wp.com\/bonprix-dz.com\/wp-content\/uploads\/2024\/10\/S19d4ca8da0324693b0b32c8c4cef3074f.avif?resize=350%2C200&ssl=1","width":350,"height":200,"srcset":"https:\/\/i0.wp.com\/bonprix-dz.com\/wp-content\/uploads\/2024\/10\/S19d4ca8da0324693b0b32c8c4cef3074f.avif?resize=350%2C200&ssl=1 1x, https:\/\/i0.wp.com\/bonprix-dz.com\/wp-content\/uploads\/2024\/10\/S19d4ca8da0324693b0b32c8c4cef3074f.avif?resize=525%2C300&ssl=1 1.5x, https:\/\/i0.wp.com\/bonprix-dz.com\/wp-content\/uploads\/2024\/10\/S19d4ca8da0324693b0b32c8c4cef3074f.avif?resize=700%2C400&ssl=1 2x"},"classes":[]},{"id":3630,"url":"https:\/\/bonprix-dz.com\/?product=hoco-ew46","url_meta":{"origin":4178,"position":5},"title":"Hoco EW46","author":"bonprix-dz.com","date":"\u0641\u0628\u0631\u0627\u064a\u0631 17, 2024","format":false,"excerpt":"\u00c9couteurs Sans Fil EW46 TWS Bluetooth 5.3 forme de Chat. Les \u00e9couteurs Bluetooth TWS\u00a0 de hoco offrent un son net et tenace. Capacit\u00e9 de la batterie : \u00e9tui de charge 350 mAh, casque 35 mAh. Prise en charge de la fen\u00eatre contextuelle POP-UP.","rel":"","context":"\u062a\u062f\u0648\u064a\u0646\u0629 \u0645\u0634\u0627\u0628\u0647\u0629","block_context":{"text":"\u062a\u062f\u0648\u064a\u0646\u0629 \u0645\u0634\u0627\u0628\u0647\u0629","link":""},"img":{"alt_text":"","src":"https:\/\/i0.wp.com\/bonprix-dz.com\/wp-content\/uploads\/2024\/02\/bonp.png?fit=497%2C493&ssl=1&resize=350%2C200","width":350,"height":200},"classes":[]}],"_links":{"self":[{"href":"https:\/\/bonprix-dz.com\/index.php?rest_route=\/wp\/v2\/product\/4178","targetHints":{"allow":["GET"]}}],"collection":[{"href":"https:\/\/bonprix-dz.com\/index.php?rest_route=\/wp\/v2\/product"}],"about":[{"href":"https:\/\/bonprix-dz.com\/index.php?rest_route=\/wp\/v2\/types\/product"}],"replies":[{"embeddable":true,"href":"https:\/\/bonprix-dz.com\/index.php?rest_route=%2Fwp%2Fv2%2Fcomments&post=4178"}],"version-history":[{"count":1,"href":"https:\/\/bonprix-dz.com\/index.php?rest_route=\/wp\/v2\/product\/4178\/revisions"}],"predecessor-version":[{"id":4184,"href":"https:\/\/bonprix-dz.com\/index.php?rest_route=\/wp\/v2\/product\/4178\/revisions\/4184"}],"wp:featuredmedia":[{"embeddable":true,"href":"https:\/\/bonprix-dz.com\/index.php?rest_route=\/wp\/v2\/media\/4179"}],"wp:attachment":[{"href":"https:\/\/bonprix-dz.com\/index.php?rest_route=%2Fwp%2Fv2%2Fmedia&parent=4178"}],"wp:term":[{"taxonomy":"product_cat","embeddable":true,"href":"https:\/\/bonprix-dz.com\/index.php?rest_route=%2Fwp%2Fv2%2Fproduct_cat&post=4178"},{"taxonomy":"product_tag","embeddable":true,"href":"https:\/\/bonprix-dz.com\/index.php?rest_route=%2Fwp%2Fv2%2Fproduct_tag&post=4178"}],"curies":[{"name":"wp","href":"https:\/\/api.w.org\/{rel}","templated":true}]}}