{"id":42,"date":"2017-06-14T08:07:28","date_gmt":"2017-06-14T08:07:28","guid":{"rendered":"http:\/\/dummy.xtemos.com\/woodmart\/?post_type=product&#038;p=42"},"modified":"2025-10-24T12:32:14","modified_gmt":"2025-10-24T12:32:14","slug":"wooden-single-drawer","status":"publish","type":"product","link":"https:\/\/bonprix-dz.com\/?product=wooden-single-drawer","title":{"rendered":"QMDZ Narrow Border 15.6-inch"},"content":{"rendered":"<p align=\"start\"><span id=\"tl_23\">\u0648\u062d\u062f\u0629 \u0627\u0644\u0645\u0639\u0627\u0644\u062c\u0629 \u0627\u0644\u0645\u0631\u0643\u0632\u064a\u0629: \u062c\u064a\u0644 \u0625\u0646\u062a\u0644 \u0633\u064a\u0644\u064a\u0631\u0648\u0646 N5095<\/span><\/p>\n<p align=\"start\"><span id=\"tl_24\">\u0648\u062d\u062f\u0629 \u0645\u0639\u0627\u0644\u062c\u0629 \u0627\u0644\u0631\u0633\u0648\u0645\u0627\u062a: \u0625\u0646\u062a\u0644 \u0647\u062f \u0628\u0637\u0627\u0642\u0629 \u0627\u0644\u0631\u0633\u0648\u0645\u0627\u062a<\/span><\/p>\n<p align=\"start\"><span id=\"tl_25\">\u0627\u0644\u0630\u0627\u0643\u0631\u0629: 16GB + \/ 256GB \/512GB\/1 \u062a\u064a\u0631\u0627 \u0628\u0627\u064a\u062a\/2 \u062a\u064a\u0631\u0627 \u0628\u0627\u064a\u062a<\/span><\/p>\n<p align=\"start\"><span id=\"tl_26\">\u0646\u0638\u0627\u0645 \u0627\u0644\u062a\u0634\u063a\u064a\u0644: \u0648\u064a\u0646\u062f\u0648\u0632 10\/\u0648\u064a\u0646\u062f\u0648\u0632 11<\/span><\/p>\n<p align=\"start\"><span id=\"tl_27\">\u0627\u0644\u0643\u0627\u0645\u064a\u0631\u0627: \u0627\u0644\u062c\u0628\u0647\u0629 0.3MP<\/span><\/p>\n<p align=\"start\"><span id=\"tl_28\">HDMI\/\u0644\u0648\u062d\u0629 \u0627\u0644\u0645\u0641\u0627\u062a\u064a\u062d \u0627\u0644\u062e\u0644\u0641\u064a\u0629\/\u0628\u0644\u0648\u062a\u0648\u062b 4.0\/\u0625\u0646\u062a\u0644 2.4G\/5G \u062b\u0646\u0627\u0626\u064a \u0627\u0644\u0642\u0646\u0627\u0629 \u0648\u0627\u064a \u0641\u0627\u064a \u060c BT 4.0<\/span><\/p>\n<p align=\"start\"><span id=\"tl_29\">\u062e\u064a\u0627\u0631\u0627\u062a \u0627\u0644\u062a\u0643\u0648\u064a\u0646<\/span><span id=\"tl_30\" data-spm-anchor-id=\"a2g0o.detail.1000023.i3.3ea3aJdraJdrSX\"><br \/>\n\u0630\u0627\u0643\u0631\u0629 \u0627\u0644\u0648\u0635\u0648\u0644 \u0627\u0644\u0639\u0634\u0648\u0627\u0626\u064a N5095 16GB DDR4<\/span><\/p>\n","protected":false},"excerpt":{"rendered":"<p>\u0648\u062d\u062f\u0629 \u0627\u0644\u0645\u0639\u0627\u0644\u062c\u0629 \u0627\u0644\u0645\u0631\u0643\u0632\u064a\u0629: \u062c\u064a\u0644 \u0625\u0646\u062a\u0644 \u0633\u064a\u0644\u064a\u0631\u0648\u0646 N5095 \u0648\u062d\u062f\u0629 \u0645\u0639\u0627\u0644\u062c\u0629 \u0627\u0644\u0631\u0633\u0648\u0645\u0627\u062a: \u0625\u0646\u062a\u0644 \u0647\u062f \u0628\u0637\u0627\u0642\u0629 \u0627\u0644\u0631\u0633\u0648\u0645\u0627\u062a \u0627\u0644\u0630\u0627\u0643\u0631\u0629: 16GB + \/ 256GB \/512GB\/1<\/p>\n","protected":false},"featured_media":3044,"comment_status":"open","ping_status":"closed","template":"","meta":{"om_disable_all_campaigns":false,"_monsterinsights_skip_tracking":false,"_monsterinsights_sitenote_active":false,"_monsterinsights_sitenote_note":"","_monsterinsights_sitenote_category":0,"iawp_total_views":40},"product_cat":[37],"product_tag":[],"class_list":{"0":"post-42","1":"product","2":"type-product","3":"status-publish","4":"has-post-thumbnail","6":"product_cat-37","8":"first","9":"instock","10":"taxable","11":"shipping-taxable","12":"purchasable","13":"product-type-simple"},"aioseo_notices":[],"jetpack-related-posts":[{"id":47,"url":"https:\/\/bonprix-dz.com\/?product=panton-tunior-chair","url_meta":{"origin":42,"position":0},"title":"\u0647\u0627\u062a\u0641 Realme 10 Pro Plus 5G","author":"bonprix-dz.com","date":"\u064a\u0648\u0646\u064a\u0648 14, 2017","format":false,"excerpt":"Placerat tempor dolor eu leo ullamcorper et magnis habitant ultrices consectetur arcu nulla mattis fermentum adipiscing a et bibendum sed platea malesuada eget vestibulum.","rel":"","context":"\u062a\u062f\u0648\u064a\u0646\u0629 \u0645\u0634\u0627\u0628\u0647\u0629","block_context":{"text":"\u062a\u062f\u0648\u064a\u0646\u0629 \u0645\u0634\u0627\u0628\u0647\u0629","link":""},"img":{"alt_text":"","src":"https:\/\/i0.wp.com\/bonprix-dz.com\/wp-content\/uploads\/2017\/06\/Realme-Smartphone-10-Pro-1-square_medium.jpg?fit=1000%2C1000&ssl=1&resize=350%2C200","width":350,"height":200,"srcset":"https:\/\/i0.wp.com\/bonprix-dz.com\/wp-content\/uploads\/2017\/06\/Realme-Smartphone-10-Pro-1-square_medium.jpg?fit=1000%2C1000&ssl=1&resize=350%2C200 1x, https:\/\/i0.wp.com\/bonprix-dz.com\/wp-content\/uploads\/2017\/06\/Realme-Smartphone-10-Pro-1-square_medium.jpg?fit=1000%2C1000&ssl=1&resize=525%2C300 1.5x, https:\/\/i0.wp.com\/bonprix-dz.com\/wp-content\/uploads\/2017\/06\/Realme-Smartphone-10-Pro-1-square_medium.jpg?fit=1000%2C1000&ssl=1&resize=700%2C400 2x"},"classes":[]},{"id":4612,"url":"https:\/\/bonprix-dz.com\/?product=gamepad-v13","url_meta":{"origin":42,"position":1},"title":"GamePad V13","author":"bonprix-dz.com","date":"\u0623\u0643\u062a\u0648\u0628\u0631 12, 2024","format":false,"excerpt":"\u0648\u062d\u062f\u0629 \u062a\u062d\u0643\u0645 \u0627\u0644\u0623\u0644\u0639\u0627\u0628 \u0627\u0644\u0644\u0627\u0633\u0644\u0643\u064a\u0629 V13 \u0644\u0643\u0644 \u0627\u0644\u0623\u062c\u0647\u0632\u0629 Contr\u00f4leur de jeu sans fil V13 pour Windows, PC, IOS, Mfi, Android, PS3, t\u00e9l\u00e9phone portable \u00a0 \u0645\u062a\u0648\u0627\u0641\u0642 \u0645\u0639: \u062a\u062f\u0639\u0645 \u0644\u0648\u062d\u0629 \u0627\u0644\u0623\u0644\u0639\u0627\u0628 \u062a\u0634\u063a\u064a\u0644 \u0627\u0644\u0623\u0644\u0639\u0627\u0628 \u0639\u0644\u0649 \u0627\u0644\u0647\u0648\u0627\u062a\u0641 \u0627\u0644\u0645\u062d\u0645\u0648\u0644\u0629 \u0627\u0644\u062a\u064a \u062a\u0639\u0645\u0644 \u0628\u0646\u0638\u0627\u0645 Android\/Windows\/PC \u0648\u0648\u062d\u062f\u0629 \u0627\u0644\u062a\u062d\u0643\u0645 PS3 \u0627\u0644\u062a\u064a \u062a\u062f\u0639\u0645 \u062a\u0642\u0646\u064a\u0629 Bluetooth. \u0644\u0627 \u062d\u0627\u062c\u0629 \u0625\u0644\u0649 \u0628\u0631\u0646\u0627\u0645\u062c \u062a\u0634\u063a\u064a\u0644. \u064a\u0645\u0643\u0646\u2026","rel":"","context":"\u062a\u062f\u0648\u064a\u0646\u0629 \u0645\u0634\u0627\u0628\u0647\u0629","block_context":{"text":"\u062a\u062f\u0648\u064a\u0646\u0629 \u0645\u0634\u0627\u0628\u0647\u0629","link":""},"img":{"alt_text":"","src":"https:\/\/i0.wp.com\/bonprix-dz.com\/wp-content\/uploads\/2024\/10\/H9f92a23150714eed9560f030ba0ae3fdQ.jpg_720x720q50.avif?resize=350%2C200&ssl=1","width":350,"height":200,"srcset":"https:\/\/i0.wp.com\/bonprix-dz.com\/wp-content\/uploads\/2024\/10\/H9f92a23150714eed9560f030ba0ae3fdQ.jpg_720x720q50.avif?resize=350%2C200&ssl=1 1x, https:\/\/i0.wp.com\/bonprix-dz.com\/wp-content\/uploads\/2024\/10\/H9f92a23150714eed9560f030ba0ae3fdQ.jpg_720x720q50.avif?resize=525%2C300&ssl=1 1.5x, https:\/\/i0.wp.com\/bonprix-dz.com\/wp-content\/uploads\/2024\/10\/H9f92a23150714eed9560f030ba0ae3fdQ.jpg_720x720q50.avif?resize=700%2C400&ssl=1 2x"},"classes":[]},{"id":4444,"url":"https:\/\/bonprix-dz.com\/?product=hoco-ew-61","url_meta":{"origin":42,"position":2},"title":"Hoco EW 61","author":"bonprix-dz.com","date":"\u0623\u063a\u0633\u0637\u0633 18, 2024","format":false,"excerpt":"EW61 June\u060c \u0633\u0645\u0627\u0639\u0629 TWS\u060c BT v5.3\u060c \u0628\u0637\u0627\u0631\u064a\u0629 \u0639\u0644\u0628\u0629 \u0627\u0644\u0634\u062d\u0646 320 \u0645\u0644\u0644\u064a \u0623\u0645\u0628\u064a\u0631\u060c \u0628\u0637\u0627\u0631\u064a\u0629 \u0633\u0645\u0627\u0639\u0629 \u0627\u0644\u0631\u0623\u0633 40 \u0645\u0644\u0644\u064a \u0623\u0645\u0628\u064a\u0631\u060c 7 \u0633\u0627\u0639\u0627\u062a \u0645\u0646 \u0627\u0644\u0627\u0633\u062a\u062e\u062f\u0627\u0645 \u0648180 \u0633\u0627\u0639\u0629 \u0641\u064a \u0648\u0636\u0639 \u0627\u0644\u0627\u0633\u062a\u0639\u062f\u0627\u062f 1. \u0625\u0635\u062f\u0627\u0631 BT: v5.3. \u0627\u0644\u0634\u0631\u064a\u062d\u0629: JL AC6983D2. 2. \u0627\u0644\u0628\u0631\u0648\u062a\u0648\u0643\u0648\u0644\u0627\u062a \u0627\u0644\u0645\u062f\u0639\u0648\u0645\u0629: \u0633\u0645\u0627\u0639\u0629 \u0627\u0644\u0631\u0623\u0633\u060c \u062d\u0631 \u0627\u0644\u064a\u062f\u064a\u0646\u060c A2DP\u060c AVRCP. 3. \u0645\u0633\u0627\u0641\u0629 \u0627\u0644\u0625\u0631\u0633\u0627\u0644: 10 \u0623\u0645\u062a\u0627\u0631. 4. \u062a\u0631\u062f\u062f\u2026","rel":"","context":"\u062a\u062f\u0648\u064a\u0646\u0629 \u0645\u0634\u0627\u0628\u0647\u0629","block_context":{"text":"\u062a\u062f\u0648\u064a\u0646\u0629 \u0645\u0634\u0627\u0628\u0647\u0629","link":""},"img":{"alt_text":"","src":"https:\/\/i0.wp.com\/bonprix-dz.com\/wp-content\/uploads\/2024\/08\/1000026793.jpg?fit=800%2C800&ssl=1&resize=350%2C200","width":350,"height":200,"srcset":"https:\/\/i0.wp.com\/bonprix-dz.com\/wp-content\/uploads\/2024\/08\/1000026793.jpg?fit=800%2C800&ssl=1&resize=350%2C200 1x, https:\/\/i0.wp.com\/bonprix-dz.com\/wp-content\/uploads\/2024\/08\/1000026793.jpg?fit=800%2C800&ssl=1&resize=525%2C300 1.5x, https:\/\/i0.wp.com\/bonprix-dz.com\/wp-content\/uploads\/2024\/08\/1000026793.jpg?fit=800%2C800&ssl=1&resize=700%2C400 2x"},"classes":[]},{"id":4474,"url":"https:\/\/bonprix-dz.com\/?product=hoco-ew28-gaming","url_meta":{"origin":42,"position":3},"title":"hoco EW28 gaming","author":"bonprix-dz.com","date":"\u0633\u0628\u062a\u0645\u0628\u0631 2, 2024","format":false,"excerpt":"\u0633\u0645\u0627\u0639\u0629 EW28 Magic TWS\u060c BT v5.3\u060c \u0634\u0631\u064a\u062d\u0629 \u0623\u0644\u0639\u0627\u0628 \u0630\u0627\u062a \u0632\u0645\u0646 \u0627\u0646\u062a\u0642\u0627\u0644 \u0645\u0646\u062e\u0641\u0636 60 \u0645\u0644\u0644\u064a \u062b\u0627\u0646\u064a\u0629\u060c 7 \u0633\u0627\u0639\u0627\u062a \u0645\u0646 \u0627\u0644\u0627\u0633\u062a\u062e\u062f\u0627\u0645 \u0648200 \u0633\u0627\u0639\u0629 \u0641\u064a \u0648\u0636\u0639 \u0627\u0644\u0627\u0633\u062a\u0639\u062f\u0627\u062f 1. \u0625\u0635\u062f\u0627\u0631 BT: v5.3. \u0627\u0644\u0634\u0631\u064a\u062d\u0629: JL AC6983D4. 2. \u0627\u0644\u0628\u0631\u0648\u062a\u0648\u0643\u0648\u0644\u0627\u062a \u0627\u0644\u0645\u062f\u0639\u0648\u0645\u0629: \u0633\u0645\u0627\u0639\u0629 \u0627\u0644\u0631\u0623\u0633\u060c \u062d\u0631 \u0627\u0644\u064a\u062f\u064a\u0646\u060c A2DP\u060c AVRCP. 3. \u0645\u0633\u0627\u0641\u0629 \u0627\u0644\u0625\u0631\u0633\u0627\u0644: 10 \u0645. 4. \u062a\u0631\u062f\u062f \u0627\u0644\u0625\u0631\u0633\u0627\u0644: 2.4 \u0647\u0631\u062a\u0632.\u2026","rel":"","context":"\u062a\u062f\u0648\u064a\u0646\u0629 \u0645\u0634\u0627\u0628\u0647\u0629","block_context":{"text":"\u062a\u062f\u0648\u064a\u0646\u0629 \u0645\u0634\u0627\u0628\u0647\u0629","link":""},"img":{"alt_text":"","src":"https:\/\/i0.wp.com\/bonprix-dz.com\/wp-content\/uploads\/2024\/09\/1000027307.jpg?fit=800%2C800&ssl=1&resize=350%2C200","width":350,"height":200,"srcset":"https:\/\/i0.wp.com\/bonprix-dz.com\/wp-content\/uploads\/2024\/09\/1000027307.jpg?fit=800%2C800&ssl=1&resize=350%2C200 1x, https:\/\/i0.wp.com\/bonprix-dz.com\/wp-content\/uploads\/2024\/09\/1000027307.jpg?fit=800%2C800&ssl=1&resize=525%2C300 1.5x, https:\/\/i0.wp.com\/bonprix-dz.com\/wp-content\/uploads\/2024\/09\/1000027307.jpg?fit=800%2C800&ssl=1&resize=700%2C400 2x"},"classes":[]},{"id":3262,"url":"https:\/\/bonprix-dz.com\/?product=pack-w26-pro-max","url_meta":{"origin":42,"position":4},"title":"Pack W26 PRO MAX","author":"bonprix-dz.com","date":"\u0633\u0628\u062a\u0645\u0628\u0631 25, 2023","format":false,"excerpt":"\u0627\u0644\u062e\u0635\u0627\u0626\u0635 \u0627\u0644\u0631\u0626\u064a\u0633\u064a\u0629 \u062d\u062c\u0645 \u0634\u0627\u0634\u0629 \u0627\u0644\u0644\u0645\u0633: 1.75 \u0628\u0648\u0635\u0629 \u062f\u0642\u0629 \u0627\u0644\u0634\u0627\u0634\u0629: 240 \u00d7 240 \u0627\u0644\u0647\u064a\u0643\u0644: 44 \u0645\u0644\u0645 \u0645\u0646 \u0627\u0644\u0641\u0648\u0644\u0627\u0630 \u0627\u0644\u0645\u0642\u0627\u0648\u0645 \u0644\u0644\u0635\u062f\u0623 \u0625\u0635\u062f\u0627\u0631 \u0627\u0644\u0628\u0644\u0648\u062a\u0648\u062b: \u0628\u0644\u0648\u062a\u0648\u062b 4.0 IP67: \u0645\u0642\u0627\u0648\u0645\u0629 \u0644\u0644\u0645\u0627\u0621 \u0627\u0644\u062d\u0632\u0627\u0645: \u0633\u064a\u0644\u064a\u0643\u0648\u0646 \u0627\u0644\u0628\u0637\u0627\u0631\u064a\u0629: 220 \u0645\u0644\u0644\u064a \u0623\u0645\u0628\u064a\u0631 \u0627\u0644\u0648\u0638\u064a\u0641\u0629: \u0642\u064a\u0627\u0633 \u0645\u0639\u062f\u0644 \u0636\u0631\u0628\u0627\u062a \u0627\u0644\u0642\u0644\u0628\u060c \u0627\u0644\u062a\u0646\u0628\u064a\u0647\u060c \u0627\u0644\u0645\u0633\u0627\u0641\u0629 \u0627\u0644\u0645\u0642\u0637\u0648\u0639\u0629\u060c \u0639\u062f\u0627\u062f \u0627\u0644\u062e\u0637\u0648\u0627\u062a\u060c \u0627\u0644\u0628\u062d\u062b \u0639\u0646 \u0647\u0627\u062a\u0641 \u0630\u0643\u064a\u060c \u0639\u062f\u0627\u062f \u062d\u0631\u0642 \u0627\u0644\u0633\u0639\u0631\u0627\u062a \u0627\u0644\u062d\u0631\u0627\u0631\u064a\u0629\u060c\u2026","rel":"","context":"\u062a\u062f\u0648\u064a\u0646\u0629 \u0645\u0634\u0627\u0628\u0647\u0629","block_context":{"text":"\u062a\u062f\u0648\u064a\u0646\u0629 \u0645\u0634\u0627\u0628\u0647\u0629","link":""},"img":{"alt_text":"","src":"https:\/\/i0.wp.com\/bonprix-dz.com\/wp-content\/uploads\/2023\/09\/W26-1.png?fit=800%2C800&ssl=1&resize=350%2C200","width":350,"height":200,"srcset":"https:\/\/i0.wp.com\/bonprix-dz.com\/wp-content\/uploads\/2023\/09\/W26-1.png?fit=800%2C800&ssl=1&resize=350%2C200 1x, https:\/\/i0.wp.com\/bonprix-dz.com\/wp-content\/uploads\/2023\/09\/W26-1.png?fit=800%2C800&ssl=1&resize=525%2C300 1.5x, https:\/\/i0.wp.com\/bonprix-dz.com\/wp-content\/uploads\/2023\/09\/W26-1.png?fit=800%2C800&ssl=1&resize=700%2C400 2x"},"classes":[]},{"id":3407,"url":"https:\/\/bonprix-dz.com\/?product=watch-8-ultra-apple-logo","url_meta":{"origin":42,"position":5},"title":"Watch 8 Ultra Apple Logo","author":"bonprix-dz.com","date":"\u0623\u0643\u062a\u0648\u0628\u0631 12, 2023","format":false,"excerpt":"Specification: Watch Size: 49*43*11mm Strap Size: 42\/44mm\/45mm Straps Screen Size: 2.05 inch TFT Screen, 420*485 HD Pixels CPU: SC7R30 Flash : 128 bits Bluetooth Version: BT2.1+EDR+BLE5.2 HR Sensor: 8LED\/HRS3301DS light Trumpet: Large magnet Microphone: Anti-noise microphone Motor: High quality motor Battery: 380mAh Li-ion battery Charger Specifications : Wireless charger Battery\u2026","rel":"","context":"\u062a\u062f\u0648\u064a\u0646\u0629 \u0645\u0634\u0627\u0628\u0647\u0629","block_context":{"text":"\u062a\u062f\u0648\u064a\u0646\u0629 \u0645\u0634\u0627\u0628\u0647\u0629","link":""},"img":{"alt_text":"","src":"https:\/\/i0.wp.com\/bonprix-dz.com\/wp-content\/uploads\/2023\/10\/download.gif?fit=1200%2C1200&ssl=1&resize=350%2C200","width":350,"height":200,"srcset":"https:\/\/i0.wp.com\/bonprix-dz.com\/wp-content\/uploads\/2023\/10\/download.gif?fit=1200%2C1200&ssl=1&resize=350%2C200 1x, https:\/\/i0.wp.com\/bonprix-dz.com\/wp-content\/uploads\/2023\/10\/download.gif?fit=1200%2C1200&ssl=1&resize=525%2C300 1.5x, https:\/\/i0.wp.com\/bonprix-dz.com\/wp-content\/uploads\/2023\/10\/download.gif?fit=1200%2C1200&ssl=1&resize=700%2C400 2x, https:\/\/i0.wp.com\/bonprix-dz.com\/wp-content\/uploads\/2023\/10\/download.gif?fit=1200%2C1200&ssl=1&resize=1050%2C600 3x"},"classes":[]}],"_links":{"self":[{"href":"https:\/\/bonprix-dz.com\/index.php?rest_route=\/wp\/v2\/product\/42","targetHints":{"allow":["GET"]}}],"collection":[{"href":"https:\/\/bonprix-dz.com\/index.php?rest_route=\/wp\/v2\/product"}],"about":[{"href":"https:\/\/bonprix-dz.com\/index.php?rest_route=\/wp\/v2\/types\/product"}],"replies":[{"embeddable":true,"href":"https:\/\/bonprix-dz.com\/index.php?rest_route=%2Fwp%2Fv2%2Fcomments&post=42"}],"version-history":[{"count":1,"href":"https:\/\/bonprix-dz.com\/index.php?rest_route=\/wp\/v2\/product\/42\/revisions"}],"predecessor-version":[{"id":3043,"href":"https:\/\/bonprix-dz.com\/index.php?rest_route=\/wp\/v2\/product\/42\/revisions\/3043"}],"wp:featuredmedia":[{"embeddable":true,"href":"https:\/\/bonprix-dz.com\/index.php?rest_route=\/wp\/v2\/media\/3044"}],"wp:attachment":[{"href":"https:\/\/bonprix-dz.com\/index.php?rest_route=%2Fwp%2Fv2%2Fmedia&parent=42"}],"wp:term":[{"taxonomy":"product_cat","embeddable":true,"href":"https:\/\/bonprix-dz.com\/index.php?rest_route=%2Fwp%2Fv2%2Fproduct_cat&post=42"},{"taxonomy":"product_tag","embeddable":true,"href":"https:\/\/bonprix-dz.com\/index.php?rest_route=%2Fwp%2Fv2%2Fproduct_tag&post=42"}],"curies":[{"name":"wp","href":"https:\/\/api.w.org\/{rel}","templated":true}]}}