{"id":4232,"date":"2024-07-12T18:50:28","date_gmt":"2024-07-12T18:50:28","guid":{"rendered":"https:\/\/bonprix-dz.com\/?post_type=product&#038;p=4232"},"modified":"2024-10-19T23:27:29","modified_gmt":"2024-10-19T23:27:29","slug":"mibro-lite-2","status":"publish","type":"product","link":"https:\/\/bonprix-dz.com\/?product=mibro-lite-2","title":{"rendered":"Mibro Lite 2"},"content":{"rendered":"<p><img loading=\"lazy\" decoding=\"async\" class=\"alignnone size-medium wp-image-4239\" src=\"https:\/\/i0.wp.com\/bonprix-dz.com\/wp-content\/uploads\/2024\/07\/Screenshot_20240712_194912_Chrome.jpg?resize=190%2C300\" alt=\"\" width=\"190\" height=\"300\" srcset=\"https:\/\/i0.wp.com\/bonprix-dz.com\/wp-content\/uploads\/2024\/07\/Screenshot_20240712_194912_Chrome.jpg?resize=190%2C300&amp;ssl=1 190w, https:\/\/i0.wp.com\/bonprix-dz.com\/wp-content\/uploads\/2024\/07\/Screenshot_20240712_194912_Chrome.jpg?resize=647%2C1024&amp;ssl=1 647w, https:\/\/i0.wp.com\/bonprix-dz.com\/wp-content\/uploads\/2024\/07\/Screenshot_20240712_194912_Chrome.jpg?resize=768%2C1215&amp;ssl=1 768w, https:\/\/i0.wp.com\/bonprix-dz.com\/wp-content\/uploads\/2024\/07\/Screenshot_20240712_194912_Chrome.jpg?resize=971%2C1536&amp;ssl=1 971w, https:\/\/i0.wp.com\/bonprix-dz.com\/wp-content\/uploads\/2024\/07\/Screenshot_20240712_194912_Chrome.jpg?resize=600%2C949&amp;ssl=1 600w, https:\/\/i0.wp.com\/bonprix-dz.com\/wp-content\/uploads\/2024\/07\/Screenshot_20240712_194912_Chrome.jpg?w=1080&amp;ssl=1 1080w\" sizes=\"auto, (max-width: 190px) 100vw, 190px\" data-recalc-dims=\"1\" \/><\/p>\n","protected":false},"excerpt":{"rendered":"","protected":false},"featured_media":4233,"comment_status":"open","ping_status":"closed","template":"","meta":{"om_disable_all_campaigns":false,"_monsterinsights_skip_tracking":false,"_monsterinsights_sitenote_active":false,"_monsterinsights_sitenote_note":"","_monsterinsights_sitenote_category":0,"iawp_total_views":142},"product_cat":[41],"product_tag":[97],"class_list":{"0":"post-4232","1":"product","2":"type-product","3":"status-publish","4":"has-post-thumbnail","6":"product_cat-smartwatch","7":"product_tag-mibro","9":"first","10":"outofstock","11":"sale","12":"taxable","13":"shipping-taxable","14":"purchasable","15":"product-type-simple"},"aioseo_notices":[],"jetpack-related-posts":[{"id":3236,"url":"https:\/\/bonprix-dz.com\/?product=haylou-solar-lite","url_meta":{"origin":4232,"position":0},"title":"HAYLOU Solar Lite","author":"bonprix-dz.com","date":"\u0633\u0628\u062a\u0645\u0628\u0631 24, 2023","format":false,"excerpt":"\u0633\u0627\u0639\u0629 \u0630\u0643\u064a\u0629 HAYLOU \u0627\u0644\u0634\u0645\u0633\u064a\u0629 \u0644\u0627\u064a\u062a 1.38 \"\u0644\u0648\u0646 \u0634\u0627\u0634\u0629 \u0643\u0628\u064a\u0631\u0629 | 100 + \u0633\u0627\u0639\u0629 \u0648\u062c\u0648\u0647\/\u0627\u0644\u062a\u062e\u0635\u064a\u0635 \u0648\u0638\u0627\u0626\u0641 \u0635\u062d\u064a\u0629 \u0634\u0627\u0645\u0644\u0629 | \u0627\u0644\u0635\u062d\u0629 \u0627\u0644\u0628\u062f\u0646\u064a\u0629 \u0644\u0644\u0625\u0646\u0627\u062b 100 \u0648\u0633\u0627\u0626\u0637 \u062a\u062c\u0631\u064a\u0628 | \u0639\u0645\u0631 \u0627\u0644\u0628\u0637\u0627\u0631\u064a\u0629 20 \u064a\u0648\u0645\u0627 | IP68 \u0645\u0642\u0627\u0648\u0645 \u0644\u0644\u0645\u0627\u0621","rel":"","context":"\u062a\u062f\u0648\u064a\u0646\u0629 \u0645\u0634\u0627\u0628\u0647\u0629","block_context":{"text":"\u062a\u062f\u0648\u064a\u0646\u0629 \u0645\u0634\u0627\u0628\u0647\u0629","link":""},"img":{"alt_text":"","src":"https:\/\/i0.wp.com\/bonprix-dz.com\/wp-content\/uploads\/2023\/09\/4464908641235824302.jpg?fit=960%2C960&ssl=1&resize=350%2C200","width":350,"height":200,"srcset":"https:\/\/i0.wp.com\/bonprix-dz.com\/wp-content\/uploads\/2023\/09\/4464908641235824302.jpg?fit=960%2C960&ssl=1&resize=350%2C200 1x, https:\/\/i0.wp.com\/bonprix-dz.com\/wp-content\/uploads\/2023\/09\/4464908641235824302.jpg?fit=960%2C960&ssl=1&resize=525%2C300 1.5x, https:\/\/i0.wp.com\/bonprix-dz.com\/wp-content\/uploads\/2023\/09\/4464908641235824302.jpg?fit=960%2C960&ssl=1&resize=700%2C400 2x"},"classes":[]},{"id":4446,"url":"https:\/\/bonprix-dz.com\/?product=hoco-x74","url_meta":{"origin":4232,"position":1},"title":"hoco X74","author":"bonprix-dz.com","date":"\u0623\u063a\u0633\u0637\u0633 19, 2024","format":false,"excerpt":"\u060c \u0643\u0627\u0628\u0644 \u0634\u062d\u0646 3 \u0641\u064a 1 \u0644\u0645\u0648\u0635\u0644\u0627\u062a Lightning \/ Micro-USB \/ Type-C\u060c PVC \u0648\u062c\u062f\u064a\u0644\u0629 PVC\u060c \u062a\u064a\u0627\u0631 \u064a\u0635\u0644 \u0625\u0644\u0649 2A 1. \u0627\u0644\u0637\u0648\u0644: 1 \u0645 (\u0643\u0627\u0628\u0644 \u0631\u0626\u064a\u0633\u064a 0.8 \u0645 + \u0643\u0627\u0628\u0644 \u0641\u0631\u0639\u064a 0.2 \u0645). \u0627\u0644\u0648\u0632\u0646: 42 \u062c\u0631\u0627\u0645. 2. \u0627\u0644\u0645\u0627\u062f\u0629 \u0627\u0644\u062e\u0627\u0631\u062c\u064a\u0629: PVC. 3. \u0645\u0627\u062f\u0629 \u0627\u0644\u0645\u0648\u0635\u0644\u0627\u062a: PVC. 4. \u0627\u0644\u0646\u0648\u0627\u0629: \u0627\u0644\u0643\u0627\u0628\u0644 \u0627\u0644\u0631\u0626\u064a\u0633\u064a (34\/0.1)*2\u060c \u0627\u0644\u0643\u0627\u0628\u0644 \u0627\u0644\u0641\u0631\u0639\u064a\u2026","rel":"","context":"\u062a\u062f\u0648\u064a\u0646\u0629 \u0645\u0634\u0627\u0628\u0647\u0629","block_context":{"text":"\u062a\u062f\u0648\u064a\u0646\u0629 \u0645\u0634\u0627\u0628\u0647\u0629","link":""},"img":{"alt_text":"","src":"https:\/\/i0.wp.com\/bonprix-dz.com\/wp-content\/uploads\/2024\/08\/hoco-x74-3in1-charging-cable-packaging-black.jpg?fit=800%2C800&ssl=1&resize=350%2C200","width":350,"height":200,"srcset":"https:\/\/i0.wp.com\/bonprix-dz.com\/wp-content\/uploads\/2024\/08\/hoco-x74-3in1-charging-cable-packaging-black.jpg?fit=800%2C800&ssl=1&resize=350%2C200 1x, https:\/\/i0.wp.com\/bonprix-dz.com\/wp-content\/uploads\/2024\/08\/hoco-x74-3in1-charging-cable-packaging-black.jpg?fit=800%2C800&ssl=1&resize=525%2C300 1.5x, https:\/\/i0.wp.com\/bonprix-dz.com\/wp-content\/uploads\/2024\/08\/hoco-x74-3in1-charging-cable-packaging-black.jpg?fit=800%2C800&ssl=1&resize=700%2C400 2x"},"classes":[]},{"id":3437,"url":"https:\/\/bonprix-dz.com\/?product=xiaomi-redmi-airdots-2","url_meta":{"origin":4232,"position":2},"title":"Xiaomi Redmi Airdots 2","author":"bonprix-dz.com","date":"\u0623\u0643\u062a\u0648\u0628\u0631 25, 2023","format":false,"excerpt":"Xiaomi Redmi Airdots 2 TWS \u00c9couteurs Bluetooth 5.0 Sp\u00e9cifications: Marque: Xiaomi Mod\u00e8le de Produit:\u00a0Xiaomi Redmi Airdots 2 Connexion sans fil: Bluetooth 5.0 Poids net Des \u00c9couteurs Simples:\u00a0Environ 4.1g Distance de Communication: 10 m\u00e8tres (Environnement Accessible) Double Casque Temps D'\u00e9coute en Continu: Environ 4 heures Dur\u00e9e de Veille des \u00c9couteurs: Environ\u2026","rel":"","context":"\u062a\u062f\u0648\u064a\u0646\u0629 \u0645\u0634\u0627\u0628\u0647\u0629","block_context":{"text":"\u062a\u062f\u0648\u064a\u0646\u0629 \u0645\u0634\u0627\u0628\u0647\u0629","link":""},"img":{"alt_text":"","src":"https:\/\/i0.wp.com\/bonprix-dz.com\/wp-content\/uploads\/2023\/10\/17753965561049214553.jpg?fit=960%2C960&ssl=1&resize=350%2C200","width":350,"height":200,"srcset":"https:\/\/i0.wp.com\/bonprix-dz.com\/wp-content\/uploads\/2023\/10\/17753965561049214553.jpg?fit=960%2C960&ssl=1&resize=350%2C200 1x, https:\/\/i0.wp.com\/bonprix-dz.com\/wp-content\/uploads\/2023\/10\/17753965561049214553.jpg?fit=960%2C960&ssl=1&resize=525%2C300 1.5x, https:\/\/i0.wp.com\/bonprix-dz.com\/wp-content\/uploads\/2023\/10\/17753965561049214553.jpg?fit=960%2C960&ssl=1&resize=700%2C400 2x"},"classes":[]},{"id":3820,"url":"https:\/\/bonprix-dz.com\/?product=hoco-x86","url_meta":{"origin":4232,"position":3},"title":"Hoco X86","author":"bonprix-dz.com","date":"\u0645\u0627\u0631\u0633 21, 2024","format":false,"excerpt":"X86 Spear, c\u00e2ble de donn\u00e9es de charge USB vers Type-C, alliage de silicone et d\u2019aluminium, courant jusqu\u2019\u00e0 3 A 1. Longueur : 1 m.\u00a0Poids : 24g. 2. Mat\u00e9riau ext\u00e9rieur : silicone. 3. Mat\u00e9riau du joint : alliage d\u2019aluminium. 4. Noyau : (43\/0.08)*2+(13\/0.08)*2 OD3.5mm. 5. Courant jusqu\u2019\u00e0 3A.","rel":"","context":"\u062a\u062f\u0648\u064a\u0646\u0629 \u0645\u0634\u0627\u0628\u0647\u0629","block_context":{"text":"\u062a\u062f\u0648\u064a\u0646\u0629 \u0645\u0634\u0627\u0628\u0647\u0629","link":""},"img":{"alt_text":"","src":"https:\/\/i0.wp.com\/bonprix-dz.com\/wp-content\/uploads\/2024\/03\/1-13.jpg?fit=800%2C800&ssl=1&resize=350%2C200","width":350,"height":200,"srcset":"https:\/\/i0.wp.com\/bonprix-dz.com\/wp-content\/uploads\/2024\/03\/1-13.jpg?fit=800%2C800&ssl=1&resize=350%2C200 1x, https:\/\/i0.wp.com\/bonprix-dz.com\/wp-content\/uploads\/2024\/03\/1-13.jpg?fit=800%2C800&ssl=1&resize=525%2C300 1.5x, https:\/\/i0.wp.com\/bonprix-dz.com\/wp-content\/uploads\/2024\/03\/1-13.jpg?fit=800%2C800&ssl=1&resize=700%2C400 2x"},"classes":[]},{"id":3497,"url":"https:\/\/bonprix-dz.com\/?product=hoco-power-bank-10000","url_meta":{"origin":4232,"position":4},"title":"Hoco Power Bank 10000","author":"bonprix-dz.com","date":"\u0646\u0648\u0641\u0645\u0628\u0631 10, 2023","format":false,"excerpt":"Principales caract\u00e9ristiques capacit\u00e9 : 10 000 mAh 37 Wh ; Capacit\u00e9 nominale 5500mAh entr\u00e9e : Type-C\/Micro : 5 V\/2 A. sortie : USB-A 1\/2 : 5 V\/2 A ; Sortie totale : 5 V\/2A affichage : la lumi\u00e8re LED indique le niveau de puissance mat\u00e9riel: coque ignifuge ABS + PC\u2026","rel":"","context":"\u062a\u062f\u0648\u064a\u0646\u0629 \u0645\u0634\u0627\u0628\u0647\u0629","block_context":{"text":"\u062a\u062f\u0648\u064a\u0646\u0629 \u0645\u0634\u0627\u0628\u0647\u0629","link":""},"img":{"alt_text":"","src":"https:\/\/i0.wp.com\/bonprix-dz.com\/wp-content\/uploads\/2023\/11\/20231113_065919.jpg?fit=800%2C800&ssl=1&resize=350%2C200","width":350,"height":200,"srcset":"https:\/\/i0.wp.com\/bonprix-dz.com\/wp-content\/uploads\/2023\/11\/20231113_065919.jpg?fit=800%2C800&ssl=1&resize=350%2C200 1x, https:\/\/i0.wp.com\/bonprix-dz.com\/wp-content\/uploads\/2023\/11\/20231113_065919.jpg?fit=800%2C800&ssl=1&resize=525%2C300 1.5x, https:\/\/i0.wp.com\/bonprix-dz.com\/wp-content\/uploads\/2023\/11\/20231113_065919.jpg?fit=800%2C800&ssl=1&resize=700%2C400 2x"},"classes":[]},{"id":3984,"url":"https:\/\/bonprix-dz.com\/?product=hoco-u129-60w","url_meta":{"origin":4232,"position":5},"title":"Hoco U129 60w","author":"bonprix-dz.com","date":"\u0645\u0627\u064a\u0648 16, 2024","format":false,"excerpt":"1. Longueur : 1,2 m ; poids : 30g \u00a02. Mat\u00e9riau ext\u00e9rieur : tresse. \u00a03. Mat\u00e9riau du joint : moulage par injection transparent. \u00a04. Noyau : (34\/0,1)*2+(16\/0,08)*3 OD3,8 mm 5. Prise en charge de la charge de l'ordinateur portable 60 W (20 V\/3 A), prise en charge du t\u00e9l\u00e9phone portable\u2026","rel":"","context":"\u062a\u062f\u0648\u064a\u0646\u0629 \u0645\u0634\u0627\u0628\u0647\u0629","block_context":{"text":"\u062a\u062f\u0648\u064a\u0646\u0629 \u0645\u0634\u0627\u0628\u0647\u0629","link":""},"img":{"alt_text":"","src":"https:\/\/i0.wp.com\/bonprix-dz.com\/wp-content\/uploads\/2024\/05\/1.png?fit=585%2C589&ssl=1&resize=350%2C200","width":350,"height":200,"srcset":"https:\/\/i0.wp.com\/bonprix-dz.com\/wp-content\/uploads\/2024\/05\/1.png?fit=585%2C589&ssl=1&resize=350%2C200 1x, https:\/\/i0.wp.com\/bonprix-dz.com\/wp-content\/uploads\/2024\/05\/1.png?fit=585%2C589&ssl=1&resize=525%2C300 1.5x"},"classes":[]}],"_links":{"self":[{"href":"https:\/\/bonprix-dz.com\/index.php?rest_route=\/wp\/v2\/product\/4232","targetHints":{"allow":["GET"]}}],"collection":[{"href":"https:\/\/bonprix-dz.com\/index.php?rest_route=\/wp\/v2\/product"}],"about":[{"href":"https:\/\/bonprix-dz.com\/index.php?rest_route=\/wp\/v2\/types\/product"}],"replies":[{"embeddable":true,"href":"https:\/\/bonprix-dz.com\/index.php?rest_route=%2Fwp%2Fv2%2Fcomments&post=4232"}],"version-history":[{"count":1,"href":"https:\/\/bonprix-dz.com\/index.php?rest_route=\/wp\/v2\/product\/4232\/revisions"}],"predecessor-version":[{"id":4240,"href":"https:\/\/bonprix-dz.com\/index.php?rest_route=\/wp\/v2\/product\/4232\/revisions\/4240"}],"wp:featuredmedia":[{"embeddable":true,"href":"https:\/\/bonprix-dz.com\/index.php?rest_route=\/wp\/v2\/media\/4233"}],"wp:attachment":[{"href":"https:\/\/bonprix-dz.com\/index.php?rest_route=%2Fwp%2Fv2%2Fmedia&parent=4232"}],"wp:term":[{"taxonomy":"product_cat","embeddable":true,"href":"https:\/\/bonprix-dz.com\/index.php?rest_route=%2Fwp%2Fv2%2Fproduct_cat&post=4232"},{"taxonomy":"product_tag","embeddable":true,"href":"https:\/\/bonprix-dz.com\/index.php?rest_route=%2Fwp%2Fv2%2Fproduct_tag&post=4232"}],"curies":[{"name":"wp","href":"https:\/\/api.w.org\/{rel}","templated":true}]}}