{"id":4460,"date":"2024-08-27T18:59:31","date_gmt":"2024-08-27T18:59:31","guid":{"rendered":"https:\/\/bonprix-dz.com\/?product=wireless-g63"},"modified":"2024-08-27T18:59:31","modified_gmt":"2024-08-27T18:59:31","slug":"wireless-g63","status":"publish","type":"product","link":"https:\/\/bonprix-dz.com\/?product=wireless-g63","title":{"rendered":"wireless G63"},"content":{"rendered":"<p style=\"margin:0px;padding:0px;font-family:\"><span class=\"slate-node-text\" style=\"margin:0px;padding:0px\"><span style=\"margin:0px;padding:0px\"><span style=\"margin:0px;padding:0px;font-size:16px\"><br \/>\n<strong>\u0627\u0644\u0645\u0648\u0627\u0635\u0641\u0627\u062a :<\/strong><\/span><\/span><\/span><\/p>\n<p style=\"margin:0px;padding:0px;font-family:\"><span class=\"slate-node-text\" style=\"margin:0px;padding:0px\"><span style=\"margin:0px;padding:0px\"><span style=\"margin:0px;padding:0px;font-size:16px\">\u0648\u0635\u0641 \u0627\u0644\u0648\u0638\u064a\u0641\u0629: \u0634\u062d\u0646 \u0644\u0627\u0633\u0644\u0643\u064a \u0633\u0631\u064a\u0639 \u0628\u0642\u062f\u0631\u0629 15 \u0648\u0627\u062a\u060c \u0645\u0635\u0628\u0627\u062d \u062c\u0648\u060c \u0645\u0635\u0628\u0627\u062d \u0628\u062c\u0627\u0646\u0628 \u0627\u0644\u0633\u0631\u064a\u0631\u060c \u062a\u0623\u062b\u064a\u0631 \u0636\u0648\u0621 \u0645\u0628\u0647\u0631\u060c \u0635\u0648\u062a \u0628\u0644\u0648\u062a\u0648\u062b\u060c \u062a\u0634\u063a\u064a\u0644 \u0645\u0643\u0628\u0631 \u0627\u0644\u0635\u0648\u062a \u0648Aux\u060c TF\u060c \u0627\u0644\u0648\u0642\u062a\u060c \u0648\u0636\u0639 \u0627\u0644\u0645\u0646\u0628\u0647.<\/span><\/span><\/span><\/p>\n<div style=\"margin:0px;padding:0px;font-family:\"> <\/div>\n<p style=\"margin:0px;padding:0px;font-family:\"><span class=\"slate-node-text\" style=\"margin:0px;padding:0px\"><span style=\"margin:0px;padding:0px\"><span style=\"margin:0px;padding:0px;font-size:20px\">\u0627\u0646\u0642\u0631 \u0641\u0648\u0642 \u0627\u0644\u0632\u0631 &#8220;M&#8221; \u0644\u062a\u0628\u062f\u064a\u0644 9 \u0623\u0648\u0636\u0627\u0639 \u0623\u0644\u0648\u0627\u0646 \u0641\u0627\u062a\u062d\u0629 (\u0644\u0648\u0646 \u062b\u0627\u0628\u062a\u060c \u062a\u0634\u063a\u064a\u0644 \u062d\u0635\u0627\u0646 \u0628\u0644\u0648\u0646\u064a\u0646\u060c \u062a\u0634\u063a\u064a\u0644 \u062d\u0635\u0627\u0646 \u0628\u062b\u0644\u0627\u062b\u0629 \u0623\u0644\u0648\u0627\u0646\u060c \u062a\u0634\u063a\u064a\u0644 \u062d\u0635\u0627\u0646 \u0628\u0633\u0628\u0639\u0629 \u0623\u0644\u0648\u0627\u0646).<\/span><\/span><\/span><\/p>\n<div style=\"margin:0px;padding:0px;font-family:\"> <\/div>\n<p style=\"margin:0px;padding:0px;font-family:\"><span class=\"slate-node-text\" style=\"margin:0px;padding:0px\"><span style=\"margin:0px;padding:0px\"><span style=\"margin:0px;padding:0px;font-size:14px\"><strong>\u062a\u062a\u0636\u0645\u0646 \u0627\u0644\u0639\u0628\u0648\u0629:<\/strong><\/span><\/span><\/span><\/p>\n<p style=\"margin:0px;padding:0px;font-family:\"><span class=\"slate-node-text\" style=\"margin:0px;padding:0px\"><span style=\"margin:0px;padding:0px\"><span style=\"margin:0px;padding:0px;font-size:14px\">1 * \u0634\u062d\u0646 \u0644\u0627\u0633\u0644\u0643\u064a<\/span><\/span><\/span><\/p>\n<p style=\"margin:0px;padding:0px;font-family:\"><span class=\"slate-node-text\" style=\"margin:0px;padding:0px\"><span style=\"margin:0px;padding:0px\"><span style=\"margin:0px;padding:0px;font-size:14px\">1 * \u0643\u0627\u0628\u0644 \u0634\u062d\u0646 \u0645\u0646 \u0627\u0644\u0646\u0648\u0639 C<\/span><\/span><\/span><\/p>\n<p style=\"margin:0px;padding:0px;font-family:\"><span class=\"slate-node-text\" style=\"margin:0px;padding:0px\"><span style=\"margin:0px;padding:0px\"><span style=\"margin:0px;padding:0px;font-size:14px\">1 * \u062f\u0644\u064a\u0644 \u0627\u0644\u0645\u0633\u062a\u062e\u062f\u0645<\/span><\/span><\/span><\/p>\n","protected":false},"excerpt":{"rendered":"<p>\u0627\u0644\u0645\u0648\u0627\u0635\u0641\u0627\u062a : \u0648\u0635\u0641 \u0627\u0644\u0648\u0638\u064a\u0641\u0629: \u0634\u062d\u0646 \u0644\u0627\u0633\u0644\u0643\u064a \u0633\u0631\u064a\u0639 \u0628\u0642\u062f\u0631\u0629 15 \u0648\u0627\u062a\u060c \u0645\u0635\u0628\u0627\u062d \u062c\u0648\u060c \u0645\u0635\u0628\u0627\u062d \u0628\u062c\u0627\u0646\u0628 \u0627\u0644\u0633\u0631\u064a\u0631\u060c \u062a\u0623\u062b\u064a\u0631 \u0636\u0648\u0621 \u0645\u0628\u0647\u0631\u060c \u0635\u0648\u062a \u0628\u0644\u0648\u062a\u0648\u062b\u060c<\/p>\n","protected":false},"featured_media":4459,"comment_status":"open","ping_status":"closed","template":"","meta":{"om_disable_all_campaigns":false,"_monsterinsights_skip_tracking":false,"_monsterinsights_sitenote_active":false,"_monsterinsights_sitenote_note":"","_monsterinsights_sitenote_category":0,"iawp_total_views":4},"product_cat":[42],"product_tag":[],"class_list":{"0":"post-4460","1":"product","2":"type-product","3":"status-publish","4":"has-post-thumbnail","6":"product_cat-toys","8":"first","9":"instock","10":"sale","11":"taxable","12":"shipping-taxable","13":"purchasable","14":"product-type-simple"},"aioseo_notices":[],"jetpack-related-posts":[{"id":3099,"url":"https:\/\/bonprix-dz.com\/?product=%d8%b3%d9%85%d8%a7%d8%b9%d8%a9-%d8%a8%d9%84%d9%88%d8%aa%d9%88%d8%ab-m19","url_meta":{"origin":4460,"position":0},"title":"\u0633\u0645\u0627\u0639\u0629 \u0628\u0644\u0648\u062a\u0648\u062b M19","author":"bonprix-dz.com","date":"\u0633\u0628\u062a\u0645\u0628\u0631 15, 2023","format":false,"excerpt":"\u0627\u0644\u0648\u0635\u0641: 1. \u0627\u0644\u0645\u0648\u062f\u064a\u0644: M19 2. \u0645\u0648\u0627\u0635\u0641\u0627\u062a \u0628\u0644\u0648\u062a\u0648\u062b: V5.1 3-\u0645\u0644\u0641 \u062a\u0639\u0631\u064a\u0641 \u0628\u0644\u0648\u062a\u0648\u062b: A2DP \u060c AVRCP \u060c HFP \u061b HSP 4. \u0627\u0644\u0639\u0645\u0644 \u0627\u0644\u062c\u0647\u062f: 3.1 \u0641\u0648\u0644\u062a ~ 4.2 \u0641\u0648\u0644\u062a 5. \u0634\u062d\u0646 \u0627\u0644\u062c\u0647\u062f: 5V-1A 6. \u0633\u0639\u0629 \u0627\u0644\u0628\u0637\u0627\u0631\u064a\u0629 \u0644\u0644\u0633\u0645\u0627\u0639\u0629: 50MAH 7. \u0633\u0639\u0629 \u0627\u0644\u0628\u0637\u0627\u0631\u064a\u0629 \u0644\u0635\u0646\u062f\u0648\u0642 \u0627\u0644\u062a\u062e\u0632\u064a\u0646: 2000MAH 8. \u0645\u0633\u0627\u0641\u0629 \u0627\u0644\u0625\u0631\u0633\u0627\u0644:>10 \u0645 \u0627\u0644\u0645\u0648\u0627\u0635\u0641\u0627\u062a: \u0639\u0644\u0627\u0645\u0629 \u062a\u062c\u0627\u0631\u064a\u0629 \u062c\u062f\u064a\u062f\u0629 \u0644\u0639\u0627\u0645\u2026","rel":"","context":"\u062a\u062f\u0648\u064a\u0646\u0629 \u0645\u0634\u0627\u0628\u0647\u0629","block_context":{"text":"\u062a\u062f\u0648\u064a\u0646\u0629 \u0645\u0634\u0627\u0628\u0647\u0629","link":""},"img":{"alt_text":"","src":"https:\/\/i0.wp.com\/bonprix-dz.com\/wp-content\/uploads\/2023\/09\/MM19.jpg?fit=500%2C500&ssl=1&resize=350%2C200","width":350,"height":200},"classes":[]},{"id":4612,"url":"https:\/\/bonprix-dz.com\/?product=gamepad-v13","url_meta":{"origin":4460,"position":1},"title":"GamePad V13","author":"bonprix-dz.com","date":"\u0623\u0643\u062a\u0648\u0628\u0631 12, 2024","format":false,"excerpt":"\u0648\u062d\u062f\u0629 \u062a\u062d\u0643\u0645 \u0627\u0644\u0623\u0644\u0639\u0627\u0628 \u0627\u0644\u0644\u0627\u0633\u0644\u0643\u064a\u0629 V13 \u0644\u0643\u0644 \u0627\u0644\u0623\u062c\u0647\u0632\u0629 Contr\u00f4leur de jeu sans fil V13 pour Windows, PC, IOS, Mfi, Android, PS3, t\u00e9l\u00e9phone portable \u00a0 \u0645\u062a\u0648\u0627\u0641\u0642 \u0645\u0639: \u062a\u062f\u0639\u0645 \u0644\u0648\u062d\u0629 \u0627\u0644\u0623\u0644\u0639\u0627\u0628 \u062a\u0634\u063a\u064a\u0644 \u0627\u0644\u0623\u0644\u0639\u0627\u0628 \u0639\u0644\u0649 \u0627\u0644\u0647\u0648\u0627\u062a\u0641 \u0627\u0644\u0645\u062d\u0645\u0648\u0644\u0629 \u0627\u0644\u062a\u064a \u062a\u0639\u0645\u0644 \u0628\u0646\u0638\u0627\u0645 Android\/Windows\/PC \u0648\u0648\u062d\u062f\u0629 \u0627\u0644\u062a\u062d\u0643\u0645 PS3 \u0627\u0644\u062a\u064a \u062a\u062f\u0639\u0645 \u062a\u0642\u0646\u064a\u0629 Bluetooth. \u0644\u0627 \u062d\u0627\u062c\u0629 \u0625\u0644\u0649 \u0628\u0631\u0646\u0627\u0645\u062c \u062a\u0634\u063a\u064a\u0644. \u064a\u0645\u0643\u0646\u2026","rel":"","context":"\u062a\u062f\u0648\u064a\u0646\u0629 \u0645\u0634\u0627\u0628\u0647\u0629","block_context":{"text":"\u062a\u062f\u0648\u064a\u0646\u0629 \u0645\u0634\u0627\u0628\u0647\u0629","link":""},"img":{"alt_text":"","src":"https:\/\/i0.wp.com\/bonprix-dz.com\/wp-content\/uploads\/2024\/10\/H9f92a23150714eed9560f030ba0ae3fdQ.jpg_720x720q50.avif?resize=350%2C200&ssl=1","width":350,"height":200,"srcset":"https:\/\/i0.wp.com\/bonprix-dz.com\/wp-content\/uploads\/2024\/10\/H9f92a23150714eed9560f030ba0ae3fdQ.jpg_720x720q50.avif?resize=350%2C200&ssl=1 1x, https:\/\/i0.wp.com\/bonprix-dz.com\/wp-content\/uploads\/2024\/10\/H9f92a23150714eed9560f030ba0ae3fdQ.jpg_720x720q50.avif?resize=525%2C300&ssl=1 1.5x, https:\/\/i0.wp.com\/bonprix-dz.com\/wp-content\/uploads\/2024\/10\/H9f92a23150714eed9560f030ba0ae3fdQ.jpg_720x720q50.avif?resize=700%2C400&ssl=1 2x"},"classes":[]},{"id":3084,"url":"https:\/\/bonprix-dz.com\/?product=t900-ultra-%d8%b3%d8%a7%d8%b9%d8%a9-%d8%b0%d9%83%d9%8a%d8%a9-%d9%85%d8%aa%d8%b5%d9%84%d8%a9","url_meta":{"origin":4460,"position":2},"title":"T900 Ultra &#8211; \u0633\u0627\u0639\u0629 \u0630\u0643\u064a\u0629 \u0645\u062a\u0635\u0644\u0629","author":"bonprix-dz.com","date":"\u0633\u0628\u062a\u0645\u0628\u0631 14, 2023","format":false,"excerpt":"\u0645\u0648\u0627\u0635\u0641\u0627\u062a \u0627\u0644\u0645\u0646\u062a\u062c T900 Ultra \u0647\u064a \u0646\u0633\u062e\u0629 \u062c\u062f\u064a\u062f\u0629 \u0645\u0646 Apple Watch Ultra 2022 \u062a\u0645 \u0625\u0635\u062f\u0627\u0631\u0647\u0627 \u0641\u064a 25 \u0623\u0643\u062a\u0648\u0628\u0631 2022. \u0627\u0644\u0623\u062f\u0627\u0629 \u0627\u0644\u0630\u0643\u064a\u0629 \u0647\u064a \u0633\u0627\u0639\u0629 \u0630\u0643\u064a\u0629 \u0644\u0644\u064a\u0627\u0642\u0629 \u0627\u0644\u0628\u062f\u0646\u064a\u0629 \u064a\u0645\u0643\u0646\u0647\u0627 \u062a\u062a\u0628\u0639 \u0627\u0644\u0623\u0646\u0634\u0637\u0629 \u0627\u0644\u0631\u064a\u0627\u0636\u064a\u0629 \u0648\u0625\u062f\u0627\u0631\u0629 \u0627\u0644\u062d\u0627\u0644\u0629 \u0627\u0644\u0635\u062d\u064a\u0629 \u0641\u064a \u0627\u0644\u0648\u0642\u062a \u0627\u0644\u0641\u0639\u0644\u064a. \u0627\u0644\u0645\u0638\u0647\u0631 \u0648\u0627\u0644\u062a\u0635\u0645\u064a\u0645 \u0623\u0646\u064a\u0642 \u0648\u0631\u064a\u0627\u0636\u064a \u0648\u064a\u0634\u0628\u0647 \u0625\u0644\u0649 \u062d\u062f \u0628\u0639\u064a\u062f N8 Ultra. \u0627\u0644\u0634\u0627\u0634\u0629 \u0643\u0628\u064a\u0631\u0629 \u0628\u062d\u062c\u0645 1.99 \u0628\u0648\u0635\u0629\u2026","rel":"","context":"\u062a\u062f\u0648\u064a\u0646\u0629 \u0645\u0634\u0627\u0628\u0647\u0629","block_context":{"text":"\u062a\u062f\u0648\u064a\u0646\u0629 \u0645\u0634\u0627\u0628\u0647\u0629","link":""},"img":{"alt_text":"","src":"https:\/\/i0.wp.com\/bonprix-dz.com\/wp-content\/uploads\/2023\/09\/2.jpg?fit=500%2C500&ssl=1&resize=350%2C200","width":350,"height":200},"classes":[]},{"id":4444,"url":"https:\/\/bonprix-dz.com\/?product=hoco-ew-61","url_meta":{"origin":4460,"position":3},"title":"Hoco EW 61","author":"bonprix-dz.com","date":"\u0623\u063a\u0633\u0637\u0633 18, 2024","format":false,"excerpt":"EW61 June\u060c \u0633\u0645\u0627\u0639\u0629 TWS\u060c BT v5.3\u060c \u0628\u0637\u0627\u0631\u064a\u0629 \u0639\u0644\u0628\u0629 \u0627\u0644\u0634\u062d\u0646 320 \u0645\u0644\u0644\u064a \u0623\u0645\u0628\u064a\u0631\u060c \u0628\u0637\u0627\u0631\u064a\u0629 \u0633\u0645\u0627\u0639\u0629 \u0627\u0644\u0631\u0623\u0633 40 \u0645\u0644\u0644\u064a \u0623\u0645\u0628\u064a\u0631\u060c 7 \u0633\u0627\u0639\u0627\u062a \u0645\u0646 \u0627\u0644\u0627\u0633\u062a\u062e\u062f\u0627\u0645 \u0648180 \u0633\u0627\u0639\u0629 \u0641\u064a \u0648\u0636\u0639 \u0627\u0644\u0627\u0633\u062a\u0639\u062f\u0627\u062f 1. \u0625\u0635\u062f\u0627\u0631 BT: v5.3. \u0627\u0644\u0634\u0631\u064a\u062d\u0629: JL AC6983D2. 2. \u0627\u0644\u0628\u0631\u0648\u062a\u0648\u0643\u0648\u0644\u0627\u062a \u0627\u0644\u0645\u062f\u0639\u0648\u0645\u0629: \u0633\u0645\u0627\u0639\u0629 \u0627\u0644\u0631\u0623\u0633\u060c \u062d\u0631 \u0627\u0644\u064a\u062f\u064a\u0646\u060c A2DP\u060c AVRCP. 3. \u0645\u0633\u0627\u0641\u0629 \u0627\u0644\u0625\u0631\u0633\u0627\u0644: 10 \u0623\u0645\u062a\u0627\u0631. 4. \u062a\u0631\u062f\u062f\u2026","rel":"","context":"\u062a\u062f\u0648\u064a\u0646\u0629 \u0645\u0634\u0627\u0628\u0647\u0629","block_context":{"text":"\u062a\u062f\u0648\u064a\u0646\u0629 \u0645\u0634\u0627\u0628\u0647\u0629","link":""},"img":{"alt_text":"","src":"https:\/\/i0.wp.com\/bonprix-dz.com\/wp-content\/uploads\/2024\/08\/1000026793.jpg?fit=800%2C800&ssl=1&resize=350%2C200","width":350,"height":200,"srcset":"https:\/\/i0.wp.com\/bonprix-dz.com\/wp-content\/uploads\/2024\/08\/1000026793.jpg?fit=800%2C800&ssl=1&resize=350%2C200 1x, https:\/\/i0.wp.com\/bonprix-dz.com\/wp-content\/uploads\/2024\/08\/1000026793.jpg?fit=800%2C800&ssl=1&resize=525%2C300 1.5x, https:\/\/i0.wp.com\/bonprix-dz.com\/wp-content\/uploads\/2024\/08\/1000026793.jpg?fit=800%2C800&ssl=1&resize=700%2C400 2x"},"classes":[]},{"id":4474,"url":"https:\/\/bonprix-dz.com\/?product=hoco-ew28-gaming","url_meta":{"origin":4460,"position":4},"title":"hoco EW28 gaming","author":"bonprix-dz.com","date":"\u0633\u0628\u062a\u0645\u0628\u0631 2, 2024","format":false,"excerpt":"\u0633\u0645\u0627\u0639\u0629 EW28 Magic TWS\u060c BT v5.3\u060c \u0634\u0631\u064a\u062d\u0629 \u0623\u0644\u0639\u0627\u0628 \u0630\u0627\u062a \u0632\u0645\u0646 \u0627\u0646\u062a\u0642\u0627\u0644 \u0645\u0646\u062e\u0641\u0636 60 \u0645\u0644\u0644\u064a \u062b\u0627\u0646\u064a\u0629\u060c 7 \u0633\u0627\u0639\u0627\u062a \u0645\u0646 \u0627\u0644\u0627\u0633\u062a\u062e\u062f\u0627\u0645 \u0648200 \u0633\u0627\u0639\u0629 \u0641\u064a \u0648\u0636\u0639 \u0627\u0644\u0627\u0633\u062a\u0639\u062f\u0627\u062f 1. \u0625\u0635\u062f\u0627\u0631 BT: v5.3. \u0627\u0644\u0634\u0631\u064a\u062d\u0629: JL AC6983D4. 2. \u0627\u0644\u0628\u0631\u0648\u062a\u0648\u0643\u0648\u0644\u0627\u062a \u0627\u0644\u0645\u062f\u0639\u0648\u0645\u0629: \u0633\u0645\u0627\u0639\u0629 \u0627\u0644\u0631\u0623\u0633\u060c \u062d\u0631 \u0627\u0644\u064a\u062f\u064a\u0646\u060c A2DP\u060c AVRCP. 3. \u0645\u0633\u0627\u0641\u0629 \u0627\u0644\u0625\u0631\u0633\u0627\u0644: 10 \u0645. 4. \u062a\u0631\u062f\u062f \u0627\u0644\u0625\u0631\u0633\u0627\u0644: 2.4 \u0647\u0631\u062a\u0632.\u2026","rel":"","context":"\u062a\u062f\u0648\u064a\u0646\u0629 \u0645\u0634\u0627\u0628\u0647\u0629","block_context":{"text":"\u062a\u062f\u0648\u064a\u0646\u0629 \u0645\u0634\u0627\u0628\u0647\u0629","link":""},"img":{"alt_text":"","src":"https:\/\/i0.wp.com\/bonprix-dz.com\/wp-content\/uploads\/2024\/09\/1000027307.jpg?fit=800%2C800&ssl=1&resize=350%2C200","width":350,"height":200,"srcset":"https:\/\/i0.wp.com\/bonprix-dz.com\/wp-content\/uploads\/2024\/09\/1000027307.jpg?fit=800%2C800&ssl=1&resize=350%2C200 1x, https:\/\/i0.wp.com\/bonprix-dz.com\/wp-content\/uploads\/2024\/09\/1000027307.jpg?fit=800%2C800&ssl=1&resize=525%2C300 1.5x, https:\/\/i0.wp.com\/bonprix-dz.com\/wp-content\/uploads\/2024\/09\/1000027307.jpg?fit=800%2C800&ssl=1&resize=700%2C400 2x"},"classes":[]},{"id":4562,"url":"https:\/\/bonprix-dz.com\/?product=hoco-ew72","url_meta":{"origin":4460,"position":5},"title":"HOCO EW72","author":"bonprix-dz.com","date":"\u0623\u0643\u062a\u0648\u0628\u0631 5, 2024","format":false,"excerpt":"\u0646\u0638\u0631\u0629 \u0639\u0627\u0645\u0629 \u0633\u0645\u0627\u0639\u0629 \u0631\u0623\u0633 \u0644\u0627\u0633\u0644\u0643\u064a\u0629 \u062d\u0642\u064a\u0642\u064a\u0629 \u0628\u0634\u0627\u0634\u0629 \u062a\u0639\u0645\u0644 \u0628\u0627\u0644\u0644\u0645\u0633 \u0644\u0644\u062d\u062f \u0645\u0646 \u0627\u0644\u0636\u0648\u0636\u0627\u0621 \u0645\u0646 HOCO EW72 1. \u0628\u0644\u0648\u062a\u0648\u062b. 2. \u0633\u0639\u0629 \u0627\u0644\u0628\u0637\u0627\u0631\u064a\u0629: \u0639\u0644\u0628\u0629 \u0627\u0644\u0634\u062d\u0646 \u060c \u0633\u0645\u0627\u0639\u0629 \u0631\u0623\u0633 30 \u0645\u0644\u0644\u064a \u0623\u0645\u0628\u064a\u0631 3. \u0648\u0642\u062a \u0627\u0644\u0627\u0633\u062a\u062e\u062f\u0627\u0645: 4 \u0633\u0627\u0639\u0627\u062a 4. \u0627\u0644\u062d\u062c\u0645: \u060c * \u0645\u0646 \u0623\u062c\u0644 * * 23 \u060c \u0627\u0644\u0648\u0632\u0646 \u0627\u0644\u0625\u062c\u0645\u0627\u0644\u064a: 5. \u062f\u0639\u0645 \u0627\u0644\u062d\u062f \u0645\u0646 \u0627\u0644\u0636\u0648\u0636\u0627\u0621\u2026","rel":"","context":"\u062a\u062f\u0648\u064a\u0646\u0629 \u0645\u0634\u0627\u0628\u0647\u0629","block_context":{"text":"\u062a\u062f\u0648\u064a\u0646\u0629 \u0645\u0634\u0627\u0628\u0647\u0629","link":""},"img":{"alt_text":"","src":"https:\/\/i0.wp.com\/bonprix-dz.com\/wp-content\/uploads\/2024\/10\/S2067d764c26e474d990114083d10d6d9n.avif?resize=350%2C200&ssl=1","width":350,"height":200,"srcset":"https:\/\/i0.wp.com\/bonprix-dz.com\/wp-content\/uploads\/2024\/10\/S2067d764c26e474d990114083d10d6d9n.avif?resize=350%2C200&ssl=1 1x, https:\/\/i0.wp.com\/bonprix-dz.com\/wp-content\/uploads\/2024\/10\/S2067d764c26e474d990114083d10d6d9n.avif?resize=525%2C300&ssl=1 1.5x, https:\/\/i0.wp.com\/bonprix-dz.com\/wp-content\/uploads\/2024\/10\/S2067d764c26e474d990114083d10d6d9n.avif?resize=700%2C400&ssl=1 2x"},"classes":[]}],"_links":{"self":[{"href":"https:\/\/bonprix-dz.com\/index.php?rest_route=\/wp\/v2\/product\/4460","targetHints":{"allow":["GET"]}}],"collection":[{"href":"https:\/\/bonprix-dz.com\/index.php?rest_route=\/wp\/v2\/product"}],"about":[{"href":"https:\/\/bonprix-dz.com\/index.php?rest_route=\/wp\/v2\/types\/product"}],"replies":[{"embeddable":true,"href":"https:\/\/bonprix-dz.com\/index.php?rest_route=%2Fwp%2Fv2%2Fcomments&post=4460"}],"version-history":[{"count":0,"href":"https:\/\/bonprix-dz.com\/index.php?rest_route=\/wp\/v2\/product\/4460\/revisions"}],"wp:featuredmedia":[{"embeddable":true,"href":"https:\/\/bonprix-dz.com\/index.php?rest_route=\/wp\/v2\/media\/4459"}],"wp:attachment":[{"href":"https:\/\/bonprix-dz.com\/index.php?rest_route=%2Fwp%2Fv2%2Fmedia&parent=4460"}],"wp:term":[{"taxonomy":"product_cat","embeddable":true,"href":"https:\/\/bonprix-dz.com\/index.php?rest_route=%2Fwp%2Fv2%2Fproduct_cat&post=4460"},{"taxonomy":"product_tag","embeddable":true,"href":"https:\/\/bonprix-dz.com\/index.php?rest_route=%2Fwp%2Fv2%2Fproduct_tag&post=4460"}],"curies":[{"name":"wp","href":"https:\/\/api.w.org\/{rel}","templated":true}]}}