{"id":4528,"date":"2024-09-11T02:13:32","date_gmt":"2024-09-11T02:13:32","guid":{"rendered":"https:\/\/bonprix-dz.com\/?post_type=product&#038;p=4528"},"modified":"2024-09-11T02:20:21","modified_gmt":"2024-09-11T02:20:21","slug":"hoco-x14","status":"publish","type":"product","link":"https:\/\/bonprix-dz.com\/?product=hoco-x14","title":{"rendered":"Hoco X14"},"content":{"rendered":"<div class=\"woocommerce-product-details__short-description\">\n<ul>\n<li>Cable type C to type C double speed 60 W<\/li>\n<li>Marque : Hoco<\/li>\n<li>Longueur : 1 m<\/li>\n<li>Poids : 20 g<\/li>\n<li>Tresse ext\u00e9rieure : fil tress\u00e9 en nylon<\/li>\n<li>Connecteur : alliage d\u2019aluminium<\/li>\n<li>4, 134 fil de cuivre \u00e9tam\u00e9 \u00e0 5 conducteurs, passage de courant de c\u00e2ble 3A ;<\/li>\n<li>En utilisant un chargeur de technologie PD appropri\u00e9, la prise en charge maximale est de 60 W (20 V\/3 A) pour une charge d\u2019ordinateur portable haute puissance<\/li>\n<li>Interface de charge mobile de type C, courant 3A<\/li>\n<\/ul>\n<\/div>\n","protected":false},"excerpt":{"rendered":"<p>Cable type C to type C double speed 60 W Marque : Hoco Longueur : 1 m Poids : 20<\/p>\n","protected":false},"featured_media":4531,"comment_status":"open","ping_status":"closed","template":"","meta":{"om_disable_all_campaigns":false,"_monsterinsights_skip_tracking":false,"_monsterinsights_sitenote_active":false,"_monsterinsights_sitenote_note":"","_monsterinsights_sitenote_category":0,"iawp_total_views":2},"product_cat":[42],"product_tag":[70],"class_list":{"0":"post-4528","1":"product","2":"type-product","3":"status-publish","4":"has-post-thumbnail","6":"product_cat-toys","7":"product_tag-hoco","9":"first","10":"instock","11":"taxable","12":"shipping-taxable","13":"purchasable","14":"product-type-simple"},"aioseo_notices":[],"jetpack-related-posts":[{"id":3820,"url":"https:\/\/bonprix-dz.com\/?product=hoco-x86","url_meta":{"origin":4528,"position":0},"title":"Hoco X86","author":"bonprix-dz.com","date":"\u0645\u0627\u0631\u0633 21, 2024","format":false,"excerpt":"X86 Spear, c\u00e2ble de donn\u00e9es de charge USB vers Type-C, alliage de silicone et d\u2019aluminium, courant jusqu\u2019\u00e0 3 A 1. Longueur : 1 m.\u00a0Poids : 24g. 2. Mat\u00e9riau ext\u00e9rieur : silicone. 3. Mat\u00e9riau du joint : alliage d\u2019aluminium. 4. Noyau : (43\/0.08)*2+(13\/0.08)*2 OD3.5mm. 5. Courant jusqu\u2019\u00e0 3A.","rel":"","context":"\u062a\u062f\u0648\u064a\u0646\u0629 \u0645\u0634\u0627\u0628\u0647\u0629","block_context":{"text":"\u062a\u062f\u0648\u064a\u0646\u0629 \u0645\u0634\u0627\u0628\u0647\u0629","link":""},"img":{"alt_text":"","src":"https:\/\/i0.wp.com\/bonprix-dz.com\/wp-content\/uploads\/2024\/03\/1-13.jpg?fit=800%2C800&ssl=1&resize=350%2C200","width":350,"height":200,"srcset":"https:\/\/i0.wp.com\/bonprix-dz.com\/wp-content\/uploads\/2024\/03\/1-13.jpg?fit=800%2C800&ssl=1&resize=350%2C200 1x, https:\/\/i0.wp.com\/bonprix-dz.com\/wp-content\/uploads\/2024\/03\/1-13.jpg?fit=800%2C800&ssl=1&resize=525%2C300 1.5x, https:\/\/i0.wp.com\/bonprix-dz.com\/wp-content\/uploads\/2024\/03\/1-13.jpg?fit=800%2C800&ssl=1&resize=700%2C400 2x"},"classes":[]},{"id":3984,"url":"https:\/\/bonprix-dz.com\/?product=hoco-u129-60w","url_meta":{"origin":4528,"position":1},"title":"Hoco U129 60w","author":"bonprix-dz.com","date":"\u0645\u0627\u064a\u0648 16, 2024","format":false,"excerpt":"1. Longueur : 1,2 m ; poids : 30g \u00a02. Mat\u00e9riau ext\u00e9rieur : tresse. \u00a03. Mat\u00e9riau du joint : moulage par injection transparent. \u00a04. Noyau : (34\/0,1)*2+(16\/0,08)*3 OD3,8 mm 5. Prise en charge de la charge de l'ordinateur portable 60 W (20 V\/3 A), prise en charge du t\u00e9l\u00e9phone portable\u2026","rel":"","context":"\u062a\u062f\u0648\u064a\u0646\u0629 \u0645\u0634\u0627\u0628\u0647\u0629","block_context":{"text":"\u062a\u062f\u0648\u064a\u0646\u0629 \u0645\u0634\u0627\u0628\u0647\u0629","link":""},"img":{"alt_text":"","src":"https:\/\/i0.wp.com\/bonprix-dz.com\/wp-content\/uploads\/2024\/05\/1.png?fit=585%2C589&ssl=1&resize=350%2C200","width":350,"height":200,"srcset":"https:\/\/i0.wp.com\/bonprix-dz.com\/wp-content\/uploads\/2024\/05\/1.png?fit=585%2C589&ssl=1&resize=350%2C200 1x, https:\/\/i0.wp.com\/bonprix-dz.com\/wp-content\/uploads\/2024\/05\/1.png?fit=585%2C589&ssl=1&resize=525%2C300 1.5x"},"classes":[]},{"id":3813,"url":"https:\/\/bonprix-dz.com\/?product=cable-hoco-x40-fast-3a","url_meta":{"origin":4528,"position":2},"title":"Cable Hoco X40 fast 3A","author":"bonprix-dz.com","date":"\u0645\u0627\u0631\u0633 20, 2024","format":false,"excerpt":"FAST 3A CABLE HOCO X40 USB VERS TYPE C","rel":"","context":"\u062a\u062f\u0648\u064a\u0646\u0629 \u0645\u0634\u0627\u0628\u0647\u0629","block_context":{"text":"\u062a\u062f\u0648\u064a\u0646\u0629 \u0645\u0634\u0627\u0628\u0647\u0629","link":""},"img":{"alt_text":"","src":"https:\/\/i0.wp.com\/bonprix-dz.com\/wp-content\/uploads\/2024\/03\/1-12.jpg?fit=760%2C760&ssl=1&resize=350%2C200","width":350,"height":200,"srcset":"https:\/\/i0.wp.com\/bonprix-dz.com\/wp-content\/uploads\/2024\/03\/1-12.jpg?fit=760%2C760&ssl=1&resize=350%2C200 1x, https:\/\/i0.wp.com\/bonprix-dz.com\/wp-content\/uploads\/2024\/03\/1-12.jpg?fit=760%2C760&ssl=1&resize=525%2C300 1.5x, https:\/\/i0.wp.com\/bonprix-dz.com\/wp-content\/uploads\/2024\/03\/1-12.jpg?fit=760%2C760&ssl=1&resize=700%2C400 2x"},"classes":[]},{"id":3745,"url":"https:\/\/bonprix-dz.com\/?product=cable-de-charge-hoco-x37-micro-usb-iphone-ios-blanc","url_meta":{"origin":4528,"position":3},"title":"C\u00e2ble de charge Hoco X37 Micro USB, Iphone IOS, Blanc","author":"bonprix-dz.com","date":"\u0645\u0627\u0631\u0633 2, 2024","format":false,"excerpt":"Conception anti-courbure Prend en charge la charge rapide avec une alimentation puissante C\u00e2bles sont en blanc Produits Hoco Connecteur d\u2019entr\u00e9e : Micro USB, Iphone Courant : jusqu\u2019\u00e0 2,4 A (Micro USB, Iphone- IOS) Courant : jusqu\u2019\u00e0 3,0 A (Pour Iphone) Longueur du c\u00e2ble : 1 m","rel":"","context":"\u062a\u062f\u0648\u064a\u0646\u0629 \u0645\u0634\u0627\u0628\u0647\u0629","block_context":{"text":"\u062a\u062f\u0648\u064a\u0646\u0629 \u0645\u0634\u0627\u0628\u0647\u0629","link":""},"img":{"alt_text":"","src":"https:\/\/i0.wp.com\/bonprix-dz.com\/wp-content\/uploads\/2024\/03\/hoco-ns2-power-strip-with-extension-cable-3-socket-eu-ger-packaging-black-3.jpg?fit=800%2C800&ssl=1&resize=350%2C200","width":350,"height":200,"srcset":"https:\/\/i0.wp.com\/bonprix-dz.com\/wp-content\/uploads\/2024\/03\/hoco-ns2-power-strip-with-extension-cable-3-socket-eu-ger-packaging-black-3.jpg?fit=800%2C800&ssl=1&resize=350%2C200 1x, https:\/\/i0.wp.com\/bonprix-dz.com\/wp-content\/uploads\/2024\/03\/hoco-ns2-power-strip-with-extension-cable-3-socket-eu-ger-packaging-black-3.jpg?fit=800%2C800&ssl=1&resize=525%2C300 1.5x, https:\/\/i0.wp.com\/bonprix-dz.com\/wp-content\/uploads\/2024\/03\/hoco-ns2-power-strip-with-extension-cable-3-socket-eu-ger-packaging-black-3.jpg?fit=800%2C800&ssl=1&resize=700%2C400 2x"},"classes":[]},{"id":3994,"url":"https:\/\/bonprix-dz.com\/?product=hoco-u109-100w","url_meta":{"origin":4528,"position":4},"title":"hOCO u109 100W","author":"bonprix-dz.com","date":"\u0645\u0627\u064a\u0648 16, 2024","format":false,"excerpt":"U109, Type-C to Type-C 100W charging data cable, 1.2m, zinc alloy + TPE, current up to 3A for mobile phones, 100W power for laptops.","rel":"","context":"\u062a\u062f\u0648\u064a\u0646\u0629 \u0645\u0634\u0627\u0628\u0647\u0629","block_context":{"text":"\u062a\u062f\u0648\u064a\u0646\u0629 \u0645\u0634\u0627\u0628\u0647\u0629","link":""},"img":{"alt_text":"","src":"https:\/\/i0.wp.com\/bonprix-dz.com\/wp-content\/uploads\/2024\/05\/hoco-c101a-single-port-pd20w-wall-charger-eu-set-tc-to-ltn-wire-2.jpg?fit=800%2C800&ssl=1&resize=350%2C200","width":350,"height":200,"srcset":"https:\/\/i0.wp.com\/bonprix-dz.com\/wp-content\/uploads\/2024\/05\/hoco-c101a-single-port-pd20w-wall-charger-eu-set-tc-to-ltn-wire-2.jpg?fit=800%2C800&ssl=1&resize=350%2C200 1x, https:\/\/i0.wp.com\/bonprix-dz.com\/wp-content\/uploads\/2024\/05\/hoco-c101a-single-port-pd20w-wall-charger-eu-set-tc-to-ltn-wire-2.jpg?fit=800%2C800&ssl=1&resize=525%2C300 1.5x, https:\/\/i0.wp.com\/bonprix-dz.com\/wp-content\/uploads\/2024\/05\/hoco-c101a-single-port-pd20w-wall-charger-eu-set-tc-to-ltn-wire-2.jpg?fit=800%2C800&ssl=1&resize=700%2C400 2x"},"classes":[]},{"id":3739,"url":"https:\/\/bonprix-dz.com\/?product=cable-type-c-to-type-c-x83-victory-60w-charging-data-sync","url_meta":{"origin":4528,"position":5},"title":"Cable Type-C to Type-C  X83 60W","author":"bonprix-dz.com","date":"\u0645\u0627\u0631\u0633 2, 2024","format":false,"excerpt":"X83 Victory, Type-C to Type-C 60W charging data cable, 1m, PVC material, support up to 60W (20V \/ 3A) charging for laptop and 3A current for mobile phones 1. Length: 1m. Weight: 24g. 2. Outer material: PVC. 3. Joint material: PVC. 4. Core: (43\/0.08)*2+(16\/0.08)*3 OD3.5mm. 5. Supports up to 60W\u2026","rel":"","context":"\u062a\u062f\u0648\u064a\u0646\u0629 \u0645\u0634\u0627\u0628\u0647\u0629","block_context":{"text":"\u062a\u062f\u0648\u064a\u0646\u0629 \u0645\u0634\u0627\u0628\u0647\u0629","link":""},"img":{"alt_text":"","src":"https:\/\/i0.wp.com\/bonprix-dz.com\/wp-content\/uploads\/2024\/03\/1-2.jpg?fit=800%2C800&ssl=1&resize=350%2C200","width":350,"height":200,"srcset":"https:\/\/i0.wp.com\/bonprix-dz.com\/wp-content\/uploads\/2024\/03\/1-2.jpg?fit=800%2C800&ssl=1&resize=350%2C200 1x, https:\/\/i0.wp.com\/bonprix-dz.com\/wp-content\/uploads\/2024\/03\/1-2.jpg?fit=800%2C800&ssl=1&resize=525%2C300 1.5x, https:\/\/i0.wp.com\/bonprix-dz.com\/wp-content\/uploads\/2024\/03\/1-2.jpg?fit=800%2C800&ssl=1&resize=700%2C400 2x"},"classes":[]}],"_links":{"self":[{"href":"https:\/\/bonprix-dz.com\/index.php?rest_route=\/wp\/v2\/product\/4528","targetHints":{"allow":["GET"]}}],"collection":[{"href":"https:\/\/bonprix-dz.com\/index.php?rest_route=\/wp\/v2\/product"}],"about":[{"href":"https:\/\/bonprix-dz.com\/index.php?rest_route=\/wp\/v2\/types\/product"}],"replies":[{"embeddable":true,"href":"https:\/\/bonprix-dz.com\/index.php?rest_route=%2Fwp%2Fv2%2Fcomments&post=4528"}],"version-history":[{"count":1,"href":"https:\/\/bonprix-dz.com\/index.php?rest_route=\/wp\/v2\/product\/4528\/revisions"}],"predecessor-version":[{"id":4533,"href":"https:\/\/bonprix-dz.com\/index.php?rest_route=\/wp\/v2\/product\/4528\/revisions\/4533"}],"wp:featuredmedia":[{"embeddable":true,"href":"https:\/\/bonprix-dz.com\/index.php?rest_route=\/wp\/v2\/media\/4531"}],"wp:attachment":[{"href":"https:\/\/bonprix-dz.com\/index.php?rest_route=%2Fwp%2Fv2%2Fmedia&parent=4528"}],"wp:term":[{"taxonomy":"product_cat","embeddable":true,"href":"https:\/\/bonprix-dz.com\/index.php?rest_route=%2Fwp%2Fv2%2Fproduct_cat&post=4528"},{"taxonomy":"product_tag","embeddable":true,"href":"https:\/\/bonprix-dz.com\/index.php?rest_route=%2Fwp%2Fv2%2Fproduct_tag&post=4528"}],"curies":[{"name":"wp","href":"https:\/\/api.w.org\/{rel}","templated":true}]}}