{"id":4556,"date":"2024-10-05T00:43:30","date_gmt":"2024-10-05T00:43:30","guid":{"rendered":"https:\/\/bonprix-dz.com\/?post_type=product&#038;p=4556"},"modified":"2025-10-22T09:58:39","modified_gmt":"2025-10-22T09:58:39","slug":"lenovo-xt83-ii-tws","status":"publish","type":"product","link":"https:\/\/bonprix-dz.com\/?product=lenovo-xt83-ii-tws","title":{"rendered":"Lenovo-XT83 II TWS"},"content":{"rendered":"<div id=\"nav-specification\" class=\"specification--wrap--lxVQ2tj\" data-pl=\"product-specs\"><span class=\"HwtZe\" lang=\"ar\"><span class=\"jCAhz ChMk0b\"><span class=\"ryNqvb\">\u064a\u0648\u0641\u0631 Lenovo Thinkplus XT83 II \u0639\u0644\u0628\u0629 \u0634\u062d\u0646 \u0623\u0646\u064a\u0642\u0629 \u0648\u0639\u0645\u0644\u064a\u0629 \u0644\u062a\u0643\u0645\u0644 \u0633\u0645\u0627\u0639\u0627\u062a TWS \u0627\u0644\u0631\u0627\u0626\u0639\u0629.<\/span><\/span> <span class=\"jCAhz ChMk0b\"><span class=\"ryNqvb\">\u062a\u062a\u0645\u064a\u0632 \u0647\u0630\u0647 \u0627\u0644\u062d\u0627\u0641\u0638\u0629 \u0628\u0627\u0644\u0634\u0643\u0644 \u0627\u0644\u0628\u064a\u0636\u0627\u0648\u064a \u0627\u0644\u0630\u064a \u0631\u0623\u064a\u0646\u0627\u0647 \u0633\u0627\u0628\u0642\u064b\u0627 \u0641\u064a Lenovo XT88\u060c \u0648\u062a\u062a\u0645\u064a\u0632 \u0628\u0646\u0641\u0633 \u0627\u0644\u0645\u0648\u0627\u062f \u0627\u0644\u0645\u062a\u064a\u0646\u0629 \u0648\u0627\u0644\u0644\u0645\u0633\u0629 \u0627\u0644\u0646\u0647\u0627\u0626\u064a\u0629 \u0627\u0644\u0644\u0627\u0645\u0639\u0629 \u0627\u0644\u062a\u064a \u062a\u0646\u0636\u062d \u0628\u0634\u0639\u0648\u0631 \u0628\u0627\u0644\u0623\u0646\u0627\u0642\u0629.<\/span><\/span> <span class=\"jCAhz\"><span class=\"ryNqvb\">\u062a\u0636\u064a\u0641 \u0625\u0636\u0627\u0641\u0629 \u0636\u0648\u0621 LED \u0627\u0644\u062f\u0627\u0626\u0631\u064a \u0641\u064a \u0627\u0644\u0645\u0646\u062a\u0635\u0641 \u0644\u0645\u0633\u0629 \u0645\u0646 \u0627\u0644\u0631\u0642\u064a \u0625\u0644\u0649 \u0627\u0644\u062a\u0635\u0645\u064a\u0645 \u0627\u0644\u0639\u0627\u0645.<\/span><\/span> <span class=\"jCAhz ChMk0b\"><span class=\"ryNqvb\">\u062a\u062a\u0645\u064a\u0632 \u062d\u0642\u064a\u0628\u0629 \u0627\u0644\u0634\u062d\u0646 Thinkplus XT83 II \u0628\u062e\u0641\u0629 \u0627\u0644\u0648\u0632\u0646 \u0628\u0634\u0643\u0644 \u0645\u062b\u064a\u0631 \u0644\u0644\u0625\u0639\u062c\u0627\u0628\u060c \u062d\u064a\u062b \u062a\u0632\u0646 45 \u062c\u0631\u0627\u0645\u064b\u0627 \u0641\u0642\u0637\u060c \u0645\u0645\u0627 \u064a\u062c\u0639\u0644\u0647\u0627 \u0633\u0647\u0644\u0629 \u0627\u0644\u062d\u0645\u0644 \u0648\u0627\u0644\u0646\u0642\u0644 \u0628\u0634\u0643\u0644 \u0644\u0627 \u064a\u0635\u062f\u0642.<\/span><\/span> <span class=\"jCAhz ChMk0b\"><span class=\"ryNqvb\">\u0623\u0628\u0639\u0627\u062f\u0647\u0627 \u0627\u0644\u0645\u062f\u0645\u062c\u0629\u060c \u0627\u0644\u062a\u064a \u064a\u0628\u0644\u063a \u0627\u0631\u062a\u0641\u0627\u0639\u0647\u0627 4.3 \u0633\u0645\u060c \u0648\u0639\u0645\u0642\u0647\u0627 2.5 \u0633\u0645\u060c \u0648\u0639\u0631\u0636\u0647\u0627 18 \u0633\u0645\u060c \u062a\u0633\u0645\u062d \u0628\u0627\u0644\u062a\u062e\u0632\u064a\u0646 \u0627\u0644\u0645\u0631\u064a\u062d \u0641\u064a \u0627\u0644\u062c\u064a\u0648\u0628 \u0623\u0648 \u0627\u0644\u062d\u0642\u0627\u0626\u0628.<\/span><\/span> <span class=\"jCAhz ChMk0b\"><span class=\"ryNqvb\">\u064a\u0636\u0645\u0646 \u0627\u0644\u062a\u0635\u0645\u064a\u0645 \u0627\u0644\u0645\u0631\u064a\u062d \u0642\u0628\u0636\u0629 \u0622\u0645\u0646\u0629 \u0648\u0645\u0631\u064a\u062d\u0629\u060c \u0645\u0645\u0627 \u064a\u0648\u0641\u0631 \u0627\u0644\u062b\u0642\u0629 \u0623\u062b\u0646\u0627\u0621 \u0627\u0644\u062d\u0631\u0643\u0629.<\/span><\/span> <span class=\"jCAhz ChMk0b\"><span class=\"ryNqvb\">\u064a\u0639\u0632\u0632 \u0627\u0644\u0645\u0638\u0647\u0631 \u0627\u0644\u0644\u0627\u0645\u0639 \u0644\u0644\u0639\u0644\u0628\u0629 \u062c\u0627\u0630\u0628\u064a\u062a\u0647\u0627 \u0627\u0644\u0628\u0635\u0631\u064a\u0629\u060c \u0648\u0644\u0643\u0646 \u0645\u0646 \u0627\u0644\u0645\u0647\u0645 \u0645\u0644\u0627\u062d\u0638\u0629 \u0623\u0646 \u0647\u0630\u0627 \u0627\u0644\u0633\u0637\u062d \u0639\u0631\u0636\u0629 \u0644\u0644\u062e\u062f\u0648\u0634.<\/span><\/span> <span class=\"jCAhz ChMk0b\"><span class=\"ryNqvb\">\u0648\u0645\u0639 \u0630\u0644\u0643\u060c \u0641\u0625\u0646 \u0627\u0644\u062d\u0627\u0641\u0638\u0629 \u062a\u0642\u0627\u0648\u0645 \u0628\u0635\u0645\u0627\u062a \u0627\u0644\u0623\u0635\u0627\u0628\u0639 \u0628\u0634\u0643\u0644 \u0641\u0639\u0627\u0644\u060c \u0648\u062a\u062d\u0627\u0641\u0638 \u0639\u0644\u0649 \u0645\u0638\u0647\u0631 \u0646\u0638\u064a\u0641 \u0648\u0646\u0642\u064a.<\/span><\/span><\/span><\/div>\n","protected":false},"excerpt":{"rendered":"<p>\u064a\u0648\u0641\u0631 Lenovo Thinkplus XT83 II \u0639\u0644\u0628\u0629 \u0634\u062d\u0646 \u0623\u0646\u064a\u0642\u0629 \u0648\u0639\u0645\u0644\u064a\u0629 \u0644\u062a\u0643\u0645\u0644 \u0633\u0645\u0627\u0639\u0627\u062a TWS \u0627\u0644\u0631\u0627\u0626\u0639\u0629. \u062a\u062a\u0645\u064a\u0632 \u0647\u0630\u0647 \u0627\u0644\u062d\u0627\u0641\u0638\u0629 \u0628\u0627\u0644\u0634\u0643\u0644 \u0627\u0644\u0628\u064a\u0636\u0627\u0648\u064a \u0627\u0644\u0630\u064a \u0631\u0623\u064a\u0646\u0627\u0647<\/p>\n","protected":false},"featured_media":4555,"comment_status":"open","ping_status":"closed","template":"","meta":{"om_disable_all_campaigns":false,"_monsterinsights_skip_tracking":false,"_monsterinsights_sitenote_active":false,"_monsterinsights_sitenote_note":"","_monsterinsights_sitenote_category":0,"iawp_total_views":21},"product_cat":[15,39],"product_tag":[77],"class_list":{"0":"post-4556","1":"product","2":"type-product","3":"status-publish","4":"has-post-thumbnail","6":"product_cat-promotion","7":"product_cat-headphone","8":"product_tag-lenovo","10":"first","11":"instock","12":"sale","13":"taxable","14":"shipping-taxable","15":"purchasable","16":"product-type-simple"},"aioseo_notices":[],"jetpack-related-posts":[{"id":3106,"url":"https:\/\/bonprix-dz.com\/?product=m20-tws-%d8%b3%d9%85%d8%a7%d8%b9%d8%a7%d8%aa-%d9%84%d8%a7%d8%b3%d9%84%d9%83%d9%8a%d8%a9","url_meta":{"origin":4556,"position":0},"title":"M20 TWS \u0633\u0645\u0627\u0639\u0627\u062a \u0644\u0627\u0633\u0644\u0643\u064a\u0629","author":"bonprix-dz.com","date":"\u0633\u0628\u062a\u0645\u0628\u0631 15, 2023","format":false,"excerpt":"\u0627\u0633\u0645 \u0627\u0644\u0639\u0646\u0635\u0631: \u0633\u0645\u0627\u0639\u0629 \u0644\u0627\u0633\u0644\u0643\u064a\u0629 . \u0627\u0644\u0645\u0648\u0627\u062f : ABS \u060c \u0645\u0639\u062f\u0646 \u060c \u0643\u0645\u0628\u064a\u0648\u062a\u0631 . \u0627\u0644\u0625\u0635\u062f\u0627\u0631 \u0627\u0644\u0645\u062a\u0648\u0627\u0641\u0642 \u0645\u0639 \u0627\u0644\u0628\u0644\u0648\u062a\u0648\u062b : 5.3 . \u0633\u0639\u0629 \u0628\u0637\u0627\u0631\u064a\u0629 \u0633\u0645\u0627\u0639\u0629 \u0627\u0644\u0631\u0623\u0633 : 50 \u0645\u0644\u0644\u064a \u0623\u0645\u0628\u064a\u0631 . \u0633\u0639\u0629 \u0628\u0637\u0627\u0631\u064a\u0629 \u0635\u0646\u062f\u0648\u0642 \u0627\u0644\u0633\u0645\u0627\u0639\u0629 : 1200 \u0645\u0644\u0644\u064a \u0623\u0645\u0628\u064a\u0631 . \u0648\u0642\u062a \u0627\u0644\u0627\u0646\u062a\u0638\u0627\u0631 : \u062d\u0648\u0627\u0644\u064a 220 \u0633\u0627\u0639\u0629 . \u0645\u062f\u0629 \u0627\u0644\u062d\u064a\u0627\u0629 : \u062d\u0648\u0627\u0644\u064a 180\u2026","rel":"","context":"\u062a\u062f\u0648\u064a\u0646\u0629 \u0645\u0634\u0627\u0628\u0647\u0629","block_context":{"text":"\u062a\u062f\u0648\u064a\u0646\u0629 \u0645\u0634\u0627\u0628\u0647\u0629","link":""},"img":{"alt_text":"","src":"https:\/\/i0.wp.com\/bonprix-dz.com\/wp-content\/uploads\/2023\/09\/M20MM.jpg?fit=500%2C500&ssl=1&resize=350%2C200","width":350,"height":200},"classes":[]},{"id":3116,"url":"https:\/\/bonprix-dz.com\/?product=m90-pro-tws","url_meta":{"origin":4556,"position":1},"title":"M90 Pro TWS","author":"bonprix-dz.com","date":"\u0633\u0628\u062a\u0645\u0628\u0631 15, 2023","format":false,"excerpt":"\u0645\u0645\u064a\u0632\u0627\u062a \u0645\u0646\u062a\u062c M90 Pro: 1. \u064a\u0645\u0643\u0646 \u0641\u062a\u062d \u062d\u062c\u0631\u0629 \u0627\u0644\u0623\u0645\u062a\u0639\u0629 \u0627\u0644\u0645\u0646\u0632\u0644\u0642\u0629 \u0627\u0644\u062a\u064a \u062a\u0645\u062a \u062a\u0631\u0642\u064a\u062a\u0647\u0627 \u062d\u062f\u064a\u062b\u064b\u0627 \u0628\u0636\u063a\u0637\u0629 \u0644\u0637\u064a\u0641\u0629\u060c \u0648\u0641\u0643 \u0627\u0644\u0636\u063a\u0637 \u0639\u0644\u064a\u0647\u0627\u060c \u062b\u0645 \u062a\u062d\u0631\u064a\u0643\u0647\u0627 \u0644\u0644\u0639\u0645\u0644\u060c \u0648\u0627\u0644\u0627\u0633\u062a\u0645\u0627\u0639 \u0625\u0644\u0649 \u0627\u0644\u0623\u063a\u0627\u0646\u064a \u0644\u062a\u0647\u062f\u0626\u0629 \u0627\u0644\u062d\u0627\u0644\u0629 \u0627\u0644\u0645\u0632\u0627\u062c\u064a\u0629. 2. \u062d\u062c\u0631\u0629 \u0627\u0644\u0634\u062d\u0646 \u0630\u0627\u062a \u0627\u0644\u0633\u0639\u0629 \u0627\u0644\u0643\u0628\u064a\u0631\u0629 \u0645\u0632\u0648\u062f\u0629 \u0628\u0634\u0631\u064a\u062d\u0629 \u0628\u0644\u0648\u062a\u0648\u062b \u0645\u0646\u062e\u0641\u0636\u0629 \u0627\u0644\u0637\u0627\u0642\u0629\u060c \u0648\u0639\u0645\u0631 \u0627\u0644\u0628\u0637\u0627\u0631\u064a\u0629 \u0645\u0631\u062a\u0641\u0639 \u0643\u0645\u0627 \u0647\u0648 \u0627\u0644\u062d\u0627\u0644 \u062f\u0627\u0626\u0645\u064b\u0627\u060c \u0648\u0633\u0648\u0641 \u064a\u0631\u0627\u0641\u0642\u0643 \u0623\u0643\u062b\u0631 \u0645\u0646\u2026","rel":"","context":"\u062a\u062f\u0648\u064a\u0646\u0629 \u0645\u0634\u0627\u0628\u0647\u0629","block_context":{"text":"\u062a\u062f\u0648\u064a\u0646\u0629 \u0645\u0634\u0627\u0628\u0647\u0629","link":""},"img":{"alt_text":"","src":"https:\/\/i0.wp.com\/bonprix-dz.com\/wp-content\/uploads\/2023\/09\/mmmmmmmmmmm90.jpg?fit=800%2C800&ssl=1&resize=350%2C200","width":350,"height":200,"srcset":"https:\/\/i0.wp.com\/bonprix-dz.com\/wp-content\/uploads\/2023\/09\/mmmmmmmmmmm90.jpg?fit=800%2C800&ssl=1&resize=350%2C200 1x, https:\/\/i0.wp.com\/bonprix-dz.com\/wp-content\/uploads\/2023\/09\/mmmmmmmmmmm90.jpg?fit=800%2C800&ssl=1&resize=525%2C300 1.5x, https:\/\/i0.wp.com\/bonprix-dz.com\/wp-content\/uploads\/2023\/09\/mmmmmmmmmmm90.jpg?fit=800%2C800&ssl=1&resize=700%2C400 2x"},"classes":[]},{"id":3419,"url":"https:\/\/bonprix-dz.com\/?product=lenovo-lp80-5-0","url_meta":{"origin":4556,"position":2},"title":"LENOVO LP80 5.0","author":"bonprix-dz.com","date":"\u0623\u0643\u062a\u0648\u0628\u0631 22, 2023","format":false,"excerpt":"\u0647\u064a \u0633\u0645\u0627\u0639\u0629 \u0623\u0630\u0646 \u0628\u0644\u0648\u062a\u0648\u062b \u0644\u0627\u0633\u0644\u0643\u064a\u0629 \u0645\u0639 \u0627\u0644\u0639\u062f\u064a\u062f \u0645\u0646 \u0627\u0644\u0645\u064a\u0632\u0627\u062a \u0627\u0644\u0631\u0627\u0626\u0639\u0629 \u0645\u062b\u0644 \u0627\u0646\u062e\u0641\u0627\u0636 \u0627\u0633\u062a\u0647\u0644\u0627\u0643 \u0627\u0644\u0637\u0627\u0642\u0629 \u060c \u0648\u0627\u0644\u0627\u062a\u0635\u0627\u0644 \u0627\u0644\u0633\u0631\u064a\u0639 \u060c \u0648\u062a\u0623\u062e\u064a\u0631 \u0627\u0644\u0644\u0639\u0628\u0629 \u0627\u0644\u0645\u0646\u062e\u0641\u0636 \u060c \u0648\u0643\u0641\u0627\u0621\u0629 \u0627\u0644\u0646\u0642\u0644 \u0639\u0627\u0644\u064a \u0627\u0644\u0633\u0631\u0639\u0629 \u060c \u0648\u0645\u0632\u0627\u0645\u0646\u0629 \u0627\u0644\u0635\u0648\u0631 \u0648\u0627\u0644\u0635\u0648\u062a \u0627\u0644\u0648\u0627\u0636\u062d \u060c \u0628\u0627\u0644\u0625\u0636\u0627\u0641\u0629 \u0625\u0644\u0649 \u0634\u0631\u064a\u062d\u0629 Bluetooth 5.0. \u064a\u062d\u062a\u0648\u064a \u0639\u0644\u0649 \u0645\u0643\u0628\u0631 \u0635\u0648\u062a \u062f\u064a\u0646\u0627\u0645\u064a\u0643\u064a 13 \u0645\u0644\u0645 \u0644\u062a\u0633\u062a\u0645\u062a\u0639 \u0628\u0627\u0644\u0645\u0648\u0633\u064a\u0642\u0649 \u062b\u0644\u0627\u062b\u064a\u0629 \u0627\u0644\u0623\u0628\u0639\u0627\u062f \u0627\u0644\u0645\u062d\u064a\u0637\u0629. \u0639\u0644\u0627\u0648\u0629\u2026","rel":"","context":"\u062a\u062f\u0648\u064a\u0646\u0629 \u0645\u0634\u0627\u0628\u0647\u0629","block_context":{"text":"\u062a\u062f\u0648\u064a\u0646\u0629 \u0645\u0634\u0627\u0628\u0647\u0629","link":""},"img":{"alt_text":"","src":"https:\/\/i0.wp.com\/bonprix-dz.com\/wp-content\/uploads\/2023\/10\/11950411401342134565.jpg?fit=800%2C800&ssl=1&resize=350%2C200","width":350,"height":200,"srcset":"https:\/\/i0.wp.com\/bonprix-dz.com\/wp-content\/uploads\/2023\/10\/11950411401342134565.jpg?fit=800%2C800&ssl=1&resize=350%2C200 1x, https:\/\/i0.wp.com\/bonprix-dz.com\/wp-content\/uploads\/2023\/10\/11950411401342134565.jpg?fit=800%2C800&ssl=1&resize=525%2C300 1.5x, https:\/\/i0.wp.com\/bonprix-dz.com\/wp-content\/uploads\/2023\/10\/11950411401342134565.jpg?fit=800%2C800&ssl=1&resize=700%2C400 2x"},"classes":[]},{"id":3429,"url":"https:\/\/bonprix-dz.com\/?product=lenovo-xt96","url_meta":{"origin":4556,"position":3},"title":"Lenovo XT96","author":"bonprix-dz.com","date":"\u0623\u0643\u062a\u0648\u0628\u0631 22, 2023","format":false,"excerpt":"\u0627\u0644\u0648\u0635\u0641 \u0627\u0633\u0645 \u0627\u0644\u0639\u0644\u0627\u0645\u0629 \u0627\u0644\u062a\u062c\u0627\u0631\u064a\u0629: Lenovo \u0631\u0642\u0645 \u0627\u0644\u0645\u0648\u062f\u064a\u0644: XT96 \u0625\u0635\u062f\u0627\u0631 BT: 5.1.1 \u0645\u0633\u0627\u0641\u0629 \u0627\u0644\u0625\u0631\u0633\u0627\u0644: \u0645\u0627 \u064a\u0635\u0644 \u0625\u0644\u0649 10 \u0623\u0645\u062a\u0627\u0631 (\u0628\u062f\u0648\u0646 \u0639\u0627\u0626\u0642) \u0642\u0637\u0631 \u0627\u0644\u0642\u064a\u0627\u062f\u0629: 13 \u0645\u0644\u0644\u064a \u0645\u062a\u0631 \u0645\u062f\u0649 \u0627\u0644\u062a\u0631\u062f\u062f: 20-20 \u0643\u064a\u0644\u0648 \u0647\u0631\u062a\u0632 \u0627\u0644\u062d\u0633\u0627\u0633\u064a\u0629: 109dB \u00b1 3dB \u0645\u0642\u0627\u0648\u0645\u0629: 32\u03a9 \u0633\u0639\u0629 \u0628\u0637\u0627\u0631\u064a\u0629 \u0635\u0646\u062f\u0648\u0642 \u0627\u0644\u0634\u062d\u0646: 3.7 \u0641\u0648\u0644\u062a 300 \u0645\u0644\u0644\u064a \u0623\u0645\u0628\u064a\u0631 \u0633\u0639\u0629 \u0628\u0637\u0627\u0631\u064a\u0629 \u0627\u0644\u0633\u0645\u0627\u0639\u0629 (\u0644\u0643\u0644 \u0645\u0646\u0647\u0645\u0627):\u2026","rel":"","context":"\u062a\u062f\u0648\u064a\u0646\u0629 \u0645\u0634\u0627\u0628\u0647\u0629","block_context":{"text":"\u062a\u062f\u0648\u064a\u0646\u0629 \u0645\u0634\u0627\u0628\u0647\u0629","link":""},"img":{"alt_text":"","src":"https:\/\/i0.wp.com\/bonprix-dz.com\/wp-content\/uploads\/2023\/10\/825797354-785004141.jpg?fit=800%2C800&ssl=1&resize=350%2C200","width":350,"height":200,"srcset":"https:\/\/i0.wp.com\/bonprix-dz.com\/wp-content\/uploads\/2023\/10\/825797354-785004141.jpg?fit=800%2C800&ssl=1&resize=350%2C200 1x, https:\/\/i0.wp.com\/bonprix-dz.com\/wp-content\/uploads\/2023\/10\/825797354-785004141.jpg?fit=800%2C800&ssl=1&resize=525%2C300 1.5x, https:\/\/i0.wp.com\/bonprix-dz.com\/wp-content\/uploads\/2023\/10\/825797354-785004141.jpg?fit=800%2C800&ssl=1&resize=700%2C400 2x"},"classes":[]},{"id":3314,"url":"https:\/\/bonprix-dz.com\/?product=x15-gaming-earphone","url_meta":{"origin":4556,"position":4},"title":"X15 Gaming Earphone","author":"bonprix-dz.com","date":"\u0633\u0628\u062a\u0645\u0628\u0631 26, 2023","format":false,"excerpt":"\u0646\u0638\u0631\u0629 \u0639\u0627\u0645\u0629 \u2022 \u0632\u0645\u0646 \u0627\u0633\u062a\u062c\u0627\u0628\u0629 \u0645\u0646\u062e\u0641\u0636 \u0645\u0646 65Ms :\u0627\u0633\u062a\u0645\u062a\u0639 \u0628\u0635\u0648\u062a \u0633\u0644\u0633 \u0645\u0639 \u0632\u0645\u0646 \u0627\u0633\u062a\u062c\u0627\u0628\u0629 \u0645\u0646\u062e\u0641\u0636 65 \u0645\u0644\u0644\u064a \u062b\u0627\u0646\u064a\u0629 \u060c \u0645\u0645\u0627 \u064a\u0636\u0645\u0646 \u0639\u062f\u0645 \u062a\u0641\u0648\u064a\u062a \u0623\u064a \u0636\u0631\u0628\u0627\u062a. \u2022 \u0627\u062a\u0635\u0627\u0644 \u0644\u0627\u0633\u0644\u0643\u064a \u0628\u0644\u0648\u062a\u0648\u062b :\u0642\u0644 \u0648\u062f\u0627\u0639\u064b\u0627 \u0644\u0644\u0623\u0633\u0644\u0627\u0643 \u0627\u0644\u0634\u0627\u0626\u0643\u0629 \u0648\u0627\u0633\u062a\u0645\u062a\u0639 \u0628\u062d\u0631\u064a\u0629 \u0627\u0644\u0627\u062a\u0635\u0627\u0644 \u0627\u0644\u0644\u0627\u0633\u0644\u0643\u064a \u0645\u0639 \u0627\u0644\u0628\u0644\u0648\u062a\u0648\u062b. \u2022 \u062a\u0635\u0645\u064a\u0645 \u062f\u0627\u062e\u0644 \u0627\u0644\u0623\u0630\u0646 :\u0627\u062d\u0635\u0644 \u0639\u0644\u0649 \u062a\u0646\u0627\u0633\u0628 \u0645\u0631\u064a\u062d \u0648\u0622\u0645\u0646 \u0645\u0639 \u062a\u0635\u0645\u064a\u0645\u2026","rel":"","context":"\u062a\u062f\u0648\u064a\u0646\u0629 \u0645\u0634\u0627\u0628\u0647\u0629","block_context":{"text":"\u062a\u062f\u0648\u064a\u0646\u0629 \u0645\u0634\u0627\u0628\u0647\u0629","link":""},"img":{"alt_text":"","src":"https:\/\/i0.wp.com\/bonprix-dz.com\/wp-content\/uploads\/2023\/09\/28513606236144618.jpg?fit=800%2C800&ssl=1&resize=350%2C200","width":350,"height":200,"srcset":"https:\/\/i0.wp.com\/bonprix-dz.com\/wp-content\/uploads\/2023\/09\/28513606236144618.jpg?fit=800%2C800&ssl=1&resize=350%2C200 1x, https:\/\/i0.wp.com\/bonprix-dz.com\/wp-content\/uploads\/2023\/09\/28513606236144618.jpg?fit=800%2C800&ssl=1&resize=525%2C300 1.5x, https:\/\/i0.wp.com\/bonprix-dz.com\/wp-content\/uploads\/2023\/09\/28513606236144618.jpg?fit=800%2C800&ssl=1&resize=700%2C400 2x"},"classes":[]},{"id":3356,"url":"https:\/\/bonprix-dz.com\/?product=lenovo-lp40-tws","url_meta":{"origin":4556,"position":5},"title":"Lenovo LP40 TWS","author":"bonprix-dz.com","date":"\u0623\u0643\u062a\u0648\u0628\u0631 6, 2023","format":false,"excerpt":"Caract\u00e9ristiques techniques : TYPE \u00c9couteurs Sans Fil MARQUE Lenovo R\u00c9F\u00c9RENCE LP40 COULEUR Blanc TEMPS DE TRAVAIL 4-6 heures PORT\u00c9E BLUETOOTH 10 m\u00e8tres MANI\u00c8RE DE CHARGE Type C CAPACIT\u00c9 DE LA BATTERIE Bo\u00eetier 300 mAh \/ Oreillettes 40 mAh DIMENSIONS Bo\u00eetier 10 x 8 x 4 cm \/ Oreillettes 8 x\u2026","rel":"","context":"\u062a\u062f\u0648\u064a\u0646\u0629 \u0645\u0634\u0627\u0628\u0647\u0629","block_context":{"text":"\u062a\u062f\u0648\u064a\u0646\u0629 \u0645\u0634\u0627\u0628\u0647\u0629","link":""},"img":{"alt_text":"","src":"https:\/\/i0.wp.com\/bonprix-dz.com\/wp-content\/uploads\/2023\/10\/2878012202028739447.jpg?fit=800%2C800&ssl=1&resize=350%2C200","width":350,"height":200,"srcset":"https:\/\/i0.wp.com\/bonprix-dz.com\/wp-content\/uploads\/2023\/10\/2878012202028739447.jpg?fit=800%2C800&ssl=1&resize=350%2C200 1x, https:\/\/i0.wp.com\/bonprix-dz.com\/wp-content\/uploads\/2023\/10\/2878012202028739447.jpg?fit=800%2C800&ssl=1&resize=525%2C300 1.5x, https:\/\/i0.wp.com\/bonprix-dz.com\/wp-content\/uploads\/2023\/10\/2878012202028739447.jpg?fit=800%2C800&ssl=1&resize=700%2C400 2x"},"classes":[]}],"_links":{"self":[{"href":"https:\/\/bonprix-dz.com\/index.php?rest_route=\/wp\/v2\/product\/4556","targetHints":{"allow":["GET"]}}],"collection":[{"href":"https:\/\/bonprix-dz.com\/index.php?rest_route=\/wp\/v2\/product"}],"about":[{"href":"https:\/\/bonprix-dz.com\/index.php?rest_route=\/wp\/v2\/types\/product"}],"replies":[{"embeddable":true,"href":"https:\/\/bonprix-dz.com\/index.php?rest_route=%2Fwp%2Fv2%2Fcomments&post=4556"}],"version-history":[{"count":1,"href":"https:\/\/bonprix-dz.com\/index.php?rest_route=\/wp\/v2\/product\/4556\/revisions"}],"predecessor-version":[{"id":4561,"href":"https:\/\/bonprix-dz.com\/index.php?rest_route=\/wp\/v2\/product\/4556\/revisions\/4561"}],"wp:featuredmedia":[{"embeddable":true,"href":"https:\/\/bonprix-dz.com\/index.php?rest_route=\/wp\/v2\/media\/4555"}],"wp:attachment":[{"href":"https:\/\/bonprix-dz.com\/index.php?rest_route=%2Fwp%2Fv2%2Fmedia&parent=4556"}],"wp:term":[{"taxonomy":"product_cat","embeddable":true,"href":"https:\/\/bonprix-dz.com\/index.php?rest_route=%2Fwp%2Fv2%2Fproduct_cat&post=4556"},{"taxonomy":"product_tag","embeddable":true,"href":"https:\/\/bonprix-dz.com\/index.php?rest_route=%2Fwp%2Fv2%2Fproduct_tag&post=4556"}],"curies":[{"name":"wp","href":"https:\/\/api.w.org\/{rel}","templated":true}]}}