{"id":4569,"date":"2024-10-05T14:54:07","date_gmt":"2024-10-05T14:54:07","guid":{"rendered":"https:\/\/bonprix-dz.com\/?post_type=product&#038;p=4569"},"modified":"2025-12-17T00:29:27","modified_gmt":"2025-12-17T00:29:27","slug":"soundcore-by-anker-a20i","status":"publish","type":"product","link":"https:\/\/bonprix-dz.com\/?product=soundcore-by-anker-a20i","title":{"rendered":"Soundcore by Anker A20i"},"content":{"rendered":"<h4><span style=\"font-size: 12pt;\"><strong>Bluetooth 5.3, application, son personnalis\u00e9, autonomie de 28 heures, r\u00e9sistant \u00e0 l&#8217;eau<\/strong><\/span><\/h4>\n<p><strong>\u0635\u0648\u062a \u0645\u062e\u0635\u0635:<\/strong> \u0627\u062e\u062a\u0631 \u0645\u0646 \u0628\u064a\u0646 22 \u0645\u064f\u0639\u0627\u062f\u0644 \u0635\u0648\u062a \u0645\u064f\u0639\u062f \u0645\u0633\u0628\u0642\u064b\u0627 \u0641\u064a \u062a\u0637\u0628\u064a\u0642 soundcore \u0648\u0642\u0645 \u0628\u062a\u062e\u0635\u064a\u0635 \u0639\u0646\u0627\u0635\u0631 \u0627\u0644\u062a\u062d\u0643\u0645 \u0641\u064a \u0627\u0644\u0646\u0642\u0631. \u0627\u0633\u062a\u062e\u062f\u0645 \u0625\u0639\u062f\u0627\u062f BassUp \u0627\u0644\u0645\u0645\u064a\u0632 \u0627\u0644\u062e\u0627\u0635 \u0628\u0640 soundcore \u0644\u062a\u0639\u0632\u064a\u0632 \u0635\u0648\u062a \u0627\u0644\u062c\u0647\u064a\u0631.<br \/>\n\u0648\u0642\u062a \u062a\u0634\u063a\u064a\u0644 \u0637\u0648\u064a\u0644 \u0648\u0634\u062d\u0646 \u0633\u0631\u064a\u0639: \u0627\u062d\u0635\u0644 \u0639\u0644\u0649 9 \u0633\u0627\u0639\u0627\u062a \u0645\u0646 \u0648\u0642\u062a \u0627\u0644\u062a\u0634\u063a\u064a\u0644 \u0628\u0634\u062d\u0646\u0629 \u0648\u0627\u062d\u062f\u0629 \u062a\u0645\u062a\u062f \u0625\u0644\u0649 28 \u0633\u0627\u0639\u0629 \u0645\u0639 \u0639\u0644\u0628\u0629 \u0627\u0644\u0634\u062d\u0646. \u0627\u0634\u062d\u0646 \u0633\u0645\u0627\u0639\u0627\u062a \u0627\u0644\u0623\u0630\u0646 \u0627\u0644\u0644\u0627\u0633\u0644\u0643\u064a\u0629 soundcore A20i True \u0644\u0645\u062f\u0629 10 \u062f\u0642\u0627\u0626\u0642 \u0644\u0633\u0627\u0639\u062a\u064a\u0646 \u0625\u0636\u0627\u0641\u064a\u062a\u064a\u0646 \u0645\u0646 \u0648\u0642\u062a \u0627\u0644\u062a\u0634\u063a\u064a\u0644\u060c \u062d\u062a\u0649 \u062a\u062a\u0645\u0643\u0646 \u0645\u0646 \u0627\u0644\u0634\u062d\u0646 \u0623\u062b\u0646\u0627\u0621 \u0627\u0644\u062a\u0646\u0642\u0644.<br \/>\n<strong>\u0645\u0635\u0645\u0645\u0629 \u0644\u0633\u0647\u0648\u0644\u0629 \u0627\u0644\u062d\u0645\u0644:<\/strong> \u062a\u062a\u0645\u064a\u0632 \u0633\u0645\u0627\u0639\u0627\u062a \u0627\u0644\u0623\u0630\u0646 \u0627\u0644\u0644\u0627\u0633\u0644\u0643\u064a\u0629 soundcore A20i \u0628\u0623\u0646\u0647\u0627 \u0635\u063a\u064a\u0631\u0629 \u0648\u062e\u0641\u064a\u0641\u0629 \u0627\u0644\u0648\u0632\u0646 \u0645\u0639 \u0639\u0644\u0628\u0629 \u0645\u062f\u0645\u062c\u0629. \u0643\u0645\u0627 \u0623\u0646\u0647\u0627 \u062a\u0623\u062a\u064a \u0645\u0639 \u062d\u0628\u0644 \u0642\u0635\u064a\u0631\u060c \u0644\u0630\u0644\u0643 \u0644\u0627 \u062f\u0627\u0639\u064a \u0644\u0644\u0642\u0644\u0642 \u0628\u0634\u0623\u0646 \u0627\u0644\u0645\u0633\u0627\u062d\u0629 \u0641\u064a \u062d\u0642\u064a\u0628\u062a\u0643 \u0623\u0648 \u062c\u064a\u0648\u0628\u0643.<br \/>\n\u0645\u0643\u0627\u0644\u0645\u0627\u062a \u0648\u0627\u0636\u062d\u0629 \u0645\u0639\u0632\u0632\u0629 \u0628\u0627\u0644\u0630\u0643\u0627\u0621 \u0627\u0644\u0627\u0635\u0637\u0646\u0627\u0639\u064a: \u062a\u0636\u0645\u0646 \u062e\u0648\u0627\u0631\u0632\u0645\u064a\u0629 \u0627\u0644\u0630\u0643\u0627\u0621 \u0627\u0644\u0627\u0635\u0637\u0646\u0627\u0639\u064a \u0648\u0645\u064a\u0643\u0631\u0648\u0641\u0648\u0646\u0627\u0646 \u0645\u062f\u0645\u062c\u0627\u0646 \u0633\u0645\u0627\u0639 \u0635\u0648\u062a\u0643 \u0628\u0648\u0636\u0648\u062d \u062f\u0627\u0626\u0645\u064b\u0627 \u0623\u062b\u0646\u0627\u0621 \u0627\u0644\u0645\u0643\u0627\u0644\u0645\u0627\u062a\u060c \u0628\u063a\u0636 \u0627\u0644\u0646\u0638\u0631 \u0639\u0646 \u0645\u062f\u0649 \u0627\u0644\u0636\u0648\u0636\u0627\u0621 \u0627\u0644\u0645\u062d\u064a\u0637\u0629 \u0628\u0643.<br \/>\n<strong>\u062e\u0641\u064a\u0641\u0629 \u0627\u0644\u0648\u0632\u0646 \u0648\u0645\u0631\u064a\u062d\u0629:<\/strong> \u0627\u0633\u062a\u0645\u062a\u0639 \u0628\u062c\u0644\u0633\u0627\u062a \u0627\u0633\u062a\u0645\u0627\u0639 \u0645\u0645\u062a\u062f\u0629 \u0648\u0631\u0627\u062d\u0629 \u0627\u0633\u062a\u062b\u0646\u0627\u0626\u064a\u0629 \u0628\u0641\u0636\u0644 \u0627\u0644\u062a\u0635\u0645\u064a\u0645 \u0627\u0644\u0645\u0631\u064a\u062d \u0648\u062e\u0641\u064a\u0641 \u0627\u0644\u0648\u0632\u0646 \u0644\u0633\u0645\u0627\u0639\u0627\u062a \u0627\u0644\u0623\u0630\u0646 \u0627\u0644\u0644\u0627\u0633\u0644\u0643\u064a\u0629 \u0627\u0644\u062d\u0642\u064a\u0642\u064a\u0629 A20i.<br \/>\n<strong>\u0627\u062a\u0635\u0627\u0644 \u0633\u0647\u0644 \u0648\u0645\u0633\u062a\u0642\u0631:<\/strong> \u0628\u0639\u062f \u0627\u0644\u0627\u0642\u062a\u0631\u0627\u0646 \u0627\u0644\u0633\u0647\u0644 \u0644\u0623\u0648\u0644 \u0645\u0631\u0629\u060c \u062a\u062a\u0635\u0644 \u0633\u0645\u0627\u0639\u0627\u062a \u0627\u0644\u0623\u0630\u0646 \u062a\u0644\u0642\u0627\u0626\u064a\u064b\u0627 \u0628\u0627\u0644\u062c\u0647\u0627\u0632 \u0627\u0644\u0623\u062e\u064a\u0631 \u0627\u0644\u0645\u0642\u062a\u0631\u0646 \u0639\u0646\u062f \u0625\u062e\u0631\u0627\u062c\u0647\u0627 \u0645\u0646 \u0627\u0644\u0639\u0644\u0628\u0629. \u062a\u0633\u062a\u062e\u062f\u0645 \u0633\u0645\u0627\u0639\u0627\u062a \u0627\u0644\u0623\u0630\u0646 \u0623\u064a\u0636\u064b\u0627 \u062a\u0642\u0646\u064a\u0629 Bluetooth 5.3\u060c \u0644\u0627\u062a\u0635\u0627\u0644 \u0633\u0631\u064a\u0639 \u0648\u0645\u0633\u062a\u0642\u0631.<\/p>\n","protected":false},"excerpt":{"rendered":"<p>Bluetooth 5.3, application, son personnalis\u00e9, autonomie de 28 heures, r\u00e9sistant \u00e0 l&#8217;eau \u0635\u0648\u062a \u0645\u062e\u0635\u0635: \u0627\u062e\u062a\u0631 \u0645\u0646 \u0628\u064a\u0646 22 \u0645\u064f\u0639\u0627\u062f\u0644 \u0635\u0648\u062a<\/p>\n","protected":false},"featured_media":4570,"comment_status":"open","ping_status":"closed","template":"","meta":{"om_disable_all_campaigns":false,"_monsterinsights_skip_tracking":false,"_monsterinsights_sitenote_active":false,"_monsterinsights_sitenote_note":"","_monsterinsights_sitenote_category":0,"iawp_total_views":74},"product_cat":[39],"product_tag":[69],"class_list":{"0":"post-4569","1":"product","2":"type-product","3":"status-publish","4":"has-post-thumbnail","6":"product_cat-headphone","7":"product_tag-anker","9":"first","10":"instock","11":"taxable","12":"shipping-taxable","13":"purchasable","14":"product-type-simple"},"aioseo_notices":[],"jetpack-related-posts":[{"id":3314,"url":"https:\/\/bonprix-dz.com\/?product=x15-gaming-earphone","url_meta":{"origin":4569,"position":0},"title":"X15 Gaming Earphone","author":"bonprix-dz.com","date":"\u0633\u0628\u062a\u0645\u0628\u0631 26, 2023","format":false,"excerpt":"\u0646\u0638\u0631\u0629 \u0639\u0627\u0645\u0629 \u2022 \u0632\u0645\u0646 \u0627\u0633\u062a\u062c\u0627\u0628\u0629 \u0645\u0646\u062e\u0641\u0636 \u0645\u0646 65Ms :\u0627\u0633\u062a\u0645\u062a\u0639 \u0628\u0635\u0648\u062a \u0633\u0644\u0633 \u0645\u0639 \u0632\u0645\u0646 \u0627\u0633\u062a\u062c\u0627\u0628\u0629 \u0645\u0646\u062e\u0641\u0636 65 \u0645\u0644\u0644\u064a \u062b\u0627\u0646\u064a\u0629 \u060c \u0645\u0645\u0627 \u064a\u0636\u0645\u0646 \u0639\u062f\u0645 \u062a\u0641\u0648\u064a\u062a \u0623\u064a \u0636\u0631\u0628\u0627\u062a. \u2022 \u0627\u062a\u0635\u0627\u0644 \u0644\u0627\u0633\u0644\u0643\u064a \u0628\u0644\u0648\u062a\u0648\u062b :\u0642\u0644 \u0648\u062f\u0627\u0639\u064b\u0627 \u0644\u0644\u0623\u0633\u0644\u0627\u0643 \u0627\u0644\u0634\u0627\u0626\u0643\u0629 \u0648\u0627\u0633\u062a\u0645\u062a\u0639 \u0628\u062d\u0631\u064a\u0629 \u0627\u0644\u0627\u062a\u0635\u0627\u0644 \u0627\u0644\u0644\u0627\u0633\u0644\u0643\u064a \u0645\u0639 \u0627\u0644\u0628\u0644\u0648\u062a\u0648\u062b. \u2022 \u062a\u0635\u0645\u064a\u0645 \u062f\u0627\u062e\u0644 \u0627\u0644\u0623\u0630\u0646 :\u0627\u062d\u0635\u0644 \u0639\u0644\u0649 \u062a\u0646\u0627\u0633\u0628 \u0645\u0631\u064a\u062d \u0648\u0622\u0645\u0646 \u0645\u0639 \u062a\u0635\u0645\u064a\u0645\u2026","rel":"","context":"\u062a\u062f\u0648\u064a\u0646\u0629 \u0645\u0634\u0627\u0628\u0647\u0629","block_context":{"text":"\u062a\u062f\u0648\u064a\u0646\u0629 \u0645\u0634\u0627\u0628\u0647\u0629","link":""},"img":{"alt_text":"","src":"https:\/\/i0.wp.com\/bonprix-dz.com\/wp-content\/uploads\/2023\/09\/28513606236144618.jpg?fit=800%2C800&ssl=1&resize=350%2C200","width":350,"height":200,"srcset":"https:\/\/i0.wp.com\/bonprix-dz.com\/wp-content\/uploads\/2023\/09\/28513606236144618.jpg?fit=800%2C800&ssl=1&resize=350%2C200 1x, https:\/\/i0.wp.com\/bonprix-dz.com\/wp-content\/uploads\/2023\/09\/28513606236144618.jpg?fit=800%2C800&ssl=1&resize=525%2C300 1.5x, https:\/\/i0.wp.com\/bonprix-dz.com\/wp-content\/uploads\/2023\/09\/28513606236144618.jpg?fit=800%2C800&ssl=1&resize=700%2C400 2x"},"classes":[]},{"id":53,"url":"https:\/\/bonprix-dz.com\/?product=variable-product-example","url_meta":{"origin":4569,"position":1},"title":"A22 TWS \u0633\u0645\u0627\u0639\u0627\u062a \u0644\u0627\u0633\u0644\u0643\u064a\u0629","author":"bonprix-dz.com","date":"\u064a\u0648\u0646\u064a\u0648 14, 2017","format":false,"excerpt":"\u0645\u0639\u0644\u0645\u0627\u062a \u0627\u0644\u0645\u0646\u062a\u062c 1-\u0627\u0644\u0646\u0645\u0648\u0630\u062c: ay 2. \u0646\u0633\u062e\u0629 \u0628\u0644\u0648\u062a\u0648\u062b: V5.3 3. \u0633\u0639\u0629 \u0633\u0645\u0627\u0639\u0629 \u0648\u0627\u062d\u062f\u0629: 40 \u0645\u0644\u0644\u064a \u0623\u0645\u0628\u064a\u0631. 4. \u0635\u0646\u062f\u0648\u0642 \u0634\u062d\u0646 Betty: \u060c mAh. 5. \u0648\u0642\u062a \u0627\u0644\u0639\u0645\u0644: 3 ~ 4 \u0633\u0627\u0639\u0627\u062a 6. \u0632\u0645\u0646 \u0627\u0644\u0627\u0633\u062a\u0639\u062f\u0627\u062f: 2.8\/\u0633\u0627\u0639\u0629. \u0644\u0644\u0623\u0630\u0646 \u0627\u0644\u0648\u0627\u062d\u062f\u0629 (\u0627\u0644\u0627\u0633\u062a\u062e\u062f\u0627\u0645 \u0645\u0639 \u0639\u0644\u0628\u0629 \u0627\u0644\u0634\u062d\u0646) 7. \u0648\u0642\u062a \u0627\u0644\u0634\u062d\u0646: \u062d\u0648\u0627\u0644\u064a \u0633\u0627\u0639\u0629 \u0648\u0627\u062d\u062f\u0629 8. \u0644\u0644\u0645\u0627\u0621: IPX5 \u0644\u0644\u0645\u0627\u0621 9. \u0625\u0635\u062f\u0627\u0631\u2026","rel":"","context":"\u062a\u062f\u0648\u064a\u0646\u0629 \u0645\u0634\u0627\u0628\u0647\u0629","block_context":{"text":"\u062a\u062f\u0648\u064a\u0646\u0629 \u0645\u0634\u0627\u0628\u0647\u0629","link":""},"img":{"alt_text":"","src":"https:\/\/i0.wp.com\/bonprix-dz.com\/wp-content\/uploads\/2017\/06\/fa2aa87a51086b4d1a42c7626144d5b6fdf08436_original.jpeg?fit=800%2C800&ssl=1&resize=350%2C200","width":350,"height":200,"srcset":"https:\/\/i0.wp.com\/bonprix-dz.com\/wp-content\/uploads\/2017\/06\/fa2aa87a51086b4d1a42c7626144d5b6fdf08436_original.jpeg?fit=800%2C800&ssl=1&resize=350%2C200 1x, https:\/\/i0.wp.com\/bonprix-dz.com\/wp-content\/uploads\/2017\/06\/fa2aa87a51086b4d1a42c7626144d5b6fdf08436_original.jpeg?fit=800%2C800&ssl=1&resize=525%2C300 1.5x, https:\/\/i0.wp.com\/bonprix-dz.com\/wp-content\/uploads\/2017\/06\/fa2aa87a51086b4d1a42c7626144d5b6fdf08436_original.jpeg?fit=800%2C800&ssl=1&resize=700%2C400 2x"},"classes":[]},{"id":49,"url":"https:\/\/bonprix-dz.com\/?product=wine-bottle-lantern","url_meta":{"origin":4569,"position":2},"title":"\u0633\u0645\u0627\u0639\u0627\u062a \u0628\u0644\u0648\u062a\u0648\u062b \u0644\u0627\u0633\u0644\u0643\u064a\u0629 Esports","author":"bonprix-dz.com","date":"\u064a\u0648\u0646\u064a\u0648 14, 2017","format":false,"excerpt":"\u0638\u0631\u0629 \u0639\u0627\u0645\u0629 \u0627\u0644\u0627\u0628\u0644\u0627\u063a \u0639\u0646 \u0639\u0646\u0635\u0631 \u2022 \u0625\u0644\u063a\u0627\u0621 \u0627\u0644\u0636\u0648\u0636\u0627\u0621 \u0627\u0644\u0646\u0634\u0637 :\u062d\u062c\u0628 \u0627\u0644\u0636\u0648\u0636\u0627\u0621 \u063a\u064a\u0631 \u0627\u0644\u0645\u0631\u063a\u0648\u0628 \u0641\u064a\u0647\u0627 \u0648\u062a\u0632\u062c \u0646\u0641\u0633\u0643 \u0641\u064a \u0627\u0644\u0645\u0648\u0633\u064a\u0642\u0649 \u0627\u0644\u062e\u0627\u0635\u0629 \u0628\u0643 \u0645\u0639 \u0645\u064a\u0632\u0629 \u0625\u0644\u063a\u0627\u0621 \u0627\u0644\u0636\u0648\u0636\u0627\u0621 \u0627\u0644\u0646\u0634\u0637\u0629 \u0641\u064a \u0633\u0645\u0627\u0639\u0627\u062a \u0627\u0644\u0623\u0630\u0646. \u2022 \u0628\u0644\u0648\u062a\u0648\u062b 5.0 :\u062a\u0645\u062a\u0639 \u0628\u0627\u062a\u0635\u0627\u0644\u0627\u062a \u0623\u0633\u0631\u0639 \u0648\u0623\u0643\u062b\u0631 \u0627\u0633\u062a\u0642\u0631\u0627\u0631\u064b\u0627 \u0628\u0627\u0633\u062a\u062e\u062f\u0627\u0645 \u0623\u062d\u062f\u062b \u062a\u0642\u0646\u064a\u0629 \u0628\u0644\u0648\u062a\u0648\u062b 5.0. \u2022 \u0627\u0644\u062a\u062d\u0643\u0645 \u0641\u064a \u0627\u0644\u0635\u0648\u062a :\u0636\u0628\u0637 \u0645\u0633\u062a\u0648\u0649 \u0635\u0648\u062a \u0627\u0644\u0645\u0648\u0633\u064a\u0642\u0649 \u0623\u0648\u2026","rel":"","context":"\u062a\u062f\u0648\u064a\u0646\u0629 \u0645\u0634\u0627\u0628\u0647\u0629","block_context":{"text":"\u062a\u062f\u0648\u064a\u0646\u0629 \u0645\u0634\u0627\u0628\u0647\u0629","link":""},"img":{"alt_text":"","src":"https:\/\/i0.wp.com\/bonprix-dz.com\/wp-content\/uploads\/2017\/06\/Esports.jpg?fit=800%2C800&ssl=1&resize=350%2C200","width":350,"height":200,"srcset":"https:\/\/i0.wp.com\/bonprix-dz.com\/wp-content\/uploads\/2017\/06\/Esports.jpg?fit=800%2C800&ssl=1&resize=350%2C200 1x, https:\/\/i0.wp.com\/bonprix-dz.com\/wp-content\/uploads\/2017\/06\/Esports.jpg?fit=800%2C800&ssl=1&resize=525%2C300 1.5x, https:\/\/i0.wp.com\/bonprix-dz.com\/wp-content\/uploads\/2017\/06\/Esports.jpg?fit=800%2C800&ssl=1&resize=700%2C400 2x"},"classes":[]},{"id":4588,"url":"https:\/\/bonprix-dz.com\/?product=hoco-eq11","url_meta":{"origin":4569,"position":3},"title":"HOCO EQ11","author":"bonprix-dz.com","date":"\u0623\u0643\u062a\u0648\u0628\u0631 7, 2024","format":false,"excerpt":"\u0646\u0638\u0631\u0629 \u0639\u0627\u0645\u0629 \u00a0 HOCO EQ11 \u0635\u062d\u064a\u062d \u0627\u0644\u0644\u0627\u0633\u0644\u0643\u064a\u0629 ANC \u0627\u0644\u062d\u062f \u0645\u0646 \u0627\u0644\u0636\u0648\u0636\u0627\u0621 \u0633\u0645\u0627\u0639\u0629 \u0628\u0644\u0648\u062a\u0648\u062b \u0627\u0644\u0645\u062f\u0645\u062c \u0641\u064a \u0645\u064a\u0643\u0631\u0648\u0641\u0648\u0646 \u0627\u0644\u062a\u062d\u0643\u0645 \u0628\u0627\u0644\u0644\u0645\u0633 \u0633\u0645\u0627\u0639\u0627\u062a \u0623\u0630\u0646 \u0633\u062a\u064a\u0631\u064a\u0648 \u062f\u0627\u062e\u0644 \u0627\u0644\u0623\u0630\u0646 \u0627\u0644\u0645\u0645\u064a\u0632\u0627\u062a : 1. \u0645\u0648\u0627\u0635\u0641\u0627\u062a \u0627\u0644\u0628\u0644\u0648\u062a\u0648\u062b: \u0628\u0644\u0648\u062a\u0648\u062b V5.3\u060c \u062c\u064a\u0644\u064a AC6973D4 \u0628\u0631\u0648\u062a\u0648\u0643\u0648\u0644 \u0627\u0644\u062f\u0639\u0645: \u0633\u0645\u0627\u0639\u0629 \u0627\u0644\u0631\u0623\u0633 \u0628\u062f\u0648\u0646 \u0627\u0633\u062a\u062e\u062f\u0627\u0645 \u0627\u0644\u064a\u062f\u064a\u0646 A2DPAvrcp 2. \u0646\u0637\u0627\u0642 \u0627\u0644\u0625\u0631\u0633\u0627\u0644 10 \u0623\u0645\u062a\u0627\u0631 \u0645\u0639\u062f\u0644 \u0627\u0644\u0625\u0631\u0633\u0627\u0644 24 \u062c\u064a\u062c\u0627 \u0647\u0631\u062a\u0632\u2026","rel":"","context":"\u062a\u062f\u0648\u064a\u0646\u0629 \u0645\u0634\u0627\u0628\u0647\u0629","block_context":{"text":"\u062a\u062f\u0648\u064a\u0646\u0629 \u0645\u0634\u0627\u0628\u0647\u0629","link":""},"img":{"alt_text":"","src":"https:\/\/i0.wp.com\/bonprix-dz.com\/wp-content\/uploads\/2024\/10\/S19d4ca8da0324693b0b32c8c4cef3074f.avif?resize=350%2C200&ssl=1","width":350,"height":200,"srcset":"https:\/\/i0.wp.com\/bonprix-dz.com\/wp-content\/uploads\/2024\/10\/S19d4ca8da0324693b0b32c8c4cef3074f.avif?resize=350%2C200&ssl=1 1x, https:\/\/i0.wp.com\/bonprix-dz.com\/wp-content\/uploads\/2024\/10\/S19d4ca8da0324693b0b32c8c4cef3074f.avif?resize=525%2C300&ssl=1 1.5x, https:\/\/i0.wp.com\/bonprix-dz.com\/wp-content\/uploads\/2024\/10\/S19d4ca8da0324693b0b32c8c4cef3074f.avif?resize=700%2C400&ssl=1 2x"},"classes":[]},{"id":3185,"url":"https:\/\/bonprix-dz.com\/?product=apple-airpods-pro","url_meta":{"origin":4569,"position":4},"title":"Apple AirPods Pro","author":"bonprix-dz.com","date":"\u0633\u0628\u062a\u0645\u0628\u0631 23, 2023","format":false,"excerpt":"\u064a\u0639\u0645\u0644 \u0625\u0644\u063a\u0627\u0621 \u0627\u0644\u0636\u0648\u0636\u0627\u0621 \u0627\u0644\u0646\u0634\u0637 \u0639\u0644\u0649 \u0645\u0646\u0639 \u0627\u0644\u0636\u0648\u0636\u0627\u0621 \u0627\u0644\u062e\u0627\u0631\u062c\u064a\u0629 \u063a\u064a\u0631 \u0627\u0644\u0645\u0631\u063a\u0648\u0628 \u0641\u064a\u0647\u0627 \u062a\u062a\u064a\u062d \u0627\u0644\u0634\u0641\u0627\u0641\u064a\u0629 \u0627\u0644\u062a\u0643\u064a\u0641\u064a\u0629 \u0645\u0631\u0648\u0631 \u0627\u0644\u0623\u0635\u0648\u0627\u062a \u0627\u0644\u062e\u0627\u0631\u062c\u064a\u0629 \u0645\u0639 \u062a\u0642\u0644\u064a\u0644 \u0627\u0644\u0636\u0648\u0636\u0627\u0621 \u0627\u0644\u062a\u064a \u062a\u0635\u0645 \u0627\u0644\u0622\u0630\u0627\u0646 \u0627\u0644\u0635\u0648\u062a \u0627\u0644\u0645\u0643\u0627\u0646\u064a \u0627\u0644\u0645\u062e\u0635\u0635 \u0645\u0639 \u062a\u062a\u0628\u0639 \u0627\u0644\u0631\u0623\u0633 \u0627\u0644\u062f\u064a\u0646\u0627\u0645\u064a\u0643\u064a \u064a\u063a\u0645\u0631\u0643 \u0628\u0635\u0648\u062a 360 \u062f\u0631\u062c\u0629 \u0646\u0635\u0627\u0626\u062d \u0628\u0639\u062f\u0629 \u0645\u0642\u0627\u0633\u0627\u062a (XS\u060c S\u060c M\u060c L) \u064a\u062a\u064a\u062d \u0644\u0643 \u0627\u0644\u062a\u062d\u0643\u0645 \u0628\u0627\u0644\u0644\u0645\u0633 \u0627\u0644\u062a\u0645\u0631\u064a\u0631 \u0644\u0636\u0628\u0637 \u0645\u0633\u062a\u0648\u0649 \u0627\u0644\u0635\u0648\u062a\u060c \u0648\u0627\u0644\u0646\u0642\u0631\u2026","rel":"","context":"\u062a\u062f\u0648\u064a\u0646\u0629 \u0645\u0634\u0627\u0628\u0647\u0629","block_context":{"text":"\u062a\u062f\u0648\u064a\u0646\u0629 \u0645\u0634\u0627\u0628\u0647\u0629","link":""},"img":{"alt_text":"","src":"https:\/\/i0.wp.com\/bonprix-dz.com\/wp-content\/uploads\/2023\/09\/Sans-titre4.png?fit=800%2C800&ssl=1&resize=350%2C200","width":350,"height":200,"srcset":"https:\/\/i0.wp.com\/bonprix-dz.com\/wp-content\/uploads\/2023\/09\/Sans-titre4.png?fit=800%2C800&ssl=1&resize=350%2C200 1x, https:\/\/i0.wp.com\/bonprix-dz.com\/wp-content\/uploads\/2023\/09\/Sans-titre4.png?fit=800%2C800&ssl=1&resize=525%2C300 1.5x, https:\/\/i0.wp.com\/bonprix-dz.com\/wp-content\/uploads\/2023\/09\/Sans-titre4.png?fit=800%2C800&ssl=1&resize=700%2C400 2x"},"classes":[]},{"id":3116,"url":"https:\/\/bonprix-dz.com\/?product=m90-pro-tws","url_meta":{"origin":4569,"position":5},"title":"M90 Pro TWS","author":"bonprix-dz.com","date":"\u0633\u0628\u062a\u0645\u0628\u0631 15, 2023","format":false,"excerpt":"\u0645\u0645\u064a\u0632\u0627\u062a \u0645\u0646\u062a\u062c M90 Pro: 1. \u064a\u0645\u0643\u0646 \u0641\u062a\u062d \u062d\u062c\u0631\u0629 \u0627\u0644\u0623\u0645\u062a\u0639\u0629 \u0627\u0644\u0645\u0646\u0632\u0644\u0642\u0629 \u0627\u0644\u062a\u064a \u062a\u0645\u062a \u062a\u0631\u0642\u064a\u062a\u0647\u0627 \u062d\u062f\u064a\u062b\u064b\u0627 \u0628\u0636\u063a\u0637\u0629 \u0644\u0637\u064a\u0641\u0629\u060c \u0648\u0641\u0643 \u0627\u0644\u0636\u063a\u0637 \u0639\u0644\u064a\u0647\u0627\u060c \u062b\u0645 \u062a\u062d\u0631\u064a\u0643\u0647\u0627 \u0644\u0644\u0639\u0645\u0644\u060c \u0648\u0627\u0644\u0627\u0633\u062a\u0645\u0627\u0639 \u0625\u0644\u0649 \u0627\u0644\u0623\u063a\u0627\u0646\u064a \u0644\u062a\u0647\u062f\u0626\u0629 \u0627\u0644\u062d\u0627\u0644\u0629 \u0627\u0644\u0645\u0632\u0627\u062c\u064a\u0629. 2. \u062d\u062c\u0631\u0629 \u0627\u0644\u0634\u062d\u0646 \u0630\u0627\u062a \u0627\u0644\u0633\u0639\u0629 \u0627\u0644\u0643\u0628\u064a\u0631\u0629 \u0645\u0632\u0648\u062f\u0629 \u0628\u0634\u0631\u064a\u062d\u0629 \u0628\u0644\u0648\u062a\u0648\u062b \u0645\u0646\u062e\u0641\u0636\u0629 \u0627\u0644\u0637\u0627\u0642\u0629\u060c \u0648\u0639\u0645\u0631 \u0627\u0644\u0628\u0637\u0627\u0631\u064a\u0629 \u0645\u0631\u062a\u0641\u0639 \u0643\u0645\u0627 \u0647\u0648 \u0627\u0644\u062d\u0627\u0644 \u062f\u0627\u0626\u0645\u064b\u0627\u060c \u0648\u0633\u0648\u0641 \u064a\u0631\u0627\u0641\u0642\u0643 \u0623\u0643\u062b\u0631 \u0645\u0646\u2026","rel":"","context":"\u062a\u062f\u0648\u064a\u0646\u0629 \u0645\u0634\u0627\u0628\u0647\u0629","block_context":{"text":"\u062a\u062f\u0648\u064a\u0646\u0629 \u0645\u0634\u0627\u0628\u0647\u0629","link":""},"img":{"alt_text":"","src":"https:\/\/i0.wp.com\/bonprix-dz.com\/wp-content\/uploads\/2023\/09\/mmmmmmmmmmm90.jpg?fit=800%2C800&ssl=1&resize=350%2C200","width":350,"height":200,"srcset":"https:\/\/i0.wp.com\/bonprix-dz.com\/wp-content\/uploads\/2023\/09\/mmmmmmmmmmm90.jpg?fit=800%2C800&ssl=1&resize=350%2C200 1x, https:\/\/i0.wp.com\/bonprix-dz.com\/wp-content\/uploads\/2023\/09\/mmmmmmmmmmm90.jpg?fit=800%2C800&ssl=1&resize=525%2C300 1.5x, https:\/\/i0.wp.com\/bonprix-dz.com\/wp-content\/uploads\/2023\/09\/mmmmmmmmmmm90.jpg?fit=800%2C800&ssl=1&resize=700%2C400 2x"},"classes":[]}],"_links":{"self":[{"href":"https:\/\/bonprix-dz.com\/index.php?rest_route=\/wp\/v2\/product\/4569","targetHints":{"allow":["GET"]}}],"collection":[{"href":"https:\/\/bonprix-dz.com\/index.php?rest_route=\/wp\/v2\/product"}],"about":[{"href":"https:\/\/bonprix-dz.com\/index.php?rest_route=\/wp\/v2\/types\/product"}],"replies":[{"embeddable":true,"href":"https:\/\/bonprix-dz.com\/index.php?rest_route=%2Fwp%2Fv2%2Fcomments&post=4569"}],"version-history":[{"count":1,"href":"https:\/\/bonprix-dz.com\/index.php?rest_route=\/wp\/v2\/product\/4569\/revisions"}],"predecessor-version":[{"id":4574,"href":"https:\/\/bonprix-dz.com\/index.php?rest_route=\/wp\/v2\/product\/4569\/revisions\/4574"}],"wp:featuredmedia":[{"embeddable":true,"href":"https:\/\/bonprix-dz.com\/index.php?rest_route=\/wp\/v2\/media\/4570"}],"wp:attachment":[{"href":"https:\/\/bonprix-dz.com\/index.php?rest_route=%2Fwp%2Fv2%2Fmedia&parent=4569"}],"wp:term":[{"taxonomy":"product_cat","embeddable":true,"href":"https:\/\/bonprix-dz.com\/index.php?rest_route=%2Fwp%2Fv2%2Fproduct_cat&post=4569"},{"taxonomy":"product_tag","embeddable":true,"href":"https:\/\/bonprix-dz.com\/index.php?rest_route=%2Fwp%2Fv2%2Fproduct_tag&post=4569"}],"curies":[{"name":"wp","href":"https:\/\/api.w.org\/{rel}","templated":true}]}}