{"id":4601,"date":"2024-10-11T23:14:33","date_gmt":"2024-10-11T23:14:33","guid":{"rendered":"https:\/\/bonprix-dz.com\/?post_type=product&#038;p=4601"},"modified":"2024-10-11T23:14:33","modified_gmt":"2024-10-11T23:14:33","slug":"hainoteko-richard-m9","status":"publish","type":"product","link":"https:\/\/bonprix-dz.com\/?product=hainoteko-richard-m9","title":{"rendered":"HainoTeko Richard M9"},"content":{"rendered":"<div class=\"markup -pam\">\n<ul>\n<li>Marque Haino Teko<\/li>\n<li>Support waterproof<\/li>\n<li>\u00c9tat de l&#8217;article\u00a0 Nouveau Serie 9<\/li>\n<li>Couleur Orange Noir<\/li>\n<li>Connectivit\u00e9 Bluetooth<\/li>\n<li>Taille de l&#8217;\u00e9cran 49 mm<\/li>\n<li>\u00c9toile Bracelet en acier<\/li>\n<li>Capacit\u00e9 de la batterie 45 jours en veille<\/li>\n<li>Appel Bluetooth Oui<\/li>\n<\/ul>\n<\/div>\n","protected":false},"excerpt":{"rendered":"<p>Marque Haino Teko Support waterproof \u00c9tat de l&#8217;article\u00a0 Nouveau Serie 9 Couleur Orange Noir Connectivit\u00e9 Bluetooth Taille de l&#8217;\u00e9cran 49<\/p>\n","protected":false},"featured_media":4602,"comment_status":"open","ping_status":"closed","template":"","meta":{"om_disable_all_campaigns":false,"_monsterinsights_skip_tracking":false,"_monsterinsights_sitenote_active":false,"_monsterinsights_sitenote_note":"","_monsterinsights_sitenote_category":0,"iawp_total_views":32},"product_cat":[41],"product_tag":[72],"class_list":{"0":"post-4601","1":"product","2":"type-product","3":"status-publish","4":"has-post-thumbnail","6":"product_cat-smartwatch","7":"product_tag-haino-teko","9":"first","10":"instock","11":"sale","12":"taxable","13":"shipping-taxable","14":"purchasable","15":"product-type-simple"},"aioseo_notices":[],"jetpack-related-posts":[{"id":3485,"url":"https:\/\/bonprix-dz.com\/?product=casque-bluetooth-p47","url_meta":{"origin":4601,"position":0},"title":"Casque Bluetooth P47","author":"bonprix-dz.com","date":"\u0646\u0648\u0641\u0645\u0628\u0631 9, 2023","format":false,"excerpt":"Casque P47 \u2013 Bluetooth \u2013 Sans Fil & Flexible & Pliable. Supporte La carte m\u00e9moire et la Radio. Peut \u00eatre Utilis\u00e9 avec un cable Jack (Auxiliaire) en cas de d\u00e9chargement. Profils de soutien: HSP, HFP, A2DP, AVRCP. Gamme de fr\u00e9quences: 2.4026 GHz-2.480 GHz Temps de lecture de musique: 8-10 heures\u2026","rel":"","context":"\u062a\u062f\u0648\u064a\u0646\u0629 \u0645\u0634\u0627\u0628\u0647\u0629","block_context":{"text":"\u062a\u062f\u0648\u064a\u0646\u0629 \u0645\u0634\u0627\u0628\u0647\u0629","link":""},"img":{"alt_text":"","src":"https:\/\/i0.wp.com\/bonprix-dz.com\/wp-content\/uploads\/2023\/11\/17598883141037599854.jpg?fit=600%2C600&ssl=1&resize=350%2C200","width":350,"height":200,"srcset":"https:\/\/i0.wp.com\/bonprix-dz.com\/wp-content\/uploads\/2023\/11\/17598883141037599854.jpg?fit=600%2C600&ssl=1&resize=350%2C200 1x, https:\/\/i0.wp.com\/bonprix-dz.com\/wp-content\/uploads\/2023\/11\/17598883141037599854.jpg?fit=600%2C600&ssl=1&resize=525%2C300 1.5x"},"classes":[]},{"id":4981,"url":"https:\/\/bonprix-dz.com\/?product=q86-retro-camera-wireless-bluetooth-semi-in-ear-earphone","url_meta":{"origin":4601,"position":1},"title":"Q86 Retro Camera Wireless Bluetooth Semi-In-Ear Earphone","author":"bonprix-dz.com","date":"\u0641\u0628\u0631\u0627\u064a\u0631 14, 2025","format":false,"excerpt":"","rel":"","context":"\u062a\u062f\u0648\u064a\u0646\u0629 \u0645\u0634\u0627\u0628\u0647\u0629","block_context":{"text":"\u062a\u062f\u0648\u064a\u0646\u0629 \u0645\u0634\u0627\u0628\u0647\u0629","link":""},"img":{"alt_text":"","src":"https:\/\/i0.wp.com\/bonprix-dz.com\/wp-content\/uploads\/2025\/02\/1000040446.jpg?fit=900%2C900&ssl=1&resize=350%2C200","width":350,"height":200,"srcset":"https:\/\/i0.wp.com\/bonprix-dz.com\/wp-content\/uploads\/2025\/02\/1000040446.jpg?fit=900%2C900&ssl=1&resize=350%2C200 1x, https:\/\/i0.wp.com\/bonprix-dz.com\/wp-content\/uploads\/2025\/02\/1000040446.jpg?fit=900%2C900&ssl=1&resize=525%2C300 1.5x, https:\/\/i0.wp.com\/bonprix-dz.com\/wp-content\/uploads\/2025\/02\/1000040446.jpg?fit=900%2C900&ssl=1&resize=700%2C400 2x"},"classes":[]},{"id":3407,"url":"https:\/\/bonprix-dz.com\/?product=watch-8-ultra-apple-logo","url_meta":{"origin":4601,"position":2},"title":"Watch 8 Ultra Apple Logo","author":"bonprix-dz.com","date":"\u0623\u0643\u062a\u0648\u0628\u0631 12, 2023","format":false,"excerpt":"Specification: Watch Size: 49*43*11mm Strap Size: 42\/44mm\/45mm Straps Screen Size: 2.05 inch TFT Screen, 420*485 HD Pixels CPU: SC7R30 Flash : 128 bits Bluetooth Version: BT2.1+EDR+BLE5.2 HR Sensor: 8LED\/HRS3301DS light Trumpet: Large magnet Microphone: Anti-noise microphone Motor: High quality motor Battery: 380mAh Li-ion battery Charger Specifications : Wireless charger Battery\u2026","rel":"","context":"\u062a\u062f\u0648\u064a\u0646\u0629 \u0645\u0634\u0627\u0628\u0647\u0629","block_context":{"text":"\u062a\u062f\u0648\u064a\u0646\u0629 \u0645\u0634\u0627\u0628\u0647\u0629","link":""},"img":{"alt_text":"","src":"https:\/\/i0.wp.com\/bonprix-dz.com\/wp-content\/uploads\/2023\/10\/download.gif?fit=1200%2C1200&ssl=1&resize=350%2C200","width":350,"height":200,"srcset":"https:\/\/i0.wp.com\/bonprix-dz.com\/wp-content\/uploads\/2023\/10\/download.gif?fit=1200%2C1200&ssl=1&resize=350%2C200 1x, https:\/\/i0.wp.com\/bonprix-dz.com\/wp-content\/uploads\/2023\/10\/download.gif?fit=1200%2C1200&ssl=1&resize=525%2C300 1.5x, https:\/\/i0.wp.com\/bonprix-dz.com\/wp-content\/uploads\/2023\/10\/download.gif?fit=1200%2C1200&ssl=1&resize=700%2C400 2x, https:\/\/i0.wp.com\/bonprix-dz.com\/wp-content\/uploads\/2023\/10\/download.gif?fit=1200%2C1200&ssl=1&resize=1050%2C600 3x"},"classes":[]},{"id":3371,"url":"https:\/\/bonprix-dz.com\/?product=haino-teko-t85-max","url_meta":{"origin":4601,"position":3},"title":"Haino teko T85 Max","author":"bonprix-dz.com","date":"\u0623\u0643\u062a\u0648\u0628\u0631 6, 2023","format":false,"excerpt":"\u0646\u0638\u0631\u0629 \u0639\u0627\u0645\u0629 \u0627\u0644\u0645\u064a\u0632\u0627\u062a \u0627\u0644\u0623\u0633\u0627\u0633\u064a\u0629 HainoTeko T85 max smartwatch Monitor sleep 1.75 inch screen Communications: Bluetooth Operating system: Android, iOS Wireless charging Compatibility: Android 4.4 and above, IOS 8.4 (5S and above) Include: Smart Watch, Band, Charging Cable, and Manual \u0627\u0644\u0645\u0648\u0627\u0635\u0641\u0627\u062a \u0646\u0648\u0639 \u0627\u0644\u0634\u062d\u0646 Airpods With Wireless Charging Case \u0627\u0644\u0645\u0627\u062f\u0629 Silicone \u0646\u0648\u0639\u2026","rel":"","context":"\u062a\u062f\u0648\u064a\u0646\u0629 \u0645\u0634\u0627\u0628\u0647\u0629","block_context":{"text":"\u062a\u062f\u0648\u064a\u0646\u0629 \u0645\u0634\u0627\u0628\u0647\u0629","link":""},"img":{"alt_text":"","src":"https:\/\/i0.wp.com\/bonprix-dz.com\/wp-content\/uploads\/2023\/10\/312472_44598fd819a84dc895fe5a7fc81c59ca_mv2.jpg?fit=666%2C666&ssl=1&resize=350%2C200","width":350,"height":200,"srcset":"https:\/\/i0.wp.com\/bonprix-dz.com\/wp-content\/uploads\/2023\/10\/312472_44598fd819a84dc895fe5a7fc81c59ca_mv2.jpg?fit=666%2C666&ssl=1&resize=350%2C200 1x, https:\/\/i0.wp.com\/bonprix-dz.com\/wp-content\/uploads\/2023\/10\/312472_44598fd819a84dc895fe5a7fc81c59ca_mv2.jpg?fit=666%2C666&ssl=1&resize=525%2C300 1.5x"},"classes":[]},{"id":3268,"url":"https:\/\/bonprix-dz.com\/?product=p9-casque-bluetooth","url_meta":{"origin":4601,"position":4},"title":"P9-Casque Bluetooth","author":"bonprix-dz.com","date":"\u0633\u0628\u062a\u0645\u0628\u0631 25, 2023","format":false,"excerpt":"\u062a\u0641\u0627\u0635\u064a\u0644 \u0627\u0633\u062a\u0645\u062a\u0639 \u0628\u062c\u0648\u062f\u0629 \u0635\u0648\u062a \u0645\u0639 \u0633\u0645\u0627\u0639\u0629 \u0627\u0644\u0623\u0630\u0646 P9 \u062f\u0648\u0646 \u0627\u0644\u0642\u0644\u0642 \u0648\u0643\u0630\u0644\u0643 \u0627\u0644\u0627\u062a\u0635\u0627\u0644 \u0623\u0648 \u0627\u0644\u0636\u0648\u0636\u0627\u0621. \u0647\u0644 \u062a\u0631\u063a\u0628 \u0641\u064a \u062a\u0630\u0648\u0642 \u0623\u063a\u0627\u0646\u064a\u0643 \u0628\u0634\u0643\u0644 \u0623\u0641\u0636\u0644 \u0623\u062b\u0646\u0627\u0621 \u0627\u0644\u0627\u0633\u062a\u0645\u0627\u0639 \u0625\u0644\u0649 \u0627\u0644\u0646\u063a\u0645\u0627\u062a\u061b \u0644\u0630\u0644\u0643 \u0636\u0639 \u0627\u0644\u0637\u0644\u0628 \u0628\u0633\u0631\u0639\u0629. \u062a\u0641\u0627\u0635\u064a\u0644 \u0627\u0644\u0645\u0646\u062a\u062c: \u0628\u0635\u0648\u062a \u0644\u0627 \u064a\u0635\u062f\u0642. \u0645\u0639 \u0633\u0645\u0627\u0639\u0629 \u0627\u0644\u0631\u0623\u0633 P9 Bluetooth\u060c \u0623\u0635\u0628\u062d \u0627\u0644\u0639\u0628\u062b \u0628\u0627\u0644\u0623\u0633\u0644\u0627\u0643 \u063a\u064a\u0631 \u0648\u0627\u0631\u062f. \u062a\u062a\u064a\u062d \u0644\u0643 \u0635\u0648\u062a aptX \u0628\u062b \u0627\u0644\u0645\u0648\u0633\u064a\u0642\u0649\u2026","rel":"","context":"\u062a\u062f\u0648\u064a\u0646\u0629 \u0645\u0634\u0627\u0628\u0647\u0629","block_context":{"text":"\u062a\u062f\u0648\u064a\u0646\u0629 \u0645\u0634\u0627\u0628\u0647\u0629","link":""},"img":{"alt_text":"","src":"https:\/\/i0.wp.com\/bonprix-dz.com\/wp-content\/uploads\/2023\/09\/CASQUE_APPLE_P9-4.jpg?fit=1024%2C1024&ssl=1&resize=350%2C200","width":350,"height":200,"srcset":"https:\/\/i0.wp.com\/bonprix-dz.com\/wp-content\/uploads\/2023\/09\/CASQUE_APPLE_P9-4.jpg?fit=1024%2C1024&ssl=1&resize=350%2C200 1x, https:\/\/i0.wp.com\/bonprix-dz.com\/wp-content\/uploads\/2023\/09\/CASQUE_APPLE_P9-4.jpg?fit=1024%2C1024&ssl=1&resize=525%2C300 1.5x, https:\/\/i0.wp.com\/bonprix-dz.com\/wp-content\/uploads\/2023\/09\/CASQUE_APPLE_P9-4.jpg?fit=1024%2C1024&ssl=1&resize=700%2C400 2x"},"classes":[]},{"id":4898,"url":"https:\/\/bonprix-dz.com\/?product=amoled-smart-watch-men-2024-bluetooth-call-smartwatch-sport-waterproof-outdoor-1-53-inch-360360-hd-screen-30-days-standby","url_meta":{"origin":4601,"position":5},"title":"AMOLED Smart Watch Men 2024 Bluetooth Call","author":"bonprix-dz.com","date":"\u064a\u0646\u0627\u064a\u0631 16, 2025","format":false,"excerpt":"Hardware System Requirements\uff1aandroid5.0+ \/ ios9.0+ Master chip\uff1aJL6958 Bracelet memory\uff1a128M Bluetooth for calls\uff1aAB5376A2 Bluetooth version\uff1a5.2 Heart rate chip\uff1aSC7R30 Screen display\uff1a1.53\"-360*360 Battery capacity\uff1a200mAH Standby time\uff1a65 days Usage time\uff1aAbout 15 days Button method\uff1aFull screen touch Motor\uff1aPie Motor Charging port\uff1aMagnetic charging Waterproof level\uff1aIP67 Sensor\uff1aG-sensor 3 axis Local dial\uff1a5 Dial market\uff1a300+ Menu style\uff1a4 APP\uff1aNewWear Basic\u2026","rel":"","context":"\u062a\u062f\u0648\u064a\u0646\u0629 \u0645\u0634\u0627\u0628\u0647\u0629","block_context":{"text":"\u062a\u062f\u0648\u064a\u0646\u0629 \u0645\u0634\u0627\u0628\u0647\u0629","link":""},"img":{"alt_text":"AMOLED Smart Watch Men 2024 Bluetooth Call Smartwatch Sport Waterproof Outdoor 1.53 Inch 360*360 HD Screen 30 Days Standby 1","src":"https:\/\/i0.wp.com\/ae01.alicdn.com\/kf\/S005e70d750ce4d74885315751643cc44z\/AMOLED-Smart-Watch-Men-2024-Bluetooth-Call-Smartwatch-Sport-Waterproof-Outdoor-1-53-Inch-360-360.jpg?fit=800%2C800&ssl=1&resize=350%2C200","width":350,"height":200,"srcset":"https:\/\/i0.wp.com\/ae01.alicdn.com\/kf\/S005e70d750ce4d74885315751643cc44z\/AMOLED-Smart-Watch-Men-2024-Bluetooth-Call-Smartwatch-Sport-Waterproof-Outdoor-1-53-Inch-360-360.jpg?fit=800%2C800&ssl=1&resize=350%2C200 1x, https:\/\/i0.wp.com\/ae01.alicdn.com\/kf\/S005e70d750ce4d74885315751643cc44z\/AMOLED-Smart-Watch-Men-2024-Bluetooth-Call-Smartwatch-Sport-Waterproof-Outdoor-1-53-Inch-360-360.jpg?fit=800%2C800&ssl=1&resize=525%2C300 1.5x, https:\/\/i0.wp.com\/ae01.alicdn.com\/kf\/S005e70d750ce4d74885315751643cc44z\/AMOLED-Smart-Watch-Men-2024-Bluetooth-Call-Smartwatch-Sport-Waterproof-Outdoor-1-53-Inch-360-360.jpg?fit=800%2C800&ssl=1&resize=700%2C400 2x"},"classes":[]}],"_links":{"self":[{"href":"https:\/\/bonprix-dz.com\/index.php?rest_route=\/wp\/v2\/product\/4601","targetHints":{"allow":["GET"]}}],"collection":[{"href":"https:\/\/bonprix-dz.com\/index.php?rest_route=\/wp\/v2\/product"}],"about":[{"href":"https:\/\/bonprix-dz.com\/index.php?rest_route=\/wp\/v2\/types\/product"}],"replies":[{"embeddable":true,"href":"https:\/\/bonprix-dz.com\/index.php?rest_route=%2Fwp%2Fv2%2Fcomments&post=4601"}],"version-history":[{"count":1,"href":"https:\/\/bonprix-dz.com\/index.php?rest_route=\/wp\/v2\/product\/4601\/revisions"}],"predecessor-version":[{"id":4606,"href":"https:\/\/bonprix-dz.com\/index.php?rest_route=\/wp\/v2\/product\/4601\/revisions\/4606"}],"wp:featuredmedia":[{"embeddable":true,"href":"https:\/\/bonprix-dz.com\/index.php?rest_route=\/wp\/v2\/media\/4602"}],"wp:attachment":[{"href":"https:\/\/bonprix-dz.com\/index.php?rest_route=%2Fwp%2Fv2%2Fmedia&parent=4601"}],"wp:term":[{"taxonomy":"product_cat","embeddable":true,"href":"https:\/\/bonprix-dz.com\/index.php?rest_route=%2Fwp%2Fv2%2Fproduct_cat&post=4601"},{"taxonomy":"product_tag","embeddable":true,"href":"https:\/\/bonprix-dz.com\/index.php?rest_route=%2Fwp%2Fv2%2Fproduct_tag&post=4601"}],"curies":[{"name":"wp","href":"https:\/\/api.w.org\/{rel}","templated":true}]}}