{"id":4607,"date":"2024-10-11T23:27:35","date_gmt":"2024-10-11T23:27:35","guid":{"rendered":"https:\/\/bonprix-dz.com\/?post_type=product&#038;p=4607"},"modified":"2024-11-02T11:58:23","modified_gmt":"2024-11-02T11:58:23","slug":"haino-teko-germany-sq9","status":"publish","type":"product","link":"https:\/\/bonprix-dz.com\/?product=haino-teko-germany-sq9","title":{"rendered":"Haino Teko Germany SQ9"},"content":{"rendered":"<p>Montre intelligente SQ9 compatible avec les appareils Android et iOS<br \/>\nL&#8217;\u00e9cran AMOLED plein \u00e9cran produit des couleurs plus riches, des niveaux de luminosit\u00e9 plus \u00e9lev\u00e9s et un contraste sup\u00e9rieur aux \u00e9crans LCD traditionnels. Comme ils ont des niveaux de noir plus profonds, le texte et les images sont plus lisibles en pleine lumi\u00e8re<br \/>\nMontre intelligente avec plusieurs cadrans int\u00e9gr\u00e9s Les utilisateurs peuvent personnaliser leur cadran de montre selon leur style ou leurs besoins<br \/>\nNotification intelligente : cette fonction vous permet de recevoir des alertes sur les appels entrants, les messages et les notifications des applications sur votre montre intelligente<br \/>\nAppel Bluetooth : vous pouvez non seulement recevoir des notifications d&#8217;appel sur votre montre intelligente avec la fonction d&#8217;appel, mais \u00e9galement y r\u00e9pondre directement via l&#8217;interface de la montre via un haut-parleur int\u00e9gr\u00e9 et un microphone<br \/>\nChargement sans fil : les chargeurs sont entour\u00e9s d&#8217;un anneau d&#8217;aimants sp\u00e9ciaux qui garantissent que la montre intelligente se fixe solidement au chargeur sans fil pour un meilleur contact et une charge plus rapide<br \/>\nLa montre intelligente SQ-9 est livr\u00e9e avec 3 paires de sangles que vous pouvez changer \u00e0 tout moment et n&#8217;importe o\u00f9<\/p>\n","protected":false},"excerpt":{"rendered":"<p>Montre intelligente SQ9 compatible avec les appareils Android et iOS L&#8217;\u00e9cran AMOLED plein \u00e9cran produit des couleurs plus riches, des<\/p>\n","protected":false},"featured_media":4608,"comment_status":"open","ping_status":"closed","template":"","meta":{"om_disable_all_campaigns":false,"_monsterinsights_skip_tracking":false,"_monsterinsights_sitenote_active":false,"_monsterinsights_sitenote_note":"","_monsterinsights_sitenote_category":0,"iawp_total_views":36},"product_cat":[41],"product_tag":[72],"class_list":{"0":"post-4607","1":"product","2":"type-product","3":"status-publish","4":"has-post-thumbnail","6":"product_cat-smartwatch","7":"product_tag-haino-teko","9":"first","10":"outofstock","11":"sale","12":"taxable","13":"shipping-taxable","14":"purchasable","15":"product-type-simple"},"aioseo_notices":[],"jetpack-related-posts":[{"id":4932,"url":"https:\/\/bonprix-dz.com\/?product=smart-watch-jr-fc1-joyroom","url_meta":{"origin":4607,"position":0},"title":"Smart Watch JR-FC1 Joyroom","author":"bonprix-dz.com","date":"\u0641\u0628\u0631\u0627\u064a\u0631 10, 2025","format":false,"excerpt":"Smart Watch JR-FC1 Joyroom Classic Series (Passer\/R\u00e9pondre \u00e0 un appel) Gris Fonc\u00e9 La\u00a0Smart Watch JR-FC1 Joyroom Classic Series\u00a0en gris fonc\u00e9 est l\u2019accessoire parfait pour ceux qui cherchent \u00e0 allier l\u2019\u00e9l\u00e9gance et la technologie. Avec des fonctionnalit\u00e9s avanc\u00e9es comme la fonction d\u2019appel intelligent, une r\u00e9sistance \u00e0 l\u2019eau IP68 et une autonomie\u2026","rel":"","context":"\u062a\u062f\u0648\u064a\u0646\u0629 \u0645\u0634\u0627\u0628\u0647\u0629","block_context":{"text":"\u062a\u062f\u0648\u064a\u0646\u0629 \u0645\u0634\u0627\u0628\u0647\u0629","link":""},"img":{"alt_text":"","src":"https:\/\/i0.wp.com\/bonprix-dz.com\/wp-content\/uploads\/2025\/02\/1-5.jpg?fit=700%2C700&ssl=1&resize=350%2C200","width":350,"height":200,"srcset":"https:\/\/i0.wp.com\/bonprix-dz.com\/wp-content\/uploads\/2025\/02\/1-5.jpg?fit=700%2C700&ssl=1&resize=350%2C200 1x, https:\/\/i0.wp.com\/bonprix-dz.com\/wp-content\/uploads\/2025\/02\/1-5.jpg?fit=700%2C700&ssl=1&resize=525%2C300 1.5x, https:\/\/i0.wp.com\/bonprix-dz.com\/wp-content\/uploads\/2025\/02\/1-5.jpg?fit=700%2C700&ssl=1&resize=700%2C400 2x"},"classes":[]},{"id":3595,"url":"https:\/\/bonprix-dz.com\/?product=3595","url_meta":{"origin":4607,"position":1},"title":"HAINO TEKO RW-35","author":"bonprix-dz.com","date":"\u0646\u0648\u0641\u0645\u0628\u0631 28, 2023","format":false,"excerpt":"Montre connect\u00e9e HAINO TEKO RW-35 + 3 bracelet de rechange gratuitFait et con\u00e7u pour les amateurs de plein air, le classique RW35 hybride Smartwatch fournit toutes les choses dont vous avez besoin pour adapter le s\u00e9jour. \u00c9quip\u00e9 d'un moniteur de fr\u00e9quence cardiaque, d'un tensiom\u00e8tre, d'un moniteur de sommeil, d'un moniteur\u2026","rel":"","context":"\u062a\u062f\u0648\u064a\u0646\u0629 \u0645\u0634\u0627\u0628\u0647\u0629","block_context":{"text":"\u062a\u062f\u0648\u064a\u0646\u0629 \u0645\u0634\u0627\u0628\u0647\u0629","link":""},"img":{"alt_text":"","src":"https:\/\/i0.wp.com\/bonprix-dz.com\/wp-content\/uploads\/2023\/11\/312472_41556245da9e461dac1a00cda426860cmv2.jpeg?fit=342%2C342&ssl=1&resize=350%2C200","width":350,"height":200},"classes":[]},{"id":3520,"url":"https:\/\/bonprix-dz.com\/?product=haino-teko-t87-max","url_meta":{"origin":4607,"position":2},"title":"Haino Teko T87 Max","author":"bonprix-dz.com","date":"\u0646\u0648\u0641\u0645\u0628\u0631 12, 2023","format":false,"excerpt":"\u0647\u0627\u064a\u0646\u0648 \u062a\u064a\u0643\u0648 9 (\u0645\u0648\u062f\u064a\u0644 T87 \u0645\u0627\u0643\u0633) \u0634\u0627\u0634\u0629 \u0643\u0627\u0645\u0644\u0629 \u0639\u0627\u0644\u064a\u0629 \u0627\u0644\u062f\u0642\u0629 \u0645\u0639 4 \u0645\u062c\u0645\u0648\u0639\u0629 \u062d\u0632\u0627\u0645 \u0648\u0634\u0627\u062d\u0646 \u0644\u0627\u0633\u0644\u0643\u064a \u0644\u0644\u0631\u062c\u0627\u0644 \u0648\u0627\u0644\u0635\u0628\u064a\u0627\u0646 \u00a0 Montre connect\u00e9e Haino Teko T87 Max Une montre bracelet \u00e9l\u00e9gante qui convient \u00e0 toutes vos pouvez changer les bracelets au gr\u00e9 de vos envies ou de votre contient 4 montre intelligente\u2026","rel":"","context":"\u062a\u062f\u0648\u064a\u0646\u0629 \u0645\u0634\u0627\u0628\u0647\u0629","block_context":{"text":"\u062a\u062f\u0648\u064a\u0646\u0629 \u0645\u0634\u0627\u0628\u0647\u0629","link":""},"img":{"alt_text":"","src":"https:\/\/i0.wp.com\/bonprix-dz.com\/wp-content\/uploads\/2023\/11\/20231113_051130.jpg?fit=800%2C800&ssl=1&resize=350%2C200","width":350,"height":200,"srcset":"https:\/\/i0.wp.com\/bonprix-dz.com\/wp-content\/uploads\/2023\/11\/20231113_051130.jpg?fit=800%2C800&ssl=1&resize=350%2C200 1x, https:\/\/i0.wp.com\/bonprix-dz.com\/wp-content\/uploads\/2023\/11\/20231113_051130.jpg?fit=800%2C800&ssl=1&resize=525%2C300 1.5x, https:\/\/i0.wp.com\/bonprix-dz.com\/wp-content\/uploads\/2023\/11\/20231113_051130.jpg?fit=800%2C800&ssl=1&resize=700%2C400 2x"},"classes":[]},{"id":3204,"url":"https:\/\/bonprix-dz.com\/?product=montre-intelligente-b33","url_meta":{"origin":4607,"position":3},"title":"Montre intelligente B33","author":"bonprix-dz.com","date":"\u0633\u0628\u062a\u0645\u0628\u0631 23, 2023","format":false,"excerpt":"\u060c \u0634\u0627\u0634\u0629: \u0645\u0646 \u0627\u0644\u0639\u0631\u0636\u060c \u062f\u0642\u0629 * \u0645\u0646 2\u060c \u0627\u0644\u0644\u0648\u0646: \u0623\u0633\u0648\u062f \u0648\u0623\u062d\u0645\u0631 \u0642\u0648\u0633 \u0642\u0632\u062d 3 \u060c \u0627\u0644\u0645\u0648\u0627\u062f: \u063a\u0644\u0627\u0641 \u0628\u0644\u0627\u0633\u062a\u064a\u0643\u064a \u0645\u0646 \u0627\u0644\u0633\u064a\u0644\u064a\u0643\u0648\u0646 + \u0633\u0648\u0627\u0631 \u0633\u0627\u0639\u0629 \u0645\u0646 \u0627\u0644\u0633\u064a\u0644\u064a\u0643\u0648\u0646 4 \u060c \u0645\u0642\u0627\u0633 \u0627\u0644\u0633\u0648\u0627\u0631: 43*37*13 5 \u060c \u0627\u0644\u0628\u0637\u0627\u0631\u064a\u0629: \u0627\u0644\u0633\u0639\u0629 \u060c \u0648\u0642\u062a \u0627\u0644\u0627\u0633\u062a\u062e\u062f\u0627\u0645 3-4 \u0623\u064a\u0627\u0645 6. \u0648\u0636\u0639 \u0627\u0644\u0634\u062d\u0646: \u0634\u062d\u0646 USB 7. \u0646\u0648\u0639 \u0627\u0644\u0644\u0645\u0633: \u0644\u0645\u0633\u0629 \u0648\u0627\u062d\u062f\u0629 8\u2026","rel":"","context":"\u062a\u062f\u0648\u064a\u0646\u0629 \u0645\u0634\u0627\u0628\u0647\u0629","block_context":{"text":"\u062a\u062f\u0648\u064a\u0646\u0629 \u0645\u0634\u0627\u0628\u0647\u0629","link":""},"img":{"alt_text":"","src":"https:\/\/i0.wp.com\/bonprix-dz.com\/wp-content\/uploads\/2023\/09\/1410871203141750864.jpg?fit=800%2C800&ssl=1&resize=350%2C200","width":350,"height":200,"srcset":"https:\/\/i0.wp.com\/bonprix-dz.com\/wp-content\/uploads\/2023\/09\/1410871203141750864.jpg?fit=800%2C800&ssl=1&resize=350%2C200 1x, https:\/\/i0.wp.com\/bonprix-dz.com\/wp-content\/uploads\/2023\/09\/1410871203141750864.jpg?fit=800%2C800&ssl=1&resize=525%2C300 1.5x, https:\/\/i0.wp.com\/bonprix-dz.com\/wp-content\/uploads\/2023\/09\/1410871203141750864.jpg?fit=800%2C800&ssl=1&resize=700%2C400 2x"},"classes":[]},{"id":3202,"url":"https:\/\/bonprix-dz.com\/?product=montre-intelligente-c2","url_meta":{"origin":4607,"position":4},"title":"Montre intelligente C2","author":"bonprix-dz.com","date":"\u0633\u0628\u062a\u0645\u0628\u0631 23, 2023","format":false,"excerpt":"\u0627\u0644\u0645\u0648\u0627\u0635\u0641\u0627\u062a: \u0645\u0642\u064a\u0627\u0633 \u0627\u0644\u0644\u064a\u0627\u0642\u0629 \u0627\u0644\u0628\u062f\u0646\u064a\u0629: \u0627\u0644\u062f\u0639\u0645 \u0648\u0642\u062a \u0645\u0645\u0627\u0631\u0633\u0629: \u0627\u0644\u062f\u0639\u0645 \u0627\u0644\u0648\u0638\u064a\u0641\u0629: \u0627\u0644\u062f\u0639\u0645 \u0627\u0644\u0645\u0633\u0627\u0641\u0629: \u0627\u0644\u062f\u0639\u0645 \u0627\u0644\u0633\u0639\u0631\u0627\u062a \u0627\u0644\u062d\u0631\u0627\u0631\u064a\u0629: \u062f\u0639\u0645 \u0632\u0631 : \u0632\u0631 \u0648\u0627\u062d\u062f \u0645\u0639\u062f\u0644 \u0636\u0631\u0628\u0627\u062a \u0627\u0644\u0642\u0644\u0628: \u062f\u0639\u0627\u0645\u0629 \u0636\u063a\u0637 \u0627\u0644\u062f\u0645: \u062f\u0639\u0627\u0645\u0629 \u0627\u0644\u0639\u062b\u0648\u0631 \u0639\u0644\u0649 \u0647\u0627\u062a\u0641 \u0645\u062d\u0645\u0648\u0644: \u0627\u0644\u062f\u0639\u0645 \u0647\u0627\u0646 \u0639\u0646 \u0627\u0644\u0633\u0627\u0639\u0629: \u0627\u0644\u062f\u0639\u0645 \u0625\u064a\u0645\u0627\u0621\u0627\u062a \u0627\u0644\u0639\u0645\u0644: \u0627\u0644\u062f\u0639\u0645 \u062a\u0630\u0643\u064a\u0631: \u0627\u0644\u062f\u0639\u0645 \u0628\u0639\u062f \u0627\u0644\u0638\u0647\u0631: \u0627\u0644\u062f\u0639\u0645 \u0645\u0631\u0627\u0642\u0628\u0629 \u0627\u0644\u0646\u0648\u0645: \u0627\u0644\u062f\u0639\u0645 \u062f\u0639\u0627\u0621: \u062f\u0639\u0627\u0645\u0629 \u0627\u0644\u0645\u062d\u0631\u0643: \u0645\u0643\u064a\u0641\u2026","rel":"","context":"\u062a\u062f\u0648\u064a\u0646\u0629 \u0645\u0634\u0627\u0628\u0647\u0629","block_context":{"text":"\u062a\u062f\u0648\u064a\u0646\u0629 \u0645\u0634\u0627\u0628\u0647\u0629","link":""},"img":{"alt_text":"","src":"https:\/\/i0.wp.com\/bonprix-dz.com\/wp-content\/uploads\/2023\/09\/1884860945293094785.jpg?fit=960%2C960&ssl=1&resize=350%2C200","width":350,"height":200,"srcset":"https:\/\/i0.wp.com\/bonprix-dz.com\/wp-content\/uploads\/2023\/09\/1884860945293094785.jpg?fit=960%2C960&ssl=1&resize=350%2C200 1x, https:\/\/i0.wp.com\/bonprix-dz.com\/wp-content\/uploads\/2023\/09\/1884860945293094785.jpg?fit=960%2C960&ssl=1&resize=525%2C300 1.5x, https:\/\/i0.wp.com\/bonprix-dz.com\/wp-content\/uploads\/2023\/09\/1884860945293094785.jpg?fit=960%2C960&ssl=1&resize=700%2C400 2x"},"classes":[]},{"id":5050,"url":"https:\/\/bonprix-dz.com\/?product=modio-st11","url_meta":{"origin":4607,"position":5},"title":"Modio ST11","author":"bonprix-dz.com","date":"\u0623\u0628\u0631\u064a\u0644 10, 2025","format":false,"excerpt":"D\u00e9couvrez la\u00a0Modio ST11, une montre connect\u00e9e alliant technologie avanc\u00e9e et design \u00e9l\u00e9gant. Avec ses 4 Go de RAM et 64 Go de stockage interne, elle offre des performances fluides et une capacit\u00e9 de stockage g\u00e9n\u00e9reuse pour toutes vos applications et fichiers. Son \u00e9cran de 2,2 pouces assure une visibilit\u00e9 claire\u2026","rel":"","context":"\u062a\u062f\u0648\u064a\u0646\u0629 \u0645\u0634\u0627\u0628\u0647\u0629","block_context":{"text":"\u062a\u062f\u0648\u064a\u0646\u0629 \u0645\u0634\u0627\u0628\u0647\u0629","link":""},"img":{"alt_text":"","src":"https:\/\/i0.wp.com\/bonprix-dz.com\/wp-content\/uploads\/2025\/04\/ABUIABACGAAgh4P_tAYo2N2ViwcwoAY4oAY.jpg?fit=800%2C800&ssl=1&resize=350%2C200","width":350,"height":200,"srcset":"https:\/\/i0.wp.com\/bonprix-dz.com\/wp-content\/uploads\/2025\/04\/ABUIABACGAAgh4P_tAYo2N2ViwcwoAY4oAY.jpg?fit=800%2C800&ssl=1&resize=350%2C200 1x, https:\/\/i0.wp.com\/bonprix-dz.com\/wp-content\/uploads\/2025\/04\/ABUIABACGAAgh4P_tAYo2N2ViwcwoAY4oAY.jpg?fit=800%2C800&ssl=1&resize=525%2C300 1.5x, https:\/\/i0.wp.com\/bonprix-dz.com\/wp-content\/uploads\/2025\/04\/ABUIABACGAAgh4P_tAYo2N2ViwcwoAY4oAY.jpg?fit=800%2C800&ssl=1&resize=700%2C400 2x"},"classes":[]}],"_links":{"self":[{"href":"https:\/\/bonprix-dz.com\/index.php?rest_route=\/wp\/v2\/product\/4607","targetHints":{"allow":["GET"]}}],"collection":[{"href":"https:\/\/bonprix-dz.com\/index.php?rest_route=\/wp\/v2\/product"}],"about":[{"href":"https:\/\/bonprix-dz.com\/index.php?rest_route=\/wp\/v2\/types\/product"}],"replies":[{"embeddable":true,"href":"https:\/\/bonprix-dz.com\/index.php?rest_route=%2Fwp%2Fv2%2Fcomments&post=4607"}],"version-history":[{"count":1,"href":"https:\/\/bonprix-dz.com\/index.php?rest_route=\/wp\/v2\/product\/4607\/revisions"}],"predecessor-version":[{"id":4611,"href":"https:\/\/bonprix-dz.com\/index.php?rest_route=\/wp\/v2\/product\/4607\/revisions\/4611"}],"wp:featuredmedia":[{"embeddable":true,"href":"https:\/\/bonprix-dz.com\/index.php?rest_route=\/wp\/v2\/media\/4608"}],"wp:attachment":[{"href":"https:\/\/bonprix-dz.com\/index.php?rest_route=%2Fwp%2Fv2%2Fmedia&parent=4607"}],"wp:term":[{"taxonomy":"product_cat","embeddable":true,"href":"https:\/\/bonprix-dz.com\/index.php?rest_route=%2Fwp%2Fv2%2Fproduct_cat&post=4607"},{"taxonomy":"product_tag","embeddable":true,"href":"https:\/\/bonprix-dz.com\/index.php?rest_route=%2Fwp%2Fv2%2Fproduct_tag&post=4607"}],"curies":[{"name":"wp","href":"https:\/\/api.w.org\/{rel}","templated":true}]}}