{"id":4612,"date":"2024-10-12T00:48:15","date_gmt":"2024-10-12T00:48:15","guid":{"rendered":"https:\/\/bonprix-dz.com\/?post_type=product&#038;p=4612"},"modified":"2025-12-17T00:20:41","modified_gmt":"2025-12-17T00:20:41","slug":"gamepad-v13","status":"publish","type":"product","link":"https:\/\/bonprix-dz.com\/?product=gamepad-v13","title":{"rendered":"GamePad V13"},"content":{"rendered":"<h1 id=\"et_prod_title\" class=\"\">\u0648\u062d\u062f\u0629 \u062a\u062d\u0643\u0645 \u0627\u0644\u0623\u0644\u0639\u0627\u0628 \u0627\u0644\u0644\u0627\u0633\u0644\u0643\u064a\u0629 V13 \u0644\u0643\u0644 \u0627\u0644\u0623\u062c\u0647\u0632\u0629<\/h1>\n<h1 class=\"\">Contr\u00f4leur de jeu sans fil V13 pour Windows, PC, IOS, Mfi, Android, PS3, t\u00e9l\u00e9phone portable<\/h1>\n<p>&nbsp;<\/p>\n<p><strong><span class=\"HwtZe\" lang=\"ar\"><span class=\"jCAhz ChMk0b\"><span class=\"ryNqvb\">\u0645\u062a\u0648\u0627\u0641\u0642 \u0645\u0639: <\/span><\/span><\/span><\/strong><\/p>\n<p><strong><span class=\"HwtZe\" lang=\"ar\"><span class=\"jCAhz ChMk0b\"><span class=\"ryNqvb\">\u062a\u062f\u0639\u0645 \u0644\u0648\u062d\u0629 \u0627\u0644\u0623\u0644\u0639\u0627\u0628 \u062a\u0634\u063a\u064a\u0644 \u0627\u0644\u0623\u0644\u0639\u0627\u0628 \u0639\u0644\u0649 \u0627\u0644\u0647\u0648\u0627\u062a\u0641 \u0627\u0644\u0645\u062d\u0645\u0648\u0644\u0629 \u0627\u0644\u062a\u064a \u062a\u0639\u0645\u0644 \u0628\u0646\u0638\u0627\u0645 Android\/Windows\/PC \u0648\u0648\u062d\u062f\u0629 \u0627\u0644\u062a\u062d\u0643\u0645 PS3 \u0627\u0644\u062a\u064a \u062a\u062f\u0639\u0645 \u062a\u0642\u0646\u064a\u0629 Bluetooth.<\/span><\/span> <span class=\"jCAhz ChMk0b\"><span class=\"ryNqvb\">\u0644\u0627 \u062d\u0627\u062c\u0629 \u0625\u0644\u0649 \u0628\u0631\u0646\u0627\u0645\u062c \u062a\u0634\u063a\u064a\u0644.<\/span><\/span> <span class=\"jCAhz ChMk0b\"><span class=\"ryNqvb\">\u064a\u0645\u0643\u0646 \u062a\u0639\u062f\u064a\u0644 \u0627\u0644\u0639\u0631\u0636 \u0645\u0646 2 \u0628\u0648\u0635\u0629 \u0625\u0644\u0649 3.3 \u0628\u0648\u0635\u0629\u060c \u0648\u0645\u0633\u0627\u0641\u0629 \u0627\u0644\u0627\u062a\u0635\u0627\u0644 \u0627\u0644\u0644\u0627\u0633\u0644\u0643\u064a\u061b<\/span><\/span> <span class=\"jCAhz\"><span class=\"ryNqvb\">\u0641\u064a \u063a\u0636\u0648\u0646 8 \u0623\u0645\u062a\u0627\u0631.<\/span><\/span><\/span><\/strong><\/p>\n<p>&nbsp;<\/p>\n","protected":false},"excerpt":{"rendered":"<p>\u0648\u062d\u062f\u0629 \u062a\u062d\u0643\u0645 \u0627\u0644\u0623\u0644\u0639\u0627\u0628 \u0627\u0644\u0644\u0627\u0633\u0644\u0643\u064a\u0629 V13 \u0644\u0643\u0644 \u0627\u0644\u0623\u062c\u0647\u0632\u0629 Contr\u00f4leur de jeu sans fil V13 pour Windows, PC, IOS, Mfi, Android, PS3,<\/p>\n","protected":false},"featured_media":4613,"comment_status":"open","ping_status":"closed","template":"","meta":{"om_disable_all_campaigns":false,"_monsterinsights_skip_tracking":false,"_monsterinsights_sitenote_active":false,"_monsterinsights_sitenote_note":"","_monsterinsights_sitenote_category":0,"iawp_total_views":37},"product_cat":[42],"product_tag":[],"class_list":{"0":"post-4612","1":"product","2":"type-product","3":"status-publish","4":"has-post-thumbnail","6":"product_cat-toys","8":"first","9":"instock","10":"sale","11":"taxable","12":"shipping-taxable","13":"purchasable","14":"product-type-simple"},"aioseo_notices":[],"jetpack-related-posts":[{"id":4474,"url":"https:\/\/bonprix-dz.com\/?product=hoco-ew28-gaming","url_meta":{"origin":4612,"position":0},"title":"hoco EW28 gaming","author":"bonprix-dz.com","date":"\u0633\u0628\u062a\u0645\u0628\u0631 2, 2024","format":false,"excerpt":"\u0633\u0645\u0627\u0639\u0629 EW28 Magic TWS\u060c BT v5.3\u060c \u0634\u0631\u064a\u062d\u0629 \u0623\u0644\u0639\u0627\u0628 \u0630\u0627\u062a \u0632\u0645\u0646 \u0627\u0646\u062a\u0642\u0627\u0644 \u0645\u0646\u062e\u0641\u0636 60 \u0645\u0644\u0644\u064a \u062b\u0627\u0646\u064a\u0629\u060c 7 \u0633\u0627\u0639\u0627\u062a \u0645\u0646 \u0627\u0644\u0627\u0633\u062a\u062e\u062f\u0627\u0645 \u0648200 \u0633\u0627\u0639\u0629 \u0641\u064a \u0648\u0636\u0639 \u0627\u0644\u0627\u0633\u062a\u0639\u062f\u0627\u062f 1. \u0625\u0635\u062f\u0627\u0631 BT: v5.3. \u0627\u0644\u0634\u0631\u064a\u062d\u0629: JL AC6983D4. 2. \u0627\u0644\u0628\u0631\u0648\u062a\u0648\u0643\u0648\u0644\u0627\u062a \u0627\u0644\u0645\u062f\u0639\u0648\u0645\u0629: \u0633\u0645\u0627\u0639\u0629 \u0627\u0644\u0631\u0623\u0633\u060c \u062d\u0631 \u0627\u0644\u064a\u062f\u064a\u0646\u060c A2DP\u060c AVRCP. 3. \u0645\u0633\u0627\u0641\u0629 \u0627\u0644\u0625\u0631\u0633\u0627\u0644: 10 \u0645. 4. \u062a\u0631\u062f\u062f \u0627\u0644\u0625\u0631\u0633\u0627\u0644: 2.4 \u0647\u0631\u062a\u0632.\u2026","rel":"","context":"\u062a\u062f\u0648\u064a\u0646\u0629 \u0645\u0634\u0627\u0628\u0647\u0629","block_context":{"text":"\u062a\u062f\u0648\u064a\u0646\u0629 \u0645\u0634\u0627\u0628\u0647\u0629","link":""},"img":{"alt_text":"","src":"https:\/\/i0.wp.com\/bonprix-dz.com\/wp-content\/uploads\/2024\/09\/1000027307.jpg?fit=800%2C800&ssl=1&resize=350%2C200","width":350,"height":200,"srcset":"https:\/\/i0.wp.com\/bonprix-dz.com\/wp-content\/uploads\/2024\/09\/1000027307.jpg?fit=800%2C800&ssl=1&resize=350%2C200 1x, https:\/\/i0.wp.com\/bonprix-dz.com\/wp-content\/uploads\/2024\/09\/1000027307.jpg?fit=800%2C800&ssl=1&resize=525%2C300 1.5x, https:\/\/i0.wp.com\/bonprix-dz.com\/wp-content\/uploads\/2024\/09\/1000027307.jpg?fit=800%2C800&ssl=1&resize=700%2C400 2x"},"classes":[]},{"id":1716,"url":"https:\/\/bonprix-dz.com\/?product=crimson-palms-hotel","url_meta":{"origin":4612,"position":1},"title":"\u0633\u0627\u0639\u0629 \u0630\u0643\u064a\u0629 T800 Ultra","author":"bonprix-dz.com","date":"\u0623\u063a\u0633\u0637\u0633 2, 2018","format":false,"excerpt":"\u0633\u0627\u0639\u0629 \u0630\u0643\u064a\u0629 T800 Ultra \u0644\u0625\u062c\u0631\u0627\u0621 \u0648 \u062a\u0644\u0642\u064a \u0627\u0644\u0645\u0643\u0627\u0644\u0645\u0627\u062a \u0645\u0642\u0627\u0648\u0645\u0629 \u0644\u0644\u0645\u0627\u0621-smart Watch T800 Ultra \u00e9tanche chargeur sans fil orange \u064a\u0639\u062a\u0628\u0631 \u062a\u062a\u0628\u0639 \u0627\u0644\u0644\u064a\u0627\u0642\u0629 \u0648\u0627\u0644\u0635\u062d\u0629 \u0623\u062d\u062f \u0623\u0647\u0645 \u0645\u0645\u064a\u0632\u0627\u062a \u0627\u0644\u0633\u0627\u0639\u0629 \u0627\u0644\u0630\u0643\u064a\u0629\u060c \u0648\u0647\u064a \u0645\u0646 \u0627\u0644\u0623\u0633\u0628\u0627\u0628 \u0627\u0644\u062a\u064a \u062a\u062c\u0639\u0644 \u0627\u0644\u0631\u064a\u0627\u0636\u064a\u064a\u0646 \u064a\u0641\u0636\u0644\u0648\u0646 \u0627\u0642\u062a\u0646\u0627\u0626\u0647\u0627. \u0648\u064a\u0645\u0643\u0646\u0643 \u0645\u0646 \u062e\u0644\u0627\u0644 \u0627\u0644\u0633\u0627\u0639\u0629 \u062a\u062a\u0628\u0639 \u0627\u0644\u0631\u064a\u0627\u0636\u0627\u062a \u0627\u0644\u062a\u064a \u062a\u0645\u0627\u0631\u0633\u0647\u0627 \u0628\u0627\u0644\u0625\u0636\u0627\u0641\u0629 \u0625\u0644\u0649 \u0645\u0631\u0627\u0642\u0628\u0629 \u0646\u0634\u0627\u0637\u0643 \u0627\u0644\u064a\u0648\u0645\u064a\u00a0 \u0634\u0627\u0634\u0629 \u062a\u0639\u0645\u0644\u2026","rel":"","context":"\u062a\u062f\u0648\u064a\u0646\u0629 \u0645\u0634\u0627\u0628\u0647\u0629","block_context":{"text":"\u062a\u062f\u0648\u064a\u0646\u0629 \u0645\u0634\u0627\u0628\u0647\u0629","link":""},"img":{"alt_text":"","src":"https:\/\/i0.wp.com\/bonprix-dz.com\/wp-content\/uploads\/2018\/08\/11.jpg?fit=590%2C590&ssl=1&resize=350%2C200","width":350,"height":200,"srcset":"https:\/\/i0.wp.com\/bonprix-dz.com\/wp-content\/uploads\/2018\/08\/11.jpg?fit=590%2C590&ssl=1&resize=350%2C200 1x, https:\/\/i0.wp.com\/bonprix-dz.com\/wp-content\/uploads\/2018\/08\/11.jpg?fit=590%2C590&ssl=1&resize=525%2C300 1.5x"},"classes":[]},{"id":3429,"url":"https:\/\/bonprix-dz.com\/?product=lenovo-xt96","url_meta":{"origin":4612,"position":2},"title":"Lenovo XT96","author":"bonprix-dz.com","date":"\u0623\u0643\u062a\u0648\u0628\u0631 22, 2023","format":false,"excerpt":"\u0627\u0644\u0648\u0635\u0641 \u0627\u0633\u0645 \u0627\u0644\u0639\u0644\u0627\u0645\u0629 \u0627\u0644\u062a\u062c\u0627\u0631\u064a\u0629: Lenovo \u0631\u0642\u0645 \u0627\u0644\u0645\u0648\u062f\u064a\u0644: XT96 \u0625\u0635\u062f\u0627\u0631 BT: 5.1.1 \u0645\u0633\u0627\u0641\u0629 \u0627\u0644\u0625\u0631\u0633\u0627\u0644: \u0645\u0627 \u064a\u0635\u0644 \u0625\u0644\u0649 10 \u0623\u0645\u062a\u0627\u0631 (\u0628\u062f\u0648\u0646 \u0639\u0627\u0626\u0642) \u0642\u0637\u0631 \u0627\u0644\u0642\u064a\u0627\u062f\u0629: 13 \u0645\u0644\u0644\u064a \u0645\u062a\u0631 \u0645\u062f\u0649 \u0627\u0644\u062a\u0631\u062f\u062f: 20-20 \u0643\u064a\u0644\u0648 \u0647\u0631\u062a\u0632 \u0627\u0644\u062d\u0633\u0627\u0633\u064a\u0629: 109dB \u00b1 3dB \u0645\u0642\u0627\u0648\u0645\u0629: 32\u03a9 \u0633\u0639\u0629 \u0628\u0637\u0627\u0631\u064a\u0629 \u0635\u0646\u062f\u0648\u0642 \u0627\u0644\u0634\u062d\u0646: 3.7 \u0641\u0648\u0644\u062a 300 \u0645\u0644\u0644\u064a \u0623\u0645\u0628\u064a\u0631 \u0633\u0639\u0629 \u0628\u0637\u0627\u0631\u064a\u0629 \u0627\u0644\u0633\u0645\u0627\u0639\u0629 (\u0644\u0643\u0644 \u0645\u0646\u0647\u0645\u0627):\u2026","rel":"","context":"\u062a\u062f\u0648\u064a\u0646\u0629 \u0645\u0634\u0627\u0628\u0647\u0629","block_context":{"text":"\u062a\u062f\u0648\u064a\u0646\u0629 \u0645\u0634\u0627\u0628\u0647\u0629","link":""},"img":{"alt_text":"","src":"https:\/\/i0.wp.com\/bonprix-dz.com\/wp-content\/uploads\/2023\/10\/825797354-785004141.jpg?fit=800%2C800&ssl=1&resize=350%2C200","width":350,"height":200,"srcset":"https:\/\/i0.wp.com\/bonprix-dz.com\/wp-content\/uploads\/2023\/10\/825797354-785004141.jpg?fit=800%2C800&ssl=1&resize=350%2C200 1x, https:\/\/i0.wp.com\/bonprix-dz.com\/wp-content\/uploads\/2023\/10\/825797354-785004141.jpg?fit=800%2C800&ssl=1&resize=525%2C300 1.5x, https:\/\/i0.wp.com\/bonprix-dz.com\/wp-content\/uploads\/2023\/10\/825797354-785004141.jpg?fit=800%2C800&ssl=1&resize=700%2C400 2x"},"classes":[]},{"id":3084,"url":"https:\/\/bonprix-dz.com\/?product=t900-ultra-%d8%b3%d8%a7%d8%b9%d8%a9-%d8%b0%d9%83%d9%8a%d8%a9-%d9%85%d8%aa%d8%b5%d9%84%d8%a9","url_meta":{"origin":4612,"position":3},"title":"T900 Ultra &#8211; \u0633\u0627\u0639\u0629 \u0630\u0643\u064a\u0629 \u0645\u062a\u0635\u0644\u0629","author":"bonprix-dz.com","date":"\u0633\u0628\u062a\u0645\u0628\u0631 14, 2023","format":false,"excerpt":"\u0645\u0648\u0627\u0635\u0641\u0627\u062a \u0627\u0644\u0645\u0646\u062a\u062c T900 Ultra \u0647\u064a \u0646\u0633\u062e\u0629 \u062c\u062f\u064a\u062f\u0629 \u0645\u0646 Apple Watch Ultra 2022 \u062a\u0645 \u0625\u0635\u062f\u0627\u0631\u0647\u0627 \u0641\u064a 25 \u0623\u0643\u062a\u0648\u0628\u0631 2022. \u0627\u0644\u0623\u062f\u0627\u0629 \u0627\u0644\u0630\u0643\u064a\u0629 \u0647\u064a \u0633\u0627\u0639\u0629 \u0630\u0643\u064a\u0629 \u0644\u0644\u064a\u0627\u0642\u0629 \u0627\u0644\u0628\u062f\u0646\u064a\u0629 \u064a\u0645\u0643\u0646\u0647\u0627 \u062a\u062a\u0628\u0639 \u0627\u0644\u0623\u0646\u0634\u0637\u0629 \u0627\u0644\u0631\u064a\u0627\u0636\u064a\u0629 \u0648\u0625\u062f\u0627\u0631\u0629 \u0627\u0644\u062d\u0627\u0644\u0629 \u0627\u0644\u0635\u062d\u064a\u0629 \u0641\u064a \u0627\u0644\u0648\u0642\u062a \u0627\u0644\u0641\u0639\u0644\u064a. \u0627\u0644\u0645\u0638\u0647\u0631 \u0648\u0627\u0644\u062a\u0635\u0645\u064a\u0645 \u0623\u0646\u064a\u0642 \u0648\u0631\u064a\u0627\u0636\u064a \u0648\u064a\u0634\u0628\u0647 \u0625\u0644\u0649 \u062d\u062f \u0628\u0639\u064a\u062f N8 Ultra. \u0627\u0644\u0634\u0627\u0634\u0629 \u0643\u0628\u064a\u0631\u0629 \u0628\u062d\u062c\u0645 1.99 \u0628\u0648\u0635\u0629\u2026","rel":"","context":"\u062a\u062f\u0648\u064a\u0646\u0629 \u0645\u0634\u0627\u0628\u0647\u0629","block_context":{"text":"\u062a\u062f\u0648\u064a\u0646\u0629 \u0645\u0634\u0627\u0628\u0647\u0629","link":""},"img":{"alt_text":"","src":"https:\/\/i0.wp.com\/bonprix-dz.com\/wp-content\/uploads\/2023\/09\/2.jpg?fit=500%2C500&ssl=1&resize=350%2C200","width":350,"height":200},"classes":[]},{"id":50,"url":"https:\/\/bonprix-dz.com\/?product=iphone-dock","url_meta":{"origin":4612,"position":4},"title":"X7 \u0633\u0627\u0639\u0629 \u0630\u0643\u064a\u0629","author":"bonprix-dz.com","date":"\u064a\u0648\u0646\u064a\u0648 14, 2017","format":false,"excerpt":"\u064a\u0631\u062c\u0649 \u0634\u062d\u0646 \u0627\u0644\u062c\u0647\u0627\u0632 \u0642\u0628\u0644 \u0627\u0633\u062a\u062e\u062f\u0627\u0645\u0647 \u0639\u0646\u062f \u0627\u0633\u062a\u0644\u0627\u0645\u0647. 1-2 \u0633\u0627\u0639\u0627\u062a \u0627\u0644\u0645\u064a\u0632\u0629 \u0627\u0644\u0631\u0626\u064a\u0633\u064a\u0629 \u062a\u0627\u062c \u0631\u0642\u0645\u064a \u0642\u0627\u0628\u0644 \u0644\u0644\u062f\u0648\u0631\u0627\u0646: \u062a\u0643\u0628\u064a\u0631\/\u062a\u0635\u063a\u064a\u0631 \u060c \u062a\u063a\u064a\u064a\u0631 \u0627\u0644\u0634\u0627\u0634\u0629 11 \u0623\u0646\u0645\u0627\u0637 \u0642\u0627\u0626\u0645\u0629 UI: \u0646\u0645\u0637 \u0627\u0644\u0631\u0624\u064a\u0629 \u0627\u0644\u0643\u0627\u0645\u0644\u0629 Inteligent \u060c \u0646\u0645\u0637 \u0627\u0644\u0634\u0628\u0643\u0629 \u060c \u0646\u0645\u0637 \u0627\u0644\u062f\u0627\u0626\u0631\u0629 \u0648\u0646\u0645\u0637 \u0627\u0644\u0642\u0627\u0626\u0645\u0629 \u060c \u0625\u0644\u062e. \u0648\u062c\u0648\u0647 \u0645\u062a\u0639\u062f\u062f\u0629 \u0644\u0644\u0633\u0627\u0639\u0629: \u0648\u062c\u0648\u0647 \u0633\u0627\u0639\u0629 \u062c\u0645\u064a\u0644\u0629 \u0623\u0643\u062b\u0631 \u062a\u062c\u0639\u0644 \u0643\u0644 \u064a\u0648\u0645 \u0631\u0627\u0626\u0639\u0629 \u0645\u062f\u0645\u062c\u0629 \u0641\u064a\u2026","rel":"","context":"\u062a\u062f\u0648\u064a\u0646\u0629 \u0645\u0634\u0627\u0628\u0647\u0629","block_context":{"text":"\u062a\u062f\u0648\u064a\u0646\u0629 \u0645\u0634\u0627\u0628\u0647\u0629","link":""},"img":{"alt_text":"","src":"https:\/\/i0.wp.com\/bonprix-dz.com\/wp-content\/uploads\/2017\/06\/R.jpg?fit=684%2C684&ssl=1&resize=350%2C200","width":350,"height":200,"srcset":"https:\/\/i0.wp.com\/bonprix-dz.com\/wp-content\/uploads\/2017\/06\/R.jpg?fit=684%2C684&ssl=1&resize=350%2C200 1x, https:\/\/i0.wp.com\/bonprix-dz.com\/wp-content\/uploads\/2017\/06\/R.jpg?fit=684%2C684&ssl=1&resize=525%2C300 1.5x"},"classes":[]},{"id":4206,"url":"https:\/\/bonprix-dz.com\/?product=kumi-gw5","url_meta":{"origin":4612,"position":5},"title":"KUMI GW5","author":"bonprix-dz.com","date":"\u064a\u0648\u0644\u064a\u0648 2, 2024","format":false,"excerpt":"\u0643\u0648\u0645\u064a GW5 \u0623\u0631\u0642 \u0648\u0623\u062e\u0641 \u0648\u0632\u0646\u0627 \u060c \u0648\u0623\u0643\u062b\u0631 \u0639\u0635\u0631\u064a\u0629 \u0648\u0623\u0643\u062b\u0631 \u0645\u062a\u0627\u0646\u0629-\u064a\u062a\u0645\u062a\u0639 # KUMI GW5 \u0627\u0644\u0634\u0647\u064a\u0631 \u0628\u0639\u0645\u0631 \u0628\u0637\u0627\u0631\u064a\u0629 \u064a\u0628\u0644\u063a 20 \u064a\u0648\u0645\u064b\u0627 \u060c \u0648\u0644\u0647 \u0648\u0638\u0627\u0626\u0641 \u0645\u0631\u0627\u0642\u0628\u0629 \u0635\u062d\u064a\u0629 \u0648\u0627\u0633\u0639\u0629 \u060c \u0648\u0647\u0648 \u0623\u0643\u062b\u0631 \u0628\u0623\u0633\u0639\u0627\u0631 \u0645\u0639\u0642\u0648\u0644\u0629 \u0627\u0644\u0645\u0648\u0627\u0635\u0641\u0627\u062a \u0634\u0627\u0634\u0629 \u0639\u0631\u0636 \u0634\u0627\u0634\u0629 LCD-\u0628\u0648\u0635\u0629 TFT \u060c \u062a\u062f\u0639\u0645 \u0648\u0638\u064a\u0641\u0629 \u0645\u0631\u0627\u0642\u0628\u0629 \u0627\u0644\u062c\u0633\u0645 \u0627\u0644\u062d\u064a \u060c \u0648\u0636\u0639 \u062b\u0646\u0627\u0626\u064a \u0627\u0644\u0646\u0648\u0627\u0629 \u060c \u0631\u0627\u0628\u0637 \u0633\u0631\u064a\u0639. \"Culture\"\u2026","rel":"","context":"\u062a\u062f\u0648\u064a\u0646\u0629 \u0645\u0634\u0627\u0628\u0647\u0629","block_context":{"text":"\u062a\u062f\u0648\u064a\u0646\u0629 \u0645\u0634\u0627\u0628\u0647\u0629","link":""},"img":{"alt_text":"","src":"https:\/\/i0.wp.com\/bonprix-dz.com\/wp-content\/uploads\/2024\/07\/12741388821216707772.jpg?fit=960%2C960&ssl=1&resize=350%2C200","width":350,"height":200,"srcset":"https:\/\/i0.wp.com\/bonprix-dz.com\/wp-content\/uploads\/2024\/07\/12741388821216707772.jpg?fit=960%2C960&ssl=1&resize=350%2C200 1x, https:\/\/i0.wp.com\/bonprix-dz.com\/wp-content\/uploads\/2024\/07\/12741388821216707772.jpg?fit=960%2C960&ssl=1&resize=525%2C300 1.5x, https:\/\/i0.wp.com\/bonprix-dz.com\/wp-content\/uploads\/2024\/07\/12741388821216707772.jpg?fit=960%2C960&ssl=1&resize=700%2C400 2x"},"classes":[]}],"_links":{"self":[{"href":"https:\/\/bonprix-dz.com\/index.php?rest_route=\/wp\/v2\/product\/4612","targetHints":{"allow":["GET"]}}],"collection":[{"href":"https:\/\/bonprix-dz.com\/index.php?rest_route=\/wp\/v2\/product"}],"about":[{"href":"https:\/\/bonprix-dz.com\/index.php?rest_route=\/wp\/v2\/types\/product"}],"replies":[{"embeddable":true,"href":"https:\/\/bonprix-dz.com\/index.php?rest_route=%2Fwp%2Fv2%2Fcomments&post=4612"}],"version-history":[{"count":1,"href":"https:\/\/bonprix-dz.com\/index.php?rest_route=\/wp\/v2\/product\/4612\/revisions"}],"predecessor-version":[{"id":4616,"href":"https:\/\/bonprix-dz.com\/index.php?rest_route=\/wp\/v2\/product\/4612\/revisions\/4616"}],"wp:featuredmedia":[{"embeddable":true,"href":"https:\/\/bonprix-dz.com\/index.php?rest_route=\/wp\/v2\/media\/4613"}],"wp:attachment":[{"href":"https:\/\/bonprix-dz.com\/index.php?rest_route=%2Fwp%2Fv2%2Fmedia&parent=4612"}],"wp:term":[{"taxonomy":"product_cat","embeddable":true,"href":"https:\/\/bonprix-dz.com\/index.php?rest_route=%2Fwp%2Fv2%2Fproduct_cat&post=4612"},{"taxonomy":"product_tag","embeddable":true,"href":"https:\/\/bonprix-dz.com\/index.php?rest_route=%2Fwp%2Fv2%2Fproduct_tag&post=4612"}],"curies":[{"name":"wp","href":"https:\/\/api.w.org\/{rel}","templated":true}]}}