{"id":4636,"date":"2024-11-07T00:56:47","date_gmt":"2024-11-07T00:56:47","guid":{"rendered":"https:\/\/bonprix-dz.com\/?post_type=product&#038;p=4636"},"modified":"2025-12-17T00:28:04","modified_gmt":"2025-12-17T00:28:04","slug":"mecha-cable-67w","status":"publish","type":"product","link":"https:\/\/bonprix-dz.com\/?product=mecha-cable-67w","title":{"rendered":"Mecha C\u00e2ble 67W"},"content":{"rendered":"<p><span id=\"tl_1\"><strong>Nom<\/strong>:<\/span><span id=\"tl_2\">C\u00e2ble de donn\u00e9es \u00e0 charge rapide 65W 4 en 1<\/span><\/p>\n<p><span id=\"tl_3\"><strong>Longueur<\/strong>: 120cm<\/span><\/p>\n<p><span id=\"tl_4\"><strong>Couleur<\/strong>: noir jaune<\/span><\/p>\n<p><span id=\"tl_5\"><strong>Noyau<\/strong>: 40*2, 10*3 (140 pi\u00e8ces)<\/span><\/p>\n<p><span id=\"tl_6\"><strong>Mat\u00e9riau<\/strong>: Nylon tiss\u00e9<\/span><\/p>\n<p><span id=\"tl_7\"><strong>Fonction<\/strong>: prend en charge l&#8217;iPhone 15\/transfert de donn\u00e9es<\/span><\/p>\n<p><span id=\"tl_8\" data-spm-anchor-id=\"a2g0o.detail.1000023.i0.26e67y3t7y3t4X\"><strong>Type d&#8217;interface<\/strong>: USB\/TYPE-C 65W\/foudre 27W<\/span><\/p>\n","protected":false},"excerpt":{"rendered":"<p>Nom:C\u00e2ble de donn\u00e9es \u00e0 charge rapide 65W 4 en 1 Longueur: 120cm Couleur: noir jaune Noyau: 40*2, 10*3 (140 pi\u00e8ces)<\/p>\n","protected":false},"featured_media":4640,"comment_status":"open","ping_status":"closed","template":"","meta":{"om_disable_all_campaigns":false,"_monsterinsights_skip_tracking":false,"_monsterinsights_sitenote_active":false,"_monsterinsights_sitenote_note":"","_monsterinsights_sitenote_category":0,"iawp_total_views":6},"product_cat":[15,42],"product_tag":[111],"class_list":{"0":"post-4636","1":"product","2":"type-product","3":"status-publish","4":"has-post-thumbnail","6":"product_cat-promotion","7":"product_cat-toys","8":"product_tag-mecha","10":"first","11":"instock","12":"sale","13":"taxable","14":"shipping-taxable","15":"purchasable","16":"product-type-simple"},"aioseo_notices":[],"jetpack-related-posts":[{"id":4960,"url":"https:\/\/bonprix-dz.com\/?product=jr-tcm02-65w-multi-port-charger","url_meta":{"origin":4636,"position":0},"title":"JR-TCM02 65W Multi-port Charger","author":"bonprix-dz.com","date":"\u0641\u0628\u0631\u0627\u064a\u0631 14, 2025","format":false,"excerpt":"Basic Information Product Model: JR-TCM02 Product Name:\u00a065W GaN Charger Product Length: 1.5m Product Plug: EU\/UK Product Input:\u00a0AC 100-240V ~ 50\/60Hz 1.5A(Max) Product Function: Charging Total Output: 65W(Max) Product Material: PC fireproof material","rel":"","context":"\u062a\u062f\u0648\u064a\u0646\u0629 \u0645\u0634\u0627\u0628\u0647\u0629","block_context":{"text":"\u062a\u062f\u0648\u064a\u0646\u0629 \u0645\u0634\u0627\u0628\u0647\u0629","link":""},"img":{"alt_text":"","src":"https:\/\/i0.wp.com\/bonprix-dz.com\/wp-content\/uploads\/2025\/02\/1.1_451d129d-39f0-453b-8e71-e5224334f95b.png?fit=1200%2C1200&ssl=1&resize=350%2C200","width":350,"height":200,"srcset":"https:\/\/i0.wp.com\/bonprix-dz.com\/wp-content\/uploads\/2025\/02\/1.1_451d129d-39f0-453b-8e71-e5224334f95b.png?fit=1200%2C1200&ssl=1&resize=350%2C200 1x, https:\/\/i0.wp.com\/bonprix-dz.com\/wp-content\/uploads\/2025\/02\/1.1_451d129d-39f0-453b-8e71-e5224334f95b.png?fit=1200%2C1200&ssl=1&resize=525%2C300 1.5x, https:\/\/i0.wp.com\/bonprix-dz.com\/wp-content\/uploads\/2025\/02\/1.1_451d129d-39f0-453b-8e71-e5224334f95b.png?fit=1200%2C1200&ssl=1&resize=700%2C400 2x, https:\/\/i0.wp.com\/bonprix-dz.com\/wp-content\/uploads\/2025\/02\/1.1_451d129d-39f0-453b-8e71-e5224334f95b.png?fit=1200%2C1200&ssl=1&resize=1050%2C600 3x"},"classes":[]},{"id":3820,"url":"https:\/\/bonprix-dz.com\/?product=hoco-x86","url_meta":{"origin":4636,"position":1},"title":"Hoco X86","author":"bonprix-dz.com","date":"\u0645\u0627\u0631\u0633 21, 2024","format":false,"excerpt":"X86 Spear, c\u00e2ble de donn\u00e9es de charge USB vers Type-C, alliage de silicone et d\u2019aluminium, courant jusqu\u2019\u00e0 3 A 1. Longueur : 1 m.\u00a0Poids : 24g. 2. Mat\u00e9riau ext\u00e9rieur : silicone. 3. Mat\u00e9riau du joint : alliage d\u2019aluminium. 4. Noyau : (43\/0.08)*2+(13\/0.08)*2 OD3.5mm. 5. Courant jusqu\u2019\u00e0 3A.","rel":"","context":"\u062a\u062f\u0648\u064a\u0646\u0629 \u0645\u0634\u0627\u0628\u0647\u0629","block_context":{"text":"\u062a\u062f\u0648\u064a\u0646\u0629 \u0645\u0634\u0627\u0628\u0647\u0629","link":""},"img":{"alt_text":"","src":"https:\/\/i0.wp.com\/bonprix-dz.com\/wp-content\/uploads\/2024\/03\/1-13.jpg?fit=800%2C800&ssl=1&resize=350%2C200","width":350,"height":200,"srcset":"https:\/\/i0.wp.com\/bonprix-dz.com\/wp-content\/uploads\/2024\/03\/1-13.jpg?fit=800%2C800&ssl=1&resize=350%2C200 1x, https:\/\/i0.wp.com\/bonprix-dz.com\/wp-content\/uploads\/2024\/03\/1-13.jpg?fit=800%2C800&ssl=1&resize=525%2C300 1.5x, https:\/\/i0.wp.com\/bonprix-dz.com\/wp-content\/uploads\/2024\/03\/1-13.jpg?fit=800%2C800&ssl=1&resize=700%2C400 2x"},"classes":[]},{"id":5003,"url":"https:\/\/bonprix-dz.com\/?product=usams-usb-gan-charger-35w-type-c-pd-fast-phone-charger-built-in-quick-charge-cable-eu-plug-for-iphone-15-pro-max-xiaomi-samsung","url_meta":{"origin":4636,"position":2},"title":"USAMS USB GaN Charger 35W Type C PD Fast Phone Charger Built in Quick Charge Cable EU Plug for iPhone 15  Pro Max Xiaomi Samsung","author":"bonprix-dz.com","date":"\u0641\u0628\u0631\u0627\u064a\u0631 25, 2025","format":false,"excerpt":"This video is from youtube blogger TechnoMishka Input 100-240V 50\/60Hz 2A(Max) Output Type C Cable Output: 5V\/3A; 9V\/3A; 12V\/2.9A; 15V\/2.33A; 20V\/1.75A; Type C Port Output: 5V\/3A; 9V\/3A; 12V\/2.9A; 15V\/2.33A; 20V\/1.75A; PPS: 3.3V-11A\/3A; Type C Cable +Type C Port Output: 17.5W+17.5W Size Size: 51*51*94mm; Weight: About 134g; Cable Length: About 80cm;","rel":"","context":"\u062a\u062f\u0648\u064a\u0646\u0629 \u0645\u0634\u0627\u0628\u0647\u0629","block_context":{"text":"\u062a\u062f\u0648\u064a\u0646\u0629 \u0645\u0634\u0627\u0628\u0647\u0629","link":""},"img":{"alt_text":"USAMS USB GaN Charger 35W Type C PD Fast Phone Charger Built in Quick Charge Cable EU Plug for iPhone 15  Pro Max Xiaomi Samsung 1","src":"https:\/\/i0.wp.com\/ae01.alicdn.com\/kf\/S59ae32456a004e689095ae982e0a68b2e\/USAMS-USB-GaN-Charger-35W-Type-C-PD-Fast-Phone-Charger-Built-in-Quick-Charge-Cable.jpg?fit=800%2C800&ssl=1&resize=350%2C200","width":350,"height":200,"srcset":"https:\/\/i0.wp.com\/ae01.alicdn.com\/kf\/S59ae32456a004e689095ae982e0a68b2e\/USAMS-USB-GaN-Charger-35W-Type-C-PD-Fast-Phone-Charger-Built-in-Quick-Charge-Cable.jpg?fit=800%2C800&ssl=1&resize=350%2C200 1x, https:\/\/i0.wp.com\/ae01.alicdn.com\/kf\/S59ae32456a004e689095ae982e0a68b2e\/USAMS-USB-GaN-Charger-35W-Type-C-PD-Fast-Phone-Charger-Built-in-Quick-Charge-Cable.jpg?fit=800%2C800&ssl=1&resize=525%2C300 1.5x, https:\/\/i0.wp.com\/ae01.alicdn.com\/kf\/S59ae32456a004e689095ae982e0a68b2e\/USAMS-USB-GaN-Charger-35W-Type-C-PD-Fast-Phone-Charger-Built-in-Quick-Charge-Cable.jpg?fit=800%2C800&ssl=1&resize=700%2C400 2x"},"classes":[]},{"id":4528,"url":"https:\/\/bonprix-dz.com\/?product=hoco-x14","url_meta":{"origin":4636,"position":3},"title":"Hoco X14","author":"bonprix-dz.com","date":"\u0633\u0628\u062a\u0645\u0628\u0631 11, 2024","format":false,"excerpt":"Cable type C to type C double speed 60 W Marque : Hoco Longueur : 1 m Poids : 20 g Tresse ext\u00e9rieure : fil tress\u00e9 en nylon Connecteur : alliage d\u2019aluminium 4, 134 fil de cuivre \u00e9tam\u00e9 \u00e0 5 conducteurs, passage de courant de c\u00e2ble 3A ; En utilisant\u2026","rel":"","context":"\u062a\u062f\u0648\u064a\u0646\u0629 \u0645\u0634\u0627\u0628\u0647\u0629","block_context":{"text":"\u062a\u062f\u0648\u064a\u0646\u0629 \u0645\u0634\u0627\u0628\u0647\u0629","link":""},"img":{"alt_text":"","src":"https:\/\/i0.wp.com\/bonprix-dz.com\/wp-content\/uploads\/2024\/09\/E2C795AC-263E-4E9A-A3E9-3BF9AB0D0860.webp?fit=800%2C800&ssl=1&resize=350%2C200","width":350,"height":200,"srcset":"https:\/\/i0.wp.com\/bonprix-dz.com\/wp-content\/uploads\/2024\/09\/E2C795AC-263E-4E9A-A3E9-3BF9AB0D0860.webp?fit=800%2C800&ssl=1&resize=350%2C200 1x, https:\/\/i0.wp.com\/bonprix-dz.com\/wp-content\/uploads\/2024\/09\/E2C795AC-263E-4E9A-A3E9-3BF9AB0D0860.webp?fit=800%2C800&ssl=1&resize=525%2C300 1.5x, https:\/\/i0.wp.com\/bonprix-dz.com\/wp-content\/uploads\/2024\/09\/E2C795AC-263E-4E9A-A3E9-3BF9AB0D0860.webp?fit=800%2C800&ssl=1&resize=700%2C400 2x"},"classes":[]},{"id":3745,"url":"https:\/\/bonprix-dz.com\/?product=cable-de-charge-hoco-x37-micro-usb-iphone-ios-blanc","url_meta":{"origin":4636,"position":4},"title":"C\u00e2ble de charge Hoco X37 Micro USB, Iphone IOS, Blanc","author":"bonprix-dz.com","date":"\u0645\u0627\u0631\u0633 2, 2024","format":false,"excerpt":"Conception anti-courbure Prend en charge la charge rapide avec une alimentation puissante C\u00e2bles sont en blanc Produits Hoco Connecteur d\u2019entr\u00e9e : Micro USB, Iphone Courant : jusqu\u2019\u00e0 2,4 A (Micro USB, Iphone- IOS) Courant : jusqu\u2019\u00e0 3,0 A (Pour Iphone) Longueur du c\u00e2ble : 1 m","rel":"","context":"\u062a\u062f\u0648\u064a\u0646\u0629 \u0645\u0634\u0627\u0628\u0647\u0629","block_context":{"text":"\u062a\u062f\u0648\u064a\u0646\u0629 \u0645\u0634\u0627\u0628\u0647\u0629","link":""},"img":{"alt_text":"","src":"https:\/\/i0.wp.com\/bonprix-dz.com\/wp-content\/uploads\/2024\/03\/hoco-ns2-power-strip-with-extension-cable-3-socket-eu-ger-packaging-black-3.jpg?fit=800%2C800&ssl=1&resize=350%2C200","width":350,"height":200,"srcset":"https:\/\/i0.wp.com\/bonprix-dz.com\/wp-content\/uploads\/2024\/03\/hoco-ns2-power-strip-with-extension-cable-3-socket-eu-ger-packaging-black-3.jpg?fit=800%2C800&ssl=1&resize=350%2C200 1x, https:\/\/i0.wp.com\/bonprix-dz.com\/wp-content\/uploads\/2024\/03\/hoco-ns2-power-strip-with-extension-cable-3-socket-eu-ger-packaging-black-3.jpg?fit=800%2C800&ssl=1&resize=525%2C300 1.5x, https:\/\/i0.wp.com\/bonprix-dz.com\/wp-content\/uploads\/2024\/03\/hoco-ns2-power-strip-with-extension-cable-3-socket-eu-ger-packaging-black-3.jpg?fit=800%2C800&ssl=1&resize=700%2C400 2x"},"classes":[]},{"id":3765,"url":"https:\/\/bonprix-dz.com\/?product=wall-charger-c101a-pd20w-eu-set-with-cable","url_meta":{"origin":4636,"position":5},"title":"Wall charger \u201cC101A\u201d PD20W EU set with cable","author":"bonprix-dz.com","date":"\u0645\u0627\u0631\u0633 3, 2024","format":false,"excerpt":"C101A, wall charger, Type-C PD 20W output, EU plug, support fast charging protocols, set with cable Type-C to Lightning or Type-C to Type-C 1. Material: flame retardant PC + ABS. 2. Output: Type-C \u2013 20W (for PD, for QC, for AFC, for FCP). 3. EU plug. 4. Sizes: 68*34*34mm. Single\u2026","rel":"","context":"\u062a\u062f\u0648\u064a\u0646\u0629 \u0645\u0634\u0627\u0628\u0647\u0629","block_context":{"text":"\u062a\u062f\u0648\u064a\u0646\u0629 \u0645\u0634\u0627\u0628\u0647\u0629","link":""},"img":{"alt_text":"","src":"https:\/\/i0.wp.com\/bonprix-dz.com\/wp-content\/uploads\/2024\/03\/1-6.jpg?fit=800%2C800&ssl=1&resize=350%2C200","width":350,"height":200,"srcset":"https:\/\/i0.wp.com\/bonprix-dz.com\/wp-content\/uploads\/2024\/03\/1-6.jpg?fit=800%2C800&ssl=1&resize=350%2C200 1x, https:\/\/i0.wp.com\/bonprix-dz.com\/wp-content\/uploads\/2024\/03\/1-6.jpg?fit=800%2C800&ssl=1&resize=525%2C300 1.5x, https:\/\/i0.wp.com\/bonprix-dz.com\/wp-content\/uploads\/2024\/03\/1-6.jpg?fit=800%2C800&ssl=1&resize=700%2C400 2x"},"classes":[]}],"_links":{"self":[{"href":"https:\/\/bonprix-dz.com\/index.php?rest_route=\/wp\/v2\/product\/4636","targetHints":{"allow":["GET"]}}],"collection":[{"href":"https:\/\/bonprix-dz.com\/index.php?rest_route=\/wp\/v2\/product"}],"about":[{"href":"https:\/\/bonprix-dz.com\/index.php?rest_route=\/wp\/v2\/types\/product"}],"replies":[{"embeddable":true,"href":"https:\/\/bonprix-dz.com\/index.php?rest_route=%2Fwp%2Fv2%2Fcomments&post=4636"}],"version-history":[{"count":1,"href":"https:\/\/bonprix-dz.com\/index.php?rest_route=\/wp\/v2\/product\/4636\/revisions"}],"predecessor-version":[{"id":4641,"href":"https:\/\/bonprix-dz.com\/index.php?rest_route=\/wp\/v2\/product\/4636\/revisions\/4641"}],"wp:featuredmedia":[{"embeddable":true,"href":"https:\/\/bonprix-dz.com\/index.php?rest_route=\/wp\/v2\/media\/4640"}],"wp:attachment":[{"href":"https:\/\/bonprix-dz.com\/index.php?rest_route=%2Fwp%2Fv2%2Fmedia&parent=4636"}],"wp:term":[{"taxonomy":"product_cat","embeddable":true,"href":"https:\/\/bonprix-dz.com\/index.php?rest_route=%2Fwp%2Fv2%2Fproduct_cat&post=4636"},{"taxonomy":"product_tag","embeddable":true,"href":"https:\/\/bonprix-dz.com\/index.php?rest_route=%2Fwp%2Fv2%2Fproduct_tag&post=4636"}],"curies":[{"name":"wp","href":"https:\/\/api.w.org\/{rel}","templated":true}]}}