{"id":4645,"date":"2024-12-02T21:12:00","date_gmt":"2024-12-02T21:12:00","guid":{"rendered":"https:\/\/bonprix-dz.com\/?post_type=product&#038;p=4645"},"modified":"2024-12-02T21:12:00","modified_gmt":"2024-12-02T21:12:00","slug":"megir-montres-de-sport-militaires","status":"publish","type":"product","link":"https:\/\/bonprix-dz.com\/?product=megir-montres-de-sport-militaires","title":{"rendered":"MEGIR-Montres de sport militaires"},"content":{"rendered":"<div class=\"title--wrap--NWOaiSp\">\n<div class=\"title--text--Otu0bLr\">\n<h2 class=\"title--title--O6xcB1q\">D\u00e9tails<\/h2>\n<\/div>\n<\/div>\n<ul class=\"specification--list--GZuXzRX\">\n<li class=\"specification--line--IXeRJI7\">\n<div class=\"specification--prop--Jh28bKu\">\n<div class=\"specification--title--SfH3sA8\">\u00c9paisseur du bo\u00eetier<\/div>\n<div class=\"specification--desc--Dxx6W0W\" title=\"13.5\">13.5<\/div>\n<\/div>\n<div class=\"specification--prop--Jh28bKu\">\n<div class=\"specification--title--SfH3sA8\">Largeur de bande<\/div>\n<div class=\"specification--desc--Dxx6W0W\" title=\"24\">24<\/div>\n<\/div>\n<\/li>\n<li class=\"specification--line--IXeRJI7\">\n<div class=\"specification--prop--Jh28bKu\">\n<div class=\"specification--title--SfH3sA8\">Type de mat\u00e9riel de bande<\/div>\n<div class=\"specification--desc--Dxx6W0W\" title=\"Gel de la silice\">Gel de la silice<\/div>\n<\/div>\n<div class=\"specification--prop--Jh28bKu\">\n<div class=\"specification--title--SfH3sA8\">Forme de mallettes<\/div>\n<div class=\"specification--desc--Dxx6W0W\" title=\"Ronde\">Ronde<\/div>\n<\/div>\n<\/li>\n<li class=\"specification--line--IXeRJI7\">\n<div class=\"specification--prop--Jh28bKu\">\n<div class=\"specification--title--SfH3sA8\">Type de mat\u00e9riau de fen\u00eatre de cadran<\/div>\n<div class=\"specification--desc--Dxx6W0W\" title=\"Hardlex\">Hardlex<\/div>\n<\/div>\n<div class=\"specification--prop--Jh28bKu\">\n<div class=\"specification--title--SfH3sA8\">Mat\u00e9riel des bo\u00eetes et mallettes<\/div>\n<div class=\"specification--desc--Dxx6W0W\" title=\"Papier\">Papier<\/div>\n<\/div>\n<\/li>\n<li class=\"specification--line--IXeRJI7\">\n<div class=\"specification--prop--Jh28bKu\">\n<div class=\"specification--title--SfH3sA8\">Num\u00e9ro de Mod\u00e8le<\/div>\n<div class=\"specification--desc--Dxx6W0W\" title=\"MN2144GS-BE-1\">MN2144GS-BE-1<\/div>\n<\/div>\n<div class=\"specification--prop--Jh28bKu\">\n<div class=\"specification--title--SfH3sA8\">Diam\u00e8tre du cadran<\/div>\n<div class=\"specification--desc--Dxx6W0W\" title=\"46.5\">46.5<\/div>\n<\/div>\n<\/li>\n<li class=\"specification--line--IXeRJI7\">\n<div class=\"specification--prop--Jh28bKu\">\n<div class=\"specification--title--SfH3sA8\">Caract\u00e9ristique<\/div>\n<div class=\"specification--desc--Dxx6W0W\" title=\"chronom\u00e8tre,Chronographe,Calendrier complet,R\u00e9sistant \u00e0 l'eau,luminous hands\">chronom\u00e8tre,Chronographe,Calendrier complet,R\u00e9sistant \u00e0 l&#8217;eau,luminous hands<\/div>\n<\/div>\n<div class=\"specification--prop--Jh28bKu\">\n<div class=\"specification--title--SfH3sA8\">Profondeur de R\u00e9sistance \u00e0 L&#8217;eau<\/div>\n<div class=\"specification--desc--Dxx6W0W\" title=\"Bars\">Bars<\/div>\n<\/div>\n<\/li>\n<li class=\"specification--line--IXeRJI7\">\n<div class=\"specification--prop--Jh28bKu\">\n<div class=\"specification--title--SfH3sA8\">Type de fermoir<\/div>\n<div class=\"specification--desc--Dxx6W0W\" title=\"Boucle\">Boucle<\/div>\n<\/div>\n<div class=\"specification--prop--Jh28bKu\">\n<div class=\"specification--title--SfH3sA8\">Longueur de bande<\/div>\n<div class=\"specification--desc--Dxx6W0W\" title=\"23\">23<\/div>\n<\/div>\n<\/li>\n<li class=\"specification--line--IXeRJI7\">\n<div class=\"specification--prop--Jh28bKu\">\n<div class=\"specification--title--SfH3sA8\">Mat\u00e9riau de Bo\u00eete<\/div>\n<div class=\"specification--desc--Dxx6W0W\" title=\"Alliage\">Alliage<\/div>\n<\/div>\n<div class=\"specification--prop--Jh28bKu\">\n<div class=\"specification--title--SfH3sA8\">Mouvement<\/div>\n<div class=\"specification--desc--Dxx6W0W\" title=\"QUARTZ\">QUARTZ<\/div>\n<\/div>\n<\/li>\n<li class=\"specification--line--IXeRJI7\">\n<div class=\"specification--prop--Jh28bKu\">\n<div class=\"specification--title--SfH3sA8\">Style<\/div>\n<div class=\"specification--desc--Dxx6W0W\" title=\"Fashion &amp; casual\">Fashion &amp; casual<\/div>\n<\/div>\n<div class=\"specification--prop--Jh28bKu\">\n<div class=\"specification--title--SfH3sA8\">Nom de marque<\/div>\n<div class=\"specification--desc--Dxx6W0W\" title=\"MEGIR\">MEGIR<\/div>\n<\/div>\n<\/li>\n<li class=\"specification--line--IXeRJI7\">\n<div class=\"specification--prop--Jh28bKu\">\n<div class=\"specification--title--SfH3sA8\">Type D&#8217;article<\/div>\n<div class=\"specification--desc--Dxx6W0W\" title=\"Montres-bracelets \u00e0 quartz\">Montres-bracelets \u00e0 quartz<\/div>\n<\/div>\n<div class=\"specification--prop--Jh28bKu\">\n<div class=\"specification--title--SfH3sA8\">Origine<\/div>\n<div class=\"specification--desc--Dxx6W0W\" title=\"CN (Origine)\">CN (Origine)<\/div>\n<\/div>\n<\/li>\n<li class=\"specification--line--IXeRJI7\">\n<div class=\"specification--prop--Jh28bKu\">\n<div class=\"specification--title--SfH3sA8\">Certification<\/div>\n<div class=\"specification--desc--Dxx6W0W\" title=\"CE\" data-spm-anchor-id=\"a2g0o.detail.0.i15.642eXcVSXcVSaJ\">CE<\/div>\n<\/div>\n<\/li>\n<\/ul>\n","protected":false},"excerpt":{"rendered":"<p>D\u00e9tails \u00c9paisseur du bo\u00eetier 13.5 Largeur de bande 24 Type de mat\u00e9riel de bande Gel de la silice Forme de<\/p>\n","protected":false},"featured_media":4654,"comment_status":"open","ping_status":"closed","template":"","meta":{"om_disable_all_campaigns":false,"_monsterinsights_skip_tracking":false,"_monsterinsights_sitenote_active":false,"_monsterinsights_sitenote_note":"","_monsterinsights_sitenote_category":0,"iawp_total_views":8},"product_cat":[41],"product_tag":[113],"class_list":{"0":"post-4645","1":"product","2":"type-product","3":"status-publish","4":"has-post-thumbnail","6":"product_cat-smartwatch","7":"product_tag-megir","9":"first","10":"instock","11":"sale","12":"taxable","13":"shipping-taxable","14":"purchasable","15":"product-type-simple"},"aioseo_notices":[],"jetpack-related-posts":[],"_links":{"self":[{"href":"https:\/\/bonprix-dz.com\/index.php?rest_route=\/wp\/v2\/product\/4645","targetHints":{"allow":["GET"]}}],"collection":[{"href":"https:\/\/bonprix-dz.com\/index.php?rest_route=\/wp\/v2\/product"}],"about":[{"href":"https:\/\/bonprix-dz.com\/index.php?rest_route=\/wp\/v2\/types\/product"}],"replies":[{"embeddable":true,"href":"https:\/\/bonprix-dz.com\/index.php?rest_route=%2Fwp%2Fv2%2Fcomments&post=4645"}],"version-history":[{"count":1,"href":"https:\/\/bonprix-dz.com\/index.php?rest_route=\/wp\/v2\/product\/4645\/revisions"}],"predecessor-version":[{"id":4655,"href":"https:\/\/bonprix-dz.com\/index.php?rest_route=\/wp\/v2\/product\/4645\/revisions\/4655"}],"wp:featuredmedia":[{"embeddable":true,"href":"https:\/\/bonprix-dz.com\/index.php?rest_route=\/wp\/v2\/media\/4654"}],"wp:attachment":[{"href":"https:\/\/bonprix-dz.com\/index.php?rest_route=%2Fwp%2Fv2%2Fmedia&parent=4645"}],"wp:term":[{"taxonomy":"product_cat","embeddable":true,"href":"https:\/\/bonprix-dz.com\/index.php?rest_route=%2Fwp%2Fv2%2Fproduct_cat&post=4645"},{"taxonomy":"product_tag","embeddable":true,"href":"https:\/\/bonprix-dz.com\/index.php?rest_route=%2Fwp%2Fv2%2Fproduct_tag&post=4645"}],"curies":[{"name":"wp","href":"https:\/\/api.w.org\/{rel}","templated":true}]}}