{"id":4944,"date":"2025-02-10T15:37:47","date_gmt":"2025-02-10T15:37:47","guid":{"rendered":"https:\/\/bonprix-dz.com\/?post_type=product&#038;p=4944"},"modified":"2025-10-24T12:29:16","modified_gmt":"2025-10-24T12:29:16","slug":"joyroom-jr-fc2","status":"publish","type":"product","link":"https:\/\/bonprix-dz.com\/?product=joyroom-jr-fc2","title":{"rendered":"JOYROOM JR-FC2"},"content":{"rendered":"<p>The JR-FC2 Classic Series Smart Watch boasts a 1.32&#8243; high-resolution IPS screen,360&#215;360 HD resolution, and rotatable metal crown for easy dial switching. It also features smart calling, 107+ sports modes, and health monitoring for a comprehensive smartwatch experience.Equipped with IP68 water resistance, 100+ customizable dial styles, and real-time notifications, the JR-FC2 Classic Series Smart Watch offers convenience, style, and security for your daily life.<\/p>\n<p>\u25cf\u00a01.32\u201d hi-res IPS screen, super retina 360*360 HD resolution, clear and detailed display (2.25X higher pixel than other smart watches)<br \/>\n\u25cf\u00a0\u00a0Rotatable metal crown button, one-press to switch dial style, easy and convenient<br \/>\n\u25cf\u00a0One-button wireless connection, smart calling function, HD calls in different environments<br \/>\n\u25cf\u00a0IP68 water resistance, no damage in 1m water for 30 minutes<br \/>\n\u25cf\u00a0107+ sports modes, track and record your exercise in real time<br \/>\n\u25cf\u00a0Fully laminated 2.5D curved glass, clear and vivid, enhanced durability<br \/>\n\u25cf\u00a0Heart rate, blood pressure, blood oxygen, stress monitoring, accurately quantify your health status<br \/>\n\u25cf\u00a0100+ online\/custom dial styles, switch freely to match your style<br \/>\n\u25cf\u00a0\u00a0Sleep mode passcode design, protects your privacy<br \/>\n\u25cf\u00a0\u00a0Real-time incoming call\/APP message notification<br \/>\n\u25cf\u00a0\u00a0Alarm\/stopwatch setup, music playback, remote shooting, bi-directional find watch\/phone, all for a smarter life<\/p>\n<p>&nbsp;<\/p>\n<h2>Specification<\/h2>\n<p>Product series name: Classic Series<br \/>\nModel: JR-FC2<br \/>\nBT version: BLE5.3+BT3.0<br \/>\nBattery capacity: 220mAh<br \/>\nCharging input: 5V\u2393500mA<br \/>\nMemory: 128MB<br \/>\nWater resistance: IP68<br \/>\nScreen size: 1.32\u201d<br \/>\nOverall size: 47*12.15<\/p>\n","protected":false},"excerpt":{"rendered":"<p>The JR-FC2 Classic Series Smart Watch boasts a 1.32&#8243; high-resolution IPS screen,360&#215;360 HD resolution, and rotatable metal crown for easy<\/p>\n","protected":false},"featured_media":4945,"comment_status":"open","ping_status":"closed","template":"","meta":{"om_disable_all_campaigns":false,"_monsterinsights_skip_tracking":false,"_monsterinsights_sitenote_active":false,"_monsterinsights_sitenote_note":"","_monsterinsights_sitenote_category":0,"iawp_total_views":13},"product_cat":[41],"product_tag":[138],"class_list":{"0":"post-4944","1":"product","2":"type-product","3":"status-publish","4":"has-post-thumbnail","6":"product_cat-smartwatch","7":"product_tag-joyroom","9":"first","10":"instock","11":"sale","12":"taxable","13":"shipping-taxable","14":"purchasable","15":"product-type-simple"},"aioseo_notices":[],"jetpack-related-posts":[{"id":4932,"url":"https:\/\/bonprix-dz.com\/?product=smart-watch-jr-fc1-joyroom","url_meta":{"origin":4944,"position":0},"title":"Smart Watch JR-FC1 Joyroom","author":"bonprix-dz.com","date":"\u0641\u0628\u0631\u0627\u064a\u0631 10, 2025","format":false,"excerpt":"Smart Watch JR-FC1 Joyroom Classic Series (Passer\/R\u00e9pondre \u00e0 un appel) Gris Fonc\u00e9 La\u00a0Smart Watch JR-FC1 Joyroom Classic Series\u00a0en gris fonc\u00e9 est l\u2019accessoire parfait pour ceux qui cherchent \u00e0 allier l\u2019\u00e9l\u00e9gance et la technologie. Avec des fonctionnalit\u00e9s avanc\u00e9es comme la fonction d\u2019appel intelligent, une r\u00e9sistance \u00e0 l\u2019eau IP68 et une autonomie\u2026","rel":"","context":"\u062a\u062f\u0648\u064a\u0646\u0629 \u0645\u0634\u0627\u0628\u0647\u0629","block_context":{"text":"\u062a\u062f\u0648\u064a\u0646\u0629 \u0645\u0634\u0627\u0628\u0647\u0629","link":""},"img":{"alt_text":"","src":"https:\/\/i0.wp.com\/bonprix-dz.com\/wp-content\/uploads\/2025\/02\/1-5.jpg?fit=700%2C700&ssl=1&resize=350%2C200","width":350,"height":200,"srcset":"https:\/\/i0.wp.com\/bonprix-dz.com\/wp-content\/uploads\/2025\/02\/1-5.jpg?fit=700%2C700&ssl=1&resize=350%2C200 1x, https:\/\/i0.wp.com\/bonprix-dz.com\/wp-content\/uploads\/2025\/02\/1-5.jpg?fit=700%2C700&ssl=1&resize=525%2C300 1.5x, https:\/\/i0.wp.com\/bonprix-dz.com\/wp-content\/uploads\/2025\/02\/1-5.jpg?fit=700%2C700&ssl=1&resize=700%2C400 2x"},"classes":[]},{"id":4840,"url":"https:\/\/bonprix-dz.com\/?product=new-smart-watch-men-with-led-flashlight-sports-fitness-watch-ip68-waterproof-health-monitoring-bluetooth-call-smartwatch-2024","url_meta":{"origin":4944,"position":1},"title":"New Smart Watch Men With LED Flashlight Sports","author":"bonprix-dz.com","date":"\u064a\u0646\u0627\u064a\u0631 8, 2025","format":false,"excerpt":"New Smart Watch Men With LED Flashlight Sports Fitness Watch IP68 Waterproof Health Monitoring Bluetooth Call Smartwatch 2024 Features: 1. There is a high brightness LED flashlight on the side of the watch, which can help you see the environment clearly in areas without lighting. 2. Bluetooth calling function. After\u2026","rel":"","context":"\u062a\u062f\u0648\u064a\u0646\u0629 \u0645\u0634\u0627\u0628\u0647\u0629","block_context":{"text":"\u062a\u062f\u0648\u064a\u0646\u0629 \u0645\u0634\u0627\u0628\u0647\u0629","link":""},"img":{"alt_text":"New Smart Watch Men With LED Flashlight Sports Fitness Watch IP68 Waterproof Health Monitoring Bluetooth Call Smartwatch 2024 1","src":"https:\/\/i0.wp.com\/ae01.alicdn.com\/kf\/Se6ddf953827647bc88739ca29f5a907bE\/New-Smart-Watch-Men-With-LED-Flashlight-Sports-Fitness-Watch-IP68-Waterproof-Health-Monitoring-Bluetooth-Call.jpg?fit=800%2C800&ssl=1&resize=350%2C200","width":350,"height":200,"srcset":"https:\/\/i0.wp.com\/ae01.alicdn.com\/kf\/Se6ddf953827647bc88739ca29f5a907bE\/New-Smart-Watch-Men-With-LED-Flashlight-Sports-Fitness-Watch-IP68-Waterproof-Health-Monitoring-Bluetooth-Call.jpg?fit=800%2C800&ssl=1&resize=350%2C200 1x, https:\/\/i0.wp.com\/ae01.alicdn.com\/kf\/Se6ddf953827647bc88739ca29f5a907bE\/New-Smart-Watch-Men-With-LED-Flashlight-Sports-Fitness-Watch-IP68-Waterproof-Health-Monitoring-Bluetooth-Call.jpg?fit=800%2C800&ssl=1&resize=525%2C300 1.5x, https:\/\/i0.wp.com\/ae01.alicdn.com\/kf\/Se6ddf953827647bc88739ca29f5a907bE\/New-Smart-Watch-Men-With-LED-Flashlight-Sports-Fitness-Watch-IP68-Waterproof-Health-Monitoring-Bluetooth-Call.jpg?fit=800%2C800&ssl=1&resize=700%2C400 2x"},"classes":[]},{"id":4722,"url":"https:\/\/bonprix-dz.com\/?product=colmi-p76-1-96-outdoor-military-smartwatch-men-bluetooth-call-smart-watch-3atm-ip68-waterproof-sports-fitness-watches","url_meta":{"origin":4944,"position":2},"title":"COLMI P76 1.96&#8243; Outdoor Military Smartwatch","author":"bonprix-dz.com","date":"\u062f\u064a\u0633\u0645\u0628\u0631 12, 2024","format":false,"excerpt":"COLMi P76 - Outdoor Smartwatch Gear up for the great outdoors with the COLMI P76 Smartwatch, engineered for the wilderness and beyond. Perfect for anyone passionate about open-air activities, it's designed to be by your side whether you're scaling peaks or riding the trails. Rugged Reliability: Ready for any challenge,\u2026","rel":"","context":"\u062a\u062f\u0648\u064a\u0646\u0629 \u0645\u0634\u0627\u0628\u0647\u0629","block_context":{"text":"\u062a\u062f\u0648\u064a\u0646\u0629 \u0645\u0634\u0627\u0628\u0647\u0629","link":""},"img":{"alt_text":"COLMI P76 1.96\" Outdoor Military Smartwatch Men Bluetooth Call Smart Watch 3ATM IP68 Waterproof Sports Fitness Watches 1","src":"https:\/\/i0.wp.com\/ae01.alicdn.com\/kf\/S8a61228b65ff4aed8175e7b0388cd402B\/COLMI-P76-1-96-Outdoor-Military-Smartwatch-Men-Bluetooth-Call-Smart-Watch-3ATM-IP68-Waterproof-Sports.jpg?fit=800%2C800&ssl=1&resize=350%2C200","width":350,"height":200,"srcset":"https:\/\/i0.wp.com\/ae01.alicdn.com\/kf\/S8a61228b65ff4aed8175e7b0388cd402B\/COLMI-P76-1-96-Outdoor-Military-Smartwatch-Men-Bluetooth-Call-Smart-Watch-3ATM-IP68-Waterproof-Sports.jpg?fit=800%2C800&ssl=1&resize=350%2C200 1x, https:\/\/i0.wp.com\/ae01.alicdn.com\/kf\/S8a61228b65ff4aed8175e7b0388cd402B\/COLMI-P76-1-96-Outdoor-Military-Smartwatch-Men-Bluetooth-Call-Smart-Watch-3ATM-IP68-Waterproof-Sports.jpg?fit=800%2C800&ssl=1&resize=525%2C300 1.5x, https:\/\/i0.wp.com\/ae01.alicdn.com\/kf\/S8a61228b65ff4aed8175e7b0388cd402B\/COLMI-P76-1-96-Outdoor-Military-Smartwatch-Men-Bluetooth-Call-Smart-Watch-3ATM-IP68-Waterproof-Sports.jpg?fit=800%2C800&ssl=1&resize=700%2C400 2x"},"classes":[]},{"id":3512,"url":"https:\/\/bonprix-dz.com\/?product=ws-v9-ultra-smart-watch","url_meta":{"origin":4944,"position":3},"title":"WS-V9 ULTRA SMART WATCH","author":"bonprix-dz.com","date":"\u0646\u0648\u0641\u0645\u0628\u0631 12, 2023","format":false,"excerpt":"General Sales Package 1-Smartwatch, 4 type Strap, 2 charger Model Number WS-V9 Ultra-A(4 Strap and Two Charger) Model Name WS-V9 Bluetooth calling, Phone Book,Music Control,Voice assis. App Notifications Dial Color Gold Dial Shape Rectangle Strap Color Orange Strap Material Silicone Size 2.19 Inch HD Display Touchscreen Yes Water Resistant Yes\u2026","rel":"","context":"\u062a\u062f\u0648\u064a\u0646\u0629 \u0645\u0634\u0627\u0628\u0647\u0629","block_context":{"text":"\u062a\u062f\u0648\u064a\u0646\u0629 \u0645\u0634\u0627\u0628\u0647\u0629","link":""},"img":{"alt_text":"","src":"https:\/\/i0.wp.com\/bonprix-dz.com\/wp-content\/uploads\/2023\/11\/20231112_210542.jpg?fit=800%2C800&ssl=1&resize=350%2C200","width":350,"height":200,"srcset":"https:\/\/i0.wp.com\/bonprix-dz.com\/wp-content\/uploads\/2023\/11\/20231112_210542.jpg?fit=800%2C800&ssl=1&resize=350%2C200 1x, https:\/\/i0.wp.com\/bonprix-dz.com\/wp-content\/uploads\/2023\/11\/20231112_210542.jpg?fit=800%2C800&ssl=1&resize=525%2C300 1.5x, https:\/\/i0.wp.com\/bonprix-dz.com\/wp-content\/uploads\/2023\/11\/20231112_210542.jpg?fit=800%2C800&ssl=1&resize=700%2C400 2x"},"classes":[]},{"id":4898,"url":"https:\/\/bonprix-dz.com\/?product=amoled-smart-watch-men-2024-bluetooth-call-smartwatch-sport-waterproof-outdoor-1-53-inch-360360-hd-screen-30-days-standby","url_meta":{"origin":4944,"position":4},"title":"AMOLED Smart Watch Men 2024 Bluetooth Call","author":"bonprix-dz.com","date":"\u064a\u0646\u0627\u064a\u0631 16, 2025","format":false,"excerpt":"Hardware System Requirements\uff1aandroid5.0+ \/ ios9.0+ Master chip\uff1aJL6958 Bracelet memory\uff1a128M Bluetooth for calls\uff1aAB5376A2 Bluetooth version\uff1a5.2 Heart rate chip\uff1aSC7R30 Screen display\uff1a1.53\"-360*360 Battery capacity\uff1a200mAH Standby time\uff1a65 days Usage time\uff1aAbout 15 days Button method\uff1aFull screen touch Motor\uff1aPie Motor Charging port\uff1aMagnetic charging Waterproof level\uff1aIP67 Sensor\uff1aG-sensor 3 axis Local dial\uff1a5 Dial market\uff1a300+ Menu style\uff1a4 APP\uff1aNewWear Basic\u2026","rel":"","context":"\u062a\u062f\u0648\u064a\u0646\u0629 \u0645\u0634\u0627\u0628\u0647\u0629","block_context":{"text":"\u062a\u062f\u0648\u064a\u0646\u0629 \u0645\u0634\u0627\u0628\u0647\u0629","link":""},"img":{"alt_text":"AMOLED Smart Watch Men 2024 Bluetooth Call Smartwatch Sport Waterproof Outdoor 1.53 Inch 360*360 HD Screen 30 Days Standby 1","src":"https:\/\/i0.wp.com\/ae01.alicdn.com\/kf\/S005e70d750ce4d74885315751643cc44z\/AMOLED-Smart-Watch-Men-2024-Bluetooth-Call-Smartwatch-Sport-Waterproof-Outdoor-1-53-Inch-360-360.jpg?fit=800%2C800&ssl=1&resize=350%2C200","width":350,"height":200,"srcset":"https:\/\/i0.wp.com\/ae01.alicdn.com\/kf\/S005e70d750ce4d74885315751643cc44z\/AMOLED-Smart-Watch-Men-2024-Bluetooth-Call-Smartwatch-Sport-Waterproof-Outdoor-1-53-Inch-360-360.jpg?fit=800%2C800&ssl=1&resize=350%2C200 1x, https:\/\/i0.wp.com\/ae01.alicdn.com\/kf\/S005e70d750ce4d74885315751643cc44z\/AMOLED-Smart-Watch-Men-2024-Bluetooth-Call-Smartwatch-Sport-Waterproof-Outdoor-1-53-Inch-360-360.jpg?fit=800%2C800&ssl=1&resize=525%2C300 1.5x, https:\/\/i0.wp.com\/ae01.alicdn.com\/kf\/S005e70d750ce4d74885315751643cc44z\/AMOLED-Smart-Watch-Men-2024-Bluetooth-Call-Smartwatch-Sport-Waterproof-Outdoor-1-53-Inch-360-360.jpg?fit=800%2C800&ssl=1&resize=700%2C400 2x"},"classes":[]},{"id":3561,"url":"https:\/\/bonprix-dz.com\/?product=kieslect-smart-calling-watch-kr","url_meta":{"origin":4944,"position":5},"title":"Kieslect Smart Calling Watch Kr","author":"bonprix-dz.com","date":"\u0646\u0648\u0641\u0645\u0628\u0631 19, 2023","format":false,"excerpt":"\u0645\u0648\u0627\u0635\u0641\u0627\u062a \u0633\u0627\u0639\u0629 : Kieslect Smart Calling Watch Kr \u0627\u0644\u0634\u0627\u0634\u0629 \u0634\u0627\u0634\u0629 Retina \u0645\u0642\u0627\u0633 1.32 \u0628\u0648\u0635\u0629 \u0645\u0646 \u0646\u0648\u0639 Semi-AMOLED \u0628\u062f\u0642\u0629 360x360 \u0628\u0643\u0633\u0644 \u0627\u0644\u0628\u0637\u0627\u0631\u064a\u0629 \u0633\u0639\u0629 \u0627\u0644\u0628\u0637\u0627\u0631\u064a\u0629: 280 \u0645\u0644\u0644\u064a \u0623\u0645\u0628\u064a\u0631 \u0637\u0631\u064a\u0642\u0629 \u0627\u0644\u0634\u062d\u0646: \u0627\u0644\u0634\u062d\u0646 \u0627\u0644\u0645\u063a\u0646\u0627\u0637\u064a\u0633\u064a \u0645\u062f\u0629 \u0627\u0644\u0634\u062d\u0646 \u0627\u0644\u0646\u0638\u0631\u064a: \u0633\u0627\u0639\u062a\u0627\u0646 \u062a\u0642\u0631\u064a\u0628\u064b\u0627 \u0639\u0645\u0631 \u0627\u0644\u0628\u0637\u0627\u0631\u064a\u0629 \u0641\u064a \u0633\u064a\u0646\u0627\u0631\u064a\u0648 \u0627\u0644\u0627\u0633\u062a\u062e\u062f\u0627\u0645 \u0627\u0644\u0646\u0645\u0648\u0630\u062c\u064a: \u064a\u0635\u0644 \u0625\u0644\u0649 3 \u0623\u064a\u0627\u0645 \u0639\u0645\u0631 \u0628\u0637\u0627\u0631\u064a\u0629 \u0633\u064a\u0646\u0627\u0631\u064a\u0648 \u0627\u0644\u0627\u0633\u062a\u062e\u062f\u0627\u0645 \u0627\u0644\u0643\u062b\u064a\u0641:\u2026","rel":"","context":"\u062a\u062f\u0648\u064a\u0646\u0629 \u0645\u0634\u0627\u0628\u0647\u0629","block_context":{"text":"\u062a\u062f\u0648\u064a\u0646\u0629 \u0645\u0634\u0627\u0628\u0647\u0629","link":""},"img":{"alt_text":"","src":"https:\/\/i0.wp.com\/bonprix-dz.com\/wp-content\/uploads\/2023\/11\/20231120_080949.jpg?fit=1200%2C1200&ssl=1&resize=350%2C200","width":350,"height":200,"srcset":"https:\/\/i0.wp.com\/bonprix-dz.com\/wp-content\/uploads\/2023\/11\/20231120_080949.jpg?fit=1200%2C1200&ssl=1&resize=350%2C200 1x, https:\/\/i0.wp.com\/bonprix-dz.com\/wp-content\/uploads\/2023\/11\/20231120_080949.jpg?fit=1200%2C1200&ssl=1&resize=525%2C300 1.5x, https:\/\/i0.wp.com\/bonprix-dz.com\/wp-content\/uploads\/2023\/11\/20231120_080949.jpg?fit=1200%2C1200&ssl=1&resize=700%2C400 2x, https:\/\/i0.wp.com\/bonprix-dz.com\/wp-content\/uploads\/2023\/11\/20231120_080949.jpg?fit=1200%2C1200&ssl=1&resize=1050%2C600 3x"},"classes":[]}],"_links":{"self":[{"href":"https:\/\/bonprix-dz.com\/index.php?rest_route=\/wp\/v2\/product\/4944","targetHints":{"allow":["GET"]}}],"collection":[{"href":"https:\/\/bonprix-dz.com\/index.php?rest_route=\/wp\/v2\/product"}],"about":[{"href":"https:\/\/bonprix-dz.com\/index.php?rest_route=\/wp\/v2\/types\/product"}],"replies":[{"embeddable":true,"href":"https:\/\/bonprix-dz.com\/index.php?rest_route=%2Fwp%2Fv2%2Fcomments&post=4944"}],"version-history":[{"count":1,"href":"https:\/\/bonprix-dz.com\/index.php?rest_route=\/wp\/v2\/product\/4944\/revisions"}],"predecessor-version":[{"id":4952,"href":"https:\/\/bonprix-dz.com\/index.php?rest_route=\/wp\/v2\/product\/4944\/revisions\/4952"}],"wp:featuredmedia":[{"embeddable":true,"href":"https:\/\/bonprix-dz.com\/index.php?rest_route=\/wp\/v2\/media\/4945"}],"wp:attachment":[{"href":"https:\/\/bonprix-dz.com\/index.php?rest_route=%2Fwp%2Fv2%2Fmedia&parent=4944"}],"wp:term":[{"taxonomy":"product_cat","embeddable":true,"href":"https:\/\/bonprix-dz.com\/index.php?rest_route=%2Fwp%2Fv2%2Fproduct_cat&post=4944"},{"taxonomy":"product_tag","embeddable":true,"href":"https:\/\/bonprix-dz.com\/index.php?rest_route=%2Fwp%2Fv2%2Fproduct_tag&post=4944"}],"curies":[{"name":"wp","href":"https:\/\/api.w.org\/{rel}","templated":true}]}}