{"id":4981,"date":"2025-02-14T23:29:57","date_gmt":"2025-02-14T23:29:57","guid":{"rendered":"https:\/\/bonprix-dz.com\/?product=q86-retro-camera-wireless-bluetooth-semi-in-ear-earphone"},"modified":"2025-02-14T23:30:27","modified_gmt":"2025-02-14T23:30:27","slug":"q86-retro-camera-wireless-bluetooth-semi-in-ear-earphone","status":"publish","type":"product","link":"https:\/\/bonprix-dz.com\/?product=q86-retro-camera-wireless-bluetooth-semi-in-ear-earphone","title":{"rendered":"Q86 Retro Camera Wireless Bluetooth Semi-In-Ear Earphone"},"content":{"rendered":"<p><img decoding=\"async\" class=\"fit-picture\" src=\"https:\/\/i0.wp.com\/ae01.alicdn.com\/kf\/S7ccfb34d116e48d0bdeadd60aafa2f39N.jpg_640x640q90.jpg?ssl=1\" alt=\"Grapefruit slice atop a pile of other slices\" data-recalc-dims=\"1\"><\/p>\n","protected":false},"excerpt":{"rendered":"","protected":false},"featured_media":4972,"comment_status":"open","ping_status":"closed","template":"","meta":{"om_disable_all_campaigns":false,"_monsterinsights_skip_tracking":false,"_monsterinsights_sitenote_active":false,"_monsterinsights_sitenote_note":"","_monsterinsights_sitenote_category":0,"iawp_total_views":6},"product_cat":[39],"product_tag":[],"class_list":{"0":"post-4981","1":"product","2":"type-product","3":"status-publish","4":"has-post-thumbnail","6":"product_cat-headphone","8":"first","9":"instock","10":"sale","11":"taxable","12":"shipping-taxable","13":"purchasable","14":"product-type-simple"},"aioseo_notices":[],"jetpack-related-posts":[{"id":4993,"url":"https:\/\/bonprix-dz.com\/?product=funpods-series-jr-fb2","url_meta":{"origin":4981,"position":0},"title":"Funpods Series JR-FB2","author":"bonprix-dz.com","date":"\u0641\u0628\u0631\u0627\u064a\u0631 17, 2025","format":false,"excerpt":"Specifications: Series name: Funpods Series Product name: True Wireless Earphones Model: JR-FB2 Pairing name: Joyroom Funpods FB2 Type: half in-ear Color: black, white\u3001blue Bluetooth chip: JL-AD6973D4 BT version: V5.3 BT audio decoding: AAC, SBC Supported protocols: HSP, HFP, A2DP, AVRCP Working frequency: 2402-2480KHz Earbuds battery capacity: 35mAh Case battery capacity:\u2026","rel":"","context":"\u062a\u062f\u0648\u064a\u0646\u0629 \u0645\u0634\u0627\u0628\u0647\u0629","block_context":{"text":"\u062a\u062f\u0648\u064a\u0646\u0629 \u0645\u0634\u0627\u0628\u0647\u0629","link":""},"img":{"alt_text":"","src":"https:\/\/i0.wp.com\/bonprix-dz.com\/wp-content\/uploads\/2025\/02\/2_4a33e08e-7ae7-4d05-a7d0-680c111d04f7.png?fit=900%2C1200&ssl=1&resize=350%2C200","width":350,"height":200,"srcset":"https:\/\/i0.wp.com\/bonprix-dz.com\/wp-content\/uploads\/2025\/02\/2_4a33e08e-7ae7-4d05-a7d0-680c111d04f7.png?fit=900%2C1200&ssl=1&resize=350%2C200 1x, https:\/\/i0.wp.com\/bonprix-dz.com\/wp-content\/uploads\/2025\/02\/2_4a33e08e-7ae7-4d05-a7d0-680c111d04f7.png?fit=900%2C1200&ssl=1&resize=525%2C300 1.5x, https:\/\/i0.wp.com\/bonprix-dz.com\/wp-content\/uploads\/2025\/02\/2_4a33e08e-7ae7-4d05-a7d0-680c111d04f7.png?fit=900%2C1200&ssl=1&resize=700%2C400 2x"},"classes":[]},{"id":3366,"url":"https:\/\/bonprix-dz.com\/?product=haino-teko-t90","url_meta":{"origin":4981,"position":1},"title":"Haino Teko T90","author":"bonprix-dz.com","date":"\u0623\u0643\u062a\u0648\u0628\u0631 6, 2023","format":false,"excerpt":"Specifications Material Silicone Connection Type Bluetooth\/Wireless Colour Name Orange And Black Brand Compatibility Haino Teko What's In The Box Smart Watch With Two Strap, Wireless Magnetic Charger, User Manual And Warranty Card Band Size Medium\/Large Dial Material Stainless Steel Smartwatch Dial Size 49 Mm Features Bluetooth, Voice Assistant, Volume Control,\u2026","rel":"","context":"\u062a\u062f\u0648\u064a\u0646\u0629 \u0645\u0634\u0627\u0628\u0647\u0629","block_context":{"text":"\u062a\u062f\u0648\u064a\u0646\u0629 \u0645\u0634\u0627\u0628\u0647\u0629","link":""},"img":{"alt_text":"","src":"https:\/\/i0.wp.com\/bonprix-dz.com\/wp-content\/uploads\/2023\/10\/312472_afaaebe8e5a74b38b4720a0bf528a248_mv2.jpeg?fit=720%2C720&ssl=1&resize=350%2C200","width":350,"height":200,"srcset":"https:\/\/i0.wp.com\/bonprix-dz.com\/wp-content\/uploads\/2023\/10\/312472_afaaebe8e5a74b38b4720a0bf528a248_mv2.jpeg?fit=720%2C720&ssl=1&resize=350%2C200 1x, https:\/\/i0.wp.com\/bonprix-dz.com\/wp-content\/uploads\/2023\/10\/312472_afaaebe8e5a74b38b4720a0bf528a248_mv2.jpeg?fit=720%2C720&ssl=1&resize=525%2C300 1.5x, https:\/\/i0.wp.com\/bonprix-dz.com\/wp-content\/uploads\/2023\/10\/312472_afaaebe8e5a74b38b4720a0bf528a248_mv2.jpeg?fit=720%2C720&ssl=1&resize=700%2C400 2x"},"classes":[]},{"id":3371,"url":"https:\/\/bonprix-dz.com\/?product=haino-teko-t85-max","url_meta":{"origin":4981,"position":2},"title":"Haino teko T85 Max","author":"bonprix-dz.com","date":"\u0623\u0643\u062a\u0648\u0628\u0631 6, 2023","format":false,"excerpt":"\u0646\u0638\u0631\u0629 \u0639\u0627\u0645\u0629 \u0627\u0644\u0645\u064a\u0632\u0627\u062a \u0627\u0644\u0623\u0633\u0627\u0633\u064a\u0629 HainoTeko T85 max smartwatch Monitor sleep 1.75 inch screen Communications: Bluetooth Operating system: Android, iOS Wireless charging Compatibility: Android 4.4 and above, IOS 8.4 (5S and above) Include: Smart Watch, Band, Charging Cable, and Manual \u0627\u0644\u0645\u0648\u0627\u0635\u0641\u0627\u062a \u0646\u0648\u0639 \u0627\u0644\u0634\u062d\u0646 Airpods With Wireless Charging Case \u0627\u0644\u0645\u0627\u062f\u0629 Silicone \u0646\u0648\u0639\u2026","rel":"","context":"\u062a\u062f\u0648\u064a\u0646\u0629 \u0645\u0634\u0627\u0628\u0647\u0629","block_context":{"text":"\u062a\u062f\u0648\u064a\u0646\u0629 \u0645\u0634\u0627\u0628\u0647\u0629","link":""},"img":{"alt_text":"","src":"https:\/\/i0.wp.com\/bonprix-dz.com\/wp-content\/uploads\/2023\/10\/312472_44598fd819a84dc895fe5a7fc81c59ca_mv2.jpg?fit=666%2C666&ssl=1&resize=350%2C200","width":350,"height":200,"srcset":"https:\/\/i0.wp.com\/bonprix-dz.com\/wp-content\/uploads\/2023\/10\/312472_44598fd819a84dc895fe5a7fc81c59ca_mv2.jpg?fit=666%2C666&ssl=1&resize=350%2C200 1x, https:\/\/i0.wp.com\/bonprix-dz.com\/wp-content\/uploads\/2023\/10\/312472_44598fd819a84dc895fe5a7fc81c59ca_mv2.jpg?fit=666%2C666&ssl=1&resize=525%2C300 1.5x"},"classes":[]},{"id":3407,"url":"https:\/\/bonprix-dz.com\/?product=watch-8-ultra-apple-logo","url_meta":{"origin":4981,"position":3},"title":"Watch 8 Ultra Apple Logo","author":"bonprix-dz.com","date":"\u0623\u0643\u062a\u0648\u0628\u0631 12, 2023","format":false,"excerpt":"Specification: Watch Size: 49*43*11mm Strap Size: 42\/44mm\/45mm Straps Screen Size: 2.05 inch TFT Screen, 420*485 HD Pixels CPU: SC7R30 Flash : 128 bits Bluetooth Version: BT2.1+EDR+BLE5.2 HR Sensor: 8LED\/HRS3301DS light Trumpet: Large magnet Microphone: Anti-noise microphone Motor: High quality motor Battery: 380mAh Li-ion battery Charger Specifications : Wireless charger Battery\u2026","rel":"","context":"\u062a\u062f\u0648\u064a\u0646\u0629 \u0645\u0634\u0627\u0628\u0647\u0629","block_context":{"text":"\u062a\u062f\u0648\u064a\u0646\u0629 \u0645\u0634\u0627\u0628\u0647\u0629","link":""},"img":{"alt_text":"","src":"https:\/\/i0.wp.com\/bonprix-dz.com\/wp-content\/uploads\/2023\/10\/download.gif?fit=1200%2C1200&ssl=1&resize=350%2C200","width":350,"height":200,"srcset":"https:\/\/i0.wp.com\/bonprix-dz.com\/wp-content\/uploads\/2023\/10\/download.gif?fit=1200%2C1200&ssl=1&resize=350%2C200 1x, https:\/\/i0.wp.com\/bonprix-dz.com\/wp-content\/uploads\/2023\/10\/download.gif?fit=1200%2C1200&ssl=1&resize=525%2C300 1.5x, https:\/\/i0.wp.com\/bonprix-dz.com\/wp-content\/uploads\/2023\/10\/download.gif?fit=1200%2C1200&ssl=1&resize=700%2C400 2x, https:\/\/i0.wp.com\/bonprix-dz.com\/wp-content\/uploads\/2023\/10\/download.gif?fit=1200%2C1200&ssl=1&resize=1050%2C600 3x"},"classes":[]},{"id":4014,"url":"https:\/\/bonprix-dz.com\/?product=hoco-eq1","url_meta":{"origin":4981,"position":4},"title":"HOCO-EQ1","author":"bonprix-dz.com","date":"\u0645\u0627\u064a\u0648 24, 2024","format":false,"excerpt":"Bluetooth 5.3: B\u00e9n\u00e9ficiez d\u2019une connectivit\u00e9 sans fil rapide et stable pour une exp\u00e9rience audio in\u00e9gal\u00e9e. Autonomie Impressionnante: La batterie int\u00e9gr\u00e9e de 40mAh dans chaque \u00e9couteur garantit jusqu\u2019\u00e0 7 heures d\u2019utilisation continue.\u00a0 Le bo\u00eetier de charge compact de 400mAh prolonge cette autonomie, offrant une dur\u00e9e totale de lecture de 180 heures.\u2026","rel":"","context":"\u062a\u062f\u0648\u064a\u0646\u0629 \u0645\u0634\u0627\u0628\u0647\u0629","block_context":{"text":"\u062a\u062f\u0648\u064a\u0646\u0629 \u0645\u0634\u0627\u0628\u0647\u0629","link":""},"img":{"alt_text":"","src":"https:\/\/i0.wp.com\/bonprix-dz.com\/wp-content\/uploads\/2024\/05\/8291009501624525956.jpg?fit=960%2C960&ssl=1&resize=350%2C200","width":350,"height":200,"srcset":"https:\/\/i0.wp.com\/bonprix-dz.com\/wp-content\/uploads\/2024\/05\/8291009501624525956.jpg?fit=960%2C960&ssl=1&resize=350%2C200 1x, https:\/\/i0.wp.com\/bonprix-dz.com\/wp-content\/uploads\/2024\/05\/8291009501624525956.jpg?fit=960%2C960&ssl=1&resize=525%2C300 1.5x, https:\/\/i0.wp.com\/bonprix-dz.com\/wp-content\/uploads\/2024\/05\/8291009501624525956.jpg?fit=960%2C960&ssl=1&resize=700%2C400 2x"},"classes":[]},{"id":3604,"url":"https:\/\/bonprix-dz.com\/?product=3604","url_meta":{"origin":4981,"position":5},"title":"Smart Watch WS09 Ultra 8","author":"bonprix-dz.com","date":"\u0646\u0648\u0641\u0645\u0628\u0631 29, 2023","format":false,"excerpt":"Product details Product Dimensions \u200f : \u200e\u00a04.4 x 1.2 x 4.9 cm; 55 Grams Date First Available \u200f : \u200e\u00a05 May 2023 Manufacturer \u200f : \u200e\u00a0China ASIN \u200f : \u200e\u00a0B0C4DTM2G8 Item model number \u200f : \u200e\u00a0WS09 ultra Brand Generic Model name WS09 Style Modern Colour Gold Target audience Unisex Teen,\u2026","rel":"","context":"\u062a\u062f\u0648\u064a\u0646\u0629 \u0645\u0634\u0627\u0628\u0647\u0629","block_context":{"text":"\u062a\u062f\u0648\u064a\u0646\u0629 \u0645\u0634\u0627\u0628\u0647\u0629","link":""},"img":{"alt_text":"","src":"https:\/\/i0.wp.com\/bonprix-dz.com\/wp-content\/uploads\/2023\/11\/20231129_080115.jpg?fit=800%2C800&ssl=1&resize=350%2C200","width":350,"height":200,"srcset":"https:\/\/i0.wp.com\/bonprix-dz.com\/wp-content\/uploads\/2023\/11\/20231129_080115.jpg?fit=800%2C800&ssl=1&resize=350%2C200 1x, https:\/\/i0.wp.com\/bonprix-dz.com\/wp-content\/uploads\/2023\/11\/20231129_080115.jpg?fit=800%2C800&ssl=1&resize=525%2C300 1.5x, https:\/\/i0.wp.com\/bonprix-dz.com\/wp-content\/uploads\/2023\/11\/20231129_080115.jpg?fit=800%2C800&ssl=1&resize=700%2C400 2x"},"classes":[]}],"_links":{"self":[{"href":"https:\/\/bonprix-dz.com\/index.php?rest_route=\/wp\/v2\/product\/4981","targetHints":{"allow":["GET"]}}],"collection":[{"href":"https:\/\/bonprix-dz.com\/index.php?rest_route=\/wp\/v2\/product"}],"about":[{"href":"https:\/\/bonprix-dz.com\/index.php?rest_route=\/wp\/v2\/types\/product"}],"replies":[{"embeddable":true,"href":"https:\/\/bonprix-dz.com\/index.php?rest_route=%2Fwp%2Fv2%2Fcomments&post=4981"}],"version-history":[{"count":0,"href":"https:\/\/bonprix-dz.com\/index.php?rest_route=\/wp\/v2\/product\/4981\/revisions"}],"wp:featuredmedia":[{"embeddable":true,"href":"https:\/\/bonprix-dz.com\/index.php?rest_route=\/wp\/v2\/media\/4972"}],"wp:attachment":[{"href":"https:\/\/bonprix-dz.com\/index.php?rest_route=%2Fwp%2Fv2%2Fmedia&parent=4981"}],"wp:term":[{"taxonomy":"product_cat","embeddable":true,"href":"https:\/\/bonprix-dz.com\/index.php?rest_route=%2Fwp%2Fv2%2Fproduct_cat&post=4981"},{"taxonomy":"product_tag","embeddable":true,"href":"https:\/\/bonprix-dz.com\/index.php?rest_route=%2Fwp%2Fv2%2Fproduct_tag&post=4981"}],"curies":[{"name":"wp","href":"https:\/\/api.w.org\/{rel}","templated":true}]}}