{"id":5057,"date":"2025-04-10T22:48:00","date_gmt":"2025-04-10T22:48:00","guid":{"rendered":"https:\/\/bonprix-dz.com\/?post_type=product&#038;p=5057"},"modified":"2025-12-17T00:28:36","modified_gmt":"2025-12-17T00:28:36","slug":"modio-sm02","status":"publish","type":"product","link":"https:\/\/bonprix-dz.com\/?product=modio-sm02","title":{"rendered":"Modio SM02"},"content":{"rendered":"<div class=\"x11i5rnm xat24cr x1mh8g0r x1vvkbs xtlvy1s x126k92a\">\n<div dir=\"auto\"><strong>\u0633\u0627\u0639\u0629 Modio SM02 4G Ultra<\/strong> <strong>\u0627\u0644\u0630\u0643\u064a\u0629<\/strong> \u2013 \u0627\u0644\u0631\u0641\u064a\u0642 \u0627\u0644\u0630\u0643\u064a \u0627\u0644\u0645\u062b\u0627\u0644\u064a!<\/div>\n<\/div>\n<div class=\"x11i5rnm xat24cr x1mh8g0r x1vvkbs xtlvy1s x126k92a\">\n<div dir=\"auto\"><span class=\"html-span xexx8yu x4uap5 x18d9i69 xkhd6sd x1hl2dhg x16tdsg8 x1vvkbs x3nfvp2 x1j61x8r x1fcty0u xdj266r xat24cr xgzva0m xhhsvwb xxymvpz xlup9mm x1kky2od\"><img loading=\"lazy\" decoding=\"async\" class=\"xz74otr x168nmei x13lgxp2 x5pf9jr xo71vjh\" src=\"https:\/\/static.xx.fbcdn.net\/images\/emoji.php\/v9\/t33\/1\/16\/2705.png\" alt=\"\u2705\" width=\"16\" height=\"16\" \/><\/span> \u062f\u0639\u0645 \u0634\u0631\u064a\u062d\u0629 <strong><span style=\"color: #ff0000;\">4G<\/span><\/strong> <span class=\"html-span xexx8yu x4uap5 x18d9i69 xkhd6sd x1hl2dhg x16tdsg8 x1vvkbs x3nfvp2 x1j61x8r x1fcty0u xdj266r xat24cr xgzva0m xhhsvwb xxymvpz xlup9mm x1kky2od\"><img loading=\"lazy\" decoding=\"async\" class=\"xz74otr x168nmei x13lgxp2 x5pf9jr xo71vjh\" src=\"https:\/\/static.xx.fbcdn.net\/images\/emoji.php\/v9\/tdc\/1\/16\/1f4f6.png\" alt=\"\ud83d\udcf6\" width=\"16\" height=\"16\" \/><\/span><\/div>\n<div dir=\"auto\"><span class=\"html-span xexx8yu x4uap5 x18d9i69 xkhd6sd x1hl2dhg x16tdsg8 x1vvkbs x3nfvp2 x1j61x8r x1fcty0u xdj266r xat24cr xgzva0m xhhsvwb xxymvpz xlup9mm x1kky2od\"><img loading=\"lazy\" decoding=\"async\" class=\"xz74otr x168nmei x13lgxp2 x5pf9jr xo71vjh\" src=\"https:\/\/static.xx.fbcdn.net\/images\/emoji.php\/v9\/t33\/1\/16\/2705.png\" alt=\"\u2705\" width=\"16\" height=\"16\" \/><\/span> \u0643\u0627\u0645\u064a\u0631\u0627 \u0645\u062f\u0645\u062c\u0629 <span class=\"html-span xexx8yu x4uap5 x18d9i69 xkhd6sd x1hl2dhg x16tdsg8 x1vvkbs x3nfvp2 x1j61x8r x1fcty0u xdj266r xat24cr xgzva0m xhhsvwb xxymvpz xlup9mm x1kky2od\"><img loading=\"lazy\" decoding=\"async\" class=\"xz74otr x168nmei x13lgxp2 x5pf9jr xo71vjh\" src=\"https:\/\/static.xx.fbcdn.net\/images\/emoji.php\/v9\/tde\/1\/16\/1f4f8.png\" alt=\"\ud83d\udcf8\" width=\"16\" height=\"16\" \/><\/span><\/div>\n<div dir=\"auto\"><span class=\"html-span xexx8yu x4uap5 x18d9i69 xkhd6sd x1hl2dhg x16tdsg8 x1vvkbs x3nfvp2 x1j61x8r x1fcty0u xdj266r xat24cr xgzva0m xhhsvwb xxymvpz xlup9mm x1kky2od\"><img loading=\"lazy\" decoding=\"async\" class=\"xz74otr x168nmei x13lgxp2 x5pf9jr xo71vjh\" src=\"https:\/\/static.xx.fbcdn.net\/images\/emoji.php\/v9\/t33\/1\/16\/2705.png\" alt=\"\u2705\" width=\"16\" height=\"16\" \/><\/span> \u0634\u0627\u0634\u0629 \u0644\u0645\u0633 \u0639\u0627\u0644\u064a\u0629 \u0627\u0644\u062f\u0642\u0629 <span class=\"html-span xexx8yu x4uap5 x18d9i69 xkhd6sd x1hl2dhg x16tdsg8 x1vvkbs x3nfvp2 x1j61x8r x1fcty0u xdj266r xat24cr xgzva0m xhhsvwb xxymvpz xlup9mm x1kky2od\"><img loading=\"lazy\" decoding=\"async\" class=\"xz74otr x168nmei x13lgxp2 x5pf9jr xo71vjh\" src=\"https:\/\/static.xx.fbcdn.net\/images\/emoji.php\/v9\/t81\/1\/16\/1f5a5.png\" alt=\"\ud83d\udda5\ufe0f\" width=\"16\" height=\"16\" \/><\/span><\/div>\n<div dir=\"auto\"><span class=\"html-span xexx8yu x4uap5 x18d9i69 xkhd6sd x1hl2dhg x16tdsg8 x1vvkbs x3nfvp2 x1j61x8r x1fcty0u xdj266r xat24cr xgzva0m xhhsvwb xxymvpz xlup9mm x1kky2od\"><img loading=\"lazy\" decoding=\"async\" class=\"xz74otr x168nmei x13lgxp2 x5pf9jr xo71vjh\" src=\"https:\/\/static.xx.fbcdn.net\/images\/emoji.php\/v9\/t33\/1\/16\/2705.png\" alt=\"\u2705\" width=\"16\" height=\"16\" \/><\/span> \u062a\u062a\u0628\u0639 \u0627\u0644\u0644\u064a\u0627\u0642\u0629 \u0627\u0644\u0628\u062f\u0646\u064a\u0629 \u0648\u0627\u0644\u0635\u062d\u0629 <span class=\"html-span xexx8yu x4uap5 x18d9i69 xkhd6sd x1hl2dhg x16tdsg8 x1vvkbs x3nfvp2 x1j61x8r x1fcty0u xdj266r xat24cr xgzva0m xhhsvwb xxymvpz xlup9mm x1kky2od\"><img loading=\"lazy\" decoding=\"async\" class=\"xz74otr x168nmei x13lgxp2 x5pf9jr xo71vjh\" src=\"https:\/\/static.xx.fbcdn.net\/images\/emoji.php\/v9\/t6c\/1\/16\/1f4aa.png\" alt=\"\ud83d\udcaa\" width=\"16\" height=\"16\" \/><\/span><\/div>\n<div dir=\"auto\"><span class=\"html-span xexx8yu x4uap5 x18d9i69 xkhd6sd x1hl2dhg x16tdsg8 x1vvkbs x3nfvp2 x1j61x8r x1fcty0u xdj266r xat24cr xgzva0m xhhsvwb xxymvpz xlup9mm x1kky2od\"><img loading=\"lazy\" decoding=\"async\" class=\"xz74otr x168nmei x13lgxp2 x5pf9jr xo71vjh\" src=\"https:\/\/static.xx.fbcdn.net\/images\/emoji.php\/v9\/t33\/1\/16\/2705.png\" alt=\"\u2705\" width=\"16\" height=\"16\" \/><\/span> \u0645\u0643\u0627\u0644\u0645\u0627\u062a \u0628\u0644\u0648\u062a\u0648\u062b <span class=\"html-span xexx8yu x4uap5 x18d9i69 xkhd6sd x1hl2dhg x16tdsg8 x1vvkbs x3nfvp2 x1j61x8r x1fcty0u xdj266r xat24cr xgzva0m xhhsvwb xxymvpz xlup9mm x1kky2od\"><img loading=\"lazy\" decoding=\"async\" class=\"xz74otr x168nmei x13lgxp2 x5pf9jr xo71vjh\" src=\"https:\/\/static.xx.fbcdn.net\/images\/emoji.php\/v9\/t4d\/1\/16\/1f4de.png\" alt=\"\ud83d\udcde\" width=\"16\" height=\"16\" \/><\/span><\/div>\n<div dir=\"auto\"><span class=\"html-span xexx8yu x4uap5 x18d9i69 xkhd6sd x1hl2dhg x16tdsg8 x1vvkbs x3nfvp2 x1j61x8r x1fcty0u xdj266r xat24cr xgzva0m xhhsvwb xxymvpz xlup9mm x1kky2od\"><img loading=\"lazy\" decoding=\"async\" class=\"xz74otr x168nmei x13lgxp2 x5pf9jr xo71vjh\" src=\"https:\/\/static.xx.fbcdn.net\/images\/emoji.php\/v9\/t33\/1\/16\/2705.png\" alt=\"\u2705\" width=\"16\" height=\"16\" \/><\/span> \u0648\u0633\u0627\u0626\u0644 \u0627\u0644\u062a\u0648\u0627\u0635\u0644 \u0627\u0644\u0627\u062c\u062a\u0645\u0627\u0639\u064a \u0648\u0627\u0644\u0625\u0634\u0639\u0627\u0631\u0627\u062a <span class=\"html-span xexx8yu x4uap5 x18d9i69 xkhd6sd x1hl2dhg x16tdsg8 x1vvkbs x3nfvp2 x1j61x8r x1fcty0u xdj266r xat24cr xgzva0m xhhsvwb xxymvpz xlup9mm x1kky2od\"><img loading=\"lazy\" decoding=\"async\" class=\"xz74otr x168nmei x13lgxp2 x5pf9jr xo71vjh\" src=\"https:\/\/static.xx.fbcdn.net\/images\/emoji.php\/v9\/td8\/1\/16\/1f4f2.png\" alt=\"\ud83d\udcf2\" width=\"16\" height=\"16\" \/><\/span><\/div>\n<div dir=\"auto\"><span class=\"html-span xexx8yu x4uap5 x18d9i69 xkhd6sd x1hl2dhg x16tdsg8 x1vvkbs x3nfvp2 x1j61x8r x1fcty0u xdj266r xat24cr xgzva0m xhhsvwb xxymvpz xlup9mm x1kky2od\"><img loading=\"lazy\" decoding=\"async\" class=\"xz74otr x168nmei x13lgxp2 x5pf9jr xo71vjh\" src=\"https:\/\/static.xx.fbcdn.net\/images\/emoji.php\/v9\/t33\/1\/16\/2705.png\" alt=\"\u2705\" width=\"16\" height=\"16\" \/><\/span> \u0639\u0645\u0631 \u0628\u0637\u0627\u0631\u064a\u0629 \u0637\u0648\u064a\u0644<\/div>\n<\/div>\n","protected":false},"excerpt":{"rendered":"<p>\u0633\u0627\u0639\u0629 Modio SM02 4G Ultra \u0627\u0644\u0630\u0643\u064a\u0629 \u2013 \u0627\u0644\u0631\u0641\u064a\u0642 \u0627\u0644\u0630\u0643\u064a \u0627\u0644\u0645\u062b\u0627\u0644\u064a! \u062f\u0639\u0645 \u0634\u0631\u064a\u062d\u0629 4G \u0643\u0627\u0645\u064a\u0631\u0627 \u0645\u062f\u0645\u062c\u0629 \u0634\u0627\u0634\u0629 \u0644\u0645\u0633 \u0639\u0627\u0644\u064a\u0629 \u0627\u0644\u062f\u0642\u0629 \u062a\u062a\u0628\u0639<\/p>\n","protected":false},"featured_media":5058,"comment_status":"open","ping_status":"closed","template":"","meta":{"om_disable_all_campaigns":false,"_monsterinsights_skip_tracking":false,"_monsterinsights_sitenote_active":false,"_monsterinsights_sitenote_note":"","_monsterinsights_sitenote_category":0,"iawp_total_views":135},"product_cat":[41],"product_tag":[143],"class_list":{"0":"post-5057","1":"product","2":"type-product","3":"status-publish","4":"has-post-thumbnail","6":"product_cat-smartwatch","7":"product_tag-modio","9":"first","10":"instock","11":"sale","12":"taxable","13":"shipping-taxable","14":"purchasable","15":"product-type-simple"},"aioseo_notices":[],"jetpack-related-posts":[{"id":5050,"url":"https:\/\/bonprix-dz.com\/?product=modio-st11","url_meta":{"origin":5057,"position":0},"title":"Modio ST11","author":"bonprix-dz.com","date":"\u0623\u0628\u0631\u064a\u0644 10, 2025","format":false,"excerpt":"D\u00e9couvrez la\u00a0Modio ST11, une montre connect\u00e9e alliant technologie avanc\u00e9e et design \u00e9l\u00e9gant. Avec ses 4 Go de RAM et 64 Go de stockage interne, elle offre des performances fluides et une capacit\u00e9 de stockage g\u00e9n\u00e9reuse pour toutes vos applications et fichiers. Son \u00e9cran de 2,2 pouces assure une visibilit\u00e9 claire\u2026","rel":"","context":"\u062a\u062f\u0648\u064a\u0646\u0629 \u0645\u0634\u0627\u0628\u0647\u0629","block_context":{"text":"\u062a\u062f\u0648\u064a\u0646\u0629 \u0645\u0634\u0627\u0628\u0647\u0629","link":""},"img":{"alt_text":"","src":"https:\/\/i0.wp.com\/bonprix-dz.com\/wp-content\/uploads\/2025\/04\/ABUIABACGAAgh4P_tAYo2N2ViwcwoAY4oAY.jpg?fit=800%2C800&ssl=1&resize=350%2C200","width":350,"height":200,"srcset":"https:\/\/i0.wp.com\/bonprix-dz.com\/wp-content\/uploads\/2025\/04\/ABUIABACGAAgh4P_tAYo2N2ViwcwoAY4oAY.jpg?fit=800%2C800&ssl=1&resize=350%2C200 1x, https:\/\/i0.wp.com\/bonprix-dz.com\/wp-content\/uploads\/2025\/04\/ABUIABACGAAgh4P_tAYo2N2ViwcwoAY4oAY.jpg?fit=800%2C800&ssl=1&resize=525%2C300 1.5x, https:\/\/i0.wp.com\/bonprix-dz.com\/wp-content\/uploads\/2025\/04\/ABUIABACGAAgh4P_tAYo2N2ViwcwoAY4oAY.jpg?fit=800%2C800&ssl=1&resize=700%2C400 2x"},"classes":[]},{"id":3281,"url":"https:\/\/bonprix-dz.com\/?product=tk4-ultra-4g-smart-watch","url_meta":{"origin":5057,"position":1},"title":"Modio 4G Ultra","author":"bonprix-dz.com","date":"\u0633\u0628\u062a\u0645\u0628\u0631 25, 2023","format":false,"excerpt":"\u0627\u0644\u0645\u064a\u0632\u0627\u062a \u0627\u0644\u0623\u0633\u0627\u0633\u064a\u0629 \u2705 Use Internet \u2705 Make and receive calls \u2705 Send and receive text messages \u2705 Check your email \u2705 Get notifications from your phone \u2705 Control your music \u2705 Use GPS for navigation \u2705 Track your fitness goals \u0646\u0638\u0631\u0629 \u0639\u0627\u0645\u0629 The new TK4 Ultra Smart Watch is the\u2026","rel":"","context":"\u062a\u062a\u0636\u0645\u0646 1 \u0645\u0646 \u0627\u0644\u062a\u0639\u0644\u064a\u0642\u0627\u062a","block_context":{"text":"\u062a\u062a\u0636\u0645\u0646 1 \u0645\u0646 \u0627\u0644\u062a\u0639\u0644\u064a\u0642\u0627\u062a","link":"https:\/\/bonprix-dz.com\/?product=tk4-ultra-4g-smart-watch#comments"},"img":{"alt_text":"","src":"https:\/\/i0.wp.com\/bonprix-dz.com\/wp-content\/uploads\/2023\/09\/61a8r2fd1zL._AC_SL1200_.jpg?fit=1118%2C1200&ssl=1&resize=350%2C200","width":350,"height":200,"srcset":"https:\/\/i0.wp.com\/bonprix-dz.com\/wp-content\/uploads\/2023\/09\/61a8r2fd1zL._AC_SL1200_.jpg?fit=1118%2C1200&ssl=1&resize=350%2C200 1x, https:\/\/i0.wp.com\/bonprix-dz.com\/wp-content\/uploads\/2023\/09\/61a8r2fd1zL._AC_SL1200_.jpg?fit=1118%2C1200&ssl=1&resize=525%2C300 1.5x, https:\/\/i0.wp.com\/bonprix-dz.com\/wp-content\/uploads\/2023\/09\/61a8r2fd1zL._AC_SL1200_.jpg?fit=1118%2C1200&ssl=1&resize=700%2C400 2x, https:\/\/i0.wp.com\/bonprix-dz.com\/wp-content\/uploads\/2023\/09\/61a8r2fd1zL._AC_SL1200_.jpg?fit=1118%2C1200&ssl=1&resize=1050%2C600 3x"},"classes":[]},{"id":3084,"url":"https:\/\/bonprix-dz.com\/?product=t900-ultra-%d8%b3%d8%a7%d8%b9%d8%a9-%d8%b0%d9%83%d9%8a%d8%a9-%d9%85%d8%aa%d8%b5%d9%84%d8%a9","url_meta":{"origin":5057,"position":2},"title":"T900 Ultra &#8211; \u0633\u0627\u0639\u0629 \u0630\u0643\u064a\u0629 \u0645\u062a\u0635\u0644\u0629","author":"bonprix-dz.com","date":"\u0633\u0628\u062a\u0645\u0628\u0631 14, 2023","format":false,"excerpt":"\u0645\u0648\u0627\u0635\u0641\u0627\u062a \u0627\u0644\u0645\u0646\u062a\u062c T900 Ultra \u0647\u064a \u0646\u0633\u062e\u0629 \u062c\u062f\u064a\u062f\u0629 \u0645\u0646 Apple Watch Ultra 2022 \u062a\u0645 \u0625\u0635\u062f\u0627\u0631\u0647\u0627 \u0641\u064a 25 \u0623\u0643\u062a\u0648\u0628\u0631 2022. \u0627\u0644\u0623\u062f\u0627\u0629 \u0627\u0644\u0630\u0643\u064a\u0629 \u0647\u064a \u0633\u0627\u0639\u0629 \u0630\u0643\u064a\u0629 \u0644\u0644\u064a\u0627\u0642\u0629 \u0627\u0644\u0628\u062f\u0646\u064a\u0629 \u064a\u0645\u0643\u0646\u0647\u0627 \u062a\u062a\u0628\u0639 \u0627\u0644\u0623\u0646\u0634\u0637\u0629 \u0627\u0644\u0631\u064a\u0627\u0636\u064a\u0629 \u0648\u0625\u062f\u0627\u0631\u0629 \u0627\u0644\u062d\u0627\u0644\u0629 \u0627\u0644\u0635\u062d\u064a\u0629 \u0641\u064a \u0627\u0644\u0648\u0642\u062a \u0627\u0644\u0641\u0639\u0644\u064a. \u0627\u0644\u0645\u0638\u0647\u0631 \u0648\u0627\u0644\u062a\u0635\u0645\u064a\u0645 \u0623\u0646\u064a\u0642 \u0648\u0631\u064a\u0627\u0636\u064a \u0648\u064a\u0634\u0628\u0647 \u0625\u0644\u0649 \u062d\u062f \u0628\u0639\u064a\u062f N8 Ultra. \u0627\u0644\u0634\u0627\u0634\u0629 \u0643\u0628\u064a\u0631\u0629 \u0628\u062d\u062c\u0645 1.99 \u0628\u0648\u0635\u0629\u2026","rel":"","context":"\u062a\u062f\u0648\u064a\u0646\u0629 \u0645\u0634\u0627\u0628\u0647\u0629","block_context":{"text":"\u062a\u062f\u0648\u064a\u0646\u0629 \u0645\u0634\u0627\u0628\u0647\u0629","link":""},"img":{"alt_text":"","src":"https:\/\/i0.wp.com\/bonprix-dz.com\/wp-content\/uploads\/2023\/09\/2.jpg?fit=500%2C500&ssl=1&resize=350%2C200","width":350,"height":200},"classes":[]},{"id":3262,"url":"https:\/\/bonprix-dz.com\/?product=pack-w26-pro-max","url_meta":{"origin":5057,"position":3},"title":"Pack W26 PRO MAX","author":"bonprix-dz.com","date":"\u0633\u0628\u062a\u0645\u0628\u0631 25, 2023","format":false,"excerpt":"\u0627\u0644\u062e\u0635\u0627\u0626\u0635 \u0627\u0644\u0631\u0626\u064a\u0633\u064a\u0629 \u062d\u062c\u0645 \u0634\u0627\u0634\u0629 \u0627\u0644\u0644\u0645\u0633: 1.75 \u0628\u0648\u0635\u0629 \u062f\u0642\u0629 \u0627\u0644\u0634\u0627\u0634\u0629: 240 \u00d7 240 \u0627\u0644\u0647\u064a\u0643\u0644: 44 \u0645\u0644\u0645 \u0645\u0646 \u0627\u0644\u0641\u0648\u0644\u0627\u0630 \u0627\u0644\u0645\u0642\u0627\u0648\u0645 \u0644\u0644\u0635\u062f\u0623 \u0625\u0635\u062f\u0627\u0631 \u0627\u0644\u0628\u0644\u0648\u062a\u0648\u062b: \u0628\u0644\u0648\u062a\u0648\u062b 4.0 IP67: \u0645\u0642\u0627\u0648\u0645\u0629 \u0644\u0644\u0645\u0627\u0621 \u0627\u0644\u062d\u0632\u0627\u0645: \u0633\u064a\u0644\u064a\u0643\u0648\u0646 \u0627\u0644\u0628\u0637\u0627\u0631\u064a\u0629: 220 \u0645\u0644\u0644\u064a \u0623\u0645\u0628\u064a\u0631 \u0627\u0644\u0648\u0638\u064a\u0641\u0629: \u0642\u064a\u0627\u0633 \u0645\u0639\u062f\u0644 \u0636\u0631\u0628\u0627\u062a \u0627\u0644\u0642\u0644\u0628\u060c \u0627\u0644\u062a\u0646\u0628\u064a\u0647\u060c \u0627\u0644\u0645\u0633\u0627\u0641\u0629 \u0627\u0644\u0645\u0642\u0637\u0648\u0639\u0629\u060c \u0639\u062f\u0627\u062f \u0627\u0644\u062e\u0637\u0648\u0627\u062a\u060c \u0627\u0644\u0628\u062d\u062b \u0639\u0646 \u0647\u0627\u062a\u0641 \u0630\u0643\u064a\u060c \u0639\u062f\u0627\u062f \u062d\u0631\u0642 \u0627\u0644\u0633\u0639\u0631\u0627\u062a \u0627\u0644\u062d\u0631\u0627\u0631\u064a\u0629\u060c\u2026","rel":"","context":"\u062a\u062f\u0648\u064a\u0646\u0629 \u0645\u0634\u0627\u0628\u0647\u0629","block_context":{"text":"\u062a\u062f\u0648\u064a\u0646\u0629 \u0645\u0634\u0627\u0628\u0647\u0629","link":""},"img":{"alt_text":"","src":"https:\/\/i0.wp.com\/bonprix-dz.com\/wp-content\/uploads\/2023\/09\/W26-1.png?fit=800%2C800&ssl=1&resize=350%2C200","width":350,"height":200,"srcset":"https:\/\/i0.wp.com\/bonprix-dz.com\/wp-content\/uploads\/2023\/09\/W26-1.png?fit=800%2C800&ssl=1&resize=350%2C200 1x, https:\/\/i0.wp.com\/bonprix-dz.com\/wp-content\/uploads\/2023\/09\/W26-1.png?fit=800%2C800&ssl=1&resize=525%2C300 1.5x, https:\/\/i0.wp.com\/bonprix-dz.com\/wp-content\/uploads\/2023\/09\/W26-1.png?fit=800%2C800&ssl=1&resize=700%2C400 2x"},"classes":[]},{"id":1716,"url":"https:\/\/bonprix-dz.com\/?product=crimson-palms-hotel","url_meta":{"origin":5057,"position":4},"title":"\u0633\u0627\u0639\u0629 \u0630\u0643\u064a\u0629 T800 Ultra","author":"bonprix-dz.com","date":"\u0623\u063a\u0633\u0637\u0633 2, 2018","format":false,"excerpt":"\u0633\u0627\u0639\u0629 \u0630\u0643\u064a\u0629 T800 Ultra \u0644\u0625\u062c\u0631\u0627\u0621 \u0648 \u062a\u0644\u0642\u064a \u0627\u0644\u0645\u0643\u0627\u0644\u0645\u0627\u062a \u0645\u0642\u0627\u0648\u0645\u0629 \u0644\u0644\u0645\u0627\u0621-smart Watch T800 Ultra \u00e9tanche chargeur sans fil orange \u064a\u0639\u062a\u0628\u0631 \u062a\u062a\u0628\u0639 \u0627\u0644\u0644\u064a\u0627\u0642\u0629 \u0648\u0627\u0644\u0635\u062d\u0629 \u0623\u062d\u062f \u0623\u0647\u0645 \u0645\u0645\u064a\u0632\u0627\u062a \u0627\u0644\u0633\u0627\u0639\u0629 \u0627\u0644\u0630\u0643\u064a\u0629\u060c \u0648\u0647\u064a \u0645\u0646 \u0627\u0644\u0623\u0633\u0628\u0627\u0628 \u0627\u0644\u062a\u064a \u062a\u062c\u0639\u0644 \u0627\u0644\u0631\u064a\u0627\u0636\u064a\u064a\u0646 \u064a\u0641\u0636\u0644\u0648\u0646 \u0627\u0642\u062a\u0646\u0627\u0626\u0647\u0627. \u0648\u064a\u0645\u0643\u0646\u0643 \u0645\u0646 \u062e\u0644\u0627\u0644 \u0627\u0644\u0633\u0627\u0639\u0629 \u062a\u062a\u0628\u0639 \u0627\u0644\u0631\u064a\u0627\u0636\u0627\u062a \u0627\u0644\u062a\u064a \u062a\u0645\u0627\u0631\u0633\u0647\u0627 \u0628\u0627\u0644\u0625\u0636\u0627\u0641\u0629 \u0625\u0644\u0649 \u0645\u0631\u0627\u0642\u0628\u0629 \u0646\u0634\u0627\u0637\u0643 \u0627\u0644\u064a\u0648\u0645\u064a\u00a0 \u0634\u0627\u0634\u0629 \u062a\u0639\u0645\u0644\u2026","rel":"","context":"\u062a\u062f\u0648\u064a\u0646\u0629 \u0645\u0634\u0627\u0628\u0647\u0629","block_context":{"text":"\u062a\u062f\u0648\u064a\u0646\u0629 \u0645\u0634\u0627\u0628\u0647\u0629","link":""},"img":{"alt_text":"","src":"https:\/\/i0.wp.com\/bonprix-dz.com\/wp-content\/uploads\/2018\/08\/11.jpg?fit=590%2C590&ssl=1&resize=350%2C200","width":350,"height":200,"srcset":"https:\/\/i0.wp.com\/bonprix-dz.com\/wp-content\/uploads\/2018\/08\/11.jpg?fit=590%2C590&ssl=1&resize=350%2C200 1x, https:\/\/i0.wp.com\/bonprix-dz.com\/wp-content\/uploads\/2018\/08\/11.jpg?fit=590%2C590&ssl=1&resize=525%2C300 1.5x"},"classes":[]},{"id":3089,"url":"https:\/\/bonprix-dz.com\/?product=%d8%b3%d8%a7%d8%b9%d8%a9-%d8%b0%d9%83%d9%8a%d8%a9-w26-ultra-max","url_meta":{"origin":5057,"position":5},"title":"\u0633\u0627\u0639\u0629 \u0630\u0643\u064a\u0629 W26 ULTRA MAX","author":"bonprix-dz.com","date":"\u0633\u0628\u062a\u0645\u0628\u0631 14, 2023","format":false,"excerpt":"\u0633\u0627\u0639\u0629 \u0630\u0643\u064a\u0629\u00a0\u0645\u0642\u0627\u0648\u0645\u0629 \u0644\u0644\u0645\u0627\u0621 \u0645\u0639 \u0627\u062b\u0646\u064a\u0646 \u0623\u062d\u0632\u0645\u0629 +\u0633\u0645\u0627\u0639\u0627\u062a \u0627\u0644\u0628\u0644\u0648\u062a\u0648\u062b \u00a0\u0625\u062c\u0631\u0627\u0621 \u0627\u0644\u0645\u0643\u0627\u0644\u0645\u0627\u062a \u0648\u0627\u0644\u0631\u062f \u0639\u0644\u064a\u0647\u0627\u00a0\u0645\u064a\u0643\u0631\u0648\u0641\u0648\u0646 \u0648\u0645\u0643\u0628\u0631 \u0635\u0648\u062a \u0645\u062f\u0645\u062c\u0627\u0646 \u0627\u062b\u0646\u064a\u0646 \u0623\u062d\u0632\u0645\u0629 \u0645\u0646 \u0627\u0644\u0633\u0644\u064a\u0643\u0648\u0646 \u0642\u0627\u0628\u0644 \u0644\u0644\u062a\u0628\u062f\u064a\u0644.\u0648 \u0633\u0645\u0627\u0639\u0627\u062a \u0627\u0644\u0628\u0644\u0648\u062a\u0648\u062b \u0630\u0627\u062a \u062c\u0648\u062f\u0629 \u00a0\u0642\u0631\u0627\u0621\u0629 \u0627\u0644\u0625\u062e\u0637\u0627\u0631\u0627\u062a \u0648\u0627\u0644\u0631\u0633\u0627\u0626\u0644.\u062a\u0635\u0645\u064a\u0645 \u0645\u0633\u062a\u0637\u064a\u0644 \u062c\u0630\u0627\u0628\u00a0 \u0633\u0627\u0639\u0629 \u0630\u0643\u064a\u0629 \u0645\u062a\u064a\u0646\u0629 \u0648\u062e\u0641\u064a\u0641\u0629 \u0627\u0644\u0648\u0632\u0646 \u0645\u0635\u0646\u0648\u0639\u0629 \u0645\u0646 \u0633\u0628\u064a\u0643\u0629 \u0645\u0639\u062f\u0646\u064a\u0629 \u0648\u0645\u0646 \u0627\u0644\u0628\u0648\u0644\u064a \u0643\u0631\u0628\u0648\u0646\u0627\u062a. \u00a0\u0645\u0631\u0627\u0642\u0628\u0629 \u0645\u0639\u062f\u0644 \u0636\u0631\u0628\u0627\u062a \u0627\u0644\u0642\u0644\u0628 \u0648\u0636\u063a\u0637 \u0627\u0644\u062f\u0645 \u0645\u062f\u0631\u0628\u0643 \u0627\u0644\u0634\u062e\u0635\u064a\u2026","rel":"","context":"\u062a\u062f\u0648\u064a\u0646\u0629 \u0645\u0634\u0627\u0628\u0647\u0629","block_context":{"text":"\u062a\u062f\u0648\u064a\u0646\u0629 \u0645\u0634\u0627\u0628\u0647\u0629","link":""},"img":{"alt_text":"","src":"https:\/\/i0.wp.com\/bonprix-dz.com\/wp-content\/uploads\/2023\/09\/w26.png?fit=587%2C569&ssl=1&resize=350%2C200","width":350,"height":200,"srcset":"https:\/\/i0.wp.com\/bonprix-dz.com\/wp-content\/uploads\/2023\/09\/w26.png?fit=587%2C569&ssl=1&resize=350%2C200 1x, https:\/\/i0.wp.com\/bonprix-dz.com\/wp-content\/uploads\/2023\/09\/w26.png?fit=587%2C569&ssl=1&resize=525%2C300 1.5x"},"classes":[]}],"_links":{"self":[{"href":"https:\/\/bonprix-dz.com\/index.php?rest_route=\/wp\/v2\/product\/5057","targetHints":{"allow":["GET"]}}],"collection":[{"href":"https:\/\/bonprix-dz.com\/index.php?rest_route=\/wp\/v2\/product"}],"about":[{"href":"https:\/\/bonprix-dz.com\/index.php?rest_route=\/wp\/v2\/types\/product"}],"replies":[{"embeddable":true,"href":"https:\/\/bonprix-dz.com\/index.php?rest_route=%2Fwp%2Fv2%2Fcomments&post=5057"}],"version-history":[{"count":1,"href":"https:\/\/bonprix-dz.com\/index.php?rest_route=\/wp\/v2\/product\/5057\/revisions"}],"predecessor-version":[{"id":5063,"href":"https:\/\/bonprix-dz.com\/index.php?rest_route=\/wp\/v2\/product\/5057\/revisions\/5063"}],"wp:featuredmedia":[{"embeddable":true,"href":"https:\/\/bonprix-dz.com\/index.php?rest_route=\/wp\/v2\/media\/5058"}],"wp:attachment":[{"href":"https:\/\/bonprix-dz.com\/index.php?rest_route=%2Fwp%2Fv2%2Fmedia&parent=5057"}],"wp:term":[{"taxonomy":"product_cat","embeddable":true,"href":"https:\/\/bonprix-dz.com\/index.php?rest_route=%2Fwp%2Fv2%2Fproduct_cat&post=5057"},{"taxonomy":"product_tag","embeddable":true,"href":"https:\/\/bonprix-dz.com\/index.php?rest_route=%2Fwp%2Fv2%2Fproduct_tag&post=5057"}],"curies":[{"name":"wp","href":"https:\/\/api.w.org\/{rel}","templated":true}]}}