{"id":5066,"date":"2025-04-11T16:19:45","date_gmt":"2025-04-11T16:19:45","guid":{"rendered":"https:\/\/bonprix-dz.com\/?post_type=product&#038;p=5066"},"modified":"2025-04-11T16:19:45","modified_gmt":"2025-04-11T16:19:45","slug":"hoco-ca73","status":"publish","type":"product","link":"https:\/\/bonprix-dz.com\/?product=hoco-ca73","title":{"rendered":"Hoco CA73"},"content":{"rendered":"<div class=\"elementor-element elementor-element-17dcff6 elementor-widget elementor-widget-woocommerce-product-title elementor-page-title elementor-widget-heading\" data-id=\"17dcff6\" data-element_type=\"widget\" data-widget_type=\"woocommerce-product-title.default\">\n<div class=\"elementor-widget-container\">\n<h2 class=\"product_title entry-title elementor-heading-title elementor-size-default\">Bicycle motorcycle holder \u201cCA73 Flying\u201d<\/h2>\n<\/div>\n<\/div>\n<div class=\"elementor-element elementor-element-e63f506 elementor-widget elementor-widget-woocommerce-product-short-description\" data-id=\"e63f506\" data-element_type=\"widget\" data-widget_type=\"woocommerce-product-short-description.default\">\n<div class=\"elementor-widget-container\">\n<div class=\"woocommerce-product-details__short-description\">\n<p>CA73 Flying bicycle and motorcycle universal mobile phone holder for 4.5-7 inches mobile phones, for bicycle, motorcycle, baby carriage.<\/p>\n<\/div>\n<\/div>\n<\/div>\n","protected":false},"excerpt":{"rendered":"<p>Bicycle motorcycle holder \u201cCA73 Flying\u201d CA73 Flying bicycle and motorcycle universal mobile phone holder for 4.5-7 inches mobile phones, for<\/p>\n","protected":false},"featured_media":5067,"comment_status":"open","ping_status":"closed","template":"","meta":{"om_disable_all_campaigns":false,"_monsterinsights_skip_tracking":false,"_monsterinsights_sitenote_active":false,"_monsterinsights_sitenote_note":"","_monsterinsights_sitenote_category":0,"iawp_total_views":2},"product_cat":[42],"product_tag":[70],"class_list":{"0":"post-5066","1":"product","2":"type-product","3":"status-publish","4":"has-post-thumbnail","6":"product_cat-toys","7":"product_tag-hoco","9":"first","10":"instock","11":"sale","12":"taxable","13":"shipping-taxable","14":"purchasable","15":"product-type-simple"},"aioseo_notices":[],"jetpack-related-posts":[{"id":3739,"url":"https:\/\/bonprix-dz.com\/?product=cable-type-c-to-type-c-x83-victory-60w-charging-data-sync","url_meta":{"origin":5066,"position":0},"title":"Cable Type-C to Type-C  X83 60W","author":"bonprix-dz.com","date":"\u0645\u0627\u0631\u0633 2, 2024","format":false,"excerpt":"X83 Victory, Type-C to Type-C 60W charging data cable, 1m, PVC material, support up to 60W (20V \/ 3A) charging for laptop and 3A current for mobile phones 1. Length: 1m. Weight: 24g. 2. Outer material: PVC. 3. Joint material: PVC. 4. Core: (43\/0.08)*2+(16\/0.08)*3 OD3.5mm. 5. Supports up to 60W\u2026","rel":"","context":"\u062a\u062f\u0648\u064a\u0646\u0629 \u0645\u0634\u0627\u0628\u0647\u0629","block_context":{"text":"\u062a\u062f\u0648\u064a\u0646\u0629 \u0645\u0634\u0627\u0628\u0647\u0629","link":""},"img":{"alt_text":"","src":"https:\/\/i0.wp.com\/bonprix-dz.com\/wp-content\/uploads\/2024\/03\/1-2.jpg?fit=800%2C800&ssl=1&resize=350%2C200","width":350,"height":200,"srcset":"https:\/\/i0.wp.com\/bonprix-dz.com\/wp-content\/uploads\/2024\/03\/1-2.jpg?fit=800%2C800&ssl=1&resize=350%2C200 1x, https:\/\/i0.wp.com\/bonprix-dz.com\/wp-content\/uploads\/2024\/03\/1-2.jpg?fit=800%2C800&ssl=1&resize=525%2C300 1.5x, https:\/\/i0.wp.com\/bonprix-dz.com\/wp-content\/uploads\/2024\/03\/1-2.jpg?fit=800%2C800&ssl=1&resize=700%2C400 2x"},"classes":[]},{"id":3994,"url":"https:\/\/bonprix-dz.com\/?product=hoco-u109-100w","url_meta":{"origin":5066,"position":1},"title":"hOCO u109 100W","author":"bonprix-dz.com","date":"\u0645\u0627\u064a\u0648 16, 2024","format":false,"excerpt":"U109, Type-C to Type-C 100W charging data cable, 1.2m, zinc alloy + TPE, current up to 3A for mobile phones, 100W power for laptops.","rel":"","context":"\u062a\u062f\u0648\u064a\u0646\u0629 \u0645\u0634\u0627\u0628\u0647\u0629","block_context":{"text":"\u062a\u062f\u0648\u064a\u0646\u0629 \u0645\u0634\u0627\u0628\u0647\u0629","link":""},"img":{"alt_text":"","src":"https:\/\/i0.wp.com\/bonprix-dz.com\/wp-content\/uploads\/2024\/05\/hoco-c101a-single-port-pd20w-wall-charger-eu-set-tc-to-ltn-wire-2.jpg?fit=800%2C800&ssl=1&resize=350%2C200","width":350,"height":200,"srcset":"https:\/\/i0.wp.com\/bonprix-dz.com\/wp-content\/uploads\/2024\/05\/hoco-c101a-single-port-pd20w-wall-charger-eu-set-tc-to-ltn-wire-2.jpg?fit=800%2C800&ssl=1&resize=350%2C200 1x, https:\/\/i0.wp.com\/bonprix-dz.com\/wp-content\/uploads\/2024\/05\/hoco-c101a-single-port-pd20w-wall-charger-eu-set-tc-to-ltn-wire-2.jpg?fit=800%2C800&ssl=1&resize=525%2C300 1.5x, https:\/\/i0.wp.com\/bonprix-dz.com\/wp-content\/uploads\/2024\/05\/hoco-c101a-single-port-pd20w-wall-charger-eu-set-tc-to-ltn-wire-2.jpg?fit=800%2C800&ssl=1&resize=700%2C400 2x"},"classes":[]},{"id":4528,"url":"https:\/\/bonprix-dz.com\/?product=hoco-x14","url_meta":{"origin":5066,"position":2},"title":"Hoco X14","author":"bonprix-dz.com","date":"\u0633\u0628\u062a\u0645\u0628\u0631 11, 2024","format":false,"excerpt":"Cable type C to type C double speed 60 W Marque : Hoco Longueur : 1 m Poids : 20 g Tresse ext\u00e9rieure : fil tress\u00e9 en nylon Connecteur : alliage d\u2019aluminium 4, 134 fil de cuivre \u00e9tam\u00e9 \u00e0 5 conducteurs, passage de courant de c\u00e2ble 3A ; En utilisant\u2026","rel":"","context":"\u062a\u062f\u0648\u064a\u0646\u0629 \u0645\u0634\u0627\u0628\u0647\u0629","block_context":{"text":"\u062a\u062f\u0648\u064a\u0646\u0629 \u0645\u0634\u0627\u0628\u0647\u0629","link":""},"img":{"alt_text":"","src":"https:\/\/i0.wp.com\/bonprix-dz.com\/wp-content\/uploads\/2024\/09\/E2C795AC-263E-4E9A-A3E9-3BF9AB0D0860.webp?fit=800%2C800&ssl=1&resize=350%2C200","width":350,"height":200,"srcset":"https:\/\/i0.wp.com\/bonprix-dz.com\/wp-content\/uploads\/2024\/09\/E2C795AC-263E-4E9A-A3E9-3BF9AB0D0860.webp?fit=800%2C800&ssl=1&resize=350%2C200 1x, https:\/\/i0.wp.com\/bonprix-dz.com\/wp-content\/uploads\/2024\/09\/E2C795AC-263E-4E9A-A3E9-3BF9AB0D0860.webp?fit=800%2C800&ssl=1&resize=525%2C300 1.5x, https:\/\/i0.wp.com\/bonprix-dz.com\/wp-content\/uploads\/2024\/09\/E2C795AC-263E-4E9A-A3E9-3BF9AB0D0860.webp?fit=800%2C800&ssl=1&resize=700%2C400 2x"},"classes":[]},{"id":4840,"url":"https:\/\/bonprix-dz.com\/?product=new-smart-watch-men-with-led-flashlight-sports-fitness-watch-ip68-waterproof-health-monitoring-bluetooth-call-smartwatch-2024","url_meta":{"origin":5066,"position":3},"title":"New Smart Watch Men With LED Flashlight Sports","author":"bonprix-dz.com","date":"\u064a\u0646\u0627\u064a\u0631 8, 2025","format":false,"excerpt":"New Smart Watch Men With LED Flashlight Sports Fitness Watch IP68 Waterproof Health Monitoring Bluetooth Call Smartwatch 2024 Features: 1. There is a high brightness LED flashlight on the side of the watch, which can help you see the environment clearly in areas without lighting. 2. Bluetooth calling function. After\u2026","rel":"","context":"\u062a\u062f\u0648\u064a\u0646\u0629 \u0645\u0634\u0627\u0628\u0647\u0629","block_context":{"text":"\u062a\u062f\u0648\u064a\u0646\u0629 \u0645\u0634\u0627\u0628\u0647\u0629","link":""},"img":{"alt_text":"New Smart Watch Men With LED Flashlight Sports Fitness Watch IP68 Waterproof Health Monitoring Bluetooth Call Smartwatch 2024 1","src":"https:\/\/i0.wp.com\/ae01.alicdn.com\/kf\/Se6ddf953827647bc88739ca29f5a907bE\/New-Smart-Watch-Men-With-LED-Flashlight-Sports-Fitness-Watch-IP68-Waterproof-Health-Monitoring-Bluetooth-Call.jpg?fit=800%2C800&ssl=1&resize=350%2C200","width":350,"height":200,"srcset":"https:\/\/i0.wp.com\/ae01.alicdn.com\/kf\/Se6ddf953827647bc88739ca29f5a907bE\/New-Smart-Watch-Men-With-LED-Flashlight-Sports-Fitness-Watch-IP68-Waterproof-Health-Monitoring-Bluetooth-Call.jpg?fit=800%2C800&ssl=1&resize=350%2C200 1x, https:\/\/i0.wp.com\/ae01.alicdn.com\/kf\/Se6ddf953827647bc88739ca29f5a907bE\/New-Smart-Watch-Men-With-LED-Flashlight-Sports-Fitness-Watch-IP68-Waterproof-Health-Monitoring-Bluetooth-Call.jpg?fit=800%2C800&ssl=1&resize=525%2C300 1.5x, https:\/\/i0.wp.com\/ae01.alicdn.com\/kf\/Se6ddf953827647bc88739ca29f5a907bE\/New-Smart-Watch-Men-With-LED-Flashlight-Sports-Fitness-Watch-IP68-Waterproof-Health-Monitoring-Bluetooth-Call.jpg?fit=800%2C800&ssl=1&resize=700%2C400 2x"},"classes":[]},{"id":4722,"url":"https:\/\/bonprix-dz.com\/?product=colmi-p76-1-96-outdoor-military-smartwatch-men-bluetooth-call-smart-watch-3atm-ip68-waterproof-sports-fitness-watches","url_meta":{"origin":5066,"position":4},"title":"COLMI P76 1.96&#8243; Outdoor Military Smartwatch","author":"bonprix-dz.com","date":"\u062f\u064a\u0633\u0645\u0628\u0631 12, 2024","format":false,"excerpt":"COLMi P76 - Outdoor Smartwatch Gear up for the great outdoors with the COLMI P76 Smartwatch, engineered for the wilderness and beyond. Perfect for anyone passionate about open-air activities, it's designed to be by your side whether you're scaling peaks or riding the trails. Rugged Reliability: Ready for any challenge,\u2026","rel":"","context":"\u062a\u062f\u0648\u064a\u0646\u0629 \u0645\u0634\u0627\u0628\u0647\u0629","block_context":{"text":"\u062a\u062f\u0648\u064a\u0646\u0629 \u0645\u0634\u0627\u0628\u0647\u0629","link":""},"img":{"alt_text":"COLMI P76 1.96\" Outdoor Military Smartwatch Men Bluetooth Call Smart Watch 3ATM IP68 Waterproof Sports Fitness Watches 1","src":"https:\/\/i0.wp.com\/ae01.alicdn.com\/kf\/S8a61228b65ff4aed8175e7b0388cd402B\/COLMI-P76-1-96-Outdoor-Military-Smartwatch-Men-Bluetooth-Call-Smart-Watch-3ATM-IP68-Waterproof-Sports.jpg?fit=800%2C800&ssl=1&resize=350%2C200","width":350,"height":200,"srcset":"https:\/\/i0.wp.com\/ae01.alicdn.com\/kf\/S8a61228b65ff4aed8175e7b0388cd402B\/COLMI-P76-1-96-Outdoor-Military-Smartwatch-Men-Bluetooth-Call-Smart-Watch-3ATM-IP68-Waterproof-Sports.jpg?fit=800%2C800&ssl=1&resize=350%2C200 1x, https:\/\/i0.wp.com\/ae01.alicdn.com\/kf\/S8a61228b65ff4aed8175e7b0388cd402B\/COLMI-P76-1-96-Outdoor-Military-Smartwatch-Men-Bluetooth-Call-Smart-Watch-3ATM-IP68-Waterproof-Sports.jpg?fit=800%2C800&ssl=1&resize=525%2C300 1.5x, https:\/\/i0.wp.com\/ae01.alicdn.com\/kf\/S8a61228b65ff4aed8175e7b0388cd402B\/COLMI-P76-1-96-Outdoor-Military-Smartwatch-Men-Bluetooth-Call-Smart-Watch-3ATM-IP68-Waterproof-Sports.jpg?fit=800%2C800&ssl=1&resize=700%2C400 2x"},"classes":[]}],"_links":{"self":[{"href":"https:\/\/bonprix-dz.com\/index.php?rest_route=\/wp\/v2\/product\/5066","targetHints":{"allow":["GET"]}}],"collection":[{"href":"https:\/\/bonprix-dz.com\/index.php?rest_route=\/wp\/v2\/product"}],"about":[{"href":"https:\/\/bonprix-dz.com\/index.php?rest_route=\/wp\/v2\/types\/product"}],"replies":[{"embeddable":true,"href":"https:\/\/bonprix-dz.com\/index.php?rest_route=%2Fwp%2Fv2%2Fcomments&post=5066"}],"version-history":[{"count":2,"href":"https:\/\/bonprix-dz.com\/index.php?rest_route=\/wp\/v2\/product\/5066\/revisions"}],"predecessor-version":[{"id":5072,"href":"https:\/\/bonprix-dz.com\/index.php?rest_route=\/wp\/v2\/product\/5066\/revisions\/5072"}],"wp:featuredmedia":[{"embeddable":true,"href":"https:\/\/bonprix-dz.com\/index.php?rest_route=\/wp\/v2\/media\/5067"}],"wp:attachment":[{"href":"https:\/\/bonprix-dz.com\/index.php?rest_route=%2Fwp%2Fv2%2Fmedia&parent=5066"}],"wp:term":[{"taxonomy":"product_cat","embeddable":true,"href":"https:\/\/bonprix-dz.com\/index.php?rest_route=%2Fwp%2Fv2%2Fproduct_cat&post=5066"},{"taxonomy":"product_tag","embeddable":true,"href":"https:\/\/bonprix-dz.com\/index.php?rest_route=%2Fwp%2Fv2%2Fproduct_tag&post=5066"}],"curies":[{"name":"wp","href":"https:\/\/api.w.org\/{rel}","templated":true}]}}