{"id":5073,"date":"2025-04-11T18:27:28","date_gmt":"2025-04-11T18:27:28","guid":{"rendered":"https:\/\/bonprix-dz.com\/?post_type=product&#038;p=5073"},"modified":"2026-02-12T08:01:34","modified_gmt":"2026-02-12T08:01:34","slug":"monster-xkt16","status":"publish","type":"product","link":"https:\/\/bonprix-dz.com\/?product=monster-xkt16","title":{"rendered":"Monster XKT16"},"content":{"rendered":"<p align=\"left\"><strong id=\"tl_27\">Sp\u00e9cification<\/strong><\/p>\n<p align=\"left\"><span id=\"tl_28\">Mod\u00e8le: Monster XKT16<\/span><\/p>\n<p align=\"left\"><span id=\"tl_29\">Version Bluetooth: V5.3<\/span><\/p>\n<p align=\"left\"><span id=\"tl_30\">Parler unit\u00e9: 10 MM<\/span><\/p>\n<p align=\"left\"><span id=\"tl_31\">Capacit\u00e9 de la batterie: 30mAh<\/span><\/p>\n<p align=\"left\"><span id=\"tl_32\">Temps de musique: environ 4 heures (\u00e9couteurs)<\/span><\/p>\n<p align=\"left\"><span id=\"tl_33\">Temps de charge: Environ 1.5 heures (\u00e9couteurs)<\/span><\/p>\n<p align=\"left\"><span id=\"tl_34\">Distance de transmission: jusqu&#8217;\u00e0 10 m\u00e8tres\/33 pieds<\/span><\/p>\n<p align=\"left\"><span id=\"tl_35\" data-spm-anchor-id=\"a2g0o.detail.1000023.i0.670f4r9P4r9P92\">Capacit\u00e9 de la batterie du compartiment de charge: 300mAh\/3.7v<\/span><\/p>\n<p align=\"left\">\n<p align=\"left\"><strong id=\"tl_36\">Ce qu&#8217;il y a dans la bo\u00eete<\/strong><\/p>\n<p align=\"left\"><span id=\"tl_37\">2 x \u00e9couteurs Bluetooth<\/span><\/p>\n<p align=\"left\"><span id=\"tl_38\">1 x bo\u00eetier de charge<\/span><\/p>\n<p align=\"left\"><span id=\"tl_39\">1 x C\u00e2ble de charge<\/span><\/p>\n<p align=\"left\"><span id=\"tl_40\">1 x Manuel de l&#8217;utilisateur<\/span><\/p>\n","protected":false},"excerpt":{"rendered":"<p>Sp\u00e9cification Mod\u00e8le: Monster XKT16 Version Bluetooth: V5.3 Parler unit\u00e9: 10 MM Capacit\u00e9 de la batterie: 30mAh Temps de musique: environ<\/p>\n","protected":false},"featured_media":5077,"comment_status":"open","ping_status":"closed","template":"","meta":{"om_disable_all_campaigns":false,"_monsterinsights_skip_tracking":false,"_monsterinsights_sitenote_active":false,"_monsterinsights_sitenote_note":"","_monsterinsights_sitenote_category":0,"iawp_total_views":13},"product_cat":[42],"product_tag":[145],"class_list":{"0":"post-5073","1":"product","2":"type-product","3":"status-publish","4":"has-post-thumbnail","6":"product_cat-toys","7":"product_tag-monster","9":"first","10":"instock","11":"sale","12":"taxable","13":"shipping-taxable","14":"purchasable","15":"product-type-simple"},"aioseo_notices":[],"jetpack-related-posts":[{"id":3503,"url":"https:\/\/bonprix-dz.com\/?product=airpods-hoco-ew-43","url_meta":{"origin":5073,"position":0},"title":"Airpods HOCO EW 43","author":"bonprix-dz.com","date":"\u0646\u0648\u0641\u0645\u0628\u0631 11, 2023","format":false,"excerpt":"\u00c9couteurs sans fil EW42, TWS, BT v5.3, batterie d\u2019\u00e9couteurs 40 mAh pour 7 heures d\u2019utilisation, 200 heures en veille, avec \u00e9tui de charge 300 mAh. \u00a0 Description \u00a0 Temps d\u2019utilisation: 7 heures Temps de veille: 200 heures \u00c9couteurs st\u00e9r\u00e9o sans fil Bluetooth 5.3; Capacit\u00e9 de la batterie, compartiment de charge\u2026","rel":"","context":"\u062a\u062f\u0648\u064a\u0646\u0629 \u0645\u0634\u0627\u0628\u0647\u0629","block_context":{"text":"\u062a\u062f\u0648\u064a\u0646\u0629 \u0645\u0634\u0627\u0628\u0647\u0629","link":""},"img":{"alt_text":"","src":"https:\/\/i0.wp.com\/bonprix-dz.com\/wp-content\/uploads\/2023\/11\/3661208493.jpg?fit=800%2C800&ssl=1&resize=350%2C200","width":350,"height":200,"srcset":"https:\/\/i0.wp.com\/bonprix-dz.com\/wp-content\/uploads\/2023\/11\/3661208493.jpg?fit=800%2C800&ssl=1&resize=350%2C200 1x, https:\/\/i0.wp.com\/bonprix-dz.com\/wp-content\/uploads\/2023\/11\/3661208493.jpg?fit=800%2C800&ssl=1&resize=525%2C300 1.5x, https:\/\/i0.wp.com\/bonprix-dz.com\/wp-content\/uploads\/2023\/11\/3661208493.jpg?fit=800%2C800&ssl=1&resize=700%2C400 2x"},"classes":[]},{"id":3437,"url":"https:\/\/bonprix-dz.com\/?product=xiaomi-redmi-airdots-2","url_meta":{"origin":5073,"position":1},"title":"Xiaomi Redmi Airdots 2","author":"bonprix-dz.com","date":"\u0623\u0643\u062a\u0648\u0628\u0631 25, 2023","format":false,"excerpt":"Xiaomi Redmi Airdots 2 TWS \u00c9couteurs Bluetooth 5.0 Sp\u00e9cifications: Marque: Xiaomi Mod\u00e8le de Produit:\u00a0Xiaomi Redmi Airdots 2 Connexion sans fil: Bluetooth 5.0 Poids net Des \u00c9couteurs Simples:\u00a0Environ 4.1g Distance de Communication: 10 m\u00e8tres (Environnement Accessible) Double Casque Temps D'\u00e9coute en Continu: Environ 4 heures Dur\u00e9e de Veille des \u00c9couteurs: Environ\u2026","rel":"","context":"\u062a\u062f\u0648\u064a\u0646\u0629 \u0645\u0634\u0627\u0628\u0647\u0629","block_context":{"text":"\u062a\u062f\u0648\u064a\u0646\u0629 \u0645\u0634\u0627\u0628\u0647\u0629","link":""},"img":{"alt_text":"","src":"https:\/\/i0.wp.com\/bonprix-dz.com\/wp-content\/uploads\/2023\/10\/17753965561049214553.jpg?fit=960%2C960&ssl=1&resize=350%2C200","width":350,"height":200,"srcset":"https:\/\/i0.wp.com\/bonprix-dz.com\/wp-content\/uploads\/2023\/10\/17753965561049214553.jpg?fit=960%2C960&ssl=1&resize=350%2C200 1x, https:\/\/i0.wp.com\/bonprix-dz.com\/wp-content\/uploads\/2023\/10\/17753965561049214553.jpg?fit=960%2C960&ssl=1&resize=525%2C300 1.5x, https:\/\/i0.wp.com\/bonprix-dz.com\/wp-content\/uploads\/2023\/10\/17753965561049214553.jpg?fit=960%2C960&ssl=1&resize=700%2C400 2x"},"classes":[]},{"id":3356,"url":"https:\/\/bonprix-dz.com\/?product=lenovo-lp40-tws","url_meta":{"origin":5073,"position":2},"title":"Lenovo LP40 TWS","author":"bonprix-dz.com","date":"\u0623\u0643\u062a\u0648\u0628\u0631 6, 2023","format":false,"excerpt":"Caract\u00e9ristiques techniques : TYPE \u00c9couteurs Sans Fil MARQUE Lenovo R\u00c9F\u00c9RENCE LP40 COULEUR Blanc TEMPS DE TRAVAIL 4-6 heures PORT\u00c9E BLUETOOTH 10 m\u00e8tres MANI\u00c8RE DE CHARGE Type C CAPACIT\u00c9 DE LA BATTERIE Bo\u00eetier 300 mAh \/ Oreillettes 40 mAh DIMENSIONS Bo\u00eetier 10 x 8 x 4 cm \/ Oreillettes 8 x\u2026","rel":"","context":"\u062a\u062f\u0648\u064a\u0646\u0629 \u0645\u0634\u0627\u0628\u0647\u0629","block_context":{"text":"\u062a\u062f\u0648\u064a\u0646\u0629 \u0645\u0634\u0627\u0628\u0647\u0629","link":""},"img":{"alt_text":"","src":"https:\/\/i0.wp.com\/bonprix-dz.com\/wp-content\/uploads\/2023\/10\/2878012202028739447.jpg?fit=800%2C800&ssl=1&resize=350%2C200","width":350,"height":200,"srcset":"https:\/\/i0.wp.com\/bonprix-dz.com\/wp-content\/uploads\/2023\/10\/2878012202028739447.jpg?fit=800%2C800&ssl=1&resize=350%2C200 1x, https:\/\/i0.wp.com\/bonprix-dz.com\/wp-content\/uploads\/2023\/10\/2878012202028739447.jpg?fit=800%2C800&ssl=1&resize=525%2C300 1.5x, https:\/\/i0.wp.com\/bonprix-dz.com\/wp-content\/uploads\/2023\/10\/2878012202028739447.jpg?fit=800%2C800&ssl=1&resize=700%2C400 2x"},"classes":[]},{"id":3630,"url":"https:\/\/bonprix-dz.com\/?product=hoco-ew46","url_meta":{"origin":5073,"position":3},"title":"Hoco EW46","author":"bonprix-dz.com","date":"\u0641\u0628\u0631\u0627\u064a\u0631 17, 2024","format":false,"excerpt":"\u00c9couteurs Sans Fil EW46 TWS Bluetooth 5.3 forme de Chat. Les \u00e9couteurs Bluetooth TWS\u00a0 de hoco offrent un son net et tenace. Capacit\u00e9 de la batterie : \u00e9tui de charge 350 mAh, casque 35 mAh. Prise en charge de la fen\u00eatre contextuelle POP-UP.","rel":"","context":"\u062a\u062f\u0648\u064a\u0646\u0629 \u0645\u0634\u0627\u0628\u0647\u0629","block_context":{"text":"\u062a\u062f\u0648\u064a\u0646\u0629 \u0645\u0634\u0627\u0628\u0647\u0629","link":""},"img":{"alt_text":"","src":"https:\/\/i0.wp.com\/bonprix-dz.com\/wp-content\/uploads\/2024\/02\/bonp.png?fit=497%2C493&ssl=1&resize=350%2C200","width":350,"height":200},"classes":[]},{"id":4014,"url":"https:\/\/bonprix-dz.com\/?product=hoco-eq1","url_meta":{"origin":5073,"position":4},"title":"HOCO-EQ1","author":"bonprix-dz.com","date":"\u0645\u0627\u064a\u0648 24, 2024","format":false,"excerpt":"Bluetooth 5.3: B\u00e9n\u00e9ficiez d\u2019une connectivit\u00e9 sans fil rapide et stable pour une exp\u00e9rience audio in\u00e9gal\u00e9e. Autonomie Impressionnante: La batterie int\u00e9gr\u00e9e de 40mAh dans chaque \u00e9couteur garantit jusqu\u2019\u00e0 7 heures d\u2019utilisation continue.\u00a0 Le bo\u00eetier de charge compact de 400mAh prolonge cette autonomie, offrant une dur\u00e9e totale de lecture de 180 heures.\u2026","rel":"","context":"\u062a\u062f\u0648\u064a\u0646\u0629 \u0645\u0634\u0627\u0628\u0647\u0629","block_context":{"text":"\u062a\u062f\u0648\u064a\u0646\u0629 \u0645\u0634\u0627\u0628\u0647\u0629","link":""},"img":{"alt_text":"","src":"https:\/\/i0.wp.com\/bonprix-dz.com\/wp-content\/uploads\/2024\/05\/8291009501624525956.jpg?fit=960%2C960&ssl=1&resize=350%2C200","width":350,"height":200,"srcset":"https:\/\/i0.wp.com\/bonprix-dz.com\/wp-content\/uploads\/2024\/05\/8291009501624525956.jpg?fit=960%2C960&ssl=1&resize=350%2C200 1x, https:\/\/i0.wp.com\/bonprix-dz.com\/wp-content\/uploads\/2024\/05\/8291009501624525956.jpg?fit=960%2C960&ssl=1&resize=525%2C300 1.5x, https:\/\/i0.wp.com\/bonprix-dz.com\/wp-content\/uploads\/2024\/05\/8291009501624525956.jpg?fit=960%2C960&ssl=1&resize=700%2C400 2x"},"classes":[]},{"id":3126,"url":"https:\/\/bonprix-dz.com\/?product=ecouteurs-bluetooth-e90","url_meta":{"origin":5073,"position":5},"title":"Ecouteurs bluetooth E90","author":"bonprix-dz.com","date":"\u0633\u0628\u062a\u0645\u0628\u0631 15, 2023","format":false,"excerpt":"\u0646\u0638\u0631\u0629 \u0639\u0627\u0645\u0629 \u063a\u0631\u0636: \u0633\u0645\u0627\u0639\u0629 \u0623\u0630\u0646 Essager E90 TWS \u0628\u0644\u0648\u062a\u0648\u062b 5.3 1. \u0634\u0631\u064a\u062d\u0629 \u0628\u0644\u0648\u062a\u0648\u062b 5.3\u060c \u0633\u0631\u0639\u0629 \u0646\u0642\u0644 \u0623\u0633\u0631\u0639\u060c \u0645\u0633\u0627\u0641\u0629 \u0646\u0642\u0644 \u0623\u0637\u0648\u0644\u060c \u0645\u0633\u062a\u0642\u0631\u0629 \u0648\u0645\u0636\u0627\u062f\u0629 \u0644\u0644\u062a\u062f\u062e\u0644. 2. \u0645\u0644\u0641 \u062f\u064a\u0646\u0627\u0645\u064a\u0643\u064a \u0643\u0628\u064a\u0631 \u0645\u0642\u0627\u0633 13 \u0645\u0645\u060c \u0633\u062a\u064a\u0631\u064a\u0648 \u062b\u0646\u0627\u0626\u064a \u0627\u0644\u0642\u0646\u0627\u0629 \u062f\u0627\u062e\u0644 \u0627\u0644\u0623\u0630\u0646\u060c \u064a\u062f\u0639\u0645 \u0641\u0643 \u0627\u0644\u062a\u0634\u0641\u064a\u0631 \u0639\u0627\u0644\u064a \u0627\u0644\u0648\u0636\u0648\u062d AAC\/SBC. 3. \u0627\u0644\u062a\u062d\u0643\u0645 \u0628\u0627\u0644\u0644\u0645\u0633\u060c \u0648\u062f\u0639\u0645 \u0639\u0631\u0636 \u0627\u0644\u0637\u0627\u0642\u0629. 4. \u0635\u063a\u064a\u0631\u0629 \u0648\u0635\u063a\u064a\u0631\u0629\u060c\u2026","rel":"","context":"\u062a\u062f\u0648\u064a\u0646\u0629 \u0645\u0634\u0627\u0628\u0647\u0629","block_context":{"text":"\u062a\u062f\u0648\u064a\u0646\u0629 \u0645\u0634\u0627\u0628\u0647\u0629","link":""},"img":{"alt_text":"","src":"https:\/\/i0.wp.com\/bonprix-dz.com\/wp-content\/uploads\/2023\/09\/VAORLO-E90-TWS-fone-de-ouvido-com-microfone-fone-de-ouvido-sem-fio-com-estojo-de.jpg?fit=800%2C800&ssl=1&resize=350%2C200","width":350,"height":200,"srcset":"https:\/\/i0.wp.com\/bonprix-dz.com\/wp-content\/uploads\/2023\/09\/VAORLO-E90-TWS-fone-de-ouvido-com-microfone-fone-de-ouvido-sem-fio-com-estojo-de.jpg?fit=800%2C800&ssl=1&resize=350%2C200 1x, https:\/\/i0.wp.com\/bonprix-dz.com\/wp-content\/uploads\/2023\/09\/VAORLO-E90-TWS-fone-de-ouvido-com-microfone-fone-de-ouvido-sem-fio-com-estojo-de.jpg?fit=800%2C800&ssl=1&resize=525%2C300 1.5x, https:\/\/i0.wp.com\/bonprix-dz.com\/wp-content\/uploads\/2023\/09\/VAORLO-E90-TWS-fone-de-ouvido-com-microfone-fone-de-ouvido-sem-fio-com-estojo-de.jpg?fit=800%2C800&ssl=1&resize=700%2C400 2x"},"classes":[]}],"_links":{"self":[{"href":"https:\/\/bonprix-dz.com\/index.php?rest_route=\/wp\/v2\/product\/5073","targetHints":{"allow":["GET"]}}],"collection":[{"href":"https:\/\/bonprix-dz.com\/index.php?rest_route=\/wp\/v2\/product"}],"about":[{"href":"https:\/\/bonprix-dz.com\/index.php?rest_route=\/wp\/v2\/types\/product"}],"replies":[{"embeddable":true,"href":"https:\/\/bonprix-dz.com\/index.php?rest_route=%2Fwp%2Fv2%2Fcomments&post=5073"}],"version-history":[{"count":1,"href":"https:\/\/bonprix-dz.com\/index.php?rest_route=\/wp\/v2\/product\/5073\/revisions"}],"predecessor-version":[{"id":5080,"href":"https:\/\/bonprix-dz.com\/index.php?rest_route=\/wp\/v2\/product\/5073\/revisions\/5080"}],"wp:featuredmedia":[{"embeddable":true,"href":"https:\/\/bonprix-dz.com\/index.php?rest_route=\/wp\/v2\/media\/5077"}],"wp:attachment":[{"href":"https:\/\/bonprix-dz.com\/index.php?rest_route=%2Fwp%2Fv2%2Fmedia&parent=5073"}],"wp:term":[{"taxonomy":"product_cat","embeddable":true,"href":"https:\/\/bonprix-dz.com\/index.php?rest_route=%2Fwp%2Fv2%2Fproduct_cat&post=5073"},{"taxonomy":"product_tag","embeddable":true,"href":"https:\/\/bonprix-dz.com\/index.php?rest_route=%2Fwp%2Fv2%2Fproduct_tag&post=5073"}],"curies":[{"name":"wp","href":"https:\/\/api.w.org\/{rel}","templated":true}]}}