{"id":5083,"date":"2025-05-06T19:04:39","date_gmt":"2025-05-06T19:04:39","guid":{"rendered":"https:\/\/bonprix-dz.com\/?post_type=product&#038;p=5083"},"modified":"2025-05-06T19:04:39","modified_gmt":"2025-05-06T19:04:39","slug":"sony-2000gb","status":"publish","type":"product","link":"https:\/\/bonprix-dz.com\/?product=sony-2000gb","title":{"rendered":"SONY 2000GB"},"content":{"rendered":"<p align=\"start\"><strong><span data-spm-anchor-id=\"a2g0o.detail.1000023.i0.4571IktTIktTHc\">Sp\u00e9cifications :<\/span><\/strong><\/p>\n<p align=\"start\">1.Interface : USB 3.0;<\/p>\n<p align=\"start\">2. Connexion USB, prise en charge plug and play ;<\/p>\n<p align=\"start\">3. Tension de service USB : 4,5 v-5,5 v ;<\/p>\n<p align=\"start\">4.Aucune alimentation externe requise ;<\/p>\n<p align=\"start\">5.Prend en charge plusieurs syst\u00e8mes d&#8217;exploitation ; Win98\/ME\/2000\/xp\/visa\/win7\/win8.Mac OS 9.x\/Linux 2.4 ou sup\u00e9rieur ;<\/p>\n<p align=\"start\">7.Stockage \u00e0 semi-conducteurs, antichoc, anti-\u00e9lectromagn\u00e9tique ;<\/p>\n<p align=\"start\">8. lieu d&#8217;\u00e9criture\/protection ;<\/p>\n<p align=\"start\">9.Stockage de donn\u00e9es persistant ;<\/p>\n<p align=\"start\">10.La vitesse d&#8217;\u00e9criture de transmission est rapide\/est lue et lue \u00e0 grande vitesse, aucun entra\u00eenement\/alimentation par impulsion n&#8217;a besoin que d&#8217;\u00eatre activ\u00e9 ;<\/p>\n<p align=\"start\">11.Configuration mat\u00e9rielle requise : PC, ordinateur portable et Mac avec connexion USB ;<\/p>\n<p align=\"start\">12.Dur\u00e9e de stockage : plus de 10 ans ; Le capot de classe peut \u00eatre effac\u00e9100000 fois;<\/p>\n<p align=\"start\" data-spm-anchor-id=\"a2g0o.detail.1000023.i1.4571IktTIktTHc\">Remarque :<\/p>\n<p align=\"start\">* Pour \u00e9viter la perte de donn\u00e9es ou les dommages m\u00e9caniques, n&#8217;allumez pas l&#8217;ordinateur et n&#8217;\u00e9teignez pas la cl\u00e9 USB pendant la transmission.<\/p>\n<p align=\"start\">* Veuillez ne pas retirer votre cl\u00e9 USB pendant son utilisation, sinon vos donn\u00e9es pourraient \u00eatre perdues.<\/p>\n<p align=\"start\">* Apr\u00e8s avoir utilis\u00e9 la cl\u00e9 USB, il est pr\u00e9f\u00e9rable de la retirer.Cela contribuera \u00e0 prolonger votre dur\u00e9e de vie de stockage.<\/p>\n<p align=\"start\">* Veuillez ne pas formater votre disque U USB couramment utilis\u00e9, sinon il est facile d&#8217;endommager le disque U.<\/p>\n<p align=\"start\">En raison des diff\u00e9rents affichages et effets d&#8217;\u00e9clairage, la couleur r\u00e9elle du produit peut \u00eatre l\u00e9g\u00e8rement diff\u00e9rente de la plupart des produits.<\/p>\n","protected":false},"excerpt":{"rendered":"<p>Sp\u00e9cifications : 1.Interface : USB 3.0; 2. Connexion USB, prise en charge plug and play ; 3. Tension de service<\/p>\n","protected":false},"featured_media":5090,"comment_status":"open","ping_status":"closed","template":"","meta":{"om_disable_all_campaigns":false,"_monsterinsights_skip_tracking":false,"_monsterinsights_sitenote_active":false,"_monsterinsights_sitenote_note":"","_monsterinsights_sitenote_category":0,"iawp_total_views":8},"product_cat":[15],"product_tag":[147],"class_list":{"0":"post-5083","1":"product","2":"type-product","3":"status-publish","4":"has-post-thumbnail","6":"product_cat-promotion","7":"product_tag-sony","9":"first","10":"instock","11":"taxable","12":"shipping-taxable","13":"purchasable","14":"product-type-simple"},"aioseo_notices":[],"jetpack-related-posts":[{"id":3745,"url":"https:\/\/bonprix-dz.com\/?product=cable-de-charge-hoco-x37-micro-usb-iphone-ios-blanc","url_meta":{"origin":5083,"position":0},"title":"C\u00e2ble de charge Hoco X37 Micro USB, Iphone IOS, Blanc","author":"bonprix-dz.com","date":"\u0645\u0627\u0631\u0633 2, 2024","format":false,"excerpt":"Conception anti-courbure Prend en charge la charge rapide avec une alimentation puissante C\u00e2bles sont en blanc Produits Hoco Connecteur d\u2019entr\u00e9e : Micro USB, Iphone Courant : jusqu\u2019\u00e0 2,4 A (Micro USB, Iphone- IOS) Courant : jusqu\u2019\u00e0 3,0 A (Pour Iphone) Longueur du c\u00e2ble : 1 m","rel":"","context":"\u062a\u062f\u0648\u064a\u0646\u0629 \u0645\u0634\u0627\u0628\u0647\u0629","block_context":{"text":"\u062a\u062f\u0648\u064a\u0646\u0629 \u0645\u0634\u0627\u0628\u0647\u0629","link":""},"img":{"alt_text":"","src":"https:\/\/i0.wp.com\/bonprix-dz.com\/wp-content\/uploads\/2024\/03\/hoco-ns2-power-strip-with-extension-cable-3-socket-eu-ger-packaging-black-3.jpg?fit=800%2C800&ssl=1&resize=350%2C200","width":350,"height":200,"srcset":"https:\/\/i0.wp.com\/bonprix-dz.com\/wp-content\/uploads\/2024\/03\/hoco-ns2-power-strip-with-extension-cable-3-socket-eu-ger-packaging-black-3.jpg?fit=800%2C800&ssl=1&resize=350%2C200 1x, https:\/\/i0.wp.com\/bonprix-dz.com\/wp-content\/uploads\/2024\/03\/hoco-ns2-power-strip-with-extension-cable-3-socket-eu-ger-packaging-black-3.jpg?fit=800%2C800&ssl=1&resize=525%2C300 1.5x, https:\/\/i0.wp.com\/bonprix-dz.com\/wp-content\/uploads\/2024\/03\/hoco-ns2-power-strip-with-extension-cable-3-socket-eu-ger-packaging-black-3.jpg?fit=800%2C800&ssl=1&resize=700%2C400 2x"},"classes":[]},{"id":5050,"url":"https:\/\/bonprix-dz.com\/?product=modio-st11","url_meta":{"origin":5083,"position":1},"title":"Modio ST11","author":"bonprix-dz.com","date":"\u0623\u0628\u0631\u064a\u0644 10, 2025","format":false,"excerpt":"D\u00e9couvrez la\u00a0Modio ST11, une montre connect\u00e9e alliant technologie avanc\u00e9e et design \u00e9l\u00e9gant. Avec ses 4 Go de RAM et 64 Go de stockage interne, elle offre des performances fluides et une capacit\u00e9 de stockage g\u00e9n\u00e9reuse pour toutes vos applications et fichiers. Son \u00e9cran de 2,2 pouces assure une visibilit\u00e9 claire\u2026","rel":"","context":"\u062a\u062f\u0648\u064a\u0646\u0629 \u0645\u0634\u0627\u0628\u0647\u0629","block_context":{"text":"\u062a\u062f\u0648\u064a\u0646\u0629 \u0645\u0634\u0627\u0628\u0647\u0629","link":""},"img":{"alt_text":"","src":"https:\/\/i0.wp.com\/bonprix-dz.com\/wp-content\/uploads\/2025\/04\/ABUIABACGAAgh4P_tAYo2N2ViwcwoAY4oAY.jpg?fit=800%2C800&ssl=1&resize=350%2C200","width":350,"height":200,"srcset":"https:\/\/i0.wp.com\/bonprix-dz.com\/wp-content\/uploads\/2025\/04\/ABUIABACGAAgh4P_tAYo2N2ViwcwoAY4oAY.jpg?fit=800%2C800&ssl=1&resize=350%2C200 1x, https:\/\/i0.wp.com\/bonprix-dz.com\/wp-content\/uploads\/2025\/04\/ABUIABACGAAgh4P_tAYo2N2ViwcwoAY4oAY.jpg?fit=800%2C800&ssl=1&resize=525%2C300 1.5x, https:\/\/i0.wp.com\/bonprix-dz.com\/wp-content\/uploads\/2025\/04\/ABUIABACGAAgh4P_tAYo2N2ViwcwoAY4oAY.jpg?fit=800%2C800&ssl=1&resize=700%2C400 2x"},"classes":[]},{"id":3695,"url":"https:\/\/bonprix-dz.com\/?product=hoco-38w-usb-c-port-car-charger-fast-charge-z52","url_meta":{"origin":5083,"position":2},"title":"Hoco 38W USB-C Port Car Charger Fast Charge Z52","author":"bonprix-dz.com","date":"\u0645\u0627\u0631\u0633 1, 2024","format":false,"excerpt":"High-Powered USB-C Charging: The Hoco Z52 Car Charger is a dynamic solution for your on-the-go charging needs. With a robust 38W output, it delivers rapid charging through its USB-C port. USB-C Power Delivery (PD): The USB-C PD technology ensures that your compatible devices receive the fastest and most efficient charging\u2026","rel":"","context":"\u062a\u062f\u0648\u064a\u0646\u0629 \u0645\u0634\u0627\u0628\u0647\u0629","block_context":{"text":"\u062a\u062f\u0648\u064a\u0646\u0629 \u0645\u0634\u0627\u0628\u0647\u0629","link":""},"img":{"alt_text":"","src":"https:\/\/i0.wp.com\/bonprix-dz.com\/wp-content\/uploads\/2024\/03\/9-1000x1000-1.jpg?fit=1000%2C1000&ssl=1&resize=350%2C200","width":350,"height":200,"srcset":"https:\/\/i0.wp.com\/bonprix-dz.com\/wp-content\/uploads\/2024\/03\/9-1000x1000-1.jpg?fit=1000%2C1000&ssl=1&resize=350%2C200 1x, https:\/\/i0.wp.com\/bonprix-dz.com\/wp-content\/uploads\/2024\/03\/9-1000x1000-1.jpg?fit=1000%2C1000&ssl=1&resize=525%2C300 1.5x, https:\/\/i0.wp.com\/bonprix-dz.com\/wp-content\/uploads\/2024\/03\/9-1000x1000-1.jpg?fit=1000%2C1000&ssl=1&resize=700%2C400 2x"},"classes":[]},{"id":5003,"url":"https:\/\/bonprix-dz.com\/?product=usams-usb-gan-charger-35w-type-c-pd-fast-phone-charger-built-in-quick-charge-cable-eu-plug-for-iphone-15-pro-max-xiaomi-samsung","url_meta":{"origin":5083,"position":3},"title":"USAMS USB GaN Charger 35W Type C PD Fast Phone Charger Built in Quick Charge Cable EU Plug for iPhone 15  Pro Max Xiaomi Samsung","author":"bonprix-dz.com","date":"\u0641\u0628\u0631\u0627\u064a\u0631 25, 2025","format":false,"excerpt":"This video is from youtube blogger TechnoMishka Input 100-240V 50\/60Hz 2A(Max) Output Type C Cable Output: 5V\/3A; 9V\/3A; 12V\/2.9A; 15V\/2.33A; 20V\/1.75A; Type C Port Output: 5V\/3A; 9V\/3A; 12V\/2.9A; 15V\/2.33A; 20V\/1.75A; PPS: 3.3V-11A\/3A; Type C Cable +Type C Port Output: 17.5W+17.5W Size Size: 51*51*94mm; Weight: About 134g; Cable Length: About 80cm;","rel":"","context":"\u062a\u062f\u0648\u064a\u0646\u0629 \u0645\u0634\u0627\u0628\u0647\u0629","block_context":{"text":"\u062a\u062f\u0648\u064a\u0646\u0629 \u0645\u0634\u0627\u0628\u0647\u0629","link":""},"img":{"alt_text":"USAMS USB GaN Charger 35W Type C PD Fast Phone Charger Built in Quick Charge Cable EU Plug for iPhone 15  Pro Max Xiaomi Samsung 1","src":"https:\/\/i0.wp.com\/ae01.alicdn.com\/kf\/S59ae32456a004e689095ae982e0a68b2e\/USAMS-USB-GaN-Charger-35W-Type-C-PD-Fast-Phone-Charger-Built-in-Quick-Charge-Cable.jpg?fit=800%2C800&ssl=1&resize=350%2C200","width":350,"height":200,"srcset":"https:\/\/i0.wp.com\/ae01.alicdn.com\/kf\/S59ae32456a004e689095ae982e0a68b2e\/USAMS-USB-GaN-Charger-35W-Type-C-PD-Fast-Phone-Charger-Built-in-Quick-Charge-Cable.jpg?fit=800%2C800&ssl=1&resize=350%2C200 1x, https:\/\/i0.wp.com\/ae01.alicdn.com\/kf\/S59ae32456a004e689095ae982e0a68b2e\/USAMS-USB-GaN-Charger-35W-Type-C-PD-Fast-Phone-Charger-Built-in-Quick-Charge-Cable.jpg?fit=800%2C800&ssl=1&resize=525%2C300 1.5x, https:\/\/i0.wp.com\/ae01.alicdn.com\/kf\/S59ae32456a004e689095ae982e0a68b2e\/USAMS-USB-GaN-Charger-35W-Type-C-PD-Fast-Phone-Charger-Built-in-Quick-Charge-Cable.jpg?fit=800%2C800&ssl=1&resize=700%2C400 2x"},"classes":[]},{"id":3820,"url":"https:\/\/bonprix-dz.com\/?product=hoco-x86","url_meta":{"origin":5083,"position":4},"title":"Hoco X86","author":"bonprix-dz.com","date":"\u0645\u0627\u0631\u0633 21, 2024","format":false,"excerpt":"X86 Spear, c\u00e2ble de donn\u00e9es de charge USB vers Type-C, alliage de silicone et d\u2019aluminium, courant jusqu\u2019\u00e0 3 A 1. Longueur : 1 m.\u00a0Poids : 24g. 2. Mat\u00e9riau ext\u00e9rieur : silicone. 3. Mat\u00e9riau du joint : alliage d\u2019aluminium. 4. Noyau : (43\/0.08)*2+(13\/0.08)*2 OD3.5mm. 5. Courant jusqu\u2019\u00e0 3A.","rel":"","context":"\u062a\u062f\u0648\u064a\u0646\u0629 \u0645\u0634\u0627\u0628\u0647\u0629","block_context":{"text":"\u062a\u062f\u0648\u064a\u0646\u0629 \u0645\u0634\u0627\u0628\u0647\u0629","link":""},"img":{"alt_text":"","src":"https:\/\/i0.wp.com\/bonprix-dz.com\/wp-content\/uploads\/2024\/03\/1-13.jpg?fit=800%2C800&ssl=1&resize=350%2C200","width":350,"height":200,"srcset":"https:\/\/i0.wp.com\/bonprix-dz.com\/wp-content\/uploads\/2024\/03\/1-13.jpg?fit=800%2C800&ssl=1&resize=350%2C200 1x, https:\/\/i0.wp.com\/bonprix-dz.com\/wp-content\/uploads\/2024\/03\/1-13.jpg?fit=800%2C800&ssl=1&resize=525%2C300 1.5x, https:\/\/i0.wp.com\/bonprix-dz.com\/wp-content\/uploads\/2024\/03\/1-13.jpg?fit=800%2C800&ssl=1&resize=700%2C400 2x"},"classes":[]},{"id":4636,"url":"https:\/\/bonprix-dz.com\/?product=mecha-cable-67w","url_meta":{"origin":5083,"position":5},"title":"Mecha C\u00e2ble 67W","author":"bonprix-dz.com","date":"\u0646\u0648\u0641\u0645\u0628\u0631 7, 2024","format":false,"excerpt":"Nom:C\u00e2ble de donn\u00e9es \u00e0 charge rapide 65W 4 en 1 Longueur: 120cm Couleur: noir jaune Noyau: 40*2, 10*3 (140 pi\u00e8ces) Mat\u00e9riau: Nylon tiss\u00e9 Fonction: prend en charge l'iPhone 15\/transfert de donn\u00e9es Type d'interface: USB\/TYPE-C 65W\/foudre 27W","rel":"","context":"\u062a\u062f\u0648\u064a\u0646\u0629 \u0645\u0634\u0627\u0628\u0647\u0629","block_context":{"text":"\u062a\u062f\u0648\u064a\u0646\u0629 \u0645\u0634\u0627\u0628\u0647\u0629","link":""},"img":{"alt_text":"","src":"https:\/\/i0.wp.com\/bonprix-dz.com\/wp-content\/uploads\/2024\/11\/Sce2c809fe2b049c992d8e4094e81941a7.avif?resize=350%2C200&ssl=1","width":350,"height":200,"srcset":"https:\/\/i0.wp.com\/bonprix-dz.com\/wp-content\/uploads\/2024\/11\/Sce2c809fe2b049c992d8e4094e81941a7.avif?resize=350%2C200&ssl=1 1x, https:\/\/i0.wp.com\/bonprix-dz.com\/wp-content\/uploads\/2024\/11\/Sce2c809fe2b049c992d8e4094e81941a7.avif?resize=525%2C300&ssl=1 1.5x, https:\/\/i0.wp.com\/bonprix-dz.com\/wp-content\/uploads\/2024\/11\/Sce2c809fe2b049c992d8e4094e81941a7.avif?resize=700%2C400&ssl=1 2x"},"classes":[]}],"_links":{"self":[{"href":"https:\/\/bonprix-dz.com\/index.php?rest_route=\/wp\/v2\/product\/5083","targetHints":{"allow":["GET"]}}],"collection":[{"href":"https:\/\/bonprix-dz.com\/index.php?rest_route=\/wp\/v2\/product"}],"about":[{"href":"https:\/\/bonprix-dz.com\/index.php?rest_route=\/wp\/v2\/types\/product"}],"replies":[{"embeddable":true,"href":"https:\/\/bonprix-dz.com\/index.php?rest_route=%2Fwp%2Fv2%2Fcomments&post=5083"}],"version-history":[{"count":1,"href":"https:\/\/bonprix-dz.com\/index.php?rest_route=\/wp\/v2\/product\/5083\/revisions"}],"predecessor-version":[{"id":5091,"href":"https:\/\/bonprix-dz.com\/index.php?rest_route=\/wp\/v2\/product\/5083\/revisions\/5091"}],"wp:featuredmedia":[{"embeddable":true,"href":"https:\/\/bonprix-dz.com\/index.php?rest_route=\/wp\/v2\/media\/5090"}],"wp:attachment":[{"href":"https:\/\/bonprix-dz.com\/index.php?rest_route=%2Fwp%2Fv2%2Fmedia&parent=5083"}],"wp:term":[{"taxonomy":"product_cat","embeddable":true,"href":"https:\/\/bonprix-dz.com\/index.php?rest_route=%2Fwp%2Fv2%2Fproduct_cat&post=5083"},{"taxonomy":"product_tag","embeddable":true,"href":"https:\/\/bonprix-dz.com\/index.php?rest_route=%2Fwp%2Fv2%2Fproduct_tag&post=5083"}],"curies":[{"name":"wp","href":"https:\/\/api.w.org\/{rel}","templated":true}]}}